{"id":27556,"date":"2026-02-20T17:27:18","date_gmt":"2026-02-20T17:27:18","guid":{"rendered":"https:\/\/comprasyconsejos.store\/product\/external-hard-drive-500gb-2-5-usb-3-0-ultra-slim-portable-hdd-compatible-for-pc-mac-macbook-ps4-xbox-tv-wii-u-super-fast-transmission-external-memory\/"},"modified":"2026-02-20T17:27:21","modified_gmt":"2026-02-20T17:27:21","slug":"external-hard-drive-500gb-2-5-usb-3-0-ultra-slim-portable-hdd-compatible-for-pc-mac-macbook-ps4-xbox-tv-wii-u-super-fast-transmission-external-memory","status":"publish","type":"product","link":"https:\/\/comprasyconsejos.store\/en\/product\/external-hard-drive-500gb-2-5-usb-3-0-ultra-slim-portable-hdd-compatible-for-pc-mac-macbook-ps4-xbox-tv-wii-u-super-fast-transmission-external-memory\/","title":{"rendered":"External Hard Drive 500GB 2.5\u00bb USB 3.0 Ultra Slim Portable HDD Compatible for PC, Mac, Macbook, PS4, Xbox, TV, Wii U, Super Fast Transmission External Memory"},"content":{"rendered":"<p>Price: <span style=\"color:#b12704\">\u20ac29.99<\/span><br \/><i><small>(as of Feb 20, 2026 17:27:18 UTC &#8211; <span class=\"wp_automatic_amazon_disclaimer\" title=\"Product prices and availability are accurate as of the date\/time indicated and are subject to change. Any price and availability information displayed on [relevant Amazon Site(s), as applicable] at the time of purchase will apply to the purchase of this product.\">Details<\/span>)<\/small><\/i><\/p>\n<p><a href=\"https:\/\/amazon.es\/dp\/B0CF4SQY1X?tag=man008-21\"><img decoding=\"async\" src=\"https:\/\/valvepress.s3.amazonaws.com\/imgs\/buy_now.png\"><\/a><br \/>\n<\/p>\n<p>                                             From the brand   <\/p>\n<p>                                              <img decoding=\"async\" alt=\"\" src=\"https:\/\/images-na.ssl-images-amazon.com\/images\/G\/01\/x-locale\/common\/grey-pixel.gif\" class=\"a-lazy-loaded\" data-src=\"https:\/\/m.media-amazon.com\/images\/S\/aplus-media-library-service-media\/260572f5-901d-4689-a5c5-c2fb585648f0.__CR0,0,1464,625_PT0_SX1464_V1___.jpg\"><img decoding=\"async\" alt=\"\" src=\"https:\/\/m.media-amazon.com\/images\/S\/aplus-media-library-service-media\/260572f5-901d-4689-a5c5-c2fb585648f0.__CR0,0,1464,625_PT0_SX1464_V1___.jpg\">  <\/p>\n<h3> Acerca de AIOLO INNOVATION <\/h3>\n<p> Ofrecer productos con la calidad, el servicio y el valor que exigen los consumidores <\/p>\n<p>                                              <img decoding=\"async\" alt=\"\" src=\"https:\/\/images-na.ssl-images-amazon.com\/images\/G\/01\/x-locale\/common\/grey-pixel.gif\" class=\"a-lazy-loaded\" data-src=\"https:\/\/m.media-amazon.com\/images\/S\/aplus-media-library-service-media\/8494efa7-1461-4065-bba4-cc54b868bb0d.__CR0,0,315,145_PT0_SX315_V1___.jpg\"><img decoding=\"async\" alt=\"\" src=\"https:\/\/m.media-amazon.com\/images\/S\/aplus-media-library-service-media\/8494efa7-1461-4065-bba4-cc54b868bb0d.__CR0,0,315,145_PT0_SX315_V1___.jpg\">  <\/p>\n<p>AIOLO INNOVATION establecido en el coraz\u00f3n de Silicon Valley (Sunnyvale) California, EE.UU., con la misi\u00f3n principal de ofrecer alta tecnolog\u00eda y productos fiables a los clientes en todo el mundo.AIOLO INNOVATION ofrece productos con la calidad, el servicio y el valor que los consumidores demandan.El\u00edjanos para darle el mejor servicio, creemos que su sonrisa es la mejor respuesta para nosotros.     <\/p>\n<p>                                              <img decoding=\"async\" alt=\"\" src=\"https:\/\/images-na.ssl-images-amazon.com\/images\/G\/01\/x-locale\/common\/grey-pixel.gif\" class=\"a-lazy-loaded\" data-src=\"https:\/\/m.media-amazon.com\/images\/S\/aplus-media-library-service-media\/5e495780-962f-46de-a160-119fd51de249.__CR0,0,362,453_PT0_SX362_V1___.jpg\"><img decoding=\"async\" alt=\"\" src=\"https:\/\/m.media-amazon.com\/images\/S\/aplus-media-library-service-media\/5e495780-962f-46de-a160-119fd51de249.__CR0,0,362,453_PT0_SX362_V1___.jpg\">  <\/p>\n<h3> Para todas las necesidades <\/h3>\n<\/p>\n<p>2 modelos y 7 ertra-large capacidad para que usted elija.Compatible con PC,Mac,Port\u00e1til,PS4,Xbox one,Xbox.     <\/p>\n<p>                                              <img decoding=\"async\" alt=\"\" src=\"https:\/\/images-na.ssl-images-amazon.com\/images\/G\/01\/x-locale\/common\/grey-pixel.gif\" class=\"a-lazy-loaded\" data-src=\"https:\/\/m.media-amazon.com\/images\/S\/aplus-media-library-service-media\/21fbf5d0-ffc5-4f44-8554-242e174c79fe.__CR0,0,362,453_PT0_SX362_V1___.jpg\"><img decoding=\"async\" alt=\"\" src=\"https:\/\/m.media-amazon.com\/images\/S\/aplus-media-library-service-media\/21fbf5d0-ffc5-4f44-8554-242e174c79fe.__CR0,0,362,453_PT0_SX362_V1___.jpg\">  <\/p>\n<h3> Transmisi\u00f3n ultrarr\u00e1pida <\/h3>\n<\/p>\n<p>Equipado con tecnolog\u00eda USB3.0, es unas 10 veces m\u00e1s r\u00e1pido que el USB2.0 est\u00e1ndar, pero con la misma estabilidad.     <\/p>\n<p>                                              <img decoding=\"async\" alt=\"\" src=\"https:\/\/images-na.ssl-images-amazon.com\/images\/G\/01\/x-locale\/common\/grey-pixel.gif\" class=\"a-lazy-loaded\" data-src=\"https:\/\/m.media-amazon.com\/images\/S\/aplus-media-library-service-media\/5f61b3b7-d2b3-4974-8a10-d160882a4a1f.__CR0,0,362,453_PT0_SX362_V1___.jpg\"><img decoding=\"async\" alt=\"\" src=\"https:\/\/m.media-amazon.com\/images\/S\/aplus-media-library-service-media\/5f61b3b7-d2b3-4974-8a10-d160882a4a1f.__CR0,0,362,453_PT0_SX362_V1___.jpg\">  <\/p>\n<h3> Fuertemente antiinterferente <\/h3>\n<\/p>\n<p>Puede proteger tus datos contra la corriente y las interferencias electromagn\u00e9ticas.     <\/p>\n<p> Is discontinued by manufacturer                                            \u200f                                            :                                            \u200e                                            No   <br \/> Product Dimensions                                            \u200f                                            :                                            \u200e                                            1.27 x 11.58 x 8 cm; 220 g   <br \/> Manufacturer                                            \u200f                                            :                                            \u200e                                            Aiolo Innovation   <br \/> ASIN                                            \u200f                                            :                                            \u200e                                            B0CF4SQY1X   <br \/> Item model number                                            \u200f                                            :                                            \u200e                                            A4   <br \/> Country of origin                                            \u200f                                            :                                            \u200e                                            China   <br \/> Guaranteed software updates until                                            \u200f                                            :                                            \u200e                                            unknown   <br \/>  Customer reviews:                                                                                            4.4               4.4 out of 5 stars                                  (5,191)                                              var dpAcrHasRegisteredArcLinkClickAction;                    P.when(&#8216;A&#8217;, &#8216;ready&#8217;).execute(function(A) {                        if (dpAcrHasRegisteredArcLinkClickAction !== true) {                            dpAcrHasRegisteredArcLinkClickAction = true;                            A.declarative(                                &#8216;acrLink-click-metrics&#8217;, &#8216;click&#8217;,                                { \u00aballowLinkDefault\u00bb: true },                                function (event) {                                    if (window.ue) {                                        ue.count(\u00abacrLinkClickCount\u00bb, (ue.count(\u00abacrLinkClickCount\u00bb) || 0) + 1);                                    }                                }                            );                        }                    });                                             P.when(&#8216;A&#8217;, &#8216;cf&#8217;).execute(function(A) {                A.declarative(&#8216;acrStarsLink-click-metrics&#8217;, &#8216;click&#8217;, { \u00aballowLinkDefault\u00bb : true },  function(event){                    if(window.ue) {                        ue.count(\u00abacrStarsLinkWithPopoverClickCount\u00bb, (ue.count(\u00abacrStarsLinkWithPopoverClickCount\u00bb) || 0) + 1);                    }                });            });                          <\/p>\n<p>\u3010Compatibility\u3011Compatible with Windows\/Linux\/Mac\/Android\/PS4\/Xbox\/XboxOne\/Xbox360\/XboxOneGen9Aware, stable and fast download on consoles does not differ from fast transmission on PC.Compatible with USB-A and USB-C ports thanks to the included USB-A cable and adapter plug compatible with Type-C sockets<br \/>\u3010Ultra-thin and Quiet\u3011 The motherboard adopts a noise-free solution, providing you with a quiet working environment. Lightweight and portable size designed to fit in your pocket for easy carrying<br \/>\u3010Ultra Fast Data Transfers\u3011 The external hard drive is powered by USB 3.0 thickened copper cable to deliver super-fast transfer speeds. Theoretical read speed is 110MB\/s-133MB\/s and write speed is 103MB\/s.<br \/>\u3010Plug and Play\u3011No need to install any software, just plug it in and the unit is ready to use. The hard drive chip is wrapped with an anti-interference aluminum layer to increase heat dissipation and protect data<br \/>\u3010Package Contents\u3011 1 x Portable Hard Drive, 1 x USB 3.0 Cable, 1 x USB to Type C Adapter, 1 x User Manual, Shell Packaging<\/p>\n\n","protected":false},"excerpt":{"rendered":"<p> From the brand Acerca de AIOLO INNOVATION Ofrecer productos con la calidad, el servicio y<\/p>","protected":false},"featured_media":27557,"comment_status":"open","ping_status":"closed","template":"","meta":[],"product_brand":[],"product_cat":[76],"product_tag":[1515,1516,1348,201,1519,795,1476,1517,137,794,1514,1513,1522,1518,1520,774,160,511,290,1525,288,1521,256,3098,222,133,8094,1079],"class_list":{"0":"post-27556","1":"product","2":"type-product","3":"status-publish","4":"has-post-thumbnail","6":"product_cat-hdd-drive","7":"product_tag-1tb-hard-drive","8":"product_tag-2tb-hdd","9":"product_tag-500gb","10":"product_tag-compatible","11":"product_tag-desktop-hdd","12":"product_tag-drive","13":"product_tag-external","14":"product_tag-external-hard-drive","15":"product_tag-fast","16":"product_tag-hard","17":"product_tag-hard-drive","18":"product_tag-hdd","19":"product_tag-hdd-price","20":"product_tag-internal-hard-drive","21":"product_tag-laptop-hdd","22":"product_tag-mac","23":"product_tag-macbook","24":"product_tag-memory","25":"product_tag-portable","26":"product_tag-ps4","27":"product_tag-slim","28":"product_tag-storage-hard-drive","29":"product_tag-super","30":"product_tag-transmission","31":"product_tag-ultra","32":"product_tag-usb","33":"product_tag-wii","34":"product_tag-xbox","36":"first","37":"instock","38":"shipping-taxable","39":"product-type-external"},"_links":{"self":[{"href":"https:\/\/comprasyconsejos.store\/en\/wp-json\/wp\/v2\/product\/27556","targetHints":{"allow":["GET"]}}],"collection":[{"href":"https:\/\/comprasyconsejos.store\/en\/wp-json\/wp\/v2\/product"}],"about":[{"href":"https:\/\/comprasyconsejos.store\/en\/wp-json\/wp\/v2\/types\/product"}],"replies":[{"embeddable":true,"href":"https:\/\/comprasyconsejos.store\/en\/wp-json\/wp\/v2\/comments?post=27556"}],"version-history":[{"count":0,"href":"https:\/\/comprasyconsejos.store\/en\/wp-json\/wp\/v2\/product\/27556\/revisions"}],"wp:featuredmedia":[{"embeddable":true,"href":"https:\/\/comprasyconsejos.store\/en\/wp-json\/wp\/v2\/media\/27557"}],"wp:attachment":[{"href":"https:\/\/comprasyconsejos.store\/en\/wp-json\/wp\/v2\/media?parent=27556"}],"wp:term":[{"taxonomy":"product_brand","embeddable":true,"href":"https:\/\/comprasyconsejos.store\/en\/wp-json\/wp\/v2\/product_brand?post=27556"},{"taxonomy":"product_cat","embeddable":true,"href":"https:\/\/comprasyconsejos.store\/en\/wp-json\/wp\/v2\/product_cat?post=27556"},{"taxonomy":"product_tag","embeddable":true,"href":"https:\/\/comprasyconsejos.store\/en\/wp-json\/wp\/v2\/product_tag?post=27556"}],"curies":[{"name":"wp","href":"https:\/\/api.w.org\/{rel}","templated":true}]}}