{"id":27589,"date":"2026-02-20T17:59:05","date_gmt":"2026-02-20T17:59:05","guid":{"rendered":"https:\/\/comprasyconsejos.store\/product\/asus-prime-radeon-rx-9070-evo-oc-edition-graphics-card-pcie-5-0-16gb-gddr6-hdmi-dp-2-1-2-5-slot-design-axial-tech-fans-dual-ball-bearings-dual-bios-gpu-guard\/"},"modified":"2026-02-20T17:59:07","modified_gmt":"2026-02-20T17:59:07","slug":"asus-prime-radeon-rx-9070-evo-oc-edition-graphics-card-pcie-5-0-16gb-gddr6-hdmi-dp-2-1-2-5-slot-design-axial-tech-fans-dual-ball-bearings-dual-bios-gpu-guard","status":"publish","type":"product","link":"https:\/\/comprasyconsejos.store\/en\/product\/asus-prime-radeon-rx-9070-evo-oc-edition-graphics-card-pcie-5-0-16gb-gddr6-hdmi-dp-2-1-2-5-slot-design-axial-tech-fans-dual-ball-bearings-dual-bios-gpu-guard\/","title":{"rendered":"ASUS Prime Radeon RX 9070 EVO OC Edition Graphics Card PCIe 5.0, 16GB GDDR6, HDMI\/DP 2.1, 2.5-Slot Design, Axial-Tech Fans, Dual Ball Bearings, Dual BIOS, GPU Guard"},"content":{"rendered":"<p>Price: <span style=\"color:#b12704\">\u20ac728.98<\/span><br \/><i><small>(as of Feb 20, 2026 17:59:05 UTC &#8211; <span class=\"wp_automatic_amazon_disclaimer\" title=\"Product prices and availability are accurate as of the date\/time indicated and are subject to change. Any price and availability information displayed on [relevant Amazon Site(s), as applicable] at the time of purchase will apply to the purchase of this product.\">Details<\/span>)<\/small><\/i><\/p>\n<p><a href=\"https:\/\/amazon.es\/dp\/B0FMS9XQF7?tag=man008-21\"><img decoding=\"async\" src=\"https:\/\/valvepress.s3.amazonaws.com\/imgs\/buy_now.png\"><\/a><br \/>\n<\/p>\n<p>                                             From the manufacturer   <\/p>\n<p>                                                                                                       <img decoding=\"async\" alt=\"aplus content image\" src=\"https:\/\/images-na.ssl-images-amazon.com\/images\/G\/01\/x-locale\/common\/grey-pixel.gif\" class=\"a-lazy-loaded\" data-src=\"https:\/\/m.media-amazon.com\/images\/S\/aplus-media-library-service-media\/184f6517-74f9-4218-b255-eafc74805487.__CR0,0,1464,600_PT0_SX1464_V1___.jpg\"><img decoding=\"async\" alt=\"aplus content image\" src=\"https:\/\/m.media-amazon.com\/images\/S\/aplus-media-library-service-media\/184f6517-74f9-4218-b255-eafc74805487.__CR0,0,1464,600_PT0_SX1464_V1___.jpg\">                                               <\/p>\n<p>                                                                                  <img decoding=\"async\" alt=\"aplus content image\" src=\"https:\/\/m.media-amazon.com\/images\/S\/aplus-media-library-service-media\/4b3f267f-04b6-4d34-a5dd-64fc5246e8c8.__CR0,0,1464,600_PT0_SX1464_V1___.jpg\">       <\/p>\n<p>                                                                                  <img decoding=\"async\" alt=\"aplus content image\" src=\"https:\/\/m.media-amazon.com\/images\/S\/aplus-media-library-service-media\/174f5786-a769-4c14-b484-604eeeef2262.__CR0,0,1464,600_PT0_SX1464_V1___.jpg\">       <\/p>\n<p>                                                                                  <img decoding=\"async\" alt=\"aplus content image\" src=\"https:\/\/m.media-amazon.com\/images\/S\/aplus-media-library-service-media\/a0c5620c-d19b-436d-b685-59581c90e054.__CR0,0,1464,600_PT0_SX1464_V1___.jpg\">       <\/p>\n<p>                                                                                  <img decoding=\"async\" alt=\"aplus content image\" src=\"https:\/\/m.media-amazon.com\/images\/S\/aplus-media-library-service-media\/84d87ab7-4857-41b2-9bc3-381f27fbd703.__CR0,0,1464,600_PT0_SX1464_V1___.jpg\">       <\/p>\n<p>                                                                                                       <img decoding=\"async\" alt=\"aplus content image\" src=\"https:\/\/images-na.ssl-images-amazon.com\/images\/G\/01\/x-locale\/common\/grey-pixel.gif\" class=\"a-lazy-loaded\" data-src=\"https:\/\/m.media-amazon.com\/images\/S\/aplus-media-library-service-media\/64452382-e1cb-4ac7-927f-4a8161c07081.__CR0,0,1464,600_PT0_SX1464_V1___.jpg\"><img decoding=\"async\" alt=\"aplus content image\" src=\"https:\/\/m.media-amazon.com\/images\/S\/aplus-media-library-service-media\/64452382-e1cb-4ac7-927f-4a8161c07081.__CR0,0,1464,600_PT0_SX1464_V1___.jpg\">                                                                                    Dise\u00f1o de 2,5 ranuras                                        <\/p>\n<p class=\"aplus-p2 aplus-module-2-description\"> La Prime RADEON RX 9070 EVO presenta un dise\u00f1o de 2,5 ranuras con una disposici\u00f3n cuidadosamente estudiada de la cubierta, el disipador t\u00e9rmico y los tubos de calor para que los ventiladores Axial-tech aprovechen la ventilaci\u00f3n del panel lateral del chasis y ofrezcan un rendimiento t\u00e9rmico \u00f3ptimo. <\/p>\n<p>                                                                                                                  <img decoding=\"async\" alt=\"aplus content image\" src=\"https:\/\/m.media-amazon.com\/images\/S\/aplus-media-library-service-media\/cbffe61a-0d76-4802-948a-2aaecd1bbb7a.__CR0,0,1464,600_PT0_SX1464_V1___.jpg\">                                                                                           Almohadilla t\u00e9rmica de cambio de fase                                       <\/p>\n<p class=\"description aplus-p1\"> Almohadilla t\u00e9rmica de GPU de cambio de fase que se funde para rellenar huecos, disipando el calor. <\/p>\n<p>                                                      <img decoding=\"async\" alt=\"aplus content image\" src=\"https:\/\/m.media-amazon.com\/images\/S\/aplus-media-library-service-media\/174b7ef0-586d-4368-b5ce-b6912af327de.__CR0,0,1464,600_PT0_SX1464_V1___.jpg\">                                                                                           Mejoras de Axial-tech                                       <\/p>\n<p class=\"description aplus-p1\"> Las aspas m\u00e1s largas mejoran el flujo de aire y la dispersi\u00f3n. <\/p>\n<p>                                                      <img decoding=\"async\" alt=\"aplus content image\" src=\"https:\/\/m.media-amazon.com\/images\/S\/aplus-media-library-service-media\/aa2d7baa-7729-42ba-9a01-01355c68e8f0.__CR0,0,1464,600_PT0_SX1464_V1___.jpg\">                                                                                           Tecnolog\u00eda 0dB                                       <\/p>\n<p class=\"description aplus-p1\"> Los ventiladores se detienen por debajo de 55 \u00b0C y se reinician por encima de 60 \u00b0C. <\/p>\n<p>                                                      <img decoding=\"async\" alt=\"aplus content image\" src=\"https:\/\/m.media-amazon.com\/images\/S\/aplus-media-library-service-media\/60fadd8c-50ab-4dc0-889f-f52c3548dc65.__CR0,0,1464,600_PT0_SX1464_V1___.jpg\">                                                                                           Placa trasera ventilada                                       <\/p>\n<p class=\"description aplus-p1\"> Rejillas de ventilaci\u00f3n mejoran la disipaci\u00f3n del calor, aumentando el rendimiento y la estabilidad. <\/p>\n<p>                            1 Almohadilla t\u00e9rmica <\/p>\n<p>                            2 Mejoras de Axial-tech <\/p>\n<p>                            3 Tecnolog\u00eda 0dB <\/p>\n<p>                            4 Placa trasera ventilada <\/p>\n<p>                                                                                                                  <img decoding=\"async\" alt=\"aplus content image\" src=\"https:\/\/m.media-amazon.com\/images\/S\/aplus-media-library-service-media\/8ec69421-49fb-4d2e-af01-6604a94e9558.__CR0,0,1464,600_PT0_SX1464_V1___.jpg\">                                                                                           ASUS GPU Guard                                       <\/p>\n<p class=\"description aplus-p1\"> ASUS GPU Guard aplica adhesivo para fijar las cuatro esquinas y reducir el riesgo de grietas. <\/p>\n<p>                                                      <img decoding=\"async\" alt=\"aplus content image\" src=\"https:\/\/m.media-amazon.com\/images\/S\/aplus-media-library-service-media\/94ebce30-0f65-4cb3-b193-18bf9f2f711d.__CR0,0,1464,600_PT0_SX1464_V1___.jpg\">                                                                                           Rodamientos de doble bola para ventiladores                                       <\/p>\n<p class=\"description aplus-p1\"> Los rodamientos de doble bola son m\u00e1s duraderos, ya que duran hasta el doble. <\/p>\n<p>                                                      <img decoding=\"async\" alt=\"aplus content image\" src=\"https:\/\/m.media-amazon.com\/images\/S\/aplus-media-library-service-media\/d925e554-4651-4088-83b3-aa69e80c10a7.__CR0,0,1464,600_PT0_SX1464_V1___.jpg\">                                                                                           Placa protectora trasera                                       <\/p>\n<p class=\"description aplus-p1\"> Placa trasera que refuerza el circuito, evitando que se doble y protegiendo los componentes. <\/p>\n<p>                                                      <img decoding=\"async\" alt=\"aplus content image\" src=\"https:\/\/m.media-amazon.com\/images\/S\/aplus-media-library-service-media\/c2d6f012-794e-4296-815b-fded74a22381.__CR0,0,1464,600_PT0_SX1464_V1___.jpg\">                                                                                           Soporte de acero inoxidable                                       <\/p>\n<p class=\"description aplus-p1\"> El soporte est\u00e1 fabricado en acero inoxidable 304, un material resistente y anticorrosivo. <\/p>\n<p>                            1 ASUS GPU Guard <\/p>\n<p>                            2 Rodamientos <\/p>\n<p>                            3 Placa protectora trasera <\/p>\n<p>                            4 Soporte <\/p>\n<p>                                                                                     <img decoding=\"async\" alt=\"aplus content image\" src=\"https:\/\/m.media-amazon.com\/images\/S\/aplus-media-library-service-media\/d9b585b7-b052-49bc-8d2c-aa065cccd2e8.__CR0,0,1464,600_PT0_SX1464_V1___.jpg\">                                                    Dual BIOS\u200b                                         <\/p>\n<p class=\"aplus-p3\"> El modo Rendimiento mantiene la tarjeta refrigerada, mientras que el modo Silencioso ofrece un funcionamiento con una curva de ventilador menos agresiva a temperaturas moderadas. <\/p>\n<p>                                                                                     <img decoding=\"async\" alt=\"aplus content image\" src=\"https:\/\/m.media-amazon.com\/images\/S\/aplus-media-library-service-media\/9e729bc8-9db9-479c-975b-0e886aa810b3.__CR0,0,1464,600_PT0_SX1464_V1___.jpg\">                                                    Tecnolog\u00eda Auto\u2212Extreme                                         <\/p>\n<p class=\"aplus-p3\"> La tecnolog\u00eda Auto-Extreme de ASUS completa la soldadura en una sola pasada, lo que reduce la tensi\u00f3n t\u00e9rmica, el impacto medioambiental y el consumo de energ\u00eda para obtener productos m\u00e1s fiables. <\/p>\n<p>                                                                                                       <img decoding=\"async\" alt=\"aplus content image\" src=\"https:\/\/images-na.ssl-images-amazon.com\/images\/G\/01\/x-locale\/common\/grey-pixel.gif\" class=\"a-lazy-loaded\" data-src=\"https:\/\/m.media-amazon.com\/images\/S\/aplus-media-library-service-media\/cdb19bbc-acf6-4444-ae4e-521a93be9db1.__CR0,0,1464,600_PT0_SX1464_V1___.jpg\"><img decoding=\"async\" alt=\"aplus content image\" src=\"https:\/\/m.media-amazon.com\/images\/S\/aplus-media-library-service-media\/cdb19bbc-acf6-4444-ae4e-521a93be9db1.__CR0,0,1464,600_PT0_SX1464_V1___.jpg\">                                                                                    LA PSU perfecta para la serie RADEON RX 9000                                        <\/p>\n<p class=\"aplus-p2 aplus-module-2-description\"> Utiliza la calculadora de potencia para estimar cu\u00e1nta energ\u00eda necesitar\u00e1s para alimentar tu equipo y, a continuaci\u00f3n, elige una fuente de alimentaci\u00f3n ROG, TUF Gaming o Prime compatible para obtener el m\u00e1ximo rendimiento. <\/p>\n<p> Language                                            \u200f                                            :                                            \u200e                                            German, German, German, German   <br \/> Product Dimensions                                            \u200f                                            :                                            \u200e                                            30.4 x 12.6 x 0.1 cm; 1 kg   <br \/> Manufacturer                                            \u200f                                            :                                            \u200e                                            ASUS   <br \/> ASIN                                            \u200f                                            :                                            \u200e                                            B0FMS9XQF7   <br \/> Item model number                                            \u200f                                            :                                            \u200e                                            90YV0MQ0-M0NA00   <br \/> Country of origin                                            \u200f                                            :                                            \u200e                                            China   <br \/> Guaranteed software updates until                                            \u200f                                            :                                            \u200e                                            unknown   <br \/>  Customer reviews:                                                                                            4.8               4.8 out of 5 stars                                  (25)                                              var dpAcrHasRegisteredArcLinkClickAction;                    P.when(&#8216;A&#8217;, &#8216;ready&#8217;).execute(function(A) {                        if (dpAcrHasRegisteredArcLinkClickAction !== true) {                            dpAcrHasRegisteredArcLinkClickAction = true;                            A.declarative(                                &#8216;acrLink-click-metrics&#8217;, &#8216;click&#8217;,                                { \u00aballowLinkDefault\u00bb: true },                                function (event) {                                    if (window.ue) {                                        ue.count(\u00abacrLinkClickCount\u00bb, (ue.count(\u00abacrLinkClickCount\u00bb) || 0) + 1);                                    }                                }                            );                        }                    });                                             P.when(&#8216;A&#8217;, &#8216;cf&#8217;).execute(function(A) {                A.declarative(&#8216;acrStarsLink-click-metrics&#8217;, &#8216;click&#8217;, { \u00aballowLinkDefault\u00bb : true },  function(event){                    if(window.ue) {                        ue.count(\u00abacrStarsLinkWithPopoverClickCount\u00bb, (ue.count(\u00abacrStarsLinkWithPopoverClickCount\u00bb) || 0) + 1);                    }                });            });                          <\/p>\n<p>OC Mode (GPU Tweak III): up to 2610 MHz (Boost Clock)\/ up to 2140 MHz (Game Clock)<br \/>Axial-tech fans now feature a smaller hub that makes it easier to use longer blades and a barrier ring that increases downward air pressure<br \/>GPU phase change heating pad helps ensure optimal heat transfer, reducing GPU temperature to improve performance and reliability<br \/>2.5 slot design allows for greater mounting compatibility while maintaining cooling performance<br \/>Dual fan ball bearings last up to twice as long as conventional sleeve bearing designs.<br \/>0dB technology allows you to enjoy light games in relative silence.<br \/>The Dual BIOS switch allows you to switch between Quiet and Performance BIOS profiles.<br \/>Auto-Extreme manufacturing process for accuracy and reliability.<br \/>GPU Tweak III software provides intuitive performance tuning, advanced thermal control and system monitoring.<\/p>\n\n","protected":false},"excerpt":{"rendered":"<p> From the manufacturer Dise\u00f1o de 2,5 ranuras La Prime RADEON RX 9070 EVO presenta un<\/p>","protected":false},"featured_media":27590,"comment_status":"open","ping_status":"closed","template":"","meta":[],"product_brand":[],"product_cat":[75],"product_tag":[509,1746,1432,1427,850,1438,3890,3891,1433,3527,1420,939,298,964,1745,1378,1428,1435,599,644,1425,2864,1664,1426,624,2798,897,1429,1430,1431],"class_list":{"0":"post-27589","1":"product","2":"type-product","3":"status-publish","4":"has-post-thumbnail","6":"product_cat-graphics-cards","7":"product_tag-16gb","8":"product_tag-2-5slot","9":"product_tag-8gb-graphics-card","10":"product_tag-amd-radeon-gpu","11":"product_tag-asus","12":"product_tag-axialtech","13":"product_tag-ball","14":"product_tag-bearings","15":"product_tag-best-gpu","16":"product_tag-bios","17":"product_tag-card","18":"product_tag-design","19":"product_tag-dual","20":"product_tag-edition","21":"product_tag-evo","22":"product_tag-fans","23":"product_tag-gaming-graphics-card","24":"product_tag-gddr6","25":"product_tag-gpu","26":"product_tag-graphics","27":"product_tag-graphics-card","28":"product_tag-guard","29":"product_tag-hdmidp","30":"product_tag-nvidia-rtx-graphics-card","31":"product_tag-pcie","32":"product_tag-prime","33":"product_tag-radeon","34":"product_tag-rtx-4060","35":"product_tag-rtx-4070","36":"product_tag-rtx-4080","38":"first","39":"instock","40":"shipping-taxable","41":"product-type-external"},"_links":{"self":[{"href":"https:\/\/comprasyconsejos.store\/en\/wp-json\/wp\/v2\/product\/27589","targetHints":{"allow":["GET"]}}],"collection":[{"href":"https:\/\/comprasyconsejos.store\/en\/wp-json\/wp\/v2\/product"}],"about":[{"href":"https:\/\/comprasyconsejos.store\/en\/wp-json\/wp\/v2\/types\/product"}],"replies":[{"embeddable":true,"href":"https:\/\/comprasyconsejos.store\/en\/wp-json\/wp\/v2\/comments?post=27589"}],"version-history":[{"count":0,"href":"https:\/\/comprasyconsejos.store\/en\/wp-json\/wp\/v2\/product\/27589\/revisions"}],"wp:featuredmedia":[{"embeddable":true,"href":"https:\/\/comprasyconsejos.store\/en\/wp-json\/wp\/v2\/media\/27590"}],"wp:attachment":[{"href":"https:\/\/comprasyconsejos.store\/en\/wp-json\/wp\/v2\/media?parent=27589"}],"wp:term":[{"taxonomy":"product_brand","embeddable":true,"href":"https:\/\/comprasyconsejos.store\/en\/wp-json\/wp\/v2\/product_brand?post=27589"},{"taxonomy":"product_cat","embeddable":true,"href":"https:\/\/comprasyconsejos.store\/en\/wp-json\/wp\/v2\/product_cat?post=27589"},{"taxonomy":"product_tag","embeddable":true,"href":"https:\/\/comprasyconsejos.store\/en\/wp-json\/wp\/v2\/product_tag?post=27589"}],"curies":[{"name":"wp","href":"https:\/\/api.w.org\/{rel}","templated":true}]}}