{"id":27606,"date":"2026-02-20T18:28:42","date_gmt":"2026-02-20T18:28:42","guid":{"rendered":"https:\/\/comprasyconsejos.store\/product\/jjc-metal-sd-card-reader-usb-3-1-micro-usb-2-0-type-c-3-1-card-reader-simple-usb-otg-adapter-for-uhs-ii-uhs-i-sd-sdhc-sdxc-micro-sd-micro-sdhc-micro-sdxc-memory-cards\/"},"modified":"2026-02-20T18:28:51","modified_gmt":"2026-02-20T18:28:51","slug":"jjc-metal-sd-card-reader-usb-3-1-micro-usb-2-0-type-c-3-1-card-reader-simple-usb-otg-adapter-for-uhs-ii-uhs-i-sd-sdhc-sdxc-micro-sd-micro-sdhc-micro-sdxc-memory-cards","status":"publish","type":"product","link":"https:\/\/comprasyconsejos.store\/en\/product\/jjc-metal-sd-card-reader-usb-3-1-micro-usb-2-0-type-c-3-1-card-reader-simple-usb-otg-adapter-for-uhs-ii-uhs-i-sd-sdhc-sdxc-micro-sd-micro-sdhc-micro-sdxc-memory-cards\/","title":{"rendered":"JJC Metal SD Card Reader, USB 3.1 Micro USB 2.0 Type C 3.1 Card Reader Simple USB OTG Adapter for UHS-II UHS-I SD SDHC SDXC Micro SD Micro SDHC Micro SDXC Memory Cards"},"content":{"rendered":"<p>Price: <span style=\"color:#b12704\">\u20ac20.99<\/span><br \/><i><small>(as of Feb 20, 2026 18:28:42 UTC &#8211; <span class=\"wp_automatic_amazon_disclaimer\" title=\"Product prices and availability are accurate as of the date\/time indicated and are subject to change. Any price and availability information displayed on [relevant Amazon Site(s), as applicable] at the time of purchase will apply to the purchase of this product.\">Details<\/span>)<\/small><\/i><\/p>\n<p><a href=\"https:\/\/amazon.es\/dp\/B09TL3493M?tag=man008-21\"><img decoding=\"async\" src=\"https:\/\/valvepress.s3.amazonaws.com\/imgs\/buy_now.png\"><\/a><br \/>\n<\/p>\n<p>                                             Product Description   <\/p>\n<p>                                                                             <img decoding=\"async\" alt=\" \" src=\"https:\/\/images-na.ssl-images-amazon.com\/images\/G\/01\/x-locale\/common\/grey-pixel.gif\" class=\"a-spacing-base a-lazy-loaded\" data-src=\"https:\/\/m.media-amazon.com\/images\/S\/aplus-media-library-service-media\/312c5fa1-13e1-4dc4-b63e-4f0662120b2e.__CR0,0,1940,1200_PT0_SX970_V1___.jpg\"><img decoding=\"async\" alt=\" \" src=\"https:\/\/m.media-amazon.com\/images\/S\/aplus-media-library-service-media\/312c5fa1-13e1-4dc4-b63e-4f0662120b2e.__CR0,0,1940,1200_PT0_SX970_V1___.jpg\">                                                                     <\/p>\n<p class=\"a-spacing-base\"> El lector de tarjetas JJC CR-UTC4AC USB 3.1 expande 2 ranuras para tarjetas (SD\/TF) a tus computadoras, tel\u00e9fonos o tabletas habilitados para Micro OTG\/USB-C OTG. <\/p>\n<p class=\"a-spacing-base\"> Es un m\u00e9todo conveniente para intercambiar archivos\/fotos\/videos entre las tarjetas SD de la c\u00e1mara y tus tel\u00e9fonos o entre tarjetas de memoria duales. Por lo tanto, puedes compartir felicidad en las redes sociales o enviar un correo electr\u00f3nico a tus amigos al instante. <\/p>\n<p class=\"apm-text-center\">\n                                                      <img decoding=\"async\" alt=\" \" src=\"https:\/\/images-na.ssl-images-amazon.com\/images\/G\/01\/x-locale\/common\/grey-pixel.gif\" class=\"a-spacing-mini a-lazy-loaded\" data-src=\"https:\/\/m.media-amazon.com\/images\/S\/aplus-media-library-service-media\/1dd44230-da92-42a7-9285-e6a5eb141d49.__CR0,0,600,600_PT0_SX300_V1___.jpg\"><img decoding=\"async\" alt=\" \" src=\"https:\/\/m.media-amazon.com\/images\/S\/aplus-media-library-service-media\/1dd44230-da92-42a7-9285-e6a5eb141d49.__CR0,0,600,600_PT0_SX300_V1___.jpg\">  <\/p>\n<p>                                                    Tecnolog\u00eda USB 3.1                                       <\/p>\n<p> Con chip de alta calidad y tecnolog\u00eda USB 3.1, una velocidad de transferencia de datos r\u00e1pida y estable est\u00e1 asegurada en gran medida. Transferencia de datos de alta velocidad de hasta 312 MB\/s <\/p>\n<p> Nota: La alta velocidad de transferencia se puede lograr (hasta 312 MB\/s) solo cuando se accede a tarjetas SD o Micro SD de alta velocidad con pines de dos filas. <\/p>\n<p class=\"apm-text-center\">\n                                                      <img decoding=\"async\" alt=\" \" src=\"https:\/\/images-na.ssl-images-amazon.com\/images\/G\/01\/x-locale\/common\/grey-pixel.gif\" class=\"a-spacing-mini a-lazy-loaded\" data-src=\"https:\/\/m.media-amazon.com\/images\/S\/aplus-media-library-service-media\/4628c0f2-59d2-471a-80a4-743760d41b9f.__CR0,0,600,600_PT0_SX300_V1___.jpg\"><img decoding=\"async\" alt=\" \" src=\"https:\/\/m.media-amazon.com\/images\/S\/aplus-media-library-service-media\/4628c0f2-59d2-471a-80a4-743760d41b9f.__CR0,0,600,600_PT0_SX300_V1___.jpg\">  <\/p>\n<p>                                                    Plug and Play                                       <\/p>\n<p> Dise\u00f1o Plug and Play, no requiere controladores. Por lo tanto, el lector de tarjetas puede lograr una identificaci\u00f3n m\u00e1s r\u00e1pida. <\/p>\n<p class=\"apm-text-center\">\n                                                      <img decoding=\"async\" alt=\" \" src=\"https:\/\/images-na.ssl-images-amazon.com\/images\/G\/01\/x-locale\/common\/grey-pixel.gif\" class=\"a-spacing-mini a-lazy-loaded\" data-src=\"https:\/\/m.media-amazon.com\/images\/S\/aplus-media-library-service-media\/2a314c96-f05a-46bf-a268-157887d0a166.__CR0,0,1200,1200_PT0_SX300_V1___.jpg\"><img decoding=\"async\" alt=\" \" src=\"https:\/\/m.media-amazon.com\/images\/S\/aplus-media-library-service-media\/2a314c96-f05a-46bf-a268-157887d0a166.__CR0,0,1200,1200_PT0_SX300_V1___.jpg\">  <\/p>\n<p>                                                    Carcasa met\u00e1lica de alta calidad                                       <\/p>\n<p> La carcasa del lector de tarjetas est\u00e1 hecha de aleaci\u00f3n de aluminio de alta calidad que es duradera y buena para la disipaci\u00f3n del calor. Las tapas protectoras protegen ambos conectores del polvo y los ara\u00f1azos. El dise\u00f1o compacto y port\u00e1til tambi\u00e9n hace que sea f\u00e1cil de llevar. Ocupa poco espacio y puedes ponerlo en tu bolsillo o bolso mientras est\u00e1s en el viaje. <\/p>\n<p>                                                                             <img decoding=\"async\" alt=\" \" src=\"https:\/\/images-na.ssl-images-amazon.com\/images\/G\/01\/x-locale\/common\/grey-pixel.gif\" class=\"a-spacing-base a-lazy-loaded\" data-src=\"https:\/\/m.media-amazon.com\/images\/S\/aplus-media-library-service-media\/c416744a-99a0-48c0-8c27-1e0e84403d6d.__CR0,0,1940,1200_PT0_SX970_V1___.jpg\"><img decoding=\"async\" alt=\" \" src=\"https:\/\/m.media-amazon.com\/images\/S\/aplus-media-library-service-media\/c416744a-99a0-48c0-8c27-1e0e84403d6d.__CR0,0,1940,1200_PT0_SX970_V1___.jpg\">                                                                     <\/p>\n<p class=\"a-spacing-base\"> Compatible con tarjetas de memoria: <\/p>\n<p class=\"a-spacing-base\"> UHS-II SDXC, SDHC, tarjetas SD UHS-I SDXC, SDHC, tarjetas SD UHS-II microSD, microSDXC, tarjetas microSDXC, tarjetas microSDXC, tarjetas microSDXC, tarjetas microSDXC, MMC, MMCmicro, MMCmobile, tarjetas miniSD <\/p>\n<p class=\"a-spacing-base\"> Sistemas compatibles: <\/p>\n<p class=\"a-spacing-base\"> Compatible con Windows 10\/8.1\/8\/7\/XP\/Vista, MacOS, Chrome, Linux, etc. <\/p>\n<h3 class=\"a-spacing-mini\"> Este lector de tarjetas USB 3.1 puede leer y escribir en 2 tarjetas simult\u00e1neamente y soporta capacidad de hasta 512 G.  <\/h3>\n<p>                                          <img decoding=\"async\" alt=\" \" src=\"https:\/\/images-na.ssl-images-amazon.com\/images\/G\/01\/x-locale\/common\/grey-pixel.gif\" class=\"a-spacing-base a-lazy-loaded\" data-src=\"https:\/\/m.media-amazon.com\/images\/S\/aplus-media-library-service-media\/516c4108-631e-4b57-8f53-f51e129deb5d.__CR0,0,1940,1200_PT0_SX970_V1___.jpg\"><img decoding=\"async\" alt=\" \" src=\"https:\/\/m.media-amazon.com\/images\/S\/aplus-media-library-service-media\/516c4108-631e-4b57-8f53-f51e129deb5d.__CR0,0,1940,1200_PT0_SX970_V1___.jpg\">                                         <\/p>\n<h3 class=\"a-spacing-mini\"> Dispositivos parcialmente compatibles: <\/h3>\n<p class=\"a-spacing-base\"> USB 3.0 tipo A: <\/p>\n<p class=\"a-spacing-base\"> Computadora o port\u00e1til con Windows 10\/8.1\/8\/7\/XP\/Vista, Mac OS, Mac OSX, Linux, Chrome OS. <\/p>\n<p class=\"a-spacing-base\"> USB 3.0 tipo C: <\/p>\n<p class=\"a-spacing-base\"> Manzana: Modelos MacBook Pro de 2016 o posterior, MacBook Air de 13 pulgadas 2018 y 2020, iMac Pro, modelos iMac de 2017, MacBook 2017\/2016 Dell: XPS 15, XPS 13Microsoft: Surface Book 2, Surface Go, Surface Pro 7Google: Pixelbook, Pixelbook Go, Pixel 4, Pixel 3, Pixel 3a, Pixel 2, Pixel <\/p>\n<p class=\"a-spacing-base\"> HW: Matebook, Matebook 7, Matebook 13, Matebook X, P40, P30, P30 Pro, P30 Lite, P20, P10, Mate 40, Mate 40 Pro, Mate 30, Mate 20, Mate 10Samsung: Galaxy Tab S3, S4, S6, Tab A, Galaxy S20, S20+, S10, S10+, S9, S9+, S8, S8+, Note 10, Note 9, Note 8 <\/p>\n<p class=\"a-spacing-base\"> i Phone: 16 \/ 16 Pro \/ 16 Pro Max \/ 16 Plus <\/p>\n<p class=\"a-spacing-base\"> Micro USB 2.0: <\/p>\n<p class=\"a-spacing-base\"> Tablet OTG: Samsung: Galaxy Tab S1, S2OTG. Tel\u00e9fono: Samsung: Galaxy S7, S7+, S6, S6+ \/ Xiao Mi: Mi 4, Mi 3, Mi 2S <\/p>\n<p>                         Add To Basket  <\/p>\n<p>                         Add To Basket  <\/p>\n<p>                         Add To Basket  <\/p>\n<p>                             Customer Reviews  <\/p>\n<p>                    4.7 out of 5 stars  46  <\/p>\n<p>                    4.1 out of 5 stars  55  <\/p>\n<p>                    4.5 out of 5 stars  97  <\/p>\n<p>                    4.8 out of 5 stars  17  <\/p>\n<p>                \u2014                                   <\/p>\n<p>                    4.7 out of 5 stars  645  <\/p>\n<p>                             Price  <\/p>\n<p>                                    \u20ac20.99\u20ac20.99<br \/>\n                                            \u2014 no data<br \/>\n                                                       \u20ac19.99\u20ac19.99<br \/>\n                                            \u2014 no data<\/p>\n<p>                                            \u2014 no data<br \/>\n                                                       \u20ac8.89\u20ac8.89        <\/p>\n<p>                             Puertos USB<br \/>\n                                USB 3.1, micro USB 2.0 y tipo C 3.1               USB 3.0, micro USB 2.0 y USB 3.0 tipo C               USB 3.0, micro USB 2.0 y USB 3.0 tipo C               USB 3.0                 no data<br \/>\n                                                              no data<\/p>\n<p>                             Ranura para lector de tarjetas<br \/>\n                                para SD y Micro SD               para SD y Micro SD               para tarjetas SD, Micro SD y NM               para SD y Micro SD                 no data<br \/>\n                                                              no data<\/p>\n<p>                             Compatible con tarjetas de memoria<br \/>\n                                SDXC, SDHC, SD, MMC, RS-MMC, MMCmicro, MMCmobile, UHS-I, UHS-II, miniSD, microSDXC, microSDHC               Tarjetas de memoria SDXC, SDHC, SD, MMC, RS-MMC, Micro SD, TF, Micro SDXC, Micro SDHC y UHS-I               Tarjetas SD, SDHC, SDXC, microSD, microSDHC, microSDXC, NM               SD, SDHC, SDXC, Micro SD, Micro SDHC, Micro SDXC               2 tarjetas TF, 2 tarjetas Nano SIM               4 tarjetas SD, 8 tarjetas TF        <\/p>\n<p>                             Material:<br \/>\n                                Aleaci\u00f3n de aluminio y ABS               Aleaci\u00f3n de aluminio y policarbonato               Aleaci\u00f3n de aluminio y ABS               ABS               ABS + PVC + aleaci\u00f3n de aluminio               ABS + EVA        <\/p>\n<p>                             Tama\u00f1o del producto:<br \/>\n                                73 x 26 x 10 mm                72 x 22 x 10 mm               73 x 26 x 10 mm                60 x 17 x 9 mm               177,7 x 50,4 x 15,4 mm               79,3 x 69,6 x 16,4 mm        <\/p>\n<p>                             Peso neto<br \/>\n                                22,8 g               13 g               22,6 g               8g               68,2 g               37,6 g        <\/p>\n<p>                             El paquete incluye:<br \/>\n                                1 lector de tarjetas USB 3.1               1 lector de tarjetas USB 3.0, 1 cord\u00f3n               1 lector de tarjetas USB 3.0               1 lector de tarjetas USB 3.0               1 cable tipo C a tipo C de 56 cm, 1 adaptador tipo C a Lightning, 1 adaptador tipo C a micro USB, 1 adaptador tipo C a tipo A, 1 adaptador OTG, 1 herramienta de extracci\u00f3n de tarjetas, 1 funda de almacenamiento               1 funda para tarjetas de memoria, 1 cord\u00f3n        <\/p>\n<p> Product Dimensions                                            \u200f                                            :                                            \u200e                                            2.6 x 1 x 7.3 cm; 30 g   <br \/> Manufacturer                                            \u200f                                            :                                            \u200e                                            Shenzhen JinJiaCheng Photography Equipment Co., Ltd.   <br \/> ASIN                                            \u200f                                            :                                            \u200e                                            B09TL3493M   <br \/> Item model number                                            \u200f                                            :                                            \u200e                                            J_CR-UTC4_Gray   <br \/> Country\/Region of Origin                                            \u200f                                            :                                            \u200e                                            China   <br \/> Guaranteed software updates until                                            \u200f                                            :                                            \u200e                                            unknown   <br \/>  Customer reviews:                                                                                            4.7               4.7 out of 5 stars                                  (46)                                              var dpAcrHasRegisteredArcLinkClickAction;                    P.when(&#8216;A&#8217;, &#8216;ready&#8217;).execute(function(A) {                        if (dpAcrHasRegisteredArcLinkClickAction !== true) {                            dpAcrHasRegisteredArcLinkClickAction = true;                            A.declarative(                                &#8216;acrLink-click-metrics&#8217;, &#8216;click&#8217;,                                { \u00aballowLinkDefault\u00bb: true },                                function (event) {                                    if (window.ue) {                                        ue.count(\u00abacrLinkClickCount\u00bb, (ue.count(\u00abacrLinkClickCount\u00bb) || 0) + 1);                                    }                                }                            );                        }                    });                                             P.when(&#8216;A&#8217;, &#8216;cf&#8217;).execute(function(A) {                A.declarative(&#8216;acrStarsLink-click-metrics&#8217;, &#8216;click&#8217;, { \u00aballowLinkDefault\u00bb : true },  function(event){                    if(window.ue) {                        ue.count(\u00abacrStarsLinkWithPopoverClickCount\u00bb, (ue.count(\u00abacrStarsLinkWithPopoverClickCount\u00bb) || 0) + 1);                    }                });            });                          <\/p>\n<p>2 Card Slots: access to SD and Micro SD\/TF cards simultaneously, support capacity up to 512G, for SDXC, SDHC, SD, MMC, RS-MMC, Micro SD, TF, Micro SDXC, Micro SDHC and UHS-I memory cards<br \/>3 Ports: USB 3.1, Micro USB 2.0 and Type C 3.1, system compatible with Windows 10\/8.1\/8\/7\/XP\/Vista, MacOS, Chrome, Linux, etc.<br \/>HIGH SPEED\/EFFICIENCY &#8211; Use high-quality chip and USB 3.1 technology, greatly ensuring the file transfer speed (up to 312MB\/s) and stability. Plug and play design. And it can read and write 2 memory cards simultaneously, convenient to exchange files\/photos\/videos between the SD cards of the cameras and your phones or between dual memory cards.<br \/>High quality material: sturdy aluminum alloy shell, good heat dissipation. Protective caps protect both connectors from dust and scratches.<br \/>Compact &#038; Portable &#8211; With a net weight of 22.7g, it takes up little space and you can put it in your pocket or purse while you are traveling.<\/p>\n\n","protected":false},"excerpt":{"rendered":"<p> Product Description El lector de tarjetas JJC CR-UTC4AC USB 3.1 expande 2 ranuras para tarjetas<\/p>","protected":false},"featured_media":27607,"comment_status":"open","ping_status":"closed","template":"","meta":[],"product_brand":[],"product_cat":[47],"product_tag":[144,1420,1399,1586,1411,2742,1413,511,1407,2343,1424,1409,1415,1164,1416,1417,1421,1405,2601,2602,5627,168,7596,8115,133,1403],"class_list":{"0":"post-27606","1":"product","2":"type-product","3":"status-publish","4":"has-post-thumbnail","6":"product_cat-card-readers","7":"product_tag-adapter","8":"product_tag-card","9":"product_tag-card-reader","10":"product_tag-cards","11":"product_tag-fast-card-reader","12":"product_tag-jjc","13":"product_tag-laptop-card-reader","14":"product_tag-memory","15":"product_tag-memory-card-reader","16":"product_tag-metal","17":"product_tag-micro","18":"product_tag-micro-sd-card-reader","19":"product_tag-multi-card-reader","20":"product_tag-otg","21":"product_tag-otg-card-reader","22":"product_tag-portable-card-reader","23":"product_tag-reader","24":"product_tag-sd-card-reader","25":"product_tag-sdhc","26":"product_tag-sdxc","27":"product_tag-simple","28":"product_tag-type","29":"product_tag-uhsi","30":"product_tag-uhsii","31":"product_tag-usb","32":"product_tag-usb-card-reader","34":"first","35":"instock","36":"shipping-taxable","37":"product-type-external"},"_links":{"self":[{"href":"https:\/\/comprasyconsejos.store\/en\/wp-json\/wp\/v2\/product\/27606","targetHints":{"allow":["GET"]}}],"collection":[{"href":"https:\/\/comprasyconsejos.store\/en\/wp-json\/wp\/v2\/product"}],"about":[{"href":"https:\/\/comprasyconsejos.store\/en\/wp-json\/wp\/v2\/types\/product"}],"replies":[{"embeddable":true,"href":"https:\/\/comprasyconsejos.store\/en\/wp-json\/wp\/v2\/comments?post=27606"}],"version-history":[{"count":0,"href":"https:\/\/comprasyconsejos.store\/en\/wp-json\/wp\/v2\/product\/27606\/revisions"}],"wp:featuredmedia":[{"embeddable":true,"href":"https:\/\/comprasyconsejos.store\/en\/wp-json\/wp\/v2\/media\/27607"}],"wp:attachment":[{"href":"https:\/\/comprasyconsejos.store\/en\/wp-json\/wp\/v2\/media?parent=27606"}],"wp:term":[{"taxonomy":"product_brand","embeddable":true,"href":"https:\/\/comprasyconsejos.store\/en\/wp-json\/wp\/v2\/product_brand?post=27606"},{"taxonomy":"product_cat","embeddable":true,"href":"https:\/\/comprasyconsejos.store\/en\/wp-json\/wp\/v2\/product_cat?post=27606"},{"taxonomy":"product_tag","embeddable":true,"href":"https:\/\/comprasyconsejos.store\/en\/wp-json\/wp\/v2\/product_tag?post=27606"}],"curies":[{"name":"wp","href":"https:\/\/api.w.org\/{rel}","templated":true}]}}