{"id":27645,"date":"2026-02-20T19:06:17","date_gmt":"2026-02-20T19:06:17","guid":{"rendered":"https:\/\/comprasyconsejos.store\/product\/intel-nuc-14-for-asus-nuc-14-nuc14mnk-essential-mini-pc-cpu-n97-16gb-ram-512gb-ssd-win-11-pro-wi-fi-6e-bt-5-3-professional-desktop-for-education-digital-signage-sme-edge-computing\/"},"modified":"2026-02-20T19:06:21","modified_gmt":"2026-02-20T19:06:21","slug":"intel-nuc-14-for-asus-nuc-14-nuc14mnk-essential-mini-pc-cpu-n97-16gb-ram-512gb-ssd-win-11-pro-wi-fi-6e-bt-5-3-professional-desktop-for-education-digital-signage-sme-edge-computing","status":"publish","type":"product","link":"https:\/\/comprasyconsejos.store\/en\/product\/intel-nuc-14-for-asus-nuc-14-nuc14mnk-essential-mini-pc-cpu-n97-16gb-ram-512gb-ssd-win-11-pro-wi-fi-6e-bt-5-3-professional-desktop-for-education-digital-signage-sme-edge-computing\/","title":{"rendered":"Intel NUC 14, for ASUS NUC 14 NUC14MNK Essential Mini PC, CPU N97, 16GB RAM, 512GB SSD, Win 11 Pro, Wi-Fi 6E, BT 5.3, Professional Desktop for Education, Digital Signage, SME &#038; Edge Computing"},"content":{"rendered":"<p>Price: <span style=\"color:#b12704\">\u20ac439.99<\/span><br \/><i><small>(as of Feb 20, 2026 19:06:18 UTC &#8211; <span class=\"wp_automatic_amazon_disclaimer\" title=\"Product prices and availability are accurate as of the date\/time indicated and are subject to change. Any price and availability information displayed on [relevant Amazon Site(s), as applicable] at the time of purchase will apply to the purchase of this product.\">Details<\/span>)<\/small><\/i><\/p>\n<p><a href=\"https:\/\/amazon.es\/dp\/B0G3PHVYSB?tag=man008-21\"><img decoding=\"async\" src=\"https:\/\/valvepress.s3.amazonaws.com\/imgs\/buy_now.png\"><\/a><br \/>\n<\/p>\n<p>                                             Product Description   <\/p>\n<p>                                                                                                       <img decoding=\"async\" alt=\"El texto dice \u00abASUS NUC 14 Essential\u00bb. Cartel del producto que muestra las especificaciones del port\u00e1til, incluidas las funciones de procesador y conectividad, sobre un fondo oscuro con iluminaci\u00f3n de acento azul.\" src=\"https:\/\/images-na.ssl-images-amazon.com\/images\/G\/01\/x-locale\/common\/grey-pixel.gif\" class=\"a-lazy-loaded\" data-src=\"https:\/\/m.media-amazon.com\/images\/S\/aplus-media-library-service-media\/a7170a3f-e815-4fed-a234-ce640b624dd4.__CR0,0,1464,600_PT0_SX1464_V1___.jpg\"><img decoding=\"async\" alt=\"El texto dice \u00abASUS NUC 14 Essential\u00bb. Cartel del producto que muestra las especificaciones del port\u00e1til, incluidas las funciones de procesador y conectividad, sobre un fondo oscuro con iluminaci\u00f3n de acento azul.\" src=\"https:\/\/m.media-amazon.com\/images\/S\/aplus-media-library-service-media\/a7170a3f-e815-4fed-a234-ce640b624dd4.__CR0,0,1464,600_PT0_SX1464_V1___.jpg\">                                               <\/p>\n<p>                                                                                                       <img decoding=\"async\" alt=\"El texto dice \u00abProcesador Intel N97\u00bb, \u00ab16 GB DDR5\u00bb, \u00ab512 GB M.2 SSD\u00bb, \u00abWi-Fi 6\u00bb, \u00abBluetooth 5.3\u00bb, \u00abLAN 2.5G\u00bb. Se muestran las especificaciones t\u00e9cnicas de los componentes del ordenador.\" src=\"https:\/\/images-na.ssl-images-amazon.com\/images\/G\/01\/x-locale\/common\/grey-pixel.gif\" class=\"a-lazy-loaded\" data-src=\"https:\/\/m.media-amazon.com\/images\/S\/aplus-media-library-service-media\/94ee85a3-489b-4508-a537-f77d80598b16.__CR0,0,1464,600_PT0_SX1464_V1___.jpg\"><img decoding=\"async\" alt=\"El texto dice \u00abProcesador Intel N97\u00bb, \u00ab16 GB DDR5\u00bb, \u00ab512 GB M.2 SSD\u00bb, \u00abWi-Fi 6\u00bb, \u00abBluetooth 5.3\u00bb, \u00abLAN 2.5G\u00bb. Se muestran las especificaciones t\u00e9cnicas de los componentes del ordenador.\" src=\"https:\/\/m.media-amazon.com\/images\/S\/aplus-media-library-service-media\/94ee85a3-489b-4508-a537-f77d80598b16.__CR0,0,1464,600_PT0_SX1464_V1___.jpg\">                                               <\/p>\n<p>                                                                                                       <img decoding=\"async\" alt=\"Diagrama t\u00e9cnico que muestra varios puertos, incluidos los puertos \u00abUSB 3.2 Gen2\u00bb, \u00abUSB 3.2 Gen2 Type-C\u00bb, \u00abRJ45 LAN\u00bb y \u00abHDMI 2.1\u00bb con los iconos correspondientes.\" src=\"https:\/\/images-na.ssl-images-amazon.com\/images\/G\/01\/x-locale\/common\/grey-pixel.gif\" class=\"a-lazy-loaded\" data-src=\"https:\/\/m.media-amazon.com\/images\/S\/aplus-media-library-service-media\/1f42fd4f-339d-4e27-b547-4ee451bec068.__CR0,0,1464,600_PT0_SX1464_V1___.jpg\"><img decoding=\"async\" alt=\"Diagrama t\u00e9cnico que muestra varios puertos, incluidos los puertos \u00abUSB 3.2 Gen2\u00bb, \u00abUSB 3.2 Gen2 Type-C\u00bb, \u00abRJ45 LAN\u00bb y \u00abHDMI 2.1\u00bb con los iconos correspondientes.\" src=\"https:\/\/m.media-amazon.com\/images\/S\/aplus-media-library-service-media\/1f42fd4f-339d-4e27-b547-4ee451bec068.__CR0,0,1464,600_PT0_SX1464_V1___.jpg\">                                               <\/p>\n<p>                                                                                                       <img decoding=\"async\" alt=\"El texto dice \u00abPeque\u00f1o en tama\u00f1o, potente en rendimiento\u00bb. Panel doble que muestra el dispositivo cerca del port\u00e1til y el diagrama dimensional: 115 mm x 135 mm x 36 mm.\" src=\"https:\/\/images-na.ssl-images-amazon.com\/images\/G\/01\/x-locale\/common\/grey-pixel.gif\" class=\"a-lazy-loaded\" data-src=\"https:\/\/m.media-amazon.com\/images\/S\/aplus-media-library-service-media\/51cbc6d6-fb01-4045-8112-af95a1652401.__CR0,0,1464,600_PT0_SX1464_V1___.jpg\"><img decoding=\"async\" alt=\"El texto dice \u00abPeque\u00f1o en tama\u00f1o, potente en rendimiento\u00bb. Panel doble que muestra el dispositivo cerca del port\u00e1til y el diagrama dimensional: 115 mm x 135 mm x 36 mm.\" src=\"https:\/\/m.media-amazon.com\/images\/S\/aplus-media-library-service-media\/51cbc6d6-fb01-4045-8112-af95a1652401.__CR0,0,1464,600_PT0_SX1464_V1___.jpg\">                                               <\/p>\n<p>                                                                                                       <img decoding=\"async\" alt=\"El texto dice \u00abLibera espacio en tu escritorio\u00bb y \u00abDise\u00f1o compacto, potencia tu espacio de trabajo\u00bb. Muestra el monitor de la computadora y los altavoces en una configuraci\u00f3n oscura con iluminaci\u00f3n de acento azul.\" src=\"https:\/\/images-na.ssl-images-amazon.com\/images\/G\/01\/x-locale\/common\/grey-pixel.gif\" class=\"a-lazy-loaded\" data-src=\"https:\/\/m.media-amazon.com\/images\/S\/aplus-media-library-service-media\/7e4502d9-6512-41c2-8790-b266a15ff3ad.__CR0,0,1464,600_PT0_SX1464_V1___.jpg\"><img decoding=\"async\" alt=\"El texto dice \u00abLibera espacio en tu escritorio\u00bb y \u00abDise\u00f1o compacto, potencia tu espacio de trabajo\u00bb. Muestra el monitor de la computadora y los altavoces en una configuraci\u00f3n oscura con iluminaci\u00f3n de acento azul.\" src=\"https:\/\/m.media-amazon.com\/images\/S\/aplus-media-library-service-media\/7e4502d9-6512-41c2-8790-b266a15ff3ad.__CR0,0,1464,600_PT0_SX1464_V1___.jpg\">                                               <\/p>\n<p>                                                                                                       <img decoding=\"async\" alt=\"El texto dice \u00abMyASUS\u00bb y \u00abUn centro integral para la gesti\u00f3n de sistemas, actualizaciones de software, optimizaci\u00f3n de rendimiento y soporte t\u00e9cnico\u00bb. Interfaz azul que muestra los iconos de administraci\u00f3n del sistema.\" src=\"https:\/\/images-na.ssl-images-amazon.com\/images\/G\/01\/x-locale\/common\/grey-pixel.gif\" class=\"a-lazy-loaded\" data-src=\"https:\/\/m.media-amazon.com\/images\/S\/aplus-media-library-service-media\/75547ee5-0e7b-40c4-b962-26001b1ffd9b.__CR0,0,1464,600_PT0_SX1464_V1___.jpg\"><img decoding=\"async\" alt=\"El texto dice \u00abMyASUS\u00bb y \u00abUn centro integral para la gesti\u00f3n de sistemas, actualizaciones de software, optimizaci\u00f3n de rendimiento y soporte t\u00e9cnico\u00bb. Interfaz azul que muestra los iconos de administraci\u00f3n del sistema.\" src=\"https:\/\/m.media-amazon.com\/images\/S\/aplus-media-library-service-media\/75547ee5-0e7b-40c4-b962-26001b1ffd9b.__CR0,0,1464,600_PT0_SX1464_V1___.jpg\">                                               <\/p>\n<p> Product Dimensions                                            \u200f                                            :                                            \u200e                                            13.5 x 11.5 x 3.6 cm; 1.16 kg   <br \/> Manufacturer                                            \u200f                                            :                                            \u200e                                            Intel Corporation   <br \/> ASIN                                            \u200f                                            :                                            \u200e                                            B0G3PHVYSB   <br \/> Item model number                                            \u200f                                            :                                            \u200e                                            NUC14MNK   <br \/> Country of origin                                            \u200f                                            :                                            \u200e                                            China   <br \/> Guaranteed software updates until                                            \u200f                                            :                                            \u200e                                            unknown   <br \/>  Customer reviews:                                                                                            5.0               5.0 out of 5 stars                                  (1)                                              var dpAcrHasRegisteredArcLinkClickAction;                    P.when(&#8216;A&#8217;, &#8216;ready&#8217;).execute(function(A) {                        if (dpAcrHasRegisteredArcLinkClickAction !== true) {                            dpAcrHasRegisteredArcLinkClickAction = true;                            A.declarative(                                &#8216;acrLink-click-metrics&#8217;, &#8216;click&#8217;,                                { \u00aballowLinkDefault\u00bb: true },                                function (event) {                                    if (window.ue) {                                        ue.count(\u00abacrLinkClickCount\u00bb, (ue.count(\u00abacrLinkClickCount\u00bb) || 0) + 1);                                    }                                }                            );                        }                    });                                             P.when(&#8216;A&#8217;, &#8216;cf&#8217;).execute(function(A) {                A.declarative(&#8216;acrStarsLink-click-metrics&#8217;, &#8216;click&#8217;, { \u00aballowLinkDefault\u00bb : true },  function(event){                    if(window.ue) {                        ue.count(\u00abacrStarsLinkWithPopoverClickCount\u00bb, (ue.count(\u00abacrStarsLinkWithPopoverClickCount\u00bb) || 0) + 1);                    }                });            });                          <\/p>\n<p>\u3010Ultra-compact: Usable anywhere\u3011At only 135 \u00d7 115 \u00d7 36 mm and 470 g, the ASUS NUC 14 Essential is extremely space-saving. Whether in a small office, a retail outlet or a classroom \u2013 it finds place anywhere, yet offers more interfaces and better performance than traditional NUC models.<br \/>\u3010Reliable Performance for All Needs\u3011ASUS NUC 14 Essential features the Intel N97 processor, complemented by 16GB RAM, 512GB SSD, Windows 11 Pro and Intel UHD Graphics \u2013 a combination that ensures consistent performance. Whether for everyday office tasks, digital signage applications or embedded projects: handle multitasking solidly and becomes a great alternative to previous generations of NUC.<br \/>\u3010EASY UPGRADE &#038; ECONOMIC OPERATION\u3011ASUS NUC 14 Essential stands out for its easy maintenance and upgrade: RAM (up to 16GB DDR5) and SSD (M.2 2280\/2242 PCIe Gen3x4, compatible with 128GB\u20132TB NVMe\/SATA) are easily accessible. This reduces downtime, minimizes maintenance costs and tailors the Mini PC to your individual needs \u2013 perfect for businesses and IT teams.<br \/>\u3010Flexible Interfaces and Display Options\u3011ASUS NUC 14 Essential offers a wide range of interfaces: USB-C\/USB-A, 3.5mm audio jack, HDMI 2.1, DisplayPort 1.4 and RJ45. So you can connect monitors, printers or external storage seamlessly \u2013 ideal for use in retail, schools or Edge Computing tasks.<br \/>\u3010High-level connectivity: Fast and stable\u3011Equipped with Intel Wi-Fi 6E AX211 (Gig+), Bluetooth 5.3 and a 2.5G Gigabit Ethernet port (Realtek RTL8125BG-CG), the ASUS NUC 14 Essential features optimal connectivity. It is especially suitable for POS systems, interactive media or remote work environments (home office), where fast and secure network connections are a must.<\/p>\n\n","protected":false},"excerpt":{"rendered":"<p> Product Description Product Dimensions \u200f : \u200e 13.5 x 11.5 x 3.6 cm; 1.16 kg<\/p>","protected":false},"featured_media":27646,"comment_status":"open","ping_status":"closed","template":"","meta":[],"product_brand":[],"product_cat":[91],"product_tag":[509,536,850,803,801,805,8130,598,787,800,1865,5247,8127,2361,562,215,8126,5601,8125,808,799,806,163,814,587,807,8128,802,8129,513,543,586,804],"class_list":{"0":"post-27645","1":"product","2":"type-product","3":"status-publish","4":"has-post-thumbnail","6":"product_cat-office-pcs","7":"product_tag-16gb","8":"product_tag-512gb","9":"product_tag-asus","10":"product_tag-budget-office-pc","11":"product_tag-business-desktop-pc","12":"product_tag-compact-desktop-pc","13":"product_tag-computing","14":"product_tag-cpu","15":"product_tag-desktop","16":"product_tag-desktop-computer-for-office","17":"product_tag-digital","18":"product_tag-edge","19":"product_tag-education","20":"product_tag-essential","21":"product_tag-intel","22":"product_tag-mini","23":"product_tag-n97","24":"product_tag-nuc","25":"product_tag-nuc14mnk","26":"product_tag-office-computer-setup","27":"product_tag-office-pc","28":"product_tag-office-pc-ssd","29":"product_tag-pro","30":"product_tag-professional","31":"product_tag-ram","32":"product_tag-reliable-office-pc","33":"product_tag-signage","34":"product_tag-small-office-pc","35":"product_tag-sme","36":"product_tag-ssd","37":"product_tag-wifi","38":"product_tag-win","39":"product_tag-windows-office-pc","41":"first","42":"instock","43":"shipping-taxable","44":"product-type-external"},"_links":{"self":[{"href":"https:\/\/comprasyconsejos.store\/en\/wp-json\/wp\/v2\/product\/27645","targetHints":{"allow":["GET"]}}],"collection":[{"href":"https:\/\/comprasyconsejos.store\/en\/wp-json\/wp\/v2\/product"}],"about":[{"href":"https:\/\/comprasyconsejos.store\/en\/wp-json\/wp\/v2\/types\/product"}],"replies":[{"embeddable":true,"href":"https:\/\/comprasyconsejos.store\/en\/wp-json\/wp\/v2\/comments?post=27645"}],"version-history":[{"count":0,"href":"https:\/\/comprasyconsejos.store\/en\/wp-json\/wp\/v2\/product\/27645\/revisions"}],"wp:featuredmedia":[{"embeddable":true,"href":"https:\/\/comprasyconsejos.store\/en\/wp-json\/wp\/v2\/media\/27646"}],"wp:attachment":[{"href":"https:\/\/comprasyconsejos.store\/en\/wp-json\/wp\/v2\/media?parent=27645"}],"wp:term":[{"taxonomy":"product_brand","embeddable":true,"href":"https:\/\/comprasyconsejos.store\/en\/wp-json\/wp\/v2\/product_brand?post=27645"},{"taxonomy":"product_cat","embeddable":true,"href":"https:\/\/comprasyconsejos.store\/en\/wp-json\/wp\/v2\/product_cat?post=27645"},{"taxonomy":"product_tag","embeddable":true,"href":"https:\/\/comprasyconsejos.store\/en\/wp-json\/wp\/v2\/product_tag?post=27645"}],"curies":[{"name":"wp","href":"https:\/\/api.w.org\/{rel}","templated":true}]}}