{"id":27686,"date":"2026-02-20T19:42:29","date_gmt":"2026-02-20T19:42:29","guid":{"rendered":"https:\/\/comprasyconsejos.store\/product\/laptop-16gb-ram-1tb-ssd-16-inch-professional-laptop-pc-n150-3-6ghz-win-11-pro-1920-x-1200-p-6000-mah-backlit-keyboard-student-office-business\/"},"modified":"2026-02-20T19:42:37","modified_gmt":"2026-02-20T19:42:37","slug":"laptop-16gb-ram-1tb-ssd-16-inch-professional-laptop-pc-n150-3-6ghz-win-11-pro-1920-x-1200-p-6000-mah-backlit-keyboard-student-office-business","status":"publish","type":"product","link":"https:\/\/comprasyconsejos.store\/en\/product\/laptop-16gb-ram-1tb-ssd-16-inch-professional-laptop-pc-n150-3-6ghz-win-11-pro-1920-x-1200-p-6000-mah-backlit-keyboard-student-office-business\/","title":{"rendered":"Laptop 16GB RAM 1TB SSD 16 Inch Professional Laptop PC N150 3.6GHz, Win 11 Pro, 1920 x 1200 p, 6000 mAh, Backlit Keyboard &#8211; Student\/Office\/Business"},"content":{"rendered":"<p>Price: <span style=\"color:#b12704\">\u20ac379.99<\/span><br \/><i><small>(as of Feb 20, 2026 19:42:30 UTC &#8211; <span class=\"wp_automatic_amazon_disclaimer\" title=\"Product prices and availability are accurate as of the date\/time indicated and are subject to change. Any price and availability information displayed on [relevant Amazon Site(s), as applicable] at the time of purchase will apply to the purchase of this product.\">Details<\/span>)<\/small><\/i><\/p>\n<p><a href=\"https:\/\/amazon.es\/dp\/B0GH6NNNBX?tag=man008-21\"><img decoding=\"async\" src=\"https:\/\/valvepress.s3.amazonaws.com\/imgs\/buy_now.png\"><\/a><br \/>\n<\/p>\n<p>                                             Product Description   <\/p>\n<p>                                                                                                       <img decoding=\"async\" alt=\"aplus content image\" src=\"https:\/\/images-na.ssl-images-amazon.com\/images\/G\/01\/x-locale\/common\/grey-pixel.gif\" class=\"a-lazy-loaded\" data-src=\"https:\/\/m.media-amazon.com\/images\/S\/aplus-media-library-service-media\/c054d1c5-0d99-4831-a8ea-e5c913cc23ca.__CR0,0,1464,600_PT0_SX1464_V1___.jpg\"><img decoding=\"async\" alt=\"aplus content image\" src=\"https:\/\/m.media-amazon.com\/images\/S\/aplus-media-library-service-media\/c054d1c5-0d99-4831-a8ea-e5c913cc23ca.__CR0,0,1464,600_PT0_SX1464_V1___.jpg\">                                               <\/p>\n<p>                                                                                                       <img decoding=\"async\" alt=\"aplus content image\" src=\"https:\/\/images-na.ssl-images-amazon.com\/images\/G\/01\/x-locale\/common\/grey-pixel.gif\" class=\"a-lazy-loaded\" data-src=\"https:\/\/m.media-amazon.com\/images\/S\/aplus-media-library-service-media\/cd7ce8ac-7fbb-4242-9a2b-b1e2d8db5f29.__CR0,0,1464,600_PT0_SX1464_V1___.jpg\"><img decoding=\"async\" alt=\"aplus content image\" src=\"https:\/\/m.media-amazon.com\/images\/S\/aplus-media-library-service-media\/cd7ce8ac-7fbb-4242-9a2b-b1e2d8db5f29.__CR0,0,1464,600_PT0_SX1464_V1___.jpg\">                                               <\/p>\n<p>                                                                                                       <img decoding=\"async\" alt=\"aplus content image\" src=\"https:\/\/images-na.ssl-images-amazon.com\/images\/G\/01\/x-locale\/common\/grey-pixel.gif\" class=\"a-lazy-loaded\" data-src=\"https:\/\/m.media-amazon.com\/images\/S\/aplus-media-library-service-media\/207ac6ee-29bc-468f-859b-0bac970919d7.__CR0,0,1464,600_PT0_SX1464_V1___.jpg\"><img decoding=\"async\" alt=\"aplus content image\" src=\"https:\/\/m.media-amazon.com\/images\/S\/aplus-media-library-service-media\/207ac6ee-29bc-468f-859b-0bac970919d7.__CR0,0,1464,600_PT0_SX1464_V1___.jpg\">                                               <\/p>\n<p>                                                                                                       <img decoding=\"async\" alt=\"Texto: \u00abTeclado retroiluminado de tama\u00f1o completo\u00bb, \u00abPresiona FN+F9\u00bb, \u00abPara abrir retroiluminado\u00bb, \u00abTeclado num\u00e9rico\u00bb. Teclado iluminado en azul con funciones y controles etiquetados.\" src=\"https:\/\/images-na.ssl-images-amazon.com\/images\/G\/01\/x-locale\/common\/grey-pixel.gif\" class=\"a-lazy-loaded\" data-src=\"https:\/\/m.media-amazon.com\/images\/S\/aplus-media-library-service-media\/e0407da5-f28b-480b-941d-79e7513521cb.__CR0,0,1464,600_PT0_SX1464_V1___.jpg\"><img decoding=\"async\" alt=\"Texto: \u00abTeclado retroiluminado de tama\u00f1o completo\u00bb, \u00abPresiona FN+F9\u00bb, \u00abPara abrir retroiluminado\u00bb, \u00abTeclado num\u00e9rico\u00bb. Teclado iluminado en azul con funciones y controles etiquetados.\" src=\"https:\/\/m.media-amazon.com\/images\/S\/aplus-media-library-service-media\/e0407da5-f28b-480b-941d-79e7513521cb.__CR0,0,1464,600_PT0_SX1464_V1___.jpg\">                                               <\/p>\n<p>                                                                                                       <img decoding=\"async\" alt=\"Diagrama t\u00e9cnico te\u00f1ido de azul que muestra el sistema de refrigeraci\u00f3n con indicadores de flujo de aire y s\u00edmbolo de temperatura.\" src=\"https:\/\/images-na.ssl-images-amazon.com\/images\/G\/01\/x-locale\/common\/grey-pixel.gif\" class=\"a-lazy-loaded\" data-src=\"https:\/\/m.media-amazon.com\/images\/S\/aplus-media-library-service-media\/0bf398bd-6e2d-45ce-a603-43e10ab02b88.__CR0,0,1464,600_PT0_SX1464_V1___.jpg\"><img decoding=\"async\" alt=\"Diagrama t\u00e9cnico te\u00f1ido de azul que muestra el sistema de refrigeraci\u00f3n con indicadores de flujo de aire y s\u00edmbolo de temperatura.\" src=\"https:\/\/m.media-amazon.com\/images\/S\/aplus-media-library-service-media\/0bf398bd-6e2d-45ce-a603-43e10ab02b88.__CR0,0,1464,600_PT0_SX1464_V1___.jpg\">                                               <\/p>\n<p>                                                                                                       <img decoding=\"async\" alt=\"El texto dice \u00abBater\u00eda de gran duraci\u00f3n\u00bb y \u00ab6000 mAh\u00bb. Cartel de marketing que muestra un indicador de bater\u00eda azul brillante que hace hincapi\u00e9 en la capacidad de alimentaci\u00f3n ampliada.\" src=\"https:\/\/images-na.ssl-images-amazon.com\/images\/G\/01\/x-locale\/common\/grey-pixel.gif\" class=\"a-lazy-loaded\" data-src=\"https:\/\/m.media-amazon.com\/images\/S\/aplus-media-library-service-media\/ee327cf0-e42b-4560-a1ce-6c25f1b94227.__CR0,0,1464,600_PT0_SX1464_V1___.jpg\"><img decoding=\"async\" alt=\"El texto dice \u00abBater\u00eda de gran duraci\u00f3n\u00bb y \u00ab6000 mAh\u00bb. Cartel de marketing que muestra un indicador de bater\u00eda azul brillante que hace hincapi\u00e9 en la capacidad de alimentaci\u00f3n ampliada.\" src=\"https:\/\/m.media-amazon.com\/images\/S\/aplus-media-library-service-media\/ee327cf0-e42b-4560-a1ce-6c25f1b94227.__CR0,0,1464,600_PT0_SX1464_V1___.jpg\">                                               <\/p>\n<p>                                                                                                       <img decoding=\"async\" alt=\"aplus content image\" src=\"https:\/\/images-na.ssl-images-amazon.com\/images\/G\/01\/x-locale\/common\/grey-pixel.gif\" class=\"a-lazy-loaded\" data-src=\"https:\/\/m.media-amazon.com\/images\/S\/aplus-media-library-service-media\/a9346d18-a422-4990-9425-6db7e4fc5e7f.__CR0,0,1464,600_PT0_SX1464_V1___.jpg\"><img decoding=\"async\" alt=\"aplus content image\" src=\"https:\/\/m.media-amazon.com\/images\/S\/aplus-media-library-service-media\/a9346d18-a422-4990-9425-6db7e4fc5e7f.__CR0,0,1464,600_PT0_SX1464_V1___.jpg\">                                               <\/p>\n<p> Product Dimensions                                            \u200f                                            :                                            \u200e                                            35.7 x 23 x 2 cm; 1.8 kg   <br \/> Manufacturer                                            \u200f                                            :                                            \u200e                                            CHIFUYOU   <br \/> ASIN                                            \u200f                                            :                                            \u200e                                            B0GH6NNNBX   <br \/> Guaranteed software updates until                                            \u200f                                            :                                            \u200e                                            unknown   <br \/>  Customer reviews:                                                                                            3.0               3.0 out of 5 stars                                  (1)                                              var dpAcrHasRegisteredArcLinkClickAction;                    P.when(&#8216;A&#8217;, &#8216;ready&#8217;).execute(function(A) {                        if (dpAcrHasRegisteredArcLinkClickAction !== true) {                            dpAcrHasRegisteredArcLinkClickAction = true;                            A.declarative(                                &#8216;acrLink-click-metrics&#8217;, &#8216;click&#8217;,                                { \u00aballowLinkDefault\u00bb: true },                                function (event) {                                    if (window.ue) {                                        ue.count(\u00abacrLinkClickCount\u00bb, (ue.count(\u00abacrLinkClickCount\u00bb) || 0) + 1);                                    }                                }                            );                        }                    });                                             P.when(&#8216;A&#8217;, &#8216;cf&#8217;).execute(function(A) {                A.declarative(&#8216;acrStarsLink-click-metrics&#8217;, &#8216;click&#8217;, { \u00aballowLinkDefault\u00bb : true },  function(event){                    if(window.ue) {                        ue.count(\u00abacrStarsLinkWithPopoverClickCount\u00bb, (ue.count(\u00abacrStarsLinkWithPopoverClickCount\u00bb) || 0) + 1);                    }                });            });                          <\/p>\n<p>\u301016-inch FULL HD Display\u3011 The CHIFUYOU laptop is equipped with a 16-inch FULL HD display with a resolution of 1920 \u00d7 1200. With a golden ratio of 16:10 and ultra-thin 4mm frames, it achieves a screen-to-body ratio of 90% for an immersive visual experience. Text appears crisp and sharp, while images show rich detail. Whether it&#8217;s audiovisual entertainment, competitive gaming, video editing or content creation, it delivers an exceptional visual experience. A built-in 0.3 megapixel HD camera at the top of the screen allows you to start video calls with friends and family at any time.<br \/>\u3010Quad-Core Power, Extended Battery Life\u3011This laptop is equipped with a 12th generation N150 quad-core processor with four threads, which offers a maximum clock speed of 3.6GHz. Easily manage demanding workloads and immersive gaming, allowing you to multitask without lag, whether it&#8217;s increasing productivity or enjoying leisure time. With an integrated graphics core and pre-installed Win 11, it delivers responsive performance for document processing, web browsing and office multitasking needs without any effort.<br \/>\u3010Versatile &#038; Portable, Slim &#038; Lightweight\u3011Weighing only 1.6kg and a thickness of 20mm, this laptop is slim and portable, but at the same time sturdy and durable, making it easy to take anywhere. The 180\u00b0 flat hinge design allows flexible screen angle adjustment, making it easy to collaborate with team or content sharing; its robust metal frame withstands daily bumps and pressures.<br \/>\u3010Long Battery Life &#038; Backlit Keyboard\u3011Equipped with a built-in high-capacity 6000mAh\/46.2Wh battery, this device offers exceptional durability. Whether plugged into the mains or powered by battery, it always ensures optimal performance. In addition, the laptop incorporates a two-level backlit keyboard, which improves usability in low light conditions and meets the needs of office work, study or mobile entertainment.<br \/>\u3010Attention to Users Needs\u3011CHIFUYOU is committed to providing customers with high-quality products and services. Every computer undergoes rigorous testing 24\/7 before leaving our factory. In addition, we offer a one-year warranty and 24-hour customer support. If you have any questions, please feel free to contact us at any time. If any problems arise when using our products, please inform us immediately and we will help you find a solution.<\/p>\n\n","protected":false},"excerpt":{"rendered":"<p> Product Description Product Dimensions \u200f : \u200e 35.7 x 23 x 2 cm; 1.8 kg<\/p>","protected":false},"featured_media":27687,"comment_status":"open","ping_status":"closed","template":"","meta":[],"product_brand":[],"product_cat":[87],"product_tag":[509,602,2418,830,557,555,584,518,159,550,556,2231,691,554,163,814,587,549,513,8134,548,552,553,551,586],"class_list":{"0":"post-27686","1":"product","2":"type-product","3":"status-publish","4":"has-post-thumbnail","6":"product_cat-ultrabook","7":"product_tag-16gb","8":"product_tag-1tb","9":"product_tag-3-6ghz","10":"product_tag-backlit","11":"product_tag-best-ultrabook","12":"product_tag-business-ultrabook","13":"product_tag-inch","14":"product_tag-keyboard","15":"product_tag-laptop","16":"product_tag-lightweight-ultrabook","17":"product_tag-long-battery-ultrabook","18":"product_tag-mah","19":"product_tag-n150","20":"product_tag-premium-ultrabook","21":"product_tag-pro","22":"product_tag-professional","23":"product_tag-ram","24":"product_tag-slim-ultrabook","25":"product_tag-ssd","26":"product_tag-studentofficebusiness","27":"product_tag-ultrabook","28":"product_tag-ultrabook-14-inch","29":"product_tag-ultrabook-i7","30":"product_tag-ultrabook-with-ssd","31":"product_tag-win","33":"first","34":"instock","35":"shipping-taxable","36":"product-type-external"},"_links":{"self":[{"href":"https:\/\/comprasyconsejos.store\/en\/wp-json\/wp\/v2\/product\/27686","targetHints":{"allow":["GET"]}}],"collection":[{"href":"https:\/\/comprasyconsejos.store\/en\/wp-json\/wp\/v2\/product"}],"about":[{"href":"https:\/\/comprasyconsejos.store\/en\/wp-json\/wp\/v2\/types\/product"}],"replies":[{"embeddable":true,"href":"https:\/\/comprasyconsejos.store\/en\/wp-json\/wp\/v2\/comments?post=27686"}],"version-history":[{"count":0,"href":"https:\/\/comprasyconsejos.store\/en\/wp-json\/wp\/v2\/product\/27686\/revisions"}],"wp:featuredmedia":[{"embeddable":true,"href":"https:\/\/comprasyconsejos.store\/en\/wp-json\/wp\/v2\/media\/27687"}],"wp:attachment":[{"href":"https:\/\/comprasyconsejos.store\/en\/wp-json\/wp\/v2\/media?parent=27686"}],"wp:term":[{"taxonomy":"product_brand","embeddable":true,"href":"https:\/\/comprasyconsejos.store\/en\/wp-json\/wp\/v2\/product_brand?post=27686"},{"taxonomy":"product_cat","embeddable":true,"href":"https:\/\/comprasyconsejos.store\/en\/wp-json\/wp\/v2\/product_cat?post=27686"},{"taxonomy":"product_tag","embeddable":true,"href":"https:\/\/comprasyconsejos.store\/en\/wp-json\/wp\/v2\/product_tag?post=27686"}],"curies":[{"name":"wp","href":"https:\/\/api.w.org\/{rel}","templated":true}]}}