{"id":27702,"date":"2026-02-20T19:51:14","date_gmt":"2026-02-20T19:51:14","guid":{"rendered":"https:\/\/comprasyconsejos.store\/product\/lenovo-ideapad-slim-3-gen-8-laptop-15-6-fhd-intel-core-i5-13420h-16gb-ram-512gb-ssd-intel-uhd-graphics-wi-fi-6-win-11-home-office-trial-spanish-qwerty-keyboard-arctic-grey\/"},"modified":"2026-02-20T19:51:28","modified_gmt":"2026-02-20T19:51:28","slug":"lenovo-ideapad-slim-3-gen-8-laptop-15-6-fhd-intel-core-i5-13420h-16gb-ram-512gb-ssd-intel-uhd-graphics-wi-fi-6-win-11-home-office-trial-spanish-qwerty-keyboard-arctic-grey","status":"publish","type":"product","link":"https:\/\/comprasyconsejos.store\/en\/product\/lenovo-ideapad-slim-3-gen-8-laptop-15-6-fhd-intel-core-i5-13420h-16gb-ram-512gb-ssd-intel-uhd-graphics-wi-fi-6-win-11-home-office-trial-spanish-qwerty-keyboard-arctic-grey\/","title":{"rendered":"Lenovo IdeaPad Slim 3 Gen 8 Laptop 15.6&#8243; FHD Intel Core i5-13420H, 16GB RAM, 512GB SSD, Intel UHD Graphics, Wi-Fi 6, Win 11 Home, Office Trial Spanish QWERTY Keyboard &#8211; Arctic Grey"},"content":{"rendered":"<p>Price: <span style=\"color:#b12704\">\u20ac579.00<\/span><br \/><i><small>(as of Feb 20, 2026 19:51:15 UTC &#8211; <span class=\"wp_automatic_amazon_disclaimer\" title=\"Product prices and availability are accurate as of the date\/time indicated and are subject to change. Any price and availability information displayed on [relevant Amazon Site(s), as applicable] at the time of purchase will apply to the purchase of this product.\">Details<\/span>)<\/small><\/i><\/p>\n<p><a href=\"https:\/\/amazon.es\/dp\/B0DMWCMW7W?tag=man008-21\"><img decoding=\"async\" src=\"https:\/\/valvepress.s3.amazonaws.com\/imgs\/buy_now.png\"><\/a><br \/>\n<\/p>\n<p>                                             From the manufacturer   <\/p>\n<p>                                                                     Lenovo IdeaPad Slim 3 Gen 8 &#8211; La opci\u00f3n m\u00e1s Smart para la movilidad                                            <img decoding=\"async\" alt=\"Lenovo IdeaPad Slim 3 Gen 8 imagen port\u00e1til y usuaria\" src=\"https:\/\/images-na.ssl-images-amazon.com\/images\/G\/01\/x-locale\/common\/grey-pixel.gif\" class=\"a-lazy-loaded\" data-src=\"https:\/\/m.media-amazon.com\/images\/S\/aplus-media-library-service-media\/b1298ed9-3d40-4f46-bc3b-3ae72f31250e.__CR0,0,1464,600_PT0_SX1464_V1___.jpg\"><img decoding=\"async\" alt=\"Lenovo IdeaPad Slim 3 Gen 8 imagen port\u00e1til y usuaria\" src=\"https:\/\/m.media-amazon.com\/images\/S\/aplus-media-library-service-media\/b1298ed9-3d40-4f46-bc3b-3ae72f31250e.__CR0,0,1464,600_PT0_SX1464_V1___.jpg\">                                               <\/p>\n<p>                                                                                                       <img decoding=\"async\" alt=\"Lenovo IdeaPad Slim 3 Gen 8 fotograf\u00eda usuaria y ordenador, saludando frente a c\u00e1mara\" src=\"https:\/\/images-na.ssl-images-amazon.com\/images\/G\/01\/x-locale\/common\/grey-pixel.gif\" class=\"a-lazy-loaded\" data-src=\"https:\/\/m.media-amazon.com\/images\/S\/aplus-media-library-service-media\/726fb913-f3fc-4795-bd52-c8be63a8f42b.__CR0,0,1464,600_PT0_SX1464_V1___.jpg\"><img decoding=\"async\" alt=\"Lenovo IdeaPad Slim 3 Gen 8 fotograf\u00eda usuaria y ordenador, saludando frente a c\u00e1mara\" src=\"https:\/\/m.media-amazon.com\/images\/S\/aplus-media-library-service-media\/726fb913-f3fc-4795-bd52-c8be63a8f42b.__CR0,0,1464,600_PT0_SX1464_V1___.jpg\">                                               <\/p>\n<p>The video showcases the product in use.The video guides you through product setup.The video compares multiple products.The video shows the product being unpacked.<\/p>\n<p>                                                                                                                    <img decoding=\"async\" alt=\"Lenovo IdeaPad Slim 3 Gen 8 Imagen frontal ordenador abri\u00e9ndose y pluma sobre su pantalla\" src=\"https:\/\/m.media-amazon.com\/images\/S\/aplus-media-library-service-media\/cf75328a-d054-4198-8bd0-97ac6401e693.__CR0,0,1464,600_PT0_SX1464_V1___.jpg\">                                                    <img decoding=\"async\" alt=\"Lenovo IdeaPad Slim 3 Gen 8 Imagen detalle del procesador Intel\" src=\"https:\/\/m.media-amazon.com\/images\/S\/aplus-media-library-service-media\/eece6356-a444-48a8-89a6-c6ddd9cbac0e.__CR0,0,1464,600_PT0_SX1464_V1___.jpg\">                                                    <img decoding=\"async\" alt=\"Lenovo IdeaPad Slim 3 Gen 8 Imagen frontal pantalla\" src=\"https:\/\/m.media-amazon.com\/images\/S\/aplus-media-library-service-media\/3fecd1e5-f810-42ae-9251-95ed34a4ce8d.__CR0,0,1464,600_PT0_SX1464_V1___.jpg\">                                                    <img decoding=\"async\" alt=\"Lenovo IdeaPad Slim 3 Gen 8 Imagen Carga r\u00e1pida\" src=\"https:\/\/m.media-amazon.com\/images\/S\/aplus-media-library-service-media\/71f092ec-07a7-4372-8875-4baf21079b33.__CR0,0,1464,600_PT0_SX1464_V1___.jpg\">                                                    <img decoding=\"async\" alt=\"Lenovo IdeaPad Slim 3 Gen 8 Imagen Smart Power\" src=\"https:\/\/m.media-amazon.com\/images\/S\/aplus-media-library-service-media\/bcc7a4e7-47a1-445b-9154-8ea45046c756.__CR0,0,1464,600_PT0_SX1464_V1___.jpg\"><br \/>\n                            1 10% m\u00e1s delgado <\/p>\n<p>                            2 Procesador <\/p>\n<p>                            3 Pantalla <\/p>\n<p>                            4 Carga r\u00e1pida <\/p>\n<p>                            5 M\u00e1s smart <\/p>\n<p>                                                                                                       <img decoding=\"async\" alt=\"Lenovo IdeaPad Slim 3 Gen 8 Imagen certificaci\u00f3n grado militar\" src=\"https:\/\/images-na.ssl-images-amazon.com\/images\/G\/01\/x-locale\/common\/grey-pixel.gif\" class=\"a-lazy-loaded\" data-src=\"https:\/\/m.media-amazon.com\/images\/S\/aplus-media-library-service-media\/723df963-c440-476c-959a-d1a1df04655d.__CR0,0,1464,600_PT0_SX1464_V1___.jpg\"><img decoding=\"async\" alt=\"Lenovo IdeaPad Slim 3 Gen 8 Imagen certificaci\u00f3n grado militar\" src=\"https:\/\/m.media-amazon.com\/images\/S\/aplus-media-library-service-media\/723df963-c440-476c-959a-d1a1df04655d.__CR0,0,1464,600_PT0_SX1464_V1___.jpg\">                                               <\/p>\n<p>                                                                                                       <img decoding=\"async\" alt=\"Lenovo IdeaPad Slim 3 Gen 8 imagen descripci\u00f3n de puertos y ranuras\" src=\"https:\/\/images-na.ssl-images-amazon.com\/images\/G\/01\/x-locale\/common\/grey-pixel.gif\" class=\"a-lazy-loaded\" data-src=\"https:\/\/m.media-amazon.com\/images\/S\/aplus-media-library-service-media\/9f791c8e-0352-4f8f-8c92-93d9818ebdc6.__CR0,0,1464,600_PT0_SX1464_V1___.jpg\"><img decoding=\"async\" alt=\"Lenovo IdeaPad Slim 3 Gen 8 imagen descripci\u00f3n de puertos y ranuras\" src=\"https:\/\/m.media-amazon.com\/images\/S\/aplus-media-library-service-media\/9f791c8e-0352-4f8f-8c92-93d9818ebdc6.__CR0,0,1464,600_PT0_SX1464_V1___.jpg\">                                         <\/p>\n<p class=\"aplus-description aplus-container-3 aplus-p1\"> 1- Entrada de energ\u00eda    |    2- USB 3.2 Gen 14 Type-A    |    3- HDMI 1.4    |    4- USB 3.2 Gen 14 Type-C (funci\u00f3n completa)    |    5- Conector de audio    |    6- Lector de tarjeta SD    |    7- USB 3.2 Gen 1\u00b3 Type-A <\/p>\n<h3 class=\"a-size-extra-large a-spacing-base a-text-center\"> Especificaciones t\u00e9cnicas especiales <\/h3>\n<p>                                                        Procesador                                    Intel Core i5-13420H,  de 8 n\u00facleos                                         Gr\u00e1ficos                                    Gr\u00e1ficos Intel UHD integrados                                        Chipset                                    Plataforma SoC Intel                                        Lector de tarjetas                                    Lector de tarjetas SD                                        Chip de audio                                    Audio de alta definici\u00f3n (HD)                                        Altavoces                                     Altavoces est\u00e9reo orientados al usuario, 1,5 W x2, optimizados con Dolby Audio                                        C\u00e1mara                                    HD 720p con obturador de privacidad                                        Panel t\u00e1ctil                                    Panel t\u00e1ctil multit\u00e1ctil con superficie Mylar sin botones, compatible con Precision TouchPad (PTP), 69 x 104 mm                                                          Conectividad                                    Wi-Fi 6 &#8211; Bluetooth 5.2                                        Chip de seguridad                                    Firmware TPM 2.0 habilitado                                        Otra seguridad                                    Obturador de privacidad de la c\u00e1mara                                        Cumple con                                    ENERGY STAR 8.0,  EPEAT Silver Registered, ErP Lot 6, ErP Lot 26, RoHS compliant                                        Protecci\u00f3n visual                                    T\u00dcV Rheinland Luz azul baja (soluci\u00f3n de software)                                        Prueba Militar                                    MIL-STD-810H (21 elementos de prueba)                                        Sistema operativo                                     Windows 11 Home, espa\u00f1ol                                        Software incluido                                    Office (Versi\u00f3n de prueba)                     <\/p>\n<p> Batteries                                            \u200f                                            :                                            \u200e                                            1 LR44 batteries required. (included)   <br \/> Product Dimensions                                            \u200f                                            :                                            \u200e                                            35.9 x 23.5 x 1.8 cm; 1.62 kg   <br \/> Manufacturer                                            \u200f                                            :                                            \u200e                                            Lenovo   <br \/> ASIN                                            \u200f                                            :                                            \u200e                                            B0DMWCMW7W   <br \/> Item model number                                            \u200f                                            :                                            \u200e                                            83EM00FBSP   <br \/> Country of origin                                            \u200f                                            :                                            \u200e                                            Spain   <br \/> Guaranteed software updates until                                            \u200f                                            :                                            \u200e                                            unknown   <br \/>  Customer reviews:                                                                                            4.4               4.4 out of 5 stars                                  (226)                                              var dpAcrHasRegisteredArcLinkClickAction;                    P.when(&#8216;A&#8217;, &#8216;ready&#8217;).execute(function(A) {                        if (dpAcrHasRegisteredArcLinkClickAction !== true) {                            dpAcrHasRegisteredArcLinkClickAction = true;                            A.declarative(                                &#8216;acrLink-click-metrics&#8217;, &#8216;click&#8217;,                                { \u00aballowLinkDefault\u00bb: true },                                function (event) {                                    if (window.ue) {                                        ue.count(\u00abacrLinkClickCount\u00bb, (ue.count(\u00abacrLinkClickCount\u00bb) || 0) + 1);                                    }                                }                            );                        }                    });                                             P.when(&#8216;A&#8217;, &#8216;cf&#8217;).execute(function(A) {                A.declarative(&#8216;acrStarsLink-click-metrics&#8217;, &#8216;click&#8217;, { \u00aballowLinkDefault\u00bb : true },  function(event){                    if(window.ue) {                        ue.count(\u00abacrStarsLinkWithPopoverClickCount\u00bb, (ue.count(\u00abacrStarsLinkWithPopoverClickCount\u00bb) || 0) + 1);                    }                });            });                          <\/p>\n<p>Get quick response for all your multitasking apps and activities with the Intel Core i5-13420H processor, 16GB RAM, and 512GB storage<br \/>Designed for work, study or entertainment: Enjoy vivid images with the 15.6&#8243; FHD display, 1920 x 1080 px resolution and 16:9 aspect ratio<br \/>Make the most of the powerful 47Wh battery and Rapid Charge Boost function, giving you up to 2 hours of battery life with just 15 minutes of charge<br \/>Enjoy high versatility with the Type-C port for fast charging, display output and data transfer; 2 USB 3.2 ports, HDMI port and SD card reader<br \/>Robust equipment at your service: Windows 11 Home in Spanish, Microsoft Office trial version, T\u00dcV Rheinland visual protection and MIL-STD-810H military test<\/p>\n\n","protected":false},"excerpt":{"rendered":"<p> From the manufacturer Lenovo IdeaPad Slim 3 Gen 8 &#8211; La opci\u00f3n m\u00e1s Smart para<\/p>","protected":false},"featured_media":27703,"comment_status":"open","ping_status":"closed","template":"","meta":[],"product_brand":[],"product_cat":[85],"product_tag":[509,536,2880,575,573,577,698,578,581,639,855,644,204,626,1065,5930,562,518,159,582,1054,576,585,574,580,858,587,288,5273,513,8136,684,543,586,579],"class_list":{"0":"post-27702","1":"product","2":"type-product","3":"status-publish","4":"has-post-thumbnail","6":"product_cat-business-laptop","7":"product_tag-16gb","8":"product_tag-512gb","9":"product_tag-arctic","10":"product_tag-best-laptop-for-business","11":"product_tag-business-laptop","12":"product_tag-business-laptop-with-ssd","13":"product_tag-core","14":"product_tag-corporate-laptop","15":"product_tag-durable-business-laptop","16":"product_tag-fhd","17":"product_tag-gen","18":"product_tag-graphics","19":"product_tag-grey","20":"product_tag-home","21":"product_tag-i513420h","22":"product_tag-ideapad","23":"product_tag-intel","24":"product_tag-keyboard","25":"product_tag-laptop","26":"product_tag-laptop-for-work","27":"product_tag-lenovo","28":"product_tag-lightweight-business-laptop","29":"product_tag-office","30":"product_tag-office-laptop","31":"product_tag-professional-laptop","32":"product_tag-qwerty","33":"product_tag-ram","34":"product_tag-slim","35":"product_tag-spanish","36":"product_tag-ssd","37":"product_tag-trial","38":"product_tag-uhd","39":"product_tag-wifi","40":"product_tag-win","41":"product_tag-windows-business-laptop","43":"first","44":"instock","45":"shipping-taxable","46":"product-type-external"},"_links":{"self":[{"href":"https:\/\/comprasyconsejos.store\/en\/wp-json\/wp\/v2\/product\/27702","targetHints":{"allow":["GET"]}}],"collection":[{"href":"https:\/\/comprasyconsejos.store\/en\/wp-json\/wp\/v2\/product"}],"about":[{"href":"https:\/\/comprasyconsejos.store\/en\/wp-json\/wp\/v2\/types\/product"}],"replies":[{"embeddable":true,"href":"https:\/\/comprasyconsejos.store\/en\/wp-json\/wp\/v2\/comments?post=27702"}],"version-history":[{"count":0,"href":"https:\/\/comprasyconsejos.store\/en\/wp-json\/wp\/v2\/product\/27702\/revisions"}],"wp:featuredmedia":[{"embeddable":true,"href":"https:\/\/comprasyconsejos.store\/en\/wp-json\/wp\/v2\/media\/27703"}],"wp:attachment":[{"href":"https:\/\/comprasyconsejos.store\/en\/wp-json\/wp\/v2\/media?parent=27702"}],"wp:term":[{"taxonomy":"product_brand","embeddable":true,"href":"https:\/\/comprasyconsejos.store\/en\/wp-json\/wp\/v2\/product_brand?post=27702"},{"taxonomy":"product_cat","embeddable":true,"href":"https:\/\/comprasyconsejos.store\/en\/wp-json\/wp\/v2\/product_cat?post=27702"},{"taxonomy":"product_tag","embeddable":true,"href":"https:\/\/comprasyconsejos.store\/en\/wp-json\/wp\/v2\/product_tag?post=27702"}],"curies":[{"name":"wp","href":"https:\/\/api.w.org\/{rel}","templated":true}]}}