{"id":27723,"date":"2026-02-20T20:02:53","date_gmt":"2026-02-20T20:02:53","guid":{"rendered":"https:\/\/comprasyconsejos.store\/product\/spigen-glas-tr-ez-fit-screen-protector-for-iphone-15-pro-max-2-pack-easy-installation-high-definition-9h-hardness\/"},"modified":"2026-02-20T20:03:10","modified_gmt":"2026-02-20T20:03:10","slug":"spigen-glas-tr-ez-fit-screen-protector-for-iphone-15-pro-max-2-pack-easy-installation-high-definition-9h-hardness","status":"publish","type":"product","link":"https:\/\/comprasyconsejos.store\/en\/product\/spigen-glas-tr-ez-fit-screen-protector-for-iphone-15-pro-max-2-pack-easy-installation-high-definition-9h-hardness\/","title":{"rendered":"Spigen Glas.tR EZ Fit Screen Protector for iPhone 15 Pro Max, 2-Pack, Easy Installation, High Definition, 9H Hardness"},"content":{"rendered":"<p>Price: <span style=\"color:#b12704\">\u20ac19.99<\/span><br \/><i><small>(as of Feb 20, 2026 20:02:53 UTC &#8211; <span class=\"wp_automatic_amazon_disclaimer\" title=\"Product prices and availability are accurate as of the date\/time indicated and are subject to change. Any price and availability information displayed on [relevant Amazon Site(s), as applicable] at the time of purchase will apply to the purchase of this product.\">Details<\/span>)<\/small><\/i><\/p>\n<p><a href=\"https:\/\/amazon.es\/dp\/B0C9S24VV8?tag=man008-21\"><img decoding=\"async\" src=\"https:\/\/valvepress.s3.amazonaws.com\/imgs\/buy_now.png\"><\/a><br \/>\n<\/p>\n<p>                                             Product Description   <\/p>\n<p>                                                                                                       <img decoding=\"async\" alt=\"Primer plano de un dispositivo rectangular gris con una franja naranja etiquetada como &amp;#39;PRESS &amp;amp; SLIDE&amp;#39;. El texto \u00abGLAS.tr\" src=\"https:\/\/images-na.ssl-images-amazon.com\/images\/G\/01\/x-locale\/common\/grey-pixel.gif\" class=\"a-lazy-loaded\" data-src=\"https:\/\/m.media-amazon.com\/images\/S\/aplus-media-library-service-media\/2155eb32-3ef1-4b3e-a609-b37d85a1e0ca.__CR0,0,1464,600_PT0_SX1464_V1___.jpg\"><img decoding=\"async\" alt=\"Primer plano de un dispositivo rectangular gris con una franja naranja etiquetada como &amp;#39;PRESS &amp;amp; SLIDE&amp;#39;. El texto \u00abGLAS.tr\" src=\"https:\/\/m.media-amazon.com\/images\/S\/aplus-media-library-service-media\/2155eb32-3ef1-4b3e-a609-b37d85a1e0ca.__CR0,0,1464,600_PT0_SX1464_V1___.jpg\">                                               <\/p>\n<p>                                                                                                       <img decoding=\"async\" alt=\". Incluye marco de alineaci\u00f3n, protector de pantalla y herramientas de aplicaci\u00f3n. El texto en espa\u00f1ol describe el proceso preciso de aplicaci\u00f3n del vidrio.\" src=\"https:\/\/images-na.ssl-images-amazon.com\/images\/G\/01\/x-locale\/common\/grey-pixel.gif\" class=\"a-lazy-loaded\" data-src=\"https:\/\/m.media-amazon.com\/images\/S\/aplus-media-library-service-media\/98a84175-9954-42a2-bc36-9027106de5bf.__CR0,0,1464,600_PT0_SX1464_V1___.jpg\"><img decoding=\"async\" alt=\". Incluye marco de alineaci\u00f3n, protector de pantalla y herramientas de aplicaci\u00f3n. El texto en espa\u00f1ol describe el proceso preciso de aplicaci\u00f3n del vidrio.\" src=\"https:\/\/m.media-amazon.com\/images\/S\/aplus-media-library-service-media\/98a84175-9954-42a2-bc36-9027106de5bf.__CR0,0,1464,600_PT0_SX1464_V1___.jpg\">                                               <\/p>\n<p>                                                                                                       <img decoding=\"async\" alt=\"La lista de productos muestra el aviso de compatibilidad del iPhone 15 Pro Max con im\u00e1genes del dispositivo que muestran la configuraci\u00f3n de triple c\u00e1mara y la vista de los bordes sobre un fondo negro.\" src=\"https:\/\/images-na.ssl-images-amazon.com\/images\/G\/01\/x-locale\/common\/grey-pixel.gif\" class=\"a-lazy-loaded\" data-src=\"https:\/\/m.media-amazon.com\/images\/S\/aplus-media-library-service-media\/26eab993-a6fb-4a52-b930-074397d24d13.__CR0,0,1464,600_PT0_SX1464_V1___.jpg\"><img decoding=\"async\" alt=\"La lista de productos muestra el aviso de compatibilidad del iPhone 15 Pro Max con im\u00e1genes del dispositivo que muestran la configuraci\u00f3n de triple c\u00e1mara y la vista de los bordes sobre un fondo negro.\" src=\"https:\/\/m.media-amazon.com\/images\/S\/aplus-media-library-service-media\/26eab993-a6fb-4a52-b930-074397d24d13.__CR0,0,1464,600_PT0_SX1464_V1___.jpg\">                                               <\/p>\n<p>                                                                                                                <img decoding=\"async\" alt=\"Demostraci\u00f3n en primer plano de c\u00f3mo se quita una pel\u00edcula o cubierta protectora, mostrando las manos quitando material transparente sobre un fondo blanco\" src=\"https:\/\/m.media-amazon.com\/images\/S\/aplus-media-library-service-media\/ee7a033c-eab9-48b8-b527-f8492a3b58d4.__CR0,0,1464,600_PT0_SX1464_V1___.jpg\">                                                    <img decoding=\"async\" alt=\"Proceso de aplicaci\u00f3n del protector de pantalla para tel\u00e9fonos inteligentes. Sostenga con la mano una pel\u00edcula transparente sobre un dispositivo, con una luz azul que indica la alineaci\u00f3n o la instalaci\u00f3n.\" src=\"https:\/\/m.media-amazon.com\/images\/S\/aplus-media-library-service-media\/289a903a-f271-4115-8b1e-235df8199e63.__CR0,0,1464,600_PT0_SX1464_V1___.jpg\">                                                    <img decoding=\"async\" alt=\"Dispositivo rectangular blanco con un dedo pulsando un bot\u00f3n, lo que demuestra su facilidad de uso. El texto en espa\u00f1ol indica que es f\u00e1cil de hacer.\" src=\"https:\/\/m.media-amazon.com\/images\/S\/aplus-media-library-service-media\/d18cfe84-2967-4a26-ac4c-758d90985820.__CR0,0,1464,600_PT0_SX1464_V1___.jpg\"><br \/>\n                            1 Instalaci\u00f3n f\u00e1cil <\/p>\n<p>                            2 Aplicaci\u00f3n simplicada <\/p>\n<p>                            3 F\u00e1cil lo hace <\/p>\n<p>                                                                                                       <img decoding=\"async\" alt=\"Diagrama de capas de protectores de pantalla de vidrio templado en espa\u00f1ol. Muestra vidrio, revestimiento de silicona y otros elementos de protecci\u00f3n para la pantalla de un dispositivo m\u00f3vil.\" src=\"https:\/\/images-na.ssl-images-amazon.com\/images\/G\/01\/x-locale\/common\/grey-pixel.gif\" class=\"a-lazy-loaded\" data-src=\"https:\/\/m.media-amazon.com\/images\/S\/aplus-media-library-service-media\/864eed33-5718-4817-81fb-5a1020e3268c.__CR0,0,1464,600_PT0_SX1464_V1___.jpg\"><img decoding=\"async\" alt=\"Diagrama de capas de protectores de pantalla de vidrio templado en espa\u00f1ol. Muestra vidrio, revestimiento de silicona y otros elementos de protecci\u00f3n para la pantalla de un dispositivo m\u00f3vil.\" src=\"https:\/\/m.media-amazon.com\/images\/S\/aplus-media-library-service-media\/864eed33-5718-4817-81fb-5a1020e3268c.__CR0,0,1464,600_PT0_SX1464_V1___.jpg\">                                               <\/p>\n<p>                                                                                                                <img decoding=\"async\" alt=\"para protector de pantalla para iPhone. Figura iluminada con luces de ne\u00f3n y cabeza rapada sobre fondo oscuro. El texto en espa\u00f1ol describe la protecci\u00f3n total del dispositivo\" src=\"https:\/\/m.media-amazon.com\/images\/S\/aplus-media-library-service-media\/da305256-ef80-4310-8ae9-ee49b7662777.__CR0,0,1464,600_PT0_SX1464_V1___.jpg\">                                                    <img decoding=\"async\" alt=\"a\" src=\"https:\/\/m.media-amazon.com\/images\/S\/aplus-media-library-service-media\/21f90874-4577-45e9-aced-08417393a152.__CR0,0,1464,600_PT0_SX1464_V1___.jpg\">                                                    <img decoding=\"async\" alt=\"Dos tel\u00e9fonos inteligentes con pantallas iluminadas que muestran coloridos dise\u00f1os abstractos sobre un fondo oscuro. El texto en espa\u00f1ol describe la claridad de la pantalla.\" src=\"https:\/\/m.media-amazon.com\/images\/S\/aplus-media-library-service-media\/3ab050ab-72e9-4837-ac54-ab49f991a5b3.__CR0,0,1464,600_PT0_SX1464_V1___.jpg\"><br \/>\n                            1 Total protecci\u00f3n <\/p>\n<p>                            2 Corte preciso <\/p>\n<p>                            3 Cristal cristalina <\/p>\n<p>                                                                                                       <img decoding=\"async\" alt=\"Manos que sostienen un tel\u00e9fono inteligente que muestra las luces nocturnas de la ciudad. Texto superpuesto en espa\u00f1ol sobre la respuesta t\u00e1ctil del dispositivo\" src=\"https:\/\/images-na.ssl-images-amazon.com\/images\/G\/01\/x-locale\/common\/grey-pixel.gif\" class=\"a-lazy-loaded\" data-src=\"https:\/\/m.media-amazon.com\/images\/S\/aplus-media-library-service-media\/9df96ad2-07a6-4fd0-bd29-8d92d2c1041c.__CR0,0,1464,600_PT0_SX1464_V1___.jpg\"><img decoding=\"async\" alt=\"Manos que sostienen un tel\u00e9fono inteligente que muestra las luces nocturnas de la ciudad. Texto superpuesto en espa\u00f1ol sobre la respuesta t\u00e1ctil del dispositivo\" src=\"https:\/\/m.media-amazon.com\/images\/S\/aplus-media-library-service-media\/9df96ad2-07a6-4fd0-bd29-8d92d2c1041c.__CR0,0,1464,600_PT0_SX1464_V1___.jpg\">                                               <\/p>\n<p> Product Dimensions                                            \u200f                                            :                                            \u200e                                            15.54 x 7.22 x 1.27 cm; 30 g   <br \/> Date First Available                                            \u200f                                            :                                            \u200e                                            28 Aug. 2023   <br \/> Manufacturer                                            \u200f                                            :                                            \u200e                                            Spigen   <br \/> ASIN                                            \u200f                                            :                                            \u200e                                            B0C9S24VV8   <br \/> Item model number                                            \u200f                                            :                                            \u200e                                            AGL06872   <br \/> Country of origin                                            \u200f                                            :                                            \u200e                                            China   <br \/>       Best Sellers Rank:  11 in Mobile Phone Screen Protectors       <br \/>  Customer reviews:                                                                                            4.4               4.4 out of 5 stars                                  (82,467)                                              var dpAcrHasRegisteredArcLinkClickAction;                    P.when(&#8216;A&#8217;, &#8216;ready&#8217;).execute(function(A) {                        if (dpAcrHasRegisteredArcLinkClickAction !== true) {                            dpAcrHasRegisteredArcLinkClickAction = true;                            A.declarative(                                &#8216;acrLink-click-metrics&#8217;, &#8216;click&#8217;,                                { \u00aballowLinkDefault\u00bb: true },                                function (event) {                                    if (window.ue) {                                        ue.count(\u00abacrLinkClickCount\u00bb, (ue.count(\u00abacrLinkClickCount\u00bb) || 0) + 1);                                    }                                }                            );                        }                    });                                             P.when(&#8216;A&#8217;, &#8216;cf&#8217;).execute(function(A) {                A.declarative(&#8216;acrStarsLink-click-metrics&#8217;, &#8216;click&#8217;, { \u00aballowLinkDefault\u00bb : true },  function(event){                    if(window.ue) {                        ue.count(\u00abacrStarsLinkWithPopoverClickCount\u00bb, (ue.count(\u00abacrStarsLinkWithPopoverClickCount\u00bb) || 0) + 1);                    }                });            });                          <\/p>\n<p>Notice; Before installation, be sure to watch the installation video with the QR code scanned on the package<br \/>Tip for removing bubbles; Remove bubbles by gently rubbing with the included squeegee until no bubbles remain<br \/>Easy installation; professional installation kits to ensure an effective and accurate installation process<br \/>9H hardness; Durable 9H tempered glass to protect it from everyday scratches<br \/>Case Friendly; Provides perfect coverage and compatibility with Spigen<br \/>This product is for iPhone 15 Pro Max<\/p>\n\n","protected":false},"excerpt":{"rendered":"<p> Product Description 1 Instalaci\u00f3n f\u00e1cil 2 Aplicaci\u00f3n simplicada 3 F\u00e1cil lo hace 1 Total protecci\u00f3n<\/p>","protected":false},"featured_media":27724,"comment_status":"open","ping_status":"closed","template":"","meta":[],"product_brand":[],"product_cat":[104],"product_tag":[206,6278,1142,1316,8141,5690,197,2805,147,3004,3003,3015,3008,3007,3010,3011,3000,3001,3013,3016,3014,3005,3002,3009,3017,3006,164,163,1021,3012,842,5335],"class_list":{"0":"post-27723","1":"product","2":"type-product","3":"status-publish","4":"has-post-thumbnail","6":"product_cat-apple-iphone","7":"product_tag-2pack","8":"product_tag-definition","9":"product_tag-easy","10":"product_tag-fit","11":"product_tag-glas-tr","12":"product_tag-hardness","13":"product_tag-high","14":"product_tag-installation","15":"product_tag-iphone","16":"product_tag-iphone-13-accessories","17":"product_tag-iphone-14-case","18":"product_tag-iphone-adapter","19":"product_tag-iphone-battery-pack","20":"product_tag-iphone-cable","21":"product_tag-iphone-camera-lens","22":"product_tag-iphone-car-mount","23":"product_tag-iphone-case","24":"product_tag-iphone-charger","25":"product_tag-iphone-earbuds","26":"product_tag-iphone-gaming-controller","27":"product_tag-iphone-magsafe","28":"product_tag-iphone-pro-max-case","29":"product_tag-iphone-screen-protector","30":"product_tag-iphone-tempered-glass","31":"product_tag-iphone-tripod","32":"product_tag-iphone-wireless-charger","33":"product_tag-max","34":"product_tag-pro","35":"product_tag-protector","36":"product_tag-refurbished-iphone","37":"product_tag-screen","38":"product_tag-spigen","40":"first","41":"instock","42":"shipping-taxable","43":"product-type-external"},"_links":{"self":[{"href":"https:\/\/comprasyconsejos.store\/en\/wp-json\/wp\/v2\/product\/27723","targetHints":{"allow":["GET"]}}],"collection":[{"href":"https:\/\/comprasyconsejos.store\/en\/wp-json\/wp\/v2\/product"}],"about":[{"href":"https:\/\/comprasyconsejos.store\/en\/wp-json\/wp\/v2\/types\/product"}],"replies":[{"embeddable":true,"href":"https:\/\/comprasyconsejos.store\/en\/wp-json\/wp\/v2\/comments?post=27723"}],"version-history":[{"count":0,"href":"https:\/\/comprasyconsejos.store\/en\/wp-json\/wp\/v2\/product\/27723\/revisions"}],"wp:featuredmedia":[{"embeddable":true,"href":"https:\/\/comprasyconsejos.store\/en\/wp-json\/wp\/v2\/media\/27724"}],"wp:attachment":[{"href":"https:\/\/comprasyconsejos.store\/en\/wp-json\/wp\/v2\/media?parent=27723"}],"wp:term":[{"taxonomy":"product_brand","embeddable":true,"href":"https:\/\/comprasyconsejos.store\/en\/wp-json\/wp\/v2\/product_brand?post=27723"},{"taxonomy":"product_cat","embeddable":true,"href":"https:\/\/comprasyconsejos.store\/en\/wp-json\/wp\/v2\/product_cat?post=27723"},{"taxonomy":"product_tag","embeddable":true,"href":"https:\/\/comprasyconsejos.store\/en\/wp-json\/wp\/v2\/product_tag?post=27723"}],"curies":[{"name":"wp","href":"https:\/\/api.w.org\/{rel}","templated":true}]}}