{"id":27741,"date":"2026-02-20T20:19:58","date_gmt":"2026-02-20T20:19:58","guid":{"rendered":"https:\/\/comprasyconsejos.store\/product\/eluteng-external-cd-dvd-drive-with-usb-3-0-type-c-external-dvd-burner\/"},"modified":"2026-02-20T20:20:16","modified_gmt":"2026-02-20T20:20:16","slug":"eluteng-external-cd-dvd-drive-with-usb-3-0-type-c-external-dvd-burner","status":"publish","type":"product","link":"https:\/\/comprasyconsejos.store\/en\/product\/eluteng-external-cd-dvd-drive-with-usb-3-0-type-c-external-dvd-burner\/","title":{"rendered":"ELUTENG External CD\/DVD Drive with USB 3.0 Type-C External DVD Burner"},"content":{"rendered":"<p>Price: <span style=\"color:#b12704\">\u20ac28.99<\/span><br \/><i><small>(as of Feb 20, 2026 20:19:58 UTC &#8211; <span class=\"wp_automatic_amazon_disclaimer\" title=\"Product prices and availability are accurate as of the date\/time indicated and are subject to change. Any price and availability information displayed on [relevant Amazon Site(s), as applicable] at the time of purchase will apply to the purchase of this product.\">Details<\/span>)<\/small><\/i><\/p>\n<p><a href=\"https:\/\/amazon.es\/dp\/B0G39JY9TH?tag=man008-21\"><img decoding=\"async\" src=\"https:\/\/valvepress.s3.amazonaws.com\/imgs\/buy_now.png\"><\/a><br \/>\n<\/p>\n<p>                                             Product Description   <\/p>\n<p>                                                                                                       <img decoding=\"async\" alt=\"El texto dice \u00abUnidad externa de CD\/DVD USB 3.0\u00bb. Las im\u00e1genes del producto de una unidad de CD\/DVD externa delgada con conectividad USB se muestran desde varios \u00e1ngulos.\" src=\"https:\/\/images-na.ssl-images-amazon.com\/images\/G\/01\/x-locale\/common\/grey-pixel.gif\" class=\"a-lazy-loaded\" data-src=\"https:\/\/m.media-amazon.com\/images\/S\/aplus-media-library-service-media\/7bd72336-3fc3-4b88-99be-0e27be11d5b2.__CR0,0,1464,600_PT0_SX1464_V1___.jpg\"><img decoding=\"async\" alt=\"El texto dice \u00abUnidad externa de CD\/DVD USB 3.0\u00bb. Las im\u00e1genes del producto de una unidad de CD\/DVD externa delgada con conectividad USB se muestran desde varios \u00e1ngulos.\" src=\"https:\/\/m.media-amazon.com\/images\/S\/aplus-media-library-service-media\/7bd72336-3fc3-4b88-99be-0e27be11d5b2.__CR0,0,1464,600_PT0_SX1464_V1___.jpg\">                                               <\/p>\n<p>                                                                                                       <img decoding=\"async\" alt=\"aplus content image\" src=\"https:\/\/images-na.ssl-images-amazon.com\/images\/G\/01\/x-locale\/common\/grey-pixel.gif\" class=\"a-lazy-loaded\" data-src=\"https:\/\/m.media-amazon.com\/images\/S\/aplus-media-library-service-media\/4a2e91f9-744b-4127-8564-b936f279d59f.__CR0,0,1464,600_PT0_SX1464_V1___.jpg\"><img decoding=\"async\" alt=\"aplus content image\" src=\"https:\/\/m.media-amazon.com\/images\/S\/aplus-media-library-service-media\/4a2e91f9-744b-4127-8564-b936f279d59f.__CR0,0,1464,600_PT0_SX1464_V1___.jpg\">                                               <\/p>\n<p>                                                                                                       <img decoding=\"async\" alt=\"El texto dice \u00abUSB 3.0 de alta velocidad\u00bb. Las im\u00e1genes del producto muestran la conectividad de un port\u00e1til con las especificaciones del dispositivo USB y los diagramas de conexi\u00f3n.\" src=\"https:\/\/images-na.ssl-images-amazon.com\/images\/G\/01\/x-locale\/common\/grey-pixel.gif\" class=\"a-lazy-loaded\" data-src=\"https:\/\/m.media-amazon.com\/images\/S\/aplus-media-library-service-media\/3132f0bb-d8e7-4adb-be89-f0ba26cc535f.__CR0,0,1464,600_PT0_SX1464_V1___.jpg\"><img decoding=\"async\" alt=\"El texto dice \u00abUSB 3.0 de alta velocidad\u00bb. Las im\u00e1genes del producto muestran la conectividad de un port\u00e1til con las especificaciones del dispositivo USB y los diagramas de conexi\u00f3n.\" src=\"https:\/\/m.media-amazon.com\/images\/S\/aplus-media-library-service-media\/3132f0bb-d8e7-4adb-be89-f0ba26cc535f.__CR0,0,1464,600_PT0_SX1464_V1___.jpg\">                                               <\/p>\n<p>                                                                                                       <img decoding=\"async\" alt=\"Demostraci\u00f3n del producto en varios paneles que muestra una plataforma de carga negra con indicadores LED y capacidad de carga de varios dispositivos. Muestra instrucciones de uso paso a paso.\" src=\"https:\/\/images-na.ssl-images-amazon.com\/images\/G\/01\/x-locale\/common\/grey-pixel.gif\" class=\"a-lazy-loaded\" data-src=\"https:\/\/m.media-amazon.com\/images\/S\/aplus-media-library-service-media\/ceddd254-7e9c-4b4a-a9a8-2c9ba60ef5bf.__CR0,0,1464,600_PT0_SX1464_V1___.jpg\"><img decoding=\"async\" alt=\"Demostraci\u00f3n del producto en varios paneles que muestra una plataforma de carga negra con indicadores LED y capacidad de carga de varios dispositivos. Muestra instrucciones de uso paso a paso.\" src=\"https:\/\/m.media-amazon.com\/images\/S\/aplus-media-library-service-media\/ceddd254-7e9c-4b4a-a9a8-2c9ba60ef5bf.__CR0,0,1464,600_PT0_SX1464_V1___.jpg\">                                               <\/p>\n<p>                                                                                                                    <img decoding=\"async\" alt=\"Varias im\u00e1genes que muestran a una persona usando lo que parece ser una tableta de dibujo digital o un dispositivo de panel t\u00e1ctil con una computadora configurada en diferentes \u00e1ngulos y posiciones.\" src=\"https:\/\/m.media-amazon.com\/images\/S\/aplus-media-library-service-media\/a693d5f7-455c-4c49-bb87-a1467de214b0.__CR0,0,1464,600_PT0_SX1464_V1___.jpg\">                                                    <img decoding=\"async\" alt=\"Vistas adicionales del uso de tabletas digitales en entornos de oficina, que muestran primeros planos de manos trabajando con un l\u00e1piz \u00f3ptico en la superficie de la pantalla.\" src=\"https:\/\/m.media-amazon.com\/images\/S\/aplus-media-library-service-media\/75e9e625-e412-4864-b5fe-ffc97e341616.__CR0,0,1464,600_PT0_SX1464_V1___.jpg\">                                                    <img decoding=\"async\" alt=\"aplus content image\" src=\"https:\/\/m.media-amazon.com\/images\/S\/aplus-media-library-service-media\/bb74093a-1950-4bc0-883e-9410c6a3fe9b.__CR0,0,1464,600_PT0_SX1464_V1___.jpg\">                                                    <img decoding=\"async\" alt=\"Configuraci\u00f3n de juego con varios monitores que muestran juegos de acci\u00f3n. Persona con auriculares para juegos sentada en un escritorio con iluminaci\u00f3n RGB y perif\u00e9ricos para juegos.\" src=\"https:\/\/m.media-amazon.com\/images\/S\/aplus-media-library-service-media\/5a01f43f-bfb3-4749-b815-ec490d4272e5.__CR0,0,1464,600_PT0_SX1464_V1___.jpg\">                                                    <img decoding=\"async\" alt=\"Persona sentada en el escritorio usando una estaci\u00f3n de trabajo con computadora con monitores duales. Muestra una configuraci\u00f3n ergon\u00f3mica con escritorio y silla de oficina en un entorno dom\u00e9stico o de oficina.\" src=\"https:\/\/m.media-amazon.com\/images\/S\/aplus-media-library-service-media\/6ec00e3a-cddd-43eb-8b1d-474e40ed4a17.__CR0,0,1464,600_PT0_SX1464_V1___.jpg\"><br \/>\n                            1 Instalaci\u00f3n de Software <\/p>\n<p>                            2 Copia Seguridad Archivos <\/p>\n<p>                            3 Reproducci\u00f3n de Pel\u00edculas <\/p>\n<p>                            4 Instalaci\u00f3n de Juegos <\/p>\n<p>                            5 Reproducci\u00f3n de M\u00fasica <\/p>\n<p>                                                                                                       <img decoding=\"async\" alt=\"El texto dice \u00abDise\u00f1o peque\u00f1o y ultradelgado\u00bb. Diagrama t\u00e9cnico que muestra el dispositivo de perfil delgado con puertos USB y especificaciones de conectores desde varios \u00e1ngulos.\" src=\"https:\/\/images-na.ssl-images-amazon.com\/images\/G\/01\/x-locale\/common\/grey-pixel.gif\" class=\"a-lazy-loaded\" data-src=\"https:\/\/m.media-amazon.com\/images\/S\/aplus-media-library-service-media\/e70a076a-6580-40a7-8d43-166dbddfc277.__CR0,0,1464,600_PT0_SX1464_V1___.jpg\"><img decoding=\"async\" alt=\"El texto dice \u00abDise\u00f1o peque\u00f1o y ultradelgado\u00bb. Diagrama t\u00e9cnico que muestra el dispositivo de perfil delgado con puertos USB y especificaciones de conectores desde varios \u00e1ngulos.\" src=\"https:\/\/m.media-amazon.com\/images\/S\/aplus-media-library-service-media\/e70a076a-6580-40a7-8d43-166dbddfc277.__CR0,0,1464,600_PT0_SX1464_V1___.jpg\">                                               <\/p>\n<p> Package Dimensions                                            \u200f                                            :                                            \u200e                                            20 x 16 x 2.5 cm; 374 g   <br \/> Manufacturer                                            \u200f                                            :                                            \u200e                                            ELUTENG   <br \/> ASIN                                            \u200f                                            :                                            \u200e                                            B0G39JY9TH   <br \/> Guaranteed software updates until                                            \u200f                                            :                                            \u200e                                            unknown   <\/p>\n<p>ELUTENG External CD\/DVD Drive with USB 3.0 Type-C External DVD Burner<\/p>\n\n","protected":false},"excerpt":{"rendered":"<p> Product Description 1 Instalaci\u00f3n de Software 2 Copia Seguridad Archivos 3 Reproducci\u00f3n de Pel\u00edculas 4<\/p>","protected":false},"featured_media":27742,"comment_status":"open","ping_status":"closed","template":"","meta":[],"product_brand":[],"product_cat":[70],"product_tag":[2109,2128,2123,2117,795,2121,2119,2111,8149,1476,2105,2101,2113,2107,381,133,2115,2103],"class_list":{"0":"post-27741","1":"product","2":"type-product","3":"status-publish","4":"has-post-thumbnail","6":"product_cat-disc-drives","7":"product_tag-blu-ray-drive","8":"product_tag-burner","9":"product_tag-cddvd","10":"product_tag-disc-drive-for-laptop","11":"product_tag-drive","12":"product_tag-dvd","13":"product_tag-dvd-drive-price","14":"product_tag-dvd-writer","15":"product_tag-eluteng","16":"product_tag-external","17":"product_tag-external-cd-drive","18":"product_tag-external-dvd-drive","19":"product_tag-external-optical-drive","20":"product_tag-portable-disc-drive","21":"product_tag-typec","22":"product_tag-usb","23":"product_tag-usb-cd-writer","24":"product_tag-usb-dvd-drive","26":"first","27":"instock","28":"shipping-taxable","29":"product-type-external"},"_links":{"self":[{"href":"https:\/\/comprasyconsejos.store\/en\/wp-json\/wp\/v2\/product\/27741","targetHints":{"allow":["GET"]}}],"collection":[{"href":"https:\/\/comprasyconsejos.store\/en\/wp-json\/wp\/v2\/product"}],"about":[{"href":"https:\/\/comprasyconsejos.store\/en\/wp-json\/wp\/v2\/types\/product"}],"replies":[{"embeddable":true,"href":"https:\/\/comprasyconsejos.store\/en\/wp-json\/wp\/v2\/comments?post=27741"}],"version-history":[{"count":0,"href":"https:\/\/comprasyconsejos.store\/en\/wp-json\/wp\/v2\/product\/27741\/revisions"}],"wp:featuredmedia":[{"embeddable":true,"href":"https:\/\/comprasyconsejos.store\/en\/wp-json\/wp\/v2\/media\/27742"}],"wp:attachment":[{"href":"https:\/\/comprasyconsejos.store\/en\/wp-json\/wp\/v2\/media?parent=27741"}],"wp:term":[{"taxonomy":"product_brand","embeddable":true,"href":"https:\/\/comprasyconsejos.store\/en\/wp-json\/wp\/v2\/product_brand?post=27741"},{"taxonomy":"product_cat","embeddable":true,"href":"https:\/\/comprasyconsejos.store\/en\/wp-json\/wp\/v2\/product_cat?post=27741"},{"taxonomy":"product_tag","embeddable":true,"href":"https:\/\/comprasyconsejos.store\/en\/wp-json\/wp\/v2\/product_tag?post=27741"}],"curies":[{"name":"wp","href":"https:\/\/api.w.org\/{rel}","templated":true}]}}