{"id":27771,"date":"2026-02-20T21:06:39","date_gmt":"2026-02-20T21:06:39","guid":{"rendered":"https:\/\/comprasyconsejos.store\/product\/arctic-mx-6-2g-ultimate-performance-thermal-paste-for-cpus-consoles-graphics-cards-notebooks-very-high-thermal-conductivity-long-lasting-non-conductive-non-capacitive\/"},"modified":"2026-02-20T21:07:01","modified_gmt":"2026-02-20T21:07:01","slug":"arctic-mx-6-2g-ultimate-performance-thermal-paste-for-cpus-consoles-graphics-cards-notebooks-very-high-thermal-conductivity-long-lasting-non-conductive-non-capacitive","status":"publish","type":"product","link":"https:\/\/comprasyconsejos.store\/en\/product\/arctic-mx-6-2g-ultimate-performance-thermal-paste-for-cpus-consoles-graphics-cards-notebooks-very-high-thermal-conductivity-long-lasting-non-conductive-non-capacitive\/","title":{"rendered":"ARCTIC MX-6 (2g) &#8211; Ultimate Performance Thermal Paste for CPUs, Consoles, Graphics Cards, Notebooks, Very High Thermal Conductivity, Long Lasting, Non-Conductive, Non-Capacitive"},"content":{"rendered":"<p>Price: <span style=\"color:#b12704\">\u20ac6.99<\/span><br \/><i><small>(as of Feb 20, 2026 21:06:40 UTC &#8211; <span class=\"wp_automatic_amazon_disclaimer\" title=\"Product prices and availability are accurate as of the date\/time indicated and are subject to change. Any price and availability information displayed on [relevant Amazon Site(s), as applicable] at the time of purchase will apply to the purchase of this product.\">Details<\/span>)<\/small><\/i><\/p>\n<p><a href=\"https:\/\/amazon.es\/dp\/B09VDPWH6T?tag=man008-21\"><img decoding=\"async\" src=\"https:\/\/valvepress.s3.amazonaws.com\/imgs\/buy_now.png\"><\/a><br \/>\n<\/p>\n<p>                                             Product Description   <\/p>\n<p>                                                  <img decoding=\"async\" alt=\"thermal paste cpu;pasta termica cpu;pasta termica grizzly;pasta termica;pasta termica procesador\" src=\"https:\/\/images-na.ssl-images-amazon.com\/images\/G\/01\/x-locale\/common\/grey-pixel.gif\" class=\"a-lazy-loaded\" data-src=\"https:\/\/m.media-amazon.com\/images\/S\/aplus-media-library-service-media\/395b373b-a33b-43f0-8180-2f8747fd60b1.__CR0,0,970,300_PT0_SX970_V1___.jpg\"><img decoding=\"async\" alt=\"thermal paste cpu;pasta termica cpu;pasta termica grizzly;pasta termica;pasta termica procesador\" src=\"https:\/\/m.media-amazon.com\/images\/S\/aplus-media-library-service-media\/395b373b-a33b-43f0-8180-2f8747fd60b1.__CR0,0,970,300_PT0_SX970_V1___.jpg\">  <\/p>\n<h3 class=\"a-size-extra-large aplus-13-heading-text a-text-bold\"> Simply the Paste <\/h3>\n<p class=\"description\"> La ARCTIC MX-6 es una pasta t\u00e9rmica a base de relleno de carbono y alcanza su m\u00e1ximo rendimiento sin burn-in, directamente despu\u00e9s de su aplicaci\u00f3n y distribuci\u00f3n. La MX-6 alcanza su rendimiento sin ingredientes caros como el polvo de diamante o diversas part\u00edculas de metales preciosos. El gel de silicona utilizado aqu\u00ed como soporte permite una distribuci\u00f3n \u00f3ptima, que se consigue mediante una presi\u00f3n de contacto uniforme, por ejemplo al montar el disipador de calor. <\/p>\n<p class=\"apm-text-center\">\n                                                      <img decoding=\"async\" alt=\"Diagrama de rendimiento comparativo que muestra dos \u00edconos de term\u00f3metros etiquetados como MX-6 y MX-4. Una insignia circular roja indica que el MX-6 tiene un rendimiento un 20% mejor\" src=\"https:\/\/images-na.ssl-images-amazon.com\/images\/G\/01\/x-locale\/common\/grey-pixel.gif\" class=\"a-spacing-mini a-lazy-loaded\" data-src=\"https:\/\/m.media-amazon.com\/images\/S\/aplus-media-library-service-media\/acc22bd2-d80e-4b0f-8ead-db9c7d1f9374.__CR0,0,1000,1000_PT0_SX300_V1___.jpg\"><img decoding=\"async\" alt=\"Diagrama de rendimiento comparativo que muestra dos \u00edconos de term\u00f3metros etiquetados como MX-6 y MX-4. Una insignia circular roja indica que el MX-6 tiene un rendimiento un 20% mejor\" src=\"https:\/\/m.media-amazon.com\/images\/S\/aplus-media-library-service-media\/acc22bd2-d80e-4b0f-8ead-db9c7d1f9374.__CR0,0,1000,1000_PT0_SX300_V1___.jpg\">  <\/p>\n<p>                                                    20% M\u00e1s de Rendimiento                                       <\/p>\n<p> Gracias a su composici\u00f3n mejorada, ARCTIC MX-6 tiene una resistencia t\u00e9rmica significativamente menor que MX-4. <\/p>\n<p> Medimos la resistencia t\u00e9rmica absoluta de ambas pastas en nuestro laboratorio de pruebas, que es mucho m\u00e1s preciso que una CPU. Los factores principales son dos: <\/p>\n<p> -Conductividad <\/p>\n<p> -Espesor m\u00ednimo de la pasta <\/p>\n<p> Una menor resistencia t\u00e9rmica de la pasta da como resultado una menor diferencia de temperatura entre la CPU y el disipador. <\/p>\n<p class=\"apm-text-center\">\n                                                      <img decoding=\"async\" alt=\"La pasta t\u00e9rmica se aplica a un chip procesador de computadora en una placa base, con un logotipo circular dorado cerca\" src=\"https:\/\/images-na.ssl-images-amazon.com\/images\/G\/01\/x-locale\/common\/grey-pixel.gif\" class=\"a-spacing-mini a-lazy-loaded\" data-src=\"https:\/\/m.media-amazon.com\/images\/S\/aplus-media-library-service-media\/0a05f1bc-5b52-439c-b752-2fbb9aa8c891.__CR0,0,1000,1000_PT0_SX300_V1___.jpg\"><img decoding=\"async\" alt=\"La pasta t\u00e9rmica se aplica a un chip procesador de computadora en una placa base, con un logotipo circular dorado cerca\" src=\"https:\/\/m.media-amazon.com\/images\/S\/aplus-media-library-service-media\/0a05f1bc-5b52-439c-b752-2fbb9aa8c891.__CR0,0,1000,1000_PT0_SX300_V1___.jpg\">  <\/p>\n<p>                                                    Calidad comprobada                                       <\/p>\n<p> Estamos orgullosos de nuestras pastas t\u00e9rmicas. Con m\u00e1s de 20 a\u00f1os de experiencia en el mercado de la refrigeraci\u00f3n de PC, la MX-6 se desarroll\u00f3 con el objetivo de ofrecer un producto de primera clase. La f\u00f3rmula perfeccionada se basa en la acreditada MX-4, una de las pastas t\u00e9rmicas m\u00e1s vendidas.  Nuestro objetivo ha sido ofrecer posibilidades de aplicaci\u00f3n vers\u00e1tiles y una consistencia f\u00e1cil de usar. <\/p>\n<p class=\"apm-text-center\">\n                                                      <img decoding=\"async\" alt=\"Imagen t\u00e9cnica de cuatro paneles que muestra los componentes de la computadora: CPU, placa base de computadora port\u00e1til, tarjeta gr\u00e1fica y placa de circuito de consola con aplicaci\u00f3n de pasta t\u00e9rmica\" src=\"https:\/\/images-na.ssl-images-amazon.com\/images\/G\/01\/x-locale\/common\/grey-pixel.gif\" class=\"a-spacing-mini a-lazy-loaded\" data-src=\"https:\/\/m.media-amazon.com\/images\/S\/aplus-media-library-service-media\/406b7225-892a-4960-898a-2c4f3c0d3eb6.__CR0,0,1000,1000_PT0_SX300_V1___.jpg\"><img decoding=\"async\" alt=\"Imagen t\u00e9cnica de cuatro paneles que muestra los componentes de la computadora: CPU, placa base de computadora port\u00e1til, tarjeta gr\u00e1fica y placa de circuito de consola con aplicaci\u00f3n de pasta t\u00e9rmica\" src=\"https:\/\/m.media-amazon.com\/images\/S\/aplus-media-library-service-media\/406b7225-892a-4960-898a-2c4f3c0d3eb6.__CR0,0,1000,1000_PT0_SX300_V1___.jpg\">  <\/p>\n<p>                                                    Amplia gama de aplicaciones                                       <\/p>\n<p> Con su nueva composici\u00f3n, MX-6 es la pasta t\u00e9rmica perfecta para muchas escenarios de aplicaci\u00f3n. Sus excelentes propiedades de non-drying und non-bleeding garantizan un rendimiento constante a largo plazo. Su viscosidad evita las p\u00e9rdidas causadas por efecto Pump-Out. Tambi\u00e9n es adecuada para los escenarios de refrigeraci\u00f3n Direct-Die que se presentan, por ejemplo, con las tarjetas gr\u00e1ficas o las GPU de los procesadores de consola. <\/p>\n<p class=\"apm-text-center\">\n                                                      <img decoding=\"async\" alt=\"de verificaci\u00f3n de autenticidad de los productos de la marca Arctic que muestra el \u00e1rea de escaneo de c\u00f3digos QR y el mensaje \u00abCalidad 100% genuina\u00bb con un icono de marca de verificaci\u00f3n\" src=\"https:\/\/images-na.ssl-images-amazon.com\/images\/G\/01\/x-locale\/common\/grey-pixel.gif\" class=\"a-spacing-mini a-lazy-loaded\" data-src=\"https:\/\/m.media-amazon.com\/images\/S\/aplus-media-library-service-media\/3ae5cff4-5066-4c20-83b9-165272e97e52.__CR0,0,1000,1000_PT0_SX300_V1___.jpg\"><img decoding=\"async\" alt=\"de verificaci\u00f3n de autenticidad de los productos de la marca Arctic que muestra el \u00e1rea de escaneo de c\u00f3digos QR y el mensaje \u00abCalidad 100% genuina\u00bb con un icono de marca de verificaci\u00f3n\" src=\"https:\/\/m.media-amazon.com\/images\/S\/aplus-media-library-service-media\/3ae5cff4-5066-4c20-83b9-165272e97e52.__CR0,0,1000,1000_PT0_SX300_V1___.jpg\">  <\/p>\n<p>                                                    100 % original mediante Authenticity Check                                       <\/p>\n<p> Para garantizar que tu pasta es aut\u00e9ntica, existe el ARCTIC Authenticity Check. Esto permite verificar de forma fiable cada producto. Un producto falsificado no ofrece ni el rendimiento ni la durabilidad de las pastas ARCTIC originales. <\/p>\n<p class=\"apm-text-center\">\n                                                      <img decoding=\"async\" alt=\"Procesador de computadora con pasta t\u00e9rmica en proceso de aplicaci\u00f3n. Disipador de calor de cobre en la parte superior con pasta blanca. Placa de circuito visible. Los iconos no muestran electricidad ni s\u00edmbolos de jeringas.\" src=\"https:\/\/images-na.ssl-images-amazon.com\/images\/G\/01\/x-locale\/common\/grey-pixel.gif\" class=\"a-spacing-mini a-lazy-loaded\" data-src=\"https:\/\/m.media-amazon.com\/images\/S\/aplus-media-library-service-media\/d7bd0870-58a2-40b8-8f51-7337072388f6.__CR0,0,1000,1000_PT0_SX300_V1___.jpg\"><img decoding=\"async\" alt=\"Procesador de computadora con pasta t\u00e9rmica en proceso de aplicaci\u00f3n. Disipador de calor de cobre en la parte superior con pasta blanca. Placa de circuito visible. Los iconos no muestran electricidad ni s\u00edmbolos de jeringas.\" src=\"https:\/\/m.media-amazon.com\/images\/S\/aplus-media-library-service-media\/d7bd0870-58a2-40b8-8f51-7337072388f6.__CR0,0,1000,1000_PT0_SX300_V1___.jpg\">  <\/p>\n<p>                                                    Aplicaci\u00f3n sin riesgo                                       <\/p>\n<p> La MX-6 no es conductora ni capacitiva el\u00e9ctricamente. Esto elimina el riesgo de cortocircuitos o descargas, que pueden causar graves da\u00f1os a los componentes si no hay cuidado. La pasta t\u00e9rmica tambi\u00e9n no contiene componentes met\u00e1licos l\u00edquidos, que a menudo pueden provocar decoloraci\u00f3n, abrasi\u00f3n o da\u00f1os por corrosi\u00f3n en el fondo del radiador. <\/p>\n<p class=\"apm-text-center\">\n                                                      <img decoding=\"async\" alt=\"Arctic MX-6 en tama\u00f1os de 2, 4 g y 8 g. El paquete incluye MX Cleaner. El primer plano muestra la consistencia de la pasta.\" src=\"https:\/\/images-na.ssl-images-amazon.com\/images\/G\/01\/x-locale\/common\/grey-pixel.gif\" class=\"a-spacing-mini a-lazy-loaded\" data-src=\"https:\/\/m.media-amazon.com\/images\/S\/aplus-media-library-service-media\/53c7a51b-ccc8-4d55-8bad-6a922fee1ccd.__CR0,0,1000,1000_PT0_SX300_V1___.jpg\"><img decoding=\"async\" alt=\"Arctic MX-6 en tama\u00f1os de 2, 4 g y 8 g. El paquete incluye MX Cleaner. El primer plano muestra la consistencia de la pasta.\" src=\"https:\/\/m.media-amazon.com\/images\/S\/aplus-media-library-service-media\/53c7a51b-ccc8-4d55-8bad-6a922fee1ccd.__CR0,0,1000,1000_PT0_SX300_V1___.jpg\">  <\/p>\n<p>                                                    Disponible en diferentes variantes                                       <\/p>\n<p> ARCTIC MX-6 est\u00e1 disponible en embalajes de 2 a 8 gramos. Las jeringas resellables evitan que la pasta se seque y facilitan la dispensaci\u00f3n. Como alternativa, tambi\u00e9n est\u00e1n disponibles las variantes con MX Cleaner. Estas proporcionan una limpieza sencilla y sin residuos en las superficies de contacto. El limpiador est\u00e1 compuesto al 100% por Limoneno, una sustancia natural obtenida del aceite esencial de los c\u00edtricos. <\/p>\n<p>                                                  <img decoding=\"async\" alt=\"de color turquesa y azul con marcas de medici\u00f3n y mecanismo de \u00e9mbolo\" src=\"https:\/\/images-na.ssl-images-amazon.com\/images\/G\/01\/x-locale\/common\/grey-pixel.gif\" class=\"a-lazy-loaded\" data-src=\"https:\/\/m.media-amazon.com\/images\/S\/aplus-media-library-service-media\/2a3713e7-c8d6-4b1e-828e-6d72a80af451.__CR0,0,724,724_PT0_SX300_V1___.jpg\"><img decoding=\"async\" alt=\"de color turquesa y azul con marcas de medici\u00f3n y mecanismo de \u00e9mbolo\" src=\"https:\/\/m.media-amazon.com\/images\/S\/aplus-media-library-service-media\/2a3713e7-c8d6-4b1e-828e-6d72a80af451.__CR0,0,724,724_PT0_SX300_V1___.jpg\">  <\/p>\n<h3 class=\"a-spacing-mini\"> Especificaciones generales <\/h3>\n<p> Viscosidad: 45.000 Poise <\/p>\n<p> Densidad: 2,6 g\/cm\u00b3 <\/p>\n<p> Temperatura de uso continuo: -50~150 \u2103 <\/p>\n<p> Resistividad volum\u00e9trica: 1,8 X 10\u00b9\u00b2 \u03a9-cm <\/p>\n<p> Tensi\u00f3n de ruptura: 7,5 kV\/mm <\/p>\n<p> Color: Gris <\/p>\n<p>                         Add To Basket  <\/p>\n<p>                         Add To Basket  <\/p>\n<p>                         Add To Basket  <\/p>\n<p>                         Add To Basket  <\/p>\n<p>                         Add To Basket  <\/p>\n<p>                         Add To Basket  <\/p>\n<p>                             Customer Reviews  <\/p>\n<p>                    4.4 out of 5 stars  2,828  <\/p>\n<p>                    4.7 out of 5 stars  9,990  <\/p>\n<p>                    4.7 out of 5 stars  692  <\/p>\n<p>                    4.7 out of 5 stars  100,466  <\/p>\n<p>                    4.7 out of 5 stars  68,426  <\/p>\n<p>                    4.6 out of 5 stars  1,194  <\/p>\n<p>                             Price  <\/p>\n<p>                                    \u20ac6.99\u20ac6.99                  \u20ac10.01\u20ac10.01                  \u20ac7.69\u20ac7.69                  \u20ac6.09\u20ac6.09                  \u20ac7.93\u20ac7.93                  \u20ac10.49\u20ac10.49        <\/p>\n<p>                             Dimensiones<br \/>\n                                \/               \/               \/               \/               \/               115 x 115 mm        <\/p>\n<p>                             Peso Espec\u00edfico<br \/>\n                                2,6 g\/cm\u00b3               2,6 g\/cm\u00b3               2,9 g\/cm\u00b3               2,5 g\/cm\u00b3               2,5 g\/cm\u00b3               \/        <\/p>\n<p>                             Temperatura<br \/>\n                                -50~150 \u2103               -50~150 \u2103               -50~250 \u2103               -50~150 \u2103               -50~150 \u2103               \/        <\/p>\n<p>                             Volumen Resistividad<br \/>\n                                1,8 x 10\u00b9\u00b2 \u03a9-cm               1,8 x 10\u00b9\u00b2 \u03a9-cm               1,7 x 10\u00b9\u00b2 \u03a9-cm               3,8 x 10\u00b9\u00b3 \u03a9-cm               3,8 x 10\u00b9\u00b3 \u03a9-cm               \/        <\/p>\n<p>                             Viscosidad<br \/>\n                                45.000 Poise                45.000 Poise                35.000\u2009\u2013\u200938.000 Poise               31.600 Poise               31.600 Poise               \/        <\/p>\n<p>                                                  <img decoding=\"async\" alt=\"de productos de refrigeraci\u00f3n para ordenadores con el logotipo e iconos de ARCTIC que representan ventiladores de refrigeraci\u00f3n, pasta t\u00e9rmica y equipos de montaje sobre un fondo oscuro.\" src=\"https:\/\/images-na.ssl-images-amazon.com\/images\/G\/01\/x-locale\/common\/grey-pixel.gif\" class=\"a-lazy-loaded\" data-src=\"https:\/\/m.media-amazon.com\/images\/S\/aplus-media-library-service-media\/7281d5ca-f7c4-4f9f-85db-c948adedbfa6.__CR0,0,970,300_PT0_SX970_V1___.jpg\"><img decoding=\"async\" alt=\"de productos de refrigeraci\u00f3n para ordenadores con el logotipo e iconos de ARCTIC que representan ventiladores de refrigeraci\u00f3n, pasta t\u00e9rmica y equipos de montaje sobre un fondo oscuro.\" src=\"https:\/\/m.media-amazon.com\/images\/S\/aplus-media-library-service-media\/7281d5ca-f7c4-4f9f-85db-c948adedbfa6.__CR0,0,970,300_PT0_SX970_V1___.jpg\">  <\/p>\n<p> Manufacturer                                            \u200f                                            :                                            \u200e                                            ARCTIC   <br \/> ASIN                                            \u200f                                            :                                            \u200e                                            B09VDPWH6T   <br \/> Item model number                                            \u200f                                            :                                            \u200e                                            MX-6 (2 g)   <br \/> Country of origin                                            \u200f                                            :                                            \u200e                                            China   <br \/> Guaranteed software updates until                                            \u200f                                            :                                            \u200e                                            unknown   <br \/>  Customer reviews:                                                                                            4.4               4.4 out of 5 stars                                  (2,828)                                              var dpAcrHasRegisteredArcLinkClickAction;                    P.when(&#8216;A&#8217;, &#8216;ready&#8217;).execute(function(A) {                        if (dpAcrHasRegisteredArcLinkClickAction !== true) {                            dpAcrHasRegisteredArcLinkClickAction = true;                            A.declarative(                                &#8216;acrLink-click-metrics&#8217;, &#8216;click&#8217;,                                { \u00aballowLinkDefault\u00bb: true },                                function (event) {                                    if (window.ue) {                                        ue.count(\u00abacrLinkClickCount\u00bb, (ue.count(\u00abacrLinkClickCount\u00bb) || 0) + 1);                                    }                                }                            );                        }                    });                                             P.when(&#8216;A&#8217;, &#8216;cf&#8217;).execute(function(A) {                A.declarative(&#8216;acrStarsLink-click-metrics&#8217;, &#8216;click&#8217;, { \u00aballowLinkDefault\u00bb : true },  function(event){                    if(window.ue) {                        ue.count(\u00abacrStarsLinkWithPopoverClickCount\u00bb, (ue.count(\u00abacrStarsLinkWithPopoverClickCount\u00bb) || 0) + 1);                    }                });            });                          <\/p>\n<p>20% MORE PERFORMANCE: With its improved composition, the ARCTIC MX-6 has significantly lower thermal resistance than the MX-4<br \/>PROVEN QUALITY: With over 20 years of experience in the PC cooling market, our goal has been to improve performance, application possibilities and ease of use<br \/>RISK-FREE APPLICATION: The MX-6 is non-conductive or capacitive. This eliminates the risk of short circuits or discharges<br \/>VERSATILE APPLICATION: With its new composition, the MX-6 is ideal for many application scenarios. Thanks to its viscosity, it is also suitable for Direct-Die cooling scenarios of graphics card GPUs or console processors<br \/>100% ORIGINAL BY AUTHENTICITY CHECK: Thanks to our Authenticity Check, it is possible to verify the authenticity of each of the products<\/p>\n\n","protected":false},"excerpt":{"rendered":"<p> Product Description Simply the Paste La ARCTIC MX-6 es una pasta t\u00e9rmica a base de<\/p>","protected":false},"featured_media":27772,"comment_status":"open","ping_status":"closed","template":"","meta":[],"product_brand":[],"product_cat":[67],"product_tag":[2880,2039,1586,2060,2883,2045,2034,3955,644,2043,197,2038,1261,180,2881,2885,2296,3956,2056,1551,2053,2035,2036,2033,2041,2048,2882],"class_list":{"0":"post-27771","1":"product","2":"type-product","3":"status-publish","4":"has-post-thumbnail","6":"product_cat-thermal-paste","7":"product_tag-arctic","8":"product_tag-best-thermal-paste","9":"product_tag-cards","10":"product_tag-conductivity","11":"product_tag-consoles","12":"product_tag-cpu-cooling-paste","13":"product_tag-cpu-thermal-paste","14":"product_tag-cpus","15":"product_tag-graphics","16":"product_tag-heat-sink-paste","17":"product_tag-high","18":"product_tag-high-performance-thermal-paste","19":"product_tag-lasting","20":"product_tag-long","21":"product_tag-mx6","22":"product_tag-noncapacitive","23":"product_tag-nonconductive","24":"product_tag-notebooks","25":"product_tag-paste","26":"product_tag-performance","27":"product_tag-thermal","28":"product_tag-thermal-compound","29":"product_tag-thermal-grease","30":"product_tag-thermal-paste","31":"product_tag-thermal-paste-for-gaming-pc","32":"product_tag-thermal-paste-price","33":"product_tag-ultimate","35":"first","36":"instock","37":"shipping-taxable","38":"product-type-external"},"_links":{"self":[{"href":"https:\/\/comprasyconsejos.store\/en\/wp-json\/wp\/v2\/product\/27771","targetHints":{"allow":["GET"]}}],"collection":[{"href":"https:\/\/comprasyconsejos.store\/en\/wp-json\/wp\/v2\/product"}],"about":[{"href":"https:\/\/comprasyconsejos.store\/en\/wp-json\/wp\/v2\/types\/product"}],"replies":[{"embeddable":true,"href":"https:\/\/comprasyconsejos.store\/en\/wp-json\/wp\/v2\/comments?post=27771"}],"version-history":[{"count":0,"href":"https:\/\/comprasyconsejos.store\/en\/wp-json\/wp\/v2\/product\/27771\/revisions"}],"wp:featuredmedia":[{"embeddable":true,"href":"https:\/\/comprasyconsejos.store\/en\/wp-json\/wp\/v2\/media\/27772"}],"wp:attachment":[{"href":"https:\/\/comprasyconsejos.store\/en\/wp-json\/wp\/v2\/media?parent=27771"}],"wp:term":[{"taxonomy":"product_brand","embeddable":true,"href":"https:\/\/comprasyconsejos.store\/en\/wp-json\/wp\/v2\/product_brand?post=27771"},{"taxonomy":"product_cat","embeddable":true,"href":"https:\/\/comprasyconsejos.store\/en\/wp-json\/wp\/v2\/product_cat?post=27771"},{"taxonomy":"product_tag","embeddable":true,"href":"https:\/\/comprasyconsejos.store\/en\/wp-json\/wp\/v2\/product_tag?post=27771"}],"curies":[{"name":"wp","href":"https:\/\/api.w.org\/{rel}","templated":true}]}}