{"id":27810,"date":"2026-02-20T21:45:21","date_gmt":"2026-02-20T21:45:21","guid":{"rendered":"https:\/\/comprasyconsejos.store\/product\/hp-smart-tank-7005-28b54a-a4-multifunction-printer-with-refillable-ink-tank-colour-printing-scanner-copier-wi-fi-smart-app-white-and-dark-grey\/"},"modified":"2026-02-20T21:45:33","modified_gmt":"2026-02-20T21:45:33","slug":"hp-smart-tank-7005-28b54a-a4-multifunction-printer-with-refillable-ink-tank-colour-printing-scanner-copier-wi-fi-smart-app-white-and-dark-grey","status":"publish","type":"product","link":"https:\/\/comprasyconsejos.store\/en\/product\/hp-smart-tank-7005-28b54a-a4-multifunction-printer-with-refillable-ink-tank-colour-printing-scanner-copier-wi-fi-smart-app-white-and-dark-grey\/","title":{"rendered":"HP Smart Tank 7005 28B54A \u2013 A4 Multifunction Printer with Refillable Ink Tank, Colour Printing, Scanner, Copier, Wi-Fi, Smart App, White and Dark Grey"},"content":{"rendered":"<p>Price: <span style=\"color:#b12704\"><del>\u20ac249.00<\/del> - \u20ac230.20<\/span><br \/><i><small>(as of Feb 20, 2026 21:45:21 UTC &#8211; <span class=\"wp_automatic_amazon_disclaimer\" title=\"Product prices and availability are accurate as of the date\/time indicated and are subject to change. Any price and availability information displayed on [relevant Amazon Site(s), as applicable] at the time of purchase will apply to the purchase of this product.\">Details<\/span>)<\/small><\/i><\/p>\n<p><a href=\"https:\/\/amazon.es\/dp\/B09CH1R67T?tag=man008-21\"><img decoding=\"async\" src=\"https:\/\/valvepress.s3.amazonaws.com\/imgs\/buy_now.png\"><\/a><br \/>\n<\/p>\n<p>                                             From the brand   <\/p>\n<p>                                              <img decoding=\"async\" alt=\"El texto dice \u00abHP\u00bb. Logotipo de HP azul y blanco sobre fondo blanco con elementos de dise\u00f1o angular estilizados.\" src=\"https:\/\/images-na.ssl-images-amazon.com\/images\/G\/01\/x-locale\/common\/grey-pixel.gif\" class=\"a-lazy-loaded\" data-src=\"https:\/\/m.media-amazon.com\/images\/S\/aplus-media-library-service-media\/a4d7b21e-3399-45ba-a9db-9497cea608eb.__CR0,0,1464,625_PT0_SX1464_V1___.jpg\"><img decoding=\"async\" alt=\"El texto dice \u00abHP\u00bb. Logotipo de HP azul y blanco sobre fondo blanco con elementos de dise\u00f1o angular estilizados.\" src=\"https:\/\/m.media-amazon.com\/images\/S\/aplus-media-library-service-media\/a4d7b21e-3399-45ba-a9db-9497cea608eb.__CR0,0,1464,625_PT0_SX1464_V1___.jpg\">  <\/p>\n<p>                                              <img decoding=\"async\" alt=\"El texto dice \u00abHP Smart Tank\u00bb, \u00abimpresi\u00f3n f\u00e1cil\u00bb, \u00abvibrante\u00bb, \u00abHasta 3 a\u00f1os de\u00bb. Serie de im\u00e1genes de productos que muestran las actividades de impresi\u00f3n e impresi\u00f3n en el hogar\/oficina.\" src=\"https:\/\/images-na.ssl-images-amazon.com\/images\/G\/01\/x-locale\/common\/grey-pixel.gif\" class=\"a-lazy-loaded\" data-src=\"https:\/\/m.media-amazon.com\/images\/S\/aplus-media-library-service-media\/c0a6c284-20d4-4754-aeee-3009606bbed1.__CR0,0,362,453_PT0_SX362_V1___.jpg\"><img decoding=\"async\" alt=\"El texto dice \u00abHP Smart Tank\u00bb, \u00abimpresi\u00f3n f\u00e1cil\u00bb, \u00abvibrante\u00bb, \u00abHasta 3 a\u00f1os de\u00bb. Serie de im\u00e1genes de productos que muestran las actividades de impresi\u00f3n e impresi\u00f3n en el hogar\/oficina.\" src=\"https:\/\/m.media-amazon.com\/images\/S\/aplus-media-library-service-media\/c0a6c284-20d4-4754-aeee-3009606bbed1.__CR0,0,362,453_PT0_SX362_V1___.jpg\">  <\/p>\n<p>                                              <img decoding=\"async\" alt=\"El texto dice \u00abTinta Original HP\u00bb y \u00abCalidad de la\u00bb. Visualizaci\u00f3n de los cartuchos de tinta de impresora HP en varios colores con el embalaje del producto.\" src=\"https:\/\/images-na.ssl-images-amazon.com\/images\/G\/01\/x-locale\/common\/grey-pixel.gif\" class=\"a-lazy-loaded\" data-src=\"https:\/\/m.media-amazon.com\/images\/S\/aplus-media-library-service-media\/53706fcf-7c1f-4829-b3af-6ab7c7c351ea.__CR0,0,362,453_PT0_SX362_V1___.jpg\"><img decoding=\"async\" alt=\"El texto dice \u00abTinta Original HP\u00bb y \u00abCalidad de la\u00bb. Visualizaci\u00f3n de los cartuchos de tinta de impresora HP en varios colores con el embalaje del producto.\" src=\"https:\/\/m.media-amazon.com\/images\/S\/aplus-media-library-service-media\/53706fcf-7c1f-4829-b3af-6ab7c7c351ea.__CR0,0,362,453_PT0_SX362_V1___.jpg\">  <\/p>\n<p>                                              <img decoding=\"async\" alt=\"El texto dice \u00abRecarga sencilla y sin derrames\u00bb y \u00abHP Smart Tank\u00bb. Demostraci\u00f3n del proceso de recarga de tinta de una impresora con las manos llenando el cartucho de la impresora.\" src=\"https:\/\/images-na.ssl-images-amazon.com\/images\/G\/01\/x-locale\/common\/grey-pixel.gif\" class=\"a-lazy-loaded\" data-src=\"https:\/\/m.media-amazon.com\/images\/S\/aplus-media-library-service-media\/2e9faf5a-cb23-410e-8f90-4306b2cfe404.__CR0,0,362,453_PT0_SX362_V1___.jpg\"><img decoding=\"async\" alt=\"El texto dice \u00abRecarga sencilla y sin derrames\u00bb y \u00abHP Smart Tank\u00bb. Demostraci\u00f3n del proceso de recarga de tinta de una impresora con las manos llenando el cartucho de la impresora.\" src=\"https:\/\/m.media-amazon.com\/images\/S\/aplus-media-library-service-media\/2e9faf5a-cb23-410e-8f90-4306b2cfe404.__CR0,0,362,453_PT0_SX362_V1___.jpg\">  <\/p>\n<p> Batteries                                            \u200f                                            :                                            \u200e                                            AA batteries required.   <br \/> Is discontinued by manufacturer                                            \u200f                                            :                                            \u200e                                            No   <br \/> Language                                            \u200f                                            :                                            \u200e                                            English, English, English, English   <br \/> Product Dimensions                                            \u200f                                            :                                            \u200e                                            14.33 x 16.83 x 7.82 cm; 6.38 kg   <br \/> Manufacturer                                            \u200f                                            :                                            \u200e                                            HP   <br \/> ASIN                                            \u200f                                            :                                            \u200e                                            B09CH1R67T   <br \/> Item model number                                            \u200f                                            :                                            \u200e                                            28B54A   <br \/> Country of origin                                            \u200f                                            :                                            \u200e                                            China   <br \/> Guaranteed software updates until                                            \u200f                                            :                                            \u200e                                            unknown   <br \/>  Customer reviews:                                                                                            4.2               4.2 out of 5 stars                                  (3,033)                                              var dpAcrHasRegisteredArcLinkClickAction;                    P.when(&#8216;A&#8217;, &#8216;ready&#8217;).execute(function(A) {                        if (dpAcrHasRegisteredArcLinkClickAction !== true) {                            dpAcrHasRegisteredArcLinkClickAction = true;                            A.declarative(                                &#8216;acrLink-click-metrics&#8217;, &#8216;click&#8217;,                                { \u00aballowLinkDefault\u00bb: true },                                function (event) {                                    if (window.ue) {                                        ue.count(\u00abacrLinkClickCount\u00bb, (ue.count(\u00abacrLinkClickCount\u00bb) || 0) + 1);                                    }                                }                            );                        }                    });                                             P.when(&#8216;A&#8217;, &#8216;cf&#8217;).execute(function(A) {                A.declarative(&#8216;acrStarsLink-click-metrics&#8217;, &#8216;click&#8217;, { \u00aballowLinkDefault\u00bb : true },  function(event){                    if(window.ue) {                        ue.count(\u00abacrStarsLinkWithPopoverClickCount\u00bb, (ue.count(\u00abacrStarsLinkWithPopoverClickCount\u00bb) || 0) + 1);                    }                });            });                          <\/p>\n<p>Automatically double-sided print your documents with high-quality results with a maximum speed of up to 23 ppm in black and up to 22 ppm in colour, with a print resolution of 1200 x 1200 dpi and colour up to 4,800 x 1,200 dpi<br \/>Print at extraordinarily low cost with up to three years of Original HP Ink included in the printer<br \/>Includes ink to print up to 12,000 pages in black and 8,000 in color<br \/>Spill-free ink reservoir system: Printer with ink level sensors and easy refills<br \/>The printer has reliable connectivity thanks to dual-band Wi-Fi with auto-reset, Wi-Fi Direct, USB 2.0, Bluetooth LE, HP Smart App, Apple AirPrint and Mopria<br \/>This printer is compatible with HP Original Toner Cartridges 1VU26AE Original Ink Bottle HP 31 Cyan 70ml, 1VU27AE Original Ink Bottle HP 31 Magenta 70ml, 1VU28AE Original Ink Bottle HP 31 Yellow 70ml, 1VV24AE Original Ink Bottle HP 32XL Black from 135 ml oz, 6ZA17AE Printhead HP 6ZA17AE black<br \/>Printer with dynamic security enabled. Dynamically safe equipped printers are designed to work only with cartridges with new or reused HP chips or electronic circuits. Printers use dynamic security measures to block cartridges that have non-HP or modified chips or electronic circuits<\/p>\n\n","protected":false},"excerpt":{"rendered":"<p> From the brand Batteries \u200f : \u200e AA batteries required. Is discontinued by manufacturer \u200f<\/p>","protected":false},"featured_media":27811,"comment_status":"open","ping_status":"closed","template":"","meta":[],"product_brand":[],"product_cat":[57],"product_tag":[8161,2224,2140,2134,2126,1960,2149,6357,204,2129,1980,1953,2145,2142,2189,2143,2132,1962,2276,2321,840,1593,2274,205,543,2136],"class_list":{"0":"post-27810","1":"product","2":"type-product","3":"status-publish","4":"has-post-thumbnail","6":"product_cat-inkjet-printers","7":"product_tag-28b54a","8":"product_tag-app","9":"product_tag-best-inkjet-printer","10":"product_tag-cheap-inkjet-printer","11":"product_tag-color-inkjet-printer","12":"product_tag-colour","13":"product_tag-copier","14":"product_tag-dark","15":"product_tag-grey","16":"product_tag-home-inkjet-printer","17":"product_tag-ink","18":"product_tag-ink-tank-printer","19":"product_tag-inkjet-printer","20":"product_tag-inkjet-printer-price","21":"product_tag-multifunction","22":"product_tag-office-inkjet-printer","23":"product_tag-photo-inkjet-printer","24":"product_tag-printer","25":"product_tag-printing","26":"product_tag-refillable","27":"product_tag-scanner","28":"product_tag-smart","29":"product_tag-tank","30":"product_tag-white","31":"product_tag-wifi","32":"product_tag-wireless-inkjet-printer","34":"first","35":"instock","36":"sale","37":"shipping-taxable","38":"product-type-external"},"_links":{"self":[{"href":"https:\/\/comprasyconsejos.store\/en\/wp-json\/wp\/v2\/product\/27810","targetHints":{"allow":["GET"]}}],"collection":[{"href":"https:\/\/comprasyconsejos.store\/en\/wp-json\/wp\/v2\/product"}],"about":[{"href":"https:\/\/comprasyconsejos.store\/en\/wp-json\/wp\/v2\/types\/product"}],"replies":[{"embeddable":true,"href":"https:\/\/comprasyconsejos.store\/en\/wp-json\/wp\/v2\/comments?post=27810"}],"version-history":[{"count":0,"href":"https:\/\/comprasyconsejos.store\/en\/wp-json\/wp\/v2\/product\/27810\/revisions"}],"wp:featuredmedia":[{"embeddable":true,"href":"https:\/\/comprasyconsejos.store\/en\/wp-json\/wp\/v2\/media\/27811"}],"wp:attachment":[{"href":"https:\/\/comprasyconsejos.store\/en\/wp-json\/wp\/v2\/media?parent=27810"}],"wp:term":[{"taxonomy":"product_brand","embeddable":true,"href":"https:\/\/comprasyconsejos.store\/en\/wp-json\/wp\/v2\/product_brand?post=27810"},{"taxonomy":"product_cat","embeddable":true,"href":"https:\/\/comprasyconsejos.store\/en\/wp-json\/wp\/v2\/product_cat?post=27810"},{"taxonomy":"product_tag","embeddable":true,"href":"https:\/\/comprasyconsejos.store\/en\/wp-json\/wp\/v2\/product_tag?post=27810"}],"curies":[{"name":"wp","href":"https:\/\/api.w.org\/{rel}","templated":true}]}}