{"id":27822,"date":"2026-02-20T21:53:01","date_gmt":"2026-02-20T21:53:01","guid":{"rendered":"https:\/\/comprasyconsejos.store\/product\/brother-hll3240cdw-color-led-laser-printer-with-wired-network-and-wifi-automatic-double-sided-printing\/"},"modified":"2026-02-20T21:53:03","modified_gmt":"2026-02-20T21:53:03","slug":"brother-hll3240cdw-color-led-laser-printer-with-wired-network-and-wifi-automatic-double-sided-printing","status":"publish","type":"product","link":"https:\/\/comprasyconsejos.store\/en\/product\/brother-hll3240cdw-color-led-laser-printer-with-wired-network-and-wifi-automatic-double-sided-printing\/","title":{"rendered":"Brother HLL3240CDW, Color LED Laser Printer with Wired Network and WiFi, Automatic Double-Sided Printing"},"content":{"rendered":"<p>Price: <span style=\"color:#b12704\">\u20ac235.00<\/span><br \/><i><small>(as of Feb 20, 2026 21:53:02 UTC &#8211; <span class=\"wp_automatic_amazon_disclaimer\" title=\"Product prices and availability are accurate as of the date\/time indicated and are subject to change. Any price and availability information displayed on [relevant Amazon Site(s), as applicable] at the time of purchase will apply to the purchase of this product.\">Details<\/span>)<\/small><\/i><\/p>\n<p><a href=\"https:\/\/amazon.es\/dp\/B0CJ9DFM4R?tag=man008-21\"><img decoding=\"async\" src=\"https:\/\/valvepress.s3.amazonaws.com\/imgs\/buy_now.png\"><\/a><br \/>\n<\/p>\n<p>                                             From the brand   <\/p>\n<p>                                              <img decoding=\"async\" alt=\"Soluciones ofrecidas por Brother en el mercado de la impresi\u00f3n\" src=\"https:\/\/images-na.ssl-images-amazon.com\/images\/G\/01\/x-locale\/common\/grey-pixel.gif\" class=\"a-lazy-loaded\" data-src=\"https:\/\/m.media-amazon.com\/images\/S\/aplus-media-library-service-media\/8c3e9233-2530-41f5-b4aa-24e486e1d3a0.__CR0,0,1464,625_PT0_SX1464_V1___.jpg\"><img decoding=\"async\" alt=\"Soluciones ofrecidas por Brother en el mercado de la impresi\u00f3n\" src=\"https:\/\/m.media-amazon.com\/images\/S\/aplus-media-library-service-media\/8c3e9233-2530-41f5-b4aa-24e486e1d3a0.__CR0,0,1464,625_PT0_SX1464_V1___.jpg\">  <\/p>\n<p>                                                         \u00bfPor qu\u00e9 estamos orgullosos de lo que hacemos?                                       <\/p>\n<p> El Grupo Brother ha estado \u00abAt your side\u00bb durante m\u00e1s de 110 a\u00f1os. Nuestro objetivo es establecer un contacto real con los clientes en todo el mundo <\/p>\n<p>                                                         \u00bfCu\u00e1l es el compromiso con el medio ambiente?                                       <\/p>\n<p> La sostenibilidad tiene sus ra\u00edces en el Vison Ambiental de Brother. <\/p>\n<p> Estamos comprometidos a fabricar productos cada vez m\u00e1s sostenibles, protegiendo nuestro planeta y apoyando a nuestros colaboradores <\/p>\n<p>                                                         \u00bfQu\u00e9 ofrece Brother?                                       <\/p>\n<p> Impresoras, multifunci\u00f3n, esc\u00e1neres y etiquetadoras: la elecci\u00f3n ideal para cada necesidad, desde las m\u00e1s profesionales en el lugar de trabajo hasta las necesidades diarias en el hogar <\/p>\n<p>                                              <img decoding=\"async\" alt=\"\" src=\"https:\/\/images-na.ssl-images-amazon.com\/images\/G\/01\/x-locale\/common\/grey-pixel.gif\" class=\"a-lazy-loaded\" data-src=\"https:\/\/m.media-amazon.com\/images\/S\/aplus-media-library-service-media\/146224ee-04cd-4654-983d-ef50b895359d.__CR0,136,1184,545_PT0_SX315_V1___.jpg\"><img decoding=\"async\" alt=\"\" src=\"https:\/\/m.media-amazon.com\/images\/S\/aplus-media-library-service-media\/146224ee-04cd-4654-983d-ef50b895359d.__CR0,136,1184,545_PT0_SX315_V1___.jpg\">  <\/p>\n<p> \u00abAt your side\u00bb est\u00e1 en el centro de lo que hacemos. Desarrollamos productos, servicios y soluciones que satisfacen sus necesidades en el hogar y en el trabajo. <\/p>\n<p> Utilizamos las \u00faltimas e innovadoras tecnolog\u00edas para garantizar a todos nuestros clientes productos y soluciones de alta calidad. <\/p>\n<p> Desde el dise\u00f1o hasta el uso, en cada etapa del ciclo de vida del producto, el impacto ambiental se minimiza sin comprometer la calidad del producto. <\/p>\n<p> Batteries                                            \u200f                                            :                                            \u200e                                            1 AAAA batteries required.   <br \/> Is discontinued by manufacturer                                            \u200f                                            :                                            \u200e                                            No   <br \/> Language                                            \u200f                                            :                                            \u200e                                            English   <br \/> Product Dimensions                                            \u200f                                            :                                            \u200e                                            24 x 40 x 40 cm; 18 kg   <br \/> Manufacturer                                            \u200f                                            :                                            \u200e                                            Brother   <br \/> ASIN                                            \u200f                                            :                                            \u200e                                            B0CJ9DFM4R   <br \/> Item model number                                            \u200f                                            :                                            \u200e                                            HL-L3240CDW   <br \/> Country of origin                                            \u200f                                            :                                            \u200e                                            Vietnam   <br \/> Guaranteed software updates until                                            \u200f                                            :                                            \u200e                                            unknown   <br \/>  Customer reviews:                                                                                            4.4               4.4 out of 5 stars                                  (1,140)                                              var dpAcrHasRegisteredArcLinkClickAction;                    P.when(&#8216;A&#8217;, &#8216;ready&#8217;).execute(function(A) {                        if (dpAcrHasRegisteredArcLinkClickAction !== true) {                            dpAcrHasRegisteredArcLinkClickAction = true;                            A.declarative(                                &#8216;acrLink-click-metrics&#8217;, &#8216;click&#8217;,                                { \u00aballowLinkDefault\u00bb: true },                                function (event) {                                    if (window.ue) {                                        ue.count(\u00abacrLinkClickCount\u00bb, (ue.count(\u00abacrLinkClickCount\u00bb) || 0) + 1);                                    }                                }                            );                        }                    });                                             P.when(&#8216;A&#8217;, &#8216;cf&#8217;).execute(function(A) {                A.declarative(&#8216;acrStarsLink-click-metrics&#8217;, &#8216;click&#8217;, { \u00aballowLinkDefault\u00bb : true },  function(event){                    if(window.ue) {                        ue.count(\u00abacrStarsLinkWithPopoverClickCount\u00bb, (ue.count(\u00abacrStarsLinkWithPopoverClickCount\u00bb) || 0) + 1);                    }                });            });                          <\/p>\n<p>Print up to 26 pages per minute<br \/>1 Line LCD Control Panel<br \/>Gigabit Ethernet network connection, 5GHz WiFi and USB connection<br \/>Automatic double-sided printing at 10 sides per minute<br \/>250-sheet input tray<\/p>\n\n","protected":false},"excerpt":{"rendered":"<p> From the brand \u00bfPor qu\u00e9 estamos orgullosos de lo que hacemos? El Grupo Brother ha<\/p>","protected":false},"featured_media":27823,"comment_status":"open","ping_status":"closed","template":"","meta":[],"product_brand":[],"product_cat":[59],"product_tag":[1946,1963,1954,1956,312,5376,8162,1951,1953,1978,428,1948,1719,1950,1962,1955,1949,2276,543,1952,750,1947],"class_list":{"0":"post-27822","1":"product","2":"type-product","3":"status-publish","4":"has-post-thumbnail","6":"product_cat-printers-all-in-one","7":"product_tag-all-in-one-printer","8":"product_tag-automatic","9":"product_tag-best-all-in-one-printer","10":"product_tag-brother","11":"product_tag-color","12":"product_tag-doublesided","13":"product_tag-hll3240cdw","14":"product_tag-home-printer","15":"product_tag-ink-tank-printer","16":"product_tag-laser","17":"product_tag-led","18":"product_tag-multifunction-printer","19":"product_tag-network","20":"product_tag-office-printer","21":"product_tag-printer","22":"product_tag-printer-price","23":"product_tag-printer-scanner-copier","24":"product_tag-printing","25":"product_tag-wifi","26":"product_tag-wifi-printer","27":"product_tag-wired","28":"product_tag-wireless-printer","30":"first","31":"instock","32":"shipping-taxable","33":"product-type-external"},"_links":{"self":[{"href":"https:\/\/comprasyconsejos.store\/en\/wp-json\/wp\/v2\/product\/27822","targetHints":{"allow":["GET"]}}],"collection":[{"href":"https:\/\/comprasyconsejos.store\/en\/wp-json\/wp\/v2\/product"}],"about":[{"href":"https:\/\/comprasyconsejos.store\/en\/wp-json\/wp\/v2\/types\/product"}],"replies":[{"embeddable":true,"href":"https:\/\/comprasyconsejos.store\/en\/wp-json\/wp\/v2\/comments?post=27822"}],"version-history":[{"count":0,"href":"https:\/\/comprasyconsejos.store\/en\/wp-json\/wp\/v2\/product\/27822\/revisions"}],"wp:featuredmedia":[{"embeddable":true,"href":"https:\/\/comprasyconsejos.store\/en\/wp-json\/wp\/v2\/media\/27823"}],"wp:attachment":[{"href":"https:\/\/comprasyconsejos.store\/en\/wp-json\/wp\/v2\/media?parent=27822"}],"wp:term":[{"taxonomy":"product_brand","embeddable":true,"href":"https:\/\/comprasyconsejos.store\/en\/wp-json\/wp\/v2\/product_brand?post=27822"},{"taxonomy":"product_cat","embeddable":true,"href":"https:\/\/comprasyconsejos.store\/en\/wp-json\/wp\/v2\/product_cat?post=27822"},{"taxonomy":"product_tag","embeddable":true,"href":"https:\/\/comprasyconsejos.store\/en\/wp-json\/wp\/v2\/product_tag?post=27822"}],"curies":[{"name":"wp","href":"https:\/\/api.w.org\/{rel}","templated":true}]}}