{"id":27844,"date":"2026-02-20T22:30:11","date_gmt":"2026-02-20T22:30:11","guid":{"rendered":"https:\/\/comprasyconsejos.store\/product\/asus-rog-strix-xg32ucg-32-3840-x-2160-gaming-monitor-dual-mode-4k-160hz-fhd-320hz-0-3ms-fast-ips-elmb-usb-type-c-g-sync-displaywidget-center-tripod-thread-hdr-aura-sync\/"},"modified":"2026-02-20T22:30:28","modified_gmt":"2026-02-20T22:30:28","slug":"asus-rog-strix-xg32ucg-32-3840-x-2160-gaming-monitor-dual-mode-4k-160hz-fhd-320hz-0-3ms-fast-ips-elmb-usb-type-c-g-sync-displaywidget-center-tripod-thread-hdr-aura-sync","status":"publish","type":"product","link":"https:\/\/comprasyconsejos.store\/en\/product\/asus-rog-strix-xg32ucg-32-3840-x-2160-gaming-monitor-dual-mode-4k-160hz-fhd-320hz-0-3ms-fast-ips-elmb-usb-type-c-g-sync-displaywidget-center-tripod-thread-hdr-aura-sync\/","title":{"rendered":"ASUS ROG Strix XG32UCG 32&#8243; 3840 x 2160 Gaming Monitor, Dual Mode (4K 160Hz\/FHD 320Hz), 0.3ms, Fast IPS, ELMB, USB Type-C, G-Sync, DisplayWidget Center, Tripod Thread, HDR, Aura Sync"},"content":{"rendered":"<p>Price: <span style=\"color:#b12704\">\u20ac568.00<\/span><br \/><i><small>(as of Feb 20, 2026 22:30:11 UTC &#8211; <span class=\"wp_automatic_amazon_disclaimer\" title=\"Product prices and availability are accurate as of the date\/time indicated and are subject to change. Any price and availability information displayed on [relevant Amazon Site(s), as applicable] at the time of purchase will apply to the purchase of this product.\">Details<\/span>)<\/small><\/i><\/p>\n<p><a href=\"https:\/\/amazon.es\/dp\/B0F8W9GJS8?tag=man008-21\"><img decoding=\"async\" src=\"https:\/\/valvepress.s3.amazonaws.com\/imgs\/buy_now.png\"><\/a><br \/>\n<\/p>\n<p>                                             From the manufacturer   <\/p>\n<p>                                                                             <img decoding=\"async\" alt=\"aplus content image\" src=\"https:\/\/images-na.ssl-images-amazon.com\/images\/G\/01\/x-locale\/common\/grey-pixel.gif\" class=\"a-spacing-base a-lazy-loaded\" data-src=\"https:\/\/m.media-amazon.com\/images\/S\/aplus-media-library-service-media\/90d70785-345a-445b-8cfc-bd0dc5fbd950.__CR0,0,970,600_PT0_SX970_V1___.jpg\"><img decoding=\"async\" alt=\"aplus content image\" src=\"https:\/\/m.media-amazon.com\/images\/S\/aplus-media-library-service-media\/90d70785-345a-445b-8cfc-bd0dc5fbd950.__CR0,0,970,600_PT0_SX970_V1___.jpg\">                                                                    <\/p>\n<p>                                                                             <img decoding=\"async\" alt=\"aplus content image\" src=\"https:\/\/images-na.ssl-images-amazon.com\/images\/G\/01\/x-locale\/common\/grey-pixel.gif\" class=\"a-spacing-base a-lazy-loaded\" data-src=\"https:\/\/m.media-amazon.com\/images\/S\/aplus-media-library-service-media\/c4f11e8d-cb71-469a-b63c-e44ce4898588.__CR0,0,970,600_PT0_SX970_V1___.jpg\"><img decoding=\"async\" alt=\"aplus content image\" src=\"https:\/\/m.media-amazon.com\/images\/S\/aplus-media-library-service-media\/c4f11e8d-cb71-469a-b63c-e44ce4898588.__CR0,0,970,600_PT0_SX970_V1___.jpg\">                                                                    <\/p>\n<p class=\"apm-text-center\">\n                                                      <img decoding=\"async\" alt=\"aplus content image\" src=\"https:\/\/images-na.ssl-images-amazon.com\/images\/G\/01\/x-locale\/common\/grey-pixel.gif\" class=\"a-spacing-mini a-lazy-loaded\" data-src=\"https:\/\/m.media-amazon.com\/images\/S\/aplus-media-library-service-media\/bda89859-db65-4194-91a8-a1066e191db6.__CR0,0,300,300_PT0_SX300_V1___.png\"><img decoding=\"async\" alt=\"aplus content image\" src=\"https:\/\/m.media-amazon.com\/images\/S\/aplus-media-library-service-media\/bda89859-db65-4194-91a8-a1066e191db6.__CR0,0,300,300_PT0_SX300_V1___.png\">  <\/p>\n<p>                                                    Brillo visual incre\u00edlble                                       <\/p>\n<p> Sum\u00e9rgete en una precisi\u00f3n visual asombrosa con el ROG Strix XG32UCG. Su tecnolog\u00eda IPS r\u00e1pida, junto con una v\u00edvida resoluci\u00f3n 4K y la compatibilidad con Display HDR400, garantizan una experiencia multimedia y de juego excepcional, haciendo que cada detalle cobre vida con colores vibrantes y una claridad extraordinaria. <\/p>\n<p class=\"apm-text-center\">\n                                                      <img decoding=\"async\" alt=\"aplus content image\" src=\"https:\/\/images-na.ssl-images-amazon.com\/images\/G\/01\/x-locale\/common\/grey-pixel.gif\" class=\"a-spacing-mini a-lazy-loaded\" data-src=\"https:\/\/m.media-amazon.com\/images\/S\/aplus-media-library-service-media\/9c0db4a0-cdb0-4498-b093-6dc20b08b443.__CR0,0,300,300_PT0_SX300_V1___.jpg\"><img decoding=\"async\" alt=\"aplus content image\" src=\"https:\/\/m.media-amazon.com\/images\/S\/aplus-media-library-service-media\/9c0db4a0-cdb0-4498-b093-6dc20b08b443.__CR0,0,300,300_PT0_SX300_V1___.jpg\">  <\/p>\n<p>                                                    INNOVADORA PANTALLA DE DOBLE MODO                                       <\/p>\n<p> El monitor para juegos ROG Strix XG32UCG rompe moldes con su incre\u00edble funci\u00f3n de modo dual. Esta pantalla para juegos de 32 pulgadas te permite alternar entre impresionantes im\u00e1genes 4K a 160 Hz y alucinantes im\u00e1genes FHD a 320 Hz con s\u00f3lo pulsar una tecla de acceso r\u00e1pido. <\/p>\n<p class=\"apm-text-center\">\n                                                      <img decoding=\"async\" alt=\"aplus content image\" src=\"https:\/\/images-na.ssl-images-amazon.com\/images\/G\/01\/x-locale\/common\/grey-pixel.gif\" class=\"a-spacing-mini a-lazy-loaded\" data-src=\"https:\/\/m.media-amazon.com\/images\/S\/aplus-media-library-service-media\/631aad88-6f86-474a-87e0-6340a7ae8b6b.__CR0,0,300,300_PT0_SX300_V1___.jpg\"><img decoding=\"async\" alt=\"aplus content image\" src=\"https:\/\/m.media-amazon.com\/images\/S\/aplus-media-library-service-media\/631aad88-6f86-474a-87e0-6340a7ae8b6b.__CR0,0,300,300_PT0_SX300_V1___.jpg\">  <\/p>\n<p>                                                    Juego sin tearing y sin ghosting                                       <\/p>\n<p> Disfruta de una experiencia de juego sin tearing gracias a la compatibilidad con G-SYNC y FreeSync. Esto garantiza unas im\u00e1genes fluidas y sincronizadas al permitir una frecuencia de refresco variable (VRR). Adem\u00e1s, la tecnolog\u00eda ELMB-SYNC elimina las im\u00e1genes ghosting y el tearing para conseguir im\u00e1genes n\u00edtidas y altas frecuencias de cuadro mientras juegas. La tecnolog\u00eda ASUS Variable Overdrive integrada ajusta din\u00e1micamente la configuraci\u00f3n de sobremarcha del monitor seg\u00fan fluct\u00faen las frecuencias de cuadro, garantizando resultados \u00f3ptimos para cualquier juego. <\/p>\n<p class=\"apm-text-center\">\n                                                      <img decoding=\"async\" alt=\"aplus content image\" src=\"https:\/\/images-na.ssl-images-amazon.com\/images\/G\/01\/x-locale\/common\/grey-pixel.gif\" class=\"a-spacing-mini a-lazy-loaded\" data-src=\"https:\/\/m.media-amazon.com\/images\/S\/aplus-media-library-service-media\/144b053e-1717-46f2-82fb-2ca4e2b2c0d6.__CR0,0,300,300_PT0_SX300_V1___.jpg\"><img decoding=\"async\" alt=\"aplus content image\" src=\"https:\/\/m.media-amazon.com\/images\/S\/aplus-media-library-service-media\/144b053e-1717-46f2-82fb-2ca4e2b2c0d6.__CR0,0,300,300_PT0_SX300_V1___.jpg\">  <\/p>\n<p>                                                    Colores vivos, comprobados en f\u00e1brica                                       <\/p>\n<p> Sum\u00e9rgete en una gama m\u00e1s amplia de colores vibrantes de cine con DCI-P3 95% y una gama de colores sRGB 130%. Cada monitor se somete a rigurosas comprobaciones en f\u00e1brica para asegurar la precisi\u00f3n del color, garantizando una experiencia visual realista y envolvente. <\/p>\n<\/p>\n<p>DCI-P3 95%sRGB 130%     <\/p>\n<p class=\"apm-text-center\">\n                                                      <img decoding=\"async\" alt=\"Configuraci\u00f3n de juego con varios monitores que muestran gr\u00e1ficos azules y morados, con un teclado y un controlador de juegos sobre una superficie de escritorio oscura.\" src=\"https:\/\/images-na.ssl-images-amazon.com\/images\/G\/01\/x-locale\/common\/grey-pixel.gif\" class=\"a-spacing-mini a-lazy-loaded\" data-src=\"https:\/\/m.media-amazon.com\/images\/S\/aplus-media-library-service-media\/022d0935-943e-45f6-8d2d-f6b9caa03623.__CR0,0,300,300_PT0_SX300_V1___.jpg\"><img decoding=\"async\" alt=\"Configuraci\u00f3n de juego con varios monitores que muestran gr\u00e1ficos azules y morados, con un teclado y un controlador de juegos sobre una superficie de escritorio oscura.\" src=\"https:\/\/m.media-amazon.com\/images\/S\/aplus-media-library-service-media\/022d0935-943e-45f6-8d2d-f6b9caa03623.__CR0,0,300,300_PT0_SX300_V1___.jpg\">  <\/p>\n<p>                                                    Conectividad vers\u00e1til                                       <\/p>\n<p> Conecta tus dispositivos con facilidad gracias a las amplias opciones de conectividad, que incluyen un puerto Tipo-C* compatible con el modo DP Alt para salida de v\u00eddeo y suministro de energ\u00eda, DisplayPort 1.4 para conexiones de alta resoluci\u00f3n y alta tasa de refresco, y un puerto HDMI para conectar consolas y otros dispositivos multimedia. <\/p>\n<\/p>\n<p>Tipo-C suministro de energ\u00edaDisplayPort 1.4HDMI      <\/p>\n<p> *Debes comprobar si el puerto USB-C de tus dispositivos admite el modo DP Alt antes de utilizarlo. Visita las FAQ, aqu\u00ed para m\u00e1s informaci\u00f3n. <\/p>\n<p class=\"apm-text-center\">\n                                                      <img decoding=\"async\" alt=\"aplus content image\" src=\"https:\/\/images-na.ssl-images-amazon.com\/images\/G\/01\/x-locale\/common\/grey-pixel.gif\" class=\"a-spacing-mini a-lazy-loaded\" data-src=\"https:\/\/m.media-amazon.com\/images\/S\/aplus-media-library-service-media\/e75b6fcc-fa3c-427d-aa3a-4d456a09fb1f.__CR0,0,300,300_PT0_SX300_V1___.png\"><img decoding=\"async\" alt=\"aplus content image\" src=\"https:\/\/m.media-amazon.com\/images\/S\/aplus-media-library-service-media\/e75b6fcc-fa3c-427d-aa3a-4d456a09fb1f.__CR0,0,300,300_PT0_SX300_V1___.png\">  <\/p>\n<p>                                                    Ventaja con IA                                       <\/p>\n<p> Con la tecnolog\u00eda GamePlus potenciada por IA, el monitor analiza la escena en pantalla en tiempo real y ajusta la ret\u00edcula GamePlus para mejorar la precisi\u00f3n de la punter\u00eda. Adem\u00e1s, el Refuerzo Din\u00e1mico de Sombras aclara las zonas oscuras sin sobreexponer las brillantes, lo que supone una clara ventaja en entornos con poca luz. <\/p>\n<p class=\"apm-text-center\">\n                                                      <img decoding=\"async\" alt=\"Vista de perfil lateral de un elegante soporte o soporte para monitor de ordenador sobre un fondo negro, que muestra un mecanismo de brazo ajustable.\" src=\"https:\/\/images-na.ssl-images-amazon.com\/images\/G\/01\/x-locale\/common\/grey-pixel.gif\" class=\"a-spacing-mini a-lazy-loaded\" data-src=\"https:\/\/m.media-amazon.com\/images\/S\/aplus-media-library-service-media\/0fec53aa-7d71-4e9c-b400-8b6155188a55.__CR0,0,300,300_PT0_SX300_V1___.jpg\"><img decoding=\"async\" alt=\"Vista de perfil lateral de un elegante soporte o soporte para monitor de ordenador sobre un fondo negro, que muestra un mecanismo de brazo ajustable.\" src=\"https:\/\/m.media-amazon.com\/images\/S\/aplus-media-library-service-media\/0fec53aa-7d71-4e9c-b400-8b6155188a55.__CR0,0,300,300_PT0_SX300_V1___.jpg\">  <\/p>\n<p>                                                    Dise\u00f1o compacto, comodidad ergon\u00f3mica                                       <\/p>\n<p> Este monitor ocupa poco espacio, por lo que ahorra un valioso espacio en el escritorio. Tambi\u00e9n incorpora un c\u00f3modo soporte para el tel\u00e9fono en el soporte, que te permite tenerlo al alcance de la mano y cargarlo simult\u00e1neamente a trav\u00e9s del puerto Tipo-C. El soporte de dise\u00f1o ergon\u00f3mico permite ajustar la inclinaci\u00f3n, el giro y la altura, para que encuentres la posici\u00f3n de visi\u00f3n perfecta y est\u00e9s c\u00f3modo todo el d\u00eda. Adem\u00e1s, la compatibilidad VESA te permite montar el monitor en la pared para una flexibilidad a\u00fan mayor. <\/p>\n<p class=\"apm-text-center\">\n                                                      <img decoding=\"async\" alt=\"aplus content image\" src=\"https:\/\/images-na.ssl-images-amazon.com\/images\/G\/01\/x-locale\/common\/grey-pixel.gif\" class=\"a-spacing-mini a-lazy-loaded\" data-src=\"https:\/\/m.media-amazon.com\/images\/S\/aplus-media-library-service-media\/7f7a7982-88ce-4cef-bbaf-9401323c5182.__CR0,0,300,300_PT0_SX300_V1___.jpg\"><img decoding=\"async\" alt=\"aplus content image\" src=\"https:\/\/m.media-amazon.com\/images\/S\/aplus-media-library-service-media\/7f7a7982-88ce-4cef-bbaf-9401323c5182.__CR0,0,300,300_PT0_SX300_V1___.jpg\">  <\/p>\n<p>                                                    Personalizaci\u00f3n de ajustes sin esfuerzo                                       <\/p>\n<p> Ajusta f\u00e1cilmente la configuraci\u00f3n de tu monitor a trav\u00e9s de la intuitiva aplicaci\u00f3n DisplayWidget Center, eliminando la necesidad de botones f\u00edsicos. Personaliza tus ajustes para diferentes juegos y aplicaciones con facilidad. <\/p>\n<p class=\"apm-text-center\">\n                                                      <img decoding=\"async\" alt=\"aplus content image\" src=\"https:\/\/images-na.ssl-images-amazon.com\/images\/G\/01\/x-locale\/common\/grey-pixel.gif\" class=\"a-spacing-mini a-lazy-loaded\" data-src=\"https:\/\/m.media-amazon.com\/images\/S\/aplus-media-library-service-media\/5292c866-4b38-4f38-ad58-f277952b766f.__CR0,0,300,300_PT0_SX300_V1___.jpg\"><img decoding=\"async\" alt=\"aplus content image\" src=\"https:\/\/m.media-amazon.com\/images\/S\/aplus-media-library-service-media\/5292c866-4b38-4f38-ad58-f277952b766f.__CR0,0,300,300_PT0_SX300_V1___.jpg\">  <\/p>\n<p>                                                    Envases ecol\u00f3gicos                                       <\/p>\n<p> ASUS est\u00e1 comprometida con la responsabilidad medioambiental. Este monitor se env\u00eda en un embalaje fabricado con cart\u00f3n 100% reciclado, lo que minimiza los residuos y fomenta las pr\u00e1cticas sostenibles. <\/p>\n<p> Language                                            \u200f                                            :                                            \u200e                                            Spanish   <br \/> Product Dimensions                                            \u200f                                            :                                            \u200e                                            71.7 x 24.6 x 57.4 cm; 9.9 kg   <br \/> Manufacturer                                            \u200f                                            :                                            \u200e                                            ASUS   <br \/> ASIN                                            \u200f                                            :                                            \u200e                                            B0F8W9GJS8   <br \/> Item model number                                            \u200f                                            :                                            \u200e                                            90LM0B01-B01171   <br \/> Guaranteed software updates until                                            \u200f                                            :                                            \u200e                                            unknown   <br \/>  Customer reviews:                                                                                            3.0               3.0 out of 5 stars                                  (4)                                              var dpAcrHasRegisteredArcLinkClickAction;                    P.when(&#8216;A&#8217;, &#8216;ready&#8217;).execute(function(A) {                        if (dpAcrHasRegisteredArcLinkClickAction !== true) {                            dpAcrHasRegisteredArcLinkClickAction = true;                            A.declarative(                                &#8216;acrLink-click-metrics&#8217;, &#8216;click&#8217;,                                { \u00aballowLinkDefault\u00bb: true },                                function (event) {                                    if (window.ue) {                                        ue.count(\u00abacrLinkClickCount\u00bb, (ue.count(\u00abacrLinkClickCount\u00bb) || 0) + 1);                                    }                                }                            );                        }                    });                                             P.when(&#8216;A&#8217;, &#8216;cf&#8217;).execute(function(A) {                A.declarative(&#8216;acrStarsLink-click-metrics&#8217;, &#8216;click&#8217;, { \u00aballowLinkDefault\u00bb : true },  function(event){                    if(window.ue) {                        ue.count(\u00abacrStarsLinkWithPopoverClickCount\u00bb, (ue.count(\u00abacrStarsLinkWithPopoverClickCount\u00bb) || 0) + 1);                    }                });            });                          <\/p>\n<p>32-inch 4K (3840 x 2160) gaming monitor with versatile dual mode (4K@160Hz or FHD at 320Hz)<br \/>ASUS Fast IPS technology allows 0.3ms (minimum) response time for sharp visuals in games with high frame rates<br \/>ASUS Extreme Low Motion Blur Sync (ELMB SYNC) technology allows ELMB to be combined with variable refresh rate, eliminating ghosting and tearing to deliver crisp visuals in games with high frame rates<br \/>95% DCI-P3 color gamut with ASUS advanced grayscale tracking technology ensures smoother and more uniform color gradation<br \/>DisplayWidget Center allows you to easily adjust monitor settings with a mouse<\/p>\n\n","protected":false},"excerpt":{"rendered":"<p> From the manufacturer Brillo visual incre\u00edlble Sum\u00e9rgete en una precisi\u00f3n visual asombrosa con el ROG<\/p>","protected":false},"featured_media":27845,"comment_status":"open","ping_status":"closed","template":"","meta":[],"product_brand":[],"product_cat":[53],"product_tag":[2266,3146,1804,3147,1801,1802,1805,1803,1799,1807,850,3195,1806,2930,1306,298,4455,137,617,1304,1813,703,738,844,1808,1293,1294,200,8165,2511,381,1800,133,3144],"class_list":{"0":"post-27844","1":"product","2":"type-product","3":"status-publish","4":"has-post-thumbnail","6":"product_cat-4k-monitors","7":"product_tag-0-3ms","8":"product_tag-160hzfhd","9":"product_tag-32-inch-4k-monitor","10":"product_tag-320hz","11":"product_tag-3840x2160-monitor","12":"product_tag-4k-gaming-monitor","13":"product_tag-4k-hdr-monitor","14":"product_tag-4k-ips-monitor","15":"product_tag-4k-monitor","16":"product_tag-4k-monitor-price","17":"product_tag-asus","18":"product_tag-aura","19":"product_tag-best-4k-monitor","20":"product_tag-center","21":"product_tag-displaywidget","22":"product_tag-dual","23":"product_tag-elmb","24":"product_tag-fast","25":"product_tag-gaming","26":"product_tag-gsync","27":"product_tag-hdr","28":"product_tag-ips","29":"product_tag-mode","30":"product_tag-monitor","31":"product_tag-professional-4k-monitor","32":"product_tag-rog","33":"product_tag-strix","34":"product_tag-sync","35":"product_tag-thread","36":"product_tag-tripod","37":"product_tag-typec","38":"product_tag-uhd-monitor","39":"product_tag-usb","40":"product_tag-xg32ucg","42":"first","43":"instock","44":"shipping-taxable","45":"product-type-external"},"_links":{"self":[{"href":"https:\/\/comprasyconsejos.store\/en\/wp-json\/wp\/v2\/product\/27844","targetHints":{"allow":["GET"]}}],"collection":[{"href":"https:\/\/comprasyconsejos.store\/en\/wp-json\/wp\/v2\/product"}],"about":[{"href":"https:\/\/comprasyconsejos.store\/en\/wp-json\/wp\/v2\/types\/product"}],"replies":[{"embeddable":true,"href":"https:\/\/comprasyconsejos.store\/en\/wp-json\/wp\/v2\/comments?post=27844"}],"version-history":[{"count":0,"href":"https:\/\/comprasyconsejos.store\/en\/wp-json\/wp\/v2\/product\/27844\/revisions"}],"wp:featuredmedia":[{"embeddable":true,"href":"https:\/\/comprasyconsejos.store\/en\/wp-json\/wp\/v2\/media\/27845"}],"wp:attachment":[{"href":"https:\/\/comprasyconsejos.store\/en\/wp-json\/wp\/v2\/media?parent=27844"}],"wp:term":[{"taxonomy":"product_brand","embeddable":true,"href":"https:\/\/comprasyconsejos.store\/en\/wp-json\/wp\/v2\/product_brand?post=27844"},{"taxonomy":"product_cat","embeddable":true,"href":"https:\/\/comprasyconsejos.store\/en\/wp-json\/wp\/v2\/product_cat?post=27844"},{"taxonomy":"product_tag","embeddable":true,"href":"https:\/\/comprasyconsejos.store\/en\/wp-json\/wp\/v2\/product_tag?post=27844"}],"curies":[{"name":"wp","href":"https:\/\/api.w.org\/{rel}","templated":true}]}}