{"id":27882,"date":"2026-02-20T22:54:22","date_gmt":"2026-02-20T22:54:22","guid":{"rendered":"https:\/\/comprasyconsejos.store\/product\/lexibook-tv-game-console-with-2-wireless-controllers-250-games-32-bit-graphics-tv-connector-jg7440\/"},"modified":"2026-02-20T22:54:24","modified_gmt":"2026-02-20T22:54:24","slug":"lexibook-tv-game-console-with-2-wireless-controllers-250-games-32-bit-graphics-tv-connector-jg7440","status":"publish","type":"product","link":"https:\/\/comprasyconsejos.store\/en\/product\/lexibook-tv-game-console-with-2-wireless-controllers-250-games-32-bit-graphics-tv-connector-jg7440\/","title":{"rendered":"Lexibook, TV Game Console with 2 Wireless Controllers, 250 Games, 32-bit Graphics, TV Connector, JG7440"},"content":{"rendered":"<p>Price: <span style=\"color:#b12704\"><del>\u20ac79.99<\/del> - \u20ac66.37<\/span><br \/><i><small>(as of Feb 20, 2026 22:54:22 UTC &#8211; <span class=\"wp_automatic_amazon_disclaimer\" title=\"Product prices and availability are accurate as of the date\/time indicated and are subject to change. Any price and availability information displayed on [relevant Amazon Site(s), as applicable] at the time of purchase will apply to the purchase of this product.\">Details<\/span>)<\/small><\/i><\/p>\n<p><a href=\"https:\/\/amazon.es\/dp\/B0DHXPK27Z?tag=man008-21\"><img decoding=\"async\" src=\"https:\/\/valvepress.s3.amazonaws.com\/imgs\/buy_now.png\"><\/a><br \/>\n<\/p>\n<p>                                             From the manufacturer   <\/p>\n<p class=\"apm-text-center\">\n                                                      <img decoding=\"async\" alt=\"JG7440\" src=\"https:\/\/images-na.ssl-images-amazon.com\/images\/G\/01\/x-locale\/common\/grey-pixel.gif\" class=\"a-spacing-mini a-lazy-loaded\" data-src=\"https:\/\/m.media-amazon.com\/images\/S\/aplus-media-library-service-media\/081511de-aec3-4ee0-8df1-f8d38f88b807.__CR0,0,1200,1200_PT0_SX300_V1___.png\"><img decoding=\"async\" alt=\"JG7440\" src=\"https:\/\/m.media-amazon.com\/images\/S\/aplus-media-library-service-media\/081511de-aec3-4ee0-8df1-f8d38f88b807.__CR0,0,1200,1200_PT0_SX300_V1___.png\">  <\/p>\n<p>                                                    Una consola de juegos Game ConsoleTV para jugar con su familia y sus amigos.                                       <\/p>\n<p> Esta consola de juegos Game Console TV ofrece una amplia selecci\u00f3n de 250 juegos, \u00a1as\u00ed que hay para todos los gustos! <\/p>\n<p> Es f\u00e1cil de usar y de instalar. <\/p>\n<p> No hace falta comprar juegos ni mandos para disfrutarla, \u00a1est\u00e1 todo incluido! \u00a1Empieza a jugar ya! <\/p>\n<p> Para varios jugadores: se incluyen dos mandos para disfrutar de una experiencia de juego incre\u00edblemente envolvente. Inal\u00e1mbricos y sensibles al movimiento, ofrecen una forma intuitiva y activa de jugar. Son tus raquetas de tenis, tus palos de golf, tus volantes&#8230; <\/p>\n<p> Solo tiene que conectar la consola de juegos a una toma de corriente mediante el cable USB-C (incluido) y, a continuaci\u00f3n, mostrar la consola en el televisor mediante el cable de TV (incluido). <\/p>\n<p class=\"apm-text-center\">\n                                                      <img decoding=\"async\" alt=\"JG7440\" src=\"https:\/\/images-na.ssl-images-amazon.com\/images\/G\/01\/x-locale\/common\/grey-pixel.gif\" class=\"a-spacing-mini a-lazy-loaded\" data-src=\"https:\/\/m.media-amazon.com\/images\/S\/aplus-media-library-service-media\/31a8c62e-fe4f-42a5-a41a-217f28845d9b.__CR0,0,1200,1200_PT0_SX300_V1___.jpg\"><img decoding=\"async\" alt=\"JG7440\" src=\"https:\/\/m.media-amazon.com\/images\/S\/aplus-media-library-service-media\/31a8c62e-fe4f-42a5-a41a-217f28845d9b.__CR0,0,1200,1200_PT0_SX300_V1___.jpg\">  <\/p>\n<p>                                                    250 juegos incluidos                                       <\/p>\n<p>Gracias a su procesador gr\u00e1fico de 32 bits, esta consola de juegos para TV viene con 250 juegos preinstalados de todo tipo:30 juegos de deportes: B\u00e9isbol, Bolos, Correr, Baloncesto, Hockey, H\u00edpica, Dardos&#8230;100 juegos de puzzle y arcade: Sudoku, Juego de memoria, Carrera de coches, Billar, Mahjong, Space Fighter&#8230;20 juegos de disparos: Caza, Disparar a frutas, Disparar a peluches&#8230;100 juegos cl\u00e1sicos en formato de 8 bits     <\/p>\n<p class=\"apm-text-center\">\n                                                      <img decoding=\"async\" alt=\"JG7440\" src=\"https:\/\/images-na.ssl-images-amazon.com\/images\/G\/01\/x-locale\/common\/grey-pixel.gif\" class=\"a-spacing-mini a-lazy-loaded\" data-src=\"https:\/\/m.media-amazon.com\/images\/S\/aplus-media-library-service-media\/829843f4-94db-473c-a8fc-1d12ce8d9673.__CR0,0,1200,1200_PT0_SX300_V1___.png\"><img decoding=\"async\" alt=\"JG7440\" src=\"https:\/\/m.media-amazon.com\/images\/S\/aplus-media-library-service-media\/829843f4-94db-473c-a8fc-1d12ce8d9673.__CR0,0,1200,1200_PT0_SX300_V1___.png\">  <\/p>\n<p>                                                    Contenido de la caja :                                       <\/p>\n<p>1 videoconsola2 mandos inal\u00e1mbricos1 cable de TV1 cable USB &#8211; C1 manual de instrucciones      <\/p>\n<p> Requiere 2 pilas AAA \/ LR03 (no incluidas) por mando. <\/p>\n<p>                                                  <img decoding=\"async\" alt=\"new-logo-lexibook\" src=\"https:\/\/images-na.ssl-images-amazon.com\/images\/G\/01\/x-locale\/common\/grey-pixel.gif\" class=\"a-lazy-loaded\" data-src=\"https:\/\/m.media-amazon.com\/images\/S\/aplus-media-library-service-media\/23a6fc6f-955e-4df8-9abd-5e67604eb9e1.__CR0,0,1894,1894_PT0_SX300_V1___.jpg\"><img decoding=\"async\" alt=\"new-logo-lexibook\" src=\"https:\/\/m.media-amazon.com\/images\/S\/aplus-media-library-service-media\/23a6fc6f-955e-4df8-9abd-5e67604eb9e1.__CR0,0,1894,1894_PT0_SX300_V1___.jpg\">  <\/p>\n<h3 class=\"a-spacing-mini\"> Acerca de Lexibook <\/h3>\n<p> Lexibook es una empresa que dise\u00f1a, fabrica y comercializa productos de electr\u00f3nica de consumo en toda Europa. <\/p>\n<p> Lexibook es el campe\u00f3n europeo de la electr\u00f3nica de entretenimiento con licencia y trabaja con muchos socios como Disney, Marvel, Warner, Universal, Paramount&#8230; <\/p>\n<p> Este \u00e9xito se explica por una estrategia que incluye licencias fuertes, internacionales y a menudo exclusivas (Barbie, Spider-Man, Harry Potter, Disney, etc.), as\u00ed como productos de alto valor a\u00f1adido que incorporan la electr\u00f3nica (ordenadores educativos, televisores). <\/p>\n<p> Batteries                                            \u200f                                            :                                            \u200e                                            4 AAA batteries required.   <br \/> Product Dimensions                                            \u200f                                            :                                            \u200e                                            15 x 3.5 x 16.5 cm; 500 g   <br \/> Release date                                            \u200f                                            :                                            \u200e                                            17 Oct. 2024   <br \/> Mfg Recommended age                                            \u200f                                            :                                            \u200e                                            6 year and up   <br \/> Item model number                                            \u200f                                            :                                            \u200e                                            JG7440   <br \/> ASIN                                            \u200f                                            :                                            \u200e                                            B0DHXPK27Z   <br \/> Country of origin                                            \u200f                                            :                                            \u200e                                            China   <br \/>  Customer reviews:                                                                                            3.5               3.5 out of 5 stars                                  (136)                                              var dpAcrHasRegisteredArcLinkClickAction;                    P.when(&#8216;A&#8217;, &#8216;ready&#8217;).execute(function(A) {                        if (dpAcrHasRegisteredArcLinkClickAction !== true) {                            dpAcrHasRegisteredArcLinkClickAction = true;                            A.declarative(                                &#8216;acrLink-click-metrics&#8217;, &#8216;click&#8217;,                                { \u00aballowLinkDefault\u00bb: true },                                function (event) {                                    if (window.ue) {                                        ue.count(\u00abacrLinkClickCount\u00bb, (ue.count(\u00abacrLinkClickCount\u00bb) || 0) + 1);                                    }                                }                            );                        }                    });                                             P.when(&#8216;A&#8217;, &#8216;cf&#8217;).execute(function(A) {                A.declarative(&#8216;acrStarsLink-click-metrics&#8217;, &#8216;click&#8217;, { \u00aballowLinkDefault\u00bb : true },  function(event){                    if(window.ue) {                        ue.count(\u00abacrStarsLinkWithPopoverClickCount\u00bb, (ue.count(\u00abacrStarsLinkWithPopoverClickCount\u00bb) || 0) + 1);                    }                });            });                          <\/p>\n<p>TV GAME CONSOLE &#038; WIRELESS CONTROLS &#8211; Forget about cables! Experience the action in real time with this TV game console and its wireless controllers, ideal for complete freedom of movement.<br \/>250 INTEGRATED GAMES &#8211; Enjoy 250 varied games, including 30 interactive sports games and 220 mini-games and arcade games. Games are already installed on the console so you can play right out of the box!<br \/>MULTIPLAYER MODE &#8211; Play with family and friends thanks to multiplayer and 2 included controllers, and share unforgettable moments.<br \/>RETRO AESTHETICS &#8211; Perfect for reliving childhood memories and sharing moments of conviviality with simple and entertaining games.<br \/>TV CONNECTOR INCLUDED &#8211; Easily connect the console to your TV with the included cable and start playing right away.<br \/>LEXIBOOK QUALITY &#8211; Loved by kids, parent approved. A recognized and certified toy brand, Lexibook offers smart, high-quality and safe products so you can buy with confidence.<\/p>\n\n","protected":false},"excerpt":{"rendered":"<p> From the manufacturer Una consola de juegos Game ConsoleTV para jugar con su familia y<\/p>","protected":false},"featured_media":27883,"comment_status":"open","ping_status":"closed","template":"","meta":[],"product_brand":[],"product_cat":[61],"product_tag":[8171,314,1886,1880,2235,1795,2234,1881,1875,1883,644,1884,8172,6166,1878,1876,1879,1882,226,1877],"class_list":{"0":"post-27882","1":"product","2":"type-product","3":"status-publish","4":"has-post-thumbnail","6":"product_cat-games-entertainment","7":"product_tag-32bit","8":"product_tag-connector","9":"product_tag-console","10":"product_tag-console-games","11":"product_tag-controllers","12":"product_tag-game","13":"product_tag-games","14":"product_tag-gaming-accessories","15":"product_tag-gaming-consoles","16":"product_tag-gaming-controllers","17":"product_tag-graphics","18":"product_tag-home-gaming-system","19":"product_tag-jg7440","20":"product_tag-lexibook","21":"product_tag-nintendo-console","22":"product_tag-playstation-console","23":"product_tag-video-games","24":"product_tag-vr-headset","25":"product_tag-wireless","26":"product_tag-xbox-console","28":"first","29":"instock","30":"sale","31":"shipping-taxable","32":"product-type-external"},"_links":{"self":[{"href":"https:\/\/comprasyconsejos.store\/en\/wp-json\/wp\/v2\/product\/27882","targetHints":{"allow":["GET"]}}],"collection":[{"href":"https:\/\/comprasyconsejos.store\/en\/wp-json\/wp\/v2\/product"}],"about":[{"href":"https:\/\/comprasyconsejos.store\/en\/wp-json\/wp\/v2\/types\/product"}],"replies":[{"embeddable":true,"href":"https:\/\/comprasyconsejos.store\/en\/wp-json\/wp\/v2\/comments?post=27882"}],"version-history":[{"count":0,"href":"https:\/\/comprasyconsejos.store\/en\/wp-json\/wp\/v2\/product\/27882\/revisions"}],"wp:featuredmedia":[{"embeddable":true,"href":"https:\/\/comprasyconsejos.store\/en\/wp-json\/wp\/v2\/media\/27883"}],"wp:attachment":[{"href":"https:\/\/comprasyconsejos.store\/en\/wp-json\/wp\/v2\/media?parent=27882"}],"wp:term":[{"taxonomy":"product_brand","embeddable":true,"href":"https:\/\/comprasyconsejos.store\/en\/wp-json\/wp\/v2\/product_brand?post=27882"},{"taxonomy":"product_cat","embeddable":true,"href":"https:\/\/comprasyconsejos.store\/en\/wp-json\/wp\/v2\/product_cat?post=27882"},{"taxonomy":"product_tag","embeddable":true,"href":"https:\/\/comprasyconsejos.store\/en\/wp-json\/wp\/v2\/product_tag?post=27882"}],"curies":[{"name":"wp","href":"https:\/\/api.w.org\/{rel}","templated":true}]}}