{"id":27912,"date":"2026-02-20T23:26:57","date_gmt":"2026-02-20T23:26:57","guid":{"rendered":"https:\/\/comprasyconsejos.store\/product\/hp-laserjet-m235sdw-8j9k7f-automatic-double-sided-monochrome-multifunction-laser-printer-a4-scanner-copier-29-ppm-wi-fi-ethernet-500mhz-processor-64mb-memory-smart-app-white-and-grey\/"},"modified":"2026-02-20T23:27:04","modified_gmt":"2026-02-20T23:27:04","slug":"hp-laserjet-m235sdw-8j9k7f-automatic-double-sided-monochrome-multifunction-laser-printer-a4-scanner-copier-29-ppm-wi-fi-ethernet-500mhz-processor-64mb-memory-smart-app-white-and-grey","status":"publish","type":"product","link":"https:\/\/comprasyconsejos.store\/en\/product\/hp-laserjet-m235sdw-8j9k7f-automatic-double-sided-monochrome-multifunction-laser-printer-a4-scanner-copier-29-ppm-wi-fi-ethernet-500mhz-processor-64mb-memory-smart-app-white-and-grey\/","title":{"rendered":"HP LaserJet M235sdw 8J9K7F, Automatic Double-Sided Monochrome Multifunction Laser Printer A4, Scanner, Copier (29 ppm, Wi-Fi, Ethernet, 500MHz Processor, 64MB Memory, Smart App) White and Grey"},"content":{"rendered":"<p>Price: <span style=\"color:#b12704\">\u20ac284.67<\/span><br \/><i><small>(as of Feb 20, 2026 23:26:57 UTC &#8211; <span class=\"wp_automatic_amazon_disclaimer\" title=\"Product prices and availability are accurate as of the date\/time indicated and are subject to change. Any price and availability information displayed on [relevant Amazon Site(s), as applicable] at the time of purchase will apply to the purchase of this product.\">Details<\/span>)<\/small><\/i><\/p>\n<p><a href=\"https:\/\/amazon.es\/dp\/B0D81BJ6K3?tag=man008-21\"><img decoding=\"async\" src=\"https:\/\/valvepress.s3.amazonaws.com\/imgs\/buy_now.png\"><\/a><br \/>\n<\/p>\n<p>                                             From the manufacturer   <\/p>\n<p>                                                                                                       <img decoding=\"async\" alt=\"El texto dice \u00abHP LaserJet\u00bb. Imagen compuesta que muestra escenas de la impresora HP y el espacio de trabajo con la configuraci\u00f3n del ordenador y las actividades de impresi\u00f3n.\" src=\"https:\/\/images-na.ssl-images-amazon.com\/images\/G\/01\/x-locale\/common\/grey-pixel.gif\" class=\"a-lazy-loaded\" data-src=\"https:\/\/m.media-amazon.com\/images\/S\/aplus-media-library-service-media\/b9c783b3-2ddb-4024-a482-374c430d131d.__CR0,0,1464,600_PT0_SX1464_V1___.png\"><img decoding=\"async\" alt=\"El texto dice \u00abHP LaserJet\u00bb. Imagen compuesta que muestra escenas de la impresora HP y el espacio de trabajo con la configuraci\u00f3n del ordenador y las actividades de impresi\u00f3n.\" src=\"https:\/\/m.media-amazon.com\/images\/S\/aplus-media-library-service-media\/b9c783b3-2ddb-4024-a482-374c430d131d.__CR0,0,1464,600_PT0_SX1464_V1___.png\">                                               <\/p>\n<p>                                                                <img decoding=\"async\" alt=\"\" src=\"https:\/\/images-na.ssl-images-amazon.com\/images\/G\/01\/x-locale\/common\/grey-pixel.gif\" class=\"a-lazy-loaded\" data-src=\"https:\/\/m.media-amazon.com\/images\/S\/aplus-media-library-service-media\/db7843ad-f82f-4ba7-866f-f4b82f3bf8af.__CR0,0,1464,600_PT0_SX1464_V1___.png\"><img decoding=\"async\" alt=\"\" src=\"https:\/\/m.media-amazon.com\/images\/S\/aplus-media-library-service-media\/db7843ad-f82f-4ba7-866f-f4b82f3bf8af.__CR0,0,1464,600_PT0_SX1464_V1___.png\">        <\/p>\n<p>                                                                                  <img decoding=\"async\" alt=\"aplus content image\" src=\"https:\/\/m.media-amazon.com\/images\/S\/aplus-media-library-service-media\/44f5881f-4c03-42ad-add5-c184863d0013.__CR1,0,1464,600_PT0_SX1464_V1___.png\">       <\/p>\n<p>                                                                                  <img decoding=\"async\" alt=\"El texto dice \u00abDise\u00f1o compacto y elegante\u00bb. Escena de escritorio que muestra una impresora blanca o un dispositivo multifunci\u00f3n con un dise\u00f1o limpio y minimalista.\" src=\"https:\/\/m.media-amazon.com\/images\/S\/aplus-media-library-service-media\/4ba9abaf-d2a9-43fc-b512-b476faa62111.__CR0,0,1464,600_PT0_SX1464_V1___.png\">       <\/p>\n<p>                                                                                  <img decoding=\"async\" alt=\"El texto dice \u00abImpresi\u00f3n f\u00e1cil desde el m\u00f3vil\u00bb. Imagen de marketing que muestra a una persona usando un dispositivo m\u00f3vil con detalles geom\u00e9tricos azules.\" src=\"https:\/\/m.media-amazon.com\/images\/S\/aplus-media-library-service-media\/a805e547-eed4-493d-b22f-15203908527c.__CR0,0,1464,600_PT0_SX1464_V1___.png\">       <\/p>\n<p>                                                                                  <img decoding=\"async\" alt=\"El texto dice \u00abAhorro de energ\u00eda y reducci\u00f3n de residuos\u00bb. Serie de im\u00e1genes de demostraci\u00f3n de productos que muestran conceptos de eficiencia energ\u00e9tica y reducci\u00f3n de residuos con dispositivos digitales.\" src=\"https:\/\/m.media-amazon.com\/images\/S\/aplus-media-library-service-media\/40f3edf3-2a7e-492d-9dea-7868706cc37c.__CR0,0,1464,600_PT0_SX1464_V1___.png\">       <\/p>\n<p>                                                                                  <img decoding=\"async\" alt=\"El texto dice \u00abAvisos legaires\u00bb seguido del texto del aviso legal en espa\u00f1ol. Dise\u00f1o de documento corporativo azul y blanco con informaci\u00f3n legal.\" src=\"https:\/\/m.media-amazon.com\/images\/S\/aplus-media-library-service-media\/ae586c84-2432-4dc2-a89b-f6330dbe3ad5.__CR1,0,1464,600_PT0_SX1464_V1___.png\">       <\/p>\n<p>                                                                                  <img decoding=\"async\" alt=\"El texto dice \u00abAvisos legales\u00bb seguido de un texto legal denso en espa\u00f1ol. El documento parece ser una p\u00e1gina de aviso legal o aviso legal con elementos de acento azul en el dise\u00f1o.\" src=\"https:\/\/m.media-amazon.com\/images\/S\/aplus-media-library-service-media\/e119903d-6cde-43a7-9b46-2ee93e4c383b.__CR1,0,1464,600_PT0_SX1464_V1___.png\">       <\/p>\n<p>The video showcases the product in use.The video guides you through product setup.The video compares multiple products.The video shows the product being unpacked. HP LaserJet M235sdw &#8211; Impresora L\u00e1ser Merchant video<\/p>\n<p>                                                                                  <img decoding=\"async\" alt=\"El texto dice \u00abC\u00f3mo configurar la impresora\u00bb. Gu\u00eda de configuraci\u00f3n de la impresora que muestra la compatibilidad con los sistemas operativos Windows, macOS, iOS y Android, con la referencia support.hp.com.\" src=\"https:\/\/m.media-amazon.com\/images\/S\/aplus-media-library-service-media\/cb6d10fd-5179-4f8e-a51e-89ea346c71c9.__CR0,0,1464,600_PT0_SX1464_V1___.png\">       <\/p>\n<p>                                                                                  <img decoding=\"async\" alt=\"El texto dice \u00abElige tu modo de configuraci\u00f3n\u00bb, \u00abConfiguraci\u00f3n WiFi\u00bb, \u00abConfiguraci\u00f3n Ethernet y USB\u00bb. Interfaz de configuraci\u00f3n de red que muestra las opciones de conexi\u00f3n WiFi y Ethernet.\" src=\"https:\/\/m.media-amazon.com\/images\/S\/aplus-media-library-service-media\/511e4591-d01d-4c90-b47f-a31240946e7a.__CR0,0,1464,600_PT0_SX1464_V1___.png\">       <\/p>\n<p>                                                                                  <img decoding=\"async\" alt=\"El texto dice \u00ab\u00bfProblemas\u00bb, seguido de los pasos t\u00e9cnicos de soluci\u00f3n de problemas en espa\u00f1ol. Muestra la informaci\u00f3n de diagn\u00f3stico y los mensajes de error relacionados con la impresora.\" src=\"https:\/\/m.media-amazon.com\/images\/S\/aplus-media-library-service-media\/141bf9c3-2824-4d05-8448-0e2b5decf0a4.__CR0,0,1464,600_PT0_SX1464_V1___.png\">       <\/p>\n<p>                                                                                  <img decoding=\"async\" alt=\"El texto dice \u00abConsejos para una conexi\u00f3n estable\u00bb con los pasos de soluci\u00f3n de problemas numerados. Diagrama t\u00e9cnico que muestra las instrucciones de conectividad del router en espa\u00f1ol.\" src=\"https:\/\/m.media-amazon.com\/images\/S\/aplus-media-library-service-media\/2fed1e8d-b06a-4007-8727-06d4bc33c054.__CR0,0,1464,600_PT0_SX1464_V1___.png\">       <\/p>\n<p>                                                                                  <img decoding=\"async\" alt=\"El texto dice \u00abAtasco\u00bb con instrucciones numeradas en espa\u00f1ol para el manejo del papel, incluida la informaci\u00f3n de soporte t\u00e9cnico y los pasos de uso.\" src=\"https:\/\/m.media-amazon.com\/images\/S\/aplus-media-library-service-media\/3bd70739-9777-4e15-9adb-bd451ab03eed.__CR12,0,1464,600_PT0_SX1464_V1___.png\">       <\/p>\n<h3>\n<p class=\"aplus-question aplus-p1\"> \u00bfPor qu\u00e9 deber\u00eda registrar una cuenta en la aplicaci\u00f3n HP? <\/p>\n<\/h3>\n<p class=\"aplus-answer aplus-p2\"> El registro te permite utilizar varias funciones premium que requieren conectividad en la nube, como Mobile Fax, Escaneo avanzado, Impresi\u00f3n remota y muchas m\u00e1s. <\/p>\n<h3>\n<p class=\"aplus-question aplus-p1\"> \u00bfPor qu\u00e9 deber\u00eda usar consumibles originales? <\/p>\n<\/h3>\n<p class=\"aplus-answer aplus-p2\"> El uso de Cartuchos de T\u00f3ner Originales HP protege el respaldo del fabricante, asegura una alta calidad de impresi\u00f3n y prolonga la vida \u00fatil de la impresora, reduciendo las tareas de mantenimiento. <\/p>\n<h3>\n<p class=\"aplus-question aplus-p1\"> \u00bfC\u00f3mo puedo reciclar los cartuchos y los t\u00f3ner de HP? <\/p>\n<\/h3>\n<p class=\"aplus-answer aplus-p2\"> Reciclaje sin costo para empresas a trav\u00e9s del programa HP Planet Partners. HP utiliza materiales reciclados en nuevos cartuchos originales y en otros productos de uso cotidiano. <\/p>\n<h3>\n<p class=\"aplus-question aplus-p1\"> \u00bfPor qu\u00e9 deber\u00eda elegir una impresora HP para mi hogar o peque\u00f1a empresa? <\/p>\n<\/h3>\n<p class=\"aplus-answer aplus-p2\"> Porque tu tiempo es valioso. Las impresoras HP siguen tu ritmo, trabajes solo o en un peque\u00f1o equipo. Son f\u00e1ciles, compactas y con funciones inteligentes que funcionan para que te mantengas concentrado, organizado y logres m\u00e1s con menos esfuerzo. <\/p>\n<p>                        HP LaserJet M235sdw  <\/p>\n<h3 class=\"a-text-center aplus-h3 a-text-bold\"> HP LaserJet M200 Chart <\/h3>\n<h3 class=\"a-text-center aplus-p3\"> Hogar &amp; Empresas <\/h3>\n<h3 class=\"a-text-center aplus-p2\"> Dise\u00f1ada para <\/h3>\n<h3 class=\"a-text-center aplus-p3\"> Hogar &amp; Empresas <\/h3>\n<h3 class=\"a-text-center aplus-p3\"> Si <\/h3>\n<h3 class=\"a-text-center aplus-p2\"> Multifunci\u00f3n <\/h3>\n<h3 class=\"a-text-center aplus-p3\"> No <\/h3>\n<h3 class=\"a-text-center aplus-p3\"> Wi-Fi, LAN, USB 2.0 <\/h3>\n<h3 class=\"a-text-center aplus-p2\"> Conectividad <\/h3>\n<h3 class=\"a-text-center aplus-p3\"> USB 2.0 <\/h3>\n<h3 class=\"a-text-center aplus-p3\"> 28 ppm Carta\/A4 <\/h3>\n<h3 class=\"a-text-center aplus-p2\"> Velocidad <\/h3>\n<h3 class=\"a-text-center aplus-p3\"> 28 ppm Carta\/A4 <\/h3>\n<h3 class=\"a-text-center aplus-p3\">  S\u00ed, autom\u00e1tica <\/h3>\n<h3 class=\"a-text-center aplus-p2\"> Impresi\u00f3n d\u00faplex <\/h3>\n<h3 class=\"a-text-center aplus-p3\">  S\u00ed, autom\u00e1tica <\/h3>\n<h3 class=\"a-text-center aplus-p3\"> ADF + Esc\u00e1ner plano <\/h3>\n<h3 class=\"a-text-center aplus-p2\"> Esc\u00e1ner <\/h3>\n<h3 class=\"a-text-center aplus-p3\"> No <\/h3>\n<h3 class=\"a-text-center aplus-p2\"> HP App <\/h3>\n<h3 class=\"a-text-center aplus-p3\"> Hogar &amp; Empresas <\/h3>\n<h3 class=\"a-text-center aplus-p2\"> Dise\u00f1ada para <\/h3>\n<h3 class=\"a-text-center aplus-p3\"> Hogar &amp; Empresas <\/h3>\n<h3 class=\"a-text-center aplus-p3\"> Si <\/h3>\n<h3 class=\"a-text-center aplus-p2\"> Multifunci\u00f3n <\/h3>\n<h3 class=\"a-text-center aplus-p3\"> Si <\/h3>\n<h3 class=\"a-text-center aplus-p3\"> Wi-Fi, LAN, USB 2.0 <\/h3>\n<h3 class=\"a-text-center aplus-p2\"> Conectividad <\/h3>\n<h3 class=\"a-text-center aplus-p3\"> Wi-Fi, Ethernet, USB <\/h3>\n<h3 class=\"a-text-center aplus-p3\"> 28 ppm Carta\/A4 <\/h3>\n<h3 class=\"a-text-center aplus-p2\"> Velocidad <\/h3>\n<h3 class=\"a-text-center aplus-p3\"> 28 ppm Carta\/A4 <\/h3>\n<h3 class=\"a-text-center aplus-p3\">  S\u00ed, autom\u00e1tica <\/h3>\n<h3 class=\"a-text-center aplus-p2\"> Impresi\u00f3n d\u00faplex <\/h3>\n<h3 class=\"a-text-center aplus-p3\">  S\u00ed, autom\u00e1tica <\/h3>\n<h3 class=\"a-text-center aplus-p3\"> ADF + Esc\u00e1ner plano <\/h3>\n<h3 class=\"a-text-center aplus-p2\"> Esc\u00e1ner <\/h3>\n<h3 class=\"a-text-center aplus-p3\"> Esc\u00e1ner plano <\/h3>\n<h3 class=\"a-text-center aplus-p2\"> HP App <\/h3>\n<p>                                                                                                                        HP LaserJet M209dw                                       <img decoding=\"async\" alt=\"Impresora de la marca HP en colores blanco y gris oscuro, que se muestra desde varios \u00e1ngulos y muestra vistas frontales y laterales del dise\u00f1o compacto.\" src=\"https:\/\/m.media-amazon.com\/images\/S\/aplus-media-library-service-media\/9ec15e1b-0c86-432a-9b50-1fbebf55f716.__CR0,0,488,700_PT0_SX488_V1___.jpg\">    <\/p>\n<p>                                                       HP LaserJet M234d                                       <img decoding=\"async\" alt=\"aplus content image\" src=\"https:\/\/m.media-amazon.com\/images\/S\/aplus-media-library-service-media\/1940cb1e-7174-4f12-b89f-6a5aabe9e940.__CR0,0,488,700_PT0_SX488_V1___.jpg\">    <\/p>\n<p> Batteries                                            \u200f                                            :                                            \u200e                                            1 AAAA batteries required.   <br \/> Language                                            \u200f                                            :                                            \u200e                                            German   <br \/> Product Dimensions                                            \u200f                                            :                                            \u200e                                            30.8 x 41.8 x 29.44 cm; 9.5 kg   <br \/> Manufacturer                                            \u200f                                            :                                            \u200e                                            HP   <br \/> ASIN                                            \u200f                                            :                                            \u200e                                            B0D81BJ6K3   <br \/> Item model number                                            \u200f                                            :                                            \u200e                                            8J9K7F#B19   <br \/> Country of origin                                            \u200f                                            :                                            \u200e                                            Germany   <br \/> Guaranteed software updates until                                            \u200f                                            :                                            \u200e                                            unknown   <br \/>  Customer reviews:                                                                                            4.3               4.3 out of 5 stars                                  (1,102)                                              var dpAcrHasRegisteredArcLinkClickAction;                    P.when(&#8216;A&#8217;, &#8216;ready&#8217;).execute(function(A) {                        if (dpAcrHasRegisteredArcLinkClickAction !== true) {                            dpAcrHasRegisteredArcLinkClickAction = true;                            A.declarative(                                &#8216;acrLink-click-metrics&#8217;, &#8216;click&#8217;,                                { \u00aballowLinkDefault\u00bb: true },                                function (event) {                                    if (window.ue) {                                        ue.count(\u00abacrLinkClickCount\u00bb, (ue.count(\u00abacrLinkClickCount\u00bb) || 0) + 1);                                    }                                }                            );                        }                    });                                             P.when(&#8216;A&#8217;, &#8216;cf&#8217;).execute(function(A) {                A.declarative(&#8216;acrStarsLink-click-metrics&#8217;, &#8216;click&#8217;, { \u00aballowLinkDefault\u00bb : true },  function(event){                    if(window.ue) {                        ue.count(\u00abacrStarsLinkWithPopoverClickCount\u00bb, (ue.count(\u00abacrStarsLinkWithPopoverClickCount\u00bb) || 0) + 1);                    }                });            });                          <\/p>\n<p>High productivity thanks to high automatic printing speed of up to 29 ppm<br \/>Dual-band Wi-Fi connectivity with auto-reset, Wi-Fi Direct, Fast Ethernet, Hi-Speed USB 2.0<br \/>Print, scan, copy and share your documents with consistent results comfortably from your mobile with the HP Smart app<br \/>This printer is designed to work only with toner cartridges with original HP chips or circuits, and regular firmware updates maintain the effectiveness of these measures<br \/>LCD control panel with 10 buttons and smart lighting for easy task management<br \/>This printer is compatible with Original HP 134A Black W1340A and HP 134X Black High Capacity W1340X Toner Cartridges<br \/>Up to \u20ac140 refund when you buy your HP LaserJet printer between 15\/01\/2026 and 15\/07\/2026<\/p>\n\n","protected":false},"excerpt":{"rendered":"<p> From the manufacturer The video showcases the product in use.The video guides you through product<\/p>","protected":false},"featured_media":27913,"comment_status":"open","ping_status":"closed","template":"","meta":[],"product_brand":[],"product_cat":[77],"product_tag":[1480,1481,6461,2958,8176,2224,1963,2149,1478,1479,1484,5376,2303,1482,204,1483,1978,4916,8175,511,1977,2189,3332,1962,565,587,1487,1486,840,1593,205,543],"class_list":{"0":"post-27912","1":"product","2":"type-product","3":"status-publish","4":"has-post-thumbnail","6":"product_cat-memory-ram","7":"product_tag-16gb-ram","8":"product_tag-32gb-ram","9":"product_tag-500mhz","10":"product_tag-64mb","11":"product_tag-8j9k7f","12":"product_tag-app","13":"product_tag-automatic","14":"product_tag-copier","15":"product_tag-ddr4-ram","16":"product_tag-ddr5-ram","17":"product_tag-desktop-ram","18":"product_tag-doublesided","19":"product_tag-ethernet","20":"product_tag-gaming-ram","21":"product_tag-grey","22":"product_tag-laptop-ram","23":"product_tag-laser","24":"product_tag-laserjet","25":"product_tag-m235sdw","26":"product_tag-memory","27":"product_tag-monochrome","28":"product_tag-multifunction","29":"product_tag-ppm","30":"product_tag-printer","31":"product_tag-processor","32":"product_tag-ram","33":"product_tag-ram-price","34":"product_tag-rgb-ram","35":"product_tag-scanner","36":"product_tag-smart","37":"product_tag-white","38":"product_tag-wifi","40":"first","41":"instock","42":"shipping-taxable","43":"product-type-external"},"_links":{"self":[{"href":"https:\/\/comprasyconsejos.store\/en\/wp-json\/wp\/v2\/product\/27912","targetHints":{"allow":["GET"]}}],"collection":[{"href":"https:\/\/comprasyconsejos.store\/en\/wp-json\/wp\/v2\/product"}],"about":[{"href":"https:\/\/comprasyconsejos.store\/en\/wp-json\/wp\/v2\/types\/product"}],"replies":[{"embeddable":true,"href":"https:\/\/comprasyconsejos.store\/en\/wp-json\/wp\/v2\/comments?post=27912"}],"version-history":[{"count":0,"href":"https:\/\/comprasyconsejos.store\/en\/wp-json\/wp\/v2\/product\/27912\/revisions"}],"wp:featuredmedia":[{"embeddable":true,"href":"https:\/\/comprasyconsejos.store\/en\/wp-json\/wp\/v2\/media\/27913"}],"wp:attachment":[{"href":"https:\/\/comprasyconsejos.store\/en\/wp-json\/wp\/v2\/media?parent=27912"}],"wp:term":[{"taxonomy":"product_brand","embeddable":true,"href":"https:\/\/comprasyconsejos.store\/en\/wp-json\/wp\/v2\/product_brand?post=27912"},{"taxonomy":"product_cat","embeddable":true,"href":"https:\/\/comprasyconsejos.store\/en\/wp-json\/wp\/v2\/product_cat?post=27912"},{"taxonomy":"product_tag","embeddable":true,"href":"https:\/\/comprasyconsejos.store\/en\/wp-json\/wp\/v2\/product_tag?post=27912"}],"curies":[{"name":"wp","href":"https:\/\/api.w.org\/{rel}","templated":true}]}}