{"id":27961,"date":"2026-02-21T00:14:16","date_gmt":"2026-02-21T00:14:16","guid":{"rendered":"https:\/\/comprasyconsejos.store\/product\/redragon-k673-mechanical-tap-rvb-2-4-ghz-bt-filaire-rouges-white-and-black-us-layout\/"},"modified":"2026-02-21T00:14:23","modified_gmt":"2026-02-21T00:14:23","slug":"redragon-k673-mechanical-tap-rvb-2-4-ghz-bt-filaire-rouges-white-and-black-us-layout","status":"publish","type":"product","link":"https:\/\/comprasyconsejos.store\/en\/product\/redragon-k673-mechanical-tap-rvb-2-4-ghz-bt-filaire-rouges-white-and-black-us-layout\/","title":{"rendered":"Redragon K673 Mechanical Tap, RVB, 2.4 GHz\/BT\/Filaire, Rouges, White and Black, US Layout"},"content":{"rendered":"<p>Price: <span style=\"color:#b12704\">\u20ac84.99<\/span><br \/><i><small>(as of Feb 21, 2026 00:14:17 UTC &#8211; <span class=\"wp_automatic_amazon_disclaimer\" title=\"Product prices and availability are accurate as of the date\/time indicated and are subject to change. Any price and availability information displayed on [relevant Amazon Site(s), as applicable] at the time of purchase will apply to the purchase of this product.\">Details<\/span>)<\/small><\/i><\/p>\n<p><a href=\"https:\/\/amazon.es\/dp\/B0CDX5XGLK?tag=man008-21\"><img decoding=\"async\" src=\"https:\/\/valvepress.s3.amazonaws.com\/imgs\/buy_now.png\"><\/a><br \/>\n<\/p>\n<p>                                             From the brand   <\/p>\n<p>                                              <img decoding=\"async\" alt=\"fondo de navidad con un fondo rojo y un \u00e1rbol de navidad\" src=\"https:\/\/images-na.ssl-images-amazon.com\/images\/G\/01\/x-locale\/common\/grey-pixel.gif\" class=\"a-lazy-loaded\" data-src=\"https:\/\/m.media-amazon.com\/images\/S\/aplus-media-library-service-media\/bb6bb7a2-413d-481e-b467-3c383f5c6d8f.__CR0,0,1464,625_PT0_SX1464_V1___.jpg\"><img decoding=\"async\" alt=\"fondo de navidad con un fondo rojo y un \u00e1rbol de navidad\" src=\"https:\/\/m.media-amazon.com\/images\/S\/aplus-media-library-service-media\/bb6bb7a2-413d-481e-b467-3c383f5c6d8f.__CR0,0,1464,625_PT0_SX1464_V1___.jpg\">  <\/p>\n<h3> Rat\u00f3n superventas <\/h3>\n<h3> Rat\u00f3n reci\u00e9n lanzado <\/h3>\n<h3> Teclado QWERTY popular <\/h3>\n<h3> Teclado QWERTZ popular <\/h3>\n<h3> Teclado QWERTZ popular <\/h3>\n<h3> Hot-Lanzamiento de teclados QWERTY <\/h3>\n<h3> Hot-Lanzamiento de teclados QWERTY <\/h3>\n<h3> Juego de teclado y rat\u00f3n QWERTY <\/h3>\n<h3> Altavoz de PC popular <\/h3>\n<h3> Auriculares populares <\/h3>\n<h3> Auriculares reci\u00e9n lanzados <\/h3>\n<h3> Accesorios para carcasas de ordenador <\/h3>\n<h3> Accesorios esenciales para teclado <\/h3>\n<p> Batteries                                            \u200f                                            :                                            \u200e                                            1 Lithium Polymer batteries required. (included)   <br \/> Language                                            \u200f                                            :                                            \u200e                                            English   <br \/> Product Dimensions                                            \u200f                                            :                                            \u200e                                            35 x 3.4 x 13 cm; 500 g   <br \/> Manufacturer                                            \u200f                                            :                                            \u200e                                            Redragon   <br \/> ASIN                                            \u200f                                            :                                            \u200e                                            B0CDX5XGLK   <br \/> Item model number                                            \u200f                                            :                                            \u200e                                            K673   <br \/> Country\/Region of Origin                                            \u200f                                            :                                            \u200e                                            China   <br \/> Guaranteed software updates until                                            \u200f                                            :                                            \u200e                                            unknown   <br \/>  Customer reviews:                                                                                            4.6               4.6 out of 5 stars                                  (1,084)                                              var dpAcrHasRegisteredArcLinkClickAction;                    P.when(&#8216;A&#8217;, &#8216;ready&#8217;).execute(function(A) {                        if (dpAcrHasRegisteredArcLinkClickAction !== true) {                            dpAcrHasRegisteredArcLinkClickAction = true;                            A.declarative(                                &#8216;acrLink-click-metrics&#8217;, &#8216;click&#8217;,                                { \u00aballowLinkDefault\u00bb: true },                                function (event) {                                    if (window.ue) {                                        ue.count(\u00abacrLinkClickCount\u00bb, (ue.count(\u00abacrLinkClickCount\u00bb) || 0) + 1);                                    }                                }                            );                        }                    });                                             P.when(&#8216;A&#8217;, &#8216;cf&#8217;).execute(function(A) {                A.declarative(&#8216;acrStarsLink-click-metrics&#8217;, &#8216;click&#8217;, { \u00aballowLinkDefault\u00bb : true },  function(event){                    if(window.ue) {                        ue.count(\u00abacrStarsLinkWithPopoverClickCount\u00bb, (ue.count(\u00abacrStarsLinkWithPopoverClickCount\u00bb) || 0) + 1);                    }                });            });                          <\/p>\n<p>US ANSI QWERTY layout<br \/>REDRAGON GASKET OUT: The body structure differs from traditional screw fixing as it uses precision latched covers and gaskets to help reduce noise and increase flexibility. It provides a uniform response, while vertical damping reduces stiff noise, delivering a crisp, clean and smoother typing feel.<br \/>3 MODES CONNECTION Equipped with Redragon&#8217;s advanced three-mode connection technology, USB-C cable, BT 3.0\/5.0 and 2.4Ghz wireless modes, which enhance the user experience in all fields.<br \/>One-Button Control &#8211; Equipped with a convenient easy access control button, the brightness of the keyboard backlight and media (volume, play\/pause, switch) are controlled without hassle. Plus, it&#8217;s functional without extra keys or wasted space.<br \/>Noise Dampening x 2: equipped with 3.5mm PO foam and a thick silicone bottom pad located around the printed circuit board, along with the silicone gasket. Significantly reduces sound resonance between metals and reduces cavity noise. Creates clear and pure switch scrolling sound, without additional noises.<br \/>81-key layout: The innovative design maintains the original design length of 65%, eliminating the numeric keypad for more space to move the mouse. At the same time, the TOP function key area is added, fundamental for many users, no need for FN combination keys, making it more compact, convenient and practical.<\/p>\n\n","protected":false},"excerpt":{"rendered":"<p> From the brand Rat\u00f3n superventas Rat\u00f3n reci\u00e9n lanzado Teclado QWERTY popular Teclado QWERTZ popular Teclado<\/p>","protected":false},"featured_media":27962,"comment_status":"open","ping_status":"closed","template":"","meta":[],"product_brand":[],"product_cat":[49],"product_tag":[746,307,743,747,740,8187,5436,518,4013,1227,739,744,1080,742,8188,5597,745,948,205,741],"class_list":{"0":"post-27961","1":"product","2":"type-product","3":"status-publish","4":"has-post-thumbnail","6":"product_cat-keyboards","7":"product_tag-backlit-keyboard","8":"product_tag-black","9":"product_tag-bluetooth-keyboard","10":"product_tag-compact-keyboard","11":"product_tag-gaming-keyboard","12":"product_tag-ghzbtfilaire","13":"product_tag-k673","14":"product_tag-keyboard","15":"product_tag-layout","16":"product_tag-mechanical","17":"product_tag-mechanical-keyboard","18":"product_tag-office-keyboard","19":"product_tag-redragon","20":"product_tag-rgb-keyboard","21":"product_tag-rouges","22":"product_tag-rvb","23":"product_tag-silent-keyboard","24":"product_tag-tap","25":"product_tag-white","26":"product_tag-wireless-keyboard","28":"first","29":"instock","30":"shipping-taxable","31":"product-type-external"},"_links":{"self":[{"href":"https:\/\/comprasyconsejos.store\/en\/wp-json\/wp\/v2\/product\/27961","targetHints":{"allow":["GET"]}}],"collection":[{"href":"https:\/\/comprasyconsejos.store\/en\/wp-json\/wp\/v2\/product"}],"about":[{"href":"https:\/\/comprasyconsejos.store\/en\/wp-json\/wp\/v2\/types\/product"}],"replies":[{"embeddable":true,"href":"https:\/\/comprasyconsejos.store\/en\/wp-json\/wp\/v2\/comments?post=27961"}],"version-history":[{"count":0,"href":"https:\/\/comprasyconsejos.store\/en\/wp-json\/wp\/v2\/product\/27961\/revisions"}],"wp:featuredmedia":[{"embeddable":true,"href":"https:\/\/comprasyconsejos.store\/en\/wp-json\/wp\/v2\/media\/27962"}],"wp:attachment":[{"href":"https:\/\/comprasyconsejos.store\/en\/wp-json\/wp\/v2\/media?parent=27961"}],"wp:term":[{"taxonomy":"product_brand","embeddable":true,"href":"https:\/\/comprasyconsejos.store\/en\/wp-json\/wp\/v2\/product_brand?post=27961"},{"taxonomy":"product_cat","embeddable":true,"href":"https:\/\/comprasyconsejos.store\/en\/wp-json\/wp\/v2\/product_cat?post=27961"},{"taxonomy":"product_tag","embeddable":true,"href":"https:\/\/comprasyconsejos.store\/en\/wp-json\/wp\/v2\/product_tag?post=27961"}],"curies":[{"name":"wp","href":"https:\/\/api.w.org\/{rel}","templated":true}]}}