{"id":27970,"date":"2026-02-21T00:17:35","date_gmt":"2026-02-21T00:17:35","guid":{"rendered":"https:\/\/comprasyconsejos.store\/product\/logitech-m220-silent-wireless-mouse-2-4-ghz-usb-receiver-optical-tracking-with-1000-dpi-resolution-18-month-battery-ambidextrous-compatible-with-pc-mac-notebook-black\/"},"modified":"2026-02-21T00:17:44","modified_gmt":"2026-02-21T00:17:44","slug":"logitech-m220-silent-wireless-mouse-2-4-ghz-usb-receiver-optical-tracking-with-1000-dpi-resolution-18-month-battery-ambidextrous-compatible-with-pc-mac-notebook-black","status":"publish","type":"product","link":"https:\/\/comprasyconsejos.store\/en\/product\/logitech-m220-silent-wireless-mouse-2-4-ghz-usb-receiver-optical-tracking-with-1000-dpi-resolution-18-month-battery-ambidextrous-compatible-with-pc-mac-notebook-black\/","title":{"rendered":"Logitech M220 Silent Wireless Mouse, 2.4 GHz, USB Receiver, Optical Tracking with 1000 dpi Resolution, 18 Month Battery, Ambidextrous, Compatible with PC, Mac, Notebook &#8211; Black"},"content":{"rendered":"<p>Price: <span style=\"color:#b12704\">\u20ac14.90<\/span><br \/><i><small>(as of Feb 21, 2026 00:17:35 UTC &#8211; <span class=\"wp_automatic_amazon_disclaimer\" title=\"Product prices and availability are accurate as of the date\/time indicated and are subject to change. Any price and availability information displayed on [relevant Amazon Site(s), as applicable] at the time of purchase will apply to the purchase of this product.\">Details<\/span>)<\/small><\/i><\/p>\n<p><a href=\"https:\/\/amazon.es\/dp\/B01K7GEG9W?tag=man008-21\"><img decoding=\"async\" src=\"https:\/\/valvepress.s3.amazonaws.com\/imgs\/buy_now.png\"><\/a><br \/>\n<\/p>\n<p>                                             From the manufacturer   <\/p>\n<p>                                                                                                       <img decoding=\"async\" alt=\"M220\" src=\"https:\/\/images-na.ssl-images-amazon.com\/images\/G\/01\/x-locale\/common\/grey-pixel.gif\" class=\"a-lazy-loaded\" data-src=\"https:\/\/m.media-amazon.com\/images\/S\/aplus-media-library-service-media\/77a90032-7aff-483b-8bce-5e0438a3ee4b.__CR0,0,1464,600_PT0_SX1464_V1___.png\"><img decoding=\"async\" alt=\"M220\" src=\"https:\/\/m.media-amazon.com\/images\/S\/aplus-media-library-service-media\/77a90032-7aff-483b-8bce-5e0438a3ee4b.__CR0,0,1464,600_PT0_SX1464_V1___.png\">                                               <\/p>\n<p>                                                                                                       <img decoding=\"async\" alt=\"M220\" src=\"https:\/\/images-na.ssl-images-amazon.com\/images\/G\/01\/x-locale\/common\/grey-pixel.gif\" class=\"a-lazy-loaded\" data-src=\"https:\/\/m.media-amazon.com\/images\/S\/aplus-media-library-service-media\/f25d8053-58a5-4649-9002-9132b93ac9b5.__CR0,0,1464,600_PT0_SX1464_V1___.jpg\"><img decoding=\"async\" alt=\"M220\" src=\"https:\/\/m.media-amazon.com\/images\/S\/aplus-media-library-service-media\/f25d8053-58a5-4649-9002-9132b93ac9b5.__CR0,0,1464,600_PT0_SX1464_V1___.jpg\">                                                                                    MENOS RUIDO, MAYOR CONCENTRACI\u00d3N                                        <\/p>\n<p class=\"aplus-p2 aplus-module-2-description\"> La tecnolog\u00eda SilentTouch propia de Logitech reduce m\u00e1s de un 90%* de los sonidos de clic, al tiempo que optimiza el rendimiento del rat\u00f3n. As\u00ed podr\u00e1s sentir cada clic sin o\u00edr pr\u00e1cticamente nada. <\/p>\n<p>                                                                                     <img decoding=\"async\" alt=\"M220\" src=\"https:\/\/m.media-amazon.com\/images\/S\/aplus-media-library-service-media\/4eb091ea-0ae4-4cb6-af83-e7afd1780d73.__CR0,0,1464,600_PT0_SX1464_V1___.jpg\">                                                    HERRAMIENTAS ESSENTIAL.  MEJORA DEL TRABAJO                                         <\/p>\n<p class=\"aplus-p3\"> Completa tu entorno con el teclado, rat\u00f3n, auriculares y c\u00e1mara web adecuados para una escritura y navegaci\u00f3n mejoradas, adem\u00e1s de audio y v\u00eddeo superiores. <\/p>\n<p>                                                                                     <img decoding=\"async\" alt=\"M220\" src=\"https:\/\/m.media-amazon.com\/images\/S\/aplus-media-library-service-media\/9ae2dfbd-b3c5-4f53-a0c0-8f2776663be5.__CR0,0,1464,600_PT0_SX1464_V1___.jpg\">                                                    COMBINACI\u00d3N INAL\u00c1MBRICA SILENCIOSA MK295                                         <\/p>\n<p class=\"aplus-p3\"> Presentamos la combinaci\u00f3n inal\u00e1mbrica silenciosa Logitech MK295 que incluye el rat\u00f3n silencioso M220. <\/p>\n<p>                                                                                     <img decoding=\"async\" alt=\"M220\" src=\"https:\/\/m.media-amazon.com\/images\/S\/aplus-media-library-service-media\/b2db98b7-88b5-47ed-8eec-039eda4c516a.__CR0,0,1464,600_PT0_SX1464_V1___.jpg\">                                                    C\u00c1MARA WEB HD LOGITECH C270                                         <\/p>\n<p class=\"aplus-p3\"> Videoconferencias n\u00edtidas y fluidas con una c\u00e1mara que puede montarse sobre un monitor o un estante. <\/p>\n<p>                                                                                     <img decoding=\"async\" alt=\"M220\" src=\"https:\/\/m.media-amazon.com\/images\/S\/aplus-media-library-service-media\/9659edbc-1881-4161-9e1e-f29e75c8896a.__CR0,0,1464,600_PT0_SX1464_V1___.jpg\">                                                    AURICULARES INAL\u00c1MBRICOS LOGITECH H390                                         <\/p>\n<p class=\"aplus-p3\"> Para llamadas por Internet n\u00edtidas con una simple conexi\u00f3n USB-A Plug and Play y un micr\u00f3fono con supresi\u00f3n de ruido. <\/p>\n<p>                                                                                                       <img decoding=\"async\" alt=\"M220\" src=\"https:\/\/images-na.ssl-images-amazon.com\/images\/G\/01\/x-locale\/common\/grey-pixel.gif\" class=\"a-lazy-loaded\" data-src=\"https:\/\/m.media-amazon.com\/images\/S\/aplus-media-library-service-media\/3dfb1ed5-e9c3-4e97-836c-a3fbfffe16fc.__CR0,0,1464,600_PT0_SX1464_V1___.jpg\"><img decoding=\"async\" alt=\"M220\" src=\"https:\/\/m.media-amazon.com\/images\/S\/aplus-media-library-service-media\/3dfb1ed5-e9c3-4e97-836c-a3fbfffe16fc.__CR0,0,1464,600_PT0_SX1464_V1___.jpg\">                                                                                    FORMA C\u00d3MODA, DISE\u00d1O COMPACTO                                        <\/p>\n<p class=\"aplus-p2 aplus-module-2-description\"> Al ser compacto e inal\u00e1mbrico, el rat\u00f3n cabe f\u00e1cilmente en una bolsa junto con el port\u00e1til para poder llevarlo contigo all\u00e1 donde trabajes. El M220 est\u00e1 dise\u00f1ado para resultar igual de c\u00f3modo a usuarios diestros y zurdos. <\/p>\n<p>                                                                                              <img decoding=\"async\" alt=\"M220\" src=\"https:\/\/images-na.ssl-images-amazon.com\/images\/G\/01\/x-locale\/common\/grey-pixel.gif\" class=\"a-lazy-loaded\" data-src=\"https:\/\/m.media-amazon.com\/images\/S\/aplus-media-library-service-media\/22d3924a-e762-4c50-afb6-f987940e08c8.__CR0,0,650,350_PT0_SX650_V1___.jpg\"><img decoding=\"async\" alt=\"M220\" src=\"https:\/\/m.media-amazon.com\/images\/S\/aplus-media-library-service-media\/22d3924a-e762-4c50-afb6-f987940e08c8.__CR0,0,650,350_PT0_SX650_V1___.jpg\">                                            NAVEGACI\u00d3N SENCILLA, CONTROL PRECISO                                         <\/p>\n<p class=\"aplus-p3\"> Navegaci\u00f3n facilitada gracias a un desplazamiento controlado l\u00ednea a l\u00ednea. Sin desperdiciar ni un solo clic: el sensor \u00f3ptico te permite hacer un seguimiento con un control del cursor fluido y preciso en la mayor\u00eda de superficies. <\/p>\n<p>                                           <img decoding=\"async\" alt=\"M220 \" src=\"https:\/\/images-na.ssl-images-amazon.com\/images\/G\/01\/x-locale\/common\/grey-pixel.gif\" class=\"a-lazy-loaded\" data-src=\"https:\/\/m.media-amazon.com\/images\/S\/aplus-media-library-service-media\/05276d3f-9e4b-497f-b75f-58dfac86ccd7.__CR0,0,650,350_PT0_SX650_V1___.jpg\"><img decoding=\"async\" alt=\"M220 \" src=\"https:\/\/m.media-amazon.com\/images\/S\/aplus-media-library-service-media\/05276d3f-9e4b-497f-b75f-58dfac86ccd7.__CR0,0,650,350_PT0_SX650_V1___.jpg\">                                            CALIDAD FIABLE                                         <\/p>\n<p class=\"aplus-p3\"> Disfruta de la alta calidad y fiabilidad de M220. M220 funciona hasta 18 meses* sin cambiar de pilas gracias al conmutador de encendido\/apagado y al modo de ahorro de energ\u00eda con suspensi\u00f3n autom\u00e1tica. <\/p>\n<p>                                                                                              <img decoding=\"async\" alt=\"M220\" src=\"https:\/\/images-na.ssl-images-amazon.com\/images\/G\/01\/x-locale\/common\/grey-pixel.gif\" class=\"a-lazy-loaded\" data-src=\"https:\/\/m.media-amazon.com\/images\/S\/aplus-media-library-service-media\/15f998b7-ea3b-45cd-9b69-ca27d83200f8.__CR0,0,650,350_PT0_SX650_V1___.jpg\"><img decoding=\"async\" alt=\"M220\" src=\"https:\/\/m.media-amazon.com\/images\/S\/aplus-media-library-service-media\/15f998b7-ea3b-45cd-9b69-ca27d83200f8.__CR0,0,650,350_PT0_SX650_V1___.jpg\">                                            LLEVA A CABO TUS TAREAS M\u00c1S R\u00c1PIDO                                         <\/p>\n<p class=\"aplus-p3\"> Aumenta tu productividad a\u00f1adiendo el M220 a tu port\u00e1til. Seg\u00fan un estudio reciente, los usuarios de port\u00e1tiles que eligieron este rat\u00f3n en lugar del touchpad fueron un 50% m\u00e1s productivos* y trabajaron un 30% m\u00e1s r\u00e1pido**. <\/p>\n<p>                                           <img decoding=\"async\" alt=\"M220\" src=\"https:\/\/images-na.ssl-images-amazon.com\/images\/G\/01\/x-locale\/common\/grey-pixel.gif\" class=\"a-lazy-loaded\" data-src=\"https:\/\/m.media-amazon.com\/images\/S\/aplus-media-library-service-media\/51c75c2c-0fea-48f0-9866-01aa3ebeb882.__CR0,0,650,350_PT0_SX650_V1___.jpg\"><img decoding=\"async\" alt=\"M220\" src=\"https:\/\/m.media-amazon.com\/images\/S\/aplus-media-library-service-media\/51c75c2c-0fea-48f0-9866-01aa3ebeb882.__CR0,0,650,350_PT0_SX650_V1___.jpg\">                                            SIMPLICIDAD DE PLUG AND PLAY                                         <\/p>\n<p class=\"aplus-p3\"> M220 es compatible con Windows, macOS, Chrome OS y Linux y funciona la instante al conectar el receptor USB al dispositivo. El receptor proporciona una conexi\u00f3n fiable hasta a 10 metros*. <\/p>\n<p> Batteries                                            \u200f                                            :                                            \u200e                                            1 AA batteries required. (included)   <br \/> Is discontinued by manufacturer                                            \u200f                                            :                                            \u200e                                            No   <br \/> Language                                            \u200f                                            :                                            \u200e                                            Dutch, English, French   <br \/> Product Dimensions                                            \u200f                                            :                                            \u200e                                            9.9 x 6 x 0.25 cm; 91 g   <br \/> Manufacturer                                            \u200f                                            :                                            \u200e                                            Logitech   <br \/> ASIN                                            \u200f                                            :                                            \u200e                                            B01K7GEG9W   <br \/> Item model number                                            \u200f                                            :                                            \u200e                                            910-004878   <br \/> Country of origin                                            \u200f                                            :                                            \u200e                                            China   <br \/> Guaranteed software updates until                                            \u200f                                            :                                            \u200e                                            13 April 2030   <br \/>  Customer reviews:                                                                                            4.5               4.5 out of 5 stars                                  (27,037)                                              var dpAcrHasRegisteredArcLinkClickAction;                    P.when(&#8216;A&#8217;, &#8216;ready&#8217;).execute(function(A) {                        if (dpAcrHasRegisteredArcLinkClickAction !== true) {                            dpAcrHasRegisteredArcLinkClickAction = true;                            A.declarative(                                &#8216;acrLink-click-metrics&#8217;, &#8216;click&#8217;,                                { \u00aballowLinkDefault\u00bb: true },                                function (event) {                                    if (window.ue) {                                        ue.count(\u00abacrLinkClickCount\u00bb, (ue.count(\u00abacrLinkClickCount\u00bb) || 0) + 1);                                    }                                }                            );                        }                    });                                             P.when(&#8216;A&#8217;, &#8216;cf&#8217;).execute(function(A) {                A.declarative(&#8216;acrStarsLink-click-metrics&#8217;, &#8216;click&#8217;, { \u00aballowLinkDefault\u00bb : true },  function(event){                    if(window.ue) {                        ue.count(\u00abacrStarsLinkWithPopoverClickCount\u00bb, (ue.count(\u00abacrStarsLinkWithPopoverClickCount\u00bb) || 0) + 1);                    }                });            });                          <\/p>\n<p>Enjoy the Sound of Silence &#8211; With the same click feel and 90 percent noise reduction(1), enjoy quiet mouse use; for you and those around you<br \/>Connection: The nano receiver offers a connection with a range of up to 10 m (2) and Logitech Advanced Optical Tracking provides precise movements on almost any surface<br \/>Battery life: To save power, the mouse goes into sleep state when not in use; thanks to its design, it will take up to 18 months (3) without changing the battery<br \/>Ambidextrous design: The ergonomic design of this wireless mouse offers more comfort and precision than a touchpad; suitable for left and right handed users, and small enough to carry around easily<br \/>Wide Compatibility: Compact, the M220 is compatible with Windows, macOS, Chrome OS and Linux; works instantly by connecting the USB receiver to your computer or laptop<br \/>Upgrade to Logitech M330 Silent Wireless Mouse: Experience enhanced comfort with the M330, designed for the right hand with soft rubber grips<br \/>L&#8217;impact carbon du dispositif M220 a \u00e9t\u00e9 r\u00e9duit \u00e0 z\u00e9ro; empreinte carbone du produit: 4.1 kg CO2e<\/p>\n\n","protected":false},"excerpt":{"rendered":"<p> From the manufacturer MENOS RUIDO, MAYOR CONCENTRACI\u00d3N La tecnolog\u00eda SilentTouch propia de Logitech reduce m\u00e1s<\/p>","protected":false},"featured_media":27971,"comment_status":"open","ping_status":"closed","template":"","meta":[],"product_brand":[],"product_cat":[50],"product_tag":[893,292,765,307,759,201,756,775,761,758,818,748,8189,774,5914,767,1067,891,770,763,2196,760,1010,764,892,133,762,226,757],"class_list":{"0":"post-27970","1":"product","2":"type-product","3":"status-publish","4":"has-post-thumbnail","6":"product_cat-mouse","7":"product_tag-ambidextrous","8":"product_tag-battery","9":"product_tag-best-gaming-mouse","10":"product_tag-black","11":"product_tag-bluetooth-mouse","12":"product_tag-compatible","13":"product_tag-computer-mouse","14":"product_tag-dpi","15":"product_tag-ergonomic-mouse","16":"product_tag-gaming-mouse","17":"product_tag-ghz","18":"product_tag-logitech","19":"product_tag-m220","20":"product_tag-mac","21":"product_tag-month","22":"product_tag-mouse","23":"product_tag-notebook","24":"product_tag-optical","25":"product_tag-receiver","26":"product_tag-rechargeable-mouse","27":"product_tag-resolution","28":"product_tag-rgb-mouse","29":"product_tag-silent","30":"product_tag-silent-mouse","31":"product_tag-tracking","32":"product_tag-usb","33":"product_tag-usb-mouse","34":"product_tag-wireless","35":"product_tag-wireless-mouse","37":"first","38":"instock","39":"shipping-taxable","40":"product-type-external"},"_links":{"self":[{"href":"https:\/\/comprasyconsejos.store\/en\/wp-json\/wp\/v2\/product\/27970","targetHints":{"allow":["GET"]}}],"collection":[{"href":"https:\/\/comprasyconsejos.store\/en\/wp-json\/wp\/v2\/product"}],"about":[{"href":"https:\/\/comprasyconsejos.store\/en\/wp-json\/wp\/v2\/types\/product"}],"replies":[{"embeddable":true,"href":"https:\/\/comprasyconsejos.store\/en\/wp-json\/wp\/v2\/comments?post=27970"}],"version-history":[{"count":0,"href":"https:\/\/comprasyconsejos.store\/en\/wp-json\/wp\/v2\/product\/27970\/revisions"}],"wp:featuredmedia":[{"embeddable":true,"href":"https:\/\/comprasyconsejos.store\/en\/wp-json\/wp\/v2\/media\/27971"}],"wp:attachment":[{"href":"https:\/\/comprasyconsejos.store\/en\/wp-json\/wp\/v2\/media?parent=27970"}],"wp:term":[{"taxonomy":"product_brand","embeddable":true,"href":"https:\/\/comprasyconsejos.store\/en\/wp-json\/wp\/v2\/product_brand?post=27970"},{"taxonomy":"product_cat","embeddable":true,"href":"https:\/\/comprasyconsejos.store\/en\/wp-json\/wp\/v2\/product_cat?post=27970"},{"taxonomy":"product_tag","embeddable":true,"href":"https:\/\/comprasyconsejos.store\/en\/wp-json\/wp\/v2\/product_tag?post=27970"}],"curies":[{"name":"wp","href":"https:\/\/api.w.org\/{rel}","templated":true}]}}