{"id":28032,"date":"2026-02-21T00:46:31","date_gmt":"2026-02-21T00:46:31","guid":{"rendered":"https:\/\/comprasyconsejos.store\/product\/lg-gram-14z90t-g-ad88b-notebook-14-inches-fhd-ips-intel-core-ultra7-32gb-ram-1tb-ssd-anti-glare-1g-battery-up-to-30h-windows-11-black\/"},"modified":"2026-02-21T00:46:43","modified_gmt":"2026-02-21T00:46:43","slug":"lg-gram-14z90t-g-ad88b-notebook-14-inches-fhd-ips-intel-core-ultra7-32gb-ram-1tb-ssd-anti-glare-1g-battery-up-to-30h-windows-11-black","status":"publish","type":"product","link":"https:\/\/comprasyconsejos.store\/en\/product\/lg-gram-14z90t-g-ad88b-notebook-14-inches-fhd-ips-intel-core-ultra7-32gb-ram-1tb-ssd-anti-glare-1g-battery-up-to-30h-windows-11-black\/","title":{"rendered":"LG gram 14Z90T-G.AD88B Notebook 14 Inches, FHD IPS, Intel Core Ultra7, 32GB RAM, 1TB SSD, Anti-Glare, 1g, Battery up to 30h, Windows 11, Black"},"content":{"rendered":"<p>Price: <span style=\"color:#b12704\">\u20ac1,299.00<\/span><br \/><i><small>(as of Feb 21, 2026 00:46:31 UTC &#8211; <span class=\"wp_automatic_amazon_disclaimer\" title=\"Product prices and availability are accurate as of the date\/time indicated and are subject to change. Any price and availability information displayed on [relevant Amazon Site(s), as applicable] at the time of purchase will apply to the purchase of this product.\">Details<\/span>)<\/small><\/i><\/p>\n<p><a href=\"https:\/\/amazon.es\/dp\/B0F32NST8B?tag=man008-21\"><img decoding=\"async\" src=\"https:\/\/valvepress.s3.amazonaws.com\/imgs\/buy_now.png\"><\/a><br \/>\n<\/p>\n<p>                                             From the manufacturer   <\/p>\n<p>                                                                                                       <img decoding=\"async\" alt=\"aplus content image\" src=\"https:\/\/images-na.ssl-images-amazon.com\/images\/G\/01\/x-locale\/common\/grey-pixel.gif\" class=\"a-lazy-loaded\" data-src=\"https:\/\/m.media-amazon.com\/images\/S\/aplus-media-library-service-media\/3b9e09b6-b475-46a5-80dc-267e36fdf67d.__CR1,0,1464,600_PT0_SX1464_V1___.png\"><img decoding=\"async\" alt=\"aplus content image\" src=\"https:\/\/m.media-amazon.com\/images\/S\/aplus-media-library-service-media\/3b9e09b6-b475-46a5-80dc-267e36fdf67d.__CR1,0,1464,600_PT0_SX1464_V1___.png\">                                               <\/p>\n<p>                                                                                                       <img decoding=\"async\" alt=\"Colecci\u00f3n de capturas de pantalla de dispositivos electr\u00f3nicos y fotos de productos que muestran dise\u00f1os de interfaz y caracter\u00edsticas tecnol\u00f3gicas con una est\u00e9tica moderna y elegante.\" src=\"https:\/\/images-na.ssl-images-amazon.com\/images\/G\/01\/x-locale\/common\/grey-pixel.gif\" class=\"a-lazy-loaded\" data-src=\"https:\/\/m.media-amazon.com\/images\/S\/aplus-media-library-service-media\/bb688af1-7c22-41fa-9aef-edd2a2b8300d.__CR1,0,1464,600_PT0_SX1464_V1___.png\"><img decoding=\"async\" alt=\"Colecci\u00f3n de capturas de pantalla de dispositivos electr\u00f3nicos y fotos de productos que muestran dise\u00f1os de interfaz y caracter\u00edsticas tecnol\u00f3gicas con una est\u00e9tica moderna y elegante.\" src=\"https:\/\/m.media-amazon.com\/images\/S\/aplus-media-library-service-media\/bb688af1-7c22-41fa-9aef-edd2a2b8300d.__CR1,0,1464,600_PT0_SX1464_V1___.png\">                                               <\/p>\n<p>                                                                                  <img decoding=\"async\" alt=\"aplus content image\" src=\"https:\/\/m.media-amazon.com\/images\/S\/aplus-media-library-service-media\/d0a0585e-61c0-41a4-b189-3dfc95707e02.__CR0,0,1464,600_PT0_SX1464_V1___.png\">       <\/p>\n<p>                                                                                  <img decoding=\"async\" alt=\"aplus content image\" src=\"https:\/\/m.media-amazon.com\/images\/S\/aplus-media-library-service-media\/96e158c3-9844-49e9-9614-9c85d4df81a2.__CR0,0,1464,600_PT0_SX1464_V1___.png\">       <\/p>\n<p>                                                                                  <img decoding=\"async\" alt=\"Captura de pantalla que muestra tres cuadros de mensajes de chat morados con ejemplos de texto de conversaci\u00f3n y elementos de interfaz.\" src=\"https:\/\/m.media-amazon.com\/images\/S\/aplus-media-library-service-media\/53f19a6a-1edb-41a9-87d9-516607a6f829.__CR1,0,1464,600_PT0_SX1464_V1___.png\">       <\/p>\n<p>                                                                                  <img decoding=\"async\" alt=\"aplus content image\" src=\"https:\/\/m.media-amazon.com\/images\/S\/aplus-media-library-service-media\/73744951-c5ad-4b45-acc5-71a7e456e7ae.__CR0,0,1464,600_PT0_SX1464_V1___.png\">       <\/p>\n<p>                                                                                  <img decoding=\"async\" alt=\"Pantalla port\u00e1til que muestra la interfaz Copilot con fondo azul de dise\u00f1o ondulado estilo Windows 11\" src=\"https:\/\/m.media-amazon.com\/images\/S\/aplus-media-library-service-media\/394ff69c-6297-4a29-8d15-8d511c438839.__CR1,0,1464,600_PT0_SX1464_V1___.png\">       <\/p>\n<p>                                                                                  <img decoding=\"async\" alt=\"aplus content image\" src=\"https:\/\/m.media-amazon.com\/images\/S\/aplus-media-library-service-media\/55c5574d-b25a-4c3b-9ef4-6e5d7cb14621.__CR1,0,1464,600_PT0_SX1464_V1___.png\">       <\/p>\n<p>                                                                                  <img decoding=\"async\" alt=\"aplus content image\" src=\"https:\/\/m.media-amazon.com\/images\/S\/aplus-media-library-service-media\/bd004957-1c64-4334-b8f9-22e173259a19.__CR1,0,1464,600_PT0_SX1464_V1___.png\">       <\/p>\n<p>                                                                                  <img decoding=\"async\" alt=\"La pantalla del port\u00e1til muestra informaci\u00f3n t\u00e9cnica con elementos de interfaz de color verde azulado y un indicador de progreso circular que muestra \u00ab50,0 horas\u00bb.\" src=\"https:\/\/m.media-amazon.com\/images\/S\/aplus-media-library-service-media\/7d2fdc0f-7cc0-498a-b6ed-10b3302928cd.__CR1,0,1464,600_PT0_SX1464_V1___.png\">       <\/p>\n<p>                                                                                  <img decoding=\"async\" alt=\"Diagrama t\u00e9cnico o manual de instrucciones que muestra los pasos de ensamblaje de los componentes con flechas y medidas.\" src=\"https:\/\/m.media-amazon.com\/images\/S\/aplus-media-library-service-media\/8d6edc71-6f31-4b50-9d09-4bcdf023efa7.__CR1,0,1464,600_PT0_SX1464_V1___.png\">       <\/p>\n<p>                                                                                  <img decoding=\"async\" alt=\"aplus content image\" src=\"https:\/\/m.media-amazon.com\/images\/S\/aplus-media-library-service-media\/89f42199-0efb-4dac-804a-1f45f2865bae.__CR1,0,1464,600_PT0_SX1464_V1___.png\">       <\/p>\n<p>                                                                                  <img decoding=\"async\" alt=\"aplus content image\" src=\"https:\/\/m.media-amazon.com\/images\/S\/aplus-media-library-service-media\/664e3c41-ba33-460a-87dc-a5e984c24355.__CR1,0,1464,600_PT0_SX1464_V1___.png\">       <\/p>\n<p>                                                                                  <img decoding=\"async\" alt=\"Persona que usa una tableta o iPad que muestra an\u00e1lisis coloridos o gr\u00e1ficos comerciales en la pantalla mientras est\u00e1 sentada en un sof\u00e1.\" src=\"https:\/\/m.media-amazon.com\/images\/S\/aplus-media-library-service-media\/ed9935b0-740b-45e2-a2f6-90d8952bf9d8.__CR1,0,1464,600_PT0_SX1464_V1___.png\">       <\/p>\n<p>                                                                                  <img decoding=\"async\" alt=\"Grupo de ni\u00f1os que usan dispositivos digitales mientras est\u00e1n sentados, con la marca Dolby visible en la esquina de la imagen.\" src=\"https:\/\/m.media-amazon.com\/images\/S\/aplus-media-library-service-media\/6bf339c2-1329-4c8f-8ef0-6d1bcdc8840f.__CR0,0,1464,600_PT0_SX1464_V1___.png\">       <\/p>\n<p>                                                                                  <img decoding=\"async\" alt=\"aplus content image\" src=\"https:\/\/m.media-amazon.com\/images\/S\/aplus-media-library-service-media\/556df065-7d8e-4eac-9167-898a16166cd1.__CR0,0,1464,600_PT0_SX1464_V1___.png\">       <\/p>\n<p>                                                                                  <img decoding=\"async\" alt=\"aplus content image\" src=\"https:\/\/m.media-amazon.com\/images\/S\/aplus-media-library-service-media\/7119faf2-15c2-4e09-b81e-7ab0dd28a7e4.__CR1,0,1464,600_PT0_SX1464_V1___.png\">       <\/p>\n<p>                                                                                  <img decoding=\"async\" alt=\"aplus content image\" src=\"https:\/\/m.media-amazon.com\/images\/S\/aplus-media-library-service-media\/e5b986ab-5de2-42b4-8b11-8fa854986799.__CR1,0,1464,600_PT0_SX1464_V1___.png\">       <\/p>\n<p>                                                                                  <img decoding=\"async\" alt=\"aplus content image\" src=\"https:\/\/m.media-amazon.com\/images\/S\/aplus-media-library-service-media\/33b521be-ac25-4332-9408-1a636ae6ac1b.__CR1,0,1464,600_PT0_SX1464_V1___.png\">       <\/p>\n<p>                                                                                  <img decoding=\"async\" alt=\"La infograf\u00eda de tres paneles que muestra pantallas de dispositivos electr\u00f3nicos con pantallas de interfaz, parece ser un tutorial o una gu\u00eda del producto.\" src=\"https:\/\/m.media-amazon.com\/images\/S\/aplus-media-library-service-media\/da71ed42-34aa-43ba-98a9-e11c64c4c53e.__CR1,0,1464,600_PT0_SX1464_V1___.png\">       <\/p>\n<p> Batteries                                            \u200f                                            :                                            \u200e                                            1 12V batteries required. (included)   <br \/> Language                                            \u200f                                            :                                            \u200e                                            Spanish   <br \/> Package Dimensions                                            \u200f                                            :                                            \u200e                                            43 x 27 x 6.4 cm; 1.12 kg   <br \/> Manufacturer                                            \u200f                                            :                                            \u200e                                            LG   <br \/> ASIN                                            \u200f                                            :                                            \u200e                                            B0F32NST8B   <br \/> Item model number                                            \u200f                                            :                                            \u200e                                            14Z90T-G.AD88B   <br \/> Country of origin                                            \u200f                                            :                                            \u200e                                            Korea, Republic of   <br \/> Guaranteed software updates until                                            \u200f                                            :                                            \u200e                                            unknown   <br \/>  Customer reviews:                                                                                            4.0               4.0 out of 5 stars                                  (35)                                              var dpAcrHasRegisteredArcLinkClickAction;                    P.when(&#8216;A&#8217;, &#8216;ready&#8217;).execute(function(A) {                        if (dpAcrHasRegisteredArcLinkClickAction !== true) {                            dpAcrHasRegisteredArcLinkClickAction = true;                            A.declarative(                                &#8216;acrLink-click-metrics&#8217;, &#8216;click&#8217;,                                { \u00aballowLinkDefault\u00bb: true },                                function (event) {                                    if (window.ue) {                                        ue.count(\u00abacrLinkClickCount\u00bb, (ue.count(\u00abacrLinkClickCount\u00bb) || 0) + 1);                                    }                                }                            );                        }                    });                                             P.when(&#8216;A&#8217;, &#8216;cf&#8217;).execute(function(A) {                A.declarative(&#8216;acrStarsLink-click-metrics&#8217;, &#8216;click&#8217;, { \u00aballowLinkDefault\u00bb : true },  function(event){                    if(window.ue) {                        ue.count(\u00abacrStarsLinkWithPopoverClickCount\u00bb, (ue.count(\u00abacrStarsLinkWithPopoverClickCount\u00bb) || 0) + 1);                    }                });            });                          <\/p>\n<p>Powerful Performance: Intel Core Ultra7 processor (16 cores) with 24MB of Intel Smart Cache, optimized for intensive tasks and with 3 built-in AIs for superior efficiency<br \/>Impressive Display: 14-inch FHD IPS display with 1920&#215;1080 resolution, anti-glare treatment and 99% DCI-P3 coverage for vibrant colors and crisp details<br \/>Unbeatable Performance: 32GB of LPDDR5x RAM and 1TB NVMe SSD for blazing-fast performance in multitasking and 4K UHD content editing<br \/>Lightweight and Battery Life: At just 1 gram weight and up to 30 hours of battery life, the LG Gram offers portability and long life to accompany you all day long<br \/>Rugged Design and Full Connectivity: Ultra-thin magnesium and nanocarbon chassis passes MIL-STD-810H testing, with Thunderbolt 4, USB 3.2 and HDMI 2.1 ports for maximum connectivity<\/p>\n\n","protected":false},"excerpt":{"rendered":"<p> From the manufacturer Batteries \u200f : \u200e 1 12V batteries required. (included) Language \u200f :<\/p>","protected":false},"featured_media":28033,"comment_status":"open","ping_status":"closed","template":"","meta":[],"product_brand":[],"product_cat":[87],"product_tag":[8202,602,8204,902,3436,292,557,307,555,698,639,3718,1611,562,703,550,556,1067,554,587,549,513,8203,548,552,553,551,537],"class_list":{"0":"post-28032","1":"product","2":"type-product","3":"status-publish","4":"has-post-thumbnail","6":"product_cat-ultrabook","7":"product_tag-14z90tg-ad88b","8":"product_tag-1tb","9":"product_tag-30h","10":"product_tag-32gb","11":"product_tag-antiglare","12":"product_tag-battery","13":"product_tag-best-ultrabook","14":"product_tag-black","15":"product_tag-business-ultrabook","16":"product_tag-core","17":"product_tag-fhd","18":"product_tag-gram","19":"product_tag-inches","20":"product_tag-intel","21":"product_tag-ips","22":"product_tag-lightweight-ultrabook","23":"product_tag-long-battery-ultrabook","24":"product_tag-notebook","25":"product_tag-premium-ultrabook","26":"product_tag-ram","27":"product_tag-slim-ultrabook","28":"product_tag-ssd","29":"product_tag-ultra7","30":"product_tag-ultrabook","31":"product_tag-ultrabook-14-inch","32":"product_tag-ultrabook-i7","33":"product_tag-ultrabook-with-ssd","34":"product_tag-windows","36":"first","37":"instock","38":"shipping-taxable","39":"product-type-external"},"_links":{"self":[{"href":"https:\/\/comprasyconsejos.store\/en\/wp-json\/wp\/v2\/product\/28032","targetHints":{"allow":["GET"]}}],"collection":[{"href":"https:\/\/comprasyconsejos.store\/en\/wp-json\/wp\/v2\/product"}],"about":[{"href":"https:\/\/comprasyconsejos.store\/en\/wp-json\/wp\/v2\/types\/product"}],"replies":[{"embeddable":true,"href":"https:\/\/comprasyconsejos.store\/en\/wp-json\/wp\/v2\/comments?post=28032"}],"version-history":[{"count":0,"href":"https:\/\/comprasyconsejos.store\/en\/wp-json\/wp\/v2\/product\/28032\/revisions"}],"wp:featuredmedia":[{"embeddable":true,"href":"https:\/\/comprasyconsejos.store\/en\/wp-json\/wp\/v2\/media\/28033"}],"wp:attachment":[{"href":"https:\/\/comprasyconsejos.store\/en\/wp-json\/wp\/v2\/media?parent=28032"}],"wp:term":[{"taxonomy":"product_brand","embeddable":true,"href":"https:\/\/comprasyconsejos.store\/en\/wp-json\/wp\/v2\/product_brand?post=28032"},{"taxonomy":"product_cat","embeddable":true,"href":"https:\/\/comprasyconsejos.store\/en\/wp-json\/wp\/v2\/product_cat?post=28032"},{"taxonomy":"product_tag","embeddable":true,"href":"https:\/\/comprasyconsejos.store\/en\/wp-json\/wp\/v2\/product_tag?post=28032"}],"curies":[{"name":"wp","href":"https:\/\/api.w.org\/{rel}","templated":true}]}}