{"id":28123,"date":"2026-02-21T01:59:02","date_gmt":"2026-02-21T01:59:02","guid":{"rendered":"https:\/\/comprasyconsejos.store\/product\/uphere-gaming-120mm-pc-fan-for-pc-fanssilent-pc-fan-3-pack-black-12bk3-3\/"},"modified":"2026-02-21T01:59:08","modified_gmt":"2026-02-21T01:59:08","slug":"uphere-gaming-120mm-pc-fan-for-pc-fanssilent-pc-fan-3-pack-black-12bk3-3","status":"publish","type":"product","link":"https:\/\/comprasyconsejos.store\/en\/product\/uphere-gaming-120mm-pc-fan-for-pc-fanssilent-pc-fan-3-pack-black-12bk3-3\/","title":{"rendered":"upHere gaming 120mm PC Fan for PC Fans,Silent PC Fan 3 Pack (Black) 12BK3-3"},"content":{"rendered":"<p>Price: <span style=\"color:#b12704\"><del>\u20ac9.99<\/del> - \u20ac7.99<\/span><br \/><i><small>(as of Feb 21, 2026 01:59:02 UTC &#8211; <span class=\"wp_automatic_amazon_disclaimer\" title=\"Product prices and availability are accurate as of the date\/time indicated and are subject to change. Any price and availability information displayed on [relevant Amazon Site(s), as applicable] at the time of purchase will apply to the purchase of this product.\">Details<\/span>)<\/small><\/i><\/p>\n<p><a href=\"https:\/\/amazon.es\/dp\/B0CX8S8LY3?tag=man008-21\"><img decoding=\"async\" src=\"https:\/\/valvepress.s3.amazonaws.com\/imgs\/buy_now.png\"><\/a><br \/>\n<\/p>\n<p>                                             Product Description   <\/p>\n<p>                                                                                                       <img decoding=\"async\" alt=\"Dos ventiladores negros de refrigeraci\u00f3n para computadora con la etiqueta \u00ab12BK3\u00bb con el texto \u00abSilencioso\u00bb. Poderoso. Genial. &amp;#39; Producto de UpHere gaming\" src=\"https:\/\/images-na.ssl-images-amazon.com\/images\/G\/01\/x-locale\/common\/grey-pixel.gif\" class=\"a-lazy-loaded\" data-src=\"https:\/\/m.media-amazon.com\/images\/S\/aplus-media-library-service-media\/bf1f1678-f122-48ad-9313-721c231a5394.__CR0,0,1464,600_PT0_SX1464_V1___.png\"><img decoding=\"async\" alt=\"Dos ventiladores negros de refrigeraci\u00f3n para computadora con la etiqueta \u00ab12BK3\u00bb con el texto \u00abSilencioso\u00bb. Poderoso. Genial. &amp;#39; Producto de UpHere gaming\" src=\"https:\/\/m.media-amazon.com\/images\/S\/aplus-media-library-service-media\/bf1f1678-f122-48ad-9313-721c231a5394.__CR0,0,1464,600_PT0_SX1464_V1___.png\">                                               <\/p>\n<p>                                                                                                       <img decoding=\"async\" alt=\"ventiladores pc\" src=\"https:\/\/images-na.ssl-images-amazon.com\/images\/G\/01\/x-locale\/common\/grey-pixel.gif\" class=\"a-lazy-loaded\" data-src=\"https:\/\/m.media-amazon.com\/images\/S\/aplus-media-library-service-media\/96e0b215-7e1a-417e-9093-643f13ef4ad2.__CR0,0,1464,600_PT0_SX1464_V1___.jpg\"><img decoding=\"async\" alt=\"ventiladores pc\" src=\"https:\/\/m.media-amazon.com\/images\/S\/aplus-media-library-service-media\/96e0b215-7e1a-417e-9093-643f13ef4ad2.__CR0,0,1464,600_PT0_SX1464_V1___.jpg\">                                               <\/p>\n<p>                                                                                                       <img decoding=\"async\" alt=\"ventiladores pc\" src=\"https:\/\/images-na.ssl-images-amazon.com\/images\/G\/01\/x-locale\/common\/grey-pixel.gif\" class=\"a-lazy-loaded\" data-src=\"https:\/\/m.media-amazon.com\/images\/S\/aplus-media-library-service-media\/b1e36b26-d011-48c2-8cc3-4093093761c8.__CR0,0,1464,600_PT0_SX1464_V1___.png\"><img decoding=\"async\" alt=\"ventiladores pc\" src=\"https:\/\/m.media-amazon.com\/images\/S\/aplus-media-library-service-media\/b1e36b26-d011-48c2-8cc3-4093093761c8.__CR0,0,1464,600_PT0_SX1464_V1___.png\">                                                 Rodamientos Hidr\u00e1ulicos de Alta Calidad                                                                           <\/p>\n<p class=\"aplus-p2 aplus-module-2-description\"> Adem\u00e1s, cuenta con un cojinete hidr\u00e1ulico que se autolubrica con una sustancia de alta calidad, lo que reduce la fricci\u00f3n y el ruido durante el funcionamiento. Esta caracter\u00edstica tambi\u00e9n mejora la eficiencia t\u00e9rmica del ventilador, permiti\u00e9ndote disfrutar de una refrigeraci\u00f3n m\u00e1s efectiva. <\/p>\n<p>                                                                                                       <img decoding=\"async\" alt=\"Ventilador negro para ordenador con m\u00faltiples aspas y marco circular, aislado sobre un fondo oscuro.\" src=\"https:\/\/images-na.ssl-images-amazon.com\/images\/G\/01\/x-locale\/common\/grey-pixel.gif\" class=\"a-lazy-loaded\" data-src=\"https:\/\/m.media-amazon.com\/images\/S\/aplus-media-library-service-media\/7a837787-9437-4c97-a35f-36e6e42f9974.__CR0,0,1464,600_PT0_SX1464_V1___.png\"><img decoding=\"async\" alt=\"Ventilador negro para ordenador con m\u00faltiples aspas y marco circular, aislado sobre un fondo oscuro.\" src=\"https:\/\/m.media-amazon.com\/images\/S\/aplus-media-library-service-media\/7a837787-9437-4c97-a35f-36e6e42f9974.__CR0,0,1464,600_PT0_SX1464_V1___.png\">                                                 Alto flujo de aire                                                                           <\/p>\n<p class=\"aplus-p2 aplus-module-2-description\"> El dise\u00f1o innovador de las aspas del ventilador de este producto mejora el flujo de aire para una ventilaci\u00f3n altamente eficiente. El impulsor se ha dise\u00f1ado con el objetivo de minimizar el nivel de ruido y proporcionar el flujo de aire y la presi\u00f3n deseados. <\/p>\n<p>                                                                                                       <img decoding=\"async\" alt=\"Carcasa tipo torre para computadora blanca con panel lateral transparente, que muestra los componentes internos, incluida la placa base, el sistema de refrigeraci\u00f3n y la fuente de alimentaci\u00f3n.\" src=\"https:\/\/images-na.ssl-images-amazon.com\/images\/G\/01\/x-locale\/common\/grey-pixel.gif\" class=\"a-lazy-loaded\" data-src=\"https:\/\/m.media-amazon.com\/images\/S\/aplus-media-library-service-media\/43e5e7c6-94a8-4e00-899c-f3e7aaece0fc.__CR0,0,1464,600_PT0_SX1464_V1___.png\"><img decoding=\"async\" alt=\"Carcasa tipo torre para computadora blanca con panel lateral transparente, que muestra los componentes internos, incluida la placa base, el sistema de refrigeraci\u00f3n y la fuente de alimentaci\u00f3n.\" src=\"https:\/\/m.media-amazon.com\/images\/S\/aplus-media-library-service-media\/43e5e7c6-94a8-4e00-899c-f3e7aaece0fc.__CR0,0,1464,600_PT0_SX1464_V1___.png\">                                                 Alto rendimiento                                                                           <\/p>\n<p class=\"aplus-p2 aplus-module-2-description\"> La presi\u00f3n est\u00e1tica de este producto ha sido optimizada y mejorada para un mejor rendimiento de refrigeraci\u00f3n. Esto significa que podr\u00e1s disfrutar de una refrigeraci\u00f3n m\u00e1s efectiva y r\u00e1pida en tus espacios, lo cual es especialmente \u00fatil en los d\u00edas m\u00e1s calurosos del verano. <\/p>\n<p>                                                                                                       <img decoding=\"async\" alt=\"con dimensiones de 120 mm x 120 mm x 25 mm. Cuenta con un cubo circular central y m\u00faltiples\" src=\"https:\/\/images-na.ssl-images-amazon.com\/images\/G\/01\/x-locale\/common\/grey-pixel.gif\" class=\"a-lazy-loaded\" data-src=\"https:\/\/m.media-amazon.com\/images\/S\/aplus-media-library-service-media\/3aa566dc-2e69-4ff9-ae8e-cfad8be388e2.__CR0,12,1464,600_PT0_SX1464_V1___.png\"><img decoding=\"async\" alt=\"con dimensiones de 120 mm x 120 mm x 25 mm. Cuenta con un cubo circular central y m\u00faltiples\" src=\"https:\/\/m.media-amazon.com\/images\/S\/aplus-media-library-service-media\/3aa566dc-2e69-4ff9-ae8e-cfad8be388e2.__CR0,12,1464,600_PT0_SX1464_V1___.png\">                                                 Descripci\u00f3n del Producto\uff1a                                                                           <\/p>\n<p class=\"aplus-p2 aplus-module-2-description\"> Tama\u00f1o del producto: 120 * 120 * 25 mm\uff0cTensi\u00f3n nominal: 12V\uff0cCorriente: 0,23 A \uff0cPotencia de entrada: 1.44 W\uff0cVelocidad: 1200 rpm (velocidad constante)\uff0cVolumen de aire: 38CFM\uff0cPaBruit: 19 dB\uff0cPeso: 130 g <\/p>\n<p> Product Dimensions                                            \u200f                                            :                                            \u200e                                            12 x 12 x 2.5 cm; 380 g   <br \/> Date First Available                                            \u200f                                            :                                            \u200e                                            6 Mar. 2024   <br \/> Manufacturer                                            \u200f                                            :                                            \u200e                                            upHere gaming   <br \/> ASIN                                            \u200f                                            :                                            \u200e                                            B0CX8S8LY3   <br \/> Manufacturer reference                                            \u200f                                            :                                            \u200e                                            12BK3-3 ES UG   <br \/> Country of origin                                            \u200f                                            :                                            \u200e                                            China   <br \/>       Best Sellers Rank:  1,906 in Computers (See Top 100 in Computers)    59 in Computer Case Fans      <br \/>  Customer reviews:                                                                                            4.6               4.6 out of 5 stars                                  (86)                                              var dpAcrHasRegisteredArcLinkClickAction;                    P.when(&#8216;A&#8217;, &#8216;ready&#8217;).execute(function(A) {                        if (dpAcrHasRegisteredArcLinkClickAction !== true) {                            dpAcrHasRegisteredArcLinkClickAction = true;                            A.declarative(                                &#8216;acrLink-click-metrics&#8217;, &#8216;click&#8217;,                                { \u00aballowLinkDefault\u00bb: true },                                function (event) {                                    if (window.ue) {                                        ue.count(\u00abacrLinkClickCount\u00bb, (ue.count(\u00abacrLinkClickCount\u00bb) || 0) + 1);                                    }                                }                            );                        }                    });                                             P.when(&#8216;A&#8217;, &#8216;cf&#8217;).execute(function(A) {                A.declarative(&#8216;acrStarsLink-click-metrics&#8217;, &#8216;click&#8217;, { \u00aballowLinkDefault\u00bb : true },  function(event){                    if(window.ue) {                        ue.count(\u00abacrStarsLinkWithPopoverClickCount\u00bb, (ue.count(\u00abacrStarsLinkWithPopoverClickCount\u00bb) || 0) + 1);                    }                });            });                          <\/p>\n<p>1. Excellent quality: Our fans have a size of 120x120x25mm and are compatible with all kinds of PC cases. They are easily adjustable and easily adapt to your needs.<br \/>2. Excellent Airflow: Our fans are equipped with 9 specially shaped blades for optimal airflow. They are ultra-thin and generate less noise and turbulence.<br \/>3. Easy installation: All necessary kits are included to ensure easy installation in your computer case.<br \/>4. Long service life: Our fans have a hydraulic bearing which makes them particularly durable. We offer 1 year manufacturer warranty on all case fans, so you can rely on a long service life.<\/p>\n\n","protected":false},"excerpt":{"rendered":"<p> Product Description Rodamientos Hidr\u00e1ulicos de Alta Calidad Adem\u00e1s, cuenta con un cojinete hidr\u00e1ulico que se<\/p>","protected":false},"featured_media":28124,"comment_status":"open","ping_status":"closed","template":"","meta":[],"product_brand":[],"product_cat":[65],"product_tag":[1381,2003,8217,2005,2013,307,1998,2015,2009,910,8216,617,2011,178,2000,2007,2001,6898],"class_list":{"0":"post-28123","1":"product","2":"type-product","3":"status-publish","4":"has-post-thumbnail","6":"product_cat-case-fan","7":"product_tag-120mm","8":"product_tag-120mm-case-fan","9":"product_tag-12bk33","10":"product_tag-140mm-case-fan","11":"product_tag-best-case-fan","12":"product_tag-black","13":"product_tag-case-fan","14":"product_tag-computer-cooling-fan","15":"product_tag-cooling-fan-for-pc","16":"product_tag-fan","17":"product_tag-fanssilent","18":"product_tag-gaming","19":"product_tag-high-airflow-case-fan","20":"product_tag-pack","21":"product_tag-pc-case-fan","22":"product_tag-quiet-case-fan","23":"product_tag-rgb-case-fan","24":"product_tag-uphere","26":"first","27":"instock","28":"sale","29":"shipping-taxable","30":"product-type-external"},"_links":{"self":[{"href":"https:\/\/comprasyconsejos.store\/en\/wp-json\/wp\/v2\/product\/28123","targetHints":{"allow":["GET"]}}],"collection":[{"href":"https:\/\/comprasyconsejos.store\/en\/wp-json\/wp\/v2\/product"}],"about":[{"href":"https:\/\/comprasyconsejos.store\/en\/wp-json\/wp\/v2\/types\/product"}],"replies":[{"embeddable":true,"href":"https:\/\/comprasyconsejos.store\/en\/wp-json\/wp\/v2\/comments?post=28123"}],"version-history":[{"count":0,"href":"https:\/\/comprasyconsejos.store\/en\/wp-json\/wp\/v2\/product\/28123\/revisions"}],"wp:featuredmedia":[{"embeddable":true,"href":"https:\/\/comprasyconsejos.store\/en\/wp-json\/wp\/v2\/media\/28124"}],"wp:attachment":[{"href":"https:\/\/comprasyconsejos.store\/en\/wp-json\/wp\/v2\/media?parent=28123"}],"wp:term":[{"taxonomy":"product_brand","embeddable":true,"href":"https:\/\/comprasyconsejos.store\/en\/wp-json\/wp\/v2\/product_brand?post=28123"},{"taxonomy":"product_cat","embeddable":true,"href":"https:\/\/comprasyconsejos.store\/en\/wp-json\/wp\/v2\/product_cat?post=28123"},{"taxonomy":"product_tag","embeddable":true,"href":"https:\/\/comprasyconsejos.store\/en\/wp-json\/wp\/v2\/product_tag?post=28123"}],"curies":[{"name":"wp","href":"https:\/\/api.w.org\/{rel}","templated":true}]}}