{"id":28141,"date":"2026-02-21T02:13:29","date_gmt":"2026-02-21T02:13:29","guid":{"rendered":"https:\/\/comprasyconsejos.store\/product\/k2-camera-23mp-book-scanner-auto-flattening-technology-up-to-a3-ocr-sdk-and-twain-for-office-and-education-windows-macos-support\/"},"modified":"2026-02-21T02:13:33","modified_gmt":"2026-02-21T02:13:33","slug":"k2-camera-23mp-book-scanner-auto-flattening-technology-up-to-a3-ocr-sdk-and-twain-for-office-and-education-windows-macos-support","status":"publish","type":"product","link":"https:\/\/comprasyconsejos.store\/en\/product\/k2-camera-23mp-book-scanner-auto-flattening-technology-up-to-a3-ocr-sdk-and-twain-for-office-and-education-windows-macos-support\/","title":{"rendered":"K2 Camera: 23MP Book Scanner, Auto Flattening Technology, Up to A3, OCR, SDK and Twain for Office and Education, Windows\/MacOS Support"},"content":{"rendered":"<p>Price: <span style=\"color:#b12704\">\u20ac199.00<\/span><br \/><i><small>(as of Feb 21, 2026 02:13:29 UTC &#8211; <span class=\"wp_automatic_amazon_disclaimer\" title=\"Product prices and availability are accurate as of the date\/time indicated and are subject to change. Any price and availability information displayed on [relevant Amazon Site(s), as applicable] at the time of purchase will apply to the purchase of this product.\">Details<\/span>)<\/small><\/i><\/p>\n<p><a href=\"https:\/\/amazon.es\/dp\/B0F1SYXNPY?tag=man008-21\"><img decoding=\"async\" src=\"https:\/\/valvepress.s3.amazonaws.com\/imgs\/buy_now.png\"><\/a><br \/>\n<\/p>\n<p>                                             Product Description   <\/p>\n<p>                                                                             <img decoding=\"async\" alt=\"los mejores grifos de ba\u00f1o\" src=\"https:\/\/images-na.ssl-images-amazon.com\/images\/G\/01\/x-locale\/common\/grey-pixel.gif\" class=\"a-spacing-base a-lazy-loaded\" data-src=\"https:\/\/m.media-amazon.com\/images\/S\/aplus-media-library-service-media\/f208fab2-dc09-4ac1-b703-16fc2f71ddba.__CR0,0,970,600_PT0_SX970_V1___.jpg\"><img decoding=\"async\" alt=\"los mejores grifos de ba\u00f1o\" src=\"https:\/\/m.media-amazon.com\/images\/S\/aplus-media-library-service-media\/f208fab2-dc09-4ac1-b703-16fc2f71ddba.__CR0,0,970,600_PT0_SX970_V1___.jpg\">                                                                    <\/p>\n<p>                                                  <img decoding=\"async\" alt=\"C\u00e1mara de Documento\" src=\"https:\/\/images-na.ssl-images-amazon.com\/images\/G\/01\/x-locale\/common\/grey-pixel.gif\" class=\"a-lazy-loaded\" data-src=\"https:\/\/m.media-amazon.com\/images\/S\/aplus-media-library-service-media\/adde8791-5b7c-4fec-8ac0-846f6ab745e1.__CR0,0,300,300_PT0_SX300_V1___.jpg\"><img decoding=\"async\" alt=\"C\u00e1mara de Documento\" src=\"https:\/\/m.media-amazon.com\/images\/S\/aplus-media-library-service-media\/adde8791-5b7c-4fec-8ac0-846f6ab745e1.__CR0,0,300,300_PT0_SX300_V1___.jpg\">  <\/p>\n<h3 class=\"a-spacing-mini\"> Tecnolog\u00eda de curva aplanada <\/h3>\n<p> La c\u00e1mara para libros y documentos puede detectar de manera inteligente la curvatura real de los libros y aplanar autom\u00e1ticamente la curva. Digitaliza la p\u00e1gina abierta y elimina autom\u00e1ticamente las huellas dactilares. Un temporizador que se puede disparar autom\u00e1ticamente despu\u00e9s de pasar una p\u00e1gina est\u00e1 disponible para disparos continuos. <\/p>\n<p>                                                  <img decoding=\"async\" alt=\"C\u00e1mara de Documento\" src=\"https:\/\/images-na.ssl-images-amazon.com\/images\/G\/01\/x-locale\/common\/grey-pixel.gif\" class=\"a-lazy-loaded\" data-src=\"https:\/\/m.media-amazon.com\/images\/S\/aplus-media-library-service-media\/1ca542d3-7be2-48ea-af80-30c6644eee52.__CR0,0,300,300_PT0_SX300_V1___.jpg\"><img decoding=\"async\" alt=\"C\u00e1mara de Documento\" src=\"https:\/\/m.media-amazon.com\/images\/S\/aplus-media-library-service-media\/1ca542d3-7be2-48ea-af80-30c6644eee52.__CR0,0,300,300_PT0_SX300_V1___.jpg\">  <\/p>\n<h3 class=\"a-spacing-mini\"> Excelente rendimiento <\/h3>\n<p> La c\u00e1mara de identificaci\u00f3n Savornest tiene 23 megap\u00edxeles y puede admitir una definici\u00f3n extremadamente alta. Presentaci\u00f3n en tiempo real, que le brinda im\u00e1genes claras. El esc\u00e1ner de documentos Savornest con tecnolog\u00eda OCR puede reconocer varios idiomas y convertir todas las p\u00e1ginas escaneadas en documentos Word\/Excel\/PDF\/TXT editables con un solo clic. <\/p>\n<h3 class=\"a-spacing-small\"> Funci\u00f3n potente <\/h3>\n<p class=\"apm-text-center\">\n                                                      <img decoding=\"async\" alt=\"C\u00e1mara de Documento\" src=\"https:\/\/images-na.ssl-images-amazon.com\/images\/G\/01\/x-locale\/common\/grey-pixel.gif\" class=\"a-spacing-mini a-lazy-loaded\" data-src=\"https:\/\/m.media-amazon.com\/images\/S\/aplus-media-library-service-media\/216231d2-58d7-417b-8bac-363111d33319.__CR0,0,300,300_PT0_SX300_V1___.jpg\"><img decoding=\"async\" alt=\"C\u00e1mara de Documento\" src=\"https:\/\/m.media-amazon.com\/images\/S\/aplus-media-library-service-media\/216231d2-58d7-417b-8bac-363111d33319.__CR0,0,300,300_PT0_SX300_V1___.jpg\">  <\/p>\n<p>                                                    Tama\u00f1o m\u00e1ximo de captura A3                                       <\/p>\n<p> La c\u00e1mara de documentos Savornest puede escanear hasta tama\u00f1o A3, escaneando cualquier cosa, desde documentos, dibujos, contratos y notas hasta peri\u00f3dicos y libros. <\/p>\n<p class=\"apm-text-center\">\n                                                      <img decoding=\"async\" alt=\"la alfombrilla de rat\u00f3n es una alfombrilla de rat\u00f3n inal\u00e1mbrica que se puede utilizar en un ordenador o tableta.\" src=\"https:\/\/images-na.ssl-images-amazon.com\/images\/G\/01\/x-locale\/common\/grey-pixel.gif\" class=\"a-spacing-mini a-lazy-loaded\" data-src=\"https:\/\/m.media-amazon.com\/images\/S\/aplus-media-library-service-media\/025a354b-59b3-419e-b4fd-d05de42e2f6f.__CR0,0,300,300_PT0_SX300_V1___.jpg\"><img decoding=\"async\" alt=\"la alfombrilla de rat\u00f3n es una alfombrilla de rat\u00f3n inal\u00e1mbrica que se puede utilizar en un ordenador o tableta.\" src=\"https:\/\/m.media-amazon.com\/images\/S\/aplus-media-library-service-media\/025a354b-59b3-419e-b4fd-d05de42e2f6f.__CR0,0,300,300_PT0_SX300_V1___.jpg\">  <\/p>\n<p>                                                    M\u00faltiples m\u00e9todos de disparo                                       <\/p>\n<p> Adem\u00e1s del bot\u00f3n del obturador externo, el esc\u00e1ner de documentos Savornest K2 tambi\u00e9n proporciona un pedal para liberar sus manos, lo que hace que el escaneo de libros sea mucho m\u00e1s f\u00e1cil. <\/p>\n<p class=\"apm-text-center\">\n                                                      <img decoding=\"async\" alt=\"negra con base cil\u00edndrica y brazo ajustable. Cuenta con una rotaci\u00f3n de 90 grados y dimensiones: 280 mm de ancho, 410 mm de altura, 150 mm de di\u00e1metro de base, 110 mm\" src=\"https:\/\/images-na.ssl-images-amazon.com\/images\/G\/01\/x-locale\/common\/grey-pixel.gif\" class=\"a-spacing-mini a-lazy-loaded\" data-src=\"https:\/\/m.media-amazon.com\/images\/S\/aplus-media-library-service-media\/c7f33b50-39da-4410-a573-94b662fe09e3.__CR0,0,300,300_PT0_SX300_V1___.jpg\"><img decoding=\"async\" alt=\"negra con base cil\u00edndrica y brazo ajustable. Cuenta con una rotaci\u00f3n de 90 grados y dimensiones: 280 mm de ancho, 410 mm de altura, 150 mm de di\u00e1metro de base, 110 mm\" src=\"https:\/\/m.media-amazon.com\/images\/S\/aplus-media-library-service-media\/c7f33b50-39da-4410-a573-94b662fe09e3.__CR0,0,300,300_PT0_SX300_V1___.jpg\">  <\/p>\n<p>                                                    Bien dise\u00f1ado y ultracompacto                                       <\/p>\n<p> Las 6 luces LED incorporadas pueden proporcionar un alto brillo, lo que le permite trabajar en un entorno oscuro; Potentes algoritmos de reconocimiento y procesamiento de im\u00e1genes incorporados, lo que hace que el escaneo y el procesamiento de im\u00e1genes sean m\u00e1s inteligentes y simples. Dise\u00f1o plegable, conveniente para su almacenamiento. <\/p>\n<p> Product Dimensions                                            \u200f                                            :                                            \u200e                                            11 x 15 x 41 cm; 1.4 kg   <br \/> Manufacturer                                            \u200f                                            :                                            \u200e                                            Savornest   <br \/> ASIN                                            \u200f                                            :                                            \u200e                                            B0F1SYXNPY   <br \/> Item model number                                            \u200f                                            :                                            \u200e                                            K2   <br \/> Country\/Region of Origin                                            \u200f                                            :                                            \u200e                                            China   <br \/> Guaranteed software updates until                                            \u200f                                            :                                            \u200e                                            unknown   <br \/>  Customer reviews:                                                                                            3.3               3.3 out of 5 stars                                  (22)                                              var dpAcrHasRegisteredArcLinkClickAction;                    P.when(&#8216;A&#8217;, &#8216;ready&#8217;).execute(function(A) {                        if (dpAcrHasRegisteredArcLinkClickAction !== true) {                            dpAcrHasRegisteredArcLinkClickAction = true;                            A.declarative(                                &#8216;acrLink-click-metrics&#8217;, &#8216;click&#8217;,                                { \u00aballowLinkDefault\u00bb: true },                                function (event) {                                    if (window.ue) {                                        ue.count(\u00abacrLinkClickCount\u00bb, (ue.count(\u00abacrLinkClickCount\u00bb) || 0) + 1);                                    }                                }                            );                        }                    });                                             P.when(&#8216;A&#8217;, &#8216;cf&#8217;).execute(function(A) {                A.declarative(&#8216;acrStarsLink-click-metrics&#8217;, &#8216;click&#8217;, { \u00aballowLinkDefault\u00bb : true },  function(event){                    if(window.ue) {                        ue.count(\u00abacrStarsLinkWithPopoverClickCount\u00bb, (ue.count(\u00abacrStarsLinkWithPopoverClickCount\u00bb) || 0) + 1);                    }                });            });                          <\/p>\n<p>Curve Flattening Technology &#8211; Savornest document and book camera has an exceptional page flattening algorithm to flatten the curve of the book. The software also allows you to easily remove scanned fingers.<br \/>EXCELLENT PERFORMANCE &#8211; Savornest document camera features 23 megapixels, supports Ultra HD real-time demo, and has 6 built-in high-brightness LED lights for optimal scanning result. A pedal is also available to activate a scan.<br \/>CONVENIENT SOFTWARE &#8211; Savornest portable scanner captures images up to A3 and automatic scanning technology allows continuous and timed capture after a crop. It also supports SDK and TWAIN, automatic correction and filling of broken edges on scanned pages, automatic image segmentation, redundancy removal and more.<br \/>A Versatile Scanner: Real-time video recording and projection and powerful optical character recognition (OCR), perfect choice for creating music scores or e-books, teaching and organizing meetings, etc. \u3010Compatible with Windows and Mac OS systems.\u3011<br \/>Easy to install: just connect the USB to the computer, insert the external shutter button or pedal, connect the DC-IN to the scanner and adapter, and install the appropriate software to run the scanner.<\/p>\n\n","protected":false},"excerpt":{"rendered":"<p> Product Description Tecnolog\u00eda de curva aplanada La c\u00e1mara para libros y documentos puede detectar de<\/p>","protected":false},"featured_media":28142,"comment_status":"open","ping_status":"closed","template":"","meta":[],"product_brand":[],"product_cat":[60],"product_tag":[7464,731,1990,1735,681,1982,8127,1989,1983,6246,1986,6803,585,1987,1984,1985,840,1991,8222,1098,385,8223,1988,1147],"class_list":{"0":"post-28141","1":"product","2":"type-product","3":"status-publish","4":"has-post-thumbnail","6":"product_cat-scanners","7":"product_tag-23mp","8":"product_tag-auto","9":"product_tag-best-scanner","10":"product_tag-book","11":"product_tag-camera","12":"product_tag-document-scanner","13":"product_tag-education","14":"product_tag-fast-document-scanner","15":"product_tag-flatbed-scanner","16":"product_tag-flattening","17":"product_tag-high-resolution-scanner","18":"product_tag-ocr","19":"product_tag-office","20":"product_tag-office-scanner","21":"product_tag-photo-scanner","22":"product_tag-portable-scanner","23":"product_tag-scanner","24":"product_tag-scanner-price","25":"product_tag-sdk","26":"product_tag-support","27":"product_tag-technology","28":"product_tag-twain","29":"product_tag-usb-scanner","30":"product_tag-windowsmacos","32":"first","33":"instock","34":"shipping-taxable","35":"product-type-external"},"_links":{"self":[{"href":"https:\/\/comprasyconsejos.store\/en\/wp-json\/wp\/v2\/product\/28141","targetHints":{"allow":["GET"]}}],"collection":[{"href":"https:\/\/comprasyconsejos.store\/en\/wp-json\/wp\/v2\/product"}],"about":[{"href":"https:\/\/comprasyconsejos.store\/en\/wp-json\/wp\/v2\/types\/product"}],"replies":[{"embeddable":true,"href":"https:\/\/comprasyconsejos.store\/en\/wp-json\/wp\/v2\/comments?post=28141"}],"version-history":[{"count":0,"href":"https:\/\/comprasyconsejos.store\/en\/wp-json\/wp\/v2\/product\/28141\/revisions"}],"wp:featuredmedia":[{"embeddable":true,"href":"https:\/\/comprasyconsejos.store\/en\/wp-json\/wp\/v2\/media\/28142"}],"wp:attachment":[{"href":"https:\/\/comprasyconsejos.store\/en\/wp-json\/wp\/v2\/media?parent=28141"}],"wp:term":[{"taxonomy":"product_brand","embeddable":true,"href":"https:\/\/comprasyconsejos.store\/en\/wp-json\/wp\/v2\/product_brand?post=28141"},{"taxonomy":"product_cat","embeddable":true,"href":"https:\/\/comprasyconsejos.store\/en\/wp-json\/wp\/v2\/product_cat?post=28141"},{"taxonomy":"product_tag","embeddable":true,"href":"https:\/\/comprasyconsejos.store\/en\/wp-json\/wp\/v2\/product_tag?post=28141"}],"curies":[{"name":"wp","href":"https:\/\/api.w.org\/{rel}","templated":true}]}}