{"id":28166,"date":"2026-02-21T02:29:01","date_gmt":"2026-02-21T02:29:01","guid":{"rendered":"https:\/\/comprasyconsejos.store\/product\/workforce-wf-2110w-a4-inkjet-printer-with-wi-fi-and-ethernet-connectivity\/"},"modified":"2026-02-21T02:29:11","modified_gmt":"2026-02-21T02:29:11","slug":"workforce-wf-2110w-a4-inkjet-printer-with-wi-fi-and-ethernet-connectivity","status":"publish","type":"product","link":"https:\/\/comprasyconsejos.store\/en\/product\/workforce-wf-2110w-a4-inkjet-printer-with-wi-fi-and-ethernet-connectivity\/","title":{"rendered":"WorkForce WF-2110W A4 Inkjet Printer with Wi-Fi and Ethernet Connectivity"},"content":{"rendered":"<p>Price: <span style=\"color:#b12704\">\u20ac97.99<\/span><br \/><i><small>(as of Feb 21, 2026 02:29:01 UTC &#8211; <span class=\"wp_automatic_amazon_disclaimer\" title=\"Product prices and availability are accurate as of the date\/time indicated and are subject to change. Any price and availability information displayed on [relevant Amazon Site(s), as applicable] at the time of purchase will apply to the purchase of this product.\">Details<\/span>)<\/small><\/i><\/p>\n<p><a href=\"https:\/\/amazon.es\/dp\/B0C28DL5H2?tag=man008-21\"><img decoding=\"async\" src=\"https:\/\/valvepress.s3.amazonaws.com\/imgs\/buy_now.png\"><\/a><br \/>\n<\/p>\n<p>                                             From the brand   <\/p>\n<p>                                              <img decoding=\"async\" alt=\"Epson Brand Story Background\" src=\"https:\/\/images-na.ssl-images-amazon.com\/images\/G\/01\/x-locale\/common\/grey-pixel.gif\" class=\"a-lazy-loaded\" data-src=\"https:\/\/m.media-amazon.com\/images\/S\/aplus-media-library-service-media\/0160aeeb-56d8-4b3a-9a23-8b39cffa6cbc.__CR0,0,1464,625_PT0_SX1464_V1___.jpg\"><img decoding=\"async\" alt=\"Epson Brand Story Background\" src=\"https:\/\/m.media-amazon.com\/images\/S\/aplus-media-library-service-media\/0160aeeb-56d8-4b3a-9a23-8b39cffa6cbc.__CR0,0,1464,625_PT0_SX1464_V1___.jpg\">  <\/p>\n<p>                                              <img decoding=\"async\" alt=\"\" src=\"https:\/\/images-na.ssl-images-amazon.com\/images\/G\/01\/x-locale\/common\/grey-pixel.gif\" class=\"a-lazy-loaded\" data-src=\"https:\/\/m.media-amazon.com\/images\/S\/aplus-media-library-service-media\/e9c400d4-d8bc-485c-8be0-495b58477eeb.__CR0,0,315,145_PT0_SX315_V1___.jpg\"><img decoding=\"async\" alt=\"\" src=\"https:\/\/m.media-amazon.com\/images\/S\/aplus-media-library-service-media\/e9c400d4-d8bc-485c-8be0-495b58477eeb.__CR0,0,315,145_PT0_SX315_V1___.jpg\">  <\/p>\n<p> Descubre las soluciones Epson <\/p>\n<p> Como l\u00edder de tecnolog\u00eda global, Epson trabaja de forma   continua en la investigaci\u00f3n y desarrollo de tecnolog\u00edas innovadoras   orientadas al ahorro de energ\u00eda y al cumplimiento de nuestros est\u00e1ndares   medioambientales. <\/p>\n<h3> Epson EcoTank <\/h3>\n<p class=\"apm-brand-story-stores-link\">\n<h3> Impresoras Epson Expression <\/h3>\n<p class=\"apm-brand-story-stores-link\">\n<h3> Gama Epson WorkForce <\/h3>\n<p class=\"apm-brand-story-stores-link\">\n<h3> Tintas Epson <\/h3>\n<p class=\"apm-brand-story-stores-link\">\n<h3> Proyectores Epson <\/h3>\n<p class=\"apm-brand-story-stores-link\">\n<h3> Esc\u00e1neres Epson <\/h3>\n<p class=\"apm-brand-story-stores-link\">\n<p>                                              <img decoding=\"async\" alt=\"\" src=\"https:\/\/images-na.ssl-images-amazon.com\/images\/G\/01\/x-locale\/common\/grey-pixel.gif\" class=\"a-lazy-loaded\" data-src=\"https:\/\/m.media-amazon.com\/images\/S\/aplus-media-library-service-media\/0bccf052-9e78-48d7-b08b-395127d2a38f.__CR0,16,327,151_PT0_SX315_V1___.jpg\"><img decoding=\"async\" alt=\"\" src=\"https:\/\/m.media-amazon.com\/images\/S\/aplus-media-library-service-media\/0bccf052-9e78-48d7-b08b-395127d2a38f.__CR0,16,327,151_PT0_SX315_V1___.jpg\">  <\/p>\n<p> Creaci\u00f3n de un futuro mejor <\/p>\n<p> Trabajamos comprometidos para ofrecer valor a nuestros clientes  a trav\u00e9s de iniciativas respetuosas con el medio ambiente.    Reducimos el nivel de emisiones contaminantes y el consumo de papel y agua   mediante el desarrollo de productos respetuosos con el medio ambiente. <\/p>\n<p> *Visita el sitio web de Epson para m\u00e1s detalles. <\/p>\n<p> Batteries                                            \u200f                                            :                                            \u200e                                            AA batteries required.   <br \/> Is discontinued by manufacturer                                            \u200f                                            :                                            \u200e                                            No   <br \/> Language                                            \u200f                                            :                                            \u200e                                            Spanish   <br \/> Product Dimensions                                            \u200f                                            :                                            \u200e                                            50 x 50 x 28 cm; 4.5 kg   <br \/> Manufacturer                                            \u200f                                            :                                            \u200e                                            Epson   <br \/> ASIN                                            \u200f                                            :                                            \u200e                                            B0C28DL5H2   <br \/> Item model number                                            \u200f                                            :                                            \u200e                                            C11CK92402   <br \/> Country of origin                                            \u200f                                            :                                            \u200e                                            China   <br \/> Guaranteed software updates until                                            \u200f                                            :                                            \u200e                                            unknown   <br \/>  Customer reviews:                                                                                            4.0               4.0 out of 5 stars                                  (6,953)                                              var dpAcrHasRegisteredArcLinkClickAction;                    P.when(&#8216;A&#8217;, &#8216;ready&#8217;).execute(function(A) {                        if (dpAcrHasRegisteredArcLinkClickAction !== true) {                            dpAcrHasRegisteredArcLinkClickAction = true;                            A.declarative(                                &#8216;acrLink-click-metrics&#8217;, &#8216;click&#8217;,                                { \u00aballowLinkDefault\u00bb: true },                                function (event) {                                    if (window.ue) {                                        ue.count(\u00abacrLinkClickCount\u00bb, (ue.count(\u00abacrLinkClickCount\u00bb) || 0) + 1);                                    }                                }                            );                        }                    });                                             P.when(&#8216;A&#8217;, &#8216;cf&#8217;).execute(function(A) {                A.declarative(&#8216;acrStarsLink-click-metrics&#8217;, &#8216;click&#8217;, { \u00aballowLinkDefault\u00bb : true },  function(event){                    if(window.ue) {                        ue.count(\u00abacrStarsLinkWithPopoverClickCount\u00bb, (ue.count(\u00abacrStarsLinkWithPopoverClickCount\u00bb) || 0) + 1);                    }                });            });                          <\/p>\n<p>Compact A4 printer for high-quality business documents &#8211; A high-quality printer that delivers an ISO print speed of 9 ppm in black and 4.7 ppm in colour*, with an ink yield of up to 500 pages in black and 450 in colour*.<br \/>Wireless connectivity to print from anywhere &#8211; Use the Epson Smart Panel app to set up, monitor, print and more from your mobile<br \/>Easily connect to any type of network you need, both at home and in the office &#8211; via Wi-Fi, Ethernet or USB<br \/>Quality, durable, smudge-free prints &#8211; It&#8217;s the only portable printer that uses pigment inks for all colors for high-quality results.<br \/>Easy to use &#8211; Simple and hassle-free setup<\/p>\n\n","protected":false},"excerpt":{"rendered":"<p> From the brand Descubre las soluciones Epson Como l\u00edder de tecnolog\u00eda global, Epson trabaja de<\/p>","protected":false},"featured_media":28167,"comment_status":"open","ping_status":"closed","template":"","meta":[],"product_brand":[],"product_cat":[59],"product_tag":[1946,1954,1143,2303,1951,1953,1961,1948,1950,1962,1955,1949,8230,543,1952,1947,1993],"class_list":{"0":"post-28166","1":"product","2":"type-product","3":"status-publish","4":"has-post-thumbnail","6":"product_cat-printers-all-in-one","7":"product_tag-all-in-one-printer","8":"product_tag-best-all-in-one-printer","9":"product_tag-connectivity","10":"product_tag-ethernet","11":"product_tag-home-printer","12":"product_tag-ink-tank-printer","13":"product_tag-inkjet","14":"product_tag-multifunction-printer","15":"product_tag-office-printer","16":"product_tag-printer","17":"product_tag-printer-price","18":"product_tag-printer-scanner-copier","19":"product_tag-wf2110w","20":"product_tag-wifi","21":"product_tag-wifi-printer","22":"product_tag-wireless-printer","23":"product_tag-workforce","25":"first","26":"instock","27":"shipping-taxable","28":"product-type-external"},"_links":{"self":[{"href":"https:\/\/comprasyconsejos.store\/en\/wp-json\/wp\/v2\/product\/28166","targetHints":{"allow":["GET"]}}],"collection":[{"href":"https:\/\/comprasyconsejos.store\/en\/wp-json\/wp\/v2\/product"}],"about":[{"href":"https:\/\/comprasyconsejos.store\/en\/wp-json\/wp\/v2\/types\/product"}],"replies":[{"embeddable":true,"href":"https:\/\/comprasyconsejos.store\/en\/wp-json\/wp\/v2\/comments?post=28166"}],"version-history":[{"count":0,"href":"https:\/\/comprasyconsejos.store\/en\/wp-json\/wp\/v2\/product\/28166\/revisions"}],"wp:featuredmedia":[{"embeddable":true,"href":"https:\/\/comprasyconsejos.store\/en\/wp-json\/wp\/v2\/media\/28167"}],"wp:attachment":[{"href":"https:\/\/comprasyconsejos.store\/en\/wp-json\/wp\/v2\/media?parent=28166"}],"wp:term":[{"taxonomy":"product_brand","embeddable":true,"href":"https:\/\/comprasyconsejos.store\/en\/wp-json\/wp\/v2\/product_brand?post=28166"},{"taxonomy":"product_cat","embeddable":true,"href":"https:\/\/comprasyconsejos.store\/en\/wp-json\/wp\/v2\/product_cat?post=28166"},{"taxonomy":"product_tag","embeddable":true,"href":"https:\/\/comprasyconsejos.store\/en\/wp-json\/wp\/v2\/product_tag?post=28166"}],"curies":[{"name":"wp","href":"https:\/\/api.w.org\/{rel}","templated":true}]}}