{"id":28175,"date":"2026-02-21T02:41:34","date_gmt":"2026-02-21T02:41:34","guid":{"rendered":"https:\/\/comprasyconsejos.store\/product\/asus-tuf-gaming-vg279qe5a-27-full-hd-1920-x-1080-gaming-monitor-146hz-overclocking-ips-elmb-sync-mprt-1ms-stereo-speakers-variable-overdrive-displaywidget-center\/"},"modified":"2026-02-21T02:41:48","modified_gmt":"2026-02-21T02:41:48","slug":"asus-tuf-gaming-vg279qe5a-27-full-hd-1920-x-1080-gaming-monitor-146hz-overclocking-ips-elmb-sync-mprt-1ms-stereo-speakers-variable-overdrive-displaywidget-center","status":"publish","type":"product","link":"https:\/\/comprasyconsejos.store\/en\/product\/asus-tuf-gaming-vg279qe5a-27-full-hd-1920-x-1080-gaming-monitor-146hz-overclocking-ips-elmb-sync-mprt-1ms-stereo-speakers-variable-overdrive-displaywidget-center\/","title":{"rendered":"ASUS TUF Gaming VG279QE5A 27&#8243; Full HD (1920 x 1080) Gaming Monitor, 146Hz Overclocking, IPS, ELMB Sync, MPRT 1ms, Stereo Speakers, Variable Overdrive, DisplayWidget Center"},"content":{"rendered":"<p>Price: <span style=\"color:#b12704\">\u20ac145.95<\/span><br \/><i><small>(as of Feb 21, 2026 02:41:34 UTC &#8211; <span class=\"wp_automatic_amazon_disclaimer\" title=\"Product prices and availability are accurate as of the date\/time indicated and are subject to change. Any price and availability information displayed on [relevant Amazon Site(s), as applicable] at the time of purchase will apply to the purchase of this product.\">Details<\/span>)<\/small><\/i><\/p>\n<p><a href=\"https:\/\/amazon.es\/dp\/B0F8NQZ4B4?tag=man008-21\"><img decoding=\"async\" src=\"https:\/\/valvepress.s3.amazonaws.com\/imgs\/buy_now.png\"><\/a><br \/>\n<\/p>\n<p>                                             From the manufacturer   <\/p>\n<p>                                                                             <img decoding=\"async\" alt=\"Imagen promocional del monitor para juegos que muestra el texto \u00abTUF GAMING VG275RESA\u00bb con \u00e9nfasis en la durabilidad y las funciones de juego.\" src=\"https:\/\/images-na.ssl-images-amazon.com\/images\/G\/01\/x-locale\/common\/grey-pixel.gif\" class=\"a-spacing-base a-lazy-loaded\" data-src=\"https:\/\/m.media-amazon.com\/images\/S\/aplus-media-library-service-media\/9c2a0814-fabf-4d5c-971d-dbfd3c632606.__CR0,0,970,600_PT0_SX970_V1___.jpg\"><img decoding=\"async\" alt=\"Imagen promocional del monitor para juegos que muestra el texto \u00abTUF GAMING VG275RESA\u00bb con \u00e9nfasis en la durabilidad y las funciones de juego.\" src=\"https:\/\/m.media-amazon.com\/images\/S\/aplus-media-library-service-media\/9c2a0814-fabf-4d5c-971d-dbfd3c632606.__CR0,0,970,600_PT0_SX970_V1___.jpg\">                                                                    <\/p>\n<p>                                                  <img decoding=\"async\" alt=\"Banner de especificaciones t\u00e9cnicas que muestra 146 Hz, tecnolog\u00eda de pantalla IPS e indicadores de gama de colores sRGB con iconos.\" src=\"https:\/\/images-na.ssl-images-amazon.com\/images\/G\/01\/x-locale\/common\/grey-pixel.gif\" class=\"a-lazy-loaded\" data-src=\"https:\/\/m.media-amazon.com\/images\/S\/aplus-media-library-service-media\/7a71b2dc-561f-417c-a66c-be8a0e9d5d13.__CR0,0,970,300_PT0_SX970_V1___.jpg\"><img decoding=\"async\" alt=\"Banner de especificaciones t\u00e9cnicas que muestra 146 Hz, tecnolog\u00eda de pantalla IPS e indicadores de gama de colores sRGB con iconos.\" src=\"https:\/\/m.media-amazon.com\/images\/S\/aplus-media-library-service-media\/7a71b2dc-561f-417c-a66c-be8a0e9d5d13.__CR0,0,970,300_PT0_SX970_V1___.jpg\">  <\/p>\n<p class=\"apm-text-center\">\n                                                      <img decoding=\"async\" alt=\"aplus content image\" src=\"https:\/\/images-na.ssl-images-amazon.com\/images\/G\/01\/x-locale\/common\/grey-pixel.gif\" class=\"a-spacing-mini a-lazy-loaded\" data-src=\"https:\/\/m.media-amazon.com\/images\/S\/aplus-media-library-service-media\/65829f5e-554a-42fc-a4ec-29122a87337a.__CR0,0,300,300_PT0_SX300_V1___.jpg\"><img decoding=\"async\" alt=\"aplus content image\" src=\"https:\/\/m.media-amazon.com\/images\/S\/aplus-media-library-service-media\/65829f5e-554a-42fc-a4ec-29122a87337a.__CR0,0,300,300_PT0_SX300_V1___.jpg\">  <\/p>\n<p>                                                    FRECUENCIA DE REFRESCO DE 146HZ (OC) Y TIEMPO DE RESPUESTA DE 1MS (MPRT)                                       <\/p>\n<p> Con overclocking a 146 Hz de frecuencia de refresco, diezma el lag y el desenfoque de movimiento para darte ventaja en shooters en primera persona, carreras, estrategia en tiempo real y t\u00edtulos deportivos. <\/p>\n<p class=\"apm-text-center\">\n                                                      <img decoding=\"async\" alt=\"aplus content image\" src=\"https:\/\/images-na.ssl-images-amazon.com\/images\/G\/01\/x-locale\/common\/grey-pixel.gif\" class=\"a-spacing-mini a-lazy-loaded\" data-src=\"https:\/\/m.media-amazon.com\/images\/S\/aplus-media-library-service-media\/adbfdfb0-e8fb-45fc-afc1-68d228f8357e.__CR0,0,300,300_PT0_SX300_V1___.png\"><img decoding=\"async\" alt=\"aplus content image\" src=\"https:\/\/m.media-amazon.com\/images\/S\/aplus-media-library-service-media\/adbfdfb0-e8fb-45fc-afc1-68d228f8357e.__CR0,0,300,300_PT0_SX300_V1___.png\">  <\/p>\n<p>                                                    ADAPTIVE-SYNC                                       <\/p>\n<p> La tecnolog\u00eda VESA AdaptiveSync garantiza unos visuales supersuaves, sin l\u00e1grimas y con baja latencia. <\/p>\n<p class=\"apm-text-center\">\n                                                      <img decoding=\"async\" alt=\"aplus content image\" src=\"https:\/\/images-na.ssl-images-amazon.com\/images\/G\/01\/x-locale\/common\/grey-pixel.gif\" class=\"a-spacing-mini a-lazy-loaded\" data-src=\"https:\/\/m.media-amazon.com\/images\/S\/aplus-media-library-service-media\/d05ce06f-71e4-4942-8111-618e63d5342d.__CR0,0,300,300_PT0_SX300_V1___.png\"><img decoding=\"async\" alt=\"aplus content image\" src=\"https:\/\/m.media-amazon.com\/images\/S\/aplus-media-library-service-media\/d05ce06f-71e4-4942-8111-618e63d5342d.__CR0,0,300,300_PT0_SX300_V1___.png\">  <\/p>\n<p>                                                    ELMB Sync                                       <\/p>\n<p> Software ELMB Sync* que permite que el ELMB trabaje simult\u00e1neamente con la tecnolog\u00eda de sincronizaci\u00f3n adaptativa para eliminar las im\u00e1genes fantasma y los desgarros y conseguir juegos extraordinariamente n\u00edtidos y con alta velocidad de fotogramas. <\/p>\n<p> *Ideal para juegos de ritmo r\u00e1pido , funciona mejor a m\u00e1s de 85Hz. <\/p>\n<p class=\"apm-text-center\">\n                                                      <img decoding=\"async\" alt=\"aplus content image\" src=\"https:\/\/images-na.ssl-images-amazon.com\/images\/G\/01\/x-locale\/common\/grey-pixel.gif\" class=\"a-spacing-mini a-lazy-loaded\" data-src=\"https:\/\/m.media-amazon.com\/images\/S\/aplus-media-library-service-media\/b6ba2235-2836-44f6-8c1e-585a01bd9590.__CR0,0,300,300_PT0_SX300_V1___.png\"><img decoding=\"async\" alt=\"aplus content image\" src=\"https:\/\/m.media-amazon.com\/images\/S\/aplus-media-library-service-media\/b6ba2235-2836-44f6-8c1e-585a01bd9590.__CR0,0,300,300_PT0_SX300_V1___.png\">  <\/p>\n<p>                                                    Variable Overdrive                                       <\/p>\n<p> La tecnolog\u00eda ASUS Variable Overdrive integrada permite que la pantalla modifique din\u00e1micamente su ajuste de sobremarcha seg\u00fan fluct\u00fae la frecuencia de fotogramas, garantizando resultados \u00f3ptimos en cualquier juego. T\u00fa eliges la intensidad del efecto general y dejas que el monitor se encargue. <\/p>\n<p class=\"apm-text-center\">\n                                                      <img decoding=\"async\" alt=\"aplus content image\" src=\"https:\/\/images-na.ssl-images-amazon.com\/images\/G\/01\/x-locale\/common\/grey-pixel.gif\" class=\"a-spacing-mini a-lazy-loaded\" data-src=\"https:\/\/m.media-amazon.com\/images\/S\/aplus-media-library-service-media\/a25f4cba-a638-4767-8658-bc26e54f40a7.__CR0,0,300,300_PT0_SX300_V1___.png\"><img decoding=\"async\" alt=\"aplus content image\" src=\"https:\/\/m.media-amazon.com\/images\/S\/aplus-media-library-service-media\/a25f4cba-a638-4767-8658-bc26e54f40a7.__CR0,0,300,300_PT0_SX300_V1___.png\">  <\/p>\n<p>                                                    Shadow Boost                                       <\/p>\n<p> La tecnolog\u00eda ASUS Shadow Boost aclara las zonas oscuras del juego sin sobreexponer las zonas m\u00e1s brillantes, mejorando la visi\u00f3n general y facilitando la detecci\u00f3n de enemigos ocultos en zonas oscuras del mapa. <\/p>\n<p class=\"apm-text-center\">\n                                                      <img decoding=\"async\" alt=\"aplus content image\" src=\"https:\/\/images-na.ssl-images-amazon.com\/images\/G\/01\/x-locale\/common\/grey-pixel.gif\" class=\"a-spacing-mini a-lazy-loaded\" data-src=\"https:\/\/m.media-amazon.com\/images\/S\/aplus-media-library-service-media\/f8666360-e589-491e-8fc4-b3823168b12b.__CR0,0,300,300_PT0_SX300_V1___.png\"><img decoding=\"async\" alt=\"aplus content image\" src=\"https:\/\/m.media-amazon.com\/images\/S\/aplus-media-library-service-media\/f8666360-e589-491e-8fc4-b3823168b12b.__CR0,0,300,300_PT0_SX300_V1___.png\">  <\/p>\n<p>                                                    GamePlus                                       <\/p>\n<p> La tecla de acceso directo GamePlus integrada y exclusiva de ASUS ofrece mejoras en el juego que te ayudan a sacar m\u00e1s partido a tu partida. Esta funci\u00f3n ha sido desarrollada conjuntamente con jugadores profesionales, lo que les permite practicar y mejorar sus habilidades de juego. <\/p>\n<p class=\"apm-text-center\">\n                                                      <img decoding=\"async\" alt=\"aplus content image\" src=\"https:\/\/images-na.ssl-images-amazon.com\/images\/G\/01\/x-locale\/common\/grey-pixel.gif\" class=\"a-spacing-mini a-lazy-loaded\" data-src=\"https:\/\/m.media-amazon.com\/images\/S\/aplus-media-library-service-media\/43b20dbe-c04a-4feb-bb51-5a1c475c613a.__CR0,0,300,300_PT0_SX300_V1___.png\"><img decoding=\"async\" alt=\"aplus content image\" src=\"https:\/\/m.media-amazon.com\/images\/S\/aplus-media-library-service-media\/43b20dbe-c04a-4feb-bb51-5a1c475c613a.__CR0,0,300,300_PT0_SX300_V1___.png\">  <\/p>\n<p>                                                    FILTRO DE LUZ AZUL                                       <\/p>\n<p> La tecnolog\u00eda ASUS Low Blue Light reduce la cantidad de luz azul potencialmente da\u00f1ina que emite la pantalla. Dispones de cuatro ajustes de filtro diferentes para controlar la cantidad de reducci\u00f3n de luz azul. <\/p>\n<p class=\"apm-text-center\">\n                                                      <img decoding=\"async\" alt=\"aplus content image\" src=\"https:\/\/images-na.ssl-images-amazon.com\/images\/G\/01\/x-locale\/common\/grey-pixel.gif\" class=\"a-spacing-mini a-lazy-loaded\" data-src=\"https:\/\/m.media-amazon.com\/images\/S\/aplus-media-library-service-media\/4dbdfac4-eb1d-446c-a8e6-0dfc94739e10.__CR0,0,300,300_PT0_SX300_V1___.jpg\"><img decoding=\"async\" alt=\"aplus content image\" src=\"https:\/\/m.media-amazon.com\/images\/S\/aplus-media-library-service-media\/4dbdfac4-eb1d-446c-a8e6-0dfc94739e10.__CR0,0,300,300_PT0_SX300_V1___.jpg\">  <\/p>\n<p>                                                    Amplia conectividad                                       <\/p>\n<p> Una multitud de opciones de conectividad, como HDMI 2.0 y DisplayPort 1.2, garantizan una amplia compatibilidad con diversas fuentes de entrada. <\/p>\n<p class=\"apm-text-center\">\n                                                      <img decoding=\"async\" alt=\"Fotograf\u00eda atmosf\u00e9rica oscura que muestra lo que parece ser un dispositivo o accesorio montado en la pared en condiciones de poca luz.\" src=\"https:\/\/images-na.ssl-images-amazon.com\/images\/G\/01\/x-locale\/common\/grey-pixel.gif\" class=\"a-spacing-mini a-lazy-loaded\" data-src=\"https:\/\/m.media-amazon.com\/images\/S\/aplus-media-library-service-media\/fe953e08-a06f-48d0-bf8c-59ecc74158e6.__CR0,0,300,300_PT0_SX300_V1___.jpg\"><img decoding=\"async\" alt=\"Fotograf\u00eda atmosf\u00e9rica oscura que muestra lo que parece ser un dispositivo o accesorio montado en la pared en condiciones de poca luz.\" src=\"https:\/\/m.media-amazon.com\/images\/S\/aplus-media-library-service-media\/fe953e08-a06f-48d0-bf8c-59ecc74158e6.__CR0,0,300,300_PT0_SX300_V1___.jpg\">  <\/p>\n<p>                                                    DISE\u00d1O ERGON\u00d3MICO                                       <\/p>\n<p> Con un soporte de dise\u00f1o ergon\u00f3mico, proporciona inclinaci\u00f3n para que puedas encontrar f\u00e1cilmente tu posici\u00f3n de visi\u00f3n ideal. La pantalla tambi\u00e9n es compatible con VESA para montaje en pared. <\/p>\n<p> Batteries                                            \u200f                                            :                                            \u200e                                            1 AAAA batteries required.   <br \/> Language                                            \u200f                                            :                                            \u200e                                            Spanish   <br \/> Product Dimensions                                            \u200f                                            :                                            \u200e                                            61.5 x 19.3 x 45.3 cm; 4.4 kg   <br \/> Manufacturer                                            \u200f                                            :                                            \u200e                                            ASUS   <br \/> ASIN                                            \u200f                                            :                                            \u200e                                            B0F8NQZ4B4   <br \/> Item model number                                            \u200f                                            :                                            \u200e                                            90LM0BJ0-B01171   <br \/> Country of origin                                            \u200f                                            :                                            \u200e                                            China   <br \/> Guaranteed software updates until                                            \u200f                                            :                                            \u200e                                            unknown   <br \/>  Customer reviews:                                                                                            4.5               4.5 out of 5 stars                                  (28)                                              var dpAcrHasRegisteredArcLinkClickAction;                    P.when(&#8216;A&#8217;, &#8216;ready&#8217;).execute(function(A) {                        if (dpAcrHasRegisteredArcLinkClickAction !== true) {                            dpAcrHasRegisteredArcLinkClickAction = true;                            A.declarative(                                &#8216;acrLink-click-metrics&#8217;, &#8216;click&#8217;,                                { \u00aballowLinkDefault\u00bb: true },                                function (event) {                                    if (window.ue) {                                        ue.count(\u00abacrLinkClickCount\u00bb, (ue.count(\u00abacrLinkClickCount\u00bb) || 0) + 1);                                    }                                }                            );                        }                    });                                             P.when(&#8216;A&#8217;, &#8216;cf&#8217;).execute(function(A) {                A.declarative(&#8216;acrStarsLink-click-metrics&#8217;, &#8216;click&#8217;, { \u00aballowLinkDefault\u00bb : true },  function(event){                    if(window.ue) {                        ue.count(\u00abacrStarsLinkWithPopoverClickCount\u00bb, (ue.count(\u00abacrStarsLinkWithPopoverClickCount\u00bb) || 0) + 1);                    }                });            });                          <\/p>\n<p>27-inch Full HD (1920 x 1080) gaming monitor with a 146Hz (OC) refresh rate designed for professional gamers and an immersive gaming experience<br \/>ASUS Extreme Low Motion Blur Sync (ELMB Sync) technology allows ELMB and variable refresh rate technologies to work simultaneously to eliminate ghosting and tearing and deliver sharp images with high frame rates<br \/>DisplayWidget Center allows you to easily adjust monitor settings with your mouse<br \/>Shadow Boost enhances image details in dark areas, illuminating scenes without overexposing bright areas<\/p>\n\n","protected":false},"excerpt":{"rendered":"<p> From the manufacturer FRECUENCIA DE REFRESCO DE 146HZ (OC) Y TIEMPO DE RESPUESTA DE 1MS<\/p>","protected":false},"featured_media":28176,"comment_status":"open","ping_status":"closed","template":"","meta":[],"product_brand":[],"product_cat":[55],"product_tag":[1934,8232,1918,1936,1935,1939,1802,850,1940,2930,1784,1306,4455,560,617,1933,703,1937,844,2267,4390,7475,1938,1039,1038,200,851,2706,8231],"class_list":{"0":"post-28175","1":"product","2":"type-product","3":"status-publish","4":"has-post-thumbnail","6":"product_cat-gaming-monitors","7":"product_tag-144hz-gaming-monitor","8":"product_tag-146hz","9":"product_tag-1ms","10":"product_tag-1ms-gaming-monitor","11":"product_tag-240hz-gaming-monitor","12":"product_tag-27-inch-gaming-monitor","13":"product_tag-4k-gaming-monitor","14":"product_tag-asus","15":"product_tag-best-gaming-monitor","16":"product_tag-center","17":"product_tag-curved-gaming-monitor","18":"product_tag-displaywidget","19":"product_tag-elmb","20":"product_tag-full","21":"product_tag-gaming","22":"product_tag-gaming-monitor","23":"product_tag-ips","24":"product_tag-ips-gaming-monitor","25":"product_tag-monitor","26":"product_tag-mprt","27":"product_tag-overclocking","28":"product_tag-overdrive","29":"product_tag-rgb-gaming-monitor","30":"product_tag-speakers","31":"product_tag-stereo","32":"product_tag-sync","33":"product_tag-tuf","34":"product_tag-variable","35":"product_tag-vg279qe5a","37":"first","38":"instock","39":"shipping-taxable","40":"product-type-external"},"_links":{"self":[{"href":"https:\/\/comprasyconsejos.store\/en\/wp-json\/wp\/v2\/product\/28175","targetHints":{"allow":["GET"]}}],"collection":[{"href":"https:\/\/comprasyconsejos.store\/en\/wp-json\/wp\/v2\/product"}],"about":[{"href":"https:\/\/comprasyconsejos.store\/en\/wp-json\/wp\/v2\/types\/product"}],"replies":[{"embeddable":true,"href":"https:\/\/comprasyconsejos.store\/en\/wp-json\/wp\/v2\/comments?post=28175"}],"version-history":[{"count":0,"href":"https:\/\/comprasyconsejos.store\/en\/wp-json\/wp\/v2\/product\/28175\/revisions"}],"wp:featuredmedia":[{"embeddable":true,"href":"https:\/\/comprasyconsejos.store\/en\/wp-json\/wp\/v2\/media\/28176"}],"wp:attachment":[{"href":"https:\/\/comprasyconsejos.store\/en\/wp-json\/wp\/v2\/media?parent=28175"}],"wp:term":[{"taxonomy":"product_brand","embeddable":true,"href":"https:\/\/comprasyconsejos.store\/en\/wp-json\/wp\/v2\/product_brand?post=28175"},{"taxonomy":"product_cat","embeddable":true,"href":"https:\/\/comprasyconsejos.store\/en\/wp-json\/wp\/v2\/product_cat?post=28175"},{"taxonomy":"product_tag","embeddable":true,"href":"https:\/\/comprasyconsejos.store\/en\/wp-json\/wp\/v2\/product_tag?post=28175"}],"curies":[{"name":"wp","href":"https:\/\/api.w.org\/{rel}","templated":true}]}}