{"id":28197,"date":"2026-02-21T02:45:47","date_gmt":"2026-02-21T02:45:47","guid":{"rendered":"https:\/\/comprasyconsejos.store\/product\/philips-27e1n1600am-quad-hd-monitor-27-inches-speakers-height-adjustable-2560x1440-100hz-hdmi-1-4-usb-c-65w-pd-usb-hub-black\/"},"modified":"2026-02-21T02:45:50","modified_gmt":"2026-02-21T02:45:50","slug":"philips-27e1n1600am-quad-hd-monitor-27-inches-speakers-height-adjustable-2560x1440-100hz-hdmi-1-4-usb-c-65w-pd-usb-hub-black","status":"publish","type":"product","link":"https:\/\/comprasyconsejos.store\/en\/product\/philips-27e1n1600am-quad-hd-monitor-27-inches-speakers-height-adjustable-2560x1440-100hz-hdmi-1-4-usb-c-65w-pd-usb-hub-black\/","title":{"rendered":"Philips 27E1N1600AM &#8211; Quad HD Monitor 27 Inches, Speakers, Height Adjustable (2560&#215;1440, 100Hz, HDMI 1.4, USB-C (65W PD), USB Hub) Black"},"content":{"rendered":"<p>Price: <span style=\"color:#b12704\">\u20ac169.00<\/span><br \/><i><small>(as of Feb 21, 2026 02:45:47 UTC &#8211; <span class=\"wp_automatic_amazon_disclaimer\" title=\"Product prices and availability are accurate as of the date\/time indicated and are subject to change. Any price and availability information displayed on [relevant Amazon Site(s), as applicable] at the time of purchase will apply to the purchase of this product.\">Details<\/span>)<\/small><\/i><\/p>\n<p><a href=\"https:\/\/amazon.es\/dp\/B0D5CV18VB?tag=man008-21\"><img decoding=\"async\" src=\"https:\/\/valvepress.s3.amazonaws.com\/imgs\/buy_now.png\"><\/a><br \/>\n<\/p>\n<p>                                             From the manufacturer   <\/p>\n<p>                                                      <img decoding=\"async\" alt=\"Philips Monitors\" src=\"https:\/\/images-na.ssl-images-amazon.com\/images\/G\/01\/x-locale\/common\/grey-pixel.gif\" class=\"a-spacing-mini a-lazy-loaded\" data-src=\"https:\/\/m.media-amazon.com\/images\/S\/aplus-media-library-service-media\/4c32547a-f13a-4bab-8dfc-5e90bf6ae326.__CR164,171,643,857_PT0_SX300_V1___.jpg\"><img decoding=\"async\" alt=\"Philips Monitors\" src=\"https:\/\/m.media-amazon.com\/images\/S\/aplus-media-library-service-media\/4c32547a-f13a-4bab-8dfc-5e90bf6ae326.__CR164,171,643,857_PT0_SX300_V1___.jpg\">  <\/p>\n<p>                                                              <img decoding=\"async\" alt=\"Philips Monitors\" src=\"https:\/\/images-na.ssl-images-amazon.com\/images\/G\/01\/x-locale\/common\/grey-pixel.gif\" class=\"a-spacing-mini a-lazy-loaded\" data-src=\"https:\/\/m.media-amazon.com\/images\/S\/aplus-media-library-service-media\/5410b928-7470-4413-8738-5b34638ae800.__CR0,358,970,485_PT0_SX350_V1___.jpg\"><img decoding=\"async\" alt=\"Philips Monitors\" src=\"https:\/\/m.media-amazon.com\/images\/S\/aplus-media-library-service-media\/5410b928-7470-4413-8738-5b34638ae800.__CR0,358,970,485_PT0_SX350_V1___.jpg\">                                                                 <\/p>\n<p class=\"a-spacing-small a-size-small a-color-secondary\">\n<p>Serie 100027&#8243; (68,6 cm)2560 x 1440 (QHD)                                        MPRT 1 ms       Concentrador USB USB 3.2 Gen 1, 2 USB-A de bajada (1 con carga r\u00e1pida BC 1.2)       <\/p>\n<h3 class=\"a-spacing-mini\"> Monitor Quad HD 27E1N1600AM\/01 <\/h3>\n<p>                                          Mejora tu productividad con conectividad USB-C                                     <\/p>\n<p class=\"a-spacing-base\"> Este monitor est\u00e1 dise\u00f1ado para mantenerte conectado. Con funciones como USB-C 3.2 con suministro de energ\u00eda, los usuarios pueden cargar su dispositivo vinculado y trabajar sin problemas, todo con un solo cable. Adem\u00e1s, al tener un solo cable, permite disfrutar de un espacio de trabajo ordenado. <\/p>\n<p>                                                          Punto de p\u00edxel 0,2331 x 0,2331 mm       Tiempo de respuesta (t\u00edpico) 4 ms (gris a gris)       Resoluci\u00f3n m\u00e1xima 2560 x 1440 a 100 Hz*       Densidad de p\u00edxeles 123,41 PPP      <\/p>\n<p class=\"apm-text-center\">\n                                                      <img decoding=\"async\" alt=\"Philips Monitors\" src=\"https:\/\/images-na.ssl-images-amazon.com\/images\/G\/01\/x-locale\/common\/grey-pixel.gif\" class=\"a-lazy-loaded\" data-src=\"https:\/\/m.media-amazon.com\/images\/S\/aplus-media-library-service-media\/bdc4d619-17da-4330-9180-5bf14de1fcdc.__CR0,0,1600,1600_PT0_SX220_V1___.jpg\"><img decoding=\"async\" alt=\"Philips Monitors\" src=\"https:\/\/m.media-amazon.com\/images\/S\/aplus-media-library-service-media\/bdc4d619-17da-4330-9180-5bf14de1fcdc.__CR0,0,1600,1600_PT0_SX220_V1___.jpg\">  <\/p>\n<p>                                                    Frecuencias de actualizaci\u00f3n de 100Hz para disfrutar de unas im\u00e1genes ultrafluidas                                     <\/p>\n<p class=\"a-size-small\"> Esta pantalla de Philips actualiza la imagen de la pantalla hasta 100 veces por segundo, lo que hace que este monitor sea mucho m\u00e1s r\u00e1pido que una pantalla est\u00e1ndar. Con una velocidad de fotogramas de 100 Hz, los jugadores pueden encontrar en la pantalla las im\u00e1genes m\u00e1s importantes que muestran el movimiento del enemigo con un movimiento ultrafluido para que sean f\u00e1cilmente localizables. <\/p>\n<p class=\"apm-text-center\">\n                                                      <img decoding=\"async\" alt=\"Philips Monitors\" src=\"https:\/\/images-na.ssl-images-amazon.com\/images\/G\/01\/x-locale\/common\/grey-pixel.gif\" class=\"a-lazy-loaded\" data-src=\"https:\/\/m.media-amazon.com\/images\/S\/aplus-media-library-service-media\/014f547b-21a6-461a-98ae-e9e0605a3219.__CR0,0,1600,1600_PT0_SX220_V1___.jpg\"><img decoding=\"async\" alt=\"Philips Monitors\" src=\"https:\/\/m.media-amazon.com\/images\/S\/aplus-media-library-service-media\/014f547b-21a6-461a-98ae-e9e0605a3219.__CR0,0,1600,1600_PT0_SX220_V1___.jpg\">  <\/p>\n<p>                                                    Im\u00e1genes CrystalClear con Quad HD de 2560 x 1440 p\u00edxeles                                     <\/p>\n<p class=\"a-size-small\"> Estas pantallas de Philips ofrecen im\u00e1genes Crystal Clear con Quad HD de 2560 x 1440 o 2560 x 1080 p\u00edxeles. Mediante el uso de paneles de alto rendimiento con recuento de p\u00edxeles de salta densidad y con fuentes con un elevado ancho de banda, estas nuevas pantallas har\u00e1n que tus im\u00e1genes y gr\u00e1ficos cobren vida. Tanto si eres un profesional exigente que requiere informaci\u00f3n extremadamente detallada para soluciones CAD-CAM, utilizas aplicaciones con gr\u00e1ficos en 3D o un mago de las finanzas que trabaja con enormes hojas de c\u00e1lculo, las pantallas de Philips te proporcionan im\u00e1genes n\u00edtidas Crystal Clear. <\/p>\n<p class=\"apm-text-center\">\n                                                      <img decoding=\"async\" alt=\"Philips Monitors\" src=\"https:\/\/images-na.ssl-images-amazon.com\/images\/G\/01\/x-locale\/common\/grey-pixel.gif\" class=\"a-lazy-loaded\" data-src=\"https:\/\/m.media-amazon.com\/images\/S\/aplus-media-library-service-media\/42530982-444e-4c15-9725-d7c244d553a1.__CR0,0,1600,1600_PT0_SX220_V1___.jpg\"><img decoding=\"async\" alt=\"Philips Monitors\" src=\"https:\/\/m.media-amazon.com\/images\/S\/aplus-media-library-service-media\/42530982-444e-4c15-9725-d7c244d553a1.__CR0,0,1600,1600_PT0_SX220_V1___.jpg\">  <\/p>\n<p>                                                    Tecnolog\u00eda panor\u00e1mica LED IPS para obtener gran precisi\u00f3n de imagen y color                                     <\/p>\n<p class=\"a-size-small\"> La pantalla IPS utiliza una avanzada tecnolog\u00eda que te ofrece unos \u00e1ngulos de visualizaci\u00f3n extra anchos de 178\/178 grados, lo que hace posible ver la pantalla desde casi cualquier \u00e1ngulo. Al contrario que los paneles TN, las pantallas IPS te ofrecen im\u00e1genes n\u00edtidas y colores vivos asombrosos, lo que las hace perfectas no solo para fotos, pel\u00edculas y exploraci\u00f3n web, sino tambi\u00e9n para aplicaciones profesionales que exijan precisi\u00f3n de colores y brillo consistente en todo momento. <\/p>\n<p class=\"apm-text-center\">\n                                                      <img decoding=\"async\" alt=\"Philips Monitors\" src=\"https:\/\/images-na.ssl-images-amazon.com\/images\/G\/01\/x-locale\/common\/grey-pixel.gif\" class=\"a-lazy-loaded\" data-src=\"https:\/\/m.media-amazon.com\/images\/S\/aplus-media-library-service-media\/134772ef-4281-46fa-b33a-d9a1735fd8c0.__CR0,0,1600,1600_PT0_SX220_V1___.jpg\"><img decoding=\"async\" alt=\"Philips Monitors\" src=\"https:\/\/m.media-amazon.com\/images\/S\/aplus-media-library-service-media\/134772ef-4281-46fa-b33a-d9a1735fd8c0.__CR0,0,1600,1600_PT0_SX220_V1___.jpg\">  <\/p>\n<p>                                                    Alto rango din\u00e1mico (HDR) para im\u00e1genes m\u00e1s vivas y coloridas                                     <\/p>\n<p class=\"a-size-small\"> El alto rango din\u00e1mico ofrece una experiencia visual dr\u00e1sticamente distinta. Con un brillo extraordinario, un contraste incomparable y un color cautivador, las im\u00e1genes cobran vida con mucho m\u00e1s brillo, conservando unos tonos oscuros m\u00e1s profundos y llenos de matices. La paleta que representa es m\u00e1s completa, con colores nuevos y ricos nunca vistos antes en un monitor, que har\u00e1n que la experiencia visual atrape tus sentidos e te inspire emociones. <\/p>\n<p class=\"apm-text-center\">\n                                                      <img decoding=\"async\" alt=\"Philips Monitors\" src=\"https:\/\/images-na.ssl-images-amazon.com\/images\/G\/01\/x-locale\/common\/grey-pixel.gif\" class=\"a-lazy-loaded\" data-src=\"https:\/\/m.media-amazon.com\/images\/S\/aplus-media-library-service-media\/00d2aeca-c20d-4c27-be7d-647dd87a22a2.__CR0,0,1600,1600_PT0_SX220_V1___.jpg\"><img decoding=\"async\" alt=\"Philips Monitors\" src=\"https:\/\/m.media-amazon.com\/images\/S\/aplus-media-library-service-media\/00d2aeca-c20d-4c27-be7d-647dd87a22a2.__CR0,0,1600,1600_PT0_SX220_V1___.jpg\">  <\/p>\n<p>                                                    Conecta tu ordenador port\u00e1til con un cable USB-C                                     <\/p>\n<p class=\"a-size-small\"> Esta pantalla de Philips dispone de un conector USB tipo C con suministro de energ\u00eda. Con una gesti\u00f3n de energ\u00eda inteligente y flexible, ahora puedes cargar tu dispositivo compatible directamente. Su conector USB-C compacto y reversible ofrece una sencilla conexi\u00f3n con un solo cable. Puedes ver v\u00eddeos de resoluci\u00f3n y transferir datos a una velocidad incre\u00edble, mientras enciendes y cargas el dispositivo compatible al mismo tiempo. <\/p>\n<p class=\"apm-text-center\">\n                                                      <img decoding=\"async\" alt=\"Philips Monitors\" src=\"https:\/\/images-na.ssl-images-amazon.com\/images\/G\/01\/x-locale\/common\/grey-pixel.gif\" class=\"a-lazy-loaded\" data-src=\"https:\/\/m.media-amazon.com\/images\/S\/aplus-media-library-service-media\/d9d9d7f5-2fe0-47f3-b84e-fd2930e07f2d.__CR0,0,1600,1600_PT0_SX220_V1___.jpg\"><img decoding=\"async\" alt=\"Philips Monitors\" src=\"https:\/\/m.media-amazon.com\/images\/S\/aplus-media-library-service-media\/d9d9d7f5-2fe0-47f3-b84e-fd2930e07f2d.__CR0,0,1600,1600_PT0_SX220_V1___.jpg\">  <\/p>\n<p>                                                    Respuesta r\u00e1pida (MPRT) de 1 ms para una imagen n\u00edtida y juegos fluidos                                     <\/p>\n<p class=\"a-size-small\"> El tiempo de respuesta de la imagen en movimiento (MPRT) es la forma m\u00e1s intuitiva de describir el tiempo de respuesta, que hace referencia directa a la duraci\u00f3n entre la visualizaci\u00f3n de ruido de borrosidad a la de im\u00e1genes limpias y n\u00edtidas. El monitor para juegos de Philips con MPRT de 1 ms elimina de forma eficaz el movimiento de imagen y el movimiento borroso, ofreciendo un aspecto visual m\u00e1s n\u00edtido y preciso para mejorar la experiencia de juego. Es la mejor elecci\u00f3n para disfrutar de emocionantes juegos en los que prima la velocidad. <\/p>\n<p class=\"apm-text-center\">\n                                                      <img decoding=\"async\" alt=\"Philips Monitors\" src=\"https:\/\/images-na.ssl-images-amazon.com\/images\/G\/01\/x-locale\/common\/grey-pixel.gif\" class=\"a-lazy-loaded\" data-src=\"https:\/\/m.media-amazon.com\/images\/S\/aplus-media-library-service-media\/5de7240f-f9e5-4902-9bba-eb6c03cfbd3e.__CR0,0,1600,1600_PT0_SX220_V1___.jpg\"><img decoding=\"async\" alt=\"Philips Monitors\" src=\"https:\/\/m.media-amazon.com\/images\/S\/aplus-media-library-service-media\/5de7240f-f9e5-4902-9bba-eb6c03cfbd3e.__CR0,0,1600,1600_PT0_SX220_V1___.jpg\">  <\/p>\n<p>                                                    Visualizaci\u00f3n con modo LowBlue y sin parpadeo que reduce el cansancio visual                                     <\/p>\n<p class=\"a-size-small\"> Nuestro modo LowBlue y la tecnolog\u00eda sin parpadeo se han desarrollado para reducir el cansancio y la tensi\u00f3n ocular que suele ocasionar pasar muchas horas delante de un monitor. <\/p>\n<p class=\"apm-text-center\">\n                                                      <img decoding=\"async\" alt=\"Philips Monitors\" src=\"https:\/\/images-na.ssl-images-amazon.com\/images\/G\/01\/x-locale\/common\/grey-pixel.gif\" class=\"a-lazy-loaded\" data-src=\"https:\/\/m.media-amazon.com\/images\/S\/aplus-media-library-service-media\/8cce50bd-b8de-470f-a56f-e3c55c977bec.__CR0,0,1600,1600_PT0_SX220_V1___.jpg\"><img decoding=\"async\" alt=\"Philips Monitors\" src=\"https:\/\/m.media-amazon.com\/images\/S\/aplus-media-library-service-media\/8cce50bd-b8de-470f-a56f-e3c55c977bec.__CR0,0,1600,1600_PT0_SX220_V1___.jpg\">  <\/p>\n<p>                                                    Altavoces est\u00e9reo incorporados para contenido multimedia                                     <\/p>\n<p class=\"a-size-small\"> Un par de altavoces est\u00e9reo de alta calidad integrados en el dispositivo de visualizaci\u00f3n. Los altavoces son visibles cuando son de proyecci\u00f3n frontal, no cuando son de proyecci\u00f3n inferior, superior o posterior, etc., en funci\u00f3n del modelo y el dise\u00f1o. <\/p>\n<p class=\"apm-text-center\">\n                                                      <img decoding=\"async\" alt=\"Philips Monitors\" src=\"https:\/\/images-na.ssl-images-amazon.com\/images\/G\/01\/x-locale\/common\/grey-pixel.gif\" class=\"a-lazy-loaded\" data-src=\"https:\/\/m.media-amazon.com\/images\/S\/aplus-media-library-service-media\/55a0e661-270e-4972-8e43-f1f2e29b1c1f.__CR0,0,1600,1600_PT0_SX220_V1___.jpg\"><img decoding=\"async\" alt=\"Philips Monitors\" src=\"https:\/\/m.media-amazon.com\/images\/S\/aplus-media-library-service-media\/55a0e661-270e-4972-8e43-f1f2e29b1c1f.__CR0,0,1600,1600_PT0_SX220_V1___.jpg\">  <\/p>\n<p>                                                    HDMI garantiza la conectividad digital universal                                     <\/p>\n<p class=\"a-size-small\"> Un dispositivo compatible con HDMI tiene todo el hardware necesario para admitir una entrada de interfaz multimedia de alta definici\u00f3n (HDMI). Un cable HDMI permite transmitir audio y v\u00eddeo digitales de alta calidad a trav\u00e9s de un solo cable desde un ordenador o desde fuentes AV (incluidos sintonizadores, reproductores de DVD, receptores de A\/V y c\u00e1maras de v\u00eddeo). <\/p>\n<p class=\"apm-text-center\">\n                                                      <img decoding=\"async\" alt=\"Philips Monitors\" src=\"https:\/\/images-na.ssl-images-amazon.com\/images\/G\/01\/x-locale\/common\/grey-pixel.gif\" class=\"a-lazy-loaded\" data-src=\"https:\/\/m.media-amazon.com\/images\/S\/aplus-media-library-service-media\/ac4e517e-9b1e-4b06-9b35-cfea2c13970e.__CR0,0,1600,1600_PT0_SX220_V1___.jpg\"><img decoding=\"async\" alt=\"Philips Monitors\" src=\"https:\/\/m.media-amazon.com\/images\/S\/aplus-media-library-service-media\/ac4e517e-9b1e-4b06-9b35-cfea2c13970e.__CR0,0,1600,1600_PT0_SX220_V1___.jpg\">  <\/p>\n<p>                                                    Bot\u00f3n EasySelect para alternar los men\u00fas y acceder r\u00e1pidamente a los men\u00fas en pantalla                                     <\/p>\n<p class=\"a-size-small\"> El bot\u00f3n EasySelect para alternar los men\u00fas, discretamente ubicado, permite realizar ajustes r\u00e1pidos y sencillos en la configuraci\u00f3n del monitor en el men\u00fa de visualizaci\u00f3n en pantalla. <\/p>\n<p class=\"apm-text-center\">\n                                                      <img decoding=\"async\" alt=\"Philips Monitors\" src=\"https:\/\/images-na.ssl-images-amazon.com\/images\/G\/01\/x-locale\/common\/grey-pixel.gif\" class=\"a-lazy-loaded\" data-src=\"https:\/\/m.media-amazon.com\/images\/S\/aplus-media-library-service-media\/1e6446d1-d784-4239-a806-8ab3a659fd3d.__CR0,0,1600,1600_PT0_SX220_V1___.jpg\"><img decoding=\"async\" alt=\"Philips Monitors\" src=\"https:\/\/m.media-amazon.com\/images\/S\/aplus-media-library-service-media\/1e6446d1-d784-4239-a806-8ab3a659fd3d.__CR0,0,1600,1600_PT0_SX220_V1___.jpg\">  <\/p>\n<p>                                                    Modo EasyRead para una experiencia equiparable a la lectura en papel                                    <\/p>\n<p class=\"apm-text-center\">\n<p> Product Dimensions                                            \u200f                                            :                                            \u200e                                            22 x 61.7 x 48.3 cm; 8.82 kg   <br \/> Manufacturer                                            \u200f                                            :                                            \u200e                                            Philips   <br \/> ASIN                                            \u200f                                            :                                            \u200e                                            B0D5CV18VB   <br \/> Item model number                                            \u200f                                            :                                            \u200e                                            27E1N1600AM   <br \/> Country of origin                                            \u200f                                            :                                            \u200e                                            China   <br \/> Guaranteed software updates until                                            \u200f                                            :                                            \u200e                                            unknown   <br \/>  Customer reviews:                                                                                            4.4               4.4 out of 5 stars                                  (797)                                              var dpAcrHasRegisteredArcLinkClickAction;                    P.when(&#8216;A&#8217;, &#8216;ready&#8217;).execute(function(A) {                        if (dpAcrHasRegisteredArcLinkClickAction !== true) {                            dpAcrHasRegisteredArcLinkClickAction = true;                            A.declarative(                                &#8216;acrLink-click-metrics&#8217;, &#8216;click&#8217;,                                { \u00aballowLinkDefault\u00bb: true },                                function (event) {                                    if (window.ue) {                                        ue.count(\u00abacrLinkClickCount\u00bb, (ue.count(\u00abacrLinkClickCount\u00bb) || 0) + 1);                                    }                                }                            );                        }                    });                                             P.when(&#8216;A&#8217;, &#8216;cf&#8217;).execute(function(A) {                A.declarative(&#8216;acrStarsLink-click-metrics&#8217;, &#8216;click&#8217;, { \u00aballowLinkDefault\u00bb : true },  function(event){                    if(window.ue) {                        ue.count(\u00abacrStarsLinkWithPopoverClickCount\u00bb, (ue.count(\u00abacrStarsLinkWithPopoverClickCount\u00bb) || 0) + 1);                    }                });            });                          <\/p>\n<p>With a single cable (USB-C), you can watch smooth videos in high resolution, transfer data and charge your laptop.<br \/>Flicker-Free and Low Blue Light technology reduces eyestrain and improves eye comfort; Adaptive Image Sync (FreeSync) allows for uninterrupted images.<br \/>Brightness\/Contrast: 350cd\/m\u00b2, 1500:1 Connectors: 1x HDMI 1.4, 1x USB-C (65W power), 2x 3.2 USB hub, 2x 2W speakers.<br \/>IPS panel with stable viewing angle, matte desktop display with 1ms response time (MPRT), height adjustable up to 100mm, headphone output, VESA 100&#215;100 mount compatible, removable stand.<br \/>What&#8217;s in the Box: Philips 27E1N1600AM\/01 27&#8243; Monitor, Power Cable, USB-C Cable, HDMI Cable, CD with Drivers, Warranty Card<\/p>\n\n","protected":false},"excerpt":{"rendered":"<p> From the manufacturer Serie 100027&#8243; (68,6 cm)2560 x 1440 (QHD) MPRT 1 ms Concentrador USB<\/p>","protected":false},"featured_media":28198,"comment_status":"open","ping_status":"closed","template":"","meta":[],"product_brand":[],"product_cat":[53],"product_tag":[2330,2265,8235,1804,1801,1802,1805,1803,1799,1807,158,876,1806,307,544,1569,169,1611,844,7195,1808,1605,1039,1800,133,188],"class_list":{"0":"post-28197","1":"product","2":"type-product","3":"status-publish","4":"has-post-thumbnail","6":"product_cat-4k-monitors","7":"product_tag-100hz","8":"product_tag-2560x1440","9":"product_tag-27e1n1600am","10":"product_tag-32-inch-4k-monitor","11":"product_tag-3840x2160-monitor","12":"product_tag-4k-gaming-monitor","13":"product_tag-4k-hdr-monitor","14":"product_tag-4k-ips-monitor","15":"product_tag-4k-monitor","16":"product_tag-4k-monitor-price","17":"product_tag-65w","18":"product_tag-adjustable","19":"product_tag-best-4k-monitor","20":"product_tag-black","21":"product_tag-hdmi","22":"product_tag-height","23":"product_tag-hub","24":"product_tag-inches","25":"product_tag-monitor","26":"product_tag-philips","27":"product_tag-professional-4k-monitor","28":"product_tag-quad","29":"product_tag-speakers","30":"product_tag-uhd-monitor","31":"product_tag-usb","32":"product_tag-usbc","34":"first","35":"instock","36":"shipping-taxable","37":"product-type-external"},"_links":{"self":[{"href":"https:\/\/comprasyconsejos.store\/en\/wp-json\/wp\/v2\/product\/28197","targetHints":{"allow":["GET"]}}],"collection":[{"href":"https:\/\/comprasyconsejos.store\/en\/wp-json\/wp\/v2\/product"}],"about":[{"href":"https:\/\/comprasyconsejos.store\/en\/wp-json\/wp\/v2\/types\/product"}],"replies":[{"embeddable":true,"href":"https:\/\/comprasyconsejos.store\/en\/wp-json\/wp\/v2\/comments?post=28197"}],"version-history":[{"count":0,"href":"https:\/\/comprasyconsejos.store\/en\/wp-json\/wp\/v2\/product\/28197\/revisions"}],"wp:featuredmedia":[{"embeddable":true,"href":"https:\/\/comprasyconsejos.store\/en\/wp-json\/wp\/v2\/media\/28198"}],"wp:attachment":[{"href":"https:\/\/comprasyconsejos.store\/en\/wp-json\/wp\/v2\/media?parent=28197"}],"wp:term":[{"taxonomy":"product_brand","embeddable":true,"href":"https:\/\/comprasyconsejos.store\/en\/wp-json\/wp\/v2\/product_brand?post=28197"},{"taxonomy":"product_cat","embeddable":true,"href":"https:\/\/comprasyconsejos.store\/en\/wp-json\/wp\/v2\/product_cat?post=28197"},{"taxonomy":"product_tag","embeddable":true,"href":"https:\/\/comprasyconsejos.store\/en\/wp-json\/wp\/v2\/product_tag?post=28197"}],"curies":[{"name":"wp","href":"https:\/\/api.w.org\/{rel}","templated":true}]}}