{"id":28235,"date":"2026-02-21T03:22:18","date_gmt":"2026-02-21T03:22:18","guid":{"rendered":"https:\/\/comprasyconsejos.store\/product\/xiaomi-redmi-note-14-smartphone-6128gb-6-67-amoled-fhd-120hz-display-mediatek-helio-g99-ultra-108mp-camera-turbocharge-33w-5500mah-charger-not-included-green-es-version\/"},"modified":"2026-02-21T03:22:22","modified_gmt":"2026-02-21T03:22:22","slug":"xiaomi-redmi-note-14-smartphone-6128gb-6-67-amoled-fhd-120hz-display-mediatek-helio-g99-ultra-108mp-camera-turbocharge-33w-5500mah-charger-not-included-green-es-version","status":"publish","type":"product","link":"https:\/\/comprasyconsejos.store\/en\/product\/xiaomi-redmi-note-14-smartphone-6128gb-6-67-amoled-fhd-120hz-display-mediatek-helio-g99-ultra-108mp-camera-turbocharge-33w-5500mah-charger-not-included-green-es-version\/","title":{"rendered":"XIAOMI Redmi Note 14 &#8211; Smartphone 6+128GB, 6.67&#8243; AMOLED FHD+ 120Hz Display, MediaTek Helio G99-Ultra, 108MP Camera, TurboCharge 33W, 5500mAh, Charger Not Included, Green (ES Version)"},"content":{"rendered":"<p>Price: <span style=\"color:#b12704\"><del>\u20ac229.90<\/del> - \u20ac139.99<\/span><br \/><i><small>(as of Feb 21, 2026 03:22:19 UTC &#8211; <span class=\"wp_automatic_amazon_disclaimer\" title=\"Product prices and availability are accurate as of the date\/time indicated and are subject to change. Any price and availability information displayed on [relevant Amazon Site(s), as applicable] at the time of purchase will apply to the purchase of this product.\">Details<\/span>)<\/small><\/i><\/p>\n<p><a href=\"https:\/\/amazon.es\/dp\/B0DKP7QT3S?tag=man008-21\"><img decoding=\"async\" src=\"https:\/\/valvepress.s3.amazonaws.com\/imgs\/buy_now.png\"><\/a><br \/>\n<\/p>\n<p>                                             From the brand   <\/p>\n<p>                                              <img decoding=\"async\" alt=\"El texto dice \u00abImagen 3\u00bb, \u00abSerie REDMI Note 16\u00bb. Varias vistas de un smartphone de color oscuro, que muestran diferentes \u00e1ngulos del dispositivo.\" src=\"https:\/\/images-na.ssl-images-amazon.com\/images\/G\/01\/x-locale\/common\/grey-pixel.gif\" class=\"a-lazy-loaded\" data-src=\"https:\/\/m.media-amazon.com\/images\/S\/aplus-media-library-service-media\/0c545ed7-5132-44f3-be57-1ba5c4478a37.__CR0,0,1464,625_PT0_SX1464_V1___.jpg\"><img decoding=\"async\" alt=\"El texto dice \u00abImagen 3\u00bb, \u00abSerie REDMI Note 16\u00bb. Varias vistas de un smartphone de color oscuro, que muestran diferentes \u00e1ngulos del dispositivo.\" src=\"https:\/\/m.media-amazon.com\/images\/S\/aplus-media-library-service-media\/0c545ed7-5132-44f3-be57-1ba5c4478a37.__CR0,0,1464,625_PT0_SX1464_V1___.jpg\">  <\/p>\n<h3> REDMI Note 15 Series <\/h3>\n<p class=\"apm-brand-story-stores-link\">\n<p>                                              <img decoding=\"async\" alt=\"El texto dice \u00abSi\u00e9ntete como un tit\u00e1n\u00bb. Persona acostada boca abajo mirando un dispositivo m\u00f3vil en una habitaci\u00f3n con poca luz y una iluminaci\u00f3n ambiental c\u00e1lida.\" src=\"https:\/\/images-na.ssl-images-amazon.com\/images\/G\/01\/x-locale\/common\/grey-pixel.gif\" class=\"a-lazy-loaded\" data-src=\"https:\/\/m.media-amazon.com\/images\/S\/aplus-media-library-service-media\/3e5f0249-a7d0-4f88-9760-9edd1765e2e6.__CR0,0,362,453_PT0_SX362_V1___.jpg\"><img decoding=\"async\" alt=\"El texto dice \u00abSi\u00e9ntete como un tit\u00e1n\u00bb. Persona acostada boca abajo mirando un dispositivo m\u00f3vil en una habitaci\u00f3n con poca luz y una iluminaci\u00f3n ambiental c\u00e1lida.\" src=\"https:\/\/m.media-amazon.com\/images\/S\/aplus-media-library-service-media\/3e5f0249-a7d0-4f88-9760-9edd1765e2e6.__CR0,0,362,453_PT0_SX362_V1___.jpg\">  <\/p>\n<h3> POCO M8 Series <\/h3>\n<p class=\"apm-brand-story-stores-link\">\n<p>                                              <img decoding=\"async\" alt=\"El texto dice \u00abPOCO M3 Pro\u00bb y \u00abAll power\u00bb. Todos juegan. Se muestra el smartphone con un cable de carga amarillo sobre un fondo oscuro.\" src=\"https:\/\/images-na.ssl-images-amazon.com\/images\/G\/01\/x-locale\/common\/grey-pixel.gif\" class=\"a-lazy-loaded\" data-src=\"https:\/\/m.media-amazon.com\/images\/S\/aplus-media-library-service-media\/a1fbf0a3-e2bb-4cf3-9ca3-387ed456bb3b.__CR0,0,362,453_PT0_SX362_V1___.jpg\"><img decoding=\"async\" alt=\"El texto dice \u00abPOCO M3 Pro\u00bb y \u00abAll power\u00bb. Todos juegan. Se muestra el smartphone con un cable de carga amarillo sobre un fondo oscuro.\" src=\"https:\/\/m.media-amazon.com\/images\/S\/aplus-media-library-service-media\/a1fbf0a3-e2bb-4cf3-9ca3-387ed456bb3b.__CR0,0,362,453_PT0_SX362_V1___.jpg\">  <\/p>\n<p>                                              <img decoding=\"async\" alt=\"\" src=\"https:\/\/images-na.ssl-images-amazon.com\/images\/G\/01\/x-locale\/common\/grey-pixel.gif\" class=\"a-lazy-loaded\" data-src=\"https:\/\/m.media-amazon.com\/images\/S\/aplus-media-library-service-media\/e15e46bd-7821-4bcc-9d4a-f899b86cc79f.__CR0,0,362,453_PT0_SX362_V1___.png\"><img decoding=\"async\" alt=\"\" src=\"https:\/\/m.media-amazon.com\/images\/S\/aplus-media-library-service-media\/e15e46bd-7821-4bcc-9d4a-f899b86cc79f.__CR0,0,362,453_PT0_SX362_V1___.png\">  <\/p>\n<h3> REDMI Pad <\/h3>\n<h3> REDMI PAD <\/h3>\n<p class=\"apm-brand-story-stores-link\">\n<p> Batteries                                            \u200f                                            :                                            \u200e                                            1 A batteries required. (included)   <br \/> Language                                            \u200f                                            :                                            \u200e                                            English   <br \/> Package Dimensions                                            \u200f                                            :                                            \u200e                                            18.1 x 9.5 x 4 cm; 390 g   <br \/> Date First Available                                            \u200f                                            :                                            \u200e                                            15 Jan. 2025   <br \/> Manufacturer                                            \u200f                                            :                                            \u200e                                            Xiaomi   <br \/> ASIN                                            \u200f                                            :                                            \u200e                                            B0DKP7QT3S   <br \/> Item model number                                            \u200f                                            :                                            \u200e                                            Note 14   <br \/> Country of origin                                            \u200f                                            :                                            \u200e                                            China   <br \/>       Best Sellers Rank:  223 in Electronics (See Top 100 in Electronics)    25 in SIM-Free &#038; Unlocked Mobile Phones      <br \/>  Customer reviews:                                                                                            4.4               4.4 out of 5 stars                                  (3,528)                                              var dpAcrHasRegisteredArcLinkClickAction;                    P.when(&#8216;A&#8217;, &#8216;ready&#8217;).execute(function(A) {                        if (dpAcrHasRegisteredArcLinkClickAction !== true) {                            dpAcrHasRegisteredArcLinkClickAction = true;                            A.declarative(                                &#8216;acrLink-click-metrics&#8217;, &#8216;click&#8217;,                                { \u00aballowLinkDefault\u00bb: true },                                function (event) {                                    if (window.ue) {                                        ue.count(\u00abacrLinkClickCount\u00bb, (ue.count(\u00abacrLinkClickCount\u00bb) || 0) + 1);                                    }                                }                            );                        }                    });                                             P.when(&#8216;A&#8217;, &#8216;cf&#8217;).execute(function(A) {                A.declarative(&#8216;acrStarsLink-click-metrics&#8217;, &#8216;click&#8217;, { \u00aballowLinkDefault\u00bb : true },  function(event){                    if(window.ue) {                        ue.count(\u00abacrStarsLinkWithPopoverClickCount\u00bb, (ue.count(\u00abacrStarsLinkWithPopoverClickCount\u00bb) || 0) + 1);                    }                });            });                          <\/p>\n<p>An unparalleled visual experience. Redmi Note 14 offers a 6.67&#8243; AMOLED display with FHD+ resolution that ensures vibrant colors and stunning details. With a refresh rate of up to 120Hz and a maximum brightness of 1,800nits, you will enjoy a fluid and clear experience even in direct sunlight<br \/>Capture the world with detail and creativity. The Redmi Note 14&#8217;s 108 MP main camera, with optical stabilization (OIS) and a 1\/42mm sensor, ensures ultra-sharp photos in any condition. Its 3x lossless zoom and Ultra-Sense Night Mode let you capture every detail even in low-light situations<br \/>Built-in AI capabilities automatically optimize shots, adjusting focus, color, and lighting to make every photo perfect. Complete the experience with a 20MP front camera, ideal for stunning selfies<br \/>Fluidity and Energy Efficiency. Equipped with the MediaTek Helio G99-Ultra processor, made in a highly energy-efficient process, the Redmi Note 14 ensures superior performance for both everyday work and occasional gaming<br \/>Energy for the whole day. With a 5,500 mAh battery, the Redmi Note 14 offers enough autonomy for the whole day, even with intensive use. Plus, the 33W TurboCharge technology allows you to quickly charge your device, ensuring you never run out of power. Whether for series marathons, long video calls or gaming, this battery is designed to accompany you through your day to day<\/p>\n\n","protected":false},"excerpt":{"rendered":"<p> From the brand REDMI Note 15 Series POCO M8 Series REDMI Pad REDMI PAD Batteries<\/p>","protected":false},"featured_media":28236,"comment_status":"open","ping_status":"closed","template":"","meta":[],"product_brand":[],"product_cat":[100],"product_tag":[5985,1634,5987,5988,1890,5983,2227,1891,1896,1893,681,152,561,639,5984,3545,5463,415,1892,1889,5462,1888,253,5677,1897,1894,1895,1588,5986,724,5338],"class_list":{"0":"post-28235","1":"product","2":"type-product","3":"status-publish","4":"has-post-thumbnail","6":"product_cat-smartphones","7":"product_tag-108mp","8":"product_tag-120hz","9":"product_tag-33w","10":"product_tag-5500mah","11":"product_tag-5g-smartphones","12":"product_tag-6128gb","13":"product_tag-amoled","14":"product_tag-android-phones","15":"product_tag-best-smartphones","16":"product_tag-budget-smartphones","17":"product_tag-camera","18":"product_tag-charger","19":"product_tag-display","20":"product_tag-fhd","21":"product_tag-g99ultra","22":"product_tag-green","23":"product_tag-helio","24":"product_tag-included","25":"product_tag-iphone-smartphones","26":"product_tag-latest-smartphones","27":"product_tag-mediatek","28":"product_tag-mobile-phones","29":"product_tag-note","30":"product_tag-redmi","31":"product_tag-smartphone","32":"product_tag-smartphone-deals","33":"product_tag-smartphone-price","34":"product_tag-smartphones","35":"product_tag-turbocharge","36":"product_tag-version","37":"product_tag-xiaomi","39":"first","40":"instock","41":"sale","42":"shipping-taxable","43":"product-type-external"},"_links":{"self":[{"href":"https:\/\/comprasyconsejos.store\/en\/wp-json\/wp\/v2\/product\/28235","targetHints":{"allow":["GET"]}}],"collection":[{"href":"https:\/\/comprasyconsejos.store\/en\/wp-json\/wp\/v2\/product"}],"about":[{"href":"https:\/\/comprasyconsejos.store\/en\/wp-json\/wp\/v2\/types\/product"}],"replies":[{"embeddable":true,"href":"https:\/\/comprasyconsejos.store\/en\/wp-json\/wp\/v2\/comments?post=28235"}],"version-history":[{"count":0,"href":"https:\/\/comprasyconsejos.store\/en\/wp-json\/wp\/v2\/product\/28235\/revisions"}],"wp:featuredmedia":[{"embeddable":true,"href":"https:\/\/comprasyconsejos.store\/en\/wp-json\/wp\/v2\/media\/28236"}],"wp:attachment":[{"href":"https:\/\/comprasyconsejos.store\/en\/wp-json\/wp\/v2\/media?parent=28235"}],"wp:term":[{"taxonomy":"product_brand","embeddable":true,"href":"https:\/\/comprasyconsejos.store\/en\/wp-json\/wp\/v2\/product_brand?post=28235"},{"taxonomy":"product_cat","embeddable":true,"href":"https:\/\/comprasyconsejos.store\/en\/wp-json\/wp\/v2\/product_cat?post=28235"},{"taxonomy":"product_tag","embeddable":true,"href":"https:\/\/comprasyconsejos.store\/en\/wp-json\/wp\/v2\/product_tag?post=28235"}],"curies":[{"name":"wp","href":"https:\/\/api.w.org\/{rel}","templated":true}]}}