{"id":28250,"date":"2026-02-21T03:29:16","date_gmt":"2026-02-21T03:29:16","guid":{"rendered":"https:\/\/comprasyconsejos.store\/product\/kingspec-512gb-sata-ssd-2-5-internal-hard-drive-ssd-3d-nand-flash-up-to-550mb-s-compatible-with-desktop-laptop-ps4\/"},"modified":"2026-02-21T03:29:20","modified_gmt":"2026-02-21T03:29:20","slug":"kingspec-512gb-sata-ssd-2-5-internal-hard-drive-ssd-3d-nand-flash-up-to-550mb-s-compatible-with-desktop-laptop-ps4","status":"publish","type":"product","link":"https:\/\/comprasyconsejos.store\/en\/product\/kingspec-512gb-sata-ssd-2-5-internal-hard-drive-ssd-3d-nand-flash-up-to-550mb-s-compatible-with-desktop-laptop-ps4\/","title":{"rendered":"Kingspec 512GB SATA SSD 2.5&#8243;, Internal Hard Drive SSD 3D NAND Flash &#8211; Up to 550MB\/s, Compatible with Desktop\/Laptop\/PS4"},"content":{"rendered":"<p>Price: <span style=\"color:#b12704\">\u20ac79.99<\/span><br \/><i><small>(as of Feb 21, 2026 03:29:16 UTC &#8211; <span class=\"wp_automatic_amazon_disclaimer\" title=\"Product prices and availability are accurate as of the date\/time indicated and are subject to change. Any price and availability information displayed on [relevant Amazon Site(s), as applicable] at the time of purchase will apply to the purchase of this product.\">Details<\/span>)<\/small><\/i><\/p>\n<p><a href=\"https:\/\/amazon.es\/dp\/B0776PXSRF?tag=man008-21\"><img decoding=\"async\" src=\"https:\/\/valvepress.s3.amazonaws.com\/imgs\/buy_now.png\"><\/a><br \/>\n<\/p>\n<p>                                             From the brand   <\/p>\n<p>                                              <img decoding=\"async\" alt=\"kingspec ssd\" src=\"https:\/\/images-na.ssl-images-amazon.com\/images\/G\/01\/x-locale\/common\/grey-pixel.gif\" class=\"a-lazy-loaded\" data-src=\"https:\/\/m.media-amazon.com\/images\/S\/aplus-media-library-service-media\/d3ffbf7e-c570-4f4b-8ad2-1208ae60b271.__CR0,0,1464,625_PT0_SX1464_V1___.jpg\"><img decoding=\"async\" alt=\"kingspec ssd\" src=\"https:\/\/m.media-amazon.com\/images\/S\/aplus-media-library-service-media\/d3ffbf7e-c570-4f4b-8ad2-1208ae60b271.__CR0,0,1464,625_PT0_SX1464_V1___.jpg\">  <\/p>\n<p>                                              <img decoding=\"async\" alt=\"\" src=\"https:\/\/images-na.ssl-images-amazon.com\/images\/G\/01\/x-locale\/common\/grey-pixel.gif\" class=\"a-lazy-loaded\" data-src=\"https:\/\/m.media-amazon.com\/images\/S\/aplus-media-library-service-media\/1db2ae91-aabc-4b11-8956-edcda08aed64.__CR0,0,315,145_PT0_SX315_V1___.png\"><img decoding=\"async\" alt=\"\" src=\"https:\/\/m.media-amazon.com\/images\/S\/aplus-media-library-service-media\/1db2ae91-aabc-4b11-8956-edcda08aed64.__CR0,0,315,145_PT0_SX315_V1___.png\">  <\/p>\n<p> KingSpec, establecida en 2007, es un actor l\u00edder dedicado al ciclo de vida integral de las soluciones de almacenamiento inform\u00e1tico. Con un fuerte enfoque en el dise\u00f1o, la investigaci\u00f3n, el desarrollo, la fabricaci\u00f3n y las ventas, KingSpec se destaca como un fabricante de primer nivel en la industria. <\/p>\n<p> L\u00edneas de producto: <\/p>\n<p> SATA SSDNVMe SSDDDR RAM <\/p>\n<p> La calidad del producto es una prioridad para KingSpec, evidente en sus certificaciones, incluidas CE, FCC, RoHS, REACH y KC. <\/p>\n<h3> KingSpec SATA iii SSD de 6 Gbps <\/h3>\n<h3> KingSpec NVMe SSD <\/h3>\n<p>                                              <img decoding=\"async\" alt=\"ssd nvme\" src=\"https:\/\/images-na.ssl-images-amazon.com\/images\/G\/01\/x-locale\/common\/grey-pixel.gif\" class=\"a-lazy-loaded\" data-src=\"https:\/\/m.media-amazon.com\/images\/S\/aplus-media-library-service-media\/0364ab9d-aa12-40b0-81bf-0a3b7b23578f.__CR0,0,362,453_PT0_SX362_V1___.jpg\"><img decoding=\"async\" alt=\"ssd nvme\" src=\"https:\/\/m.media-amazon.com\/images\/S\/aplus-media-library-service-media\/0364ab9d-aa12-40b0-81bf-0a3b7b23578f.__CR0,0,362,453_PT0_SX362_V1___.jpg\">  <\/p>\n<p> Is discontinued by manufacturer                                            \u200f                                            :                                            \u200e                                            No   <br \/> Product Dimensions                                            \u200f                                            :                                            \u200e                                            10 x 7 x 0.7 cm; 50 g   <br \/> Manufacturer                                            \u200f                                            :                                            \u200e                                            KingSpec   <br \/> ASIN                                            \u200f                                            :                                            \u200e                                            B0776PXSRF   <br \/> Item model number                                            \u200f                                            :                                            \u200e                                            P3-512   <br \/> Country of origin                                            \u200f                                            :                                            \u200e                                            China   <br \/> Guaranteed software updates until                                            \u200f                                            :                                            \u200e                                            unknown   <br \/>  Customer reviews:                                                                                            4.3               4.3 out of 5 stars                                  (1,236)                                              var dpAcrHasRegisteredArcLinkClickAction;                    P.when(&#8216;A&#8217;, &#8216;ready&#8217;).execute(function(A) {                        if (dpAcrHasRegisteredArcLinkClickAction !== true) {                            dpAcrHasRegisteredArcLinkClickAction = true;                            A.declarative(                                &#8216;acrLink-click-metrics&#8217;, &#8216;click&#8217;,                                { \u00aballowLinkDefault\u00bb: true },                                function (event) {                                    if (window.ue) {                                        ue.count(\u00abacrLinkClickCount\u00bb, (ue.count(\u00abacrLinkClickCount\u00bb) || 0) + 1);                                    }                                }                            );                        }                    });                                             P.when(&#8216;A&#8217;, &#8216;cf&#8217;).execute(function(A) {                A.declarative(&#8216;acrStarsLink-click-metrics&#8217;, &#8216;click&#8217;, { \u00aballowLinkDefault\u00bb : true },  function(event){                    if(window.ue) {                        ue.count(\u00abacrStarsLinkWithPopoverClickCount\u00bb, (ue.count(\u00abacrStarsLinkWithPopoverClickCount\u00bb) || 0) + 1);                    }                });            });                          <\/p>\n<p>\u3010High Capacity with Enhanced Reliability\u3011Kingspec SATA SSD drive uses technology not only for multiple capacities (128GB to 4TB in 2.5 inch 7mm form factor) with room for applications or as a hard drive replacement, but also reduces cell-to-cell interference to improve reliability.<br \/>\u3010Excellent Performance\u3011SSD uses SATA III 6Gb\/s interface, the maximum read speed up to 560Mb\/s and the maximum write speed up to 520Mb\/s.<br \/>\u3010Improve Efficiency with 3-Year Limited Warranty\u3011. Solid-state drives can be used to speed up gaming and accelerate efficiency for office work, video or graphic design. The SATA SSD comes with a 3-year limited warranty, so you can rely on its storage when upgrading or replacing one of your drives.<br \/>\u3010High Reliability\u3011 The 2.5 SSD is designed with no moving parts to protect against data loss if accidentally knocked or dropped. And with 1M MTBF hours (mean time to failure), up to 600 TBW (terabytes written), and multiple error correction technologies, SATA SSDs can help protect data for years to come.<br \/>\u3010Wide Compatibility\u3011Internal SD SSD compatible with Windows 10\/8.1\/8\/7, Mac OS 10.4 or above, Linux 2.6.33 or above, compatible with laptops, desktops, computers all in one.<\/p>\n\n","protected":false},"excerpt":{"rendered":"<p> From the brand KingSpec, establecida en 2007, es un actor l\u00edder dedicado al ciclo de<\/p>","protected":false},"featured_media":28251,"comment_status":"open","ping_status":"closed","template":"","meta":[],"product_brand":[],"product_cat":[81],"product_tag":[1455,536,1457,2312,1468,201,8246,795,2598,1461,794,1120,4676,1459,1644,1452,1465,1646,1463,513,1466],"class_list":{"0":"post-28250","1":"product","2":"type-product","3":"status-publish","4":"has-post-thumbnail","6":"product_cat-ssd-drive","7":"product_tag-1tb-ssd","8":"product_tag-512gb","9":"product_tag-512gb-ssd","10":"product_tag-550mbs","11":"product_tag-best-ssd","12":"product_tag-compatible","13":"product_tag-desktoplaptopps4","14":"product_tag-drive","15":"product_tag-flash","16":"product_tag-gaming-ssd","17":"product_tag-hard","18":"product_tag-internal","19":"product_tag-kingspec","20":"product_tag-m-2-ssd","21":"product_tag-nand","22":"product_tag-nvme-ssd","23":"product_tag-portable-ssd","24":"product_tag-sata","25":"product_tag-sata-ssd","26":"product_tag-ssd","27":"product_tag-ssd-price","29":"first","30":"instock","31":"shipping-taxable","32":"product-type-external"},"_links":{"self":[{"href":"https:\/\/comprasyconsejos.store\/en\/wp-json\/wp\/v2\/product\/28250","targetHints":{"allow":["GET"]}}],"collection":[{"href":"https:\/\/comprasyconsejos.store\/en\/wp-json\/wp\/v2\/product"}],"about":[{"href":"https:\/\/comprasyconsejos.store\/en\/wp-json\/wp\/v2\/types\/product"}],"replies":[{"embeddable":true,"href":"https:\/\/comprasyconsejos.store\/en\/wp-json\/wp\/v2\/comments?post=28250"}],"version-history":[{"count":0,"href":"https:\/\/comprasyconsejos.store\/en\/wp-json\/wp\/v2\/product\/28250\/revisions"}],"wp:featuredmedia":[{"embeddable":true,"href":"https:\/\/comprasyconsejos.store\/en\/wp-json\/wp\/v2\/media\/28251"}],"wp:attachment":[{"href":"https:\/\/comprasyconsejos.store\/en\/wp-json\/wp\/v2\/media?parent=28250"}],"wp:term":[{"taxonomy":"product_brand","embeddable":true,"href":"https:\/\/comprasyconsejos.store\/en\/wp-json\/wp\/v2\/product_brand?post=28250"},{"taxonomy":"product_cat","embeddable":true,"href":"https:\/\/comprasyconsejos.store\/en\/wp-json\/wp\/v2\/product_cat?post=28250"},{"taxonomy":"product_tag","embeddable":true,"href":"https:\/\/comprasyconsejos.store\/en\/wp-json\/wp\/v2\/product_tag?post=28250"}],"curies":[{"name":"wp","href":"https:\/\/api.w.org\/{rel}","templated":true}]}}