{"id":28283,"date":"2026-02-21T03:50:35","date_gmt":"2026-02-21T03:50:35","guid":{"rendered":"https:\/\/comprasyconsejos.store\/product\/gigabyte-geforce-rtx-5050-gaming-oc-8g-graphics-card-8gb-gddr6-128bit-pci-e-5-0-2632mhz-core-frequency-2-x-dp-2-x-hdmi-nvidia-dlss-4-gv-n5050gaming-oc-8gd\/"},"modified":"2026-02-21T03:50:38","modified_gmt":"2026-02-21T03:50:38","slug":"gigabyte-geforce-rtx-5050-gaming-oc-8g-graphics-card-8gb-gddr6-128bit-pci-e-5-0-2632mhz-core-frequency-2-x-dp-2-x-hdmi-nvidia-dlss-4-gv-n5050gaming-oc-8gd","status":"publish","type":"product","link":"https:\/\/comprasyconsejos.store\/en\/product\/gigabyte-geforce-rtx-5050-gaming-oc-8g-graphics-card-8gb-gddr6-128bit-pci-e-5-0-2632mhz-core-frequency-2-x-dp-2-x-hdmi-nvidia-dlss-4-gv-n5050gaming-oc-8gd\/","title":{"rendered":"GIGABYTE GeForce RTX 5050 Gaming OC 8G Graphics Card &#8211; 8GB GDDR6, 128bit, PCI-E 5.0, 2632MHz Core Frequency, 2 x DP, 2 x HDMI, NVIDIA DLSS 4, GV-N5050GAMING OC-8GD"},"content":{"rendered":"<p>Price: <span style=\"color:#b12704\">\u20ac323.91<\/span><br \/><i><small>(as of Feb 21, 2026 03:50:35 UTC &#8211; <span class=\"wp_automatic_amazon_disclaimer\" title=\"Product prices and availability are accurate as of the date\/time indicated and are subject to change. Any price and availability information displayed on [relevant Amazon Site(s), as applicable] at the time of purchase will apply to the purchase of this product.\">Details<\/span>)<\/small><\/i><\/p>\n<p><a href=\"https:\/\/amazon.es\/dp\/B0FFTR1PZZ?tag=man008-21\"><img decoding=\"async\" src=\"https:\/\/valvepress.s3.amazonaws.com\/imgs\/buy_now.png\"><\/a><br \/>\n<\/p>\n<p>                                             From the manufacturer   <\/p>\n<p>                                                  <img decoding=\"async\" alt=\"aplus content image\" src=\"https:\/\/images-na.ssl-images-amazon.com\/images\/G\/01\/x-locale\/common\/grey-pixel.gif\" class=\"a-lazy-loaded\" data-src=\"https:\/\/m.media-amazon.com\/images\/S\/aplus-media-library-service-media\/22b0d810-7cf3-438b-8478-450e648d3fa8.__CR2,0,1196,370_PT0_SX970_V1___.jpeg\"><img decoding=\"async\" alt=\"aplus content image\" src=\"https:\/\/m.media-amazon.com\/images\/S\/aplus-media-library-service-media\/22b0d810-7cf3-438b-8478-450e648d3fa8.__CR2,0,1196,370_PT0_SX970_V1___.jpeg\">  <\/p>\n<p>                                                  <img decoding=\"async\" alt=\"aplus content image\" src=\"https:\/\/images-na.ssl-images-amazon.com\/images\/G\/01\/x-locale\/common\/grey-pixel.gif\" class=\"a-lazy-loaded\" data-src=\"https:\/\/m.media-amazon.com\/images\/S\/aplus-media-library-service-media\/5798268f-68b0-43e8-974f-8fe806018295.__CR0,0,1200,1200_PT0_SX300_V1___.png\"><img decoding=\"async\" alt=\"aplus content image\" src=\"https:\/\/m.media-amazon.com\/images\/S\/aplus-media-library-service-media\/5798268f-68b0-43e8-974f-8fe806018295.__CR0,0,1200,1200_PT0_SX300_V1___.png\">  <\/p>\n<h3 class=\"a-spacing-mini\"> GeForce RTX 5050 GAMING OC 8G <\/h3>\n<p> Con memoria GDDR6 y NVIDIA DLSS 4, la tarjeta gr\u00e1fica GIGABYTE GeForce RTX 5050 GAMING OC 8G ofrece la experiencia definitiva para juegos y creaci\u00f3n. Con el sistema de refrigeraci\u00f3n WINDFORCE y placa trasera met\u00e1lica protectora, combina perfectamente potencia, funcionalidad y est\u00e9tica. <\/p>\n<p>                                                  <img decoding=\"async\" alt=\"GeForce RTX 50 Series\" src=\"https:\/\/images-na.ssl-images-amazon.com\/images\/G\/01\/x-locale\/common\/grey-pixel.gif\" class=\"a-spacing-mini a-lazy-loaded\" data-src=\"https:\/\/m.media-amazon.com\/images\/S\/aplus-media-library-service-media\/5945443d-fc4a-47b6-bdb3-238c2c2f2c6e.__CR0,0,1200,1200_PT0_SX300_V1___.jpeg\"><img decoding=\"async\" alt=\"GeForce RTX 50 Series\" src=\"https:\/\/m.media-amazon.com\/images\/S\/aplus-media-library-service-media\/5945443d-fc4a-47b6-bdb3-238c2c2f2c6e.__CR0,0,1200,1200_PT0_SX300_V1___.jpeg\">  <\/p>\n<h3 class=\"a-spacing-mini\"> GeForce RTX 50 Series <\/h3>\n<p> La serie NVIDIA GeForce RTX 50 revoluciona el juego y la creaci\u00f3n con la arquitectura Blackwell. Con n\u00facleos Tensor de quinta generaci\u00f3n para FP4 y DLSS 4, n\u00facleos de ray tracing de cuarta generaci\u00f3n para Mega Geometry, y multiprocesadores de streaming optimizados, ofrece un rendimiento de IA sin precedentes, ray tracing realista y eficiencia. Perfecto para juegos inmersivos y flujos de trabajo creativos avanzados. <\/p>\n<p class=\"apm-text-center\">\n                                                      <img decoding=\"async\" alt=\"aplus content image\" src=\"https:\/\/images-na.ssl-images-amazon.com\/images\/G\/01\/x-locale\/common\/grey-pixel.gif\" class=\"a-spacing-mini a-lazy-loaded\" data-src=\"https:\/\/m.media-amazon.com\/images\/S\/aplus-media-library-service-media\/53c6860a-537a-4848-acd9-93dd2c449ba7.__CR0,0,1200,1200_PT0_SX300_V1___.jpeg\"><img decoding=\"async\" alt=\"aplus content image\" src=\"https:\/\/m.media-amazon.com\/images\/S\/aplus-media-library-service-media\/53c6860a-537a-4848-acd9-93dd2c449ba7.__CR0,0,1200,1200_PT0_SX300_V1___.jpeg\">  <\/p>\n<p>                                                    REFRIGERACI\u00d3N WINDFORCE                                       <\/p>\n<p> Dise\u00f1ada para soportar maratones de juegos, el sistema de refrigeraci\u00f3n WINDFORCE ofrece un rendimiento t\u00e9rmico excepcional. Los ventiladores Hawk, dise\u00f1ados de manera \u00fanica, reducen la turbulencia y el ruido mientras maximizan el flujo de aire. Combinado con tecnolog\u00edas de vanguardia como el giro alterno, ventiladores activos 3D y pasta t\u00e9rmica de grado servidor, esta tarjeta garantiza un rendimiento fresco, silencioso y estable incluso durante las cargas de trabajo m\u00e1s exigentes. <\/p>\n<p class=\"apm-text-center\">\n                                                      <img decoding=\"async\" alt=\"aplus content image\" src=\"https:\/\/images-na.ssl-images-amazon.com\/images\/G\/01\/x-locale\/common\/grey-pixel.gif\" class=\"a-spacing-mini a-lazy-loaded\" data-src=\"https:\/\/m.media-amazon.com\/images\/S\/aplus-media-library-service-media\/f812db3f-d96f-4a59-9cb4-1a512b8ac5e5.__CR0,0,1200,1200_PT0_SX300_V1___.jpeg\"><img decoding=\"async\" alt=\"aplus content image\" src=\"https:\/\/m.media-amazon.com\/images\/S\/aplus-media-library-service-media\/f812db3f-d96f-4a59-9cb4-1a512b8ac5e5.__CR0,0,1200,1200_PT0_SX300_V1___.jpeg\">  <\/p>\n<p>                                                    Disipador de alta gama                                       <\/p>\n<p> No importa cu\u00e1n intensa se vuelva la jugabilidad, el disipador avanzado mantiene la GPU fresca y eficiente. Una gran placa de cobre hace contacto directo con la GPU para una transferencia de calor optimizada, mientras que los tubos de calor de cobre compuestos canalizan el calor r\u00e1pidamente. Mejorada por la innovadora configuraci\u00f3n de enfriamiento de la pantalla, la GeForce RTX 5050 GAMING OC 8G se mantiene fresca y receptiva, ya sea que est\u00e9s jugando, transmitiendo o creando contenido. <\/p>\n<p class=\"apm-text-center\">\n                                                      <img decoding=\"async\" alt=\"aplus content image\" src=\"https:\/\/images-na.ssl-images-amazon.com\/images\/G\/01\/x-locale\/common\/grey-pixel.gif\" class=\"a-spacing-mini a-lazy-loaded\" data-src=\"https:\/\/m.media-amazon.com\/images\/S\/aplus-media-library-service-media\/118b58e6-21aa-4e8e-aa3a-ea2d51f34027.__CR0,0,1200,1200_PT0_SX300_V1___.jpeg\"><img decoding=\"async\" alt=\"aplus content image\" src=\"https:\/\/m.media-amazon.com\/images\/S\/aplus-media-library-service-media\/118b58e6-21aa-4e8e-aa3a-ea2d51f34027.__CR0,0,1200,1200_PT0_SX300_V1___.jpeg\">  <\/p>\n<p>                                                    Placa Trasera: Construida para Durar                                       <\/p>\n<p> La resistente placa trasera de metal protege contra la flexi\u00f3n y mejora la refrigeraci\u00f3n al ofrecer un soporte duradero y tranquilidad durante sesiones intensas. No m\u00e1s preocupaciones por flexiones no deseadas o sobrecalentamiento. No solo proporciona una protecci\u00f3n s\u00f3lida, sino que tambi\u00e9n mejora el rendimiento de refrigeraci\u00f3n. Esta placa trasera asegura un soporte duradero, empoder\u00e1ndote para llevar tu PC al l\u00edmite con total confianza. <\/p>\n<p class=\"apm-text-center\">\n                                                      <img decoding=\"async\" alt=\"NVIDIA DLSS 4\" src=\"https:\/\/images-na.ssl-images-amazon.com\/images\/G\/01\/x-locale\/common\/grey-pixel.gif\" class=\"a-spacing-mini a-lazy-loaded\" data-src=\"https:\/\/m.media-amazon.com\/images\/S\/aplus-media-library-service-media\/3ee4656b-72f7-44fa-95b8-cdfdc733b6b8.__CR0,0,1200,1200_PT0_SX300_V1___.jpeg\"><img decoding=\"async\" alt=\"NVIDIA DLSS 4\" src=\"https:\/\/m.media-amazon.com\/images\/S\/aplus-media-library-service-media\/3ee4656b-72f7-44fa-95b8-cdfdc733b6b8.__CR0,0,1200,1200_PT0_SX300_V1___.jpeg\">  <\/p>\n<p>                                                    NVIDIA DLSS 4                                       <\/p>\n<p> El \u00faltimo avance, DLSS 4, trae nueva Generaci\u00f3n de M\u00faltiples Frames y mejora en la Reconstrucci\u00f3n de Rayos y Super Resoluci\u00f3n, impulsado por las GPU GeForce RTX de la serie 50 y los N\u00facleos Tensor de quinta generaci\u00f3n. DLSS en GeForce RTX es la mejor manera de jugar, respaldado por un superordenador de IA de NVIDIA en la nube que mejora constantemente las capacidades de juego de tu PC. <\/p>\n<p class=\"apm-text-center\">\n                                                      <img decoding=\"async\" alt=\"NVIDIA Ray Tracing\" src=\"https:\/\/images-na.ssl-images-amazon.com\/images\/G\/01\/x-locale\/common\/grey-pixel.gif\" class=\"a-spacing-mini a-lazy-loaded\" data-src=\"https:\/\/m.media-amazon.com\/images\/S\/aplus-media-library-service-media\/f29c4220-415a-406d-a229-51d6e356129b.__CR0,0,1200,1200_PT0_SX300_V1___.jpeg\"><img decoding=\"async\" alt=\"NVIDIA Ray Tracing\" src=\"https:\/\/m.media-amazon.com\/images\/S\/aplus-media-library-service-media\/f29c4220-415a-406d-a229-51d6e356129b.__CR0,0,1200,1200_PT0_SX300_V1___.jpeg\">  <\/p>\n<p>                                                    NVIDIA Ray Tracing                                       <\/p>\n<p> La arquitectura NVIDIA Blackwell desbloquea el realismo revolucionario del ray tracing completo. Experimenta visuales de calidad cinematogr\u00e1fica a una velocidad sin precedentes impulsadas por la GeForce RTX 50 Series con n\u00facleos RT de cuarta generaci\u00f3n y tecnolog\u00edas de renderizado neuronal innovadoras aceleradas con n\u00facleos Tensor de quinta generaci\u00f3n. <\/p>\n<p class=\"apm-text-center\">\n                                                      <img decoding=\"async\" alt=\"NVIDIA Reflex 2\" src=\"https:\/\/images-na.ssl-images-amazon.com\/images\/G\/01\/x-locale\/common\/grey-pixel.gif\" class=\"a-spacing-mini a-lazy-loaded\" data-src=\"https:\/\/m.media-amazon.com\/images\/S\/aplus-media-library-service-media\/03d0021a-b2c3-4c3f-9ab7-30174bbee68f.__CR0,0,1200,1200_PT0_SX300_V1___.jpeg\"><img decoding=\"async\" alt=\"NVIDIA Reflex 2\" src=\"https:\/\/m.media-amazon.com\/images\/S\/aplus-media-library-service-media\/03d0021a-b2c3-4c3f-9ab7-30174bbee68f.__CR0,0,1200,1200_PT0_SX300_V1___.jpeg\">  <\/p>\n<p>                                                    NVIDIA Reflex 2                                       <\/p>\n<p> Las tecnolog\u00edas Reflex optimizan el pipeline gr\u00e1fico para una m\u00e1xima capacidad de respuesta, proporcionando una adquisici\u00f3n de objetivos m\u00e1s r\u00e1pida, tiempos de reacci\u00f3n m\u00e1s r\u00e1pidos y una precisi\u00f3n de punter\u00eda mejorada en juegos competitivos. Reflex 2 introduce Frame Warp, que reduce a\u00fan m\u00e1s la latencia en funci\u00f3n de la \u00faltima entrada de mouse del juego. <\/p>\n<p> Batteries                                            \u200f                                            :                                            \u200e                                            1 Lithium Metal batteries required. (included)   <br \/> Language                                            \u200f                                            :                                            \u200e                                            Dutch   <br \/> Product Dimensions                                            \u200f                                            :                                            \u200e                                            28 x 11.7 x 0.1 cm; 710 g   <br \/> Manufacturer                                            \u200f                                            :                                            \u200e                                            Gigabyte   <br \/> ASIN                                            \u200f                                            :                                            \u200e                                            B0FFTR1PZZ   <br \/> Item model number                                            \u200f                                            :                                            \u200e                                            GV-N5050GAMING OC-8GD   <br \/> Guaranteed software updates until                                            \u200f                                            :                                            \u200e                                            unknown   <br \/>  Customer reviews:                                                                                            4.4               4.4 out of 5 stars                                  (14)                                              var dpAcrHasRegisteredArcLinkClickAction;                    P.when(&#8216;A&#8217;, &#8216;ready&#8217;).execute(function(A) {                        if (dpAcrHasRegisteredArcLinkClickAction !== true) {                            dpAcrHasRegisteredArcLinkClickAction = true;                            A.declarative(                                &#8216;acrLink-click-metrics&#8217;, &#8216;click&#8217;,                                { \u00aballowLinkDefault\u00bb: true },                                function (event) {                                    if (window.ue) {                                        ue.count(\u00abacrLinkClickCount\u00bb, (ue.count(\u00abacrLinkClickCount\u00bb) || 0) + 1);                                    }                                }                            );                        }                    });                                             P.when(&#8216;A&#8217;, &#8216;cf&#8217;).execute(function(A) {                A.declarative(&#8216;acrStarsLink-click-metrics&#8217;, &#8216;click&#8217;, { \u00aballowLinkDefault\u00bb : true },  function(event){                    if(window.ue) {                        ue.count(\u00abacrStarsLinkWithPopoverClickCount\u00bb, (ue.count(\u00abacrStarsLinkWithPopoverClickCount\u00bb) || 0) + 1);                    }                });            });                          <\/p>\n<p>Powered by NVIDIA Blackwell architecture and DLSS 4<br \/>Powered by GeForce RTX 5050<br \/>Integrated with 8GB GDDR6 128bit memory interface<br \/>WINDFORCE Cooling System<br \/>Reinforced Structure<\/p>\n\n","protected":false},"excerpt":{"rendered":"<p> From the manufacturer GeForce RTX 5050 GAMING OC 8G Con memoria GDDR6 y NVIDIA DLSS<\/p>","protected":false},"featured_media":28284,"comment_status":"open","ping_status":"closed","template":"","meta":[],"product_brand":[],"product_cat":[75],"product_tag":[2586,8249,622,1432,1427,1433,1420,698,2799,6095,617,1428,1435,620,1581,599,644,1425,8250,544,821,1426,6084,624,621,1429,1430,1431],"class_list":{"0":"post-28283","1":"product","2":"type-product","3":"status-publish","4":"has-post-thumbnail","6":"product_cat-graphics-cards","7":"product_tag-128bit","8":"product_tag-2632mhz","9":"product_tag-8gb","10":"product_tag-8gb-graphics-card","11":"product_tag-amd-radeon-gpu","12":"product_tag-best-gpu","13":"product_tag-card","14":"product_tag-core","15":"product_tag-dlss","16":"product_tag-frequency","17":"product_tag-gaming","18":"product_tag-gaming-graphics-card","19":"product_tag-gddr6","20":"product_tag-geforce","21":"product_tag-gigabyte","22":"product_tag-gpu","23":"product_tag-graphics","24":"product_tag-graphics-card","25":"product_tag-gvn5050gaming","26":"product_tag-hdmi","27":"product_tag-nvidia","28":"product_tag-nvidia-rtx-graphics-card","29":"product_tag-oc8gd","30":"product_tag-pcie","31":"product_tag-rtx","32":"product_tag-rtx-4060","33":"product_tag-rtx-4070","34":"product_tag-rtx-4080","36":"first","37":"instock","38":"shipping-taxable","39":"product-type-external"},"_links":{"self":[{"href":"https:\/\/comprasyconsejos.store\/en\/wp-json\/wp\/v2\/product\/28283","targetHints":{"allow":["GET"]}}],"collection":[{"href":"https:\/\/comprasyconsejos.store\/en\/wp-json\/wp\/v2\/product"}],"about":[{"href":"https:\/\/comprasyconsejos.store\/en\/wp-json\/wp\/v2\/types\/product"}],"replies":[{"embeddable":true,"href":"https:\/\/comprasyconsejos.store\/en\/wp-json\/wp\/v2\/comments?post=28283"}],"version-history":[{"count":0,"href":"https:\/\/comprasyconsejos.store\/en\/wp-json\/wp\/v2\/product\/28283\/revisions"}],"wp:featuredmedia":[{"embeddable":true,"href":"https:\/\/comprasyconsejos.store\/en\/wp-json\/wp\/v2\/media\/28284"}],"wp:attachment":[{"href":"https:\/\/comprasyconsejos.store\/en\/wp-json\/wp\/v2\/media?parent=28283"}],"wp:term":[{"taxonomy":"product_brand","embeddable":true,"href":"https:\/\/comprasyconsejos.store\/en\/wp-json\/wp\/v2\/product_brand?post=28283"},{"taxonomy":"product_cat","embeddable":true,"href":"https:\/\/comprasyconsejos.store\/en\/wp-json\/wp\/v2\/product_cat?post=28283"},{"taxonomy":"product_tag","embeddable":true,"href":"https:\/\/comprasyconsejos.store\/en\/wp-json\/wp\/v2\/product_tag?post=28283"}],"curies":[{"name":"wp","href":"https:\/\/api.w.org\/{rel}","templated":true}]}}