{"id":28288,"date":"2026-02-21T03:52:21","date_gmt":"2026-02-21T03:52:21","guid":{"rendered":"https:\/\/comprasyconsejos.store\/product\/fimei-food-processor-1300w-3-speeds-and-pulse-function-3-5l-chopper-1-5l-blender-grinder-citrus-juicer-dough-kneader-grater-rotary-disc\/"},"modified":"2026-02-21T03:52:28","modified_gmt":"2026-02-21T03:52:28","slug":"fimei-food-processor-1300w-3-speeds-and-pulse-function-3-5l-chopper-1-5l-blender-grinder-citrus-juicer-dough-kneader-grater-rotary-disc","status":"publish","type":"product","link":"https:\/\/comprasyconsejos.store\/en\/product\/fimei-food-processor-1300w-3-speeds-and-pulse-function-3-5l-chopper-1-5l-blender-grinder-citrus-juicer-dough-kneader-grater-rotary-disc\/","title":{"rendered":"FIMEI Food Processor 1300W, 3 Speeds and Pulse Function, 3.5L Chopper, 1.5L Blender, Grinder, Citrus Juicer, Dough Kneader, Grater, Rotary Disc"},"content":{"rendered":"<p>Price: <span style=\"color:#b12704\"><del>\u20ac129.99<\/del> - \u20ac123.49<\/span><br \/><i><small>(as of Feb 21, 2026 03:52:22 UTC &#8211; <span class=\"wp_automatic_amazon_disclaimer\" title=\"Product prices and availability are accurate as of the date\/time indicated and are subject to change. Any price and availability information displayed on [relevant Amazon Site(s), as applicable] at the time of purchase will apply to the purchase of this product.\">Details<\/span>)<\/small><\/i><\/p>\n<p><a href=\"https:\/\/amazon.es\/dp\/B0DMZVBDV1?tag=man008-21\"><img decoding=\"async\" src=\"https:\/\/valvepress.s3.amazonaws.com\/imgs\/buy_now.png\"><\/a><br \/>\n<\/p>\n<p>                                             Product Description   <\/p>\n<p>                                                                             <img decoding=\"async\" alt=\"aplus content image\" src=\"https:\/\/images-na.ssl-images-amazon.com\/images\/G\/01\/x-locale\/common\/grey-pixel.gif\" class=\"a-spacing-base a-lazy-loaded\" data-src=\"https:\/\/m.media-amazon.com\/images\/S\/aplus-media-library-service-media\/7b18ec06-ea05-4d4a-ab93-07a7e3760b67.__CR0,0,970,600_PT0_SX970_V1___.jpg\"><img decoding=\"async\" alt=\"aplus content image\" src=\"https:\/\/m.media-amazon.com\/images\/S\/aplus-media-library-service-media\/7b18ec06-ea05-4d4a-ab93-07a7e3760b67.__CR0,0,970,600_PT0_SX970_V1___.jpg\">                                                                     <\/p>\n<p class=\"a-spacing-base\"> FIMEI procesador de alimentos presenta un dise\u00f1o de triple bloqueo para garantizar los m\u00e1s altos est\u00e1ndares de seguridad durante el uso. <\/p>\n<p class=\"a-spacing-base\"> El sistema de triple bloqueo incluye un bloqueo de empuje, un bloqueo del recipiente y un bloqueo el\u00e9ctrico, que en conjunto garantizan que la m\u00e1quina solo funcione cuando todas sus piezas est\u00e1n correctamente instaladas y aseguradas. <\/p>\n<p class=\"a-spacing-base\"> El bloqueo de la varilla de empuje ayuda a minimizar el contacto con la m\u00e1quina de procesamiento en funcionamiento. El bloqueo del recipiente asegura de forma segura el recipiente de procesamiento a la m\u00e1quina, evitando el movimiento durante el uso. La cerradura el\u00e9ctrica garantiza que la m\u00e1quina no arrancar\u00e1 hasta que todas las cerraduras est\u00e9n activadas correctamente. <\/p>\n<p class=\"a-spacing-base\"> Este dise\u00f1o de bloqueo de seguridad triple mejora en gran medida la seguridad de la m\u00e1quina, brindando a los usuarios tranquilidad al procesar diversos ingredientes. <\/p>\n<p>                                                          <img decoding=\"async\" alt=\"El sistema de procesador de alimentos de cocina se muestra desde varios \u00e1ngulos, incluida la unidad principal, varios accesorios y tazones de procesamiento. Parece ser de acero inoxidable y de color negro.\" src=\"https:\/\/images-na.ssl-images-amazon.com\/images\/G\/01\/x-locale\/common\/grey-pixel.gif\" class=\"a-spacing-mini a-lazy-loaded\" data-src=\"https:\/\/m.media-amazon.com\/images\/S\/aplus-media-library-service-media\/2b1f70da-aaea-4304-9af0-2c7ea7cbf0fb.__CR0,50,300,300_PT0_SX300_V1___.jpg\"><img decoding=\"async\" alt=\"El sistema de procesador de alimentos de cocina se muestra desde varios \u00e1ngulos, incluida la unidad principal, varios accesorios y tazones de procesamiento. Parece ser de acero inoxidable y de color negro.\" src=\"https:\/\/m.media-amazon.com\/images\/S\/aplus-media-library-service-media\/2b1f70da-aaea-4304-9af0-2c7ea7cbf0fb.__CR0,50,300,300_PT0_SX300_V1___.jpg\">  <\/p>\n<p>                                                                                                                                      Qu\u00e9 puedes conseguir con este procesador de alimentos                                   <\/p>\n<p class=\"a-spacing-small a-size-small\"> 1 m\u00e1quina principal <\/p>\n<p class=\"a-spacing-small a-size-small\"> 1 bol de 3,5 litros <\/p>\n<p class=\"a-spacing-small a-size-small\"> 3 discos <\/p>\n<p class=\"a-spacing-small a-size-small\"> 1 batidora de 1,5 litros. <\/p>\n<p class=\"a-spacing-small a-size-small\"> 1 esp\u00e1tula <\/p>\n<p class=\"a-spacing-small a-size-small\"> 1 batidor <\/p>\n<p class=\"a-spacing-small a-size-small\"> 1 tarro para molinillo. <\/p>\n<p class=\"a-spacing-small a-size-small\"> 1 exprimidor Criturs. <\/p>\n<p class=\"a-spacing-small a-size-small\"> 1 cuchilla de corte y 1 cuchilla para amasar <\/p>\n<p class=\"a-spacing-small a-size-small\"> 1 manual <\/p>\n<p>                                                        Caracter\u00edsticas:                                                                        <\/p>\n<p class=\"a-spacing-base\">\n<p>Potente motor de cobre puro de 1300WControl de 3 velocidades y funci\u00f3n de pulso.Picadora de 3,5 L (CAPACIDAD DE TRABAJO DE 2,4 L), batidora de 1,5 L4 ventosas en la parte inferior para mayor estabilidadMaterial de alta calidad y libre de BPAProductopeso: 4,83 kgTama\u00f1o del producto (largo x ancho x alto): 23 x 26 x 44 cm \/ 9,06 x 10,27 x 17,32 pulgadas                                                                        <\/p>\n<p class=\"apm-text-center\">\n                                                      <img decoding=\"async\" alt=\"Ilustraci\u00f3n recortada de un dispositivo electr\u00f3nico cil\u00edndrico con componentes internos visibles, que muestra bobinas, piezas met\u00e1licas y elementos brillantes en azul y\" src=\"https:\/\/images-na.ssl-images-amazon.com\/images\/G\/01\/x-locale\/common\/grey-pixel.gif\" class=\"a-spacing-mini a-lazy-loaded\" data-src=\"https:\/\/m.media-amazon.com\/images\/S\/aplus-media-library-service-media\/eaaad6c3-92a9-4144-90ca-fa8acc475018.__CR0,0,300,300_PT0_SX300_V1___.jpg\"><img decoding=\"async\" alt=\"Ilustraci\u00f3n recortada de un dispositivo electr\u00f3nico cil\u00edndrico con componentes internos visibles, que muestra bobinas, piezas met\u00e1licas y elementos brillantes en azul y\" src=\"https:\/\/m.media-amazon.com\/images\/S\/aplus-media-library-service-media\/eaaad6c3-92a9-4144-90ca-fa8acc475018.__CR0,0,300,300_PT0_SX300_V1___.jpg\">  <\/p>\n<p>                                                    Potente motor de 1300W                                       <\/p>\n<p> El procesador de alimentos FIMEI ofrece una potencia nominal de 1300 vatios, que destaca de los modelos habituales de 1300 vatios disponibles en el mercado. Una mayor potencia se traduce en un rendimiento m\u00e1s s\u00f3lido y eficiente en las tareas de procesamiento de alimentos. Ya sea picar, mezclar o moler, esta m\u00e1quina puede hacerlo f\u00e1cil y r\u00e1pidamente. <\/p>\n<p class=\"apm-text-center\">\n                                                      <img decoding=\"async\" alt=\"Primer plano de una esquina negra de un dispositivo electr\u00f3nico, que muestra bordes curvos, un bot\u00f3n o sensor circular y detalles de la superficie texturizada\" src=\"https:\/\/images-na.ssl-images-amazon.com\/images\/G\/01\/x-locale\/common\/grey-pixel.gif\" class=\"a-spacing-mini a-lazy-loaded\" data-src=\"https:\/\/m.media-amazon.com\/images\/S\/aplus-media-library-service-media\/52b77c96-9300-4d11-9a7a-64fc5e8f92d6.__CR0,0,300,300_PT0_SX300_V1___.jpg\"><img decoding=\"async\" alt=\"Primer plano de una esquina negra de un dispositivo electr\u00f3nico, que muestra bordes curvos, un bot\u00f3n o sensor circular y detalles de la superficie texturizada\" src=\"https:\/\/m.media-amazon.com\/images\/S\/aplus-media-library-service-media\/52b77c96-9300-4d11-9a7a-64fc5e8f92d6.__CR0,0,300,300_PT0_SX300_V1___.jpg\">  <\/p>\n<p>                                                    con 4 ventosas                                       <\/p>\n<p> La parte inferior del procesador de alimentos FIMEI est\u00e1 equipada con cuatro ventosas. Estas ventosas pueden adherirse firmemente a superficies lisas, estabilizando toda la m\u00e1quina. Este m\u00e9todo de fijaci\u00f3n reduce eficazmente la vibraci\u00f3n y el movimiento de la m\u00e1quina durante el procesamiento de alimentos, lo que garantiza una experiencia de procesamiento fluida y segura. <\/p>\n<p class=\"apm-text-center\">\n                                                      <img decoding=\"async\" alt=\"abierto que presenta un sistema de estantes de tres niveles. Rejilla superior para vasos, central para platos, inferior para art\u00edculos grandes. Interior y puerta de acero inoxidable.\" src=\"https:\/\/images-na.ssl-images-amazon.com\/images\/G\/01\/x-locale\/common\/grey-pixel.gif\" class=\"a-spacing-mini a-lazy-loaded\" data-src=\"https:\/\/m.media-amazon.com\/images\/S\/aplus-media-library-service-media\/ae0cbd35-564a-4cd4-a467-748341736072.__CR0,0,300,300_PT0_SX300_V1___.jpg\"><img decoding=\"async\" alt=\"abierto que presenta un sistema de estantes de tres niveles. Rejilla superior para vasos, central para platos, inferior para art\u00edculos grandes. Interior y puerta de acero inoxidable.\" src=\"https:\/\/m.media-amazon.com\/images\/S\/aplus-media-library-service-media\/ae0cbd35-564a-4cd4-a467-748341736072.__CR0,0,300,300_PT0_SX300_V1___.jpg\">  <\/p>\n<p>                                                    Lava-vajillas                                       <\/p>\n<p> El host (incluido el motor) y la base de la licuadora no son aptos para lavavajillas. Sin embargo, los dem\u00e1s accesorios s\u00ed se pueden lavar en el lavavajillas, siempre que la temperatura no supere los 60 \u00b0C. <\/p>\n<p>                                                                             <img decoding=\"async\" alt=\"Seis paneles verticales que muestran los pasos de preparaci\u00f3n de los alimentos con ingredientes que incluyen masa, verduras y guarniciones sobre fondos texturizados.\" src=\"https:\/\/images-na.ssl-images-amazon.com\/images\/G\/01\/x-locale\/common\/grey-pixel.gif\" class=\"a-spacing-base a-lazy-loaded\" data-src=\"https:\/\/m.media-amazon.com\/images\/S\/aplus-media-library-service-media\/ec19cc84-f3e0-4c61-951e-88cebc0435c4.__CR0,0,970,600_PT0_SX970_V1___.jpg\"><img decoding=\"async\" alt=\"Seis paneles verticales que muestran los pasos de preparaci\u00f3n de los alimentos con ingredientes que incluyen masa, verduras y guarniciones sobre fondos texturizados.\" src=\"https:\/\/m.media-amazon.com\/images\/S\/aplus-media-library-service-media\/ec19cc84-f3e0-4c61-951e-88cebc0435c4.__CR0,0,970,600_PT0_SX970_V1___.jpg\">                                                                    <\/p>\n<p>                                                                             <img decoding=\"async\" alt=\"El texto dice \u00abBLOQUEO DEL EMPUJADOR\u00bb, \u00abTOLVA DE ALIMENTACI\u00d3N GRANDE\u00bb, \u00abTOLVA DE ALIMENTACI\u00d3N PEQUE\u00d1A\u00bb. Manual de instrucciones en espa\u00f1ol que muestra cuatro pasos para ajustar la tolva del molinillo de caf\u00e9 con las manos que muestran cada paso.\" src=\"https:\/\/images-na.ssl-images-amazon.com\/images\/G\/01\/x-locale\/common\/grey-pixel.gif\" class=\"a-spacing-base a-lazy-loaded\" data-src=\"https:\/\/m.media-amazon.com\/images\/S\/aplus-media-library-service-media\/b2410022-442b-4769-b455-19044d8ee95c.__CR0,0,970,600_PT0_SX970_V1___.jpg\"><img decoding=\"async\" alt=\"El texto dice \u00abBLOQUEO DEL EMPUJADOR\u00bb, \u00abTOLVA DE ALIMENTACI\u00d3N GRANDE\u00bb, \u00abTOLVA DE ALIMENTACI\u00d3N PEQUE\u00d1A\u00bb. Manual de instrucciones en espa\u00f1ol que muestra cuatro pasos para ajustar la tolva del molinillo de caf\u00e9 con las manos que muestran cada paso.\" src=\"https:\/\/m.media-amazon.com\/images\/S\/aplus-media-library-service-media\/b2410022-442b-4769-b455-19044d8ee95c.__CR0,0,970,600_PT0_SX970_V1___.jpg\">                                                                    <\/p>\n<p>                                                                             <img decoding=\"async\" alt=\"El texto dice \u00ab\u00bfQU\u00c9 HAY EN LA CAJA?\u00bb Diagrama que muestra las partes de un sistema de batidora con etiquetas en espa\u00f1ol, incluidos el recipiente, las cuchillas y varios accesorios, en estilo de ilustraci\u00f3n t\u00e9cnica en blanco y negro.\" src=\"https:\/\/images-na.ssl-images-amazon.com\/images\/G\/01\/x-locale\/common\/grey-pixel.gif\" class=\"a-spacing-base a-lazy-loaded\" data-src=\"https:\/\/m.media-amazon.com\/images\/S\/aplus-media-library-service-media\/43f10c36-50bf-4f2c-96ae-40345e827e3c.__CR0,0,970,600_PT0_SX970_V1___.jpg\"><img decoding=\"async\" alt=\"El texto dice \u00ab\u00bfQU\u00c9 HAY EN LA CAJA?\u00bb Diagrama que muestra las partes de un sistema de batidora con etiquetas en espa\u00f1ol, incluidos el recipiente, las cuchillas y varios accesorios, en estilo de ilustraci\u00f3n t\u00e9cnica en blanco y negro.\" src=\"https:\/\/m.media-amazon.com\/images\/S\/aplus-media-library-service-media\/43f10c36-50bf-4f2c-96ae-40345e827e3c.__CR0,0,970,600_PT0_SX970_V1___.jpg\">                                                                    <\/p>\n<p>                                                                             <img decoding=\"async\" alt=\"El texto dice \u00abBLOQUEO DEL EMPUTADOR\u00bb. Diagrama instructivo de cuatro paneles que muestra el proceso paso a paso para operar un equipo con texto en espa\u00f1ol e ilustraciones a mano.\" src=\"https:\/\/images-na.ssl-images-amazon.com\/images\/G\/01\/x-locale\/common\/grey-pixel.gif\" class=\"a-spacing-base a-lazy-loaded\" data-src=\"https:\/\/m.media-amazon.com\/images\/S\/aplus-media-library-service-media\/90feeb73-c5fd-4c10-a66d-d420f9fe6bcc.__CR0,0,970,600_PT0_SX970_V1___.jpg\"><img decoding=\"async\" alt=\"El texto dice \u00abBLOQUEO DEL EMPUTADOR\u00bb. Diagrama instructivo de cuatro paneles que muestra el proceso paso a paso para operar un equipo con texto en espa\u00f1ol e ilustraciones a mano.\" src=\"https:\/\/m.media-amazon.com\/images\/S\/aplus-media-library-service-media\/90feeb73-c5fd-4c10-a66d-d420f9fe6bcc.__CR0,0,970,600_PT0_SX970_V1___.jpg\">                                         <\/p>\n<h3 class=\"a-spacing-mini\"> Si tiene alguna duda, por favor p\u00f3ngase en contacto con nosotros <\/h3>\n<p class=\"a-spacing-base\">\n<p>1. \u00bfQu\u00e9 hacer si el procesador de alimentos no funciona la primera vez que lo usas?      <\/p>\n<p class=\"a-spacing-base\"> Debe verificar si el procesador de alimentos est\u00e1 instalado correctamente. Hay 3 cerraduras de seguridad a las que prestar atenci\u00f3n. Escuchar\u00e1 el \u00abclic\u00bb cuando instale correctamente el procesador de alimentos. La m\u00e1quina s\u00f3lo funcionar\u00e1 cuando las cerraduras triples est\u00e9n bloqueadas. <\/p>\n<p class=\"a-spacing-base\"> Si el procesador de alimentos a\u00fan no funciona, env\u00edanos un mensaje y te daremos una soluci\u00f3n satisfactoria. <\/p>\n<p class=\"a-spacing-base\">\n<p>2. \u00bfQu\u00e9 debo hacer despu\u00e9s de recibir las piezas da\u00f1adas o puedo comprar los accesorios si alguno est\u00e1 roto?      <\/p>\n<p class=\"a-spacing-base\"> Respuesta: Puedes enviarnos las fotos de los accesorios v\u00eda Amazon y te enviaremos nuevos accesorios. <\/p>\n<p class=\"a-spacing-base\">\n<p>3. \u00bfQu\u00e9 debo hacer despu\u00e9s de que la protecci\u00f3n contra sobrecalentamiento de la m\u00e1quina corte autom\u00e1ticamente la energ\u00eda?      <\/p>\n<p class=\"a-spacing-base\"> En primer lugar, primero debe desconectar el enchufe, este paso es muy importante. <\/p>\n<p class=\"a-spacing-base\"> Luego espere a que la m\u00e1quina se enfr\u00ede naturalmente y luego vuelva a enchufarla. <\/p>\n<p class=\"a-spacing-base\">\n<p>4. Durante los primeros usos la m\u00e1quina ol\u00eda a quemado, \u00bfes normal?      <\/p>\n<p class=\"a-spacing-base\"> Es normal. Las m\u00e1quinas de motor procesar\u00e1n aceite relacionado con el motor en la f\u00e1brica, pero despu\u00e9s del transporte, no se puede emitir ning\u00fan olor. Este olor desaparecer\u00e1 por completo despu\u00e9s de algunos usos. Puedes usarlo con confianza. <\/p>\n<p class=\"a-spacing-base\">\n<p>5. La m\u00e1quina tiene 3 velocidades. \u00bfExiste una coincidencia de velocidad recomendada?      <\/p>\n<p class=\"a-spacing-base\"> 1 velocidad: amasar la masa y el zumo de naranja <\/p>\n<p class=\"a-spacing-base\"> 2 velocidades: triturar <\/p>\n<p class=\"a-spacing-base\"> 3 velocidades: mezclar y moler <\/p>\n<p>\u3010Multifunctional Food Processor\u3011FIMEI Food Processor is your all-in-one kitchen companion, combining the functions of blender, chopper, citrus juicer, dough mixer, coffee grinder, vegetable cutter, mixer and egg whisk. This versatile appliance improves efficiency in your kitchen, saving you valuable time and effort.<br \/>\u3010Powerful 1300W Motor\u3011Powered by a robust 1300W motor, FIMEI Food Processor effortlessly handles various food preparation tasks. It features three adjustable speed levels and a pulse option for precise control, ensuring optimal results. Intuitive control panel and ergonomic buttons enhance your cooking experience.<br \/>\u3010Triple Lock Security System\u3011Designed with safety in mind, this food processor includes a triple lock safety system that meets European requirements. It only works when all three locks are properly secured, providing peace of mind for you and your family. To add ingredients during use, use the designated hopper and pusher. If the 3.5L container does not work, please check that the pusher lock is properly installed or contact us for assistance.<br \/>\u30103.5L Container with 2.4L Working Capacity\u3011Equipped with a 3.5L chopper and a 1.5L blender jar, this appliance can easily process large amounts of ingredients, being ideal for everything from finely chopped vegetables to smoothies and smooth smoothies, perfect for family meals.<br \/>\u3010Overheat Protection &#038; 2-Year Support\u3011To ensure durability, the food processor includes an overheat protection function, automatically shutting off in case of prolonged use. Always unplug it and let it cool before restarting. Enjoy added peace of mind with 2 years of support, ensuring your investment is fully covered.<\/p>\n\n","protected":false},"excerpt":{"rendered":"<p> Product Description FIMEI procesador de alimentos presenta un dise\u00f1o de triple bloqueo para garantizar los<\/p>","protected":false},"featured_media":28289,"comment_status":"open","ping_status":"closed","template":"","meta":[],"product_brand":[],"product_cat":[80],"product_tag":[8253,8252,8237,1390,1397,3205,4812,8078,1396,1901,8238,8251,1842,2630,1391,8254,2736,1392,1393,1389,8079,7378,565,2665,8255,1394,1395,2671],"class_list":{"0":"post-28288","1":"product","2":"type-product","3":"status-publish","4":"has-post-thumbnail","6":"product_cat-processors","7":"product_tag-1-5l","8":"product_tag-1300w","9":"product_tag-3-5l","10":"product_tag-amd-ryzen-processor","11":"product_tag-best-processor","12":"product_tag-blender","13":"product_tag-chopper","14":"product_tag-citrus","15":"product_tag-cpu-price","16":"product_tag-disc","17":"product_tag-dough","18":"product_tag-fimei","19":"product_tag-food","20":"product_tag-function","21":"product_tag-gaming-cpu","22":"product_tag-grater","23":"product_tag-grinder","24":"product_tag-i7-processor","25":"product_tag-i9-processor","26":"product_tag-intel-processor","27":"product_tag-juicer","28":"product_tag-kneader","29":"product_tag-processor","30":"product_tag-pulse","31":"product_tag-rotary","32":"product_tag-ryzen-7","33":"product_tag-ryzen-9","34":"product_tag-speeds","36":"first","37":"instock","38":"sale","39":"shipping-taxable","40":"product-type-external"},"_links":{"self":[{"href":"https:\/\/comprasyconsejos.store\/en\/wp-json\/wp\/v2\/product\/28288","targetHints":{"allow":["GET"]}}],"collection":[{"href":"https:\/\/comprasyconsejos.store\/en\/wp-json\/wp\/v2\/product"}],"about":[{"href":"https:\/\/comprasyconsejos.store\/en\/wp-json\/wp\/v2\/types\/product"}],"replies":[{"embeddable":true,"href":"https:\/\/comprasyconsejos.store\/en\/wp-json\/wp\/v2\/comments?post=28288"}],"version-history":[{"count":0,"href":"https:\/\/comprasyconsejos.store\/en\/wp-json\/wp\/v2\/product\/28288\/revisions"}],"wp:featuredmedia":[{"embeddable":true,"href":"https:\/\/comprasyconsejos.store\/en\/wp-json\/wp\/v2\/media\/28289"}],"wp:attachment":[{"href":"https:\/\/comprasyconsejos.store\/en\/wp-json\/wp\/v2\/media?parent=28288"}],"wp:term":[{"taxonomy":"product_brand","embeddable":true,"href":"https:\/\/comprasyconsejos.store\/en\/wp-json\/wp\/v2\/product_brand?post=28288"},{"taxonomy":"product_cat","embeddable":true,"href":"https:\/\/comprasyconsejos.store\/en\/wp-json\/wp\/v2\/product_cat?post=28288"},{"taxonomy":"product_tag","embeddable":true,"href":"https:\/\/comprasyconsejos.store\/en\/wp-json\/wp\/v2\/product_tag?post=28288"}],"curies":[{"name":"wp","href":"https:\/\/api.w.org\/{rel}","templated":true}]}}