{"id":28344,"date":"2026-02-21T04:19:26","date_gmt":"2026-02-21T04:19:26","guid":{"rendered":"https:\/\/comprasyconsejos.store\/product\/greed-basic-v2-pc-with-amd-ryzen-5-4600g-desktop-home-office-with-4-2ghz-8gb-ram-ram-256gb-ssd-dvdrw-usb3-1-wi-fi-windows-11-pro\/"},"modified":"2026-02-21T04:19:36","modified_gmt":"2026-02-21T04:19:36","slug":"greed-basic-v2-pc-with-amd-ryzen-5-4600g-desktop-home-office-with-4-2ghz-8gb-ram-ram-256gb-ssd-dvdrw-usb3-1-wi-fi-windows-11-pro","status":"publish","type":"product","link":"https:\/\/comprasyconsejos.store\/en\/product\/greed-basic-v2-pc-with-amd-ryzen-5-4600g-desktop-home-office-with-4-2ghz-8gb-ram-ram-256gb-ssd-dvdrw-usb3-1-wi-fi-windows-11-pro\/","title":{"rendered":"Greed\u00ae Basic V2 PC with AMD Ryzen 5 4600G &#8211; Desktop + Home Office with 4.2GHz, 8GB RAM\/RAM &#8211; 256GB SSD &#8211; DVD+RW &#8211; USB3.1 &#8211; Wi-Fi, Windows 11 Pro"},"content":{"rendered":"<p>Price: <span style=\"color:#b12704\">\u20ac499.90<\/span><br \/><i><small>(as of Feb 21, 2026 04:19:26 UTC &#8211; <span class=\"wp_automatic_amazon_disclaimer\" title=\"Product prices and availability are accurate as of the date\/time indicated and are subject to change. Any price and availability information displayed on [relevant Amazon Site(s), as applicable] at the time of purchase will apply to the purchase of this product.\">Details<\/span>)<\/small><\/i><\/p>\n<p><a href=\"https:\/\/amazon.es\/dp\/B0C4YS72H8?tag=man008-21\"><img decoding=\"async\" src=\"https:\/\/valvepress.s3.amazonaws.com\/imgs\/buy_now.png\"><\/a><br \/>\n<\/p>\n<p>                                             From the brand   <\/p>\n<p>                                              <img decoding=\"async\" alt=\"\" src=\"https:\/\/images-na.ssl-images-amazon.com\/images\/G\/01\/x-locale\/common\/grey-pixel.gif\" class=\"a-lazy-loaded\" data-src=\"https:\/\/m.media-amazon.com\/images\/S\/aplus-media-library-service-media\/d842d609-e788-4d13-a74f-77428335f42a.__CR0,0,1464,625_PT0_SX1464_V1___.jpg\"><img decoding=\"async\" alt=\"\" src=\"https:\/\/m.media-amazon.com\/images\/S\/aplus-media-library-service-media\/d842d609-e788-4d13-a74f-77428335f42a.__CR0,0,1464,625_PT0_SX1464_V1___.jpg\">  <\/p>\n<h3> GREED &#8211; Sistemas de PC Premium <\/h3>\n<p> Ya sea para la oficina o para jugar, en GREED encontrar\u00e1 su nuevo producto favorito. <\/p>\n<p>                                              <img decoding=\"async\" alt=\"\" src=\"https:\/\/images-na.ssl-images-amazon.com\/images\/G\/01\/x-locale\/common\/grey-pixel.gif\" class=\"a-lazy-loaded\" data-src=\"https:\/\/m.media-amazon.com\/images\/S\/aplus-media-library-service-media\/1e4799a3-52bb-4f27-bbfd-5a940a88d479.__CR0,0,362,453_PT0_SX362_V1___.jpg\"><img decoding=\"async\" alt=\"\" src=\"https:\/\/m.media-amazon.com\/images\/S\/aplus-media-library-service-media\/1e4799a3-52bb-4f27-bbfd-5a940a88d479.__CR0,0,362,453_PT0_SX362_V1___.jpg\">  <\/p>\n<h3> GREED | MK2 Gaming PC <\/h3>\n<p> Nuestro sistema de juego MK2 es ideal tanto para los juegos de competici\u00f3n como para los reci\u00e9n llegados a los juegos de PC. <\/p>\n<p>                                              <img decoding=\"async\" alt=\"\" src=\"https:\/\/images-na.ssl-images-amazon.com\/images\/G\/01\/x-locale\/common\/grey-pixel.gif\" class=\"a-lazy-loaded\" data-src=\"https:\/\/m.media-amazon.com\/images\/S\/aplus-media-library-service-media\/bb844385-53d6-4f95-ae25-a95087b757aa.__CR0,0,362,453_PT0_SX362_V1___.jpg\"><img decoding=\"async\" alt=\"\" src=\"https:\/\/m.media-amazon.com\/images\/S\/aplus-media-library-service-media\/bb844385-53d6-4f95-ae25-a95087b757aa.__CR0,0,362,453_PT0_SX362_V1___.jpg\">  <\/p>\n<h3> GREED | Office Systeme <\/h3>\n<p> El empleado m\u00e1s r\u00e1pido en cualquier oficina. Fiables, potentes y silenciosos, benef\u00edciese ahora de nuestros sistemas de oficina. <\/p>\n<p>                                              <img decoding=\"async\" alt=\"\" src=\"https:\/\/images-na.ssl-images-amazon.com\/images\/G\/01\/x-locale\/common\/grey-pixel.gif\" class=\"a-lazy-loaded\" data-src=\"https:\/\/m.media-amazon.com\/images\/S\/aplus-media-library-service-media\/0e5f9800-0b4d-4c5d-9a20-bd9bb668d392.__CR0,0,362,453_PT0_SX362_V1___.jpg\"><img decoding=\"async\" alt=\"\" src=\"https:\/\/m.media-amazon.com\/images\/S\/aplus-media-library-service-media\/0e5f9800-0b4d-4c5d-9a20-bd9bb668d392.__CR0,0,362,453_PT0_SX362_V1___.jpg\">  <\/p>\n<h3> Greed MK5 | GAMING PC <\/h3>\n<p> Los ordenadores para juegos MK5 est\u00e1n optimizados para juegos de alta resoluci\u00f3n y cuentan con los componentes m\u00e1s modernos. <\/p>\n<p> Product Dimensions                                            \u200f                                            :                                            \u200e                                            41.5 x 19.5 x 43.8 cm; 7 kg   <br \/> Manufacturer                                            \u200f                                            :                                            \u200e                                            LS ecom O\u00dc, Poldheina tee 13-3, Haabneeme alevik, Viimsi vald, Harju maakond, 74001 Estland   <br \/> ASIN                                            \u200f                                            :                                            \u200e                                            B0C4YS72H8   <br \/> Item model number                                            \u200f                                            :                                            \u200e                                            AMD BV2F   <br \/> Country of origin                                            \u200f                                            :                                            \u200e                                            Austria   <br \/> Guaranteed software updates until                                            \u200f                                            :                                            \u200e                                            unknown   <br \/>  Customer reviews:                                                                                            3.9               3.9 out of 5 stars                                  (1,083)                                              var dpAcrHasRegisteredArcLinkClickAction;                    P.when(&#8216;A&#8217;, &#8216;ready&#8217;).execute(function(A) {                        if (dpAcrHasRegisteredArcLinkClickAction !== true) {                            dpAcrHasRegisteredArcLinkClickAction = true;                            A.declarative(                                &#8216;acrLink-click-metrics&#8217;, &#8216;click&#8217;,                                { \u00aballowLinkDefault\u00bb: true },                                function (event) {                                    if (window.ue) {                                        ue.count(\u00abacrLinkClickCount\u00bb, (ue.count(\u00abacrLinkClickCount\u00bb) || 0) + 1);                                    }                                }                            );                        }                    });                                             P.when(&#8216;A&#8217;, &#8216;cf&#8217;).execute(function(A) {                A.declarative(&#8216;acrStarsLink-click-metrics&#8217;, &#8216;click&#8217;, { \u00aballowLinkDefault\u00bb : true },  function(event){                    if(window.ue) {                        ue.count(\u00abacrStarsLinkWithPopoverClickCount\u00bb, (ue.count(\u00abacrStarsLinkWithPopoverClickCount\u00bb) || 0) + 1);                    }                });            });                          <\/p>\n<p>Made in Austria. Thanks to our team of computer experts, we can guarantee the best possible quality. The components have undergone rigorous testing and are perfectly matched to each other. We are so convinced of the quality of our products that we offer 3 years warranty.<br \/>Turn it on and start working right away. Our computer team already installs and configures all drivers, so even computer beginners do not waste time and can start working immediately.<br \/>Perfect for everyday use. Our PC stand is equipped with Windows 11 Pro \/ WIN 11 Professional 64-bit operating system and Office package. With our built-in 256GB SSD you have plenty of room for your photos, videos and other personal data.<br \/>Quiet cooling The quiet AMD Ryz 5 8 Thread CPU and quiet power supply make working with our desktops a pleasure again. Our Allround hardware is equipped with components such as WLAN and a DVD writer, making it particularly suitable for use at home, at work, at school\/institute, in the home office\/home refrigeration, in the company, as well as for children, teenagers and students.<br \/>A ne pas confondre avec : ordinateur portable, displayport, package complet, GeForce RTX 1050, 1650, 2060, 2080, 3070, 3080, 3060, PC, desktop, set complet, configurateur, ventilateur, antivirus programme.<\/p>\n\n","protected":false},"excerpt":{"rendered":"<p> From the brand GREED &#8211; Sistemas de PC Premium Ya sea para la oficina o<\/p>","protected":false},"featured_media":28345,"comment_status":"open","ping_status":"closed","template":"","meta":[],"product_brand":[],"product_cat":[91],"product_tag":[512,1695,5709,622,530,3482,803,801,805,787,800,3990,5706,626,585,808,799,806,163,8266,807,531,802,513,8267,543,537,804],"class_list":{"0":"post-28344","1":"product","2":"type-product","3":"status-publish","4":"has-post-thumbnail","6":"product_cat-office-pcs","7":"product_tag-256gb","8":"product_tag-4-2ghz","9":"product_tag-4600g","10":"product_tag-8gb","11":"product_tag-amd","12":"product_tag-basic","13":"product_tag-budget-office-pc","14":"product_tag-business-desktop-pc","15":"product_tag-compact-desktop-pc","16":"product_tag-desktop","17":"product_tag-desktop-computer-for-office","18":"product_tag-dvdrw","19":"product_tag-greed","20":"product_tag-home","21":"product_tag-office","22":"product_tag-office-computer-setup","23":"product_tag-office-pc","24":"product_tag-office-pc-ssd","25":"product_tag-pro","26":"product_tag-ramram","27":"product_tag-reliable-office-pc","28":"product_tag-ryzen","29":"product_tag-small-office-pc","30":"product_tag-ssd","31":"product_tag-usb3-1","32":"product_tag-wifi","33":"product_tag-windows","34":"product_tag-windows-office-pc","36":"first","37":"instock","38":"shipping-taxable","39":"product-type-external"},"_links":{"self":[{"href":"https:\/\/comprasyconsejos.store\/en\/wp-json\/wp\/v2\/product\/28344","targetHints":{"allow":["GET"]}}],"collection":[{"href":"https:\/\/comprasyconsejos.store\/en\/wp-json\/wp\/v2\/product"}],"about":[{"href":"https:\/\/comprasyconsejos.store\/en\/wp-json\/wp\/v2\/types\/product"}],"replies":[{"embeddable":true,"href":"https:\/\/comprasyconsejos.store\/en\/wp-json\/wp\/v2\/comments?post=28344"}],"version-history":[{"count":0,"href":"https:\/\/comprasyconsejos.store\/en\/wp-json\/wp\/v2\/product\/28344\/revisions"}],"wp:featuredmedia":[{"embeddable":true,"href":"https:\/\/comprasyconsejos.store\/en\/wp-json\/wp\/v2\/media\/28345"}],"wp:attachment":[{"href":"https:\/\/comprasyconsejos.store\/en\/wp-json\/wp\/v2\/media?parent=28344"}],"wp:term":[{"taxonomy":"product_brand","embeddable":true,"href":"https:\/\/comprasyconsejos.store\/en\/wp-json\/wp\/v2\/product_brand?post=28344"},{"taxonomy":"product_cat","embeddable":true,"href":"https:\/\/comprasyconsejos.store\/en\/wp-json\/wp\/v2\/product_cat?post=28344"},{"taxonomy":"product_tag","embeddable":true,"href":"https:\/\/comprasyconsejos.store\/en\/wp-json\/wp\/v2\/product_tag?post=28344"}],"curies":[{"name":"wp","href":"https:\/\/api.w.org\/{rel}","templated":true}]}}