{"id":28353,"date":"2026-02-21T04:20:35","date_gmt":"2026-02-21T04:20:35","guid":{"rendered":"https:\/\/comprasyconsejos.store\/product\/logitech-g-g203-lightsync-gaming-mouse-with-customizable-rgb-lighting-6-programmable-buttons-8k-captor-for-gaming-tracking-up-to-8000-dpi-ultra-light-purple\/"},"modified":"2026-02-21T04:20:45","modified_gmt":"2026-02-21T04:20:45","slug":"logitech-g-g203-lightsync-gaming-mouse-with-customizable-rgb-lighting-6-programmable-buttons-8k-captor-for-gaming-tracking-up-to-8000-dpi-ultra-light-purple","status":"publish","type":"product","link":"https:\/\/comprasyconsejos.store\/en\/product\/logitech-g-g203-lightsync-gaming-mouse-with-customizable-rgb-lighting-6-programmable-buttons-8k-captor-for-gaming-tracking-up-to-8000-dpi-ultra-light-purple\/","title":{"rendered":"Logitech G G203 LIGHTSYNC Gaming Mouse with Customizable RGB Lighting, 6 Programmable Buttons, 8K Captor for Gaming, Tracking up to 8,000 dpi, Ultra-Light &#8211; Purple"},"content":{"rendered":"<p>Price: <span style=\"color:#b12704\"><del>\u20ac47.99<\/del> - \u20ac41.11<\/span><br \/><i><small>(as of Feb 21, 2026 04:20:35 UTC &#8211; <span class=\"wp_automatic_amazon_disclaimer\" title=\"Product prices and availability are accurate as of the date\/time indicated and are subject to change. Any price and availability information displayed on [relevant Amazon Site(s), as applicable] at the time of purchase will apply to the purchase of this product.\">Details<\/span>)<\/small><\/i><\/p>\n<p><a href=\"https:\/\/amazon.es\/dp\/B07W6GFKXS?tag=man008-21\"><img decoding=\"async\" src=\"https:\/\/valvepress.s3.amazonaws.com\/imgs\/buy_now.png\"><\/a><br \/>\n<\/p>\n<p>                                             From the manufacturer   <\/p>\n<p>                                                                                                       <img decoding=\"async\" alt=\"Rat\u00f3n de computadora sobre superficie oscura, que muestra un dise\u00f1o inal\u00e1mbrico negro simple sobre fondo gris.\" src=\"https:\/\/images-na.ssl-images-amazon.com\/images\/G\/01\/x-locale\/common\/grey-pixel.gif\" class=\"a-lazy-loaded\" data-src=\"https:\/\/m.media-amazon.com\/images\/S\/aplus-media-library-service-media\/5e8629cc-0da7-4466-b87a-a6a001e91d05.__CR0,0,1464,600_PT0_SX1464_V1___.jpg\"><img decoding=\"async\" alt=\"Rat\u00f3n de computadora sobre superficie oscura, que muestra un dise\u00f1o inal\u00e1mbrico negro simple sobre fondo gris.\" src=\"https:\/\/m.media-amazon.com\/images\/S\/aplus-media-library-service-media\/5e8629cc-0da7-4466-b87a-a6a001e91d05.__CR0,0,1464,600_PT0_SX1464_V1___.jpg\">                                                                                    PREPARADO, LISTO, \u00a1JUEGA!                                        <\/p>\n<p class=\"aplus-p2 aplus-module-2-description\"> El rat\u00f3n G203 ofrece un rendimiento \u00f3ptimo en gaming para PC. La mayor\u00eda de los videojuegos &#8211; en especial, del tipo FPS o MOBA &#8211; requieren mayor velocidad y precisi\u00f3n que la que ofrecen los ratones est\u00e1ndar. <\/p>\n<p>                                                                                                       <img decoding=\"async\" alt=\"aplus content image\" src=\"https:\/\/images-na.ssl-images-amazon.com\/images\/G\/01\/x-locale\/common\/grey-pixel.gif\" class=\"a-lazy-loaded\" data-src=\"https:\/\/m.media-amazon.com\/images\/S\/aplus-media-library-service-media\/60f19ca7-7ee6-4c9b-9267-53c0c86da38d.__CR0,0,1464,600_PT0_SX1464_V1___.jpg\"><img decoding=\"async\" alt=\"aplus content image\" src=\"https:\/\/m.media-amazon.com\/images\/S\/aplus-media-library-service-media\/60f19ca7-7ee6-4c9b-9267-53c0c86da38d.__CR0,0,1464,600_PT0_SX1464_V1___.jpg\">                                                                                    PRECISI\u00d3N Y CONTROL                                        <\/p>\n<p class=\"aplus-p2 aplus-module-2-description\"> Disfruta de un seguimiento preciso del cursor y una mayor velocidad de respuesta gracias al sensor de calidad gaming con sensibilidad ajustable de 200 a 8000 DPI. Elige el nivel adecuado seg\u00fan tus preferencias. <\/p>\n<p>                                                                                                       <img decoding=\"async\" alt=\"aplus content image\" src=\"https:\/\/images-na.ssl-images-amazon.com\/images\/G\/01\/x-locale\/common\/grey-pixel.gif\" class=\"a-lazy-loaded\" data-src=\"https:\/\/m.media-amazon.com\/images\/S\/aplus-media-library-service-media\/ef8544db-f17c-4dc2-bc47-1499e30b17f0.__CR0,0,1464,600_PT0_SX1464_V1___.jpg\"><img decoding=\"async\" alt=\"aplus content image\" src=\"https:\/\/m.media-amazon.com\/images\/S\/aplus-media-library-service-media\/ef8544db-f17c-4dc2-bc47-1499e30b17f0.__CR0,0,1464,600_PT0_SX1464_V1___.jpg\">                                                                                    CLICS PERSONALIZADOS                                        <\/p>\n<p class=\"aplus-p2 aplus-module-2-description\"> Juega a tu manera gracias a los seis botones personalizables con el software Logitech G HUB, que te permite asignar comandos del sistema, teclas de accesos directos y potentes macros, y ejecutarlos con solo pulsar un bot\u00f3n. <\/p>\n<p>                                                                                                       <img decoding=\"async\" alt=\"aplus content image\" src=\"https:\/\/images-na.ssl-images-amazon.com\/images\/G\/01\/x-locale\/common\/grey-pixel.gif\" class=\"a-lazy-loaded\" data-src=\"https:\/\/m.media-amazon.com\/images\/S\/aplus-media-library-service-media\/30a64571-fb97-4073-a979-7a666311dac0.__CR0,0,1464,600_PT0_SX1464_V1___.jpg\"><img decoding=\"async\" alt=\"aplus content image\" src=\"https:\/\/m.media-amazon.com\/images\/S\/aplus-media-library-service-media\/30a64571-fb97-4073-a979-7a666311dac0.__CR0,0,1464,600_PT0_SX1464_V1___.jpg\">                                                                                    ILUMINACI\u00d3N PERSONALIZABLE                                        <\/p>\n<p class=\"aplus-p2 aplus-module-2-description\"> El G203 est\u00e1 equipado con iluminaci\u00f3n RGB LIGHTSYNC para que personalices tu setup a tu gusto. Para sincronizar la iluminaci\u00f3n, puedes elegir entre los preajustes o entre millones de colores con el software G HUB. <\/p>\n<p>                                                                                                       <img decoding=\"async\" alt=\"aplus content image\" src=\"https:\/\/images-na.ssl-images-amazon.com\/images\/G\/01\/x-locale\/common\/grey-pixel.gif\" class=\"a-lazy-loaded\" data-src=\"https:\/\/m.media-amazon.com\/images\/S\/aplus-media-library-service-media\/19250c61-99f9-4e0b-8670-d7e551f3fd6b.__CR0,0,1464,600_PT0_SX1464_V1___.jpg\"><img decoding=\"async\" alt=\"aplus content image\" src=\"https:\/\/m.media-amazon.com\/images\/S\/aplus-media-library-service-media\/19250c61-99f9-4e0b-8670-d7e551f3fd6b.__CR0,0,1464,600_PT0_SX1464_V1___.jpg\">                                                                                    RENDIMIENTO \u00d3PTIMO                                        <\/p>\n<p class=\"aplus-p2 aplus-module-2-description\"> El rat\u00f3n G203 es compatible con el software Logitech G HUB. Personaliza el funcionamiento del rat\u00f3n, ajusta par\u00e1metros como los DPI o crea macros personalizadas para desatar el pleno potencial de tu rat\u00f3n para gaming. <\/p>\n<p>                                                                                                       <img decoding=\"async\" alt=\"aplus content image\" src=\"https:\/\/images-na.ssl-images-amazon.com\/images\/G\/01\/x-locale\/common\/grey-pixel.gif\" class=\"a-lazy-loaded\" data-src=\"https:\/\/m.media-amazon.com\/images\/S\/aplus-media-library-service-media\/6ccb69f7-1797-4458-b178-3b5856dbdfa4.__CR0,0,1464,600_PT0_SX1464_V1___.jpg\"><img decoding=\"async\" alt=\"aplus content image\" src=\"https:\/\/m.media-amazon.com\/images\/S\/aplus-media-library-service-media\/6ccb69f7-1797-4458-b178-3b5856dbdfa4.__CR0,0,1464,600_PT0_SX1464_V1___.jpg\">                                                                                    DISE\u00d1O CL\u00c1SICO                                        <\/p>\n<p class=\"aplus-p2 aplus-module-2-description\"> Juega con absoluta comodidad y control La sencilla distribuci\u00f3n de seis botones y la forma cl\u00e1sica para gaming le confieren un dise\u00f1o c\u00f3modo, apreciado y de eficacia probada. <\/p>\n<p> Batteries                                            \u200f                                            :                                            \u200e                                            1 Lithium Ion batteries required.   <br \/> Is discontinued by manufacturer                                            \u200f                                            :                                            \u200e                                            No   <br \/> Product Dimensions                                            \u200f                                            :                                            \u200e                                            11.6 x 6.21 x 3.82 cm; 85 g   <br \/> Manufacturer                                            \u200f                                            :                                            \u200e                                            Logitech   <br \/> ASIN                                            \u200f                                            :                                            \u200e                                            B07W6GFKXS   <br \/> Item model number                                            \u200f                                            :                                            \u200e                                            910-005853   <br \/> Country of origin                                            \u200f                                            :                                            \u200e                                            China   <br \/> Guaranteed software updates until                                            \u200f                                            :                                            \u200e                                            unknown   <br \/>  Customer reviews:                                                                                            4.6               4.6 out of 5 stars                                  (11,834)                                              var dpAcrHasRegisteredArcLinkClickAction;                    P.when(&#8216;A&#8217;, &#8216;ready&#8217;).execute(function(A) {                        if (dpAcrHasRegisteredArcLinkClickAction !== true) {                            dpAcrHasRegisteredArcLinkClickAction = true;                            A.declarative(                                &#8216;acrLink-click-metrics&#8217;, &#8216;click&#8217;,                                { \u00aballowLinkDefault\u00bb: true },                                function (event) {                                    if (window.ue) {                                        ue.count(\u00abacrLinkClickCount\u00bb, (ue.count(\u00abacrLinkClickCount\u00bb) || 0) + 1);                                    }                                }                            );                        }                    });                                             P.when(&#8216;A&#8217;, &#8216;cf&#8217;).execute(function(A) {                A.declarative(&#8216;acrStarsLink-click-metrics&#8217;, &#8216;click&#8217;, { \u00aballowLinkDefault\u00bb : true },  function(event){                    if(window.ue) {                        ue.count(\u00abacrStarsLinkWithPopoverClickCount\u00bb, (ue.count(\u00abacrStarsLinkWithPopoverClickCount\u00bb) || 0) + 1);                    }                });            });                          <\/p>\n<p>SENSOR FOR GAMERS: Ultra-precise tracking thanks to the 8000 DPI sensor. Toggle between the 5 configuration profiles as well as screen mapping with the G HUB, for more stable performance<br \/>LIGHTSYNC RGB: With 16.8 million colors, you&#8217;ll have the rainbow at your fingertips. Combine patterns and play with optical effects that suit all your moods<br \/>DESIGN FOR GAMERS: Its simple 6-button design offers a unique gaming experience. Comfortable and durable, it facilitates total control. In addition, it allows you to schedule tasks with configurable buttons<br \/>MECHANICAL RESISTANCE OF THE BUTTON SPRING: The mechanical buttons are supported by metal springs of the most resistant. The clicks are very accurate and offer feedback to suit you<br \/>CUSTOMIZABLE SETTINGS: Compatible with Logitech G HUB gaming software to customize your settings. Choose between 200 and 8000 DPI for accuracy and agility never seen<br \/>World&#8217;s best-selling gaming accessory brand: Based on independent aggregate sales data (Febru. 2019 February 2020) keyboards, mice and headset for gaming PC in units<\/p>\n\n","protected":false},"excerpt":{"rendered":"<p> From the manufacturer PREPARADO, LISTO, \u00a1JUEGA! El rat\u00f3n G203 ofrece un rendimiento \u00f3ptimo en gaming<\/p>","protected":false},"featured_media":28354,"comment_status":"open","ping_status":"closed","template":"","meta":[],"product_brand":[],"product_cat":[90],"product_tag":[613,771,6523,611,3959,775,8268,617,607,604,609,606,612,608,316,1759,748,767,605,961,1347,885,610,892,2520],"class_list":{"0":"post-28353","1":"product","2":"type-product","3":"status-publish","4":"has-post-thumbnail","6":"product_cat-gaming-pcs","7":"product_tag-best-gaming-pc","8":"product_tag-buttons","9":"product_tag-captor","10":"product_tag-custom-gaming-pc","11":"product_tag-customizable","12":"product_tag-dpi","13":"product_tag-g203","14":"product_tag-gaming","15":"product_tag-gaming-desktop","16":"product_tag-gaming-pc","17":"product_tag-gaming-pc-16gb-ram","18":"product_tag-gaming-pc-rtx","19":"product_tag-gaming-pc-ssd","20":"product_tag-high-end-gaming-pc","21":"product_tag-lighting","22":"product_tag-lightsync","23":"product_tag-logitech","24":"product_tag-mouse","25":"product_tag-prebuilt-gaming-pc","26":"product_tag-programmable","27":"product_tag-purple","28":"product_tag-rgb","29":"product_tag-rgb-gaming-pc","30":"product_tag-tracking","31":"product_tag-ultralight","33":"first","34":"instock","35":"sale","36":"shipping-taxable","37":"product-type-external"},"_links":{"self":[{"href":"https:\/\/comprasyconsejos.store\/en\/wp-json\/wp\/v2\/product\/28353","targetHints":{"allow":["GET"]}}],"collection":[{"href":"https:\/\/comprasyconsejos.store\/en\/wp-json\/wp\/v2\/product"}],"about":[{"href":"https:\/\/comprasyconsejos.store\/en\/wp-json\/wp\/v2\/types\/product"}],"replies":[{"embeddable":true,"href":"https:\/\/comprasyconsejos.store\/en\/wp-json\/wp\/v2\/comments?post=28353"}],"version-history":[{"count":0,"href":"https:\/\/comprasyconsejos.store\/en\/wp-json\/wp\/v2\/product\/28353\/revisions"}],"wp:featuredmedia":[{"embeddable":true,"href":"https:\/\/comprasyconsejos.store\/en\/wp-json\/wp\/v2\/media\/28354"}],"wp:attachment":[{"href":"https:\/\/comprasyconsejos.store\/en\/wp-json\/wp\/v2\/media?parent=28353"}],"wp:term":[{"taxonomy":"product_brand","embeddable":true,"href":"https:\/\/comprasyconsejos.store\/en\/wp-json\/wp\/v2\/product_brand?post=28353"},{"taxonomy":"product_cat","embeddable":true,"href":"https:\/\/comprasyconsejos.store\/en\/wp-json\/wp\/v2\/product_cat?post=28353"},{"taxonomy":"product_tag","embeddable":true,"href":"https:\/\/comprasyconsejos.store\/en\/wp-json\/wp\/v2\/product_tag?post=28353"}],"curies":[{"name":"wp","href":"https:\/\/api.w.org\/{rel}","templated":true}]}}