{"id":28397,"date":"2026-02-21T04:47:07","date_gmt":"2026-02-21T04:47:07","guid":{"rendered":"https:\/\/comprasyconsejos.store\/product\/bigmachine-windows-10-laptop-mini-10-1-inch-32gb-ultra-thin-and-lightweight-netbook-quad-core-cpu-pc-hdmi-wifi-usb-youtube-white\/"},"modified":"2026-02-21T04:47:10","modified_gmt":"2026-02-21T04:47:10","slug":"bigmachine-windows-10-laptop-mini-10-1-inch-32gb-ultra-thin-and-lightweight-netbook-quad-core-cpu-pc-hdmi-wifi-usb-youtube-white","status":"publish","type":"product","link":"https:\/\/comprasyconsejos.store\/en\/product\/bigmachine-windows-10-laptop-mini-10-1-inch-32gb-ultra-thin-and-lightweight-netbook-quad-core-cpu-pc-hdmi-wifi-usb-youtube-white\/","title":{"rendered":"Bigmachine Windows 10 Laptop Mini 10.1 Inch 32GB Ultra Thin and Lightweight Netbook Quad Core CPU PC HDMI WiFi USB Youtube (White)"},"content":{"rendered":"<p>Price: <span style=\"color:#b12704\">\u20ac228.90<\/span><br \/><i><small>(as of Feb 21, 2026 04:47:07 UTC &#8211; <span class=\"wp_automatic_amazon_disclaimer\" title=\"Product prices and availability are accurate as of the date\/time indicated and are subject to change. Any price and availability information displayed on [relevant Amazon Site(s), as applicable] at the time of purchase will apply to the purchase of this product.\">Details<\/span>)<\/small><\/i><\/p>\n<p><a href=\"https:\/\/amazon.es\/dp\/B08DL4VGP4?tag=man008-21\"><img decoding=\"async\" src=\"https:\/\/valvepress.s3.amazonaws.com\/imgs\/buy_now.png\"><\/a><br \/>\n<\/p>\n<p>                                             Product Description   <\/p>\n<p>                                                                             <img decoding=\"async\" alt=\"small laptop\" src=\"https:\/\/images-na.ssl-images-amazon.com\/images\/G\/01\/x-locale\/common\/grey-pixel.gif\" class=\"a-spacing-base a-lazy-loaded\" data-src=\"https:\/\/m.media-amazon.com\/images\/S\/aplus-media-library-service-media\/a52644f5-1700-49a8-9a99-77d4a67936c6.__CR0,0,1940,1200_PT0_SX970_V1___.jpg\"><img decoding=\"async\" alt=\"small laptop\" src=\"https:\/\/m.media-amazon.com\/images\/S\/aplus-media-library-service-media\/a52644f5-1700-49a8-9a99-77d4a67936c6.__CR0,0,1940,1200_PT0_SX970_V1___.jpg\">                                                                     <\/p>\n<p class=\"a-spacing-base\"> Con muchas personas trabajando desde casa en 2020, es m\u00e1s importante que nunca asegurarse de tener la mejor computadora port\u00e1til posible <\/p>\n<p class=\"a-spacing-base\"> Gran regalo para amigos, estudiantes, ni\u00f1os, ni\u00f1os, la opci\u00f3n perfecta para Navidad o regalo de cumplea\u00f1os <\/p>\n<p class=\"a-spacing-base\"> Consideramos que la computadora port\u00e1til Bigmachine es la computadora port\u00e1til perfecta para su trabajo <\/p>\n<p class=\"a-spacing-base\"> Obtendr\u00e1 una mejor calidad al gastar m\u00e1s Pero ninguna otra computadora port\u00e1til ofrece un mejor valor con caracter\u00edsticas similares <\/p>\n<p class=\"a-spacing-base\"> Comenzamos a fabricar y vender nuestros modelos anteriores en 2009 y continuamos mejorando el dise\u00f1o y la calidad <\/p>\n<p>                                                  <img decoding=\"async\" alt=\"blanc netbook\" src=\"https:\/\/images-na.ssl-images-amazon.com\/images\/G\/01\/x-locale\/common\/grey-pixel.gif\" class=\"a-lazy-loaded\" data-src=\"https:\/\/m.media-amazon.com\/images\/S\/aplus-media-library-service-media\/bb496cdb-7ce1-4e91-8b06-58f70bf83e2e.__CR500,0,2000,2000_PT0_SX300_V1___.jpg\"><img decoding=\"async\" alt=\"blanc netbook\" src=\"https:\/\/m.media-amazon.com\/images\/S\/aplus-media-library-service-media\/bb496cdb-7ce1-4e91-8b06-58f70bf83e2e.__CR500,0,2000,2000_PT0_SX300_V1___.jpg\">  <\/p>\n<h3 class=\"a-spacing-mini\"> Este fant\u00e1stico producto te permite: <\/h3>\n<p> Navega por Internet &#8211; WiFi <\/p>\n<p> Es perfecto para viajar, ligero y delgado <\/p>\n<p> Descarga y mira pel\u00edculas, m\u00fasica <\/p>\n<p> Mira Youtube, Netflix, acceso a Facebook, Twitter <\/p>\n<p> Y otros sitios web de redes sociales <\/p>\n<p> Jugar juegos <\/p>\n<p> Administre su negocio, revise sus correos electr\u00f3nicos <\/p>\n<p> Y muchas otras cosas m\u00e1s <\/p>\n<p>                                                      <img decoding=\"async\" alt=\"quad core notebook\" src=\"https:\/\/images-na.ssl-images-amazon.com\/images\/G\/01\/x-locale\/common\/grey-pixel.gif\" class=\"a-spacing-mini a-lazy-loaded\" data-src=\"https:\/\/m.media-amazon.com\/images\/S\/aplus-media-library-service-media\/c378e087-c8c5-4076-940c-14e60d587f67.__CR0,0,1500,1500_PT0_SX300_V1___.jpg\"><img decoding=\"async\" alt=\"quad core notebook\" src=\"https:\/\/m.media-amazon.com\/images\/S\/aplus-media-library-service-media\/c378e087-c8c5-4076-940c-14e60d587f67.__CR0,0,1500,1500_PT0_SX300_V1___.jpg\">  <\/p>\n<h3 class=\"a-spacing-mini\"> Especificaci\u00f3n: <\/h3>\n<p class=\"a-spacing-base\"> OS: Windows 10 Home <\/p>\n<p class=\"a-spacing-base\"> Procesador Intel Z8350 de cuatro n\u00facleos <\/p>\n<p class=\"a-spacing-base\"> 1.96GHz (velocidad m\u00e1xima de 2.48GHz) <\/p>\n<p class=\"a-spacing-base\"> Memoria del sistema DDR3L SDRAM de 2 GB <\/p>\n<p class=\"a-spacing-base\"> Te da el poder para manejar la mayor\u00eda de las aplicaciones que consumen mucha energ\u00eda <\/p>\n<p class=\"a-spacing-base\"> Unidad EMMC de 32 GB <\/p>\n<p class=\"a-spacing-base\"> Almacene 21,000 fotos, 9,000 canciones o 16 horas de video y m\u00e1s, Micro SD de hasta 256G <\/p>\n<p class=\"a-spacing-base\"> Peso: 1.1 kg, tama\u00f1o: 285*190*18.5mm <\/p>\n<p class=\"a-spacing-base\"> Tama\u00f1o de LCD:10.1 pulgadas, resoluci\u00f3n de LCD:800*1280 <\/p>\n<p class=\"a-spacing-base\"> Con\u00e9ctese de forma inal\u00e1mbrica a una se\u00f1al WiFi o punto de acceso con 802.11b\/g\/n\/ac <\/p>\n<p class=\"a-spacing-base\"> C\u00e1mara incorporada 0.3M p\u00edxeles <\/p>\n<p class=\"a-spacing-base\"> Lector de tarjetas micro SD, Bluetooth <\/p>\n<p class=\"a-spacing-base\"> 1x puerto USB 3.0, 1x puerto USB 2.0, 1x puerto micro HDMI, 1x conector para auriculares\/micr\u00f3fono <\/p>\n<p class=\"a-spacing-base\"> Idiomas admitidos: ingl\u00e9s,espa\u00f1ol,alem\u00e1n,franc\u00e9s,italiano,holand\u00e9s,portugu\u00e9s,japon\u00e9s <\/p>\n<p>                                                         Contenidos del paquete:                                        1 x 10.1 pulgadas port\u00e1til       1 x rat\u00f3n \u00f3ptico       1 x cargador       1 x Manual       1 x luz de llavero led       <\/p>\n<p class=\"apm-text-center\">\n                                                      <img decoding=\"async\" alt=\"small laptop\" src=\"https:\/\/images-na.ssl-images-amazon.com\/images\/G\/01\/x-locale\/common\/grey-pixel.gif\" class=\"a-spacing-mini a-lazy-loaded\" data-src=\"https:\/\/m.media-amazon.com\/images\/S\/aplus-media-library-service-media\/82169a3d-9515-4838-b565-94737d475fa6.__CR0,457,790,790_PT0_SX300_V1___.jpg\"><img decoding=\"async\" alt=\"small laptop\" src=\"https:\/\/m.media-amazon.com\/images\/S\/aplus-media-library-service-media\/82169a3d-9515-4838-b565-94737d475fa6.__CR0,457,790,790_PT0_SX300_V1___.jpg\">  <\/p>\n<p>                                                    HDMI                                       <\/p>\n<p> Admite una salida mini-HDMI, lo que le brinda la posibilidad de conectar su mini computadora port\u00e1til a su televisor de pantalla grande <\/p>\n<p class=\"apm-text-center\">\n                                                      <img decoding=\"async\" alt=\"first laptop\" src=\"https:\/\/images-na.ssl-images-amazon.com\/images\/G\/01\/x-locale\/common\/grey-pixel.gif\" class=\"a-spacing-mini a-lazy-loaded\" data-src=\"https:\/\/m.media-amazon.com\/images\/S\/aplus-media-library-service-media\/97810db3-5dca-43f3-bad5-273c28156933.__CR0,0,630,630_PT0_SX300_V1___.jpg\"><img decoding=\"async\" alt=\"first laptop\" src=\"https:\/\/m.media-amazon.com\/images\/S\/aplus-media-library-service-media\/97810db3-5dca-43f3-bad5-273c28156933.__CR0,0,630,630_PT0_SX300_V1___.jpg\">  <\/p>\n<p>                                                    Bater\u00eda                                       <\/p>\n<p> Bater\u00eda de larga duraci\u00f3n Con una potente bater\u00eda de 6000 mAh, hasta 9 horas de duraci\u00f3n de la bater\u00eda al realizar tareas b\u00e1sicas Laptop con Rat\u00f3n <\/p>\n<p class=\"apm-text-center\">\n                                                      <img decoding=\"async\" alt=\"mini laptop\" src=\"https:\/\/images-na.ssl-images-amazon.com\/images\/G\/01\/x-locale\/common\/grey-pixel.gif\" class=\"a-spacing-mini a-lazy-loaded\" data-src=\"https:\/\/m.media-amazon.com\/images\/S\/aplus-media-library-service-media\/a26fe236-3149-4daf-b510-871c7f841cb1.__CR0,0,1500,1500_PT0_SX300_V1___.jpg\"><img decoding=\"async\" alt=\"mini laptop\" src=\"https:\/\/m.media-amazon.com\/images\/S\/aplus-media-library-service-media\/a26fe236-3149-4daf-b510-871c7f841cb1.__CR0,0,1500,1500_PT0_SX300_V1___.jpg\">  <\/p>\n<p>                                                    Port\u00e1til con rat\u00f3n                                       <\/p>\n<p> Hermosa computadora port\u00e1til, cuatro colores disponibles (rosa, negro, azul, blanco), liviano, conexi\u00f3n WiFi inal\u00e1mbrica <\/p>\n<p class=\"apm-text-center\">\n                                                      <img decoding=\"async\" alt=\"rosa laptop\" src=\"https:\/\/images-na.ssl-images-amazon.com\/images\/G\/01\/x-locale\/common\/grey-pixel.gif\" class=\"a-lazy-loaded\" data-src=\"https:\/\/m.media-amazon.com\/images\/S\/aplus-media-library-service-media\/c2d7da4d-81e8-4dfa-8a7e-cd34c979415a.__CR0,0,1500,1500_PT0_SX220_V1___.jpg\"><img decoding=\"async\" alt=\"rosa laptop\" src=\"https:\/\/m.media-amazon.com\/images\/S\/aplus-media-library-service-media\/c2d7da4d-81e8-4dfa-8a7e-cd34c979415a.__CR0,0,1500,1500_PT0_SX220_V1___.jpg\">  <\/p>\n<p class=\"apm-text-center\">\n                                                      <img decoding=\"async\" alt=\"laptop kids\" src=\"https:\/\/images-na.ssl-images-amazon.com\/images\/G\/01\/x-locale\/common\/grey-pixel.gif\" class=\"a-lazy-loaded\" data-src=\"https:\/\/m.media-amazon.com\/images\/S\/aplus-media-library-service-media\/b21d61f3-f3c1-4017-b80a-1031529dc2e2.__CR0,0,1500,1500_PT0_SX220_V1___.jpg\"><img decoding=\"async\" alt=\"laptop kids\" src=\"https:\/\/m.media-amazon.com\/images\/S\/aplus-media-library-service-media\/b21d61f3-f3c1-4017-b80a-1031529dc2e2.__CR0,0,1500,1500_PT0_SX220_V1___.jpg\">  <\/p>\n<p class=\"apm-text-center\">\n                                                      <img decoding=\"async\" alt=\"computer kids\" src=\"https:\/\/images-na.ssl-images-amazon.com\/images\/G\/01\/x-locale\/common\/grey-pixel.gif\" class=\"a-lazy-loaded\" data-src=\"https:\/\/m.media-amazon.com\/images\/S\/aplus-media-library-service-media\/f4e70f6e-3aa0-4ec3-ab3b-77c4257be84d.__CR0,0,1500,1500_PT0_SX220_V1___.jpg\"><img decoding=\"async\" alt=\"computer kids\" src=\"https:\/\/m.media-amazon.com\/images\/S\/aplus-media-library-service-media\/f4e70f6e-3aa0-4ec3-ab3b-77c4257be84d.__CR0,0,1500,1500_PT0_SX220_V1___.jpg\">  <\/p>\n<p class=\"apm-text-center\">\n                                                      <img decoding=\"async\" alt=\"nergo laptop\" src=\"https:\/\/images-na.ssl-images-amazon.com\/images\/G\/01\/x-locale\/common\/grey-pixel.gif\" class=\"a-lazy-loaded\" data-src=\"https:\/\/m.media-amazon.com\/images\/S\/aplus-media-library-service-media\/46dc4c7e-3336-4790-bcbf-85cc7a13cf7b.__CR0,0,1500,1500_PT0_SX220_V1___.jpg\"><img decoding=\"async\" alt=\"nergo laptop\" src=\"https:\/\/m.media-amazon.com\/images\/S\/aplus-media-library-service-media\/46dc4c7e-3336-4790-bcbf-85cc7a13cf7b.__CR0,0,1500,1500_PT0_SX220_V1___.jpg\">  <\/p>\n<p class=\"apm-text-center\">\n                                                      <img decoding=\"async\" alt=\"laptop kids\" src=\"https:\/\/images-na.ssl-images-amazon.com\/images\/G\/01\/x-locale\/common\/grey-pixel.gif\" class=\"a-lazy-loaded\" data-src=\"https:\/\/m.media-amazon.com\/images\/S\/aplus-media-library-service-media\/423295db-8515-4fa9-81d4-43ed40383320.__CR0,0,1500,1500_PT0_SX220_V1___.jpg\"><img decoding=\"async\" alt=\"laptop kids\" src=\"https:\/\/m.media-amazon.com\/images\/S\/aplus-media-library-service-media\/423295db-8515-4fa9-81d4-43ed40383320.__CR0,0,1500,1500_PT0_SX220_V1___.jpg\">  <\/p>\n<p class=\"apm-text-center\">\n                                                      <img decoding=\"async\" alt=\"keyboard\" src=\"https:\/\/images-na.ssl-images-amazon.com\/images\/G\/01\/x-locale\/common\/grey-pixel.gif\" class=\"a-lazy-loaded\" data-src=\"https:\/\/m.media-amazon.com\/images\/S\/aplus-media-library-service-media\/1b84a770-ad79-4d83-a303-03d9dd7e4281.__CR0,0,1500,1500_PT0_SX220_V1___.jpg\"><img decoding=\"async\" alt=\"keyboard\" src=\"https:\/\/m.media-amazon.com\/images\/S\/aplus-media-library-service-media\/1b84a770-ad79-4d83-a303-03d9dd7e4281.__CR0,0,1500,1500_PT0_SX220_V1___.jpg\">  <\/p>\n<p class=\"apm-text-center\">\n                                                      <img decoding=\"async\" alt=\"usb prortatil\" src=\"https:\/\/images-na.ssl-images-amazon.com\/images\/G\/01\/x-locale\/common\/grey-pixel.gif\" class=\"a-lazy-loaded\" data-src=\"https:\/\/m.media-amazon.com\/images\/S\/aplus-media-library-service-media\/a4012c5c-3b55-4239-84c4-407ad4db5365.__CR0,0,1500,1500_PT0_SX220_V1___.jpg\"><img decoding=\"async\" alt=\"usb prortatil\" src=\"https:\/\/m.media-amazon.com\/images\/S\/aplus-media-library-service-media\/a4012c5c-3b55-4239-84c4-407ad4db5365.__CR0,0,1500,1500_PT0_SX220_V1___.jpg\">  <\/p>\n<p class=\"apm-text-center\">\n                                                      <img decoding=\"async\" alt=\"netbook enfant\" src=\"https:\/\/images-na.ssl-images-amazon.com\/images\/G\/01\/x-locale\/common\/grey-pixel.gif\" class=\"a-lazy-loaded\" data-src=\"https:\/\/m.media-amazon.com\/images\/S\/aplus-media-library-service-media\/c378e087-c8c5-4076-940c-14e60d587f67.__CR0,0,1500,1500_PT0_SX220_V1___.jpg\"><img decoding=\"async\" alt=\"netbook enfant\" src=\"https:\/\/m.media-amazon.com\/images\/S\/aplus-media-library-service-media\/c378e087-c8c5-4076-940c-14e60d587f67.__CR0,0,1500,1500_PT0_SX220_V1___.jpg\">  <\/p>\n<p>                                                                             <img decoding=\"async\" alt=\"espanol\" src=\"https:\/\/images-na.ssl-images-amazon.com\/images\/G\/01\/x-locale\/common\/grey-pixel.gif\" class=\"a-spacing-base a-lazy-loaded\" data-src=\"https:\/\/m.media-amazon.com\/images\/S\/aplus-media-library-service-media\/89faef19-4821-4dc3-96a3-70dd39ec3153.__CR0,11,1250,773_PT0_SX970_V1___.png\"><img decoding=\"async\" alt=\"espanol\" src=\"https:\/\/m.media-amazon.com\/images\/S\/aplus-media-library-service-media\/89faef19-4821-4dc3-96a3-70dd39ec3153.__CR0,11,1250,773_PT0_SX970_V1___.png\">                                                                     <\/p>\n<p class=\"a-spacing-base\"> Utilice la membrana de silicona de distribuci\u00f3n del teclado en espa\u00f1ol adjunta para <\/p>\n<p class=\"a-spacing-base\"> aplicarla en el teclado si necesita convertir el teclado en un teclado de distribuci\u00f3n en espa\u00f1ol. <\/p>\n<p class=\"a-spacing-base\"> Tambi\u00e9n proteger\u00e1 las teclas del polvo y las gotas de agua. <\/p>\n<p> Batteries                                            \u200f                                            :                                            \u200e                                            1 Lithium Ion batteries required. (included)   <br \/> Is discontinued by manufacturer                                            \u200f                                            :                                            \u200e                                            No   <br \/> Product Dimensions                                            \u200f                                            :                                            \u200e                                            28.5 x 19 x 1.95 cm; 1.2 kg   <br \/> Manufacturer                                            \u200f                                            :                                            \u200e                                            Bigmachine   <br \/> ASIN                                            \u200f                                            :                                            \u200e                                            B08DL4VGP4   <br \/> Item model number                                            \u200f                                            :                                            \u200e                                            \u200eBG\u200e20326-7   <br \/> Country of origin                                            \u200f                                            :                                            \u200e                                            China   <br \/> Guaranteed software updates until                                            \u200f                                            :                                            \u200e                                            unknown   <br \/>  Customer reviews:                                                                                            3.8               3.8 out of 5 stars                                  (52)                                              var dpAcrHasRegisteredArcLinkClickAction;                    P.when(&#8216;A&#8217;, &#8216;ready&#8217;).execute(function(A) {                        if (dpAcrHasRegisteredArcLinkClickAction !== true) {                            dpAcrHasRegisteredArcLinkClickAction = true;                            A.declarative(                                &#8216;acrLink-click-metrics&#8217;, &#8216;click&#8217;,                                { \u00aballowLinkDefault\u00bb: true },                                function (event) {                                    if (window.ue) {                                        ue.count(\u00abacrLinkClickCount\u00bb, (ue.count(\u00abacrLinkClickCount\u00bb) || 0) + 1);                                    }                                }                            );                        }                    });                                             P.when(&#8216;A&#8217;, &#8216;cf&#8217;).execute(function(A) {                A.declarative(&#8216;acrStarsLink-click-metrics&#8217;, &#8216;click&#8217;, { \u00aballowLinkDefault\u00bb : true },  function(event){                    if(window.ue) {                        ue.count(\u00abacrStarsLinkWithPopoverClickCount\u00bb, (ue.count(\u00abacrStarsLinkWithPopoverClickCount\u00bb) || 0) + 1);                    }                });            });                          <\/p>\n<p>We are professional laptop seller since 2009, we continue to improve our quality and service day after day<br \/>Intel Quad Core Z8350 CPU, 2GB RAM 32GB storage, support TF card up to 256GB, enough space and fast speed, make life easier<br \/>Supports a mini-HDMI output, giving you the ability to connect your mini laptop to your large screen TV, Custom 6000mAh large capacity battery, able to watch videos 4-5 hours in a row<br \/>The 10.1 inch FHD screen offers an excellent experience for watching videos, youtube, facebook, twitter, netflix, surfing the internet&#8230;<br \/>Includes an optical mouse and charger and a keychain light, all only 1.2kg, fits in your bag and is easy to carry<\/p>\n\n","protected":false},"excerpt":{"rendered":"<p> Product Description Con muchas personas trabajando desde casa en 2020, es m\u00e1s importante que nunca<\/p>","protected":false},"featured_media":28398,"comment_status":"open","ping_status":"closed","template":"","meta":[],"product_brand":[],"product_cat":[85],"product_tag":[902,575,8278,573,577,698,578,598,581,544,584,159,582,956,576,215,8279,574,580,1605,1263,222,133,205,543,537,579,1870],"class_list":{"0":"post-28397","1":"product","2":"type-product","3":"status-publish","4":"has-post-thumbnail","6":"product_cat-business-laptop","7":"product_tag-32gb","8":"product_tag-best-laptop-for-business","9":"product_tag-bigmachine","10":"product_tag-business-laptop","11":"product_tag-business-laptop-with-ssd","12":"product_tag-core","13":"product_tag-corporate-laptop","14":"product_tag-cpu","15":"product_tag-durable-business-laptop","16":"product_tag-hdmi","17":"product_tag-inch","18":"product_tag-laptop","19":"product_tag-laptop-for-work","20":"product_tag-lightweight","21":"product_tag-lightweight-business-laptop","22":"product_tag-mini","23":"product_tag-netbook","24":"product_tag-office-laptop","25":"product_tag-professional-laptop","26":"product_tag-quad","27":"product_tag-thin","28":"product_tag-ultra","29":"product_tag-usb","30":"product_tag-white","31":"product_tag-wifi","32":"product_tag-windows","33":"product_tag-windows-business-laptop","34":"product_tag-youtube","36":"first","37":"instock","38":"shipping-taxable","39":"product-type-external"},"_links":{"self":[{"href":"https:\/\/comprasyconsejos.store\/en\/wp-json\/wp\/v2\/product\/28397","targetHints":{"allow":["GET"]}}],"collection":[{"href":"https:\/\/comprasyconsejos.store\/en\/wp-json\/wp\/v2\/product"}],"about":[{"href":"https:\/\/comprasyconsejos.store\/en\/wp-json\/wp\/v2\/types\/product"}],"replies":[{"embeddable":true,"href":"https:\/\/comprasyconsejos.store\/en\/wp-json\/wp\/v2\/comments?post=28397"}],"version-history":[{"count":0,"href":"https:\/\/comprasyconsejos.store\/en\/wp-json\/wp\/v2\/product\/28397\/revisions"}],"wp:featuredmedia":[{"embeddable":true,"href":"https:\/\/comprasyconsejos.store\/en\/wp-json\/wp\/v2\/media\/28398"}],"wp:attachment":[{"href":"https:\/\/comprasyconsejos.store\/en\/wp-json\/wp\/v2\/media?parent=28397"}],"wp:term":[{"taxonomy":"product_brand","embeddable":true,"href":"https:\/\/comprasyconsejos.store\/en\/wp-json\/wp\/v2\/product_brand?post=28397"},{"taxonomy":"product_cat","embeddable":true,"href":"https:\/\/comprasyconsejos.store\/en\/wp-json\/wp\/v2\/product_cat?post=28397"},{"taxonomy":"product_tag","embeddable":true,"href":"https:\/\/comprasyconsejos.store\/en\/wp-json\/wp\/v2\/product_tag?post=28397"}],"curies":[{"name":"wp","href":"https:\/\/api.w.org\/{rel}","templated":true}]}}