{"id":28403,"date":"2026-02-21T05:08:53","date_gmt":"2026-02-21T05:08:53","guid":{"rendered":"https:\/\/comprasyconsejos.store\/product\/ugreen-usb-to-type-c-adapter-3-2-10gbs-2-pcs-male-to-female-converter-usb-c-otg-thunderbolt-3-portable-compatible-with-iphone-17-pro-max-air-macbook-pro-imac-ipad-galaxy-s25-carplay-laptop-black\/"},"modified":"2026-02-21T05:09:03","modified_gmt":"2026-02-21T05:09:03","slug":"ugreen-usb-to-type-c-adapter-3-2-10gbs-2-pcs-male-to-female-converter-usb-c-otg-thunderbolt-3-portable-compatible-with-iphone-17-pro-max-air-macbook-pro-imac-ipad-galaxy-s25-carplay-laptop-black","status":"publish","type":"product","link":"https:\/\/comprasyconsejos.store\/en\/product\/ugreen-usb-to-type-c-adapter-3-2-10gbs-2-pcs-male-to-female-converter-usb-c-otg-thunderbolt-3-portable-compatible-with-iphone-17-pro-max-air-macbook-pro-imac-ipad-galaxy-s25-carplay-laptop-black\/","title":{"rendered":"UGREEN USB to Type C Adapter 3.2 10Gbs 2 Pcs Male to Female Converter USB C OTG Thunderbolt 3 Portable Compatible with iPhone 17 Pro MAX Air MacBook Pro iMac iPad Galaxy S25 Carplay Laptop (Black)"},"content":{"rendered":"<p>Price: <span style=\"color:#b12704\"><del>\u20ac8.99<\/del> - \u20ac7.64<\/span><br \/><i><small>(as of Feb 21, 2026 05:08:53 UTC &#8211; <span class=\"wp_automatic_amazon_disclaimer\" title=\"Product prices and availability are accurate as of the date\/time indicated and are subject to change. Any price and availability information displayed on [relevant Amazon Site(s), as applicable] at the time of purchase will apply to the purchase of this product.\">Details<\/span>)<\/small><\/i><\/p>\n<p><a href=\"https:\/\/amazon.es\/dp\/B0BZ3RBJ4F?tag=man008-21\"><img decoding=\"async\" src=\"https:\/\/valvepress.s3.amazonaws.com\/imgs\/buy_now.png\"><\/a><br \/>\n<\/p>\n<p>                                             Product Description   <\/p>\n<p>                                                                                                       <img decoding=\"async\" alt=\"un cable usb conectado a una tableta\" src=\"https:\/\/images-na.ssl-images-amazon.com\/images\/G\/01\/x-locale\/common\/grey-pixel.gif\" class=\"a-lazy-loaded\" data-src=\"https:\/\/m.media-amazon.com\/images\/S\/aplus-media-library-service-media\/aeb57f33-1a5d-4544-bd5c-a8d0a9edd502.__CR0,0,1464,600_PT0_SX1464_V1___.jpg\"><img decoding=\"async\" alt=\"un cable usb conectado a una tableta\" src=\"https:\/\/m.media-amazon.com\/images\/S\/aplus-media-library-service-media\/aeb57f33-1a5d-4544-bd5c-a8d0a9edd502.__CR0,0,1464,600_PT0_SX1464_V1___.jpg\">                                         <\/p>\n<p class=\"aplus-description aplus-container-3 aplus-p1\"> UGREEN adaptador OTG USB C a USB 3.0 est\u00e1 dise\u00f1ado para conectar sus tel\u00e9fonos inteligentes, tabletas o computadoras port\u00e1tiles USB C compatibles con la funci\u00f3n OTG a todos sus dispositivos USB A, como una unidad flash USB, disco duro, mouse, teclado, gamepad, lector de tarjetas, etc. <\/p>\n<p>                                                                                                       <img decoding=\"async\" alt=\"una mano est\u00e1 conectando un rat\u00f3n a un port\u00e1til\" src=\"https:\/\/images-na.ssl-images-amazon.com\/images\/G\/01\/x-locale\/common\/grey-pixel.gif\" class=\"a-lazy-loaded\" data-src=\"https:\/\/m.media-amazon.com\/images\/S\/aplus-media-library-service-media\/a5082ec6-2068-4c56-acff-0e4a1fddcaf7.__CR0,0,1464,600_PT0_SX1464_V1___.jpg\"><img decoding=\"async\" alt=\"una mano est\u00e1 conectando un rat\u00f3n a un port\u00e1til\" src=\"https:\/\/m.media-amazon.com\/images\/S\/aplus-media-library-service-media\/a5082ec6-2068-4c56-acff-0e4a1fddcaf7.__CR0,0,1464,600_PT0_SX1464_V1___.jpg\">                                         <\/p>\n<p class=\"aplus-description aplus-container-3 aplus-p1\"> Rendimiento excepcional de hasta 5 Gbps, el adaptador 3.0 USB-C a USB-A puede transferir archivos grandes como v\u00eddeo en alta definici\u00f3n y audio sin p\u00e9rdida en cuesti\u00f3n de segundos. <\/p>\n<p>                                                                                                                <img decoding=\"async\" alt=\"Manos escribiendo en el teclado de un port\u00e1til, mostrando un gr\u00e1fico colorido en la pantalla. El tel\u00e9fono inteligente y la taza de caf\u00e9 est\u00e1n visibles en el escritorio.\" src=\"https:\/\/m.media-amazon.com\/images\/S\/aplus-media-library-service-media\/5f546fcb-e7b5-47d1-9ac9-1dbbbd7497c0.__CR0,0,1464,600_PT0_SX1464_V1___.jpg\">                                                                                                                        <\/p>\n<p class=\"description aplus-p1\"> Con este adaptador tu ordenador puede conectarse directamente al cable A y transferir datos. <\/p>\n<p>                                                      <img decoding=\"async\" alt=\"Tableta sobre un soporte que muestra la interfaz de una aplicaci\u00f3n de mensajer\u00eda. Hay un teclado conectado y las manos escriben en \u00e9l.\" src=\"https:\/\/m.media-amazon.com\/images\/S\/aplus-media-library-service-media\/b2e36d18-35ea-49c6-b1dd-d5ee8c0f483e.__CR0,0,1464,600_PT0_SX1464_V1___.jpg\">                                                                                                                        <\/p>\n<p class=\"description aplus-p1\"> No necesita un controlador. Con este adaptador puede conectar directamente iPad\/tel\u00e9fono m\u00f3vil. <\/p>\n<p>                                                      <img decoding=\"async\" alt=\"un port\u00e1til con un USB conectado\" src=\"https:\/\/m.media-amazon.com\/images\/S\/aplus-media-library-service-media\/e5c157f6-819a-42f4-a36e-b5a9abf46900.__CR0,0,1464,600_PT0_SX1464_V1___.jpg\">                                                                                                                        <\/p>\n<p class=\"description aplus-p1\"> Ambos adaptadores pueden funcionar simult\u00e1neamente, lo que los hace m\u00e1s eficientes. <\/p>\n<p>                            1 Transferencia de datos <\/p>\n<p>                            2 Conectar a memoria USB <\/p>\n<p>                            3 Trabajo simult\u00e1neo <\/p>\n<p>                                                                     con UGREEN Adaptador USB C a USB 3.0 disfruta feliz de la vida                                            <img decoding=\"async\" alt=\"un hombre y una mujer sentados en un banco con un port\u00e1til.\" src=\"https:\/\/images-na.ssl-images-amazon.com\/images\/G\/01\/x-locale\/common\/grey-pixel.gif\" class=\"a-lazy-loaded\" data-src=\"https:\/\/m.media-amazon.com\/images\/S\/aplus-media-library-service-media\/79d1e97d-4304-4465-94a4-83ad254313eb.__CR0,0,1464,600_PT0_SX1464_V1___.jpg\"><img decoding=\"async\" alt=\"un hombre y una mujer sentados en un banco con un port\u00e1til.\" src=\"https:\/\/m.media-amazon.com\/images\/S\/aplus-media-library-service-media\/79d1e97d-4304-4465-94a4-83ad254313eb.__CR0,0,1464,600_PT0_SX1464_V1___.jpg\">                                               <\/p>\n<h3 class=\"a-size-extra-large a-spacing-base a-text-center\"> Compatibilidad Universal ( Incompleta ) <\/h3>\n<p>                                                        MacBook                                    MacBook Pro (M2\/ M1, M2 Max\/ Pro, M1 Max\/ Pro), MacBook Air (M2\/ M1), MacBook                                        iPhone                                    iPhone 15\/ iPhone 15 Plus\/ iPhone 15 Pro\/ iPhone 15 Pro Max                                        iPad Pro\/ Air                                    iPad Pro 2024\/ 2023\/ 2022\/ 2021, IPad Air 5\/ 4, Ipad mini 2021\/ 2019\/ 2015                                        Galaxy Tab                                    Galaxy Book, Galaxy Tab A8\/ A7\/ A7 Lite\/ S7\/ S7+\/ S6 Lite\/ S5e\/ S4\/ S3                                        Galaxy                                    Galaxy S23\/ S23 Ultra\/ S23+\/ S22\/ S22+\/ S22 Ultra\/ S21\/ S21+\/ S20\/ S20+\/ S10\/ S10+, Note 20\/ Note 10\/ Note 10+\/ Note 9\/ Note 8, A71\/ A70\/ A51\/ A50\/ A50s\/ A30\/ A30s\/ A20\/ A5                                        Huawei                                    Huawei P60\/ P60 Pro\/ P50\/ P50 Pro\/ P40\/ P40 Pro\/ P30\/ P30 Pro\/ P20\/ P20 Pro\/ P10\/ P10 Pro, Mate 20\/ Mate 20 Pro\/ Mate 10\/ Mate 10 Pro, Mate 20X\/ Mate 20 RS\/ Mate RS                                        Xiaomi\/ Redmi                                    Xiaomi Mi 11T\/ Mi 11T Pro\/ Mi 10T Pro\/ Mi 10T\/ Mi 9\/ Mi 9T\/ Mi 9 Lite; Redmi Note 11T Pro\/ Note 11\/ Note 10 Pro\/ Note 10\/ Note 9 Pro\/ Note 9\/ Note 8 Pro\/ Note 8\/ Note 7; Poco M4\/ F4 GT\/ X3 Pro\/ X3\/ F3                                        Xperia                                    Xperia XZ Premium\/ Pro-I\/ XZ2\/ XZ3\/ XA1\/ XA2\/ L4 usw.                                        Google                                    Google Pixel 7\/ Pixel 6\/ Pixel 5\/ Pixel 4\/ Pixel 4 XL\/ Pixel 4a\/ Pixel 3 XL\/ Pixel 3\/ Pixel XL, Nexus 5X\/ 6P                  <\/p>\n<h3 class=\"a-text-center aplus-h1 a-text-bold\"> Comparaci\u00f3n  <\/h3>\n<p>                         Add To Basket  <\/p>\n<p>                         Add To Basket  <\/p>\n<p>                         Add To Basket  <\/p>\n<p>                         Add To Basket  <\/p>\n<p>                         Add To Basket  <\/p>\n<p>                         Add To Basket  <\/p>\n<p>                                     Customer Reviews  <\/p>\n<p>                    4.7 out of 5 stars  13,058  <\/p>\n<p>                    4.7 out of 5 stars  10,999  <\/p>\n<p>                    4.6 out of 5 stars  2,595  <\/p>\n<p>                    4.7 out of 5 stars  283  <\/p>\n<p>                    4.6 out of 5 stars  17,179  <\/p>\n<p>                    4.6 out of 5 stars  11,156  <\/p>\n<p>                    4.5 out of 5 stars  13,836  <\/p>\n<p>                                     Price  <\/p>\n<p>                                                        \u20ac7.64\u20ac7.64     <\/p>\n<p>                                                        \u20ac7.91\u20ac7.91     <\/p>\n<p>                                                        \u20ac7.81\u20ac7.81     <\/p>\n<p>                                                        \u2014    <\/p>\n<p>                                                        \u20ac8.49\u20ac8.49     <\/p>\n<p>                                                        \u20ac9.99\u20ac9.99     <\/p>\n<p>                                                        \u20ac9.99\u20ac9.99     <\/p>\n<p>                                     Conector  <\/p>\n<p>                                                USB C Macho a USB Hembra    <\/p>\n<p>                                                USB C Hembra a USB Macho     <\/p>\n<p>                                                USB C Hembra a USB Macho     <\/p>\n<p>                                                USB C Macho a USB Hembra    <\/p>\n<p>                                                USB C Macho a USB 3.0 Hembra    <\/p>\n<p>                                                USB C Macho a USB 3.0 Hembra    <\/p>\n<p>                                                USB C Hembra a USB Macho     <\/p>\n<p>                                     Unidades  <\/p>\n<p>                                                2 Unidades    <\/p>\n<p>                                                3 Unidades    <\/p>\n<p>                                                2 Unidades    <\/p>\n<p>                                                2 Unidades    <\/p>\n<p>                                                1 Unidad    <\/p>\n<p>                                                1 Unidad    <\/p>\n<p>                                                1 Unidad    <\/p>\n<p>                                     Funci\u00f3n  <\/p>\n<p>                                                Conectar dispositivo\/cable USB    <\/p>\n<p>                                                Conectar dispositivo\/cable USB    <\/p>\n<p>                                                Conectar dispositivo\/cable USB    <\/p>\n<p>                                                Conectar dispositivo\/cable USB    <\/p>\n<p>                                                OTG    <\/p>\n<p>                                                OTG    <\/p>\n<p>                                                Conectar dispositivo\/cable USB    <\/p>\n<p>                                     Velocidad  <\/p>\n<p>                                                5 Gbps    <\/p>\n<p>                                                10 Gbps    <\/p>\n<p>                                                10 Gbps    <\/p>\n<p>                                                5 Gbps    <\/p>\n<p>                                                5 Gbps    <\/p>\n<p>                                                5 Gbps    <\/p>\n<p>                                                5 Gbps    <\/p>\n<p>                                     Material  <\/p>\n<p>                                                Carcasa de aluminio    <\/p>\n<p>                                                Carcasa de pl\u00e1stico    <\/p>\n<p>                                                Carcasa de pl\u00e1stico    <\/p>\n<p>                                                Carcasa de aluminio    <\/p>\n<p>                                                Carcasa de aluminio    <\/p>\n<p>                                                PVC    <\/p>\n<p>                                                Carcasa de aluminio    <\/p>\n<p> Product Dimensions                                            \u200f                                            :                                            \u200e                                            2.5 x 1.4 x 0.72 cm; 10 g   <br \/> Manufacturer                                            \u200f                                            :                                            \u200e                                            Ugreen Group Limited   <br \/> ASIN                                            \u200f                                            :                                            \u200e                                            B0BZ3RBJ4F   <br \/> Item model number                                            \u200f                                            :                                            \u200e                                            15820P   <br \/> Country\/Region of Origin                                            \u200f                                            :                                            \u200e                                            China   <br \/> Guaranteed software updates until                                            \u200f                                            :                                            \u200e                                            unknown   <br \/>  Customer reviews:                                                                                            4.7               4.7 out of 5 stars                                  (13,058)                                              var dpAcrHasRegisteredArcLinkClickAction;                    P.when(&#8216;A&#8217;, &#8216;ready&#8217;).execute(function(A) {                        if (dpAcrHasRegisteredArcLinkClickAction !== true) {                            dpAcrHasRegisteredArcLinkClickAction = true;                            A.declarative(                                &#8216;acrLink-click-metrics&#8217;, &#8216;click&#8217;,                                { \u00aballowLinkDefault\u00bb: true },                                function (event) {                                    if (window.ue) {                                        ue.count(\u00abacrLinkClickCount\u00bb, (ue.count(\u00abacrLinkClickCount\u00bb) || 0) + 1);                                    }                                }                            );                        }                    });                                             P.when(&#8216;A&#8217;, &#8216;cf&#8217;).execute(function(A) {                A.declarative(&#8216;acrStarsLink-click-metrics&#8217;, &#8216;click&#8217;, { \u00aballowLinkDefault\u00bb : true },  function(event){                    if(window.ue) {                        ue.count(\u00abacrStarsLinkWithPopoverClickCount\u00bb, (ue.count(\u00abacrStarsLinkWithPopoverClickCount\u00bb) || 0) + 1);                    }                });            });                          <\/p>\n<p>[ USB C OTG Adapter ] Supports OTG function. The USB C to USB A 3.2 adapter is designed to connect USB C compatible smartphones, tablets or laptops that have OTG function to all USB A devices, such as USB flash drives, hard drives, mice, keyboards, game controllers, card readers, etc.<br \/>[ Device Compatibility ] The USB to Type C adapter compatible with iPhone 17\/ iPhone 17 Air\/ iPhone 17 Pro\/ iPhone 17 Pro Max\/ iPhone 16, MacBook Pro Air M2, iPad Pro, Huawei P60\/P50\/Mate 40\/Mate 20, Galaxy S25\/S24, Pixel 6\/Pixel 4 and other devices. It also supports CarPlay connection function, allowing your car to navigate and play music through your mobile phone at any time. Note: All USB C smartphones and tablets with OTG function are supported.<br \/>[ Transmission and Charging ] USB 3.2 interface supports ultra-fast data transfer and synchronization at 10Gbps. It is possible to transfer videos and data in a few seconds without waiting, 20 times faster than USB 2.0. The Type C to USB adapter also has a charging function. When the mobile phone is connected to the computer to work, the Type-C phone can be charged through the computer, without having to worry about interruptions in work and transmission.<br \/>[ Durable Quality &#038; Refined Design] Made of corrosion-resistant aluminum material, with elegant exterior design, great texture and durability, not easy to deform. The USB-C port has been tested to withstand 10,000 insertions and removals, preventing loosening and reducing the risk of unexpected disconnections and device port damage.<br \/>[ Compact and Convenient Experience ] The USB to USB C Adapter Plug and Play, Portable: Compact in size, does not take up much space and will not block other ports of the device, making it easy to use in different situations, whether traveling, in the office or in daily use, without any charge.<\/p>\n\n","protected":false},"excerpt":{"rendered":"<p> Product Description UGREEN adaptador OTG USB C a USB 3.0 est\u00e1 dise\u00f1ado para conectar sus<\/p>","protected":false},"featured_media":28404,"comment_status":"open","ping_status":"closed","template":"","meta":[],"product_brand":[],"product_cat":[84],"product_tag":[8280,144,216,496,498,497,307,370,201,3115,2212,165,965,162,147,159,160,502,503,504,499,500,501,505,2211,164,1164,2676,290,163,170,1464,168,3784,133],"class_list":{"0":"post-28403","1":"product","2":"type-product","3":"status-publish","4":"has-post-thumbnail","6":"product_cat-apple-macbook","7":"product_tag-10gbs","8":"product_tag-adapter","9":"product_tag-air","10":"product_tag-apple-macbook","11":"product_tag-apple-macbook-air","12":"product_tag-apple-macbook-pro","13":"product_tag-black","14":"product_tag-carplay","15":"product_tag-compatible","16":"product_tag-converter","17":"product_tag-female","18":"product_tag-galaxy","19":"product_tag-imac","20":"product_tag-ipad","21":"product_tag-iphone","22":"product_tag-laptop","23":"product_tag-macbook","24":"product_tag-macbook-13-inch","25":"product_tag-macbook-15-inch","26":"product_tag-macbook-16-inch","27":"product_tag-macbook-m1","28":"product_tag-macbook-m2","29":"product_tag-macbook-m3","30":"product_tag-macbook-price","31":"product_tag-male","32":"product_tag-max","33":"product_tag-otg","34":"product_tag-pcs","35":"product_tag-portable","36":"product_tag-pro","37":"product_tag-s25","38":"product_tag-thunderbolt","39":"product_tag-type","40":"product_tag-ugreen","41":"product_tag-usb","43":"first","44":"instock","45":"sale","46":"shipping-taxable","47":"product-type-external"},"_links":{"self":[{"href":"https:\/\/comprasyconsejos.store\/en\/wp-json\/wp\/v2\/product\/28403","targetHints":{"allow":["GET"]}}],"collection":[{"href":"https:\/\/comprasyconsejos.store\/en\/wp-json\/wp\/v2\/product"}],"about":[{"href":"https:\/\/comprasyconsejos.store\/en\/wp-json\/wp\/v2\/types\/product"}],"replies":[{"embeddable":true,"href":"https:\/\/comprasyconsejos.store\/en\/wp-json\/wp\/v2\/comments?post=28403"}],"version-history":[{"count":0,"href":"https:\/\/comprasyconsejos.store\/en\/wp-json\/wp\/v2\/product\/28403\/revisions"}],"wp:featuredmedia":[{"embeddable":true,"href":"https:\/\/comprasyconsejos.store\/en\/wp-json\/wp\/v2\/media\/28404"}],"wp:attachment":[{"href":"https:\/\/comprasyconsejos.store\/en\/wp-json\/wp\/v2\/media?parent=28403"}],"wp:term":[{"taxonomy":"product_brand","embeddable":true,"href":"https:\/\/comprasyconsejos.store\/en\/wp-json\/wp\/v2\/product_brand?post=28403"},{"taxonomy":"product_cat","embeddable":true,"href":"https:\/\/comprasyconsejos.store\/en\/wp-json\/wp\/v2\/product_cat?post=28403"},{"taxonomy":"product_tag","embeddable":true,"href":"https:\/\/comprasyconsejos.store\/en\/wp-json\/wp\/v2\/product_tag?post=28403"}],"curies":[{"name":"wp","href":"https:\/\/api.w.org\/{rel}","templated":true}]}}