{"id":28446,"date":"2026-02-21T05:36:33","date_gmt":"2026-02-21T05:36:33","guid":{"rendered":"https:\/\/comprasyconsejos.store\/product\/new-tenda-re6l-pro-wifi-7-be5100-dual-band-router-wifi-mesh-1x2-5gbps3x-gigabit-wan-lan-ports-5-vertical-antennas-multilink-operationmlo-4k-qam-vr-ar-gaming-nfc-vpn\/"},"modified":"2026-02-21T05:36:45","modified_gmt":"2026-02-21T05:36:45","slug":"new-tenda-re6l-pro-wifi-7-be5100-dual-band-router-wifi-mesh-1x2-5gbps3x-gigabit-wan-lan-ports-5-vertical-antennas-multilink-operationmlo-4k-qam-vr-ar-gaming-nfc-vpn","status":"publish","type":"product","link":"https:\/\/comprasyconsejos.store\/en\/product\/new-tenda-re6l-pro-wifi-7-be5100-dual-band-router-wifi-mesh-1x2-5gbps3x-gigabit-wan-lan-ports-5-vertical-antennas-multilink-operationmlo-4k-qam-vr-ar-gaming-nfc-vpn\/","title":{"rendered":"[New] Tenda RE6L Pro \u2013 WiFi 7 BE5100 Dual-Band Router, WiFi Mesh, 1&#215;2.5Gbps+3X Gigabit WAN\/LAN Ports, 5 Vertical Antennas, Multilink Operation(MLO), 4K-QAM, VR\/AR Gaming, NFC, VPN"},"content":{"rendered":"<p>Price: <span style=\"color:#b12704\"><del>\u20ac84.69<\/del> - \u20ac67.90<\/span><br \/><i><small>(as of Feb 21, 2026 05:36:34 UTC &#8211; <span class=\"wp_automatic_amazon_disclaimer\" title=\"Product prices and availability are accurate as of the date\/time indicated and are subject to change. Any price and availability information displayed on [relevant Amazon Site(s), as applicable] at the time of purchase will apply to the purchase of this product.\">Details<\/span>)<\/small><\/i><\/p>\n<p><a href=\"https:\/\/amazon.es\/dp\/B0DS269JFH?tag=man008-21\"><img decoding=\"async\" src=\"https:\/\/valvepress.s3.amazonaws.com\/imgs\/buy_now.png\"><\/a><br \/>\n<\/p>\n<p>                                             From the brand   <\/p>\n<p>                                              <img decoding=\"async\" alt=\"\" src=\"https:\/\/images-na.ssl-images-amazon.com\/images\/G\/01\/x-locale\/common\/grey-pixel.gif\" class=\"a-lazy-loaded\" data-src=\"https:\/\/m.media-amazon.com\/images\/S\/aplus-media-library-service-media\/7ce94f5d-c7f4-4427-90c5-6b71f28dd997.__CR0,0,1464,625_PT0_SX1464_V1___.jpg\"><img decoding=\"async\" alt=\"\" src=\"https:\/\/m.media-amazon.com\/images\/S\/aplus-media-library-service-media\/7ce94f5d-c7f4-4427-90c5-6b71f28dd997.__CR0,0,1464,625_PT0_SX1464_V1___.jpg\">  <\/p>\n<h3> WiFi 7 Router <\/h3>\n<p class=\"apm-brand-story-stores-link\">\n<h3> WiFi 6 Router <\/h3>\n<p class=\"apm-brand-story-stores-link\">\n<h3> WiFi Router <\/h3>\n<p class=\"apm-brand-story-stores-link\">\n<p>                                              <img decoding=\"async\" alt=\"\" src=\"https:\/\/images-na.ssl-images-amazon.com\/images\/G\/01\/x-locale\/common\/grey-pixel.gif\" class=\"a-lazy-loaded\" data-src=\"https:\/\/m.media-amazon.com\/images\/S\/aplus-media-library-service-media\/bb32cc94-77af-4f73-b0a6-7075fc77f00a.__CR0,0,315,145_PT0_SX315_V1___.jpg\"><img decoding=\"async\" alt=\"\" src=\"https:\/\/m.media-amazon.com\/images\/S\/aplus-media-library-service-media\/bb32cc94-77af-4f73-b0a6-7075fc77f00a.__CR0,0,315,145_PT0_SX315_V1___.jpg\">  <\/p>\n<p> Tecnolog\u00eda del futuro <\/p>\n<p> Tenda WiFi 6 es la nueva tecnolog\u00eda WiFi que mejorar\u00e1 dr\u00e1sticamente tu experiencia online. Conseguir\u00e1s una velocidad m\u00e1s r\u00e1pida y cobertura WiFi de mayor alcance, para que puedas acceder a tus redes sociales o a contenido streaming 4K con fluidez y estabilidad. <\/p>\n<p>                                              <img decoding=\"async\" alt=\"\" src=\"https:\/\/images-na.ssl-images-amazon.com\/images\/G\/01\/x-locale\/common\/grey-pixel.gif\" class=\"a-lazy-loaded\" data-src=\"https:\/\/m.media-amazon.com\/images\/S\/aplus-media-library-service-media\/ce6edc14-2e75-4c17-9878-52717c15e7bc.__CR0,0,362,453_PT0_SX362_V1___.jpg\"><img decoding=\"async\" alt=\"\" src=\"https:\/\/m.media-amazon.com\/images\/S\/aplus-media-library-service-media\/ce6edc14-2e75-4c17-9878-52717c15e7bc.__CR0,0,362,453_PT0_SX362_V1___.jpg\">  <\/p>\n<p>                                              <img decoding=\"async\" alt=\"Tenda Router WiFi 6\" src=\"https:\/\/images-na.ssl-images-amazon.com\/images\/G\/01\/x-locale\/common\/grey-pixel.gif\" class=\"a-lazy-loaded\" data-src=\"https:\/\/m.media-amazon.com\/images\/S\/aplus-media-library-service-media\/5e00cd4e-8710-4036-8cc4-b4f2f9b22ffa.__CR0,0,362,453_PT0_SX362_V1___.jpg\"><img decoding=\"async\" alt=\"Tenda Router WiFi 6\" src=\"https:\/\/m.media-amazon.com\/images\/S\/aplus-media-library-service-media\/5e00cd4e-8710-4036-8cc4-b4f2f9b22ffa.__CR0,0,362,453_PT0_SX362_V1___.jpg\">  <\/p>\n<p>                                              <img decoding=\"async\" alt=\"Tenda Router WiFi 6\" src=\"https:\/\/images-na.ssl-images-amazon.com\/images\/G\/01\/x-locale\/common\/grey-pixel.gif\" class=\"a-lazy-loaded\" data-src=\"https:\/\/m.media-amazon.com\/images\/S\/aplus-media-library-service-media\/3b95313d-c0ac-435e-80c7-02d3ba13a9ac.__CR0,0,362,453_PT0_SX362_V1___.jpg\"><img decoding=\"async\" alt=\"Tenda Router WiFi 6\" src=\"https:\/\/m.media-amazon.com\/images\/S\/aplus-media-library-service-media\/3b95313d-c0ac-435e-80c7-02d3ba13a9ac.__CR0,0,362,453_PT0_SX362_V1___.jpg\">  <\/p>\n<p>                                              <img decoding=\"async\" alt=\"Tenda Router WiFi 6\" src=\"https:\/\/images-na.ssl-images-amazon.com\/images\/G\/01\/x-locale\/common\/grey-pixel.gif\" class=\"a-lazy-loaded\" data-src=\"https:\/\/m.media-amazon.com\/images\/S\/aplus-media-library-service-media\/b55118c0-77e4-4585-b9cf-16211e9a3c25.__CR0,0,362,453_PT0_SX362_V1___.jpg\"><img decoding=\"async\" alt=\"Tenda Router WiFi 6\" src=\"https:\/\/m.media-amazon.com\/images\/S\/aplus-media-library-service-media\/b55118c0-77e4-4585-b9cf-16211e9a3c25.__CR0,0,362,453_PT0_SX362_V1___.jpg\">  <\/p>\n<p>                                              <img decoding=\"async\" alt=\"Tenda Router WiFi 6\" src=\"https:\/\/images-na.ssl-images-amazon.com\/images\/G\/01\/x-locale\/common\/grey-pixel.gif\" class=\"a-lazy-loaded\" data-src=\"https:\/\/m.media-amazon.com\/images\/S\/aplus-media-library-service-media\/cf04799f-0fe0-4833-bdd7-4e5c0a709e69.__CR0,0,362,453_PT0_SX362_V1___.jpg\"><img decoding=\"async\" alt=\"Tenda Router WiFi 6\" src=\"https:\/\/m.media-amazon.com\/images\/S\/aplus-media-library-service-media\/cf04799f-0fe0-4833-bdd7-4e5c0a709e69.__CR0,0,362,453_PT0_SX362_V1___.jpg\">  <\/p>\n<p> Package Dimensions                                            \u200f                                            :                                            \u200e                                            25.9 x 21.8 x 6.2 cm; 299 g   <br \/> Manufacturer                                            \u200f                                            :                                            \u200e                                            Tenda   <br \/> ASIN                                            \u200f                                            :                                            \u200e                                            B0DS269JFH   <br \/> Item model number                                            \u200f                                            :                                            \u200e                                            RE6L Pro   <br \/> Country of origin                                            \u200f                                            :                                            \u200e                                            China   <br \/> Guaranteed software updates until                                            \u200f                                            :                                            \u200e                                            unknown   <br \/>  Customer reviews:                                                                                            4.1               4.1 out of 5 stars                                  (97)                                              var dpAcrHasRegisteredArcLinkClickAction;                    P.when(&#8216;A&#8217;, &#8216;ready&#8217;).execute(function(A) {                        if (dpAcrHasRegisteredArcLinkClickAction !== true) {                            dpAcrHasRegisteredArcLinkClickAction = true;                            A.declarative(                                &#8216;acrLink-click-metrics&#8217;, &#8216;click&#8217;,                                { \u00aballowLinkDefault\u00bb: true },                                function (event) {                                    if (window.ue) {                                        ue.count(\u00abacrLinkClickCount\u00bb, (ue.count(\u00abacrLinkClickCount\u00bb) || 0) + 1);                                    }                                }                            );                        }                    });                                             P.when(&#8216;A&#8217;, &#8216;cf&#8217;).execute(function(A) {                A.declarative(&#8216;acrStarsLink-click-metrics&#8217;, &#8216;click&#8217;, { \u00aballowLinkDefault\u00bb : true },  function(event){                    if(window.ue) {                        ue.count(\u00abacrStarsLinkWithPopoverClickCount\u00bb, (ue.count(\u00abacrStarsLinkWithPopoverClickCount\u00bb) || 0) + 1);                    }                });            });                          <\/p>\n<p>[WiFi 7 Router] &#8211; The latest technology that delivers accelerated performance, lower latency, stronger signal and higher efficiency. With specific features 4K QAM, MLO, MRU. \u200bNote: Does not support 6GHz band or include USB ports.\u200b<br \/>[Speed up to 5Gbps Dual-Band]: The gaming router allows your devices to run at ultra-fast speed. Enjoy smooth 4K\/8K streaming, exciting AR\/VR games and video conferencing.<br \/>[4\u00d7WAN\/LAN Ports] &#8211; The wifi 7 router equipped with 1\u00d72.5Gbps and 3\u00d71Gbps WAN\/LAN ports. It is more flexibility to use ultra broadband internet for double speed and stability.<br \/>[Full Coverage] &#8211; Built-in 6dBi non-detachable antennas have 5 MEF with beamforming technology to ensure wider coverage and enhanced WiFi signal throughout the house.<br \/>[Mesh Networking] &#8211; The 7 mesh wifi router supports Wi-Fi + Mesh networking, works with Tenda Wi-Fi + Mesh routers to seamlessly form the entire WiFi home, expanding Wi-Fi coverage and preventing offline and delays.<br \/>[One-Touch Wi-Fi Connection] &#8211; It is more convenient to connect WiFi used this wifi router and just put the phone to be close to the dedicated NFC sticker.<br \/>[Multi-Link Operation (MLO)] &#8211; Tenda RE6L Pro Router combines the 2.4GHz and 5GHz bands to increase data transmission speed by 50% and reduce network latency, allowing seamless online transmission.<br \/>[Multiple Resource Unit (MRU)] &#8211; Compared to Wi-Fi 6, Multi-RU technology enables greater data transmission, reduces signal interference, and improves efficiency in multi-device environments.<br \/>[Advanced Features] &#8211; IPTV, IPv6, Access Point Mode, Adapter Mode, VPN Server, Parental Control, Guest Network.<br \/>[Technical Service] &#8211; If you have any problems with the products, please feel free to email us at support.es@tenda.cn. The Tenda technical team will provide you with professional solutions. 3 years warranty.<\/p>\n\n","protected":false},"excerpt":{"rendered":"<p> From the brand WiFi 7 Router WiFi 6 Router WiFi Router Tecnolog\u00eda del futuro Tenda<\/p>","protected":false},"featured_media":28447,"comment_status":"open","ping_status":"closed","template":"","meta":[],"product_brand":[],"product_cat":[71],"product_tag":[8292,2146,2080,2093,6790,2084,2078,1693,617,2079,1092,2081,2083,2449,2082,8293,4092,8294,382,163,8291,2088,2085,2428,1150,2306,8295,7547,543,2076,2077],"class_list":{"0":"post-28446","1":"product","2":"type-product","3":"status-publish","4":"has-post-thumbnail","6":"product_cat-wifi-routers","7":"product_tag-1x2-5gbps3x","8":"product_tag-4kqam","9":"product_tag-5ghz-router","10":"product_tag-antennas","11":"product_tag-be5100","12":"product_tag-best-wifi-router","13":"product_tag-dual-band-router","14":"product_tag-dualband","15":"product_tag-gaming","16":"product_tag-gaming-wifi-router","17":"product_tag-gigabit","18":"product_tag-high-speed-router","19":"product_tag-home-wifi-router","20":"product_tag-mesh","21":"product_tag-mesh-wifi-router","22":"product_tag-multilink","23":"product_tag-nfc","24":"product_tag-operationmlo","25":"product_tag-ports","26":"product_tag-pro","27":"product_tag-re6l","28":"product_tag-router","29":"product_tag-router-price","30":"product_tag-tenda","31":"product_tag-vertical","32":"product_tag-vpn","33":"product_tag-vrar","34":"product_tag-wanlan","35":"product_tag-wifi","36":"product_tag-wifi-router","37":"product_tag-wireless-router","39":"first","40":"instock","41":"sale","42":"shipping-taxable","43":"product-type-external"},"_links":{"self":[{"href":"https:\/\/comprasyconsejos.store\/en\/wp-json\/wp\/v2\/product\/28446","targetHints":{"allow":["GET"]}}],"collection":[{"href":"https:\/\/comprasyconsejos.store\/en\/wp-json\/wp\/v2\/product"}],"about":[{"href":"https:\/\/comprasyconsejos.store\/en\/wp-json\/wp\/v2\/types\/product"}],"replies":[{"embeddable":true,"href":"https:\/\/comprasyconsejos.store\/en\/wp-json\/wp\/v2\/comments?post=28446"}],"version-history":[{"count":0,"href":"https:\/\/comprasyconsejos.store\/en\/wp-json\/wp\/v2\/product\/28446\/revisions"}],"wp:featuredmedia":[{"embeddable":true,"href":"https:\/\/comprasyconsejos.store\/en\/wp-json\/wp\/v2\/media\/28447"}],"wp:attachment":[{"href":"https:\/\/comprasyconsejos.store\/en\/wp-json\/wp\/v2\/media?parent=28446"}],"wp:term":[{"taxonomy":"product_brand","embeddable":true,"href":"https:\/\/comprasyconsejos.store\/en\/wp-json\/wp\/v2\/product_brand?post=28446"},{"taxonomy":"product_cat","embeddable":true,"href":"https:\/\/comprasyconsejos.store\/en\/wp-json\/wp\/v2\/product_cat?post=28446"},{"taxonomy":"product_tag","embeddable":true,"href":"https:\/\/comprasyconsejos.store\/en\/wp-json\/wp\/v2\/product_tag?post=28446"}],"curies":[{"name":"wp","href":"https:\/\/api.w.org\/{rel}","templated":true}]}}