{"id":28458,"date":"2026-02-21T05:43:33","date_gmt":"2026-02-21T05:43:33","guid":{"rendered":"https:\/\/comprasyconsejos.store\/product\/rampow-usb-c-cable-fast-charging-4pack-usb-c-to-usb-a-cable-1m1m-usb-c-to-usb-c-cable-1m1m-60w\/"},"modified":"2026-02-21T05:43:43","modified_gmt":"2026-02-21T05:43:43","slug":"rampow-usb-c-cable-fast-charging-4pack-usb-c-to-usb-a-cable-1m1m-usb-c-to-usb-c-cable-1m1m-60w","status":"publish","type":"product","link":"https:\/\/comprasyconsejos.store\/en\/product\/rampow-usb-c-cable-fast-charging-4pack-usb-c-to-usb-a-cable-1m1m-usb-c-to-usb-c-cable-1m1m-60w\/","title":{"rendered":"RAMPOW USB C Cable Fast Charging 4Pack, USB C to USB A Cable 1m+1m, USB C to USB C Cable 1m+1m 60W"},"content":{"rendered":"<p>Price: <span style=\"color:#b12704\">\u20ac5.99<\/span><br \/><i><small>(as of Feb 21, 2026 05:43:33 UTC &#8211; <span class=\"wp_automatic_amazon_disclaimer\" title=\"Product prices and availability are accurate as of the date\/time indicated and are subject to change. Any price and availability information displayed on [relevant Amazon Site(s), as applicable] at the time of purchase will apply to the purchase of this product.\">Details<\/span>)<\/small><\/i><\/p>\n<p><a href=\"https:\/\/amazon.es\/dp\/B0DBQTLMQY?tag=man008-21\"><img decoding=\"async\" src=\"https:\/\/valvepress.s3.amazonaws.com\/imgs\/buy_now.png\"><\/a><br \/>\n<\/p>\n<p>                                             Product Description   <\/p>\n<p>                                                                                                       <img decoding=\"async\" alt=\"Paquete de 4 cables USB negros con conectores USB-A a USB-C y USB-C a USB-C sobre fondo\" src=\"https:\/\/images-na.ssl-images-amazon.com\/images\/G\/01\/x-locale\/common\/grey-pixel.gif\" class=\"a-lazy-loaded\" data-src=\"https:\/\/m.media-amazon.com\/images\/S\/aplus-media-library-service-media\/e460fe73-f658-432c-b7cd-5be4b396f97d.__CR0,0,1464,600_PT0_SX1464_V1___.jpg\"><img decoding=\"async\" alt=\"Paquete de 4 cables USB negros con conectores USB-A a USB-C y USB-C a USB-C sobre fondo\" src=\"https:\/\/m.media-amazon.com\/images\/S\/aplus-media-library-service-media\/e460fe73-f658-432c-b7cd-5be4b396f97d.__CR0,0,1464,600_PT0_SX1464_V1___.jpg\">                                               <\/p>\n<p>                                                                                                       <img decoding=\"async\" alt=\"Tres cables de carga negros con iconos que muestran sus caracter\u00edsticas: cargo kopetek, curvas de m\u00e1s de 2000 veces y amplia compatibilidad con un fondo monta\u00f1oso gris\" src=\"https:\/\/images-na.ssl-images-amazon.com\/images\/G\/01\/x-locale\/common\/grey-pixel.gif\" class=\"a-lazy-loaded\" data-src=\"https:\/\/m.media-amazon.com\/images\/S\/aplus-media-library-service-media\/3d414fb1-5366-4e99-ba73-1a623ce5c3bf.__CR0,0,1464,600_PT0_SX1464_V1___.jpg\"><img decoding=\"async\" alt=\"Tres cables de carga negros con iconos que muestran sus caracter\u00edsticas: cargo kopetek, curvas de m\u00e1s de 2000 veces y amplia compatibilidad con un fondo monta\u00f1oso gris\" src=\"https:\/\/m.media-amazon.com\/images\/S\/aplus-media-library-service-media\/3d414fb1-5366-4e99-ba73-1a623ce5c3bf.__CR0,0,1464,600_PT0_SX1464_V1___.jpg\">                                               <\/p>\n<p>                                                                                                                  <img decoding=\"async\" alt=\"Anuncio de cable de carga para iPhone 16 que muestra un smartphone azul flotante con texto en espa\u00f1ol que indica la compatibilidad con la carga r\u00e1pida USB-C\" src=\"https:\/\/m.media-amazon.com\/images\/S\/aplus-media-library-service-media\/6ee3e1b2-112a-4344-8d79-cce43e3fc989.__CR0,0,1464,600_PT0_SX1464_V1___.jpg\">                                                    <img decoding=\"async\" alt=\"Ilustraci\u00f3n de la conexi\u00f3n del cable de carga del iPhone 15 que muestra un indicador del 70% con un dispositivo y un cable negros sobre un fondo gris.\" src=\"https:\/\/m.media-amazon.com\/images\/S\/aplus-media-library-service-media\/bff31830-9340-4155-8950-e3134d190ff2.__CR0,0,1464,600_PT0_SX1464_V1___.jpg\">                                                    <img decoding=\"async\" alt=\"Primer plano del puerto de carga de un smartphone, que muestra un cable insertado. El texto superpuesto indica un nivel de carga del \u00ab70%\u00bb de un dispositivo Samsung Galaxy\" src=\"https:\/\/m.media-amazon.com\/images\/S\/aplus-media-library-service-media\/4d9ebf43-5f2a-4ee9-ac4c-584511c9d5bb.__CR0,0,1464,600_PT0_SX1464_V1___.jpg\">                                                    <img decoding=\"async\" alt=\"Primer plano de un port\u00e1til MacBook con un cable USB conectado, que muestra una superposici\u00f3n de texto del \u00ab50%\u00bb y destaca la funci\u00f3n de carga o transferencia de datos\" src=\"https:\/\/m.media-amazon.com\/images\/S\/aplus-media-library-service-media\/fbdc5409-a072-4348-ba92-20d00d3923b7.__CR0,0,1464,600_PT0_SX1464_V1___.jpg\"><br \/>\n                            1 para iPhone 16 Carga <\/p>\n<p>                            2 para iPhone 15 Carga <\/p>\n<p>                            3 para Samsung galaxy Carga <\/p>\n<p>                            4 para MacBook Carga <\/p>\n<p>                                                                                                       <img decoding=\"async\" alt=\"Tabla de compatibilidad de productos que muestra los cables de carga USB compatibles con varios dispositivos, incluidos tel\u00e9fonos inteligentes, consolas de juegos y tabletas.\" src=\"https:\/\/images-na.ssl-images-amazon.com\/images\/G\/01\/x-locale\/common\/grey-pixel.gif\" class=\"a-lazy-loaded\" data-src=\"https:\/\/m.media-amazon.com\/images\/S\/aplus-media-library-service-media\/703f72c8-fd28-41a9-a4cd-996cd9ff1c2a.__CR0,0,1464,600_PT0_SX1464_V1___.jpg\"><img decoding=\"async\" alt=\"Tabla de compatibilidad de productos que muestra los cables de carga USB compatibles con varios dispositivos, incluidos tel\u00e9fonos inteligentes, consolas de juegos y tabletas.\" src=\"https:\/\/m.media-amazon.com\/images\/S\/aplus-media-library-service-media\/703f72c8-fd28-41a9-a4cd-996cd9ff1c2a.__CR0,0,1464,600_PT0_SX1464_V1___.jpg\">                                               <\/p>\n<p>                                                                                  <img decoding=\"async\" alt=\"Primer plano del conector y puerto USB-C iluminados, que muestra un dise\u00f1o de conexi\u00f3n segura con un efecto de luz azul\" src=\"https:\/\/m.media-amazon.com\/images\/S\/aplus-media-library-service-media\/2df4f9e2-305d-4416-bffb-220c4cf18641.__CR0,0,1464,600_PT0_SX1464_V1___.jpg\">       <\/p>\n<p>                                                                                  <img decoding=\"async\" alt=\"con triple funci\u00f3n de protecci\u00f3n destacada. El diagrama muestra los componentes internos y un efecto luminoso que indica\" src=\"https:\/\/m.media-amazon.com\/images\/S\/aplus-media-library-service-media\/50ec54b1-f1f8-4ef2-9732-2c2a92a64b52.__CR0,0,1464,600_PT0_SX1464_V1___.jpg\">       <\/p>\n<p>                                                                                                       <img decoding=\"async\" alt=\"con texto \u00abSuave\u00bb. La descripci\u00f3n del producto menciona un material flexible y delicado. Los extremos del cable son visibles.\" src=\"https:\/\/images-na.ssl-images-amazon.com\/images\/G\/01\/x-locale\/common\/grey-pixel.gif\" class=\"a-lazy-loaded\" data-src=\"https:\/\/m.media-amazon.com\/images\/S\/aplus-media-library-service-media\/1602e1ca-b286-4f61-8f5f-92bfdec1e4db.__CR0,0,1464,600_PT0_SX1464_V1___.jpg\"><img decoding=\"async\" alt=\"con texto \u00abSuave\u00bb. La descripci\u00f3n del producto menciona un material flexible y delicado. Los extremos del cable son visibles.\" src=\"https:\/\/m.media-amazon.com\/images\/S\/aplus-media-library-service-media\/1602e1ca-b286-4f61-8f5f-92bfdec1e4db.__CR0,0,1464,600_PT0_SX1464_V1___.jpg\">                                               <\/p>\n<p>                                                                                  <img decoding=\"async\" alt=\"Tres personas descansando en un sof\u00e1 gris, cada una con un dispositivo m\u00f3vil. El texto en espa\u00f1ol de arriba dice \u00abCubra la necesidad de toda la familia\" src=\"https:\/\/m.media-amazon.com\/images\/S\/aplus-media-library-service-media\/1585d9d9-9603-4e79-ab06-900a0dee11b4.__CR0,0,1464,600_PT0_SX1464_V1___.jpg\">       <\/p>\n<p>                                                                                  <img decoding=\"async\" alt=\"Collage de seis im\u00e1genes que muestran un smartphone con el texto \u00abY4\u00bb y personas que utilizan el dispositivo en varios entornos, como escribir y ver contenido\" src=\"https:\/\/m.media-amazon.com\/images\/S\/aplus-media-library-service-media\/9bd90b10-11d9-4ad6-9b9b-c0ac01d036a3.__CR0,0,1464,600_PT0_SX1464_V1___.jpg\">       <\/p>\n<p> Package Dimensions                                            \u200f                                            :                                            \u200e                                            14.7 x 14.4 x 1.7 cm; 120 g   <br \/> Date First Available                                            \u200f                                            :                                            \u200e                                            31 July 2024   <br \/> Manufacturer                                            \u200f                                            :                                            \u200e                                            Shenzhen Velocity Technology Innovations Co., Ltd.   <br \/> ASIN                                            \u200f                                            :                                            \u200e                                            B0DBQTLMQY   <br \/> Item model number                                            \u200f                                            :                                            \u200e                                            RAG01   <br \/> Country of origin                                            \u200f                                            :                                            \u200e                                            China   <br \/>       Best Sellers Rank:  530 in USB Cables       <br \/>  Customer reviews:                                                                                            4.5               4.5 out of 5 stars                                  (203)                                              var dpAcrHasRegisteredArcLinkClickAction;                    P.when(&#8216;A&#8217;, &#8216;ready&#8217;).execute(function(A) {                        if (dpAcrHasRegisteredArcLinkClickAction !== true) {                            dpAcrHasRegisteredArcLinkClickAction = true;                            A.declarative(                                &#8216;acrLink-click-metrics&#8217;, &#8216;click&#8217;,                                { \u00aballowLinkDefault\u00bb: true },                                function (event) {                                    if (window.ue) {                                        ue.count(\u00abacrLinkClickCount\u00bb, (ue.count(\u00abacrLinkClickCount\u00bb) || 0) + 1);                                    }                                }                            );                        }                    });                                             P.when(&#8216;A&#8217;, &#8216;cf&#8217;).execute(function(A) {                A.declarative(&#8216;acrStarsLink-click-metrics&#8217;, &#8216;click&#8217;, { \u00aballowLinkDefault\u00bb : true },  function(event){                    if(window.ue) {                        ue.count(\u00abacrStarsLinkWithPopoverClickCount\u00bb, (ue.count(\u00abacrStarsLinkWithPopoverClickCount\u00bb) || 0) + 1);                    }                });            });                          <\/p>\n<p>\u3010High quality\/price ratio\u3011One purchase solves all charging needs, combination of 4 packs with high value for money. The combination of USB A to USB C and USB C to USB C is convenient and worry-free, suitable for multiple people to use simultaneously, meeting their charging needs in different scenarios.<br \/>\u3010Wide Compatibility\u3011RAMPOW 4-pack charging cables include 2 USB A to USB C cables and 2 USB C to USB C cables, compatible with all Type-C devices such as iPhone 16\/16 Pro\/16 Plus\/15\/15 Pro\/15 Pro Max, Samsung Galaxy S23 \/ S22 \/ S21 \/ S20 \/ S10 \/ Note 20, Xiaomi, Android phones, tablets and more.<br \/>\u3010Fast Charging\u3011Our USB C to USB C cable supports power delivery 3.0 and quick charge 3.0 for power delivery up to 60W. USB A to USB C cables support up to 3A of power for fast charging.<br \/>\u3010Premium Design\u3011Made of TPE material, the same as the original Apple cable, soft and skin-friendly with strong flexibility. Integrated design connector, durable and not easy to break, tested for 10,000+ insertions and 20,000 bending cycles.<br \/>\u3010Integrated Design Connector\u3011Built with a one-piece molded connector, RAMPOW USB C cables are designed for maximum durability. This design minimizes the risk of connector breakage, ensuring a secure and stable connection every time it is connected.<br \/>\u3010What You Can Expect From Us\u3011A quality USB C cable, and quick and easy to access customer service solves your problems within 24 hours. We are here to help!<\/p>\n\n","protected":false},"excerpt":{"rendered":"<p> Product Description 1 para iPhone 16 Carga 2 para iPhone 15 Carga 3 para Samsung<\/p>","protected":false},"featured_media":28459,"comment_status":"open","ping_status":"closed","template":"","meta":[],"product_brand":[],"product_cat":[69],"product_tag":[8297,281,300,182,138,2047,2044,137,2052,2037,2054,2046,2049,8296,133,2050,2042,2040],"class_list":{"0":"post-28458","1":"product","2":"type-product","3":"status-publish","4":"has-post-thumbnail","6":"product_cat-cables-adapters","7":"product_tag-1m1m","8":"product_tag-4pack","9":"product_tag-60w","10":"product_tag-cable","11":"product_tag-charging","12":"product_tag-charging-cable","13":"product_tag-displayport-cable","14":"product_tag-fast","15":"product_tag-hdmi-adapter","16":"product_tag-hdmi-cable","17":"product_tag-multiport-adapter","18":"product_tag-network-cable","19":"product_tag-power-cable","20":"product_tag-rampow","21":"product_tag-usb","22":"product_tag-usb-adapter","23":"product_tag-usb-c-cable","24":"product_tag-usb-cable","26":"first","27":"instock","28":"shipping-taxable","29":"product-type-external"},"_links":{"self":[{"href":"https:\/\/comprasyconsejos.store\/en\/wp-json\/wp\/v2\/product\/28458","targetHints":{"allow":["GET"]}}],"collection":[{"href":"https:\/\/comprasyconsejos.store\/en\/wp-json\/wp\/v2\/product"}],"about":[{"href":"https:\/\/comprasyconsejos.store\/en\/wp-json\/wp\/v2\/types\/product"}],"replies":[{"embeddable":true,"href":"https:\/\/comprasyconsejos.store\/en\/wp-json\/wp\/v2\/comments?post=28458"}],"version-history":[{"count":0,"href":"https:\/\/comprasyconsejos.store\/en\/wp-json\/wp\/v2\/product\/28458\/revisions"}],"wp:featuredmedia":[{"embeddable":true,"href":"https:\/\/comprasyconsejos.store\/en\/wp-json\/wp\/v2\/media\/28459"}],"wp:attachment":[{"href":"https:\/\/comprasyconsejos.store\/en\/wp-json\/wp\/v2\/media?parent=28458"}],"wp:term":[{"taxonomy":"product_brand","embeddable":true,"href":"https:\/\/comprasyconsejos.store\/en\/wp-json\/wp\/v2\/product_brand?post=28458"},{"taxonomy":"product_cat","embeddable":true,"href":"https:\/\/comprasyconsejos.store\/en\/wp-json\/wp\/v2\/product_cat?post=28458"},{"taxonomy":"product_tag","embeddable":true,"href":"https:\/\/comprasyconsejos.store\/en\/wp-json\/wp\/v2\/product_tag?post=28458"}],"curies":[{"name":"wp","href":"https:\/\/api.w.org\/{rel}","templated":true}]}}