{"id":28468,"date":"2026-02-21T05:52:50","date_gmt":"2026-02-21T05:52:50","guid":{"rendered":"https:\/\/comprasyconsejos.store\/product\/thermal-grizzly-duronaut-2-5g-high-performance-and-enhanced-durability-thermal-paste-for-maximum-thermal-conductivity-while-overclocking-cpu-gpu-ps4-ps5-xbox\/"},"modified":"2026-02-21T05:52:52","modified_gmt":"2026-02-21T05:52:52","slug":"thermal-grizzly-duronaut-2-5g-high-performance-and-enhanced-durability-thermal-paste-for-maximum-thermal-conductivity-while-overclocking-cpu-gpu-ps4-ps5-xbox","status":"publish","type":"product","link":"https:\/\/comprasyconsejos.store\/en\/product\/thermal-grizzly-duronaut-2-5g-high-performance-and-enhanced-durability-thermal-paste-for-maximum-thermal-conductivity-while-overclocking-cpu-gpu-ps4-ps5-xbox\/","title":{"rendered":"Thermal Grizzly Duronaut 2.5g High Performance and Enhanced Durability Thermal Paste for Maximum Thermal Conductivity While Overclocking CPU\/GPU\/PS4\/PS5\/Xbox"},"content":{"rendered":"<p>Price: <span style=\"color:#b12704\">\u20ac12.90<\/span><br \/><i><small>(as of Feb 21, 2026 05:52:50 UTC &#8211; <span class=\"wp_automatic_amazon_disclaimer\" title=\"Product prices and availability are accurate as of the date\/time indicated and are subject to change. Any price and availability information displayed on [relevant Amazon Site(s), as applicable] at the time of purchase will apply to the purchase of this product.\">Details<\/span>)<\/small><\/i><\/p>\n<p><a href=\"https:\/\/amazon.es\/dp\/B0DSTWDYD2?tag=man008-21\"><img decoding=\"async\" src=\"https:\/\/valvepress.s3.amazonaws.com\/imgs\/buy_now.png\"><\/a><br \/>\n<\/p>\n<p>                                             Product Description   <\/p>\n<p>                                                                                                       <img decoding=\"async\" alt=\"Duronaut\" src=\"https:\/\/images-na.ssl-images-amazon.com\/images\/G\/01\/x-locale\/common\/grey-pixel.gif\" class=\"a-lazy-loaded\" data-src=\"https:\/\/m.media-amazon.com\/images\/S\/aplus-media-library-service-media\/4dd6b03a-33e1-4057-88de-53ebed36ef31.__CR0,0,2928,1200_PT0_SX1464_V1___.png\"><img decoding=\"async\" alt=\"Duronaut\" src=\"https:\/\/m.media-amazon.com\/images\/S\/aplus-media-library-service-media\/4dd6b03a-33e1-4057-88de-53ebed36ef31.__CR0,0,2928,1200_PT0_SX1464_V1___.png\">                                                 Thermal Grizzly Duronaut                                             Durabilidad y rendimiento extremos para tu PC                                        <\/p>\n<p class=\"aplus-p2 aplus-module-2-description\"> Dise\u00f1ada para m\u00e1ximo rendimiento de refrigeraci\u00f3n y estabilidad a largo plazo. La mezcla de aceite de silicona, micropart\u00edculas de aluminio y nanopart\u00edculas de \u00f3xido de zinc reduce el pump-out y la resistencia t\u00e9rmica. Disponible en 2g | 6g. <\/p>\n<p>                                                                                                       <img decoding=\"async\" alt=\"Duronaut\" src=\"https:\/\/images-na.ssl-images-amazon.com\/images\/G\/01\/x-locale\/common\/grey-pixel.gif\" class=\"a-lazy-loaded\" data-src=\"https:\/\/m.media-amazon.com\/images\/S\/aplus-media-library-service-media\/944bf004-7c9e-4321-84e6-f1d73684b738.__CR0,0,2928,1200_PT0_SX1464_V1___.png\"><img decoding=\"async\" alt=\"Duronaut\" src=\"https:\/\/m.media-amazon.com\/images\/S\/aplus-media-library-service-media\/944bf004-7c9e-4321-84e6-f1d73684b738.__CR0,0,2928,1200_PT0_SX1464_V1___.png\">                                                                                    Aplicaci\u00f3n sencilla para una refrigeraci\u00f3n \u00f3ptima                                        <\/p>\n<p class=\"aplus-p2 aplus-module-2-description\"> Especialmente dise\u00f1ada para una aplicaci\u00f3n precisa y sencilla, esta pasta de alto rendimiento mantiene una capa fina y uniforme para una excelente transferencia de calor. La esp\u00e1tula incluida ayuda a aplicar presi\u00f3n de forma uniforme, reduciendo desorden y pump-out. <\/p>\n<p>                                                                                                       <img decoding=\"async\" alt=\"Duronaut\" src=\"https:\/\/images-na.ssl-images-amazon.com\/images\/G\/01\/x-locale\/common\/grey-pixel.gif\" class=\"a-lazy-loaded\" data-src=\"https:\/\/m.media-amazon.com\/images\/S\/aplus-media-library-service-media\/4e24e3df-e552-4cbd-894b-257279e7e86c.__CR0,0,2928,1200_PT0_SX1464_V1___.png\"><img decoding=\"async\" alt=\"Duronaut\" src=\"https:\/\/m.media-amazon.com\/images\/S\/aplus-media-library-service-media\/4e24e3df-e552-4cbd-894b-257279e7e86c.__CR0,0,2928,1200_PT0_SX1464_V1___.png\">                                                                                    Precisi\u00f3n con herramientas premium                                        <\/p>\n<p class=\"aplus-p2 aplus-module-2-description\"> Nuestra pasta t\u00e9rmica incluye un aplicador, una esp\u00e1tula y la nueva TG Spatula Pro para garantizar una aplicaci\u00f3n uniforme en cada uso. Aplicaci\u00f3n sin complicaciones, menos suciedad y transferencia t\u00e9rmica optimizada \u2013 perfecta para mantener temperaturas bajas y el m\u00e1ximo rendimiento del sistema. <\/p>\n<h3>\n<p class=\"aplus-question aplus-p1\"> Mi pasta t\u00e9rmica es dif\u00edcil de aplicar o se desprende de la superficie. \u00bfQu\u00e9 puedo hacer? <\/p>\n<\/h3>\n<p class=\"aplus-answer aplus-p2\"> Aseg\u00farese de que la superficie est\u00e9 completamente limpia y libre de grasa antes de la aplicaci\u00f3n. La pasta t\u00e9rmica debe estar al menos a temperatura ambiente. Aplique la pasta muy lentamente durante la aplicaci\u00f3n. <\/p>\n<h3>\n<p class=\"aplus-question aplus-p1\"> \u00bfCu\u00e1nto tiempo es utilizable la pasta t\u00e9rmica Thermal Grizzly despu\u00e9s de abrirla? <\/p>\n<\/h3>\n<p class=\"aplus-answer aplus-p2\"> Con un almacenamiento y embalaje adecuados, la pasta t\u00e9rmica puede usarse durante al menos 3 a\u00f1os sin problemas, y a menudo mucho m\u00e1s tiempo. <\/p>\n<h3>\n<p class=\"aplus-question aplus-p1\"> \u00bfPor qu\u00e9 no encuentro el valor de conductividad t\u00e9rmica en el envase? <\/p>\n<\/h3>\n<p class=\"aplus-answer aplus-p2\"> Los valores de conductividad t\u00e9rmica var\u00edan considerablemente seg\u00fan factores como la presi\u00f3n de contacto, la temperatura y la superficie. Por lo tanto, no se proporcionan valores espec\u00edficos en el envase. <\/p>\n<h3>\n<p class=\"aplus-question aplus-p1\"> \u00bfDebo almacenar la pasta t\u00e9rmica en su envase original despu\u00e9s de usarla? <\/p>\n<\/h3>\n<p class=\"aplus-answer aplus-p2\"> El envase de Thermal Grizzly est\u00e1 especialmente recubierto en el interior para proteger la jeringa y su contenido de la radiaci\u00f3n UV y las influencias ambientales. Recomendamos almacenarla en su envase original. <\/p>\n<p>                                                            Aplicaci\u00f3n de la pasta t\u00e9rmica Thermal Grizzly                                            <img decoding=\"async\" alt=\"Duronaut\" src=\"https:\/\/images-na.ssl-images-amazon.com\/images\/G\/01\/x-locale\/common\/grey-pixel.gif\" class=\"a-lazy-loaded\" data-src=\"https:\/\/m.media-amazon.com\/images\/S\/aplus-media-library-service-media\/4a51162b-cf09-42cf-8fa9-3bc2e8d04d02.__CR0,252,3936,2119_PT0_SX650_V1___.jpg\"><img decoding=\"async\" alt=\"Duronaut\" src=\"https:\/\/m.media-amazon.com\/images\/S\/aplus-media-library-service-media\/4a51162b-cf09-42cf-8fa9-3bc2e8d04d02.__CR0,252,3936,2119_PT0_SX650_V1___.jpg\">                                            Aplicar una peque\u00f1a cantidad de pasta en la CPU                                         <\/p>\n<p class=\"aplus-p3\"> La superficie debe estar limpia y libre de grasa. Se recomienda utilizar TG Remove o TG Cleaning Wipes. La pasta debe aplicarse a temperatura ambiente. <\/p>\n<p>                                           <img decoding=\"async\" alt=\"Duronaut\" src=\"https:\/\/images-na.ssl-images-amazon.com\/images\/G\/01\/x-locale\/common\/grey-pixel.gif\" class=\"a-lazy-loaded\" data-src=\"https:\/\/m.media-amazon.com\/images\/S\/aplus-media-library-service-media\/701d6065-3ce4-46ed-80ee-1b60ca8d897f.__CR0,252,3936,2119_PT0_SX650_V1___.jpg\"><img decoding=\"async\" alt=\"Duronaut\" src=\"https:\/\/m.media-amazon.com\/images\/S\/aplus-media-library-service-media\/701d6065-3ce4-46ed-80ee-1b60ca8d897f.__CR0,252,3936,2119_PT0_SX650_V1___.jpg\">                                            Extender la pasta t\u00e9rmica                                         <\/p>\n<p class=\"aplus-p3\"> Es importante extender la pasta muy lentamente. En una CPU Intel o AMD, un solo movimiento deber\u00eda durar unos 3 segundos. Cuanto m\u00e1s lento sea el movimiento, m\u00e1s uniforme ser\u00e1 la aplicaci\u00f3n. <\/p>\n<p>The video showcases the product in use.The video guides you through product setup.The video compares multiple products.The video shows the product being unpacked. Duronaut Application Merchant video<\/p>\n<p> Product Dimensions                                            \u200f                                            :                                            \u200e                                            20 x 10 x 1.5 cm; 2 g   <br \/> Manufacturer                                            \u200f                                            :                                            \u200e                                            Thermal Grizzly   <br \/> ASIN                                            \u200f                                            :                                            \u200e                                            B0DSTWDYD2   <br \/> Item model number                                            \u200f                                            :                                            \u200e                                            TG-D-002-R   <br \/> Guaranteed software updates until                                            \u200f                                            :                                            \u200e                                            unknown   <br \/>  Customer reviews:                                                                                            4.4               4.4 out of 5 stars                                  (870)                                              var dpAcrHasRegisteredArcLinkClickAction;                    P.when(&#8216;A&#8217;, &#8216;ready&#8217;).execute(function(A) {                        if (dpAcrHasRegisteredArcLinkClickAction !== true) {                            dpAcrHasRegisteredArcLinkClickAction = true;                            A.declarative(                                &#8216;acrLink-click-metrics&#8217;, &#8216;click&#8217;,                                { \u00aballowLinkDefault\u00bb: true },                                function (event) {                                    if (window.ue) {                                        ue.count(\u00abacrLinkClickCount\u00bb, (ue.count(\u00abacrLinkClickCount\u00bb) || 0) + 1);                                    }                                }                            );                        }                    });                                             P.when(&#8216;A&#8217;, &#8216;cf&#8217;).execute(function(A) {                A.declarative(&#8216;acrStarsLink-click-metrics&#8217;, &#8216;click&#8217;, { \u00aballowLinkDefault\u00bb : true },  function(event){                    if(window.ue) {                        ue.count(\u00abacrStarsLinkWithPopoverClickCount\u00bb, (ue.count(\u00abacrStarsLinkWithPopoverClickCount\u00bb) || 0) + 1);                    }                });            });                          <\/p>\n<p>EXCEPTIONAL LONG-TERM STABILITY &#8211; Duronaut is engineered for exceptional durability, maintaining its performance for long periods without hardening.<br \/>SUPERIOR THERMAL CONDUCTIVITY &#8211; Formulated with aluminum microparticles and zinc oxide nanoparticles, ensures efficient heat transfer for optimal cooling.<br \/>ELECTRICALLY NON-CONDUCTIVE &#8211; Safe to use on all electronic components, avoiding any risk of short circuits during application.<br \/>MINIMIZED PUMPING EFFECT &#8211; Specialized particle composition reduces thermal resistance and improves adhesion, ensuring consistent performance.<br \/>EASY APPLICATION &#8211; Includes the TG Pro spatula for precise and fine application, maximizing thermal efficiency.<\/p>\n\n","protected":false},"excerpt":{"rendered":"<p> Product Description Thermal Grizzly Duronaut Durabilidad y rendimiento extremos para tu PC Dise\u00f1ada para m\u00e1ximo<\/p>","protected":false},"featured_media":28469,"comment_status":"open","ping_status":"closed","template":"","meta":[],"product_brand":[],"product_cat":[67],"product_tag":[2302,2039,2060,2045,2034,6046,2884,6045,2445,3715,2043,197,2038,849,4390,2056,1551,2053,2035,2036,2033,2041,2048],"class_list":{"0":"post-28468","1":"product","2":"type-product","3":"status-publish","4":"has-post-thumbnail","6":"product_cat-thermal-paste","7":"product_tag-2-5g","8":"product_tag-best-thermal-paste","9":"product_tag-conductivity","10":"product_tag-cpu-cooling-paste","11":"product_tag-cpu-thermal-paste","12":"product_tag-cpugpups4ps5xbox","13":"product_tag-durability","14":"product_tag-duronaut","15":"product_tag-enhanced","16":"product_tag-grizzly","17":"product_tag-heat-sink-paste","18":"product_tag-high","19":"product_tag-high-performance-thermal-paste","20":"product_tag-maximum","21":"product_tag-overclocking","22":"product_tag-paste","23":"product_tag-performance","24":"product_tag-thermal","25":"product_tag-thermal-compound","26":"product_tag-thermal-grease","27":"product_tag-thermal-paste","28":"product_tag-thermal-paste-for-gaming-pc","29":"product_tag-thermal-paste-price","31":"first","32":"instock","33":"shipping-taxable","34":"product-type-external"},"_links":{"self":[{"href":"https:\/\/comprasyconsejos.store\/en\/wp-json\/wp\/v2\/product\/28468","targetHints":{"allow":["GET"]}}],"collection":[{"href":"https:\/\/comprasyconsejos.store\/en\/wp-json\/wp\/v2\/product"}],"about":[{"href":"https:\/\/comprasyconsejos.store\/en\/wp-json\/wp\/v2\/types\/product"}],"replies":[{"embeddable":true,"href":"https:\/\/comprasyconsejos.store\/en\/wp-json\/wp\/v2\/comments?post=28468"}],"version-history":[{"count":0,"href":"https:\/\/comprasyconsejos.store\/en\/wp-json\/wp\/v2\/product\/28468\/revisions"}],"wp:featuredmedia":[{"embeddable":true,"href":"https:\/\/comprasyconsejos.store\/en\/wp-json\/wp\/v2\/media\/28469"}],"wp:attachment":[{"href":"https:\/\/comprasyconsejos.store\/en\/wp-json\/wp\/v2\/media?parent=28468"}],"wp:term":[{"taxonomy":"product_brand","embeddable":true,"href":"https:\/\/comprasyconsejos.store\/en\/wp-json\/wp\/v2\/product_brand?post=28468"},{"taxonomy":"product_cat","embeddable":true,"href":"https:\/\/comprasyconsejos.store\/en\/wp-json\/wp\/v2\/product_cat?post=28468"},{"taxonomy":"product_tag","embeddable":true,"href":"https:\/\/comprasyconsejos.store\/en\/wp-json\/wp\/v2\/product_tag?post=28468"}],"curies":[{"name":"wp","href":"https:\/\/api.w.org\/{rel}","templated":true}]}}