{"id":28472,"date":"2026-02-21T05:55:04","date_gmt":"2026-02-21T05:55:04","guid":{"rendered":"https:\/\/comprasyconsejos.store\/product\/arctic-liquid-freezer-iii-420-a-rgb-liquid-cooling-pc-aio-for-cpu-intel-and-amd-efficient-pwm-controlled-pump-fan-200-1900-rpm-lga1851-and-lga1700-contact-frame-white\/"},"modified":"2026-02-21T05:55:15","modified_gmt":"2026-02-21T05:55:15","slug":"arctic-liquid-freezer-iii-420-a-rgb-liquid-cooling-pc-aio-for-cpu-intel-and-amd-efficient-pwm-controlled-pump-fan-200-1900-rpm-lga1851-and-lga1700-contact-frame-white","status":"publish","type":"product","link":"https:\/\/comprasyconsejos.store\/en\/product\/arctic-liquid-freezer-iii-420-a-rgb-liquid-cooling-pc-aio-for-cpu-intel-and-amd-efficient-pwm-controlled-pump-fan-200-1900-rpm-lga1851-and-lga1700-contact-frame-white\/","title":{"rendered":"ARCTIC Liquid Freezer III 420 A-RGB &#8211; Liquid Cooling PC, AIO for CPU, Intel and AMD, Efficient PWM Controlled Pump, Fan: 200-1900 rpm, LGA1851 and LGA1700 Contact Frame &#8211; White"},"content":{"rendered":"<p>Price: <span style=\"color:#b12704\"><del>\u20ac147.99<\/del> - \u20ac98.55<\/span><br \/><i><small>(as of Feb 21, 2026 05:55:04 UTC &#8211; <span class=\"wp_automatic_amazon_disclaimer\" title=\"Product prices and availability are accurate as of the date\/time indicated and are subject to change. Any price and availability information displayed on [relevant Amazon Site(s), as applicable] at the time of purchase will apply to the purchase of this product.\">Details<\/span>)<\/small><\/i><\/p>\n<p><a href=\"https:\/\/amazon.es\/dp\/B09VGPZ262?tag=man008-21\"><img decoding=\"async\" src=\"https:\/\/valvepress.s3.amazonaws.com\/imgs\/buy_now.png\"><\/a><br \/>\n<\/p>\n<p>                                             Product Description   <\/p>\n<p>                                                                                                       <img decoding=\"async\" alt=\"Liquid Freezer III\" src=\"https:\/\/images-na.ssl-images-amazon.com\/images\/G\/01\/x-locale\/common\/grey-pixel.gif\" class=\"a-lazy-loaded\" data-src=\"https:\/\/m.media-amazon.com\/images\/S\/aplus-media-library-service-media\/1ce7590b-18e3-4e41-b28f-f8c866c92921.__CR0,0,1464,600_PT0_SX1464_V1___.jpg\"><img decoding=\"async\" alt=\"Liquid Freezer III\" src=\"https:\/\/m.media-amazon.com\/images\/S\/aplus-media-library-service-media\/1ce7590b-18e3-4e41-b28f-f8c866c92921.__CR0,0,1464,600_PT0_SX1464_V1___.jpg\">                                               <\/p>\n<p>The video showcases the product in use.The video guides you through product setup.The video compares multiple products.The video shows the product being unpacked. hero-video Merchant video<\/p>\n<p>                                                                                                                    <img decoding=\"async\" alt=\"ARCTIC Liquid Freezer III\" src=\"https:\/\/m.media-amazon.com\/images\/S\/aplus-media-library-service-media\/0c1e2e0f-c94c-4a06-89da-190fff54bd15.__CR0,0,1464,600_PT0_SX1464_V1___.jpg\">                                                      <\/p>\n<p class=\"aplus-p3\"> 60 mm Fan en CPU bloque <\/p>\n<p>                                             Refrigeraci\u00f3n activa en la zona del z\u00f3calo                                       <\/p>\n<p class=\"description aplus-p1\"> Permite una carga constantemente superior y una mayor vida \u00fatil de los convertidores de voltaje. <\/p>\n<p>                                                      <img decoding=\"async\" alt=\"ARCTIC Liquid Freezer III\" src=\"https:\/\/m.media-amazon.com\/images\/S\/aplus-media-library-service-media\/eec64449-19d7-4bbb-9fe2-c9cd6f67f714.__CR0,0,1464,600_PT0_SX1464_V1___.jpg\">                                                      <\/p>\n<p class=\"aplus-p3\"> Sustituye el ILM est\u00e1ndar <\/p>\n<p>                                             Presi\u00f3n de contacto uniforme para LGA1851 | 1700                                       <\/p>\n<p class=\"description aplus-p1\"> Tensi\u00f3n mec\u00e1nica m\u00ednima en la CPU y la placa base y mayor rendimiento de la refrigeraci\u00f3n. <\/p>\n<p>                                                      <img decoding=\"async\" alt=\"ARCTIC Liquid Freezer III\" src=\"https:\/\/m.media-amazon.com\/images\/S\/aplus-media-library-service-media\/f00b5726-a93d-4aa7-9111-b152905fa3db.__CR0,0,1464,600_PT0_SX1464_V1___.jpg\">                                                      <\/p>\n<p class=\"aplus-p3\"> Placa fr\u00eda offset de 5 mm <\/p>\n<p>                                             Centrado en el hotspot de la CPU                                       <\/p>\n<p class=\"description aplus-p1\"> Mejores temperaturas en chips AMD multi-die gracias al montaje offset vertical. <\/p>\n<p>                                                      <img decoding=\"async\" alt=\"ARCTIC Liquid Freezer III\" src=\"https:\/\/m.media-amazon.com\/images\/S\/aplus-media-library-service-media\/2eadf109-dec7-4b12-a523-5fd3ea6e1fb2.__CR0,0,1464,600_PT0_SX1464_V1___.jpg\">                                                      <\/p>\n<p class=\"aplus-p3\"> Aletas un 23% m\u00e1s grandes <\/p>\n<p>                                             M\u00e1s superficie, m\u00e1s potencia                                       <\/p>\n<p class=\"description aplus-p1\"> Temperaturas siempre m\u00e1s bajas gracias a la estructura interna optimizada del radiador de 38 mm. <\/p>\n<p>                                                      <img decoding=\"async\" alt=\"ARCTIC Liquid Freezer III\" src=\"https:\/\/m.media-amazon.com\/images\/S\/aplus-media-library-service-media\/432406b5-ccb0-4330-99e1-6922e7cb2bbe.__CR0,0,1464,600_PT0_SX1464_V1___.jpg\">                                                      <\/p>\n<p class=\"aplus-p3\"> Dos modos de control <\/p>\n<p>                                             Control total o control simple                                       <\/p>\n<p class=\"description aplus-p1\"> Control individual de la bomba VRM\/Ventilador del radiator o todo a trav\u00e9s de una conexi\u00f3n. <\/p>\n<p>                            1 Ventilador VRM <\/p>\n<p>                            2 Intel Contact Frame <\/p>\n<p>                            3 Montaje offset AMD <\/p>\n<p>                            4 Radiador optimizado <\/p>\n<p>                            5 Opciones de conexi\u00f3n <\/p>\n<p>                                                                <img decoding=\"async\" alt=\"\" src=\"https:\/\/images-na.ssl-images-amazon.com\/images\/G\/01\/x-locale\/common\/grey-pixel.gif\" class=\"a-lazy-loaded\" data-src=\"https:\/\/m.media-amazon.com\/images\/S\/aplus-media-library-service-media\/963b0326-64cc-4ae2-873a-a109548efa92.__CR0,0,1464,600_PT0_SX1464_V1___.jpg\"><img decoding=\"async\" alt=\"\" src=\"https:\/\/m.media-amazon.com\/images\/S\/aplus-media-library-service-media\/963b0326-64cc-4ae2-873a-a109548efa92.__CR0,0,1464,600_PT0_SX1464_V1___.jpg\">        <\/p>\n<h3 class=\"a-size-extra-large a-spacing-base a-text-center\"> Especificaciones T\u00e9cnicas <\/h3>\n<p>                                                        Compatibilidad                                    Z\u00f3calo Intel: LGA1851, LGA1700; Z\u00f3calo AMD: AM5, AM4; PI | NNPI: 374 | 339; Pasta Conductora T\u00e9rmica: MX-6 (0,8 g); Temperatura ambiente de funcionamiento: 0\u201340 \u00b0C; Conexi\u00f3n LED: Toma A-RGB de 3 patillas; Conexi\u00f3n todo en uno: Toma PWM de 4 patillas; Conexi\u00f3n dividida: 3 Tomas PWM de 4 patillas                                        Bomba                                    Bomba: 800\u20132800 rpm, Controlada por PWM; Corriente | Tensi\u00f3n: 0,35 A | 12 V DC; Placa fr\u00eda: Cobre, Aletas microdentadas; Longitud de la manguera: 450 mm; Di\u00e1metro de la manguera: Exterior: 12,4 mm, Interior: 6,0 mm                                        M\u00f3dulo VRM                                    Ventilador VRM: 400\u20132500 rpm, Controlado por PWM; Corriente | Tensi\u00f3n: 0,05 A | 12 V DC; LEDs: 12x A-RGB LEDs; Corriente | Tensi\u00f3n: 0,40 A | 5 V DC                                        Ventilador del Radiador                                    Ventilador: 3x P14 PWM PST A-RGB; Velocidad: 200\u20131900 rpm; Caudal de aire: 69,90 cfm | 117,06 m\u00b3\/h; Presi\u00f3n est\u00e1tica: 2,0 mmH\u2082O; Cojinete: Cojinete de manguito hidrodin\u00e1mico; Corriente | Tensi\u00f3n: 0,17 A | 12 V DC; Longitud del cable: 40 mm; Conexi\u00f3n: Toma PWM de 4 polos                                        Especificaciones RGB                                    LEDs: 12x LEDs A-RGB; Corriente | Tensi\u00f3n: 0,4 A | 5 V DC; Longitud del cable: 40 mm + Cable divisor de 80 mm; Conexi\u00f3n: Toma A-RGB de 3 patillas + Clavija de 3 patillas                                        Tama\u00f1o y Peso                                    Radiador: 458 (L) x 138 (An) x 38 (Al) mm; Radiador &amp; Ventilador: 458 (L) x 138 (An) x 68 (Al) mm; Peso: 2325 g                                        Condicionalmente compatible**                                    ASRock: B650E PG-ITX WiFi, Z790 Taichi Lite  ASUS ROG: Z790 Taichi Lite, Crosshair X670E Extreme, Maximus Z690 Apex, Maximus Z690 Extreme, Maximus Z790 Apex (Encore), Maximus Z790 Extreme, Maximus Z790 Formula, Strix B650E-I Gaming WIFI, Strix X570-I Gaming, Strix X670E-E Gaming WIFI, Strix X670E-I Gaming WIFI GIGABYTE: B650E AORUS Master, X670 AORUS Pro AX, X670E AORUS Xtreme, Z690 AORUS Master\/Ultra\/Xtreme, Z690I AORUS Ultra DDR4, Z790 Aero G, Z790 AORUS Master, Z790 AORUS Xtreme (X)                                        Incompatible                                    ASRock: A320TM-ITX, X300TM-ITX, X570 AQUA, X570 Phantom Gaming-ITX\/TB3, X570D4I-2T, Z690 AQUA, Z690 AQUA OC ASUS: Prime A320M-E, Prime B350M-E, Prime B450M-K, ROG Maximus Z690 extreme Glacial, ROG Maximus Z690 Formula, ROG Strix Z690-I Gaming WIFI, ROG Strix Z790-I Gaming WIFI  GIGABYTE: B650I AORUS Ultra MSI: MPG X570S Carbon EK X, MPG Z690 Carbon EK X                                        **Nota                                    **La altura del disipador M.2_1 preinstalado se solapa con la bomba del Liquid Freezer III. ARCTIC proporciona un disipador M.2 adecuado. Por favor, p\u00f3ngase en contacto con el soporte de ARCTIC para obtener un reemplazo gratuito. Por favor, incluya la factura de su placa base como prueba con su solicitud.                  <\/p>\n<h3 class=\"a-text-center aplus-h1 a-text-bold\"> Comparaci\u00f3n de la serie Liquid Freezer III <\/h3>\n<p>                         Add To Basket  <\/p>\n<p>                         Add To Basket  <\/p>\n<p>                         Add To Basket  <\/p>\n<p>                         Add To Basket  <\/p>\n<p>                         Add To Basket  <\/p>\n<p>                         Add To Basket  <\/p>\n<p>                         Add To Basket  <\/p>\n<p>                                     Customer Reviews  <\/p>\n<p>                    4.5 out of 5 stars  797  <\/p>\n<p>                    4.3 out of 5 stars  2,883  <\/p>\n<p>                    4.5 out of 5 stars  3,770  <\/p>\n<p>                    4.5 out of 5 stars  3,770  <\/p>\n<p>                    4.6 out of 5 stars  650  <\/p>\n<p>                    4.5 out of 5 stars  1,156  <\/p>\n<p>                    4.0 out of 5 stars  13  <\/p>\n<p>                                     Price  <\/p>\n<p>                                                        \u20ac98.55\u20ac98.55     <\/p>\n<p>                                                        \u20ac86.99\u20ac86.99     <\/p>\n<p>                                                        \u20ac96.49\u20ac96.49     <\/p>\n<p>                                                        \u20ac103.49\u20ac103.49     <\/p>\n<p>                                                        \u20ac106.49\u20ac106.49     <\/p>\n<p>                                                        \u20ac82.99\u20ac82.99     <\/p>\n<p>                                                        \u20ac4.99\u20ac4.99     <\/p>\n<p>                                     Z\u00f3calo Intel  <\/p>\n<p>                                                LGA1851, LGA1700    <\/p>\n<p>                                                LGA1851, LGA1700    <\/p>\n<p>                                                LGA1851, LGA1700    <\/p>\n<p>                                                LGA1851, LGA1700    <\/p>\n<p>                                                LGA1851, LGA1700    <\/p>\n<p>                                                LGA1851, LGA1700    <\/p>\n<p>                                                    \u2014    <\/p>\n<p>                                     Z\u00f3calo AMD  <\/p>\n<p>                                                AM5, AM4    <\/p>\n<p>                                                AM5, AM4    <\/p>\n<p>                                                AM5, AM4    <\/p>\n<p>                                                AM5, AM4    <\/p>\n<p>                                                AM5, AM4    <\/p>\n<p>                                                AM5, AM4    <\/p>\n<p>                                                    \u2014    <\/p>\n<p>                                     LED A-RGB  <\/p>\n<p>                                                12x Ventilador, 12x M\u00f3dulo VRM    <\/p>\n<p>                                                \/    <\/p>\n<p>                                                12x Ventilador, 12x M\u00f3dulo VRM    <\/p>\n<p>                                                12x Ventilador, 12x M\u00f3dulo VRM    <\/p>\n<p>                                                \/    <\/p>\n<p>                                                12x Ventilador, 12x M\u00f3dulo VRM    <\/p>\n<p>                                                    \u2014    <\/p>\n<p>                                     Ventilador  <\/p>\n<p>                                                3x P14 PWM PST A-RGB    <\/p>\n<p>                                                3x P12 Pro    <\/p>\n<p>                                                3x P12 Pro A-RGB    <\/p>\n<p>                                                3x P12 Pro A-RGB    <\/p>\n<p>                                                3x P14 Pro    <\/p>\n<p>                                                2x P12 Pro A-RGB    <\/p>\n<p>                                                    \u2014    <\/p>\n<p>                                     Velocidad del Ventilador  <\/p>\n<p>                                                200\u20131900 rpm    <\/p>\n<p>                                                600\u20133000 rpm    <\/p>\n<p>                                                600\u20133000 rpm    <\/p>\n<p>                                                600\u20133000 rpm    <\/p>\n<p>                                                400\u20132500 rpm    <\/p>\n<p>                                                600\u20133000 rpm    <\/p>\n<p>                                                    \u2014    <\/p>\n<p>                                     Conexi\u00f3n RGB  <\/p>\n<p>                                                Toma A-RGB de 3 Patillas    <\/p>\n<p>                                                \/    <\/p>\n<p>                                                Toma A-RGB de 3 Patillas    <\/p>\n<p>                                                Toma A-RGB de 3 Patillas    <\/p>\n<p>                                                \/    <\/p>\n<p>                                                Toma A-RGB de 3 Patillas    <\/p>\n<p>                                                    \u2014    <\/p>\n<p>                                     Longitud Manguera  <\/p>\n<p>                                                450 mm    <\/p>\n<p>                                                450 mm    <\/p>\n<p>                                                450 mm    <\/p>\n<p>                                                450 mm    <\/p>\n<p>                                                450 mm    <\/p>\n<p>                                                450 mm    <\/p>\n<p>                                                    \u2014    <\/p>\n<p>                                     Dimensiones (Radiador)  <\/p>\n<p>                                                458 (L) x 138 (A) x 38 (Al) mm    <\/p>\n<p>                                                398 (L) x 120 (A) x 38 (Al) mm    <\/p>\n<p>                                                398 (L) x 120 (A) x 38 (Al) mm    <\/p>\n<p>                                                398 (L) x 120 (A) x 38 (Al) mm    <\/p>\n<p>                                                458 (L) x 138 (A) x 38 (Al) mm    <\/p>\n<p>                                                277 (L) x 120 (A) x 38 (Al) mm    <\/p>\n<p>                                                    \u2014    <\/p>\n<p>                                     Peso  <\/p>\n<p>                                                2325 g    <\/p>\n<p>                                                2020 g    <\/p>\n<p>                                                2005 g    <\/p>\n<p>                                                2005 g    <\/p>\n<p>                                                2370 g    <\/p>\n<p>                                                1665 g    <\/p>\n<p>                                                    \u2014    <\/p>\n<p>                                                                                                       <img decoding=\"async\" alt=\"ARCTIC Liquid Freezer III\" src=\"https:\/\/images-na.ssl-images-amazon.com\/images\/G\/01\/x-locale\/common\/grey-pixel.gif\" class=\"a-lazy-loaded\" data-src=\"https:\/\/m.media-amazon.com\/images\/S\/aplus-media-library-service-media\/bcfa7b89-81d0-41c1-9ad7-7bfd2d51809b.__CR0,0,1464,600_PT0_SX1464_V1___.jpg\"><img decoding=\"async\" alt=\"ARCTIC Liquid Freezer III\" src=\"https:\/\/m.media-amazon.com\/images\/S\/aplus-media-library-service-media\/bcfa7b89-81d0-41c1-9ad7-7bfd2d51809b.__CR0,0,1464,600_PT0_SX1464_V1___.jpg\">                                               <\/p>\n<p> Product Dimensions                                            \u200f                                            :                                            \u200e                                            45.8 x 14 x 6.5 cm; 2.32 kg   <br \/> Date First Available                                            \u200f                                            :                                            \u200e                                            7 Jan. 2023   <br \/> Manufacturer                                            \u200f                                            :                                            \u200e                                            ARCTIC   <br \/> ASIN                                            \u200f                                            :                                            \u200e                                            B09VGPZ262   <br \/> Item model number                                            \u200f                                            :                                            \u200e                                            ACFRE00153A   <br \/> Country of origin                                            \u200f                                            :                                            \u200e                                            China   <br \/>       Best Sellers Rank:  3,274 in Computers (See Top 100 in Computers)    21 in Water Cooling Systems      <br \/>  Customer reviews:                                                                                            4.5               4.5 out of 5 stars                                  (797)                                              var dpAcrHasRegisteredArcLinkClickAction;                    P.when(&#8216;A&#8217;, &#8216;ready&#8217;).execute(function(A) {                        if (dpAcrHasRegisteredArcLinkClickAction !== true) {                            dpAcrHasRegisteredArcLinkClickAction = true;                            A.declarative(                                &#8216;acrLink-click-metrics&#8217;, &#8216;click&#8217;,                                { \u00aballowLinkDefault\u00bb: true },                                function (event) {                                    if (window.ue) {                                        ue.count(\u00abacrLinkClickCount\u00bb, (ue.count(\u00abacrLinkClickCount\u00bb) || 0) + 1);                                    }                                }                            );                        }                    });                                             P.when(&#8216;A&#8217;, &#8216;cf&#8217;).execute(function(A) {                A.declarative(&#8216;acrStarsLink-click-metrics&#8217;, &#8216;click&#8217;, { \u00aballowLinkDefault\u00bb : true },  function(event){                    if(window.ue) {                        ue.count(\u00abacrStarsLinkWithPopoverClickCount\u00bb, (ue.count(\u00abacrStarsLinkWithPopoverClickCount\u00bb) || 0) + 1);                    }                });            });                          <\/p>\n<p>CONTACT FRAME FOR INTEL LGA1851 AND LGA1700: Better contact pressure distribution across the Intel mounting frame for efficient heat transfer, thanks to a uniform CPU contact surface<br \/>AMD NATIVE OFFSET MOUNT: Optimized for the multi-die chiplet design of Ryzen processors &#8211; 5mm offset for optimal CPU hotspot coverage leads to more efficient heat transfer<br \/>ACTIVE COOLING OF VOLTAGE CONVERTERS: PWM-controlled VRM fan that additionally cools base zone components such as voltage converters<br \/>INTEGRATED WIRING MANAGEMENT: Radiator fan PWM cables are integrated into the hose liner, meaning that only one visible cable is connected to the motherboard<br \/>LIMITED COMPATIBILITY WITH SOME MOTHERBOARDS: Large heatsinks in M.2_1 slot may cause compatibility issues. In the technical data, in the manual and on the manufacturer&#8217;s website you will find an overview and a solution. Please use compatibility check<\/p>\n\n","protected":false},"excerpt":{"rendered":"<p> Product Description The video showcases the product in use.The video guides you through product setup.The<\/p>","protected":false},"featured_media":28473,"comment_status":"open","ping_status":"closed","template":"","meta":[],"product_brand":[],"product_cat":[65],"product_tag":[2003,2005,3683,530,2880,1568,2013,1998,2015,3313,8298,989,2009,598,2643,910,1573,2697,2011,1647,562,8300,8299,677,2000,4286,2023,2007,2001,2474,205],"class_list":{"0":"post-28472","1":"product","2":"type-product","3":"status-publish","4":"has-post-thumbnail","6":"product_cat-case-fan","7":"product_tag-120mm-case-fan","8":"product_tag-140mm-case-fan","9":"product_tag-aio","10":"product_tag-amd","11":"product_tag-arctic","12":"product_tag-argb","13":"product_tag-best-case-fan","14":"product_tag-case-fan","15":"product_tag-computer-cooling-fan","16":"product_tag-contact","17":"product_tag-controlled","18":"product_tag-cooling","19":"product_tag-cooling-fan-for-pc","20":"product_tag-cpu","21":"product_tag-efficient","22":"product_tag-fan","23":"product_tag-frame","24":"product_tag-freezer","25":"product_tag-high-airflow-case-fan","26":"product_tag-iii","27":"product_tag-intel","28":"product_tag-lga1700","29":"product_tag-lga1851","30":"product_tag-liquid","31":"product_tag-pc-case-fan","32":"product_tag-pump","33":"product_tag-pwm","34":"product_tag-quiet-case-fan","35":"product_tag-rgb-case-fan","36":"product_tag-rpm","37":"product_tag-white","39":"first","40":"instock","41":"sale","42":"shipping-taxable","43":"product-type-external"},"_links":{"self":[{"href":"https:\/\/comprasyconsejos.store\/en\/wp-json\/wp\/v2\/product\/28472","targetHints":{"allow":["GET"]}}],"collection":[{"href":"https:\/\/comprasyconsejos.store\/en\/wp-json\/wp\/v2\/product"}],"about":[{"href":"https:\/\/comprasyconsejos.store\/en\/wp-json\/wp\/v2\/types\/product"}],"replies":[{"embeddable":true,"href":"https:\/\/comprasyconsejos.store\/en\/wp-json\/wp\/v2\/comments?post=28472"}],"version-history":[{"count":0,"href":"https:\/\/comprasyconsejos.store\/en\/wp-json\/wp\/v2\/product\/28472\/revisions"}],"wp:featuredmedia":[{"embeddable":true,"href":"https:\/\/comprasyconsejos.store\/en\/wp-json\/wp\/v2\/media\/28473"}],"wp:attachment":[{"href":"https:\/\/comprasyconsejos.store\/en\/wp-json\/wp\/v2\/media?parent=28472"}],"wp:term":[{"taxonomy":"product_brand","embeddable":true,"href":"https:\/\/comprasyconsejos.store\/en\/wp-json\/wp\/v2\/product_brand?post=28472"},{"taxonomy":"product_cat","embeddable":true,"href":"https:\/\/comprasyconsejos.store\/en\/wp-json\/wp\/v2\/product_cat?post=28472"},{"taxonomy":"product_tag","embeddable":true,"href":"https:\/\/comprasyconsejos.store\/en\/wp-json\/wp\/v2\/product_tag?post=28472"}],"curies":[{"name":"wp","href":"https:\/\/api.w.org\/{rel}","templated":true}]}}