{"id":28511,"date":"2026-02-21T06:31:20","date_gmt":"2026-02-21T06:31:20","guid":{"rendered":"https:\/\/comprasyconsejos.store\/product\/brother-lc3237bk-original-ink-cartridge-for-mfcj5945dw-mfcj6945dw-and-hlj6000-printers-estimated-life-up-to-3000-pages-according-to-iso-iec-24711-black\/"},"modified":"2026-02-21T06:31:21","modified_gmt":"2026-02-21T06:31:21","slug":"brother-lc3237bk-original-ink-cartridge-for-mfcj5945dw-mfcj6945dw-and-hlj6000-printers-estimated-life-up-to-3000-pages-according-to-iso-iec-24711-black","status":"publish","type":"product","link":"https:\/\/comprasyconsejos.store\/en\/product\/brother-lc3237bk-original-ink-cartridge-for-mfcj5945dw-mfcj6945dw-and-hlj6000-printers-estimated-life-up-to-3000-pages-according-to-iso-iec-24711-black\/","title":{"rendered":"Brother LC3237BK Original ink cartridge for MFCJ5945DW, MFCJ6945DW and HLJ6000 printers, Estimated life: up to 3000 pages (according to ISO\/IEC 24711), Black"},"content":{"rendered":"<p>Price: <span style=\"color:#b12704\"><del>\u20ac38.99<\/del> - \u20ac27.99<\/span><br \/><i><small>(as of Feb 21, 2026 06:31:21 UTC &#8211; <span class=\"wp_automatic_amazon_disclaimer\" title=\"Product prices and availability are accurate as of the date\/time indicated and are subject to change. Any price and availability information displayed on [relevant Amazon Site(s), as applicable] at the time of purchase will apply to the purchase of this product.\">Details<\/span>)<\/small><\/i><\/p>\n<p><a href=\"https:\/\/amazon.es\/dp\/B07HFHHRMH?tag=man008-21\"><img decoding=\"async\" src=\"https:\/\/valvepress.s3.amazonaws.com\/imgs\/buy_now.png\"><\/a><br \/>\n<\/p>\n<p>                                             From the manufacturer   <\/p>\n<p>                                                  <img decoding=\"async\" alt=\"BROTHER\" src=\"https:\/\/images-na.ssl-images-amazon.com\/images\/G\/01\/x-locale\/common\/grey-pixel.gif\" class=\"a-lazy-loaded\" data-src=\"https:\/\/m.media-amazon.com\/images\/S\/aplus-media\/sota\/886159d9-93c8-48e8-92ea-60181028181b.__CR0,128,1200,371_PT0_SX970_V1___.jpg\"><img decoding=\"async\" alt=\"BROTHER\" src=\"https:\/\/m.media-amazon.com\/images\/S\/aplus-media\/sota\/886159d9-93c8-48e8-92ea-60181028181b.__CR0,128,1200,371_PT0_SX970_V1___.jpg\">  <\/p>\n<p>                                                  <img decoding=\"async\" alt=\"1\" src=\"https:\/\/images-na.ssl-images-amazon.com\/images\/G\/01\/x-locale\/common\/grey-pixel.gif\" class=\"a-lazy-loaded\" data-src=\"https:\/\/m.media-amazon.com\/images\/S\/aplus-media\/sota\/f73ad30a-b2d3-4c24-871f-729fadc8d1de.__CR256,0,1000,1000_PT0_SX300_V1___.jpg\"><img decoding=\"async\" alt=\"1\" src=\"https:\/\/m.media-amazon.com\/images\/S\/aplus-media\/sota\/f73ad30a-b2d3-4c24-871f-729fadc8d1de.__CR256,0,1000,1000_PT0_SX300_V1___.jpg\">  <\/p>\n<h3 class=\"a-spacing-mini\"> Conoce Brother <\/h3>\n<p> Brother Industries nace en 1908 en Jap\u00f3n y, desde 1954, empez\u00f3 a expandirse en el mercado internacional, llegando actualmente a vender productos en m\u00e1s de 100 pa\u00edses. Fue a mediados del siglo XX cuando diversific\u00f3 la producci\u00f3n, adapt\u00e1ndose a las exigencias de los clientes y encamin\u00e1ndose hacia lo que es hoy en d\u00eda la compa\u00f1\u00eda. <\/p>\n<p> En 1997, Brother Iberia S.L.U. se estableci\u00f3 en Madrid como Brother Spain S.L., para operar directamente en el mercado espa\u00f1ol. <\/p>\n<h3 class=\"a-spacing-small\"> Productos Brother <\/h3>\n<p class=\"apm-text-center\">\n                                                      <img decoding=\"async\" alt=\"1\" src=\"https:\/\/images-na.ssl-images-amazon.com\/images\/G\/01\/x-locale\/common\/grey-pixel.gif\" class=\"a-spacing-mini a-lazy-loaded\" data-src=\"https:\/\/m.media-amazon.com\/images\/S\/aplus-media\/sota\/aa332d5d-5c69-4274-a48f-dc59388f9368.__CR200,0,350,350_PT0_SX300_V1___.jpg\"><img decoding=\"async\" alt=\"1\" src=\"https:\/\/m.media-amazon.com\/images\/S\/aplus-media\/sota\/aa332d5d-5c69-4274-a48f-dc59388f9368.__CR200,0,350,350_PT0_SX300_V1___.jpg\">  <\/p>\n<p>                                                    Impresoras                                       <\/p>\n<p> Encuentra la impresora perfecta. Una amplia gama que te ofrece toda la funcionalidad que necesitas, tanto para entornos profesionales como dom\u00e9sticos. <\/p>\n<p class=\"apm-text-center\">\n                                                      <img decoding=\"async\" alt=\"1\" src=\"https:\/\/images-na.ssl-images-amazon.com\/images\/G\/01\/x-locale\/common\/grey-pixel.gif\" class=\"a-spacing-mini a-lazy-loaded\" data-src=\"https:\/\/m.media-amazon.com\/images\/S\/aplus-media\/sota\/0ea7a79e-28be-4e1c-baf2-4408426340ce.__CR192,0,1152,1152_PT0_SX300_V1___.jpg\"><img decoding=\"async\" alt=\"1\" src=\"https:\/\/m.media-amazon.com\/images\/S\/aplus-media\/sota\/0ea7a79e-28be-4e1c-baf2-4408426340ce.__CR192,0,1152,1152_PT0_SX300_V1___.jpg\">  <\/p>\n<p>                                                    Etiquetado                                       <\/p>\n<p> Amplia gama de impresoras de etiquetas para todas las necesidades: hogar, oficina, industria, comercios y alimentaci\u00f3n. Etiquetado sencillo y resistente. <\/p>\n<p class=\"apm-text-center\">\n                                                      <img decoding=\"async\" alt=\"3\" src=\"https:\/\/images-na.ssl-images-amazon.com\/images\/G\/01\/x-locale\/common\/grey-pixel.gif\" class=\"a-spacing-mini a-lazy-loaded\" data-src=\"https:\/\/m.media-amazon.com\/images\/S\/aplus-media\/sota\/8d938123-30b0-4386-a652-1312c7c24f93.__CR145,0,880,880_PT0_SX300_V1___.jpg\"><img decoding=\"async\" alt=\"3\" src=\"https:\/\/m.media-amazon.com\/images\/S\/aplus-media\/sota\/8d938123-30b0-4386-a652-1312c7c24f93.__CR145,0,880,880_PT0_SX300_V1___.jpg\">  <\/p>\n<p>                                                    Esc\u00e1neres                                       <\/p>\n<p> Amplia gama de esc\u00e1neres para cubrir las necesidades de digitalizaci\u00f3n de los distintos sectores de actividad. <\/p>\n<h3 class=\"a-spacing-small\"> Consumibles <\/h3>\n<p class=\"apm-text-center\">\n                                                      <img decoding=\"async\" alt=\"1\" src=\"https:\/\/images-na.ssl-images-amazon.com\/images\/G\/01\/x-locale\/common\/grey-pixel.gif\" class=\"a-spacing-mini a-lazy-loaded\" data-src=\"https:\/\/m.media-amazon.com\/images\/S\/aplus-media\/sota\/dd1f4aa5-4369-4417-ac8f-907f05f51f9c.__CR0,38,760,760_PT0_SX300_V1___.jpg\"><img decoding=\"async\" alt=\"1\" src=\"https:\/\/m.media-amazon.com\/images\/S\/aplus-media\/sota\/dd1f4aa5-4369-4417-ac8f-907f05f51f9c.__CR0,38,760,760_PT0_SX300_V1___.jpg\">  <\/p>\n<p>                                                    Cartuchos de tinta y t\u00f3ner originales                                       <\/p>\n<p> Descubre c\u00f3mo con los cartuchos de tinta y t\u00f3ner originales de Brother, tendr\u00e1s la calidad de impresi\u00f3n y fiabilidad que necesitas. <\/p>\n<p class=\"apm-text-center\">\n                                                      <img decoding=\"async\" alt=\"1\" src=\"https:\/\/images-na.ssl-images-amazon.com\/images\/G\/01\/x-locale\/common\/grey-pixel.gif\" class=\"a-spacing-mini a-lazy-loaded\" data-src=\"https:\/\/m.media-amazon.com\/images\/S\/aplus-media\/sota\/10463439-0ad9-4130-a37d-6d86e1cc0846.__CR670,0,1000,1000_PT0_SX300_V1___.jpg\"><img decoding=\"async\" alt=\"1\" src=\"https:\/\/m.media-amazon.com\/images\/S\/aplus-media\/sota\/10463439-0ad9-4130-a37d-6d86e1cc0846.__CR670,0,1000,1000_PT0_SX300_V1___.jpg\">  <\/p>\n<p>                                                    Accesorios                                       <\/p>\n<p> M\u00faltiples accesorios para configurar seg\u00fan las necesidades y el volumen de impresi\u00f3n. <\/p>\n<p class=\"apm-text-center\">\n                                                      <img decoding=\"async\" alt=\"1\" src=\"https:\/\/images-na.ssl-images-amazon.com\/images\/G\/01\/x-locale\/common\/grey-pixel.gif\" class=\"a-spacing-mini a-lazy-loaded\" data-src=\"https:\/\/m.media-amazon.com\/images\/S\/aplus-media\/sota\/b86a0fd8-a4a3-4671-8348-6eca0acc594f.__CR128,0,444,444_PT0_SX300_V1___.jpg\"><img decoding=\"async\" alt=\"1\" src=\"https:\/\/m.media-amazon.com\/images\/S\/aplus-media\/sota\/b86a0fd8-a4a3-4671-8348-6eca0acc594f.__CR128,0,444,444_PT0_SX300_V1___.jpg\">  <\/p>\n<p>                                                    Selector de cintas                                       <\/p>\n<p> Busca la cinta que mejor se ajusta a tus necesidades <\/p>\n<p>                                                  <img decoding=\"async\" alt=\"1\" src=\"https:\/\/images-na.ssl-images-amazon.com\/images\/G\/01\/x-locale\/common\/grey-pixel.gif\" class=\"a-lazy-loaded\" data-src=\"https:\/\/m.media-amazon.com\/images\/S\/aplus-media\/sota\/10b840d0-2c6a-49f1-97ee-9b2193508c34.__CR0,89,2340,724_PT0_SX970_V1___.jpg\"><img decoding=\"async\" alt=\"1\" src=\"https:\/\/m.media-amazon.com\/images\/S\/aplus-media\/sota\/10b840d0-2c6a-49f1-97ee-9b2193508c34.__CR0,89,2340,724_PT0_SX970_V1___.jpg\">  <\/p>\n<p> Is discontinued by manufacturer                                            \u200f                                            :                                            \u200e                                            No   <br \/> Product Dimensions                                            \u200f                                            :                                            \u200e                                            7.01 x 11.99 x 3.99 cm; 108 g   <br \/> Manufacturer                                            \u200f                                            :                                            \u200e                                            Brother   <br \/> ASIN                                            \u200f                                            :                                            \u200e                                            B07HFHHRMH   <br \/> Item model number                                            \u200f                                            :                                            \u200e                                            LC3237BK   <br \/>  Customer reviews:                                                                                            4.5               4.5 out of 5 stars                                  (500)                                              var dpAcrHasRegisteredArcLinkClickAction;                    P.when(&#8216;A&#8217;, &#8216;ready&#8217;).execute(function(A) {                        if (dpAcrHasRegisteredArcLinkClickAction !== true) {                            dpAcrHasRegisteredArcLinkClickAction = true;                            A.declarative(                                &#8216;acrLink-click-metrics&#8217;, &#8216;click&#8217;,                                { \u00aballowLinkDefault\u00bb: true },                                function (event) {                                    if (window.ue) {                                        ue.count(\u00abacrLinkClickCount\u00bb, (ue.count(\u00abacrLinkClickCount\u00bb) || 0) + 1);                                    }                                }                            );                        }                    });                                             P.when(&#8216;A&#8217;, &#8216;cf&#8217;).execute(function(A) {                A.declarative(&#8216;acrStarsLink-click-metrics&#8217;, &#8216;click&#8217;, { \u00aballowLinkDefault\u00bb : true },  function(event){                    if(window.ue) {                        ue.count(\u00abacrStarsLinkWithPopoverClickCount\u00bb, (ue.count(\u00abacrStarsLinkWithPopoverClickCount\u00bb) || 0) + 1);                    }                });            });                          <\/p>\n<p>Estimated duration: up to 3000 pages (according to ISO\/IEC 24711)<br \/>Professional quality with original ink cartridges. Brother<br \/>Black cartridge<br \/>For MFCJ5945DW, MFCJ6945DW and HLJ6000 printers<br \/>Get the best impression with original supplies Brother<\/p>\n\n","protected":false},"excerpt":{"rendered":"<p> From the manufacturer Conoce Brother Brother Industries nace en 1908 en Jap\u00f3n y, desde 1954,<\/p>","protected":false},"featured_media":28512,"comment_status":"open","ping_status":"closed","template":"","meta":[],"product_brand":[],"product_cat":[59],"product_tag":[1946,1954,307,1956,2903,6471,6470,1951,1980,1953,6472,8316,683,6468,6469,1948,1950,457,3739,1955,1949,2906,1952,1947],"class_list":{"0":"post-28511","1":"product","2":"type-product","3":"status-publish","4":"has-post-thumbnail","6":"product_cat-printers-all-in-one","7":"product_tag-all-in-one-printer","8":"product_tag-best-all-in-one-printer","9":"product_tag-black","10":"product_tag-brother","11":"product_tag-cartridge","12":"product_tag-estimated","13":"product_tag-hlj6000","14":"product_tag-home-printer","15":"product_tag-ink","16":"product_tag-ink-tank-printer","17":"product_tag-isoiec","18":"product_tag-lc3237bk","19":"product_tag-life","20":"product_tag-mfcj5945dw","21":"product_tag-mfcj6945dw","22":"product_tag-multifunction-printer","23":"product_tag-office-printer","24":"product_tag-original","25":"product_tag-pages","26":"product_tag-printer-price","27":"product_tag-printer-scanner-copier","28":"product_tag-printers","29":"product_tag-wifi-printer","30":"product_tag-wireless-printer","32":"first","33":"instock","34":"sale","35":"shipping-taxable","36":"product-type-external"},"_links":{"self":[{"href":"https:\/\/comprasyconsejos.store\/en\/wp-json\/wp\/v2\/product\/28511","targetHints":{"allow":["GET"]}}],"collection":[{"href":"https:\/\/comprasyconsejos.store\/en\/wp-json\/wp\/v2\/product"}],"about":[{"href":"https:\/\/comprasyconsejos.store\/en\/wp-json\/wp\/v2\/types\/product"}],"replies":[{"embeddable":true,"href":"https:\/\/comprasyconsejos.store\/en\/wp-json\/wp\/v2\/comments?post=28511"}],"version-history":[{"count":0,"href":"https:\/\/comprasyconsejos.store\/en\/wp-json\/wp\/v2\/product\/28511\/revisions"}],"wp:featuredmedia":[{"embeddable":true,"href":"https:\/\/comprasyconsejos.store\/en\/wp-json\/wp\/v2\/media\/28512"}],"wp:attachment":[{"href":"https:\/\/comprasyconsejos.store\/en\/wp-json\/wp\/v2\/media?parent=28511"}],"wp:term":[{"taxonomy":"product_brand","embeddable":true,"href":"https:\/\/comprasyconsejos.store\/en\/wp-json\/wp\/v2\/product_brand?post=28511"},{"taxonomy":"product_cat","embeddable":true,"href":"https:\/\/comprasyconsejos.store\/en\/wp-json\/wp\/v2\/product_cat?post=28511"},{"taxonomy":"product_tag","embeddable":true,"href":"https:\/\/comprasyconsejos.store\/en\/wp-json\/wp\/v2\/product_tag?post=28511"}],"curies":[{"name":"wp","href":"https:\/\/api.w.org\/{rel}","templated":true}]}}