{"id":28513,"date":"2026-02-21T06:38:00","date_gmt":"2026-02-21T06:38:00","guid":{"rendered":"https:\/\/comprasyconsejos.store\/product\/msi-mag-275cqf-e18-27-fulgas-wqhd2560x1440-1500r-gaming-monitor-rapid-va-180hz-0-5ms-hdr-ready-eye-care-hdmi-2-0bdp-1-4a-frameless-adjustable-tilt-vesa-support-black\/"},"modified":"2026-02-21T06:38:04","modified_gmt":"2026-02-21T06:38:04","slug":"msi-mag-275cqf-e18-27-fulgas-wqhd2560x1440-1500r-gaming-monitor-rapid-va-180hz-0-5ms-hdr-ready-eye-care-hdmi-2-0bdp-1-4a-frameless-adjustable-tilt-vesa-support-black","status":"publish","type":"product","link":"https:\/\/comprasyconsejos.store\/en\/product\/msi-mag-275cqf-e18-27-fulgas-wqhd2560x1440-1500r-gaming-monitor-rapid-va-180hz-0-5ms-hdr-ready-eye-care-hdmi-2-0bdp-1-4a-frameless-adjustable-tilt-vesa-support-black\/","title":{"rendered":"MSI mag 275CQF E18, 27 Fulgas, WQHD,2560&#215;1440, 1500R, Gaming Monitor, Rapid VA, 180Hz, 0.5ms, HDR Ready, Eye Care, HDMI 2.0b,DP 1.4a, Frameless, Adjustable Tilt, VESA Support, Black"},"content":{"rendered":"<p>Price: <span style=\"color:#b12704\"><del>\u20ac279.00<\/del> - \u20ac179.00<\/span><br \/><i><small>(as of Feb 21, 2026 06:38:00 UTC &#8211; <span class=\"wp_automatic_amazon_disclaimer\" title=\"Product prices and availability are accurate as of the date\/time indicated and are subject to change. Any price and availability information displayed on [relevant Amazon Site(s), as applicable] at the time of purchase will apply to the purchase of this product.\">Details<\/span>)<\/small><\/i><\/p>\n<p><a href=\"https:\/\/amazon.es\/dp\/B0DMSR1X9T?tag=man008-21\"><img decoding=\"async\" src=\"https:\/\/valvepress.s3.amazonaws.com\/imgs\/buy_now.png\"><\/a><br \/>\n<br \/>\n    <span>Equipped with an immersive 27-inch curved WQHD 2560 x 1440 Rapid VA 1500R panel with a refresh rate of 180Hz and a response time of 0.5ms. <br \/>For competitive FPS, RPG and MMORPG genre games in person or flight\/racing simulators, the MSI MAG 275CQF E18 Curved Gaming Monitor elevates casual play to a complete immersive experience that challenges players to see beyond the game. <\/p>\n<p>Display connectivity includes DisplayPort 1.4a and HDMI 2.0b CEC for PCs, laptops and game consoles.<\/span>    <br \/> Language                                            \u200f                                            :                                            \u200e                                            English   <br \/> Product Dimensions                                            \u200f                                            :                                            \u200e                                            61.2 x 36.7 x 10.2 cm; 4.6 kg   <br \/> Manufacturer                                            \u200f                                            :                                            \u200e                                            MSI   <br \/> ASIN                                            \u200f                                            :                                            \u200e                                            B0DMSR1X9T   <br \/> Item model number                                            \u200f                                            :                                            \u200e                                            9S6-3CE91H-001   <br \/> Country of origin                                            \u200f                                            :                                            \u200e                                            Spain   <br \/> Guaranteed software updates until                                            \u200f                                            :                                            \u200e                                            unknown   <br \/>  Customer reviews:                                                                                            4.3               4.3 out of 5 stars                                  (24)                                              var dpAcrHasRegisteredArcLinkClickAction;                    P.when(&#8216;A&#8217;, &#8216;ready&#8217;).execute(function(A) {                        if (dpAcrHasRegisteredArcLinkClickAction !== true) {                            dpAcrHasRegisteredArcLinkClickAction = true;                            A.declarative(                                &#8216;acrLink-click-metrics&#8217;, &#8216;click&#8217;,                                { \u00aballowLinkDefault\u00bb: true },                                function (event) {                                    if (window.ue) {                                        ue.count(\u00abacrLinkClickCount\u00bb, (ue.count(\u00abacrLinkClickCount\u00bb) || 0) + 1);                                    }                                }                            );                        }                    });                                             P.when(&#8216;A&#8217;, &#8216;cf&#8217;).execute(function(A) {                A.declarative(&#8216;acrStarsLink-click-metrics&#8217;, &#8216;click&#8217;, { \u00aballowLinkDefault\u00bb : true },  function(event){                    if(window.ue) {                        ue.count(\u00abacrStarsLinkWithPopoverClickCount\u00bb, (ue.count(\u00abacrStarsLinkWithPopoverClickCount\u00bb) || 0) + 1);                    }                });            });                          <\/p>\n<p>JUEGOS INMERSIVOS Y SIN MARCO: los monitores curvos de MSI ofrecen una experiencia de juego inmersiva con una curvatura 1500R, radio de 1500 mm, y un dise\u00f1o sin marco, que reduce las l\u00edneas de bisel entre pantallas<br \/>27 pulgadas WQHD, 180 Hz RAPID BOOST: Un panel Rapid VA de 2560 x 1440, relaci\u00f3n de aspecto 16:9, con una tasa de refresco de 180 Hz Adaptive Sync para un seguimiento fluido de los objetivos y los movimientos; un tiempo de respuesta de 0.5 ms<br \/>AMPLIA GAMA DE COLOR: El MAG 275CQF E18 admite hasta 1.070 millones de colores a 136% sRGB para im\u00e1genes y detalles m\u00e1s envolventes; cuenta con menos luz azul y emplea tecnolog\u00eda antiparpadeo para reducir la fatiga ocular<br \/>CONTRASTE DIN\u00c1MICO Y AI VISION: El panel Rapid IPS viene con un contraste nativo de 1000:1, y soporta Contraste Din\u00e1mico 100M:1; mSI AI Vision, un sintonizador inteligente de negros, enriquece los detalles en \u00e1reas oscuras y optimiza el brillo<\/p>\n\n","protected":false},"excerpt":{"rendered":"<p> Equipped with an immersive 27-inch curved WQHD 2560 x 1440 Rapid VA 1500R panel with<\/p>","protected":false},"featured_media":28514,"comment_status":"open","ping_status":"closed","template":"","meta":[],"product_brand":[],"product_cat":[55],"product_tag":[2336,1436,1934,2337,1778,1936,8321,1935,1939,8317,1802,876,1940,307,2183,1784,8318,1796,2269,8319,617,1933,544,1813,1937,429,844,1262,878,625,1938,1098,1183,2342,8320],"class_list":{"0":"post-28513","1":"product","2":"type-product","3":"status-publish","4":"has-post-thumbnail","6":"product_cat-gaming-monitors","7":"product_tag-0-5ms","8":"product_tag-1-4a","9":"product_tag-144hz-gaming-monitor","10":"product_tag-1500r","11":"product_tag-180hz","12":"product_tag-1ms-gaming-monitor","13":"product_tag-2-0bdp","14":"product_tag-240hz-gaming-monitor","15":"product_tag-27-inch-gaming-monitor","16":"product_tag-275cqf","17":"product_tag-4k-gaming-monitor","18":"product_tag-adjustable","19":"product_tag-best-gaming-monitor","20":"product_tag-black","21":"product_tag-care","22":"product_tag-curved-gaming-monitor","23":"product_tag-e18","24":"product_tag-eye","25":"product_tag-frameless","26":"product_tag-fulgas","27":"product_tag-gaming","28":"product_tag-gaming-monitor","29":"product_tag-hdmi","30":"product_tag-hdr","31":"product_tag-ips-gaming-monitor","32":"product_tag-mag","33":"product_tag-monitor","34":"product_tag-msi","35":"product_tag-rapid","36":"product_tag-ready","37":"product_tag-rgb-gaming-monitor","38":"product_tag-support","39":"product_tag-tilt","40":"product_tag-vesa","41":"product_tag-wqhd2560x1440","43":"first","44":"instock","45":"sale","46":"shipping-taxable","47":"product-type-external"},"_links":{"self":[{"href":"https:\/\/comprasyconsejos.store\/en\/wp-json\/wp\/v2\/product\/28513","targetHints":{"allow":["GET"]}}],"collection":[{"href":"https:\/\/comprasyconsejos.store\/en\/wp-json\/wp\/v2\/product"}],"about":[{"href":"https:\/\/comprasyconsejos.store\/en\/wp-json\/wp\/v2\/types\/product"}],"replies":[{"embeddable":true,"href":"https:\/\/comprasyconsejos.store\/en\/wp-json\/wp\/v2\/comments?post=28513"}],"version-history":[{"count":0,"href":"https:\/\/comprasyconsejos.store\/en\/wp-json\/wp\/v2\/product\/28513\/revisions"}],"wp:featuredmedia":[{"embeddable":true,"href":"https:\/\/comprasyconsejos.store\/en\/wp-json\/wp\/v2\/media\/28514"}],"wp:attachment":[{"href":"https:\/\/comprasyconsejos.store\/en\/wp-json\/wp\/v2\/media?parent=28513"}],"wp:term":[{"taxonomy":"product_brand","embeddable":true,"href":"https:\/\/comprasyconsejos.store\/en\/wp-json\/wp\/v2\/product_brand?post=28513"},{"taxonomy":"product_cat","embeddable":true,"href":"https:\/\/comprasyconsejos.store\/en\/wp-json\/wp\/v2\/product_cat?post=28513"},{"taxonomy":"product_tag","embeddable":true,"href":"https:\/\/comprasyconsejos.store\/en\/wp-json\/wp\/v2\/product_tag?post=28513"}],"curies":[{"name":"wp","href":"https:\/\/api.w.org\/{rel}","templated":true}]}}