{"id":28537,"date":"2026-02-21T06:56:19","date_gmt":"2026-02-21T06:56:19","guid":{"rendered":"https:\/\/comprasyconsejos.store\/product\/aoc-gaming-q27g4xn-27-inch-qhd-monitor-180hz-flat-0-5ms-freesync-premium-hdr10-adjustable-va-2560x1440-2x-hdmi-displayport-black-grey\/"},"modified":"2026-02-21T06:56:22","modified_gmt":"2026-02-21T06:56:22","slug":"aoc-gaming-q27g4xn-27-inch-qhd-monitor-180hz-flat-0-5ms-freesync-premium-hdr10-adjustable-va-2560x1440-2x-hdmi-displayport-black-grey","status":"publish","type":"product","link":"https:\/\/comprasyconsejos.store\/en\/product\/aoc-gaming-q27g4xn-27-inch-qhd-monitor-180hz-flat-0-5ms-freesync-premium-hdr10-adjustable-va-2560x1440-2x-hdmi-displayport-black-grey\/","title":{"rendered":"AOC Gaming Q27G4XN &#8211; 27-Inch QHD Monitor, 180Hz, Flat, 0.5ms, FreeSync Premium, HDR10, Adjustable (VA, 2560&#215;1440, 2X HDMI, DisplayPort) Black\/Grey"},"content":{"rendered":"<p>Price: <span style=\"color:#b12704\">\u20ac239.76<\/span><br \/><i><small>(as of Feb 21, 2026 06:56:20 UTC &#8211; <span class=\"wp_automatic_amazon_disclaimer\" title=\"Product prices and availability are accurate as of the date\/time indicated and are subject to change. Any price and availability information displayed on [relevant Amazon Site(s), as applicable] at the time of purchase will apply to the purchase of this product.\">Details<\/span>)<\/small><\/i><\/p>\n<p><a href=\"https:\/\/amazon.es\/dp\/B0D966DDYW?tag=man008-21\"><img decoding=\"async\" src=\"https:\/\/valvepress.s3.amazonaws.com\/imgs\/buy_now.png\"><\/a><br \/>\n<\/p>\n<p>                                             From the manufacturer   <\/p>\n<p>                                                      <img decoding=\"async\" alt=\"El texto dice \u00abAOC Gaming\u00bb. La pantalla del monitor de la computadora muestra gr\u00e1ficos ardientes con temas de juegos sobre un soporte negro sobre un fondo blanco.\" src=\"https:\/\/images-na.ssl-images-amazon.com\/images\/G\/01\/x-locale\/common\/grey-pixel.gif\" class=\"a-spacing-mini a-lazy-loaded\" data-src=\"https:\/\/m.media-amazon.com\/images\/S\/aplus-media-library-service-media\/760b6545-0b8c-4b06-b0ea-c889895884f1.__CR212,115,577,769_PT0_SX300_V1___.png\"><img decoding=\"async\" alt=\"El texto dice \u00abAOC Gaming\u00bb. La pantalla del monitor de la computadora muestra gr\u00e1ficos ardientes con temas de juegos sobre un soporte negro sobre un fondo blanco.\" src=\"https:\/\/m.media-amazon.com\/images\/S\/aplus-media-library-service-media\/760b6545-0b8c-4b06-b0ea-c889895884f1.__CR212,115,577,769_PT0_SX300_V1___.png\">  <\/p>\n<p>                                                              <img decoding=\"async\" alt=\"M\u00faltiples \u00e1ngulos de un moderno ventilador de techo negro con dise\u00f1o geom\u00e9trico, que se muestran sobre un fondo blanco, con un elegante sistema de montaje contempor\u00e1neo.\" src=\"https:\/\/images-na.ssl-images-amazon.com\/images\/G\/01\/x-locale\/common\/grey-pixel.gif\" class=\"a-spacing-mini a-lazy-loaded\" data-src=\"https:\/\/m.media-amazon.com\/images\/S\/aplus-media-library-service-media\/8d1d0ab0-5c72-4914-9f93-c8798aa3aad8.__CR0,255,1000,500_PT0_SX350_V1___.png\"><img decoding=\"async\" alt=\"M\u00faltiples \u00e1ngulos de un moderno ventilador de techo negro con dise\u00f1o geom\u00e9trico, que se muestran sobre un fondo blanco, con un elegante sistema de montaje contempor\u00e1neo.\" src=\"https:\/\/m.media-amazon.com\/images\/S\/aplus-media-library-service-media\/8d1d0ab0-5c72-4914-9f93-c8798aa3aad8.__CR0,255,1000,500_PT0_SX350_V1___.png\">                                                                                                   2560&#215;1440       Fast VA       HDR 10       Adaptive Sync       0,5 ms       <\/p>\n<h3 class=\"a-spacing-mini\"> Monitor Q27G4XN <\/h3>\n<p>                                          LIBERA TU POTENCIAL<br \/>\n                                                          27       180 Hz       Sin marco en 3 lados      <\/p>\n<p class=\"apm-text-center\">\n                                                      <img decoding=\"async\" alt=\"aplus content image\" src=\"https:\/\/images-na.ssl-images-amazon.com\/images\/G\/01\/x-locale\/common\/grey-pixel.gif\" class=\"a-lazy-loaded\" data-src=\"https:\/\/m.media-amazon.com\/images\/S\/aplus-media-library-service-media\/42e13a93-083e-451f-94df-2a97859e7d38.__CR0,0,1000,1000_PT0_SX220_V1___.png\"><img decoding=\"async\" alt=\"aplus content image\" src=\"https:\/\/m.media-amazon.com\/images\/S\/aplus-media-library-service-media\/42e13a93-083e-451f-94df-2a97859e7d38.__CR0,0,1000,1000_PT0_SX220_V1___.png\">  <\/p>\n<p>                                                    Resoluci\u00f3n QHD                                     <\/p>\n<p class=\"a-size-small\"> Con una resoluci\u00f3n de 2560 x 1440, la pantalla Quad HD (QHD) ofrece una calidad superior de imagen e im\u00e1genes m\u00e1s precisas que desvelan los detalles m\u00e1s sutiles. La relaci\u00f3n de aspecto de gran pantalla de 16:9 proporciona mucho espacio para repartir y trabajar, y tambi\u00e9n te permite disfrutar de juegos o pel\u00edculas en su tama\u00f1o original. <\/p>\n<p class=\"apm-text-center\">\n                                                      <img decoding=\"async\" alt=\"El texto lee \u00ab60 Hz\u00bb y \u00ab310 Hz\u00bb con efectos din\u00e1micos de desenfoque de movimiento, que muestran el contraste entre las diferentes frecuencias de actualizaci\u00f3n.\" src=\"https:\/\/images-na.ssl-images-amazon.com\/images\/G\/01\/x-locale\/common\/grey-pixel.gif\" class=\"a-lazy-loaded\" data-src=\"https:\/\/m.media-amazon.com\/images\/S\/aplus-media-library-service-media\/bc573f7a-6c70-4569-abaf-21002cda8f79.__CR0,0,1000,1000_PT0_SX220_V1___.png\"><img decoding=\"async\" alt=\"El texto lee \u00ab60 Hz\u00bb y \u00ab310 Hz\u00bb con efectos din\u00e1micos de desenfoque de movimiento, que muestran el contraste entre las diferentes frecuencias de actualizaci\u00f3n.\" src=\"https:\/\/m.media-amazon.com\/images\/S\/aplus-media-library-service-media\/bc573f7a-6c70-4569-abaf-21002cda8f79.__CR0,0,1000,1000_PT0_SX220_V1___.png\">  <\/p>\n<p>                                                    180Hz Refresh Rate                                     <\/p>\n<p class=\"a-size-small\"> Los juegos competitivos e intensos exigen la mejor tecnolog\u00eda para garantizar un juego m\u00e1s fluido y sin demoras. Este monitor AGON by AOC presenta una frecuencia de actualizaci\u00f3n de 180 Hz, lo que lo hace 3 veces m\u00e1s r\u00e1pido que una pantalla est\u00e1ndar. Una velocidad de cuadros m\u00e1s baja puede hacer que los enemigos parezcan saltar de un lugar a otro en la pantalla, lo que los convierte en objetivos muy dif\u00edciles de alcanzar. Una velocidad de fotogramas de 180 Hz restaura esas im\u00e1genes cr\u00edticas faltantes en la pantalla, revelando los movimientos del enemigo con un movimiento ultrasuave, lo que te permite apuntar m\u00e1s f\u00e1cilmente. Con este monitor de juegos AGON by AOC, no tendr\u00e1s que soportar retrasos de entrada ni roturas de pantalla. <\/p>\n<p class=\"apm-text-center\">\n                                                      <img decoding=\"async\" alt=\"aplus content image\" src=\"https:\/\/images-na.ssl-images-amazon.com\/images\/G\/01\/x-locale\/common\/grey-pixel.gif\" class=\"a-lazy-loaded\" data-src=\"https:\/\/m.media-amazon.com\/images\/S\/aplus-media-library-service-media\/4a400294-20d7-408e-bc94-c75a4454a486.__CR0,0,1000,1000_PT0_SX220_V1___.png\"><img decoding=\"async\" alt=\"aplus content image\" src=\"https:\/\/m.media-amazon.com\/images\/S\/aplus-media-library-service-media\/4a400294-20d7-408e-bc94-c75a4454a486.__CR0,0,1000,1000_PT0_SX220_V1___.png\">  <\/p>\n<p>                                                    1ms tiempo de respuesta GTG &#8211; Grey-to-Grey                                     <\/p>\n<p class=\"a-size-small\"> GtG significa Grey-To-Grey y representa el tiempo que toma a un pixel cambiar desde un nivel de gris al pr\u00f3ximo nivel de gris. En el \u00e1rea de juegos cada milisegundo cuenta y puede ser un diferenciador entre acertar o fallar un disparo. Una respuesta r\u00e1pida en tiempo elimina efectos fantasma y de movimiento. <\/p>\n<p class=\"apm-text-center\">\n                                                      <img decoding=\"async\" alt=\"El texto dice \u00abSin HDR\u00bb y \u00abHDR10\u00bb. Comparaci\u00f3n en paralelo que muestra escenas de juegos o de acci\u00f3n con efectos de iluminaci\u00f3n espectaculares.\" src=\"https:\/\/images-na.ssl-images-amazon.com\/images\/G\/01\/x-locale\/common\/grey-pixel.gif\" class=\"a-lazy-loaded\" data-src=\"https:\/\/m.media-amazon.com\/images\/S\/aplus-media-library-service-media\/e45d8f6b-5b55-4719-9abe-56d45c2c0be4.__CR0,0,1000,1000_PT0_SX220_V1___.png\"><img decoding=\"async\" alt=\"El texto dice \u00abSin HDR\u00bb y \u00abHDR10\u00bb. Comparaci\u00f3n en paralelo que muestra escenas de juegos o de acci\u00f3n con efectos de iluminaci\u00f3n espectaculares.\" src=\"https:\/\/m.media-amazon.com\/images\/S\/aplus-media-library-service-media\/e45d8f6b-5b55-4719-9abe-56d45c2c0be4.__CR0,0,1000,1000_PT0_SX220_V1___.png\">  <\/p>\n<p>                                                    Vive el juego al m\u00e1ximo con HDR10                                     <\/p>\n<p class=\"a-size-small\"> HDR10 est\u00e1 aqu\u00ed para mejorar a\u00fan m\u00e1s la calidad de imagen, mejorando la sincronizaci\u00f3n de tu GPU o tu consola con el monitor. Esto crea una experiencia de juego m\u00e1s realista, inmersiva y fluida: Te sentir\u00e1s como si estuvieras entrando en el juego, fotograma a fotograma. <\/p>\n<p class=\"apm-text-center\">\n                                                      <img decoding=\"async\" alt=\"aplus content image\" src=\"https:\/\/images-na.ssl-images-amazon.com\/images\/G\/01\/x-locale\/common\/grey-pixel.gif\" class=\"a-lazy-loaded\" data-src=\"https:\/\/m.media-amazon.com\/images\/S\/aplus-media-library-service-media\/88a9d38e-88aa-4648-9af3-7b45afbc73c7.__CR0,0,1000,1000_PT0_SX220_V1___.png\"><img decoding=\"async\" alt=\"aplus content image\" src=\"https:\/\/m.media-amazon.com\/images\/S\/aplus-media-library-service-media\/88a9d38e-88aa-4648-9af3-7b45afbc73c7.__CR0,0,1000,1000_PT0_SX220_V1___.png\">  <\/p>\n<p>                                                    Bajo retraso de entrada                                     <\/p>\n<p class=\"a-size-small\"> Potencia tus reflejos cambiando al modo Bajo retraso de entrada de AOC. A cambio de renunciar a parte de la calidad gr\u00e1fica, este modo configura el monitor para acelerar su tiempo de respuesta, lo que te proporciona una ventaja decisiva en torneos de disparos ultra r\u00e1pidos. <\/p>\n<p class=\"apm-text-center\">\n                                                      <img decoding=\"async\" alt=\"aplus content image\" src=\"https:\/\/images-na.ssl-images-amazon.com\/images\/G\/01\/x-locale\/common\/grey-pixel.gif\" class=\"a-lazy-loaded\" data-src=\"https:\/\/m.media-amazon.com\/images\/S\/aplus-media-library-service-media\/56e5b421-3a3d-4a17-8063-e5ee7191971d.__CR0,0,1000,1000_PT0_SX220_V1___.png\"><img decoding=\"async\" alt=\"aplus content image\" src=\"https:\/\/m.media-amazon.com\/images\/S\/aplus-media-library-service-media\/56e5b421-3a3d-4a17-8063-e5ee7191971d.__CR0,0,1000,1000_PT0_SX220_V1___.png\">  <\/p>\n<p>                                                    Pie con altura ajustable                                     <\/p>\n<p class=\"a-size-small\"> Nos importa su bienestar. Por eso, este monitor ofrece opciones de ajuste de altura, que le ayudar\u00e1 a encontrar la postura perfecta mientras trabaja, juega o ve v\u00eddeos. Adaptar su monitor AOC a sus necesidades no s\u00f3lo le ayuda a reducir la fatiga y a mantenerse sano. Al final, le permite a usted y a su equipo conseguir mejores resultados en lo que sea que est\u00e9 haciendo. <\/p>\n<p class=\"apm-text-center\">\n                                                      <img decoding=\"async\" alt=\"Configuraci\u00f3n de juegos de computadora con iluminaci\u00f3n ambiental naranja, que muestra un monitor curvo, un teclado y un dispositivo m\u00f3vil sobre una superficie oscura del escritorio.\" src=\"https:\/\/images-na.ssl-images-amazon.com\/images\/G\/01\/x-locale\/common\/grey-pixel.gif\" class=\"a-lazy-loaded\" data-src=\"https:\/\/m.media-amazon.com\/images\/S\/aplus-media-library-service-media\/523730d5-12ef-4906-9cef-4eb853f14e87.__CR0,0,1000,1000_PT0_SX220_V1___.png\"><img decoding=\"async\" alt=\"Configuraci\u00f3n de juegos de computadora con iluminaci\u00f3n ambiental naranja, que muestra un monitor curvo, un teclado y un dispositivo m\u00f3vil sobre una superficie oscura del escritorio.\" src=\"https:\/\/m.media-amazon.com\/images\/S\/aplus-media-library-service-media\/523730d5-12ef-4906-9cef-4eb853f14e87.__CR0,0,1000,1000_PT0_SX220_V1___.png\">  <\/p>\n<p>                                                    Soporte de monitor de e-sports                                     <\/p>\n<p class=\"a-size-small\"> Nuestra nueva base. Dise\u00f1ada en colaboraci\u00f3n con profesionales de los deportes electr\u00f3nicos, te permite maximizar el espacio libre para todos tus perif\u00e9ricos. La base del monitor est\u00e1 dise\u00f1ada para reducir el espacio que ocupa el monitor en tu escritorio, e incluso te permite colocar el teclado encima. El soporte incluye una gesti\u00f3n de cables para mantener tu escritorio limpio. No importa en qu\u00e9 g\u00e9nero compitas, queremos que te sientas como un profesional. <\/p>\n<p class=\"apm-text-center\">\n                                                      <img decoding=\"async\" alt=\"aplus content image\" src=\"https:\/\/images-na.ssl-images-amazon.com\/images\/G\/01\/x-locale\/common\/grey-pixel.gif\" class=\"a-lazy-loaded\" data-src=\"https:\/\/m.media-amazon.com\/images\/S\/aplus-media-library-service-media\/9c028c87-d041-4ec0-a300-4d24dcfc768a.__CR0,0,1000,1000_PT0_SX220_V1___.png\"><img decoding=\"async\" alt=\"aplus content image\" src=\"https:\/\/m.media-amazon.com\/images\/S\/aplus-media-library-service-media\/9c028c87-d041-4ec0-a300-4d24dcfc768a.__CR0,0,1000,1000_PT0_SX220_V1___.png\">  <\/p>\n<p>                                                    AMD FreeSync                                     <\/p>\n<p class=\"a-size-small\"> Disfruta de una experiencia de juego fluida y sin interrupciones con AMD FreeSync. Los monitores AOC con tecnolog\u00eda FreeSync eliminan el desgarro y el parpadeo de la imagen para un juego sin distracciones y con ventaja competitiva. <\/p>\n<p class=\"apm-text-center\">\n                                                      <img decoding=\"async\" alt=\"aplus content image\" src=\"https:\/\/images-na.ssl-images-amazon.com\/images\/G\/01\/x-locale\/common\/grey-pixel.gif\" class=\"a-lazy-loaded\" data-src=\"https:\/\/m.media-amazon.com\/images\/S\/aplus-media-library-service-media\/e9422f43-42c0-43fe-a7b2-1ea71e87ece6.__CR0,0,1000,1000_PT0_SX220_V1___.png\"><img decoding=\"async\" alt=\"aplus content image\" src=\"https:\/\/m.media-amazon.com\/images\/S\/aplus-media-library-service-media\/e9422f43-42c0-43fe-a7b2-1ea71e87ece6.__CR0,0,1000,1000_PT0_SX220_V1___.png\">  <\/p>\n<p>                                                    Flicker Free                                     <\/p>\n<p class=\"a-size-small\"> La tecnolog\u00eda Flicker-Free de AOC utiliza un panel de luz de fondo de corriente continua (corriente CC), que reduce los niveles de luz parpadeante. Al minimizar la fatiga visual y el cansancio, \u00a1prep\u00e1rate para disfrutar de esas largas e intensas sesiones de juego con incre\u00edble comodidad! <\/p>\n<p class=\"apm-text-center\">\n                                                      <img decoding=\"async\" alt=\"Banner de arte digital con un paisaje urbano estilizado al atardecer con espectaculares efectos de iluminaci\u00f3n.\" src=\"https:\/\/images-na.ssl-images-amazon.com\/images\/G\/01\/x-locale\/common\/grey-pixel.gif\" class=\"a-lazy-loaded\" data-src=\"https:\/\/m.media-amazon.com\/images\/S\/aplus-media-library-service-media\/eff3b67d-9497-4aa1-b41a-d356704683e7.__CR0,0,1000,1000_PT0_SX220_V1___.png\"><img decoding=\"async\" alt=\"Banner de arte digital con un paisaje urbano estilizado al atardecer con espectaculares efectos de iluminaci\u00f3n.\" src=\"https:\/\/m.media-amazon.com\/images\/S\/aplus-media-library-service-media\/eff3b67d-9497-4aa1-b41a-d356704683e7.__CR0,0,1000,1000_PT0_SX220_V1___.png\">  <\/p>\n<p>                                                    Low Blue Light                                     <\/p>\n<p class=\"a-size-small\"> La luz azul de onda corta puede ocasionar lesiones en la vista. La tecnolog\u00eda Anti Blue Light de AOC bloquea los rayos de luz azul da\u00f1inos sin alterar el color de la pantalla. Otros m\u00e9todos de reducci\u00f3n de la luz azul utilizan filtros o ajustes que oscurecen ligeramente o dan un tono amarillento a las im\u00e1genes. <\/p>\n<p class=\"apm-text-center\">\n                                                      <img decoding=\"async\" alt=\"aplus content image\" src=\"https:\/\/images-na.ssl-images-amazon.com\/images\/G\/01\/x-locale\/common\/grey-pixel.gif\" class=\"a-lazy-loaded\" data-src=\"https:\/\/m.media-amazon.com\/images\/S\/aplus-media-library-service-media\/84436953-ee48-4e50-ac7a-495b801a95af.__CR0,0,1000,1000_PT0_SX220_V1___.png\"><img decoding=\"async\" alt=\"aplus content image\" src=\"https:\/\/m.media-amazon.com\/images\/S\/aplus-media-library-service-media\/84436953-ee48-4e50-ac7a-495b801a95af.__CR0,0,1000,1000_PT0_SX220_V1___.png\">  <\/p>\n<p>                                                    AOC G-menu                                     <\/p>\n<p class=\"a-size-small\"> AOC G-Menu es una aplicaci\u00f3n que puedes instalar en tu ordenador para personalizar tu producto y hacerlo m\u00e1s pr\u00e1ctico todav\u00eda. <\/p>\n<p class=\"apm-text-center\">\n<p> Product Dimensions                                            \u200f                                            :                                            \u200e                                            20.77 x 61.39 x 51.6 cm; 3.7 kg   <br \/> Manufacturer                                            \u200f                                            :                                            \u200e                                            AOC International   <br \/> ASIN                                            \u200f                                            :                                            \u200e                                            B0D966DDYW   <br \/> Item model number                                            \u200f                                            :                                            \u200e                                            Q27G4XN   <br \/> Country of origin                                            \u200f                                            :                                            \u200e                                            China   <br \/> Guaranteed software updates until                                            \u200f                                            :                                            \u200e                                            unknown   <br \/>  Customer reviews:                                                                                            4.4               4.4 out of 5 stars                                  (3,721)                                              var dpAcrHasRegisteredArcLinkClickAction;                    P.when(&#8216;A&#8217;, &#8216;ready&#8217;).execute(function(A) {                        if (dpAcrHasRegisteredArcLinkClickAction !== true) {                            dpAcrHasRegisteredArcLinkClickAction = true;                            A.declarative(                                &#8216;acrLink-click-metrics&#8217;, &#8216;click&#8217;,                                { \u00aballowLinkDefault\u00bb: true },                                function (event) {                                    if (window.ue) {                                        ue.count(\u00abacrLinkClickCount\u00bb, (ue.count(\u00abacrLinkClickCount\u00bb) || 0) + 1);                                    }                                }                            );                        }                    });                                             P.when(&#8216;A&#8217;, &#8216;cf&#8217;).execute(function(A) {                A.declarative(&#8216;acrStarsLink-click-metrics&#8217;, &#8216;click&#8217;, { \u00aballowLinkDefault\u00bb : true },  function(event){                    if(window.ue) {                        ue.count(\u00abacrStarsLinkWithPopoverClickCount\u00bb, (ue.count(\u00abacrStarsLinkWithPopoverClickCount\u00bb) || 0) + 1);                    }                });            });                          <\/p>\n<p>Reduces screen flicker to minimize eyestrain during prolonged use.<br \/>Fast 0.5ms response (MPRT) for crisp visuals and smooth gameplay<br \/>HDR10: High dynamic range for enhanced colors and contrast and a more vivid viewing experience.<br \/>AOC Gaming G4 QHD 2K 27&#8243;, 180Hz, Fast VA, 1ms GtG, HAS, HDR10<br \/>Sync the screen refresh rate with the graphics card to prevent screen breakage and stutter.<\/p>\n\n","protected":false},"excerpt":{"rendered":"<p> From the manufacturer 2560&#215;1440 Fast VA HDR 10 Adaptive Sync 0,5 ms Monitor Q27G4XN LIBERA<\/p>","protected":false},"featured_media":28538,"comment_status":"open","ping_status":"closed","template":"","meta":[],"product_brand":[],"product_cat":[52,54],"product_tag":[2336,1817,1822,1778,2265,1819,1768,1821,1816,1824,876,2263,1823,6371,1825,1099,3355,1922,617,544,1925,1820,844,1035,8325,1243,1818],"class_list":{"0":"post-28537","1":"product","2":"type-product","3":"status-publish","4":"has-post-thumbnail","6":"product_cat-2k-monitors","7":"product_cat-curved-monitors","8":"product_tag-0-5ms","9":"product_tag-1440p-monitor","10":"product_tag-144hz-2k-monitor","11":"product_tag-180hz","12":"product_tag-2560x1440","13":"product_tag-27-inch-2k-monitor","14":"product_tag-27inch","15":"product_tag-2k-gaming-monitor","16":"product_tag-2k-monitor","17":"product_tag-2k-monitor-price","18":"product_tag-adjustable","19":"product_tag-aoc","20":"product_tag-best-2k-monitor","21":"product_tag-blackgrey","22":"product_tag-curved-2k-monitor","23":"product_tag-displayport","24":"product_tag-flat","25":"product_tag-freesync","26":"product_tag-gaming","27":"product_tag-hdmi","28":"product_tag-hdr10","29":"product_tag-ips-2k-monitor","30":"product_tag-monitor","31":"product_tag-premium","32":"product_tag-q27g4xn","33":"product_tag-qhd","34":"product_tag-qhd-monitor","36":"first","37":"instock","38":"shipping-taxable","39":"product-type-external"},"_links":{"self":[{"href":"https:\/\/comprasyconsejos.store\/en\/wp-json\/wp\/v2\/product\/28537","targetHints":{"allow":["GET"]}}],"collection":[{"href":"https:\/\/comprasyconsejos.store\/en\/wp-json\/wp\/v2\/product"}],"about":[{"href":"https:\/\/comprasyconsejos.store\/en\/wp-json\/wp\/v2\/types\/product"}],"replies":[{"embeddable":true,"href":"https:\/\/comprasyconsejos.store\/en\/wp-json\/wp\/v2\/comments?post=28537"}],"version-history":[{"count":0,"href":"https:\/\/comprasyconsejos.store\/en\/wp-json\/wp\/v2\/product\/28537\/revisions"}],"wp:featuredmedia":[{"embeddable":true,"href":"https:\/\/comprasyconsejos.store\/en\/wp-json\/wp\/v2\/media\/28538"}],"wp:attachment":[{"href":"https:\/\/comprasyconsejos.store\/en\/wp-json\/wp\/v2\/media?parent=28537"}],"wp:term":[{"taxonomy":"product_brand","embeddable":true,"href":"https:\/\/comprasyconsejos.store\/en\/wp-json\/wp\/v2\/product_brand?post=28537"},{"taxonomy":"product_cat","embeddable":true,"href":"https:\/\/comprasyconsejos.store\/en\/wp-json\/wp\/v2\/product_cat?post=28537"},{"taxonomy":"product_tag","embeddable":true,"href":"https:\/\/comprasyconsejos.store\/en\/wp-json\/wp\/v2\/product_tag?post=28537"}],"curies":[{"name":"wp","href":"https:\/\/api.w.org\/{rel}","templated":true}]}}