{"id":28607,"date":"2026-02-21T07:41:45","date_gmt":"2026-02-21T07:41:45","guid":{"rendered":"https:\/\/comprasyconsejos.store\/product\/gigabyte-x870e-aorus-pro-x3d-ice-placa-base-compatible-con-procesadores-amd-ryzen-9000-vrm-digital-de-1822-fases-hasta-9000-hz-ddr5-oc-2-x-pcie-5-0-2-x-pcie-4-0-wi-fi-7-lan-5-gbe\/"},"modified":"2026-02-21T07:41:48","modified_gmt":"2026-02-21T07:41:48","slug":"gigabyte-x870e-aorus-pro-x3d-ice-placa-base-compatible-con-procesadores-amd-ryzen-9000-vrm-digital-de-1822-fases-hasta-9000-hz-ddr5-oc-2-x-pcie-5-0-2-x-pcie-4-0-wi-fi-7-lan-5-gbe","status":"publish","type":"product","link":"https:\/\/comprasyconsejos.store\/en\/product\/gigabyte-x870e-aorus-pro-x3d-ice-placa-base-compatible-con-procesadores-amd-ryzen-9000-vrm-digital-de-1822-fases-hasta-9000-hz-ddr5-oc-2-x-pcie-5-0-2-x-pcie-4-0-wi-fi-7-lan-5-gbe\/","title":{"rendered":"GIGABYTE X870E AORUS Pro X3D Ice Placa Base \u2013 Compatible con procesadores AMD Ryzen 9000, VRM Digital de 18+2+2 Fases, hasta 9000 Hz DDR5 (OC), 2 x PCIe 5.0 + 2 x PCIe 4.0, Wi-Fi 7, LAN 5 GbE, USB 4"},"content":{"rendered":"<p>Price: <span style=\"color:#b12704\">\u20ac384.90<\/span><br \/><i><small>(as of Feb 21, 2026 07:41:45 UTC &#8211; <span class=\"wp_automatic_amazon_disclaimer\" title=\"Product prices and availability are accurate as of the date\/time indicated and are subject to change. Any price and availability information displayed on [relevant Amazon Site(s), as applicable] at the time of purchase will apply to the purchase of this product.\">Details<\/span>)<\/small><\/i><\/p>\n<p><a href=\"https:\/\/amazon.es\/dp\/B0FRFKRCKT?tag=man008-21\"><img decoding=\"async\" src=\"https:\/\/valvepress.s3.amazonaws.com\/imgs\/buy_now.png\"><\/a><br \/>\n<\/p>\n<p>                                             From the manufacturer   <\/p>\n<p>                                                  <img decoding=\"async\" alt=\"aplus content image\" src=\"https:\/\/images-na.ssl-images-amazon.com\/images\/G\/01\/x-locale\/common\/grey-pixel.gif\" class=\"a-lazy-loaded\" data-src=\"https:\/\/m.media-amazon.com\/images\/S\/aplus-media-library-service-media\/7a1e6aa2-e942-42e8-8db8-e9e3c175ce08.__CR2,0,1196,370_PT0_SX970_V1___.jpeg\"><img decoding=\"async\" alt=\"aplus content image\" src=\"https:\/\/m.media-amazon.com\/images\/S\/aplus-media-library-service-media\/7a1e6aa2-e942-42e8-8db8-e9e3c175ce08.__CR2,0,1196,370_PT0_SX970_V1___.jpeg\">  <\/p>\n<p>                                                  <img decoding=\"async\" alt=\"aplus content image\" src=\"https:\/\/images-na.ssl-images-amazon.com\/images\/G\/01\/x-locale\/common\/grey-pixel.gif\" class=\"a-lazy-loaded\" data-src=\"https:\/\/m.media-amazon.com\/images\/S\/aplus-media-library-service-media\/7240ca14-7cba-4fa3-a02f-75296404136c.__CR0,0,1200,1200_PT0_SX300_V1___.png\"><img decoding=\"async\" alt=\"aplus content image\" src=\"https:\/\/m.media-amazon.com\/images\/S\/aplus-media-library-service-media\/7240ca14-7cba-4fa3-a02f-75296404136c.__CR0,0,1200,1200_PT0_SX300_V1___.png\">  <\/p>\n<h3 class=\"a-spacing-mini\"> X870E AORUS PRO X3D ICE <\/h3>\n<p> La GIGABYTE X870E AORUS PRO X3D ICE ofrece un rendimiento excepcional con el modo Turbo X3D 2.0, overclocking de IA y soporte para DDR5 9000+. Con un PCB de 8 capas con perforaci\u00f3n trasera, un dise\u00f1o t\u00e9rmico avanzado y conectividad Wi-Fi 7, garantiza velocidad, estabilidad y eficiencia superiores. <\/p>\n<p>                                                  <img decoding=\"async\" alt=\"aplus content image\" src=\"https:\/\/images-na.ssl-images-amazon.com\/images\/G\/01\/x-locale\/common\/grey-pixel.gif\" class=\"a-lazy-loaded\" data-src=\"https:\/\/m.media-amazon.com\/images\/S\/aplus-media-library-service-media\/d5c3a74d-a50c-49f4-a607-cc9ed2f3dc91.__CR0,0,1200,1200_PT0_SX300_V1___.jpeg\"><img decoding=\"async\" alt=\"aplus content image\" src=\"https:\/\/m.media-amazon.com\/images\/S\/aplus-media-library-service-media\/d5c3a74d-a50c-49f4-a607-cc9ed2f3dc91.__CR0,0,1200,1200_PT0_SX300_V1___.jpeg\">  <\/p>\n<h3 class=\"a-spacing-mini\"> X3D Turbo Mode 2.0 <\/h3>\n<p> El X3D Turbo Mode 2.0 de GIGABYTE ofrece una experiencia de juego m\u00e1s fluida y r\u00e1pida a trav\u00e9s del control inteligente del hardware y la optimizaci\u00f3n de IA. Con un solo clic, mejora el rendimiento del procesador AMD Ryzen X3D, aumentando la velocidad, la capacidad de respuesta y la eficiencia en juegos exigentes y cargas de trabajo intensivas. <\/p>\n<p class=\"apm-text-center\">\n                                                      <img decoding=\"async\" alt=\"Overclocking y Dise\u00f1o de IA\" src=\"https:\/\/images-na.ssl-images-amazon.com\/images\/G\/01\/x-locale\/common\/grey-pixel.gif\" class=\"a-spacing-mini a-lazy-loaded\" data-src=\"https:\/\/m.media-amazon.com\/images\/S\/aplus-media-library-service-media\/6727e2ef-0bb8-459b-b2d7-7c14b3148c73.__CR0,0,1200,1200_PT0_SX300_V1___.jpeg\"><img decoding=\"async\" alt=\"Overclocking y Dise\u00f1o de IA\" src=\"https:\/\/m.media-amazon.com\/images\/S\/aplus-media-library-service-media\/6727e2ef-0bb8-459b-b2d7-7c14b3148c73.__CR0,0,1200,1200_PT0_SX300_V1___.jpeg\">  <\/p>\n<p>                                                    AI Overclocking y Dise\u00f1o                                       <\/p>\n<p> Con la tecnolog\u00eda D5 Bionic Corsa, las placas base de la serie Z890 presentan overclocking con IA para un rendimiento \u00f3ptimo, aumentando las velocidades y la estabilidad de la memoria DDR5, crucial para la computaci\u00f3n de alto rendimiento y los videojuegos. Adem\u00e1s, el dise\u00f1o de IA para la mejora de se\u00f1ales en las placas base optimiza el rendimiento general y asegura una eficiencia superior. <\/p>\n<p class=\"apm-text-center\">\n                                                      <img decoding=\"async\" alt=\"aplus content image\" src=\"https:\/\/images-na.ssl-images-amazon.com\/images\/G\/01\/x-locale\/common\/grey-pixel.gif\" class=\"a-spacing-mini a-lazy-loaded\" data-src=\"https:\/\/m.media-amazon.com\/images\/S\/aplus-media-library-service-media\/ae311aec-5627-430d-a572-dfd7dbeae74c.__CR0,0,1200,1200_PT0_SX300_V1___.jpeg\"><img decoding=\"async\" alt=\"aplus content image\" src=\"https:\/\/m.media-amazon.com\/images\/S\/aplus-media-library-service-media\/ae311aec-5627-430d-a572-dfd7dbeae74c.__CR0,0,1200,1200_PT0_SX300_V1___.jpeg\">  <\/p>\n<p>                                                    Hasta DDR5 9000+                                       <\/p>\n<p> Las placas base de la serie X3D para juegos admiten overclocking de DDR5 de hasta 9000+, ofreciendo una velocidad y un rendimiento excepcionales para tareas exigentes. Con overclocking mejorado por IA y caminos de se\u00f1al optimizados, proporciona transferencias de datos m\u00e1s r\u00e1pidas, mayor ancho de banda y mejor eficiencia energ\u00e9tica. Esto mejora los juegos y las cargas de trabajo intensivas, llevando el rendimiento de la memoria a nuevas alturas. <\/p>\n<p class=\"apm-text-center\">\n                                                      <img decoding=\"async\" alt=\"aplus content image\" src=\"https:\/\/images-na.ssl-images-amazon.com\/images\/G\/01\/x-locale\/common\/grey-pixel.gif\" class=\"a-spacing-mini a-lazy-loaded\" data-src=\"https:\/\/m.media-amazon.com\/images\/S\/aplus-media-library-service-media\/f1b247c1-30d7-4d20-a081-7415d1564413.__CR0,0,1200,1200_PT0_SX300_V1___.jpeg\"><img decoding=\"async\" alt=\"aplus content image\" src=\"https:\/\/m.media-amazon.com\/images\/S\/aplus-media-library-service-media\/f1b247c1-30d7-4d20-a081-7415d1564413.__CR0,0,1200,1200_PT0_SX300_V1___.jpeg\">  <\/p>\n<p>                                                    Dise\u00f1o VRM 18+2+2                                       <\/p>\n<p> La placa base X870E AORUS PRO X3D ICE cuenta con un robusto dise\u00f1o de fase de alimentaci\u00f3n digital VRM 18+2+2, que proporciona energ\u00eda precisa a la CPU para una mayor estabilidad y potencial de overclocking. Esta avanzada configuraci\u00f3n de VRM asegura una eficiente disipaci\u00f3n del calor y un rendimiento constante, lo que la hace ideal para juegos de alto rendimiento, multitarea y cargas de trabajo exigentes. <\/p>\n<p class=\"apm-text-center\">\n                                                      <img decoding=\"async\" alt=\"aplus content image\" src=\"https:\/\/images-na.ssl-images-amazon.com\/images\/G\/01\/x-locale\/common\/grey-pixel.gif\" class=\"a-spacing-mini a-lazy-loaded\" data-src=\"https:\/\/m.media-amazon.com\/images\/S\/aplus-media-library-service-media\/acb62ddd-0ba8-4611-a44f-9efa768db3de.__CR0,0,1200,1200_PT0_SX300_V1___.jpeg\"><img decoding=\"async\" alt=\"aplus content image\" src=\"https:\/\/m.media-amazon.com\/images\/S\/aplus-media-library-service-media\/acb62ddd-0ba8-4611-a44f-9efa768db3de.__CR0,0,1200,1200_PT0_SX300_V1___.jpeg\">  <\/p>\n<p>                                                    Termal Integral                                       <\/p>\n<p> Con un dise\u00f1o t\u00e9rmico avanzado, que incluye el \u00faltimo dise\u00f1o M.2 EZ Flex para la refrigeraci\u00f3n de SSD, una placa t\u00e9rmica de PCB de una sola pieza y disipadores de calor VRM, la serie X3D est\u00e1 dedicada a mantener su sistema fresco. <\/p>\n<p> Estas caracter\u00edsticas disipan eficientemente el calor de los componentes clave, asegurando un rendimiento \u00f3ptimo y estabilidad bajo cargas pesadas, incluso durante sesiones intensas de juego u overclocking. <\/p>\n<p class=\"apm-text-center\">\n                                                      <img decoding=\"async\" alt=\"Montaje Sencillo\" src=\"https:\/\/images-na.ssl-images-amazon.com\/images\/G\/01\/x-locale\/common\/grey-pixel.gif\" class=\"a-spacing-mini a-lazy-loaded\" data-src=\"https:\/\/m.media-amazon.com\/images\/S\/aplus-media-library-service-media\/55e9b7d4-d2bc-45d8-9979-4a7f7265b7c1.__CR0,0,1200,1200_PT0_SX300_V1___.jpeg\"><img decoding=\"async\" alt=\"Montaje Sencillo\" src=\"https:\/\/m.media-amazon.com\/images\/S\/aplus-media-library-service-media\/55e9b7d4-d2bc-45d8-9979-4a7f7265b7c1.__CR0,0,1200,1200_PT0_SX300_V1___.jpeg\">  <\/p>\n<p>                                                    Amigable para DIY                                       <\/p>\n<p> Dise\u00f1adas pensando en los usuarios, las placas base ofrecen la mejor experiencia DIY, brind\u00e1ndote un ensamblaje sin complicaciones. <\/p>\n<p> \u2022 EZ-Latch: Equipado con dise\u00f1o EZ-Latch, permiti\u00e9ndote usar el mecanismo de cierre para desenganchar la tarjeta gr\u00e1fica del slot PCIe f\u00e1cilmente e instalar M.2 y el disipador M.2 sin tornillos. <\/p>\n<p> \u2022 M.2 EZ-Match: Con un dise\u00f1o magn\u00e9tico revolucionario, es f\u00e1cil volver a colocar el disipador y mejorar la eficiencia del disipador. <\/p>\n<p> \u2022 WIFI EZ-Plug: Integra conectores de antena Wi-Fi en un adaptador, f\u00e1cil de instalar. <\/p>\n<p class=\"apm-text-center\">\n                                                      <img decoding=\"async\" alt=\"aplus content image\" src=\"https:\/\/images-na.ssl-images-amazon.com\/images\/G\/01\/x-locale\/common\/grey-pixel.gif\" class=\"a-spacing-mini a-lazy-loaded\" data-src=\"https:\/\/m.media-amazon.com\/images\/S\/aplus-media-library-service-media\/68a592d8-4e16-42f9-b78f-579a663d4e33.__CR0,0,1200,1200_PT0_SX300_V1___.jpeg\"><img decoding=\"async\" alt=\"aplus content image\" src=\"https:\/\/m.media-amazon.com\/images\/S\/aplus-media-library-service-media\/68a592d8-4e16-42f9-b78f-579a663d4e33.__CR0,0,1200,1200_PT0_SX300_V1___.jpeg\">  <\/p>\n<p>                                                    Conectividad R\u00e1pida                                       <\/p>\n<p> \u2022 QC-USB frontal 65W <\/p>\n<p> \u2022 Doble nativo 40 Gbps USB4 <\/p>\n<p> \u2022 LAN 5G <\/p>\n<p> \u2022 Wi-Fi 7 <\/p>\n<p> Con una capacidad QC-USB frontal de 65W, este dise\u00f1o permite una carga r\u00e1pida a trav\u00e9s de la conexi\u00f3n USB-C frontal al usar un chasis compatible con 10 o 20 Gbps. Los dos \u00faltimos puertos USB4 Tipo-C proporcionan velocidades de transferencia ultrarr\u00e1pidas de hasta 40 Gbps cada uno. Adem\u00e1s, Wi-Fi 7 ofrece redes inal\u00e1mbricas ultrarr\u00e1pidas y de baja latencia con un ancho de banda y estabilidad mejorados, asegurando un rendimiento de primer nivel y conectividad fluida. <\/p>\n<p> Product Dimensions                                            \u200f                                            :                                            \u200e                                            24.4 x 30.5 x 3.5 cm; 3.74 kg   <br \/> Manufacturer                                            \u200f                                            :                                            \u200e                                            Gigabyte   <br \/> ASIN                                            \u200f                                            :                                            \u200e                                            B0FRFKRCKT   <br \/> Item model number                                            \u200f                                            :                                            \u200e                                            X870E A PRO X ICE   <br \/> Country of origin                                            \u200f                                            :                                            \u200e                                            Taiwan   <br \/> Guaranteed software updates until                                            \u200f                                            :                                            \u200e                                            unknown   <br \/>  Customer reviews:                                                                                            4.8               4.8 out of 5 stars                                  (12)                                              var dpAcrHasRegisteredArcLinkClickAction;                    P.when(&#8216;A&#8217;, &#8216;ready&#8217;).execute(function(A) {                        if (dpAcrHasRegisteredArcLinkClickAction !== true) {                            dpAcrHasRegisteredArcLinkClickAction = true;                            A.declarative(                                &#8216;acrLink-click-metrics&#8217;, &#8216;click&#8217;,                                { \u00aballowLinkDefault\u00bb: true },                                function (event) {                                    if (window.ue) {                                        ue.count(\u00abacrLinkClickCount\u00bb, (ue.count(\u00abacrLinkClickCount\u00bb) || 0) + 1);                                    }                                }                            );                        }                    });                                             P.when(&#8216;A&#8217;, &#8216;cf&#8217;).execute(function(A) {                A.declarative(&#8216;acrStarsLink-click-metrics&#8217;, &#8216;click&#8217;, { \u00aballowLinkDefault\u00bb : true },  function(event){                    if(window.ue) {                        ue.count(\u00abacrStarsLinkWithPopoverClickCount\u00bb, (ue.count(\u00abacrStarsLinkWithPopoverClickCount\u00bb) || 0) + 1);                    }                });            });                          <\/p>\n<p>Modo Turbo X3D 2.0: Rendimiento X3D incre\u00edble desatado por IA<br \/>Doble Canal DDR5: 4DIMMs con soporte para m\u00f3dulos de memoria AMD EXPO. DDR5 OC hasta 9000MT\/s<br \/>Socket AMD AM5: Soporta procesadores AMD Ryzen de las series 9000 \/ 8000 \/ 7000<br \/>Soluci\u00f3n VRM de fases 18+2+2 de gemelo digital<br \/>M.2 EZ-Flex: disipaci\u00f3n de calor de alta eficiencia y placa base patentada flexible para M.2 SSD<br \/>WIFI EZ-Plug: Dise\u00f1o r\u00e1pido y f\u00e1cil para la instalaci\u00f3n de antenas Wi-Fi<br \/>M.2 EZ-Latch Click &#038; Plus: Dise\u00f1o de liberaci\u00f3n r\u00e1pida y sin tornillos en las ranuras y disipadores M.2<br \/>Almacenamiento Ultra-R\u00e1pido: 4ranuras M.2, incluyendo PCIe 5.0 x4<br \/>Redes R\u00e1pidas: 5GbE LAN y Wi-Fi 7 con antena direccional de ganancia ultra alta<br \/>Conectividad Extendida: HDMI, Doble USB4 Tipo-C con DP-Alt, QC-USB frontal 65W<\/p>\n\n","protected":false},"excerpt":{"rendered":"<p> From the manufacturer X870E AORUS PRO X3D ICE La GIGABYTE X870E AORUS PRO X3D ICE<\/p>","protected":false},"featured_media":28608,"comment_status":"open","ping_status":"closed","template":"","meta":[],"product_brand":[],"product_cat":[75],"product_tag":[1432,530,1427,4256,4186,1433,201,3994,623,1865,8350,1428,6294,1581,599,1425,4108,4258,791,1426,624,8349,163,3995,1429,1430,1431,531,133,5311,543,8348,3384],"class_list":{"0":"post-28607","1":"product","2":"type-product","3":"status-publish","4":"has-post-thumbnail","6":"product_cat-graphics-cards","7":"product_tag-8gb-graphics-card","8":"product_tag-amd","9":"product_tag-amd-radeon-gpu","10":"product_tag-aorus","11":"product_tag-base","12":"product_tag-best-gpu","13":"product_tag-compatible","14":"product_tag-con","15":"product_tag-ddr5","16":"product_tag-digital","17":"product_tag-fases","18":"product_tag-gaming-graphics-card","19":"product_tag-gbe","20":"product_tag-gigabyte","21":"product_tag-gpu","22":"product_tag-graphics-card","23":"product_tag-hasta","24":"product_tag-ice","25":"product_tag-lan","26":"product_tag-nvidia-rtx-graphics-card","27":"product_tag-pcie","28":"product_tag-placa","29":"product_tag-pro","30":"product_tag-procesadores","31":"product_tag-rtx-4060","32":"product_tag-rtx-4070","33":"product_tag-rtx-4080","34":"product_tag-ryzen","35":"product_tag-usb","36":"product_tag-vrm","37":"product_tag-wifi","38":"product_tag-x3d","39":"product_tag-x870e","41":"first","42":"instock","43":"shipping-taxable","44":"product-type-external"},"_links":{"self":[{"href":"https:\/\/comprasyconsejos.store\/en\/wp-json\/wp\/v2\/product\/28607","targetHints":{"allow":["GET"]}}],"collection":[{"href":"https:\/\/comprasyconsejos.store\/en\/wp-json\/wp\/v2\/product"}],"about":[{"href":"https:\/\/comprasyconsejos.store\/en\/wp-json\/wp\/v2\/types\/product"}],"replies":[{"embeddable":true,"href":"https:\/\/comprasyconsejos.store\/en\/wp-json\/wp\/v2\/comments?post=28607"}],"version-history":[{"count":0,"href":"https:\/\/comprasyconsejos.store\/en\/wp-json\/wp\/v2\/product\/28607\/revisions"}],"wp:featuredmedia":[{"embeddable":true,"href":"https:\/\/comprasyconsejos.store\/en\/wp-json\/wp\/v2\/media\/28608"}],"wp:attachment":[{"href":"https:\/\/comprasyconsejos.store\/en\/wp-json\/wp\/v2\/media?parent=28607"}],"wp:term":[{"taxonomy":"product_brand","embeddable":true,"href":"https:\/\/comprasyconsejos.store\/en\/wp-json\/wp\/v2\/product_brand?post=28607"},{"taxonomy":"product_cat","embeddable":true,"href":"https:\/\/comprasyconsejos.store\/en\/wp-json\/wp\/v2\/product_cat?post=28607"},{"taxonomy":"product_tag","embeddable":true,"href":"https:\/\/comprasyconsejos.store\/en\/wp-json\/wp\/v2\/product_tag?post=28607"}],"curies":[{"name":"wp","href":"https:\/\/api.w.org\/{rel}","templated":true}]}}