{"id":28639,"date":"2026-02-21T08:06:31","date_gmt":"2026-02-21T08:06:31","guid":{"rendered":"https:\/\/comprasyconsejos.store\/product\/bluetooth-mouse-upgraded-wireless-mouse-bt-5-0-4-02-4g-hz-rechargeable-computer-mouse-with-visible-battery-level-4-dpi-adjustable-laptop-pc-mouse-for-macbook-chromebook-black\/"},"modified":"2026-02-21T08:06:33","modified_gmt":"2026-02-21T08:06:33","slug":"bluetooth-mouse-upgraded-wireless-mouse-bt-5-0-4-02-4g-hz-rechargeable-computer-mouse-with-visible-battery-level-4-dpi-adjustable-laptop-pc-mouse-for-macbook-chromebook-black","status":"publish","type":"product","link":"https:\/\/comprasyconsejos.store\/en\/product\/bluetooth-mouse-upgraded-wireless-mouse-bt-5-0-4-02-4g-hz-rechargeable-computer-mouse-with-visible-battery-level-4-dpi-adjustable-laptop-pc-mouse-for-macbook-chromebook-black\/","title":{"rendered":"Bluetooth Mouse, [Upgraded] Wireless Mouse (BT 5.0\/4.0+2.4G Hz), Rechargeable Computer Mouse with Visible Battery Level, 4 DPI Adjustable, Laptop PC Mouse for MacBook Chromebook, Black"},"content":{"rendered":"<p>Price: <span style=\"color:#b12704\">\u20ac19.99<\/span><br \/><i><small>(as of Feb 21, 2026 08:06:31 UTC &#8211; <span class=\"wp_automatic_amazon_disclaimer\" title=\"Product prices and availability are accurate as of the date\/time indicated and are subject to change. Any price and availability information displayed on [relevant Amazon Site(s), as applicable] at the time of purchase will apply to the purchase of this product.\">Details<\/span>)<\/small><\/i><\/p>\n<p><a href=\"https:\/\/amazon.es\/dp\/B0DCVMN51Z?tag=man008-21\"><img decoding=\"async\" src=\"https:\/\/valvepress.s3.amazonaws.com\/imgs\/buy_now.png\"><\/a><br \/>\n<\/p>\n<p>                                             From the brand   <\/p>\n<p>                                              <img decoding=\"async\" alt=\"\" src=\"https:\/\/images-na.ssl-images-amazon.com\/images\/G\/01\/x-locale\/common\/grey-pixel.gif\" class=\"a-lazy-loaded\" data-src=\"https:\/\/m.media-amazon.com\/images\/S\/aplus-media-library-service-media\/9c3a280f-bc9e-49a0-b3b4-957fb5a6a959.__CR78,0,3748,1600_PT0_SX1464_V1___.jpg\"><img decoding=\"async\" alt=\"\" src=\"https:\/\/m.media-amazon.com\/images\/S\/aplus-media-library-service-media\/9c3a280f-bc9e-49a0-b3b4-957fb5a6a959.__CR78,0,3748,1600_PT0_SX1464_V1___.jpg\">  <\/p>\n<h3> Uineer <\/h3>\n<h3> Rat\u00f3n inal\u00e1mbrico <\/h3>\n<h3> Rat\u00f3n inal\u00e1mbrico <\/h3>\n<h3> Rat\u00f3n con cable <\/h3>\n<p>                                              <img decoding=\"async\" alt=\"\" src=\"https:\/\/images-na.ssl-images-amazon.com\/images\/G\/01\/x-locale\/common\/grey-pixel.gif\" class=\"a-lazy-loaded\" data-src=\"https:\/\/m.media-amazon.com\/images\/S\/aplus-media-library-service-media\/055b99ce-cadd-499f-985e-70704aad4235.__CR145,0,1151,1440_PT0_SX362_V1___.jpg\"><img decoding=\"async\" alt=\"\" src=\"https:\/\/m.media-amazon.com\/images\/S\/aplus-media-library-service-media\/055b99ce-cadd-499f-985e-70704aad4235.__CR145,0,1151,1440_PT0_SX362_V1___.jpg\">  <\/p>\n<h3> Rat\u00f3n inal\u00e1mbrico <\/h3>\n<h3> Alfombrillas de rat\u00f3n <\/h3>\n<p> Batteries                                            \u200f                                            :                                            \u200e                                            1 Lithium Metal batteries required. (included)   <br \/> Product Dimensions                                            \u200f                                            :                                            \u200e                                            12 x 7.59 x 0.1 cm; 100.07 g   <br \/> Manufacturer                                            \u200f                                            :                                            \u200e                                            U   <br \/> ASIN                                            \u200f                                            :                                            \u200e                                            B0DCVMN51Z   <br \/> Item model number                                            \u200f                                            :                                            \u200e                                            U6   <br \/> Country\/Region of Origin                                            \u200f                                            :                                            \u200e                                            China   <br \/> Guaranteed software updates until                                            \u200f                                            :                                            \u200e                                            unknown   <br \/>  Customer reviews:                                                                                            4.6               4.6 out of 5 stars                                  (3,919)                                              var dpAcrHasRegisteredArcLinkClickAction;                    P.when(&#8216;A&#8217;, &#8216;ready&#8217;).execute(function(A) {                        if (dpAcrHasRegisteredArcLinkClickAction !== true) {                            dpAcrHasRegisteredArcLinkClickAction = true;                            A.declarative(                                &#8216;acrLink-click-metrics&#8217;, &#8216;click&#8217;,                                { \u00aballowLinkDefault\u00bb: true },                                function (event) {                                    if (window.ue) {                                        ue.count(\u00abacrLinkClickCount\u00bb, (ue.count(\u00abacrLinkClickCount\u00bb) || 0) + 1);                                    }                                }                            );                        }                    });                                             P.when(&#8216;A&#8217;, &#8216;cf&#8217;).execute(function(A) {                A.declarative(&#8216;acrStarsLink-click-metrics&#8217;, &#8216;click&#8217;, { \u00aballowLinkDefault\u00bb : true },  function(event){                    if(window.ue) {                        ue.count(\u00abacrStarsLinkWithPopoverClickCount\u00bb, (ue.count(\u00abacrStarsLinkWithPopoverClickCount\u00bb) || 0) + 1);                    }                });            });                          <\/p>\n<p>THREE-MODAL CONNECTIVITY &#8211; Our wireless mouse supports 2.4G and Bluetooth connectivity (BT 4.0 and BT 5.0) for a seamless connection experience. Easily switch between desktop, laptop and tablet for a flexible and comfortable user experience<br \/>Ergonomic design provides maximum comfort: eliminates fatigue and discomfort. Provides a comfortable grip that reduces fatigue and increases productivity and enjoyment. It fits perfectly in the palm of your hand, so you won&#8217;t feel fatigued even after prolonged use<br \/>BATTERY INDICATOR: Our mice are equipped with a battery indicator that shows you the status of the batteries so you don&#8217;t have to worry about them running out. The mouse enters sleep mode after 8 minutes of inactivity and wakes up with a single click<br \/>Adjustable DPI &#8211; Our mice offer four adjustable DPI levels (800-1200-1600-2400) with a default setting of 1200, which can be adjusted as needed. Plus, forward and backward buttons on the side of the mouse improve workflow and navigation<br \/>Wide Compatibility &#038; Worry-free Service &#8211; Compatible with Windows 11\/10\/8\/7\/XP\/Vista and Mac OS X\/Linux\/Android\/iOS (13+). We offer a 45-day no-reason refund policy and 12-month replacement service for quality problems, which ensures a worry-free shopping experience.<\/p>\n\n","protected":false},"excerpt":{"rendered":"<p> From the brand Uineer Rat\u00f3n inal\u00e1mbrico Rat\u00f3n inal\u00e1mbrico Rat\u00f3n con cable Rat\u00f3n inal\u00e1mbrico Alfombrillas de<\/p>","protected":false},"featured_media":28640,"comment_status":"open","ping_status":"closed","template":"","meta":[],"product_brand":[],"product_cat":[50],"product_tag":[8361,876,292,765,307,726,759,559,539,756,775,761,758,159,3320,160,767,1149,763,760,764,900,762,2728,226,757],"class_list":{"0":"post-28639","1":"product","2":"type-product","3":"status-publish","4":"has-post-thumbnail","6":"product_cat-mouse","7":"product_tag-5-04-02-4g","8":"product_tag-adjustable","9":"product_tag-battery","10":"product_tag-best-gaming-mouse","11":"product_tag-black","12":"product_tag-bluetooth","13":"product_tag-bluetooth-mouse","14":"product_tag-chromebook","15":"product_tag-computer","16":"product_tag-computer-mouse","17":"product_tag-dpi","18":"product_tag-ergonomic-mouse","19":"product_tag-gaming-mouse","20":"product_tag-laptop","21":"product_tag-level","22":"product_tag-macbook","23":"product_tag-mouse","24":"product_tag-rechargeable","25":"product_tag-rechargeable-mouse","26":"product_tag-rgb-mouse","27":"product_tag-silent-mouse","28":"product_tag-upgraded","29":"product_tag-usb-mouse","30":"product_tag-visible","31":"product_tag-wireless","32":"product_tag-wireless-mouse","34":"first","35":"instock","36":"shipping-taxable","37":"product-type-external"},"_links":{"self":[{"href":"https:\/\/comprasyconsejos.store\/en\/wp-json\/wp\/v2\/product\/28639","targetHints":{"allow":["GET"]}}],"collection":[{"href":"https:\/\/comprasyconsejos.store\/en\/wp-json\/wp\/v2\/product"}],"about":[{"href":"https:\/\/comprasyconsejos.store\/en\/wp-json\/wp\/v2\/types\/product"}],"replies":[{"embeddable":true,"href":"https:\/\/comprasyconsejos.store\/en\/wp-json\/wp\/v2\/comments?post=28639"}],"version-history":[{"count":0,"href":"https:\/\/comprasyconsejos.store\/en\/wp-json\/wp\/v2\/product\/28639\/revisions"}],"wp:featuredmedia":[{"embeddable":true,"href":"https:\/\/comprasyconsejos.store\/en\/wp-json\/wp\/v2\/media\/28640"}],"wp:attachment":[{"href":"https:\/\/comprasyconsejos.store\/en\/wp-json\/wp\/v2\/media?parent=28639"}],"wp:term":[{"taxonomy":"product_brand","embeddable":true,"href":"https:\/\/comprasyconsejos.store\/en\/wp-json\/wp\/v2\/product_brand?post=28639"},{"taxonomy":"product_cat","embeddable":true,"href":"https:\/\/comprasyconsejos.store\/en\/wp-json\/wp\/v2\/product_cat?post=28639"},{"taxonomy":"product_tag","embeddable":true,"href":"https:\/\/comprasyconsejos.store\/en\/wp-json\/wp\/v2\/product_tag?post=28639"}],"curies":[{"name":"wp","href":"https:\/\/api.w.org\/{rel}","templated":true}]}}