{"id":28649,"date":"2026-02-21T08:22:44","date_gmt":"2026-02-21T08:22:44","guid":{"rendered":"https:\/\/comprasyconsejos.store\/product\/stgsivir-all-in-one-pc-desktop-computer-ecran-21-5-core-i5-up-to-3-6-ghz-ram-16-gb-ssd-1-tb-wifi-bluetboth-5-0-windows11-pro-black\/"},"modified":"2026-02-21T08:22:48","modified_gmt":"2026-02-21T08:22:48","slug":"stgsivir-all-in-one-pc-desktop-computer-ecran-21-5-core-i5-up-to-3-6-ghz-ram-16-gb-ssd-1-tb-wifi-bluetboth-5-0-windows11-pro-black","status":"publish","type":"product","link":"https:\/\/comprasyconsejos.store\/en\/product\/stgsivir-all-in-one-pc-desktop-computer-ecran-21-5-core-i5-up-to-3-6-ghz-ram-16-gb-ssd-1-tb-wifi-bluetboth-5-0-windows11-pro-black\/","title":{"rendered":"STGsivir All in One PC, Desktop Computer, Ecran 21.5&#8243;, Core i5 up to 3.6 GHz, RAM 16 GB, SSD 1 TB, WiFi, BlueTBoth 5.0, Windows11 Pro, Black"},"content":{"rendered":"<p>Price: <span style=\"color:#b12704\"><del>\u20ac110.99<\/del> - \u20ac374.99<\/span><br \/><i><small>(as of Feb 21, 2026 08:22:45 UTC &#8211; <span class=\"wp_automatic_amazon_disclaimer\" title=\"Product prices and availability are accurate as of the date\/time indicated and are subject to change. Any price and availability information displayed on [relevant Amazon Site(s), as applicable] at the time of purchase will apply to the purchase of this product.\">Details<\/span>)<\/small><\/i><\/p>\n<p><a href=\"https:\/\/amazon.es\/dp\/B0FHWL9QVK?tag=man008-21\"><img decoding=\"async\" src=\"https:\/\/valvepress.s3.amazonaws.com\/imgs\/buy_now.png\"><\/a><br \/>\n<\/p>\n<p>                                             From the brand   <\/p>\n<p>                                              <img decoding=\"async\" alt=\"El texto dice \u00abstGSvir\u00bb. Banner de marketing con globos de colores e \u00edconos de carritos de compras sobre un fondo degradado de color amarillo anaranjado con s\u00edmbolos de compatibilidad con dispositivos.\" src=\"https:\/\/images-na.ssl-images-amazon.com\/images\/G\/01\/x-locale\/common\/grey-pixel.gif\" class=\"a-lazy-loaded\" data-src=\"https:\/\/m.media-amazon.com\/images\/S\/aplus-media-library-service-media\/938dad8d-1586-46df-9945-11c5fc3985f7.__CR0,0,1464,625_PT0_SX1464_V1___.jpg\"><img decoding=\"async\" alt=\"El texto dice \u00abstGSvir\u00bb. Banner de marketing con globos de colores e \u00edconos de carritos de compras sobre un fondo degradado de color amarillo anaranjado con s\u00edmbolos de compatibilidad con dispositivos.\" src=\"https:\/\/m.media-amazon.com\/images\/S\/aplus-media-library-service-media\/938dad8d-1586-46df-9945-11c5fc3985f7.__CR0,0,1464,625_PT0_SX1464_V1___.jpg\">  <\/p>\n<h3> Promoci\u00f3n de Vuelta al Cole <\/h3>\n<h3> Promoci\u00f3n de Vuelta al Cole <\/h3>\n<h3> Promoci\u00f3n de Vuelta al Cole <\/h3>\n<p>                                              <img decoding=\"async\" alt=\"aplus content image\" src=\"https:\/\/images-na.ssl-images-amazon.com\/images\/G\/01\/x-locale\/common\/grey-pixel.gif\" class=\"a-lazy-loaded\" data-src=\"https:\/\/m.media-amazon.com\/images\/S\/aplus-media-library-service-media\/0bac8345-c8fc-4594-828c-a890bdfe2783.__CR0,0,362,453_PT0_SX362_V1___.png\"><img decoding=\"async\" alt=\"aplus content image\" src=\"https:\/\/m.media-amazon.com\/images\/S\/aplus-media-library-service-media\/0bac8345-c8fc-4594-828c-a890bdfe2783.__CR0,0,362,453_PT0_SX362_V1___.png\">  <\/p>\n<p>                                              <img decoding=\"async\" alt=\"aplus content image\" src=\"https:\/\/images-na.ssl-images-amazon.com\/images\/G\/01\/x-locale\/common\/grey-pixel.gif\" class=\"a-lazy-loaded\" data-src=\"https:\/\/m.media-amazon.com\/images\/S\/aplus-media-library-service-media\/c6a95a4c-efba-46b1-8b73-cc02cd48e35c.__CR0,0,362,453_PT0_SX362_V1___.png\"><img decoding=\"async\" alt=\"aplus content image\" src=\"https:\/\/m.media-amazon.com\/images\/S\/aplus-media-library-service-media\/c6a95a4c-efba-46b1-8b73-cc02cd48e35c.__CR0,0,362,453_PT0_SX362_V1___.png\">  <\/p>\n<p>                                                         \u00bfQu\u00e9 debo hacer si recibo esta m\u00e1quina y la encuentro defectuosa?                                       <\/p>\n<p> Si tienes alguna cuesti\u00f3n o dificultad, puedes comunicarte con nuestro equipo sin demora para hallar una soluci\u00f3n. <\/p>\n<p>                                                         \u00bfQu\u00e9 debo hacer si mi m\u00e1quina no funciona despu\u00e9s de usarla?                                       <\/p>\n<p> No se preocupe. Ofrecemos asistencia para la resoluci\u00f3n de problemas de por vida. Utilice la informaci\u00f3n de la m\u00e1quina para obtener ayuda y le responderemos en 24 horas con servicios profesionales. <\/p>\n<p>                                                         \u00bfC\u00f3mo puedo ponerme en contacto con ustedes?                                       <\/p>\n<p> Existen diferentes formas de comunicarse con nosotros, como en l\u00ednea, l\u00ednea directa o correo electr\u00f3nico, para resolver. <\/p>\n<p> Product Dimensions                                            \u200f                                            :                                            \u200e                                            20 x 18 x 25 cm; 5.78 kg   <br \/> Manufacturer                                            \u200f                                            :                                            \u200e                                            STGSivir   <br \/> ASIN                                            \u200f                                            :                                            \u200e                                            B0FHWL9QVK   <br \/> Item model number                                            \u200f                                            :                                            \u200e                                            SIV0123   <br \/> Country of origin                                            \u200f                                            :                                            \u200e                                            China   <br \/> Guaranteed software updates until                                            \u200f                                            :                                            \u200e                                            unknown   <br \/>  Customer reviews:                                                                                            3.9               3.9 out of 5 stars                                  (18)                                              var dpAcrHasRegisteredArcLinkClickAction;                    P.when(&#8216;A&#8217;, &#8216;ready&#8217;).execute(function(A) {                        if (dpAcrHasRegisteredArcLinkClickAction !== true) {                            dpAcrHasRegisteredArcLinkClickAction = true;                            A.declarative(                                &#8216;acrLink-click-metrics&#8217;, &#8216;click&#8217;,                                { \u00aballowLinkDefault\u00bb: true },                                function (event) {                                    if (window.ue) {                                        ue.count(\u00abacrLinkClickCount\u00bb, (ue.count(\u00abacrLinkClickCount\u00bb) || 0) + 1);                                    }                                }                            );                        }                    });                                             P.when(&#8216;A&#8217;, &#8216;cf&#8217;).execute(function(A) {                A.declarative(&#8216;acrStarsLink-click-metrics&#8217;, &#8216;click&#8217;, { \u00aballowLinkDefault\u00bb : true },  function(event){                    if(window.ue) {                        ue.count(\u00abacrStarsLinkWithPopoverClickCount\u00bb, (ue.count(\u00abacrStarsLinkWithPopoverClickCount\u00bb) || 0) + 1);                    }                });            });                          <\/p>\n<p>Powerful performance: This all-in-one pc features a powerful Core i5 processor, with a base frequency of 2.9 GHz and up to 3.6 GHz in turbo mode. Easily handle multitasking and demanding software. With 16GB of RAM and a 1TB SSD, it offers fast program boot and smooth loading for an optimal user experience.<br \/>QUALITY DISPLAY &#8211; This all-in-one computer features a 21.5-inch screen that delivers crisp, clear images, ideal for working, playing videos and gaming. Its high resolution and excellent colour fidelity guarantee an exceptional visual experience.<br \/>Perfect connectivity: This all-in-one computer features WiFi 5 and Bluetooth technologies, allowing effortless wireless connections to networks and peripherals. Enjoy the convenience of no cables to transfer files and connect devices, while maintaining a clean and organized workspace.<br \/>Certified Operating System: This all in one pc comes with Windows 11 Pro 64-bit pre-installed, providing a stable and secure computing environment. The intuitive interface ensures immediate productivity with minimal system requirements.<br \/>SIMPLE DESIGN: Simple and elegant all-in-one design. Save space and suitable for home and office. Without wires, your desk will be more cluttered. Good cooling performance for long-term stable operation.<\/p>\n\n","protected":false},"excerpt":{"rendered":"<p> From the brand Promoci\u00f3n de Vuelta al Cole Promoci\u00f3n de Vuelta al Cole Promoci\u00f3n de<\/p>","protected":false},"featured_media":28650,"comment_status":"open","ping_status":"closed","template":"","meta":[],"product_brand":[],"product_cat":[91],"product_tag":[307,8363,803,801,805,539,698,787,800,4637,818,808,799,806,163,587,807,802,513,3418,543,804,1063],"class_list":{"0":"post-28649","1":"product","2":"type-product","3":"status-publish","4":"has-post-thumbnail","6":"product_cat-office-pcs","7":"product_tag-black","8":"product_tag-bluetboth","9":"product_tag-budget-office-pc","10":"product_tag-business-desktop-pc","11":"product_tag-compact-desktop-pc","12":"product_tag-computer","13":"product_tag-core","14":"product_tag-desktop","15":"product_tag-desktop-computer-for-office","16":"product_tag-ecran","17":"product_tag-ghz","18":"product_tag-office-computer-setup","19":"product_tag-office-pc","20":"product_tag-office-pc-ssd","21":"product_tag-pro","22":"product_tag-ram","23":"product_tag-reliable-office-pc","24":"product_tag-small-office-pc","25":"product_tag-ssd","26":"product_tag-stgsivir","27":"product_tag-wifi","28":"product_tag-windows-office-pc","29":"product_tag-windows11","31":"first","32":"instock","33":"shipping-taxable","34":"product-type-external"},"_links":{"self":[{"href":"https:\/\/comprasyconsejos.store\/en\/wp-json\/wp\/v2\/product\/28649","targetHints":{"allow":["GET"]}}],"collection":[{"href":"https:\/\/comprasyconsejos.store\/en\/wp-json\/wp\/v2\/product"}],"about":[{"href":"https:\/\/comprasyconsejos.store\/en\/wp-json\/wp\/v2\/types\/product"}],"replies":[{"embeddable":true,"href":"https:\/\/comprasyconsejos.store\/en\/wp-json\/wp\/v2\/comments?post=28649"}],"version-history":[{"count":0,"href":"https:\/\/comprasyconsejos.store\/en\/wp-json\/wp\/v2\/product\/28649\/revisions"}],"wp:featuredmedia":[{"embeddable":true,"href":"https:\/\/comprasyconsejos.store\/en\/wp-json\/wp\/v2\/media\/28650"}],"wp:attachment":[{"href":"https:\/\/comprasyconsejos.store\/en\/wp-json\/wp\/v2\/media?parent=28649"}],"wp:term":[{"taxonomy":"product_brand","embeddable":true,"href":"https:\/\/comprasyconsejos.store\/en\/wp-json\/wp\/v2\/product_brand?post=28649"},{"taxonomy":"product_cat","embeddable":true,"href":"https:\/\/comprasyconsejos.store\/en\/wp-json\/wp\/v2\/product_cat?post=28649"},{"taxonomy":"product_tag","embeddable":true,"href":"https:\/\/comprasyconsejos.store\/en\/wp-json\/wp\/v2\/product_tag?post=28649"}],"curies":[{"name":"wp","href":"https:\/\/api.w.org\/{rel}","templated":true}]}}