{"id":28657,"date":"2026-02-21T08:44:53","date_gmt":"2026-02-21T08:44:53","guid":{"rendered":"https:\/\/comprasyconsejos.store\/product\/stylus-pen-active-stylus-pen-compatible-for-ios-and-android-phones-rechargeable-stylus-pen-with-dual-touch-screen-for-apple-samsung-tablet-white\/"},"modified":"2026-02-21T08:44:59","modified_gmt":"2026-02-21T08:44:59","slug":"stylus-pen-active-stylus-pen-compatible-for-ios-and-android-phones-rechargeable-stylus-pen-with-dual-touch-screen-for-apple-samsung-tablet-white","status":"publish","type":"product","link":"https:\/\/comprasyconsejos.store\/en\/product\/stylus-pen-active-stylus-pen-compatible-for-ios-and-android-phones-rechargeable-stylus-pen-with-dual-touch-screen-for-apple-samsung-tablet-white\/","title":{"rendered":"Stylus Pen, Active Stylus Pen Compatible for iOS and Android Phones, Rechargeable Stylus Pen with Dual Touch Screen, for Apple\/Samsung Tablet, White"},"content":{"rendered":"<p>Price: <span style=\"color:#b12704\">\u20ac19.99<\/span><br \/><i><small>(as of Feb 21, 2026 08:44:53 UTC &#8211; <span class=\"wp_automatic_amazon_disclaimer\" title=\"Product prices and availability are accurate as of the date\/time indicated and are subject to change. Any price and availability information displayed on [relevant Amazon Site(s), as applicable] at the time of purchase will apply to the purchase of this product.\">Details<\/span>)<\/small><\/i><\/p>\n<p><a href=\"https:\/\/amazon.es\/dp\/B0BJ9NBPMG?tag=man008-21\"><img decoding=\"async\" src=\"https:\/\/valvepress.s3.amazonaws.com\/imgs\/buy_now.png\"><\/a><br \/>\n<\/p>\n<p>                                             From the brand   <\/p>\n<p>                                              <img decoding=\"async\" alt=\"\" src=\"https:\/\/images-na.ssl-images-amazon.com\/images\/G\/01\/x-locale\/common\/grey-pixel.gif\" class=\"a-lazy-loaded\" data-src=\"https:\/\/m.media-amazon.com\/images\/S\/aplus-media-library-service-media\/91a30935-1aea-42fc-970c-9f27c0bf0850.__CR0,0,1464,625_PT0_SX1464_V1___.jpg\"><img decoding=\"async\" alt=\"\" src=\"https:\/\/m.media-amazon.com\/images\/S\/aplus-media-library-service-media\/91a30935-1aea-42fc-970c-9f27c0bf0850.__CR0,0,1464,625_PT0_SX1464_V1___.jpg\">  <\/p>\n<p>                                              <img decoding=\"async\" alt=\"P\u00e1gina de descripci\u00f3n de la marca Antika, con el logotipo de la empresa y un texto que explican su misi\u00f3n en la tecnolog\u00eda digital y los productos perif\u00e9ricos\" src=\"https:\/\/images-na.ssl-images-amazon.com\/images\/G\/01\/x-locale\/common\/grey-pixel.gif\" class=\"a-lazy-loaded\" data-src=\"https:\/\/m.media-amazon.com\/images\/S\/aplus-media-library-service-media\/d098296d-777d-4dd4-aa73-fb4a2b206d15.__CR0,0,362,453_PT0_SX362_V1___.jpg\"><img decoding=\"async\" alt=\"P\u00e1gina de descripci\u00f3n de la marca Antika, con el logotipo de la empresa y un texto que explican su misi\u00f3n en la tecnolog\u00eda digital y los productos perif\u00e9ricos\" src=\"https:\/\/m.media-amazon.com\/images\/S\/aplus-media-library-service-media\/d098296d-777d-4dd4-aa73-fb4a2b206d15.__CR0,0,362,453_PT0_SX362_V1___.jpg\">  <\/p>\n<p>                                              <img decoding=\"async\" alt=\"Unidad de DVD externa negra delgada conectada a un port\u00e1til, con el texto de la descripci\u00f3n del producto visible en la imagen que describe las capacidades de la unidad \u00f3ptica.\" src=\"https:\/\/images-na.ssl-images-amazon.com\/images\/G\/01\/x-locale\/common\/grey-pixel.gif\" class=\"a-lazy-loaded\" data-src=\"https:\/\/m.media-amazon.com\/images\/S\/aplus-media-library-service-media\/92a6d611-0366-4d42-98ee-67362a54e36b.__CR0,0,362,453_PT0_SX362_V1___.jpg\"><img decoding=\"async\" alt=\"Unidad de DVD externa negra delgada conectada a un port\u00e1til, con el texto de la descripci\u00f3n del producto visible en la imagen que describe las capacidades de la unidad \u00f3ptica.\" src=\"https:\/\/m.media-amazon.com\/images\/S\/aplus-media-library-service-media\/92a6d611-0366-4d42-98ee-67362a54e36b.__CR0,0,362,453_PT0_SX362_V1___.jpg\">  <\/p>\n<p>                                              <img decoding=\"async\" alt=\"Texto que describe la misi\u00f3n y la filosof\u00eda de la marca Artika, centr\u00e1ndose en la vida digital y la calidad del producto para la experiencia del usuario\" src=\"https:\/\/images-na.ssl-images-amazon.com\/images\/G\/01\/x-locale\/common\/grey-pixel.gif\" class=\"a-lazy-loaded\" data-src=\"https:\/\/m.media-amazon.com\/images\/S\/aplus-media-library-service-media\/adcebce9-eddd-40d8-9cb1-e5093a17a6a3.__CR0,0,362,453_PT0_SX362_V1___.jpg\"><img decoding=\"async\" alt=\"Texto que describe la misi\u00f3n y la filosof\u00eda de la marca Artika, centr\u00e1ndose en la vida digital y la calidad del producto para la experiencia del usuario\" src=\"https:\/\/m.media-amazon.com\/images\/S\/aplus-media-library-service-media\/adcebce9-eddd-40d8-9cb1-e5093a17a6a3.__CR0,0,362,453_PT0_SX362_V1___.jpg\">  <\/p>\n<p>                                              <img decoding=\"async\" alt=\"Cuatro l\u00e1pices capacitivos de diferentes colores (blanco, rojo, azul y gris) sobre un fondo hologr\u00e1fico, con el texto de la descripci\u00f3n del producto\" src=\"https:\/\/images-na.ssl-images-amazon.com\/images\/G\/01\/x-locale\/common\/grey-pixel.gif\" class=\"a-lazy-loaded\" data-src=\"https:\/\/m.media-amazon.com\/images\/S\/aplus-media-library-service-media\/83be185b-f8bb-43b0-8202-e88bc2a9dfe6.__CR0,0,362,453_PT0_SX362_V1___.jpg\"><img decoding=\"async\" alt=\"Cuatro l\u00e1pices capacitivos de diferentes colores (blanco, rojo, azul y gris) sobre un fondo hologr\u00e1fico, con el texto de la descripci\u00f3n del producto\" src=\"https:\/\/m.media-amazon.com\/images\/S\/aplus-media-library-service-media\/83be185b-f8bb-43b0-8202-e88bc2a9dfe6.__CR0,0,362,453_PT0_SX362_V1___.jpg\">  <\/p>\n<p> Batteries                                            \u200f                                            :                                            \u200e                                            1 Lithium Polymer batteries required. (included)   <br \/> Product Dimensions                                            \u200f                                            :                                            \u200e                                            1.91 x 1.91 x 6.55 cm; 13.5 g   <br \/> Manufacturer                                            \u200f                                            :                                            \u200e                                            Antika   <br \/> ASIN                                            \u200f                                            :                                            \u200e                                            B0BJ9NBPMG   <br \/> Item model number                                            \u200f                                            :                                            \u200e                                            XCR3-T   <br \/> Country\/Region of Origin                                            \u200f                                            :                                            \u200e                                            China   <br \/> Guaranteed software updates until                                            \u200f                                            :                                            \u200e                                            unknown   <br \/>  Customer reviews:                                                                                            4.4               4.4 out of 5 stars                                  (1,109)                                              var dpAcrHasRegisteredArcLinkClickAction;                    P.when(&#8216;A&#8217;, &#8216;ready&#8217;).execute(function(A) {                        if (dpAcrHasRegisteredArcLinkClickAction !== true) {                            dpAcrHasRegisteredArcLinkClickAction = true;                            A.declarative(                                &#8216;acrLink-click-metrics&#8217;, &#8216;click&#8217;,                                { \u00aballowLinkDefault\u00bb: true },                                function (event) {                                    if (window.ue) {                                        ue.count(\u00abacrLinkClickCount\u00bb, (ue.count(\u00abacrLinkClickCount\u00bb) || 0) + 1);                                    }                                }                            );                        }                    });                                             P.when(&#8216;A&#8217;, &#8216;cf&#8217;).execute(function(A) {                A.declarative(&#8216;acrStarsLink-click-metrics&#8217;, &#8216;click&#8217;, { \u00aballowLinkDefault\u00bb : true },  function(event){                    if(window.ue) {                        ue.count(\u00abacrStarsLinkWithPopoverClickCount\u00bb, (ue.count(\u00abacrStarsLinkWithPopoverClickCount\u00bb) || 0) + 1);                    }                });            });                          <\/p>\n<p>\u3010Widely Compatibility\u3011The tablet pen is universally used on most capacitive touch screen devices, compatible with iPad, iPad Pro, iPad Air, iPad Mini, iPhone, Samsung, Android, smartphones, tablets or other touch screen devices. \u26a0 NOTE: The stylus is not compatible with Microsoft Windows or Google System. If you are not sure about the compatibility of your device and stylus, please feel free to contact us.<br \/>\u3010High Sensitivity &#038; Accuracy\u3011 The tablet stylus is slim and lightweight, giving you a real pen feel. No delays \/ offsets \/ breakpoints! As convenient to use as a real pencil on paper. Ideal for drawing, writing, taking notes, etc.<br \/>\u3010Fast Charging &#038; Long-Lasting\u3011 With the Type-C charging port and built-in battery, it only takes 60 minutes to fully charge and can work continuously for 8 hours. It will automatically turn off after 6 minutes of inactivity to save energy.<br \/>\u3010Magnetic Adsorption\u3011 The magnetic can be attached to the side of the device, no longer roll and lose, easy to carry and store. Please confirm that your device supports magnetic attraction. \u26a0 NOTE: The stylus does not support palm rejection, tilt function and wireless charging.<br \/>\u3010Easy to Use\u3011 No need to connect Bluetooth or install an app, just double click on the top of the stylus to use it. The package includes 1 * stylus, 3 * replaceable tips, 1 * USB C charging cable and 1 * user manual.<\/p>\n\n","protected":false},"excerpt":{"rendered":"<p> From the brand Batteries \u200f : \u200e 1 Lithium Polymer batteries required. (included) Product Dimensions<\/p>","protected":false},"featured_media":28658,"comment_status":"open","ping_status":"closed","template":"","meta":[],"product_brand":[],"product_cat":[95],"product_tag":[631,932,391,8366,632,201,298,2810,629,836,392,637,1149,842,918,157,636,515,635,205,628,634,633,630],"class_list":{"0":"post-28657","1":"product","2":"type-product","3":"status-publish","4":"has-post-thumbnail","6":"product_cat-windows-tablets","7":"product_tag-2-in-1-tablet","8":"product_tag-active","9":"product_tag-android","10":"product_tag-applesamsung","11":"product_tag-business-tablet-windows","12":"product_tag-compatible","13":"product_tag-dual","14":"product_tag-ios","15":"product_tag-microsoft-surface-tablet","16":"product_tag-pen","17":"product_tag-phones","18":"product_tag-portable-windows-tablet","19":"product_tag-rechargeable","20":"product_tag-screen","21":"product_tag-stylus","22":"product_tag-tablet","23":"product_tag-tablet-laptop-combo","24":"product_tag-touch","25":"product_tag-touchscreen-windows-tablet","26":"product_tag-white","27":"product_tag-windows-tablet","28":"product_tag-windows-tablet-for-work","29":"product_tag-windows-tablet-price","30":"product_tag-windows-tablet-with-keyboard","32":"first","33":"instock","34":"shipping-taxable","35":"product-type-external"},"_links":{"self":[{"href":"https:\/\/comprasyconsejos.store\/en\/wp-json\/wp\/v2\/product\/28657","targetHints":{"allow":["GET"]}}],"collection":[{"href":"https:\/\/comprasyconsejos.store\/en\/wp-json\/wp\/v2\/product"}],"about":[{"href":"https:\/\/comprasyconsejos.store\/en\/wp-json\/wp\/v2\/types\/product"}],"replies":[{"embeddable":true,"href":"https:\/\/comprasyconsejos.store\/en\/wp-json\/wp\/v2\/comments?post=28657"}],"version-history":[{"count":0,"href":"https:\/\/comprasyconsejos.store\/en\/wp-json\/wp\/v2\/product\/28657\/revisions"}],"wp:featuredmedia":[{"embeddable":true,"href":"https:\/\/comprasyconsejos.store\/en\/wp-json\/wp\/v2\/media\/28658"}],"wp:attachment":[{"href":"https:\/\/comprasyconsejos.store\/en\/wp-json\/wp\/v2\/media?parent=28657"}],"wp:term":[{"taxonomy":"product_brand","embeddable":true,"href":"https:\/\/comprasyconsejos.store\/en\/wp-json\/wp\/v2\/product_brand?post=28657"},{"taxonomy":"product_cat","embeddable":true,"href":"https:\/\/comprasyconsejos.store\/en\/wp-json\/wp\/v2\/product_cat?post=28657"},{"taxonomy":"product_tag","embeddable":true,"href":"https:\/\/comprasyconsejos.store\/en\/wp-json\/wp\/v2\/product_tag?post=28657"}],"curies":[{"name":"wp","href":"https:\/\/api.w.org\/{rel}","templated":true}]}}