{"id":28693,"date":"2026-02-21T09:13:17","date_gmt":"2026-02-21T09:13:17","guid":{"rendered":"https:\/\/comprasyconsejos.store\/product\/ninjabatt-bateria-a1618-para-apple-macbook-pro-retina-15-ano-de-mediados-de-2015-solamente-a1398-alta-capacidad-1136-v-995-wh\/"},"modified":"2026-02-21T09:13:19","modified_gmt":"2026-02-21T09:13:19","slug":"ninjabatt-bateria-a1618-para-apple-macbook-pro-retina-15-ano-de-mediados-de-2015-solamente-a1398-alta-capacidad-1136-v-995-wh","status":"publish","type":"product","link":"https:\/\/comprasyconsejos.store\/en\/product\/ninjabatt-bateria-a1618-para-apple-macbook-pro-retina-15-ano-de-mediados-de-2015-solamente-a1398-alta-capacidad-1136-v-995-wh\/","title":{"rendered":"NinjaBatt Bater\u00eda A1618 para Apple MacBook Pro Retina 15&#8243; [A\u00f1o de mediados de 2015 SOLAMENTE] A1398 &#8211; Alta Capacidad [11,36 V\/99,5 Wh]"},"content":{"rendered":"<p>Price: <span style=\"color:#b12704\">\u20ac79.99<\/span><br \/><i><small>(as of Feb 21, 2026 09:13:17 UTC &#8211; <span class=\"wp_automatic_amazon_disclaimer\" title=\"Product prices and availability are accurate as of the date\/time indicated and are subject to change. Any price and availability information displayed on [relevant Amazon Site(s), as applicable] at the time of purchase will apply to the purchase of this product.\">Details<\/span>)<\/small><\/i><\/p>\n<p><a href=\"https:\/\/amazon.es\/dp\/B0F1D1JV1D?tag=man008-21\"><img decoding=\"async\" src=\"https:\/\/valvepress.s3.amazonaws.com\/imgs\/buy_now.png\"><\/a><br \/>\n<\/p>\n<p>                                             Product Description   <\/p>\n<p>                                                                             <img decoding=\"async\" alt=\"aplus content image\" src=\"https:\/\/images-na.ssl-images-amazon.com\/images\/G\/01\/x-locale\/common\/grey-pixel.gif\" class=\"a-spacing-base a-lazy-loaded\" data-src=\"https:\/\/m.media-amazon.com\/images\/S\/aplus-media-library-service-media\/918ec95c-8082-4c7f-9d7d-39f0fc9d0538.__CR0,1,1944,1202_PT0_SX970_V1___.jpg\"><img decoding=\"async\" alt=\"aplus content image\" src=\"https:\/\/m.media-amazon.com\/images\/S\/aplus-media-library-service-media\/918ec95c-8082-4c7f-9d7d-39f0fc9d0538.__CR0,1,1944,1202_PT0_SX970_V1___.jpg\">                                                                    <\/p>\n<p>                                                      <img decoding=\"async\" alt=\"aplus content image\" src=\"https:\/\/images-na.ssl-images-amazon.com\/images\/G\/01\/x-locale\/common\/grey-pixel.gif\" class=\"a-spacing-mini a-lazy-loaded\" data-src=\"https:\/\/m.media-amazon.com\/images\/S\/aplus-media-library-service-media\/bf28a03d-58f9-4794-9ff3-826be88bfa86.__CR0,0,1000,1333_PT0_SX300_V1___.jpg\"><img decoding=\"async\" alt=\"aplus content image\" src=\"https:\/\/m.media-amazon.com\/images\/S\/aplus-media-library-service-media\/bf28a03d-58f9-4794-9ff3-826be88bfa86.__CR0,0,1000,1333_PT0_SX300_V1___.jpg\">  <\/p>\n<p>                                                              <img decoding=\"async\" alt=\"aplus content image\" src=\"https:\/\/images-na.ssl-images-amazon.com\/images\/G\/01\/x-locale\/common\/grey-pixel.gif\" class=\"a-spacing-mini a-lazy-loaded\" data-src=\"https:\/\/m.media-amazon.com\/images\/S\/aplus-media-library-service-media\/ba561c50-1032-42b6-b981-307aeb9fc98f.__CR0,0,351,176_PT0_SX350_V1___.jpg\"><img decoding=\"async\" alt=\"aplus content image\" src=\"https:\/\/m.media-amazon.com\/images\/S\/aplus-media-library-service-media\/ba561c50-1032-42b6-b981-307aeb9fc98f.__CR0,0,351,176_PT0_SX350_V1___.jpg\">                                          Los expertos en bater\u00edas de port\u00e1tiles                                 <\/p>\n<p class=\"a-spacing-small a-size-small a-color-secondary\"> NinjaBatt ofrece soluciones confiables e innovadoras en energ\u00eda m\u00f3vil. <\/p>\n<p class=\"a-spacing-small a-size-small a-color-secondary\"> Nuestras bater\u00edas de Apple est\u00e1n hechas con materiales y celdas de primera calidad. <\/p>\n<p>                                                                                         Apple MacBook Pro MacBook Pro 15&#8243; &#8211; A1618 A1398 [2015]                                     <\/p>\n<p class=\"a-spacing-base\"> Disfruta de una bater\u00eda de alta calidad para port\u00e1tiles que se adapta perfectamente a tu MacBook PRO 15&#8243; A1618 A1398 [2015]. <\/p>\n<p class=\"a-spacing-base\"> Nuestra bater\u00eda est\u00e1 dise\u00f1ada para proporcionarte toda la energ\u00eda que necesitas con una gran cantidad de caracter\u00edsticas de seguridad. <\/p>\n<p class=\"a-spacing-base\"> Trae tu MacBook de vuelta a la vida! <\/p>\n<p>                                                          Ajuste perfecto       Capacidad mejorada &#8211; 11.36V\/99.5Wh       Celdas de la bater\u00eda de gran calidad      <\/p>\n<p class=\"apm-text-center\">\n                                                      <img decoding=\"async\" alt=\"aplus content image\" src=\"https:\/\/images-na.ssl-images-amazon.com\/images\/G\/01\/x-locale\/common\/grey-pixel.gif\" class=\"a-spacing-mini a-lazy-loaded\" data-src=\"https:\/\/m.media-amazon.com\/images\/S\/aplus-media-library-service-media\/19900fda-da63-4ce6-bca4-2143346a3f93.__CR266,0,1067,1067_PT0_SX300_V1___.png\"><img decoding=\"async\" alt=\"aplus content image\" src=\"https:\/\/m.media-amazon.com\/images\/S\/aplus-media-library-service-media\/19900fda-da63-4ce6-bca4-2143346a3f93.__CR266,0,1067,1067_PT0_SX300_V1___.png\">  <\/p>\n<p>                                                    \u00a1Haz que tu MacBook resucite                                       <\/p>\n<p> Nuestra bater\u00eda Power-house est\u00e1 dise\u00f1ada para que su computadora port\u00e1til funcione durante horas sin tener que buscar constantemente el adaptador de CA. <\/p>\n<p class=\"apm-text-center\">\n                                                      <img decoding=\"async\" alt=\"aplus content image\" src=\"https:\/\/images-na.ssl-images-amazon.com\/images\/G\/01\/x-locale\/common\/grey-pixel.gif\" class=\"a-spacing-mini a-lazy-loaded\" data-src=\"https:\/\/m.media-amazon.com\/images\/S\/aplus-media-library-service-media\/54639008-acb6-4f0e-a535-683609522531.__CR0,0,968,968_PT0_SX300_V1___.jpg\"><img decoding=\"async\" alt=\"aplus content image\" src=\"https:\/\/m.media-amazon.com\/images\/S\/aplus-media-library-service-media\/54639008-acb6-4f0e-a535-683609522531.__CR0,0,968,968_PT0_SX300_V1___.jpg\">  <\/p>\n<p>                                                    Instalaci\u00f3n sencilla                                       <\/p>\n<p> La bater\u00eda viene con destornilladores incluidos para una instalaci\u00f3n f\u00e1cil y r\u00e1pida <\/p>\n<p class=\"apm-text-center\">\n                                                      <img decoding=\"async\" alt=\"aplus content image\" src=\"https:\/\/images-na.ssl-images-amazon.com\/images\/G\/01\/x-locale\/common\/grey-pixel.gif\" class=\"a-spacing-mini a-lazy-loaded\" data-src=\"https:\/\/m.media-amazon.com\/images\/S\/aplus-media-library-service-media\/cb9f3845-f541-41eb-bd36-1c8e25c42e8b.__CR0,0,4000,4000_PT0_SX300_V1___.jpg\"><img decoding=\"async\" alt=\"aplus content image\" src=\"https:\/\/m.media-amazon.com\/images\/S\/aplus-media-library-service-media\/cb9f3845-f541-41eb-bd36-1c8e25c42e8b.__CR0,0,4000,4000_PT0_SX300_V1___.jpg\">  <\/p>\n<p>                                                    Dise\u00f1ada para tu MacBook                                       <\/p>\n<p> Dise\u00f1ado para adaptarse perfectamente a su MacBook Pro de 15&#8243;. No se conforme con bater\u00edas baratas que pueden da\u00f1ar su computadora port\u00e1til <\/p>\n<p>                                                  <img decoding=\"async\" alt=\"El texto dice \u00abBaterias que Duran M\u00e1s\u00bb. Dise\u00f1o de pancarta azul con texto blanco e iconos circulares.\" src=\"https:\/\/images-na.ssl-images-amazon.com\/images\/G\/01\/x-locale\/common\/grey-pixel.gif\" class=\"a-lazy-loaded\" data-src=\"https:\/\/m.media-amazon.com\/images\/S\/aplus-media-library-service-media\/ae4cfc26-1eb4-4136-a02f-e41683a3e60c.__CR2,0,1940,600_PT0_SX970_V1___.jpg\"><img decoding=\"async\" alt=\"El texto dice \u00abBaterias que Duran M\u00e1s\u00bb. Dise\u00f1o de pancarta azul con texto blanco e iconos circulares.\" src=\"https:\/\/m.media-amazon.com\/images\/S\/aplus-media-library-service-media\/ae4cfc26-1eb4-4136-a02f-e41683a3e60c.__CR2,0,1940,600_PT0_SX970_V1___.jpg\">  <\/p>\n<p> Batteries                                            \u200f                                            :                                            \u200e                                            1 12V batteries required. (included)   <br \/> Language                                            \u200f                                            :                                            \u200e                                            Spanish   <br \/> Product Dimensions                                            \u200f                                            :                                            \u200e                                            36.3 x 15.6 x 3.38 cm; 419.57 g   <br \/> Manufacturer                                            \u200f                                            :                                            \u200e                                            NinjaBatt   <br \/> ASIN                                            \u200f                                            :                                            \u200e                                            B0F1D1JV1D   <br \/> Item model number                                            \u200f                                            :                                            \u200e                                            A1618   <br \/> Country\/Region of Origin                                            \u200f                                            :                                            \u200e                                            China   <br \/> Guaranteed software updates until                                            \u200f                                            :                                            \u200e                                            unknown   <br \/>  Customer reviews:                                                                                            4.3               4.3 out of 5 stars                                  (88)                                              var dpAcrHasRegisteredArcLinkClickAction;                    P.when(&#8216;A&#8217;, &#8216;ready&#8217;).execute(function(A) {                        if (dpAcrHasRegisteredArcLinkClickAction !== true) {                            dpAcrHasRegisteredArcLinkClickAction = true;                            A.declarative(                                &#8216;acrLink-click-metrics&#8217;, &#8216;click&#8217;,                                { \u00aballowLinkDefault\u00bb: true },                                function (event) {                                    if (window.ue) {                                        ue.count(\u00abacrLinkClickCount\u00bb, (ue.count(\u00abacrLinkClickCount\u00bb) || 0) + 1);                                    }                                }                            );                        }                    });                                             P.when(&#8216;A&#8217;, &#8216;cf&#8217;).execute(function(A) {                A.declarative(&#8216;acrStarsLink-click-metrics&#8217;, &#8216;click&#8217;, { \u00aballowLinkDefault\u00bb : true },  function(event){                    if(window.ue) {                        ue.count(\u00abacrStarsLinkWithPopoverClickCount\u00bb, (ue.count(\u00abacrStarsLinkWithPopoverClickCount\u00bb) || 0) + 1);                    }                });            });                          <\/p>\n<p>BEFORE ORDERING: Identify the model and year of your Mac and make sure they are listed in the title. The easiest way to do this is to go to \u00abAbout this Mac\u00bb, available in the Apple menu in the upper left corner of the screen.<br \/>SUPERIOR QUALITY NOTEBOOK LAPTOP BATTERY: Resurrect your notebook with the high-quality laptop battery from Ninjabatt. Made with high quality materials, highest qualified battery cells and packed with safety measures.<br \/>AUTHENTIC AND DURABLE CHARGING CAPACITY: All of our replacement notebook batteries are tested to verify they meet OEM requirements. Our battery is rated for 11.36V\/99.5Wh, real charging capacity that won&#8217;t disappoint you or your laptop.<br \/>HIGH QUALITY COMPONENTS &#038; 12 MONTHS WARRANTY: Our laptop batteries are built with top-notch materials and circuit boards to ensure their performance and durability. We only use superior quality battery cells that guarantee up to 1000 charge cycles. We have so much confidence in our laptop replacement batteries that each includes 12 months warranty.<br \/>SAFETY FIRST: Don&#8217;t fall into the trap of buying cheap and unsafe batteries, our batteries are certified to ensure your safety and are packed with preventive measures such as protection against short circuits, overheating and overcharging.<\/p>\n\n","protected":false},"excerpt":{"rendered":"<p> Product Description Los expertos en bater\u00edas de port\u00e1tiles NinjaBatt ofrece soluciones confiables e innovadoras en<\/p>","protected":false},"featured_media":28694,"comment_status":"open","ping_status":"closed","template":"","meta":[],"product_brand":[],"product_cat":[84],"product_tag":[8382,8378,4658,8379,175,496,498,497,4028,4554,160,502,503,504,499,500,501,505,8380,8377,3954,163,678,8381,8383],"class_list":{"0":"post-28693","1":"product","2":"type-product","3":"status-publish","4":"has-post-thumbnail","6":"product_cat-apple-macbook","7":"product_tag-a1398","8":"product_tag-a1618","9":"product_tag-alta","10":"product_tag-ano","11":"product_tag-apple","12":"product_tag-apple-macbook","13":"product_tag-apple-macbook-air","14":"product_tag-apple-macbook-pro","15":"product_tag-bateria","16":"product_tag-capacidad","17":"product_tag-macbook","18":"product_tag-macbook-13-inch","19":"product_tag-macbook-15-inch","20":"product_tag-macbook-16-inch","21":"product_tag-macbook-m1","22":"product_tag-macbook-m2","23":"product_tag-macbook-m3","24":"product_tag-macbook-price","25":"product_tag-mediados","26":"product_tag-ninjabatt","27":"product_tag-para","28":"product_tag-pro","29":"product_tag-retina","30":"product_tag-solamente","31":"product_tag-v995","33":"first","34":"instock","35":"shipping-taxable","36":"product-type-external"},"_links":{"self":[{"href":"https:\/\/comprasyconsejos.store\/en\/wp-json\/wp\/v2\/product\/28693","targetHints":{"allow":["GET"]}}],"collection":[{"href":"https:\/\/comprasyconsejos.store\/en\/wp-json\/wp\/v2\/product"}],"about":[{"href":"https:\/\/comprasyconsejos.store\/en\/wp-json\/wp\/v2\/types\/product"}],"replies":[{"embeddable":true,"href":"https:\/\/comprasyconsejos.store\/en\/wp-json\/wp\/v2\/comments?post=28693"}],"version-history":[{"count":0,"href":"https:\/\/comprasyconsejos.store\/en\/wp-json\/wp\/v2\/product\/28693\/revisions"}],"wp:featuredmedia":[{"embeddable":true,"href":"https:\/\/comprasyconsejos.store\/en\/wp-json\/wp\/v2\/media\/28694"}],"wp:attachment":[{"href":"https:\/\/comprasyconsejos.store\/en\/wp-json\/wp\/v2\/media?parent=28693"}],"wp:term":[{"taxonomy":"product_brand","embeddable":true,"href":"https:\/\/comprasyconsejos.store\/en\/wp-json\/wp\/v2\/product_brand?post=28693"},{"taxonomy":"product_cat","embeddable":true,"href":"https:\/\/comprasyconsejos.store\/en\/wp-json\/wp\/v2\/product_cat?post=28693"},{"taxonomy":"product_tag","embeddable":true,"href":"https:\/\/comprasyconsejos.store\/en\/wp-json\/wp\/v2\/product_tag?post=28693"}],"curies":[{"name":"wp","href":"https:\/\/api.w.org\/{rel}","templated":true}]}}