{"id":28714,"date":"2026-02-21T10:16:54","date_gmt":"2026-02-21T10:16:54","guid":{"rendered":"https:\/\/comprasyconsejos.store\/product\/qwiizlab-80gbps-fanless-nvme-enclosure-with-aluminum-housing-thunderbolt-5-4-3-compatible-backward-compatible-usb-4-ubs3-2-3-1-3-0-supports-pcie-m-2-ssd-up-to-8tb\/"},"modified":"2026-02-21T10:17:03","modified_gmt":"2026-02-21T10:17:03","slug":"qwiizlab-80gbps-fanless-nvme-enclosure-with-aluminum-housing-thunderbolt-5-4-3-compatible-backward-compatible-usb-4-ubs3-2-3-1-3-0-supports-pcie-m-2-ssd-up-to-8tb","status":"publish","type":"product","link":"https:\/\/comprasyconsejos.store\/en\/product\/qwiizlab-80gbps-fanless-nvme-enclosure-with-aluminum-housing-thunderbolt-5-4-3-compatible-backward-compatible-usb-4-ubs3-2-3-1-3-0-supports-pcie-m-2-ssd-up-to-8tb\/","title":{"rendered":"QWIIZLAB 80Gbps fanless NVMe enclosure with aluminum housing, Thunderbolt 5\/4\/3 compatible, backward compatible USB 4\/UBS3.2\/3.1\/3.0, supports PCIe M.2 SSD up to 8TB"},"content":{"rendered":"<p>Price: <span style=\"color:#b12704\"><del>\u20ac199.99<\/del> - \u20ac169.99<\/span><br \/><i><small>(as of Feb 21, 2026 10:16:54 UTC &#8211; <span class=\"wp_automatic_amazon_disclaimer\" title=\"Product prices and availability are accurate as of the date\/time indicated and are subject to change. Any price and availability information displayed on [relevant Amazon Site(s), as applicable] at the time of purchase will apply to the purchase of this product.\">Details<\/span>)<\/small><\/i><\/p>\n<p><a href=\"https:\/\/amazon.es\/dp\/B0FPQN5RBS?tag=man008-21\"><img decoding=\"async\" src=\"https:\/\/valvepress.s3.amazonaws.com\/imgs\/buy_now.png\"><\/a><br \/>\n<\/p>\n<p>                                             Product Description   <\/p>\n<p>                                                                                                       <img decoding=\"async\" alt=\"aplus content image\" src=\"https:\/\/images-na.ssl-images-amazon.com\/images\/G\/01\/x-locale\/common\/grey-pixel.gif\" class=\"a-lazy-loaded\" data-src=\"https:\/\/m.media-amazon.com\/images\/S\/aplus-media-library-service-media\/42aa16ea-34ca-4dd4-8d5f-b390dbb8c3d1.__CR0,0,1464,600_PT0_SX1464_V1___.jpg\"><img decoding=\"async\" alt=\"aplus content image\" src=\"https:\/\/m.media-amazon.com\/images\/S\/aplus-media-library-service-media\/42aa16ea-34ca-4dd4-8d5f-b390dbb8c3d1.__CR0,0,1464,600_PT0_SX1464_V1___.jpg\">                                               <\/p>\n<p>                                                                                                       <img decoding=\"async\" alt=\"aplus content image\" src=\"https:\/\/images-na.ssl-images-amazon.com\/images\/G\/01\/x-locale\/common\/grey-pixel.gif\" class=\"a-lazy-loaded\" data-src=\"https:\/\/m.media-amazon.com\/images\/S\/aplus-media-library-service-media\/4429d575-6214-426e-b524-1acd164a1d4b.__CR0,0,1464,600_PT0_SX1464_V1___.jpg\"><img decoding=\"async\" alt=\"aplus content image\" src=\"https:\/\/m.media-amazon.com\/images\/S\/aplus-media-library-service-media\/4429d575-6214-426e-b524-1acd164a1d4b.__CR0,0,1464,600_PT0_SX1464_V1___.jpg\">                                               <\/p>\n<p>                                                                                                                <img decoding=\"async\" alt=\"El texto dice \u00ab80 Gbps\u00bb y \u00abBridging Fast Data Transfer Rate\u00bb. Diagrama t\u00e9cnico que muestra las velocidades de transferencia de datos o de red con un fondo azul degradado y elementos de interfaz blancos.\" src=\"https:\/\/m.media-amazon.com\/images\/S\/aplus-media-library-service-media\/8888d029-14c7-449a-abe4-6350338dcda9.__CR0,0,1464,600_PT0_SX1464_V1___.jpg\">                                                    <img decoding=\"async\" alt=\"aplus content image\" src=\"https:\/\/m.media-amazon.com\/images\/S\/aplus-media-library-service-media\/7d84fd14-a5f6-4beb-8c5b-f4a641941f17.__CR0,0,1464,600_PT0_SX1464_V1___.jpg\">                                                    <img decoding=\"async\" alt=\"El texto dice \u00abQu\u00e9 hay en la caja\u00bb. Diagrama del contenido del paquete del producto que muestra varios componentes y accesorios con vi\u00f1etas que enumeran los art\u00edculos incluidos.\" src=\"https:\/\/m.media-amazon.com\/images\/S\/aplus-media-library-service-media\/0a738ff9-60f6-40da-80b6-383980123a47.__CR0,0,1464,600_PT0_SX1464_V1___.jpg\"><br \/>\n                            1 80Gbps Thunderbolt5 <\/p>\n<p>                            2 Instalaci\u00f3n de SSD <\/p>\n<p>                            3 Lista de embalaje <\/p>\n<p>                                                                                                       <img decoding=\"async\" alt=\"El texto dice \u00abCompatibilidad del producto y rendimiento en el mundo real\u00bb. Tabla de especificaciones t\u00e9cnicas o matriz de compatibilidad que muestra las especificaciones del producto y los datos de rendimiento.\" src=\"https:\/\/images-na.ssl-images-amazon.com\/images\/G\/01\/x-locale\/common\/grey-pixel.gif\" class=\"a-lazy-loaded\" data-src=\"https:\/\/m.media-amazon.com\/images\/S\/aplus-media-library-service-media\/ad7df5ae-74b4-4c8f-8627-556b60dce940.__CR0,0,1464,600_PT0_SX1464_V1___.jpg\"><img decoding=\"async\" alt=\"El texto dice \u00abCompatibilidad del producto y rendimiento en el mundo real\u00bb. Tabla de especificaciones t\u00e9cnicas o matriz de compatibilidad que muestra las especificaciones del producto y los datos de rendimiento.\" src=\"https:\/\/m.media-amazon.com\/images\/S\/aplus-media-library-service-media\/ad7df5ae-74b4-4c8f-8627-556b60dce940.__CR0,0,1464,600_PT0_SX1464_V1___.jpg\">                                               <\/p>\n<h3>\n<p class=\"aplus-question aplus-p1\"> \u00bfEste producto incluye una unidad SSD NVMe? <\/p>\n<\/h3>\n<p class=\"aplus-answer aplus-p2\"> No, no incluye ninguna unidad SSD, deber\u00e1 adquirirla e instalarla usted mismo. <\/p>\n<h3>\n<p class=\"aplus-question aplus-p1\"> \u00bfEste producto incluye almohadillas t\u00e9rmicas de silicona? <\/p>\n<\/h3>\n<p class=\"aplus-answer aplus-p2\"> S\u00ed, incluye dos almohadillas t\u00e9rmicas de silicona para el SSD. Una es para el SSD de una sola cara y la otra es para el SSD de doble cara. <\/p>\n<h3>\n<p class=\"aplus-question aplus-p1\"> \u00bfEste producto es compatible con SSD con disipador t\u00e9rmico?  <\/p>\n<\/h3>\n<p class=\"aplus-answer aplus-p2\"> No, no hay espacio para colocar un disipador t\u00e9rmico adicional dentro de este producto. Sin embargo, la carcasa ranurada totalmente de aluminio y las almohadillas t\u00e9rmicas proporcionan una disipaci\u00f3n eficiente del calor. <\/p>\n<h3>\n<p class=\"aplus-question aplus-p1\"> \u00bfEste producto incluye un ventilador mec\u00e1nico para la refrigeraci\u00f3n? <\/p>\n<\/h3>\n<p class=\"aplus-answer aplus-p2\"> No, es un dise\u00f1o sin ventilador con una carcasa ranurada totalmente de aluminio. Proporciona una disipaci\u00f3n eficiente del calor sin utilizar ning\u00fan ventilador ruidoso. <\/p>\n<h3>\n<p class=\"aplus-question aplus-p1\"> \u00bfQu\u00e9 velocidad SSD puede alcanzar este producto?  <\/p>\n<\/h3>\n<p class=\"aplus-answer aplus-p2\"> La velocidad real depende de las especificaciones de tu ordenador y SSD. Lo hemos probado en un Mac Studio M4 Max con un SSD Samsung 9100 Pro de 1 TB, y sus velocidades de escritura\/lectura son de 6379 MB\/s y 5906 MB\/s. <\/p>\n<p> Product Dimensions                                            \u200f                                            :                                            \u200e                                            12.42 x 5.79 x 2.97 cm; 235.02 g   <br \/> Manufacturer                                            \u200f                                            :                                            \u200e                                            Qwiizlab   <br \/> ASIN                                            \u200f                                            :                                            \u200e                                            B0FPQN5RBS   <br \/> Item model number                                            \u200f                                            :                                            \u200e                                            ES41TR (Silver)   <br \/> Guaranteed software updates until                                            \u200f                                            :                                            \u200e                                            unknown   <br \/>  Customer reviews:                                                                                            4.6               4.6 out of 5 stars                                  (54)                                              var dpAcrHasRegisteredArcLinkClickAction;                    P.when(&#8216;A&#8217;, &#8216;ready&#8217;).execute(function(A) {                        if (dpAcrHasRegisteredArcLinkClickAction !== true) {                            dpAcrHasRegisteredArcLinkClickAction = true;                            A.declarative(                                &#8216;acrLink-click-metrics&#8217;, &#8216;click&#8217;,                                { \u00aballowLinkDefault\u00bb: true },                                function (event) {                                    if (window.ue) {                                        ue.count(\u00abacrLinkClickCount\u00bb, (ue.count(\u00abacrLinkClickCount\u00bb) || 0) + 1);                                    }                                }                            );                        }                    });                                             P.when(&#8216;A&#8217;, &#8216;cf&#8217;).execute(function(A) {                A.declarative(&#8216;acrStarsLink-click-metrics&#8217;, &#8216;click&#8217;, { \u00aballowLinkDefault\u00bb : true },  function(event){                    if(window.ue) {                        ue.count(\u00abacrStarsLinkWithPopoverClickCount\u00bb, (ue.count(\u00abacrStarsLinkWithPopoverClickCount\u00bb) || 0) + 1);                    }                });            });                          <\/p>\n<p>FAST SPEEDS &#8211; Powered by Intel JHL9480 controller, it delivers a sequential write speed of over 6,300MB\/s and a read speed of 5,900MB\/s via Thunderbolt 5 port.<br \/>Wide Compatibility: With Realtek RTD9210 chip, it offers backward compatibility with Thunderbolt 4 and USB 4\/3.2\/3.1\/3.0, ensuring extensive connectivity.<br \/>STURDY &#038; FANLESS &#8211; Embedded in a sleek, fluted aluminum housing, it stays cool even without a fan, and uses an internal copper plate to dissipate heat from the NVMe M.2 SSD.<br \/>Please note before purchasing: This product does not contain SSD. It supports PCIe Gen 5 and NVMe Gen 4 SSDs in 2280\/2260\/2242\/2230mm sizes with up to 8TB of capacity.<br \/>What You Get After Purchase: 80Gbps NVMe Enclosure (Model Name ES41TR), Thunderbolt 5 Cable (Intel Certified), Silicone SSD Thermal Pads, Screwdriver and Screw to Install the SSD, Quick Guide and Velvet Drawstring Gift Bag.<\/p>\n\n","protected":false},"excerpt":{"rendered":"<p> Product Description 1 80Gbps Thunderbolt5 2 Instalaci\u00f3n de SSD 3 Lista de embalaje \u00bfEste producto<\/p>","protected":false},"featured_media":28715,"comment_status":"open","ping_status":"closed","template":"","meta":[],"product_brand":[],"product_cat":[70],"product_tag":[8391,8390,3178,435,2109,201,2117,2119,2111,2374,2105,2101,2113,2414,6073,1119,822,624,2107,8389,513,1085,1464,133,2115,2103],"class_list":{"0":"post-28714","1":"product","2":"type-product","3":"status-publish","4":"has-post-thumbnail","6":"product_cat-disc-drives","7":"product_tag-4ubs3-23-13-0","8":"product_tag-80gbps","9":"product_tag-8tb","10":"product_tag-aluminum","11":"product_tag-blu-ray-drive","12":"product_tag-compatible","13":"product_tag-disc-drive-for-laptop","14":"product_tag-dvd-drive-price","15":"product_tag-dvd-writer","16":"product_tag-enclosure","17":"product_tag-external-cd-drive","18":"product_tag-external-dvd-drive","19":"product_tag-external-optical-drive","20":"product_tag-fanless","21":"product_tag-housing","22":"product_tag-m-2","23":"product_tag-nvme","24":"product_tag-pcie","25":"product_tag-portable-disc-drive","26":"product_tag-qwiizlab","27":"product_tag-ssd","28":"product_tag-supports","29":"product_tag-thunderbolt","30":"product_tag-usb","31":"product_tag-usb-cd-writer","32":"product_tag-usb-dvd-drive","34":"first","35":"instock","36":"sale","37":"shipping-taxable","38":"product-type-external"},"_links":{"self":[{"href":"https:\/\/comprasyconsejos.store\/en\/wp-json\/wp\/v2\/product\/28714","targetHints":{"allow":["GET"]}}],"collection":[{"href":"https:\/\/comprasyconsejos.store\/en\/wp-json\/wp\/v2\/product"}],"about":[{"href":"https:\/\/comprasyconsejos.store\/en\/wp-json\/wp\/v2\/types\/product"}],"replies":[{"embeddable":true,"href":"https:\/\/comprasyconsejos.store\/en\/wp-json\/wp\/v2\/comments?post=28714"}],"version-history":[{"count":0,"href":"https:\/\/comprasyconsejos.store\/en\/wp-json\/wp\/v2\/product\/28714\/revisions"}],"wp:featuredmedia":[{"embeddable":true,"href":"https:\/\/comprasyconsejos.store\/en\/wp-json\/wp\/v2\/media\/28715"}],"wp:attachment":[{"href":"https:\/\/comprasyconsejos.store\/en\/wp-json\/wp\/v2\/media?parent=28714"}],"wp:term":[{"taxonomy":"product_brand","embeddable":true,"href":"https:\/\/comprasyconsejos.store\/en\/wp-json\/wp\/v2\/product_brand?post=28714"},{"taxonomy":"product_cat","embeddable":true,"href":"https:\/\/comprasyconsejos.store\/en\/wp-json\/wp\/v2\/product_cat?post=28714"},{"taxonomy":"product_tag","embeddable":true,"href":"https:\/\/comprasyconsejos.store\/en\/wp-json\/wp\/v2\/product_tag?post=28714"}],"curies":[{"name":"wp","href":"https:\/\/api.w.org\/{rel}","templated":true}]}}