{"id":28726,"date":"2026-02-21T10:29:29","date_gmt":"2026-02-21T10:29:29","guid":{"rendered":"https:\/\/comprasyconsejos.store\/product\/1300mbps-usb-wifi-adapter-for-desktop-pc-and-laptop-dual-5dbi-antenna-5g-2-4g-usb-3-0-dual-band-network-adapter-compatible-with-windows-11-10-7\/"},"modified":"2026-02-21T10:29:32","modified_gmt":"2026-02-21T10:29:32","slug":"1300mbps-usb-wifi-adapter-for-desktop-pc-and-laptop-dual-5dbi-antenna-5g-2-4g-usb-3-0-dual-band-network-adapter-compatible-with-windows-11-10-7","status":"publish","type":"product","link":"https:\/\/comprasyconsejos.store\/en\/product\/1300mbps-usb-wifi-adapter-for-desktop-pc-and-laptop-dual-5dbi-antenna-5g-2-4g-usb-3-0-dual-band-network-adapter-compatible-with-windows-11-10-7\/","title":{"rendered":"1300Mbps USB WiFi Adapter for Desktop PC and Laptop &#8211; Dual 5Dbi Antenna 5G\/2.4G, USB 3.0 Dual Band Network Adapter &#8211; Compatible with Windows 11\/10\/7"},"content":{"rendered":"<p>Price: <span style=\"color:#b12704\">\u20ac9.49<\/span><br \/><i><small>(as of Feb 21, 2026 10:29:29 UTC &#8211; <span class=\"wp_automatic_amazon_disclaimer\" title=\"Product prices and availability are accurate as of the date\/time indicated and are subject to change. Any price and availability information displayed on [relevant Amazon Site(s), as applicable] at the time of purchase will apply to the purchase of this product.\">Details<\/span>)<\/small><\/i><\/p>\n<p><a href=\"https:\/\/amazon.es\/dp\/B0DNJYKN1M?tag=man008-21\"><img decoding=\"async\" src=\"https:\/\/valvepress.s3.amazonaws.com\/imgs\/buy_now.png\"><\/a><br \/>\n<\/p>\n<p>                                             Product Description   <\/p>\n<p>                                                                             <img decoding=\"async\" alt=\"el router wifi de doble frecuencia\" src=\"https:\/\/images-na.ssl-images-amazon.com\/images\/G\/01\/x-locale\/common\/grey-pixel.gif\" class=\"a-spacing-base a-lazy-loaded\" data-src=\"https:\/\/m.media-amazon.com\/images\/S\/aplus-media-library-service-media\/cfb26fd0-cff5-46f6-bc51-3d64ecd1209f.__CR0,0,970,600_PT0_SX970_V1___.jpg\"><img decoding=\"async\" alt=\"el router wifi de doble frecuencia\" src=\"https:\/\/m.media-amazon.com\/images\/S\/aplus-media-library-service-media\/cfb26fd0-cff5-46f6-bc51-3d64ecd1209f.__CR0,0,970,600_PT0_SX970_V1___.jpg\">                                         <\/p>\n<h3 class=\"a-spacing-mini\"> Informaci\u00f3n sobre el producto <\/h3>\n<p class=\"a-spacing-base\"> Color del producto: negro <\/p>\n<p class=\"a-spacing-base\"> Material del producto: material ABS + puerto USB <\/p>\n<p class=\"a-spacing-base\"> Velocidad de red soportada (velocidad WiFi): 2.4GHz &#8211; 400Mpbs, 5.0GHz &#8211; 867Mpbs <\/p>\n<p class=\"a-spacing-base\"> Modo de red (frecuencia): Dual Band 2.4G + 5.0G <\/p>\n<p class=\"a-spacing-base\"> Packing List: PC Fijo USB WiFi x1 <\/p>\n<p>                                                                             <img decoding=\"async\" alt=\"wifi usb\" src=\"https:\/\/images-na.ssl-images-amazon.com\/images\/G\/01\/x-locale\/common\/grey-pixel.gif\" class=\"a-spacing-base a-lazy-loaded\" data-src=\"https:\/\/m.media-amazon.com\/images\/S\/aplus-media-library-service-media\/c5420b45-bb28-4532-8aad-5db8782bccfb.__CR0,0,970,600_PT0_SX970_V1___.jpg\"><img decoding=\"async\" alt=\"wifi usb\" src=\"https:\/\/m.media-amazon.com\/images\/S\/aplus-media-library-service-media\/c5420b45-bb28-4532-8aad-5db8782bccfb.__CR0,0,970,600_PT0_SX970_V1___.jpg\">                                                                     <\/p>\n<p class=\"a-spacing-base\"> La antena wifi externa adopta la interfaz de transmisi\u00f3n de alta velocidad 3.0, 10 veces m\u00e1s r\u00e1pida que USB 2.0, y compatible con dispositivos de interfaz USB 2.0, es la mejor opci\u00f3n para su unidad flash USB WIFI. <\/p>\n<p class=\"a-spacing-base\"> Tarjeta inal\u00e1mbrica 802.11AC 1300Mbps 2.4GHz y 5.0GHz con chip de alto rendimiento Realtek RTL8812BU, interfaz USB 3.0, la transmisi\u00f3n WiFi es m\u00e1s eficiente y ahorra energ\u00eda. <\/p>\n<p class=\"a-spacing-base\"> Sistema aplicable (OS): Compatible con Windows 7\/10\/11 <\/p>\n<p class=\"a-spacing-base\"> La tarjeta de red USB inal\u00e1mbrica 802.11AC de doble banda es adecuada para la conexi\u00f3n inal\u00e1mbrica de port\u00e1tiles, ordenadores de sobremesa y otros dispositivos, lo que puede proporcionar un acceso inal\u00e1mbrico a Internet c\u00f3modo y r\u00e1pido. La tarjeta de red soporta la funci\u00f3n de autodetecci\u00f3n, que puede ajustar autom\u00e1ticamente la velocidad. <\/p>\n<p class=\"a-spacing-base\"> Sigue los est\u00e1ndares IEEE 802.11a, IEEE 802.11g, IEEE 802.11n, IEEE 802.11ac; <\/p>\n<p class=\"a-spacing-base\"> Velocidad de transmisi\u00f3n inal\u00e1mbrica: hasta 400 Mbps en banda 2.4G; hasta 867 Mbps en banda 5G, soporta encriptaci\u00f3n WPA-PSK\/WPA2-PSK\/WEP\/WPA\/WPA2, que puede proporcionar seguridad para la conexi\u00f3n de red inal\u00e1mbrica. <\/p>\n<p class=\"apm-text-center\">\n                                                      <img decoding=\"async\" alt=\"la nueva tecnolog\u00eda est\u00e1 dise\u00f1ada para ser utilizada para monitorear los componentes de la computadora\" src=\"https:\/\/images-na.ssl-images-amazon.com\/images\/G\/01\/x-locale\/common\/grey-pixel.gif\" class=\"a-spacing-mini a-lazy-loaded\" data-src=\"https:\/\/m.media-amazon.com\/images\/S\/aplus-media-library-service-media\/8a3267a2-c0b0-431f-b64d-4cfbf0e6f24c.__CR0,0,300,300_PT0_SX300_V1___.jpg\"><img decoding=\"async\" alt=\"la nueva tecnolog\u00eda est\u00e1 dise\u00f1ada para ser utilizada para monitorear los componentes de la computadora\" src=\"https:\/\/m.media-amazon.com\/images\/S\/aplus-media-library-service-media\/8a3267a2-c0b0-431f-b64d-4cfbf0e6f24c.__CR0,0,300,300_PT0_SX300_V1___.jpg\">  <\/p>\n<p> La tarjeta wifi fija para PC de 1300Mbps cuenta con altas velocidades inal\u00e1mbricas (2,4GHz 400Mpbs + 5,8GHz 867Mpbs) y est\u00e1 equipada con dos antenas omnidireccionales de banda dual de 5dBi de alta ganancia para aumentar la cobertura de la se\u00f1al de \u00e1rea sin temor a obst\u00e1culos en la pared para una alta eficiencia de trabajo del dispositivo. <\/p>\n<p class=\"apm-text-center\">\n                                                      <img decoding=\"async\" alt=\"wifi usb\" src=\"https:\/\/images-na.ssl-images-amazon.com\/images\/G\/01\/x-locale\/common\/grey-pixel.gif\" class=\"a-spacing-mini a-lazy-loaded\" data-src=\"https:\/\/m.media-amazon.com\/images\/S\/aplus-media-library-service-media\/7509d631-5cec-4fae-bc2f-47e7a65c6c87.__CR0,0,300,300_PT0_SX300_V1___.jpg\"><img decoding=\"async\" alt=\"wifi usb\" src=\"https:\/\/m.media-amazon.com\/images\/S\/aplus-media-library-service-media\/7509d631-5cec-4fae-bc2f-47e7a65c6c87.__CR0,0,300,300_PT0_SX300_V1___.jpg\">  <\/p>\n<p> Wifi USB WIFI USB Stick cuerpo est\u00e1 equipado con agujeros de disipaci\u00f3n de calor, materiales ign\u00edfugos importados, todo alrededor de alta disipaci\u00f3n de calor, moldeo por inyecci\u00f3n de alta densidad, la disipaci\u00f3n de calor multi-agujero, para que usted tenga una c\u00f3moda experiencia de uso. <\/p>\n<p class=\"apm-text-center\">\n                                                      <img decoding=\"async\" alt=\"una mano que sostiene un router inal\u00e1mbrico\" src=\"https:\/\/images-na.ssl-images-amazon.com\/images\/G\/01\/x-locale\/common\/grey-pixel.gif\" class=\"a-spacing-mini a-lazy-loaded\" data-src=\"https:\/\/m.media-amazon.com\/images\/S\/aplus-media-library-service-media\/f0364919-939f-40f1-8544-4e4b7633dbac.__CR0,0,300,300_PT0_SX300_V1___.jpg\"><img decoding=\"async\" alt=\"una mano que sostiene un router inal\u00e1mbrico\" src=\"https:\/\/m.media-amazon.com\/images\/S\/aplus-media-library-service-media\/f0364919-939f-40f1-8544-4e4b7633dbac.__CR0,0,300,300_PT0_SX300_V1___.jpg\">  <\/p>\n<p> Memoria USB Wifi para PC plug-and-play f\u00e1cil de usar. Compatible con Windows 7\/10\/11, admite los est\u00e1ndares de cifrado WPA-PSK\/WPA2-PSK\/WEP\/WPA\/WPA2 para mejorar la seguridad en el trabajo. <\/p>\n<p> Package Dimensions                                            \u200f                                            :                                            \u200e                                            13.5 x 8.3 x 1.9 cm; 40 g   <br \/> Manufacturer                                            \u200f                                            :                                            \u200e                                            Vinmooog   <br \/> ASIN                                            \u200f                                            :                                            \u200e                                            B0DNJYKN1M   <br \/> Guaranteed software updates until                                            \u200f                                            :                                            \u200e                                            unknown   <br \/>  Customer reviews:                                                                                            4.3               4.3 out of 5 stars                                  (191)                                              var dpAcrHasRegisteredArcLinkClickAction;                    P.when(&#8216;A&#8217;, &#8216;ready&#8217;).execute(function(A) {                        if (dpAcrHasRegisteredArcLinkClickAction !== true) {                            dpAcrHasRegisteredArcLinkClickAction = true;                            A.declarative(                                &#8216;acrLink-click-metrics&#8217;, &#8216;click&#8217;,                                { \u00aballowLinkDefault\u00bb: true },                                function (event) {                                    if (window.ue) {                                        ue.count(\u00abacrLinkClickCount\u00bb, (ue.count(\u00abacrLinkClickCount\u00bb) || 0) + 1);                                    }                                }                            );                        }                    });                                             P.when(&#8216;A&#8217;, &#8216;cf&#8217;).execute(function(A) {                A.declarative(&#8216;acrStarsLink-click-metrics&#8217;, &#8216;click&#8217;, { \u00aballowLinkDefault\u00bb : true },  function(event){                    if(window.ue) {                        ue.count(\u00abacrStarsLinkWithPopoverClickCount\u00bb, (ue.count(\u00abacrStarsLinkWithPopoverClickCount\u00bb) || 0) + 1);                    }                });            });                          <\/p>\n<p>\u3010High Speed USB 3.0 Interface\u3011PC WIFI USB flash drive adopts Hi-Speed 3.0 transmission interface, the transmission speed is 10 times faster than that of USB 2.0, and it is compatible with USB 2.0 interface devices.<br \/>Powerful Dual Band, Stronger Signal: 1300Mbps WiFi USB flash drive with wireless speed up to (2.4GHz 400Mpbs + 5.8GHz 867Mpbs), equipped with two dual-band high-gain 5dBi omnidirectional antennas to increase signal coverage area, no fear of wall obstacles, and high efficiency of the working device.<br \/>Efficient Heat Dissipation, Stable Operation The body of the usb wifi stick is equipped with heat dissipation holes, using a full range of imported high heat dissipation fireproof materials, high-density injection molding, porous heat dissipation, excellent user experience.<br \/>MU-MIMO TECHNOLOGY The wifi stick can send different data to up to 4 wireless terminals at the same time, giving all the game to the performance of the air interface.<br \/>Great Compatibility The USB adapter is easy to use, plug and play. Compatible with Windows 7\/10\/11, supports WPA-PSK \/ WPA2-PSK \/ WEP \/ WPA \/ WPA2 encryption standards to improve security.<\/p>\n\n","protected":false},"excerpt":{"rendered":"<p> Product Description Informaci\u00f3n sobre el producto Color del producto: negro Material del producto: material ABS<\/p>","protected":false},"featured_media":28727,"comment_status":"open","ping_status":"closed","template":"","meta":[],"product_brand":[],"product_cat":[72],"product_tag":[8392,3708,922,144,3454,2217,201,787,298,2110,2116,159,2114,2118,1719,2112,133,2108,543,2104,2120,2102,537,2106],"class_list":{"0":"post-28726","1":"product","2":"type-product","3":"status-publish","4":"has-post-thumbnail","6":"product_cat-wifi-sticks","7":"product_tag-1300mbps","8":"product_tag-5dbi","9":"product_tag-5g2-4g","10":"product_tag-adapter","11":"product_tag-antenna","12":"product_tag-band","13":"product_tag-compatible","14":"product_tag-desktop","15":"product_tag-dual","16":"product_tag-dual-band-wifi-adapter","17":"product_tag-high-speed-wifi-usb","18":"product_tag-laptop","19":"product_tag-laptop-wifi-adapter","20":"product_tag-mini-wifi-adapter","21":"product_tag-network","22":"product_tag-pc-wifi-adapter","23":"product_tag-usb","24":"product_tag-usb-wifi-dongle","25":"product_tag-wifi","26":"product_tag-wifi-stick","27":"product_tag-wifi-stick-price","28":"product_tag-wifi-usb-adapter","29":"product_tag-windows","30":"product_tag-wireless-usb-adapter","32":"first","33":"instock","34":"shipping-taxable","35":"product-type-external"},"_links":{"self":[{"href":"https:\/\/comprasyconsejos.store\/en\/wp-json\/wp\/v2\/product\/28726","targetHints":{"allow":["GET"]}}],"collection":[{"href":"https:\/\/comprasyconsejos.store\/en\/wp-json\/wp\/v2\/product"}],"about":[{"href":"https:\/\/comprasyconsejos.store\/en\/wp-json\/wp\/v2\/types\/product"}],"replies":[{"embeddable":true,"href":"https:\/\/comprasyconsejos.store\/en\/wp-json\/wp\/v2\/comments?post=28726"}],"version-history":[{"count":0,"href":"https:\/\/comprasyconsejos.store\/en\/wp-json\/wp\/v2\/product\/28726\/revisions"}],"wp:featuredmedia":[{"embeddable":true,"href":"https:\/\/comprasyconsejos.store\/en\/wp-json\/wp\/v2\/media\/28727"}],"wp:attachment":[{"href":"https:\/\/comprasyconsejos.store\/en\/wp-json\/wp\/v2\/media?parent=28726"}],"wp:term":[{"taxonomy":"product_brand","embeddable":true,"href":"https:\/\/comprasyconsejos.store\/en\/wp-json\/wp\/v2\/product_brand?post=28726"},{"taxonomy":"product_cat","embeddable":true,"href":"https:\/\/comprasyconsejos.store\/en\/wp-json\/wp\/v2\/product_cat?post=28726"},{"taxonomy":"product_tag","embeddable":true,"href":"https:\/\/comprasyconsejos.store\/en\/wp-json\/wp\/v2\/product_tag?post=28726"}],"curies":[{"name":"wp","href":"https:\/\/api.w.org\/{rel}","templated":true}]}}