{"id":28768,"date":"2026-02-21T10:37:15","date_gmt":"2026-02-21T10:37:15","guid":{"rendered":"https:\/\/comprasyconsejos.store\/product\/tr-peerless-assassin-tl-c12c-120-se-black-6-heat-pipelines-2-pwm-fans-155mm-cpu-cooling-am4-am5-and-intel-lga-1851-1700-1150-1151-1200-pa120se-black\/"},"modified":"2026-02-21T10:37:20","modified_gmt":"2026-02-21T10:37:20","slug":"tr-peerless-assassin-tl-c12c-120-se-black-6-heat-pipelines-2-pwm-fans-155mm-cpu-cooling-am4-am5-and-intel-lga-1851-1700-1150-1151-1200-pa120se-black","status":"publish","type":"product","link":"https:\/\/comprasyconsejos.store\/en\/product\/tr-peerless-assassin-tl-c12c-120-se-black-6-heat-pipelines-2-pwm-fans-155mm-cpu-cooling-am4-am5-and-intel-lga-1851-1700-1150-1151-1200-pa120se-black\/","title":{"rendered":"TR Peerless Assassin TL-C12C 120 SE Black, 6 Heat Pipelines, 2 PWM Fans, 155mm CPU Cooling, AM4\/AM5 and Intel LGA 1851\/1700\/1150\/1151\/1200 (PA120SE BLACK)"},"content":{"rendered":"<p>Price: <span style=\"color:#b12704\">\u20ac39.59<\/span><br \/><i><small>(as of Feb 21, 2026 10:37:15 UTC &#8211; <span class=\"wp_automatic_amazon_disclaimer\" title=\"Product prices and availability are accurate as of the date\/time indicated and are subject to change. Any price and availability information displayed on [relevant Amazon Site(s), as applicable] at the time of purchase will apply to the purchase of this product.\">Details<\/span>)<\/small><\/i><\/p>\n<p><a href=\"https:\/\/amazon.es\/dp\/B0DCMJ2G3Y?tag=man008-21\"><img decoding=\"async\" src=\"https:\/\/valvepress.s3.amazonaws.com\/imgs\/buy_now.png\"><\/a><br \/>\n<\/p>\n<p>                                             Product Description   <\/p>\n<p>                                                                             <img decoding=\"async\" alt=\"Thermalright PA120 SE en negro. Disipador t\u00e9rmico de doble torre con tubos de calor de cobre, flujo de aire optimizado y ventiladores de 120 mm. Es compatible con los procesadores AMD e Intel para juegos y\" src=\"https:\/\/images-na.ssl-images-amazon.com\/images\/G\/01\/x-locale\/common\/grey-pixel.gif\" class=\"a-spacing-base a-lazy-loaded\" data-src=\"https:\/\/m.media-amazon.com\/images\/S\/aplus-media-library-service-media\/e1d36031-ad11-447f-9906-50f935da7bd0.__CR0,0,970,600_PT0_SX970_V1___.jpg\"><img decoding=\"async\" alt=\"Thermalright PA120 SE en negro. Disipador t\u00e9rmico de doble torre con tubos de calor de cobre, flujo de aire optimizado y ventiladores de 120 mm. Es compatible con los procesadores AMD e Intel para juegos y\" src=\"https:\/\/m.media-amazon.com\/images\/S\/aplus-media-library-service-media\/e1d36031-ad11-447f-9906-50f935da7bd0.__CR0,0,970,600_PT0_SX970_V1___.jpg\">                                                                    <\/p>\n<p>                                                                             <img decoding=\"async\" alt=\"Gran enfriador de CPU negro con dise\u00f1o de doble torre. Cuenta con m\u00faltiples tubos de calor, aletas de refrigeraci\u00f3n anchas y un ventilador central para una mejor disipaci\u00f3n del calor\" src=\"https:\/\/images-na.ssl-images-amazon.com\/images\/G\/01\/x-locale\/common\/grey-pixel.gif\" class=\"a-spacing-base a-lazy-loaded\" data-src=\"https:\/\/m.media-amazon.com\/images\/S\/aplus-media-library-service-media\/5fbf4ff3-e817-4866-a600-0e53abad6445.__CR0,0,970,600_PT0_SX970_V1___.jpg\"><img decoding=\"async\" alt=\"Gran enfriador de CPU negro con dise\u00f1o de doble torre. Cuenta con m\u00faltiples tubos de calor, aletas de refrigeraci\u00f3n anchas y un ventilador central para una mejor disipaci\u00f3n del calor\" src=\"https:\/\/m.media-amazon.com\/images\/S\/aplus-media-library-service-media\/5fbf4ff3-e817-4866-a600-0e53abad6445.__CR0,0,970,600_PT0_SX970_V1___.jpg\">                                                                    <\/p>\n<p>                                                                             <img decoding=\"async\" alt=\"Ventiladores de refrigeraci\u00f3n duales para computadora de 120 mm con aspas negras curvas. Dise\u00f1o de marco cuadrado para montaje en carcasas de PC. Las especificaciones mencionan una velocidad de 1550 RPM para un flujo de aire y una presi\u00f3n est\u00e1tica equilibrados\" src=\"https:\/\/images-na.ssl-images-amazon.com\/images\/G\/01\/x-locale\/common\/grey-pixel.gif\" class=\"a-spacing-base a-lazy-loaded\" data-src=\"https:\/\/m.media-amazon.com\/images\/S\/aplus-media-library-service-media\/87ae87a6-bbcb-4724-aa30-79fa9dabd24b.__CR0,0,970,600_PT0_SX970_V1___.jpg\"><img decoding=\"async\" alt=\"Ventiladores de refrigeraci\u00f3n duales para computadora de 120 mm con aspas negras curvas. Dise\u00f1o de marco cuadrado para montaje en carcasas de PC. Las especificaciones mencionan una velocidad de 1550 RPM para un flujo de aire y una presi\u00f3n est\u00e1tica equilibrados\" src=\"https:\/\/m.media-amazon.com\/images\/S\/aplus-media-library-service-media\/87ae87a6-bbcb-4724-aa30-79fa9dabd24b.__CR0,0,970,600_PT0_SX970_V1___.jpg\">                                                                    <\/p>\n<p>                                                                             <img decoding=\"async\" alt=\"negro con estructura de aleta asim\u00e9trica. M\u00faltiples aletas de refrigeraci\u00f3n delgadas dispuestas en un patr\u00f3n escalonado. Varios puntos de montaje visibles en la superficie superior.\" src=\"https:\/\/images-na.ssl-images-amazon.com\/images\/G\/01\/x-locale\/common\/grey-pixel.gif\" class=\"a-spacing-base a-lazy-loaded\" data-src=\"https:\/\/m.media-amazon.com\/images\/S\/aplus-media-library-service-media\/1fdcd3f1-ac5c-4fbc-a0bd-370398344583.__CR0,0,970,600_PT0_SX970_V1___.jpg\"><img decoding=\"async\" alt=\"negro con estructura de aleta asim\u00e9trica. M\u00faltiples aletas de refrigeraci\u00f3n delgadas dispuestas en un patr\u00f3n escalonado. Varios puntos de montaje visibles en la superficie superior.\" src=\"https:\/\/m.media-amazon.com\/images\/S\/aplus-media-library-service-media\/1fdcd3f1-ac5c-4fbc-a0bd-370398344583.__CR0,0,970,600_PT0_SX970_V1___.jpg\">                                                                    <\/p>\n<p>                                                                             <img decoding=\"async\" alt=\"Primer plano de un enfriador de CPU con tubos de calor de cobre niquelado en forma de U. Aletas de metal negro y un tornillo visibles. El texto describe el excelente rendimiento de refrigeraci\u00f3n de la CPU en cualquier direcci\u00f3n de instalaci\u00f3n.\" src=\"https:\/\/images-na.ssl-images-amazon.com\/images\/G\/01\/x-locale\/common\/grey-pixel.gif\" class=\"a-spacing-base a-lazy-loaded\" data-src=\"https:\/\/m.media-amazon.com\/images\/S\/aplus-media-library-service-media\/3e988544-b76f-40ed-aa0b-c6f6994a6024.__CR0,0,970,600_PT0_SX970_V1___.jpg\"><img decoding=\"async\" alt=\"Primer plano de un enfriador de CPU con tubos de calor de cobre niquelado en forma de U. Aletas de metal negro y un tornillo visibles. El texto describe el excelente rendimiento de refrigeraci\u00f3n de la CPU en cualquier direcci\u00f3n de instalaci\u00f3n.\" src=\"https:\/\/m.media-amazon.com\/images\/S\/aplus-media-library-service-media\/3e988544-b76f-40ed-aa0b-c6f6994a6024.__CR0,0,970,600_PT0_SX970_V1___.jpg\">                                                                    <\/p>\n<p>                                                                             <img decoding=\"async\" alt=\"con gran disipador de calor y ventilador. M\u00faltiples tubos de calor visibles. El texto indica la compatibilidad con los procesadores Intel y AMD, incluidos los n\u00fameros de modelo espec\u00edficos.\" src=\"https:\/\/images-na.ssl-images-amazon.com\/images\/G\/01\/x-locale\/common\/grey-pixel.gif\" class=\"a-spacing-base a-lazy-loaded\" data-src=\"https:\/\/m.media-amazon.com\/images\/S\/aplus-media-library-service-media\/cf705a63-967b-4e32-9da7-be6f26b32149.__CR0,0,970,600_PT0_SX970_V1___.jpg\"><img decoding=\"async\" alt=\"con gran disipador de calor y ventilador. M\u00faltiples tubos de calor visibles. El texto indica la compatibilidad con los procesadores Intel y AMD, incluidos los n\u00fameros de modelo espec\u00edficos.\" src=\"https:\/\/m.media-amazon.com\/images\/S\/aplus-media-library-service-media\/cf705a63-967b-4e32-9da7-be6f26b32149.__CR0,0,970,600_PT0_SX970_V1___.jpg\">                                                                    <\/p>\n<p> Product Dimensions                                            \u200f                                            :                                            \u200e                                            12.5 x 13.5 x 15.5 cm; 1.44 kg   <br \/> Date First Available                                            \u200f                                            :                                            \u200e                                            14 Sept. 2024   <br \/> Manufacturer                                            \u200f                                            :                                            \u200e                                            TR   <br \/> ASIN                                            \u200f                                            :                                            \u200e                                            B0DCMJ2G3Y   <br \/> Manufacturer reference                                            \u200f                                            :                                            \u200e                                            PA120SE BLACK   <br \/> Country of origin                                            \u200f                                            :                                            \u200e                                            China   <br \/>       Best Sellers Rank:  3,678 in Computers (See Top 100 in Computers)    73 in CPU Fans      <br \/>  Customer reviews:                                                                                            4.4               4.4 out of 5 stars                                  (15)                                              var dpAcrHasRegisteredArcLinkClickAction;                    P.when(&#8216;A&#8217;, &#8216;ready&#8217;).execute(function(A) {                        if (dpAcrHasRegisteredArcLinkClickAction !== true) {                            dpAcrHasRegisteredArcLinkClickAction = true;                            A.declarative(                                &#8216;acrLink-click-metrics&#8217;, &#8216;click&#8217;,                                { \u00aballowLinkDefault\u00bb: true },                                function (event) {                                    if (window.ue) {                                        ue.count(\u00abacrLinkClickCount\u00bb, (ue.count(\u00abacrLinkClickCount\u00bb) || 0) + 1);                                    }                                }                            );                        }                    });                                             P.when(&#8216;A&#8217;, &#8216;cf&#8217;).execute(function(A) {                A.declarative(&#8216;acrStarsLink-click-metrics&#8217;, &#8216;click&#8217;, { \u00aballowLinkDefault\u00bb : true },  function(event){                    if(window.ue) {                        ue.count(\u00abacrStarsLinkWithPopoverClickCount\u00bb, (ue.count(\u00abacrStarsLinkWithPopoverClickCount\u00bb) || 0) + 1);                    }                });            });                          <\/p>\n<p>[Better Cooling] Adoption of black paint, fully electrodeposited reflux welding process, the top adopts blackened nanorecoat, fully electrodeposited heat pipe and finely micro-etched copper bottom, which significantly increases the efficient heat dissipation area.<br \/>[Product Specifications] Model: PA120SE BLACK; Heatsink Dimensions: 125(L) x135(L) x155(H) mm (4.92&#215;5.31&#215;6.1 inches; Heatsink Material: Aluminium, the heatsink is equipped with a finely cut copper bottom: aluminum, CPU heatsink equipped with metal fasteners for tray) Ace. Intel and AMD forms for better installation, dual tower and dual fan for more powerful heat dissipation.<br \/>[Stable Output] The CPU cooler is equipped with a high-performance reverse fan with PWM temperature control function, shock-absorbing silicone feet to reduce fan noise, anti-touch fan blade design to improve safety, and an S-FDB bearing to solve the vibration problem of fan lifting. S-FDB bearing solves the problem of fan lift vibrations. Significantly improves cooling performance.<br \/>[TL-C12C*2 Reverse Fan; Standard Size PWM Fan: 120x120x25mm(4.72&#215;4.72&#215;0.98 inches); Fan Speed(RPM):1550rpm\u00b110%; Power Interface: 4 Pins; Voltage: 12V; Air Volume: 66.6.5 17 CFM (MAX) ; The noise value is\u226425.6dB(A), and the dual fans can provide stronger airflow, further improving the heat dissipation effect of the CPU cooler.<br \/>[Compatibility] CPU Cooler Location Support:Intel:LGA1150\/1151\/1155\/1156\/1200\/1700\/1851; AM4\/AM5; For different CPU location platforms, the refrigerator mounting kit provides the appropriate mounting plate or fasteners, can be combined with installation instructions or follow tutorials until the machine.<\/p>\n\n","protected":false},"excerpt":{"rendered":"<p> Product Description Product Dimensions \u200f : \u200e 12.5 x 13.5 x 15.5 cm; 1.44 kg<\/p>","protected":false},"featured_media":28769,"comment_status":"open","ping_status":"closed","template":"","meta":[],"product_brand":[],"product_cat":[66],"product_tag":[8406,2200,2008,2020,2010,307,989,598,2002,2014,1997,2016,1378,1123,562,2006,1456,8407,2019,8405,1999,2023,2012,2004,2018],"class_list":{"0":"post-28768","1":"product","2":"type-product","3":"status-publish","4":"has-post-thumbnail","6":"product_cat-cpu-fan","7":"product_tag-155mm","8":"product_tag-am4am5","9":"product_tag-amd-cpu-cooler","10":"product_tag-assassin","11":"product_tag-best-cpu-fan","12":"product_tag-black","13":"product_tag-cooling","14":"product_tag-cpu","15":"product_tag-cpu-air-cooler","16":"product_tag-cpu-cooling-fan","17":"product_tag-cpu-fan","18":"product_tag-cpu-fan-price","19":"product_tag-fans","20":"product_tag-heat","21":"product_tag-intel","22":"product_tag-intel-cpu-fan","23":"product_tag-lga","24":"product_tag-pa120se","25":"product_tag-peerless","26":"product_tag-pipelines","27":"product_tag-processor-fan","28":"product_tag-pwm","29":"product_tag-quiet-cpu-cooler","30":"product_tag-rgb-cpu-cooler","31":"product_tag-tlc12c","33":"first","34":"instock","35":"shipping-taxable","36":"product-type-external"},"_links":{"self":[{"href":"https:\/\/comprasyconsejos.store\/en\/wp-json\/wp\/v2\/product\/28768","targetHints":{"allow":["GET"]}}],"collection":[{"href":"https:\/\/comprasyconsejos.store\/en\/wp-json\/wp\/v2\/product"}],"about":[{"href":"https:\/\/comprasyconsejos.store\/en\/wp-json\/wp\/v2\/types\/product"}],"replies":[{"embeddable":true,"href":"https:\/\/comprasyconsejos.store\/en\/wp-json\/wp\/v2\/comments?post=28768"}],"version-history":[{"count":0,"href":"https:\/\/comprasyconsejos.store\/en\/wp-json\/wp\/v2\/product\/28768\/revisions"}],"wp:featuredmedia":[{"embeddable":true,"href":"https:\/\/comprasyconsejos.store\/en\/wp-json\/wp\/v2\/media\/28769"}],"wp:attachment":[{"href":"https:\/\/comprasyconsejos.store\/en\/wp-json\/wp\/v2\/media?parent=28768"}],"wp:term":[{"taxonomy":"product_brand","embeddable":true,"href":"https:\/\/comprasyconsejos.store\/en\/wp-json\/wp\/v2\/product_brand?post=28768"},{"taxonomy":"product_cat","embeddable":true,"href":"https:\/\/comprasyconsejos.store\/en\/wp-json\/wp\/v2\/product_cat?post=28768"},{"taxonomy":"product_tag","embeddable":true,"href":"https:\/\/comprasyconsejos.store\/en\/wp-json\/wp\/v2\/product_tag?post=28768"}],"curies":[{"name":"wp","href":"https:\/\/api.w.org\/{rel}","templated":true}]}}