{"id":28796,"date":"2026-02-21T10:44:29","date_gmt":"2026-02-21T10:44:29","guid":{"rendered":"https:\/\/comprasyconsejos.store\/product\/canon-pixma-ts3351-multifunctional-wifi-printer-inkjet-white\/"},"modified":"2026-02-21T10:44:35","modified_gmt":"2026-02-21T10:44:35","slug":"canon-pixma-ts3351-multifunctional-wifi-printer-inkjet-white","status":"publish","type":"product","link":"https:\/\/comprasyconsejos.store\/en\/product\/canon-pixma-ts3351-multifunctional-wifi-printer-inkjet-white\/","title":{"rendered":"Canon PIXMA TS3351 Multifunctional WiFi Printer, Inkjet, White"},"content":{"rendered":"<p>Price: <span style=\"color:#b12704\">\u20ac72.08<\/span><br \/><i><small>(as of Feb 21, 2026 10:44:29 UTC &#8211; <span class=\"wp_automatic_amazon_disclaimer\" title=\"Product prices and availability are accurate as of the date\/time indicated and are subject to change. Any price and availability information displayed on [relevant Amazon Site(s), as applicable] at the time of purchase will apply to the purchase of this product.\">Details<\/span>)<\/small><\/i><\/p>\n<p><a href=\"https:\/\/amazon.es\/dp\/B07WV54L4Z?tag=man008-21\"><img decoding=\"async\" src=\"https:\/\/valvepress.s3.amazonaws.com\/imgs\/buy_now.png\"><\/a><br \/>\n<\/p>\n<p>                                             From the manufacturer   <\/p>\n<p>                                                  <img decoding=\"async\" alt=\" \" src=\"https:\/\/images-na.ssl-images-amazon.com\/images\/G\/01\/x-locale\/common\/grey-pixel.gif\" class=\"a-lazy-loaded\" data-src=\"https:\/\/m.media-amazon.com\/images\/S\/aplus-media\/vc\/1252e817-7eb4-4ac7-bfdf-66eaabbc48f6.__CR1,0,2748,850_PT0_SX970_V1___.jpg\"><img decoding=\"async\" alt=\" \" src=\"https:\/\/m.media-amazon.com\/images\/S\/aplus-media\/vc\/1252e817-7eb4-4ac7-bfdf-66eaabbc48f6.__CR1,0,2748,850_PT0_SX970_V1___.jpg\">  <\/p>\n<p>                                                  <img decoding=\"async\" alt=\" \" src=\"https:\/\/images-na.ssl-images-amazon.com\/images\/G\/01\/x-locale\/common\/grey-pixel.gif\" class=\"a-lazy-loaded\" data-src=\"https:\/\/m.media-amazon.com\/images\/S\/aplus-media\/vc\/cfe3404e-8da4-43a0-a1cd-bc0a032c345b.__CR0,0,600,600_PT0_SX300_V1___.png\"><img decoding=\"async\" alt=\" \" src=\"https:\/\/m.media-amazon.com\/images\/S\/aplus-media\/vc\/cfe3404e-8da4-43a0-a1cd-bc0a032c345b.__CR0,0,600,600_PT0_SX300_V1___.png\">  <\/p>\n<h3 class=\"a-spacing-mini\"> Compacta y conectada <\/h3>\n<p> Disfruta de multifuncionalidad y conectividad inal\u00e1mbrica r\u00e1pida. Imprime, escanea y con\u00e9ctate a la nube* a trav\u00e9s de la aplicaci\u00f3n Canon PRINT o imprime utilizando AirPrint (iOS) y Mopria (Android). <\/p>\n<p> *El escaneo a la nube solo est\u00e1 disponible para usuarios de tintas originales de Canon. <\/p>\n<p>                                                                      <img decoding=\"async\" alt=\" \" src=\"https:\/\/images-na.ssl-images-amazon.com\/images\/G\/01\/x-locale\/common\/grey-pixel.gif\" class=\"a-spacing-mini a-lazy-loaded\" data-src=\"https:\/\/m.media-amazon.com\/images\/S\/aplus-media\/vc\/e3f3c459-1239-4bed-9767-8ac023875d76.__CR0,0,600,600_PT0_SX300_V1___.jpg\"><img decoding=\"async\" alt=\" \" src=\"https:\/\/m.media-amazon.com\/images\/S\/aplus-media\/vc\/e3f3c459-1239-4bed-9767-8ac023875d76.__CR0,0,600,600_PT0_SX300_V1___.jpg\">  <\/p>\n<h3 class=\"a-spacing-mini\"> Imprime m\u00e1s <\/h3>\n<p class=\"a-spacing-base\"> Disfruta de la comodidad de los cartuchos FINE y del alto rendimiento de los cartuchos XL opcionales. <\/p>\n<p>                                                                      <img decoding=\"async\" alt=\" \" src=\"https:\/\/images-na.ssl-images-amazon.com\/images\/G\/01\/x-locale\/common\/grey-pixel.gif\" class=\"a-spacing-mini a-lazy-loaded\" data-src=\"https:\/\/m.media-amazon.com\/images\/S\/aplus-media\/vc\/1a3c2177-2749-43cf-9e17-8bde1128a864.__CR0,0,600,600_PT0_SX300_V1___.png\"><img decoding=\"async\" alt=\" \" src=\"https:\/\/m.media-amazon.com\/images\/S\/aplus-media\/vc\/1a3c2177-2749-43cf-9e17-8bde1128a864.__CR0,0,600,600_PT0_SX300_V1___.png\">  <\/p>\n<h3 class=\"a-spacing-mini\"> Configuraci\u00f3n sencilla <\/h3>\n<p class=\"a-spacing-base\"> Gracias a la conectividad inal\u00e1mbrica con solo tocar un bot\u00f3n, la intuitiva pantalla LCD monocromo de 1,5 pulgadas y la configuraci\u00f3n sencilla, nunca ha sido tan sencillo ponerse manos a la obra. <\/p>\n<p>                                                                      <img decoding=\"async\" alt=\" \" src=\"https:\/\/images-na.ssl-images-amazon.com\/images\/G\/01\/x-locale\/common\/grey-pixel.gif\" class=\"a-spacing-mini a-lazy-loaded\" data-src=\"https:\/\/m.media-amazon.com\/images\/S\/aplus-media\/vc\/8722660f-0225-4304-ae61-d95b84dcc24f.__CR0,0,600,600_PT0_SX300_V1___.png\"><img decoding=\"async\" alt=\" \" src=\"https:\/\/m.media-amazon.com\/images\/S\/aplus-media\/vc\/8722660f-0225-4304-ae61-d95b84dcc24f.__CR0,0,600,600_PT0_SX300_V1___.png\">  <\/p>\n<h3 class=\"a-spacing-mini\"> Altamente creativa  <\/h3>\n<p class=\"a-spacing-base\"> Hazte con soportes cuadrados de 5&#8243; x 5&#8243;, adhesivos y magn\u00e9ticos y prueba las diferentes opciones creativas de Easy-PhotoPrint Editor y Creative Park. <\/p>\n<p>                                                                      <img decoding=\"async\" alt=\" \" src=\"https:\/\/images-na.ssl-images-amazon.com\/images\/G\/01\/x-locale\/common\/grey-pixel.gif\" class=\"a-spacing-mini a-lazy-loaded\" data-src=\"https:\/\/m.media-amazon.com\/images\/S\/aplus-media\/vc\/c1c798c0-f6d8-4bf7-b436-bde2a2e9d988.__CR0,0,600,600_PT0_SX300_V1___.jpg\"><img decoding=\"async\" alt=\" \" src=\"https:\/\/m.media-amazon.com\/images\/S\/aplus-media\/vc\/c1c798c0-f6d8-4bf7-b436-bde2a2e9d988.__CR0,0,600,600_PT0_SX300_V1___.jpg\">  <\/p>\n<h3 class=\"a-spacing-mini\"> Calidad sin bordes <\/h3>\n<p class=\"a-spacing-base\"> Disfruta de fotos m\u00e1s duraderas con \u00e1lbumes que duran hasta 100 a\u00f1os gracias a la tinta ChromaLife100 e imprime im\u00e1genes sin bordes en tama\u00f1os de hasta 5&#8243; x 7&#8243;. <\/p>\n<p>                                                                    <img decoding=\"async\" alt=\"\" src=\"https:\/\/images-na.ssl-images-amazon.com\/images\/G\/01\/x-locale\/common\/grey-pixel.gif\" class=\"a-lazy-loaded\" data-src=\"https:\/\/m.media-amazon.com\/images\/S\/aplus-media\/vc\/e3f3c459-1239-4bed-9767-8ac023875d76.__CR0,0,600,600_PT0_SX300_V1___.jpg\"><img decoding=\"async\" alt=\"\" src=\"https:\/\/m.media-amazon.com\/images\/S\/aplus-media\/vc\/e3f3c459-1239-4bed-9767-8ac023875d76.__CR0,0,600,600_PT0_SX300_V1___.jpg\">   <\/p>\n<p>                                                                    <img decoding=\"async\" alt=\"\" src=\"https:\/\/images-na.ssl-images-amazon.com\/images\/G\/01\/x-locale\/common\/grey-pixel.gif\" class=\"a-lazy-loaded\" data-src=\"https:\/\/m.media-amazon.com\/images\/S\/aplus-media\/vc\/1a3c2177-2749-43cf-9e17-8bde1128a864.__CR0,0,600,600_PT0_SX300_V1___.png\"><img decoding=\"async\" alt=\"\" src=\"https:\/\/m.media-amazon.com\/images\/S\/aplus-media\/vc\/1a3c2177-2749-43cf-9e17-8bde1128a864.__CR0,0,600,600_PT0_SX300_V1___.png\">   <\/p>\n<p>                                                                    <img decoding=\"async\" alt=\"\" src=\"https:\/\/images-na.ssl-images-amazon.com\/images\/G\/01\/x-locale\/common\/grey-pixel.gif\" class=\"a-lazy-loaded\" data-src=\"https:\/\/m.media-amazon.com\/images\/S\/aplus-media\/vc\/8722660f-0225-4304-ae61-d95b84dcc24f.__CR0,0,600,600_PT0_SX300_V1___.png\"><img decoding=\"async\" alt=\"\" src=\"https:\/\/m.media-amazon.com\/images\/S\/aplus-media\/vc\/8722660f-0225-4304-ae61-d95b84dcc24f.__CR0,0,600,600_PT0_SX300_V1___.png\">   <\/p>\n<p>                                                                    <img decoding=\"async\" alt=\"\" src=\"https:\/\/images-na.ssl-images-amazon.com\/images\/G\/01\/x-locale\/common\/grey-pixel.gif\" class=\"a-lazy-loaded\" data-src=\"https:\/\/m.media-amazon.com\/images\/S\/aplus-media\/vc\/c1c798c0-f6d8-4bf7-b436-bde2a2e9d988.__CR0,0,600,600_PT0_SX300_V1___.jpg\"><img decoding=\"async\" alt=\"\" src=\"https:\/\/m.media-amazon.com\/images\/S\/aplus-media\/vc\/c1c798c0-f6d8-4bf7-b436-bde2a2e9d988.__CR0,0,600,600_PT0_SX300_V1___.jpg\">   <\/p>\n<p class=\"apm-text-center\">\n                                                      <img decoding=\"async\" alt=\" \" src=\"https:\/\/images-na.ssl-images-amazon.com\/images\/G\/01\/x-locale\/common\/grey-pixel.gif\" class=\"a-spacing-mini a-lazy-loaded\" data-src=\"https:\/\/m.media-amazon.com\/images\/S\/aplus-media\/vc\/14404677-15c6-4873-baff-2cd92f9b2fe7.__CR0,0,600,600_PT0_SX300_V1___.png\"><img decoding=\"async\" alt=\" \" src=\"https:\/\/m.media-amazon.com\/images\/S\/aplus-media\/vc\/14404677-15c6-4873-baff-2cd92f9b2fe7.__CR0,0,600,600_PT0_SX300_V1___.png\">  <\/p>\n<p>                                                    Cartucho de tinta recomendado                                       <\/p>\n<p> PG-545 (negro) <\/p>\n<p> CL-546 (color) <\/p>\n<p class=\"apm-text-center\">\n                                                      <img decoding=\"async\" alt=\" \" src=\"https:\/\/images-na.ssl-images-amazon.com\/images\/G\/01\/x-locale\/common\/grey-pixel.gif\" class=\"a-spacing-mini a-lazy-loaded\" data-src=\"https:\/\/m.media-amazon.com\/images\/S\/aplus-media\/vc\/2932c525-da1d-41af-8924-8b5ecf7bd2d2.__CR0,0,600,600_PT0_SX300_V1___.png\"><img decoding=\"async\" alt=\" \" src=\"https:\/\/m.media-amazon.com\/images\/S\/aplus-media\/vc\/2932c525-da1d-41af-8924-8b5ecf7bd2d2.__CR0,0,600,600_PT0_SX300_V1___.png\">  <\/p>\n<p>                                                    Disfruta de la libertad con la conectividad Wi-Fi                                       <\/p>\n<p> La aplicaci\u00f3n Canon PRINT para iOS y Android te permite imprimir, copiar y escanear sin esfuerzo mediante tu dispositivo inteligente, acceder directamente a servicios en la nube y comprobar de forma remota el estado de la impresora, el manual o los niveles de tinta en tiempo real. Desc\u00e1rgala gratis y revoluciona la forma en que imprimes, copias y escaneas. <\/p>\n<p class=\"apm-text-center\">\n                                                      <img decoding=\"async\" alt=\" \" src=\"https:\/\/images-na.ssl-images-amazon.com\/images\/G\/01\/x-locale\/common\/grey-pixel.gif\" class=\"a-spacing-mini a-lazy-loaded\" data-src=\"https:\/\/m.media-amazon.com\/images\/S\/aplus-media\/vc\/977576c4-b79b-4287-8f52-677d9712c588.__CR0,0,600,600_PT0_SX300_V1___.png\"><img decoding=\"async\" alt=\" \" src=\"https:\/\/m.media-amazon.com\/images\/S\/aplus-media\/vc\/977576c4-b79b-4287-8f52-677d9712c588.__CR0,0,600,600_PT0_SX300_V1___.png\">  <\/p>\n<p>                                                    Creative Park                                       <\/p>\n<p> Creative Park es una web para descargar e imprimir manualidades, tarjetas de felicitaci\u00f3n y muchos otros contenidos de una gran variedad de ilustradores y artistas. <\/p>\n<p>                         Add To Basket  <\/p>\n<p>                         Add To Basket  <\/p>\n<p>                             Customer Reviews  <\/p>\n<p>                    4.1 out of 5 stars  13,066  <\/p>\n<p>                    4.4 out of 5 stars  3,290  <\/p>\n<p>                    4.3 out of 5 stars  1,482  <\/p>\n<p>                    4.0 out of 5 stars  1,319  <\/p>\n<p>                             Price  <\/p>\n<p>                                    \u20ac59.29\u20ac59.29                  \u20ac102.67\u20ac102.67<br \/>\n                                            \u2014 no data<\/p>\n<p>                                            \u2014 no data<\/p>\n<p>                             Funciones disponibles<br \/>\n                                Copia, impresi\u00f3n y escaneo Wi-Fi,  nube               Copia, impresi\u00f3n y escaneo Wi-Fi,  nube               Copia, impresi\u00f3n y escaneo Wi-Fi,  nube               Copia, impresi\u00f3n y escaneo Wi-Fi,  nube              <\/p>\n<p>                             Tecnolog\u00eda de impresi\u00f3n<br \/>\n                                Sistema de inyecci\u00f3n de tinta 2 cartuchos FINE Tintas ChromaLife100               Sistema de inyecci\u00f3n de tinta 2 cartuchos FINE Tintas ChromaLife100               Sistema de inyecci\u00f3n de tinta 5 dep\u00f3sitos de tinta independientes Tintas ChromaLife100               Sistema de inyecci\u00f3n de tinta 6 dep\u00f3sitos de tinta independientes Tintas ChromaLife100              <\/p>\n<p>                             Velocidad de impresi\u00f3n de documentos A4  en p\u00e1ginas ISO\/m\u00edn. (aprox.)<br \/>\n                                7,7 ipm en blanco y negro 4,0 ipm en color               13,0 ipm en blanco y negro 6,8 ipm en color               15,0 ipm en blanco y negro 10,0 ipm en color               15,0 ipm en blanco y negro 10,0 ipm en color              <\/p>\n<p>                             Velocidad de impresi\u00f3n  de fotograf\u00edas sin bordes de 10 x 15 cm (aprox.)<br \/>\n                                65 segundos               43 segundos               21 segundos               17 segundos              <\/p>\n<p>                             Funciones de impresi\u00f3n adicionales<br \/>\n                                \u2013               Impresi\u00f3n autom\u00e1tica a doble cara               Impresi\u00f3n autom\u00e1tica a doble cara               Impresi\u00f3n autom\u00e1tica a doble cara Bandeja multifunci\u00f3n Impresi\u00f3n directa de discos Impresi\u00f3n de pegatinas para u\u00f1as              <\/p>\n<p>                             Resoluci\u00f3n \u00f3ptica del esc\u00e1ner (m\u00e1x.)<br \/>\n                                600 x 1200 ppp               1200 x 2400 ppp               1200 x 2400 ppp               2400 x 4800 ppp              <\/p>\n<p>                             Pantalla<br \/>\n                                Pantalla LCD monocromo de 1,5&#8243;               Pantalla OLED de 1,44&#8243;               Pantalla OLED de 1,44&#8243;               Pantalla t\u00e1ctil en color de 4,3&#8243;               <\/p>\n<p>                             Conectividad<br \/>\n                                USB Wi-Fi Modo de punto de acceso WLAN PictBridge               USB Wi-Fi WLAN PictBridge Wireless Direct Bluetooth               USB Wi-Fi WLAN PictBridge Wireless Direct Bluetooth               USB Wi-Fi Ranuras para tarjeta de memoria WLAN PictBridge Wireless Direct Bluetooth              <\/p>\n<p>                             Entrada de papel (m\u00e1x.)<br \/>\n                                60 hojas  (bandeja posterior)               Bandeja posterior: m\u00e1x. 20 hojas (papel fotogr\u00e1fico) o m\u00e1x. 100 hojas (papel normal) Casete frontal: m\u00e1x. 100 hojas (papel normal)               Bandeja posterior: m\u00e1x. 20 hojas (papel fotogr\u00e1fico) o m\u00e1x. 100 hojas (papel normal) Casete frontal: m\u00e1x. 100 hojas (papel normal)               Bandeja posterior: m\u00e1x. 20 hojas (papel fotogr\u00e1fico) o m\u00e1x. 100 hojas (papel normal) Casete frontal: m\u00e1x. 100 hojas (papel normal) Bandeja multifunci\u00f3n: impresi\u00f3n de tarjetas para u\u00f1as (NL-101) o de un CD, DVD o Blu-ray Disc              <\/p>\n<p>                             Dimensiones (An. x Pr. x Al.)<br \/>\n                                435 x 316 x 145 mm               403 x 315 x 148 mm               376 x 359 x 141 mm               373 x 319 x 141 mm              <\/p>\n<p> Batteries                                            \u200f                                            :                                            \u200e                                            1 Lithium Ion batteries required.   <br \/> Is discontinued by manufacturer                                            \u200f                                            :                                            \u200e                                            No   <br \/> Product Dimensions                                            \u200f                                            :                                            \u200e                                            31.6 x 43.5 x 14.5 cm; 3.9 kg   <br \/> Manufacturer                                            \u200f                                            :                                            \u200e                                            Canon   <br \/> ASIN                                            \u200f                                            :                                            \u200e                                            B07WV54L4Z   <br \/> Item model number                                            \u200f                                            :                                            \u200e                                            3771C026   <br \/> Guaranteed software updates until                                            \u200f                                            :                                            \u200e                                            13 April 2030   <br \/>  Customer reviews:                                                                                            4.0               4.0 out of 5 stars                                  (4,035)                                              var dpAcrHasRegisteredArcLinkClickAction;                    P.when(&#8216;A&#8217;, &#8216;ready&#8217;).execute(function(A) {                        if (dpAcrHasRegisteredArcLinkClickAction !== true) {                            dpAcrHasRegisteredArcLinkClickAction = true;                            A.declarative(                                &#8216;acrLink-click-metrics&#8217;, &#8216;click&#8217;,                                { \u00aballowLinkDefault\u00bb: true },                                function (event) {                                    if (window.ue) {                                        ue.count(\u00abacrLinkClickCount\u00bb, (ue.count(\u00abacrLinkClickCount\u00bb) || 0) + 1);                                    }                                }                            );                        }                    });                                             P.when(&#8216;A&#8217;, &#8216;cf&#8217;).execute(function(A) {                A.declarative(&#8216;acrStarsLink-click-metrics&#8217;, &#8216;click&#8217;, { \u00aballowLinkDefault\u00bb : true },  function(event){                    if(window.ue) {                        ue.count(\u00abacrStarsLinkWithPopoverClickCount\u00bb, (ue.count(\u00abacrStarsLinkWithPopoverClickCount\u00bb) || 0) + 1);                    }                });            });                          <\/p>\n<p>Functions: wireless printing, copying and scanning<br \/>All-in-one, compact and connected, multi-functionality and seamless wireless connectivity<br \/>Print, scan and connect to the cloud via the Canon Print app or print using airprint (iOS) and mopria (Android)<br \/>Consumable Compatibility: pg. 545, cl. 546, pg. 545xl and cl. 546XL<\/p>\n\n","protected":false},"excerpt":{"rendered":"<p> From the manufacturer Compacta y conectada Disfruta de multifuncionalidad y conectividad inal\u00e1mbrica r\u00e1pida. Imprime, escanea<\/p>","protected":false},"featured_media":28797,"comment_status":"open","ping_status":"closed","template":"","meta":[],"product_brand":[],"product_cat":[59],"product_tag":[1946,1954,2184,1951,1953,1961,1948,7306,1950,2185,1962,1955,1949,8416,205,543,1952,1947],"class_list":{"0":"post-28796","1":"product","2":"type-product","3":"status-publish","4":"has-post-thumbnail","6":"product_cat-printers-all-in-one","7":"product_tag-all-in-one-printer","8":"product_tag-best-all-in-one-printer","9":"product_tag-canon","10":"product_tag-home-printer","11":"product_tag-ink-tank-printer","12":"product_tag-inkjet","13":"product_tag-multifunction-printer","14":"product_tag-multifunctional","15":"product_tag-office-printer","16":"product_tag-pixma","17":"product_tag-printer","18":"product_tag-printer-price","19":"product_tag-printer-scanner-copier","20":"product_tag-ts3351","21":"product_tag-white","22":"product_tag-wifi","23":"product_tag-wifi-printer","24":"product_tag-wireless-printer","26":"first","27":"instock","28":"shipping-taxable","29":"product-type-external"},"_links":{"self":[{"href":"https:\/\/comprasyconsejos.store\/en\/wp-json\/wp\/v2\/product\/28796","targetHints":{"allow":["GET"]}}],"collection":[{"href":"https:\/\/comprasyconsejos.store\/en\/wp-json\/wp\/v2\/product"}],"about":[{"href":"https:\/\/comprasyconsejos.store\/en\/wp-json\/wp\/v2\/types\/product"}],"replies":[{"embeddable":true,"href":"https:\/\/comprasyconsejos.store\/en\/wp-json\/wp\/v2\/comments?post=28796"}],"version-history":[{"count":0,"href":"https:\/\/comprasyconsejos.store\/en\/wp-json\/wp\/v2\/product\/28796\/revisions"}],"wp:featuredmedia":[{"embeddable":true,"href":"https:\/\/comprasyconsejos.store\/en\/wp-json\/wp\/v2\/media\/28797"}],"wp:attachment":[{"href":"https:\/\/comprasyconsejos.store\/en\/wp-json\/wp\/v2\/media?parent=28796"}],"wp:term":[{"taxonomy":"product_brand","embeddable":true,"href":"https:\/\/comprasyconsejos.store\/en\/wp-json\/wp\/v2\/product_brand?post=28796"},{"taxonomy":"product_cat","embeddable":true,"href":"https:\/\/comprasyconsejos.store\/en\/wp-json\/wp\/v2\/product_cat?post=28796"},{"taxonomy":"product_tag","embeddable":true,"href":"https:\/\/comprasyconsejos.store\/en\/wp-json\/wp\/v2\/product_tag?post=28796"}],"curies":[{"name":"wp","href":"https:\/\/api.w.org\/{rel}","templated":true}]}}