{"id":28822,"date":"2026-02-21T10:51:02","date_gmt":"2026-02-21T10:51:02","guid":{"rendered":"https:\/\/comprasyconsejos.store\/product\/msi-g32cq5p-31-5-inch-wqhd-curved-gaming-monitor-1500r-va-panel-2560-x-1440-170hz-1ms-adaptive-sync-3-way-adjustable-dp-1-2a-hdmi-2-0b-cec\/"},"modified":"2026-02-21T10:51:06","modified_gmt":"2026-02-21T10:51:06","slug":"msi-g32cq5p-31-5-inch-wqhd-curved-gaming-monitor-1500r-va-panel-2560-x-1440-170hz-1ms-adaptive-sync-3-way-adjustable-dp-1-2a-hdmi-2-0b-cec","status":"publish","type":"product","link":"https:\/\/comprasyconsejos.store\/en\/product\/msi-g32cq5p-31-5-inch-wqhd-curved-gaming-monitor-1500r-va-panel-2560-x-1440-170hz-1ms-adaptive-sync-3-way-adjustable-dp-1-2a-hdmi-2-0b-cec\/","title":{"rendered":"Msi G32CQ5P 31.5-Inch WQHD Curved Gaming Monitor, 1500R VA Panel 2560 x 1440, 170Hz\/1ms, Adaptive Sync, 3-Way Adjustable DP 1.2a, HDMI 2.0b CEC"},"content":{"rendered":"<p>Price: <span style=\"color:#b12704\"><del>\u20ac199.99<\/del> - \u20ac229.00<\/span><br \/><i><small>(as of Feb 21, 2026 10:51:02 UTC &#8211; <span class=\"wp_automatic_amazon_disclaimer\" title=\"Product prices and availability are accurate as of the date\/time indicated and are subject to change. Any price and availability information displayed on [relevant Amazon Site(s), as applicable] at the time of purchase will apply to the purchase of this product.\">Details<\/span>)<\/small><\/i><\/p>\n<p><a href=\"https:\/\/amazon.es\/dp\/B0CP4CWRLX?tag=man008-21\"><img decoding=\"async\" src=\"https:\/\/valvepress.s3.amazonaws.com\/imgs\/buy_now.png\"><\/a><br \/>\n<\/p>\n<p>                                             From the manufacturer   <\/p>\n<p>                                                  <img decoding=\"async\" alt=\"msi-g32cq5p-e_tailer_page-banner\" src=\"https:\/\/images-na.ssl-images-amazon.com\/images\/G\/01\/x-locale\/common\/grey-pixel.gif\" class=\"a-lazy-loaded\" data-src=\"https:\/\/m.media-amazon.com\/images\/S\/aplus-media-library-service-media\/bc761226-a5b4-4137-9611-b1cf051c3306.__CR0,0,1940,600_PT0_SX970_V1___.jpg\"><img decoding=\"async\" alt=\"msi-g32cq5p-e_tailer_page-banner\" src=\"https:\/\/m.media-amazon.com\/images\/S\/aplus-media-library-service-media\/bc761226-a5b4-4137-9611-b1cf051c3306.__CR0,0,1940,600_PT0_SX970_V1___.jpg\">  <\/p>\n<p>                                                      <img decoding=\"async\" alt=\"msi-g32cq5p-e_tailer_page-product\" src=\"https:\/\/images-na.ssl-images-amazon.com\/images\/G\/01\/x-locale\/common\/grey-pixel.gif\" class=\"a-spacing-mini a-lazy-loaded\" data-src=\"https:\/\/m.media-amazon.com\/images\/S\/aplus-media-library-service-media\/f83f8df0-918a-446a-888a-a8ee6c8c188a.__CR0,0,600,800_PT0_SX300_V1___.jpg\"><img decoding=\"async\" alt=\"msi-g32cq5p-e_tailer_page-product\" src=\"https:\/\/m.media-amazon.com\/images\/S\/aplus-media-library-service-media\/f83f8df0-918a-446a-888a-a8ee6c8c188a.__CR0,0,600,800_PT0_SX300_V1___.jpg\">  <\/p>\n<p>                                                              <img decoding=\"async\" alt=\"logo\" src=\"https:\/\/images-na.ssl-images-amazon.com\/images\/G\/01\/x-locale\/common\/grey-pixel.gif\" class=\"a-spacing-mini a-lazy-loaded\" data-src=\"https:\/\/m.media-amazon.com\/images\/S\/aplus-media\/vc\/e5bbe67d-3976-4142-a056-4ae93c65864c.__CR6,0,2598,1299_PT0_SX350_V1___.png\"><img decoding=\"async\" alt=\"logo\" src=\"https:\/\/m.media-amazon.com\/images\/S\/aplus-media\/vc\/e5bbe67d-3976-4142-a056-4ae93c65864c.__CR6,0,2598,1299_PT0_SX350_V1___.png\">                                          MSI: Para Gamers y Creators                                 <\/p>\n<p class=\"a-spacing-small a-size-small a-color-secondary\"> MSI es el nombre m\u00e1s reconocido en el gaming y los eSports. Hemos dedicado incontables horas y comprometido numerosos recursos para apoyar tanto a los gamers principiantes como a los profesionales y a cambio utilizar sus conocimientos y experiencias en nuestros productos. MSI integra todas las ambiciones de los gamers en sus plataformas de juego y lleva el rendimiento m\u00e1s all\u00e1 de los l\u00edmites. <\/p>\n<h3 class=\"a-spacing-mini\"> G32CQ5P <\/h3>\n<p>                                          See Beyond the Game &#8211; Ver M\u00e1s All\u00e1 del Juego                                     <\/p>\n<p class=\"a-spacing-base\"> Dotado de un inmersivo panel VA WQHD (2650 x 1440) curvo de 31,5&#8243; (1500R), una frecuencia de actualizaci\u00f3n de 170 Hz y un tiempo de respuesta de 1 ms, el monitor curvo para juegos G32CQ5P aporta una ventaja competitiva frente a la mayor\u00eda de sus rivales. <\/p>\n<p class=\"a-spacing-base\"> El G32CQ5P dispone de tecnolog\u00eda Adaptive Sync, que iguala las frecuencias de actualizaci\u00f3n de la pantalla y la GPU para un juego ultrasuave y viene con soporte regulable en 3-direcciones. <\/p>\n<p>                                                          Curvatura de pantalla 1500R Inmersiva (Immersive)       Panel VA de 31,5&#8243; WQHD (2560 x 1440)       Alta frecuencia de actualizaci\u00f3n de 170 Hz y tiempo de respuesta de 1 ms (MPRT) para juegos competitivos de alta velocidad       1.07 billones de colores con amplia gama (sRGB 115%, DCI-P3 91%)       Tecnolog\u00eda Less Blue Light y Anti-Flicker (menos luz azul y antiparpadeo)       Visi\u00f3n Nocturna (Night Vision) y HDMI CEC       Soporte regulable en 3 posiciones (inclinaci\u00f3n\/altura\/giro)       Puertos de pantalla HDMI 2.0b y DP 1.2a      <\/p>\n<p class=\"apm-text-center\">\n                                                      <img decoding=\"async\" alt=\"msi-g32cq5p-e_tailer_page-feature_1\" src=\"https:\/\/images-na.ssl-images-amazon.com\/images\/G\/01\/x-locale\/common\/grey-pixel.gif\" class=\"a-lazy-loaded\" data-src=\"https:\/\/m.media-amazon.com\/images\/S\/aplus-media-library-service-media\/562daad8-ac12-4e74-9d99-f44ab712cdbc.__CR0,0,2000,2000_PT0_SX220_V1___.jpg\"><img decoding=\"async\" alt=\"msi-g32cq5p-e_tailer_page-feature_1\" src=\"https:\/\/m.media-amazon.com\/images\/S\/aplus-media-library-service-media\/562daad8-ac12-4e74-9d99-f44ab712cdbc.__CR0,0,2000,2000_PT0_SX220_V1___.jpg\">  <\/p>\n<p>                                                    Curvatura Inmersiva (Immersive) 1500R                                     <\/p>\n<p class=\"a-size-small\"> Dise\u00f1ado para juegos inmersivos y competitivos, el monitor cuenta con una curvatura 1500R (radio de 1500 mm) que permite disfrutar de una experiencia a WQHD (2560 x 1440) de 31,5 pulgadas m\u00e1s amplia con una distancia de visualizaci\u00f3n est\u00e1ndar. <\/p>\n<p class=\"apm-text-center\">\n                                                      <img decoding=\"async\" alt=\"msi-g32cq5p-e_tailer_page-feature_2\" src=\"https:\/\/images-na.ssl-images-amazon.com\/images\/G\/01\/x-locale\/common\/grey-pixel.gif\" class=\"a-lazy-loaded\" data-src=\"https:\/\/m.media-amazon.com\/images\/S\/aplus-media-library-service-media\/5b49e867-0440-4d20-8b72-a2e7f6c3361d.__CR0,0,2000,2000_PT0_SX220_V1___.jpg\"><img decoding=\"async\" alt=\"msi-g32cq5p-e_tailer_page-feature_2\" src=\"https:\/\/m.media-amazon.com\/images\/S\/aplus-media-library-service-media\/5b49e867-0440-4d20-8b72-a2e7f6c3361d.__CR0,0,2000,2000_PT0_SX220_V1___.jpg\">  <\/p>\n<p>                                                    Tasa de Refresco de 170 Hz                                     <\/p>\n<p class=\"a-size-small\"> Disfrute de una mayor suavidad de movimiento y seguimiento con una alta frecuencia de actualizaci\u00f3n de 170 Hz, y libere todo el potencial de un hardware de memoria y GPU de primera calidad. <\/p>\n<p class=\"a-size-small\"> El bajo tiempo de respuesta de 1 ms (MPRT) reduce dr\u00e1sticamente el desenfoque del monitor y es fundamental para los juegos de ritmo r\u00e1pido. <\/p>\n<p class=\"apm-text-center\">\n                                                      <img decoding=\"async\" alt=\"msi-g32cq5p-e_tailer_page-feature_3\" src=\"https:\/\/images-na.ssl-images-amazon.com\/images\/G\/01\/x-locale\/common\/grey-pixel.gif\" class=\"a-lazy-loaded\" data-src=\"https:\/\/m.media-amazon.com\/images\/S\/aplus-media-library-service-media\/1b74c4bb-3be1-4497-82e8-aeaf89bf5bef.__CR0,0,2000,2000_PT0_SX220_V1___.jpg\"><img decoding=\"async\" alt=\"msi-g32cq5p-e_tailer_page-feature_3\" src=\"https:\/\/m.media-amazon.com\/images\/S\/aplus-media-library-service-media\/1b74c4bb-3be1-4497-82e8-aeaf89bf5bef.__CR0,0,2000,2000_PT0_SX220_V1___.jpg\">  <\/p>\n<p>                                                    HDR Ready                                     <\/p>\n<p class=\"a-size-small\"> Los monitores HDR Ready reproducen detalles superiores en las zonas m\u00e1s oscuras con un contraste din\u00e1mico realista que imita al ojo humano en el mundo real. <\/p>\n<p class=\"a-size-small\">\n<p>Brillo: 250 nits t\u00edpicosRelaci\u00f3n de contraste: 3000:1Relaci\u00f3n de contraste din\u00e1mico: 100000000:1     <\/p>\n<p class=\"apm-text-center\">\n                                                      <img decoding=\"async\" alt=\"msi-g32cq5p-e_tailer_page-feature_4\" src=\"https:\/\/images-na.ssl-images-amazon.com\/images\/G\/01\/x-locale\/common\/grey-pixel.gif\" class=\"a-lazy-loaded\" data-src=\"https:\/\/m.media-amazon.com\/images\/S\/aplus-media-library-service-media\/266222b5-138a-444a-ada0-1e302fcf0a7c.__CR0,0,2000,2000_PT0_SX220_V1___.jpg\"><img decoding=\"async\" alt=\"msi-g32cq5p-e_tailer_page-feature_4\" src=\"https:\/\/m.media-amazon.com\/images\/S\/aplus-media-library-service-media\/266222b5-138a-444a-ada0-1e302fcf0a7c.__CR0,0,2000,2000_PT0_SX220_V1___.jpg\">  <\/p>\n<p>                                                    Amplia Gama de Colores                                      <\/p>\n<p class=\"a-size-small\"> Los monitores MSI ofrecen una mayor gama de colores en comparaci\u00f3n con los monitores gen\u00e9ricos. Los colores y los detalles son m\u00e1s realistas, lo que mejora la experiencia inmersiva en los juegos. <\/p>\n<p class=\"a-size-small\">\n<p>Colores de pantalla: 1.07 billonesDCI-P3 \/ sRGB*: 91% \/ 115%      <\/p>\n<p class=\"a-size-small\"> *sRGB and DCI-P3 follow CIE1976 standard <\/p>\n<p class=\"apm-text-center\">\n                                                      <img decoding=\"async\" alt=\"msi-g32cq5p-e_tailer_page-feature_5\" src=\"https:\/\/images-na.ssl-images-amazon.com\/images\/G\/01\/x-locale\/common\/grey-pixel.gif\" class=\"a-lazy-loaded\" data-src=\"https:\/\/m.media-amazon.com\/images\/S\/aplus-media-library-service-media\/404d0907-12b7-423d-b8ea-a35c6bbdc645.__CR0,0,2000,2000_PT0_SX220_V1___.jpg\"><img decoding=\"async\" alt=\"msi-g32cq5p-e_tailer_page-feature_5\" src=\"https:\/\/m.media-amazon.com\/images\/S\/aplus-media-library-service-media\/404d0907-12b7-423d-b8ea-a35c6bbdc645.__CR0,0,2000,2000_PT0_SX220_V1___.jpg\">  <\/p>\n<p>                                                    Less Blue Light (Menos Luz Azul) y Anti-Flicker (Antiparpadeo)                                      <\/p>\n<p class=\"a-size-small\"> Los monitores MSI est\u00e1n optimizados para emitir menos luz azul, y as\u00ed  poder ver fondos predominantemente blancos (motores de b\u00fasqueda, juegos en l\u00ednea, aplicaciones de Windows) por m\u00e1s tiempo sin tener que padecer de fatiga ocular innecesaria. <\/p>\n<p class=\"a-size-small\"> La tecnolog\u00eda Anti-Flicker proporciona una experiencia de visualizaci\u00f3n superior al reducir la cantidad de parpadeos, a diferencia de los monitores gen\u00e9ricos que suelen presentar una tasa de parpadeo de unas 200 veces* por segundo. <\/p>\n<p class=\"a-size-small\"> *Aunque no se note a simple vista, esto puede causar fatiga ocular con el tiempo. <\/p>\n<p class=\"apm-text-center\">\n                                                      <img decoding=\"async\" alt=\"msi-g32cq5p-e_tailer_page-feature_6\" src=\"https:\/\/images-na.ssl-images-amazon.com\/images\/G\/01\/x-locale\/common\/grey-pixel.gif\" class=\"a-lazy-loaded\" data-src=\"https:\/\/m.media-amazon.com\/images\/S\/aplus-media-library-service-media\/d8707e0a-8334-4417-9395-923a85b31247.__CR0,0,2000,2000_PT0_SX220_V1___.jpg\"><img decoding=\"async\" alt=\"msi-g32cq5p-e_tailer_page-feature_6\" src=\"https:\/\/m.media-amazon.com\/images\/S\/aplus-media-library-service-media\/d8707e0a-8334-4417-9395-923a85b31247.__CR0,0,2000,2000_PT0_SX220_V1___.jpg\">  <\/p>\n<p>                                                    Visi\u00f3n Nocturna (Night Vision) y HDMI CEC                                     <\/p>\n<p class=\"a-size-small\"> MSI Night Vision, el sintonizador de negro inteligente (smart) que puede mejorar los detalles fundamentales y proporcionar un fragmento de luz durante las horas m\u00e1s oscuras. <\/p>\n<p class=\"a-size-small\"> HDMI CEC Profile Sync es compatible con varios dispositivos (PC, Mac, consola, m\u00f3vil o port\u00e1til) y puede detectar autom\u00e1ticamente la configuraci\u00f3n del dispositivo. <\/p>\n<p class=\"apm-text-center\">\n                                                      <img decoding=\"async\" alt=\"msi-g32cq5p-e_tailer_page-feature_7\" src=\"https:\/\/images-na.ssl-images-amazon.com\/images\/G\/01\/x-locale\/common\/grey-pixel.gif\" class=\"a-lazy-loaded\" data-src=\"https:\/\/m.media-amazon.com\/images\/S\/aplus-media-library-service-media\/504227d9-040b-416b-ad2f-7dd582de0dc0.__CR0,0,2000,2000_PT0_SX220_V1___.jpg\"><img decoding=\"async\" alt=\"msi-g32cq5p-e_tailer_page-feature_7\" src=\"https:\/\/m.media-amazon.com\/images\/S\/aplus-media-library-service-media\/504227d9-040b-416b-ad2f-7dd582de0dc0.__CR0,0,2000,2000_PT0_SX220_V1___.jpg\">  <\/p>\n<p>                                                    Pie (Stand) Ajustable                                     <\/p>\n<p class=\"a-size-small\"> El soporte del monitor se puede inclinar (-5\u00b0~20\u00b0), girar (-30\u00b0~30\u00b0) y ajustar en altura (0~90 mm) a fin de mejorar la comodidad de visualizaci\u00f3n. <\/p>\n<p class=\"apm-text-center\">\n                                                      <img decoding=\"async\" alt=\"msi-g32cq5p-e_tailer_page-feature_8\" src=\"https:\/\/images-na.ssl-images-amazon.com\/images\/G\/01\/x-locale\/common\/grey-pixel.gif\" class=\"a-lazy-loaded\" data-src=\"https:\/\/m.media-amazon.com\/images\/S\/aplus-media-library-service-media\/351b1b9d-2e5f-4981-a64a-9f401d113456.__CR0,0,2000,2000_PT0_SX220_V1___.jpg\"><img decoding=\"async\" alt=\"msi-g32cq5p-e_tailer_page-feature_8\" src=\"https:\/\/m.media-amazon.com\/images\/S\/aplus-media-library-service-media\/351b1b9d-2e5f-4981-a64a-9f401d113456.__CR0,0,2000,2000_PT0_SX220_V1___.jpg\">  <\/p>\n<p>                                                    Conectividad  E\/S (I\/O)                                     <\/p>\n<p class=\"a-size-small\"> Las opciones de interfaz para PC, Mac, consolas y port\u00e1tiles incluyen: <\/p>\n<p class=\"a-size-small\">\n<p>DisplayPort 1.2a: 2560 x 1440 (170 Hz max. via DisplayPort overclocking)2 x HDMI 2.0b: 2560 x 1440 (144 Hz max.)      <\/p>\n<p class=\"a-size-small\"> La entrada\/salida en la parte de atr\u00e1s incluye un conector para auriculares (out jack). <\/p>\n<p>                         Add To Basket  <\/p>\n<p>                         Add To Basket  <\/p>\n<p>                         Add To Basket  <\/p>\n<p>                             Customer Reviews  <\/p>\n<p>                    4.6 out of 5 stars  196  <\/p>\n<p>                    4.4 out of 5 stars  168  <\/p>\n<p>                    4.3 out of 5 stars  498  <\/p>\n<p>                    4.0 out of 5 stars  121  <\/p>\n<p>                             Price  <\/p>\n<p>                                    \u20ac214.17\u20ac214.17                  \u20ac262.50\u20ac262.50                  \u20ac229.00\u20ac229.00<br \/>\n                                            \u2014 no data<\/p>\n<p>                             Tama\u00f1o Pantalla<br \/>\n                                27 Pulgadas (69 cm)               31.5 Pulgadas (80 cm)               31.5 Pulgadas (80 cm)               31.5 Pulgadas (80 cm)              <\/p>\n<p>                             Tipo de Panel<br \/>\n                                VA (curvatura 1500R)               VA (curvatura 1500R)               VA (curvatura 1500R)               VA (curvatura 1500R)              <\/p>\n<p>                             Resoluci\u00f3n Nativa \/ Relaci\u00f3n de Aspecto<br \/>\n                                1920 x 1080 (FHD) \/ 16:9               1920 x 1080 (FHD) \/ 16:9               2560 x 1440 (WQHD) \/ 16:9               3840 x 2160 (UHD) \/ 16:9              <\/p>\n<p>                             Frecuencia Actualizaci\u00f3n \/ Tiempo de Respuesta<br \/>\n                                250 Hz \/ 1 ms (MPRT)               250 Hz \/ 1 ms (MPRT)               170 Hz \/ 1 ms (MPRT)               60 Hz \/ 4 ms (GtG)              <\/p>\n<p>                             Sincronizaci\u00f3n Adaptativa<br \/>\n                                AMD FreeSync Premium               AMD FreeSync Premium               Adaptive Sync               Adaptive Sync              <\/p>\n<p>                             Brillo Imagen<br \/>\n                                300 nits               300 nits               250 nits               250 nits              <\/p>\n<p>                             Gama Colores de Imagen DCI-P3 \/ sRGB<br \/>\n                                89.7% \/ 113%               91.1% \/ 114.8%               91% \/ 115%               77% \/ 97%              <\/p>\n<p>                             Relaci\u00f3n de Contraste de Imagen<br \/>\n                                3000:1 (100M:1 DCR)               3000:1 (100M:1 DCR)               3000:1 (100M:1 DCR)               3000:1 (100M:1 DCR)              <\/p>\n<p>                             Conectividad<br \/>\n                                1 x DP (1.2a), 2 x HDMI (2.0)               1 x DP (1.2a), 2 x HDMI (2.0)               1 x DP (1.2a), 2 x HDMI (2.0b)               1 x DP (1.2a), 2 x HDMI (2.0b)              <\/p>\n<p>                             Soporte (Stand)<br \/>\n                                Inclinaci\u00f3n (-5\u00b0~20\u00b0) ajustable               Inclinaci\u00f3n (-5\u00b0~20\u00b0) ajustable               Inclinaci\u00f3n (-5\u00b0~20\u00b0), giro (-30\u00b0~30\u00b0) y altura (0~130mm) ajustables               Inclinaci\u00f3n (-5\u00b0~20\u00b0) ajustable              <\/p>\n<p> Product Dimensions                                            \u200f                                            :                                            \u200e                                            23.1 x 70.9 x 45.6 cm; 6.7 kg   <br \/> Manufacturer                                            \u200f                                            :                                            \u200e                                            MSI   <br \/> ASIN                                            \u200f                                            :                                            \u200e                                            B0CP4CWRLX   <br \/> Item model number                                            \u200f                                            :                                            \u200e                                            9S6-3DB44H-027   <br \/> Country of origin                                            \u200f                                            :                                            \u200e                                            China   <br \/> Guaranteed software updates until                                            \u200f                                            :                                            \u200e                                            unknown   <br \/>  Customer reviews:                                                                                            4.3               4.3 out of 5 stars                                  (498)                                              var dpAcrHasRegisteredArcLinkClickAction;                    P.when(&#8216;A&#8217;, &#8216;ready&#8217;).execute(function(A) {                        if (dpAcrHasRegisteredArcLinkClickAction !== true) {                            dpAcrHasRegisteredArcLinkClickAction = true;                            A.declarative(                                &#8216;acrLink-click-metrics&#8217;, &#8216;click&#8217;,                                { \u00aballowLinkDefault\u00bb: true },                                function (event) {                                    if (window.ue) {                                        ue.count(\u00abacrLinkClickCount\u00bb, (ue.count(\u00abacrLinkClickCount\u00bb) || 0) + 1);                                    }                                }                            );                        }                    });                                             P.when(&#8216;A&#8217;, &#8216;cf&#8217;).execute(function(A) {                A.declarative(&#8216;acrStarsLink-click-metrics&#8217;, &#8216;click&#8217;, { \u00aballowLinkDefault\u00bb : true },  function(event){                    if(window.ue) {                        ue.count(\u00abacrStarsLinkWithPopoverClickCount\u00bb, (ue.count(\u00abacrStarsLinkWithPopoverClickCount\u00bb) || 0) + 1);                    }                });            });                          <\/p>\n<p>Immersive, frameless gaming: MSI curved monitors offer an immersive gaming experience thanks to its 1500R curvature (1500mm radius) and frameless design that reduces bezel lines between displays<br \/>31.5 Inch WQHD, 170 Hz Rapid Boost: Quad VA Panel HD 2560 x 1440 (16:9 aspect ratio) with 170 Hz refresh rate (Adaptive Sync) provides smooth aiming\/movement tracking; Low response time 1 ms is optimal for esports events<br \/>Wide color gamut: Capacity up to 1.07 billion colors at 115% sRGB for immersive image and detail; MSI monitors are optimized to produce less blue light using anti-flicker technology to reduce eye strain<br \/>Dynamic contrast and night vision: The VA panel comes with optimal native 1:3000 contrast, and supports dynamic contrast (1:100M); MSI Night Vision is able to optimize key details in the darkest gaming contexts<br \/>HDMI CEC connectivity &#8211; interface for PC, Mac, consoles and laptops with DisplayPort 1.2a (WQHD\/170Hz) and HDMI 2.0b CEC (WQHD\/144Hz) ports; back of monitor incorporates navigator with 5-way joystick and adjustable stand (tilt\/height\/swivel)<\/p>\n\n","protected":false},"excerpt":{"rendered":"<p> From the manufacturer MSI: Para Gamers y Creators MSI es el nombre m\u00e1s reconocido en<\/p>","protected":false},"featured_media":28823,"comment_status":"open","ping_status":"closed","template":"","meta":[],"product_brand":[],"product_cat":[53],"product_tag":[3953,2337,8423,7018,8422,1804,1801,8424,1802,1805,1803,1799,1807,247,876,1806,3525,754,8421,617,544,844,1262,1033,1808,200,1800,2099],"class_list":{"0":"post-28822","1":"product","2":"type-product","3":"status-publish","4":"has-post-thumbnail","6":"product_cat-4k-monitors","7":"product_tag-1-2a","8":"product_tag-1500r","9":"product_tag-170hz1ms","10":"product_tag-2-0b","11":"product_tag-31-5inch","12":"product_tag-32-inch-4k-monitor","13":"product_tag-3840x2160-monitor","14":"product_tag-3way","15":"product_tag-4k-gaming-monitor","16":"product_tag-4k-hdr-monitor","17":"product_tag-4k-ips-monitor","18":"product_tag-4k-monitor","19":"product_tag-4k-monitor-price","20":"product_tag-adaptive","21":"product_tag-adjustable","22":"product_tag-best-4k-monitor","23":"product_tag-cec","24":"product_tag-curved","25":"product_tag-g32cq5p","26":"product_tag-gaming","27":"product_tag-hdmi","28":"product_tag-monitor","29":"product_tag-msi","30":"product_tag-panel","31":"product_tag-professional-4k-monitor","32":"product_tag-sync","33":"product_tag-uhd-monitor","34":"product_tag-wqhd","36":"first","37":"instock","38":"shipping-taxable","39":"product-type-external"},"_links":{"self":[{"href":"https:\/\/comprasyconsejos.store\/en\/wp-json\/wp\/v2\/product\/28822","targetHints":{"allow":["GET"]}}],"collection":[{"href":"https:\/\/comprasyconsejos.store\/en\/wp-json\/wp\/v2\/product"}],"about":[{"href":"https:\/\/comprasyconsejos.store\/en\/wp-json\/wp\/v2\/types\/product"}],"replies":[{"embeddable":true,"href":"https:\/\/comprasyconsejos.store\/en\/wp-json\/wp\/v2\/comments?post=28822"}],"version-history":[{"count":0,"href":"https:\/\/comprasyconsejos.store\/en\/wp-json\/wp\/v2\/product\/28822\/revisions"}],"wp:featuredmedia":[{"embeddable":true,"href":"https:\/\/comprasyconsejos.store\/en\/wp-json\/wp\/v2\/media\/28823"}],"wp:attachment":[{"href":"https:\/\/comprasyconsejos.store\/en\/wp-json\/wp\/v2\/media?parent=28822"}],"wp:term":[{"taxonomy":"product_brand","embeddable":true,"href":"https:\/\/comprasyconsejos.store\/en\/wp-json\/wp\/v2\/product_brand?post=28822"},{"taxonomy":"product_cat","embeddable":true,"href":"https:\/\/comprasyconsejos.store\/en\/wp-json\/wp\/v2\/product_cat?post=28822"},{"taxonomy":"product_tag","embeddable":true,"href":"https:\/\/comprasyconsejos.store\/en\/wp-json\/wp\/v2\/product_tag?post=28822"}],"curies":[{"name":"wp","href":"https:\/\/api.w.org\/{rel}","templated":true}]}}