{"id":28839,"date":"2026-02-21T10:56:45","date_gmt":"2026-02-21T10:56:45","guid":{"rendered":"https:\/\/comprasyconsejos.store\/product\/action-camera-sports-camera-120-helmet-camera-mini-body-video-camera-with-0-59-inch-screen-supports-automatic-night-vision-for-motorcycle-and-bike-black\/"},"modified":"2026-02-21T10:56:53","modified_gmt":"2026-02-21T10:56:53","slug":"action-camera-sports-camera-120-helmet-camera-mini-body-video-camera-with-0-59-inch-screen-supports-automatic-night-vision-for-motorcycle-and-bike-black","status":"publish","type":"product","link":"https:\/\/comprasyconsejos.store\/en\/product\/action-camera-sports-camera-120-helmet-camera-mini-body-video-camera-with-0-59-inch-screen-supports-automatic-night-vision-for-motorcycle-and-bike-black\/","title":{"rendered":"Action Camera, Sports Camera 120\u00b0 Helmet Camera Mini Body Video Camera with 0.59 Inch Screen, Supports Automatic Night Vision for Motorcycle and Bike (Black)"},"content":{"rendered":"<p>Price: <span style=\"color:#b12704\">\u20ac59.85<\/span><br \/><i><small>(as of Feb 21, 2026 10:56:45 UTC &#8211; <span class=\"wp_automatic_amazon_disclaimer\" title=\"Product prices and availability are accurate as of the date\/time indicated and are subject to change. Any price and availability information displayed on [relevant Amazon Site(s), as applicable] at the time of purchase will apply to the purchase of this product.\">Details<\/span>)<\/small><\/i><\/p>\n<p><a href=\"https:\/\/amazon.es\/dp\/B0FW4Y19C5?tag=man008-21\"><img decoding=\"async\" src=\"https:\/\/valvepress.s3.amazonaws.com\/imgs\/buy_now.png\"><\/a><br \/>\n<\/p>\n<p>                                             Product Description   <\/p>\n<p>                                                                             <img decoding=\"async\" alt=\"aplus content image\" src=\"https:\/\/images-na.ssl-images-amazon.com\/images\/G\/01\/x-locale\/common\/grey-pixel.gif\" class=\"a-spacing-base a-lazy-loaded\" data-src=\"https:\/\/m.media-amazon.com\/images\/S\/aplus-media-library-service-media\/7097a1ca-e4ae-4ec0-8bca-ddb078032b0b.__CR0,0,970,600_PT0_SX970_V1___.jpg\"><img decoding=\"async\" alt=\"aplus content image\" src=\"https:\/\/m.media-amazon.com\/images\/S\/aplus-media-library-service-media\/7097a1ca-e4ae-4ec0-8bca-ddb078032b0b.__CR0,0,970,600_PT0_SX970_V1___.jpg\">                                         <\/p>\n<h3 class=\"a-spacing-mini\"> LXMIMI MINI C\u00c1MARA DE ACCI\u00d3N HD 1080P CON PANTALLA MAGN\u00c9TICA Y M\u00daLTIPLES SOPORTES DE MONTAJE INCLUIDOS <\/h3>\n<p>                                                                             <img decoding=\"async\" alt=\"aplus content image\" src=\"https:\/\/images-na.ssl-images-amazon.com\/images\/G\/01\/x-locale\/common\/grey-pixel.gif\" class=\"a-spacing-base a-lazy-loaded\" data-src=\"https:\/\/m.media-amazon.com\/images\/S\/aplus-media-library-service-media\/4354dbf3-cdba-45f3-b9a4-e214dc6845e9.__CR0,0,970,600_PT0_SX970_V1___.jpg\"><img decoding=\"async\" alt=\"aplus content image\" src=\"https:\/\/m.media-amazon.com\/images\/S\/aplus-media-library-service-media\/4354dbf3-cdba-45f3-b9a4-e214dc6845e9.__CR0,0,970,600_PT0_SX970_V1___.jpg\">                                                                     <\/p>\n<p class=\"a-spacing-base\"> C\u00e1mara deportiva multifunci\u00f3n HD 1080p con soporte para tomar fotos y grabar v\u00eddeos con un \u00e1ngulo de visi\u00f3n de 120\u00b0, grabaci\u00f3n en bucle y visi\u00f3n nocturna autom\u00e1tica. <\/p>\n<p class=\"apm-text-center\">\n                                                      <img decoding=\"async\" alt=\"aplus content image\" src=\"https:\/\/images-na.ssl-images-amazon.com\/images\/G\/01\/x-locale\/common\/grey-pixel.gif\" class=\"a-spacing-mini a-lazy-loaded\" data-src=\"https:\/\/m.media-amazon.com\/images\/S\/aplus-media-library-service-media\/8a09cabd-fcfa-4254-9b2f-a9c65cf01c2d.__CR0,0,300,300_PT0_SX300_V1___.jpg\"><img decoding=\"async\" alt=\"aplus content image\" src=\"https:\/\/m.media-amazon.com\/images\/S\/aplus-media-library-service-media\/8a09cabd-fcfa-4254-9b2f-a9c65cf01c2d.__CR0,0,300,300_PT0_SX300_V1___.jpg\">  <\/p>\n<p>                                                    F\u00c1CIL DE USAR                                       <\/p>\n<p> Solo tienes que insertar la tarjeta micro SD en la mini c\u00e1mara de acci\u00f3n y encenderla para grabar. La c\u00e1mara deportiva cuenta con pantalla para que puedas comprobar el archivo de v\u00eddeo grabado en tiempo real. <\/p>\n<p class=\"apm-text-center\">\n                                                      <img decoding=\"async\" alt=\"aplus content image\" src=\"https:\/\/images-na.ssl-images-amazon.com\/images\/G\/01\/x-locale\/common\/grey-pixel.gif\" class=\"a-spacing-mini a-lazy-loaded\" data-src=\"https:\/\/m.media-amazon.com\/images\/S\/aplus-media-library-service-media\/2b388d7c-51ec-406c-9330-5607cad7eab6.__CR0,0,300,300_PT0_SX300_V1___.jpg\"><img decoding=\"async\" alt=\"aplus content image\" src=\"https:\/\/m.media-amazon.com\/images\/S\/aplus-media-library-service-media\/2b388d7c-51ec-406c-9330-5607cad7eab6.__CR0,0,300,300_PT0_SX300_V1___.jpg\">  <\/p>\n<p>                                                    120\u00b0 Y GRABACI\u00d3N EN BUCLE                                       <\/p>\n<p> La c\u00e1mara de acci\u00f3n para el pulgar graba v\u00eddeo con HD 1080p y un gran angular de 120\u00b0, y admite la grabaci\u00f3n en bucle. Tarjeta SD de hasta 256 GB, no incluida. <\/p>\n<p class=\"apm-text-center\">\n                                                      <img decoding=\"async\" alt=\"El texto dice \u00abMinic\u00e1mara Corporal 2 EN 1\u00bb. Serie de fotograf\u00edas con c\u00e1maras de acci\u00f3n que muestran actividades en bicicleta y al aire libre, que muestran las opciones de montaje de la c\u00e1mara.\" src=\"https:\/\/images-na.ssl-images-amazon.com\/images\/G\/01\/x-locale\/common\/grey-pixel.gif\" class=\"a-spacing-mini a-lazy-loaded\" data-src=\"https:\/\/m.media-amazon.com\/images\/S\/aplus-media-library-service-media\/69d1542d-4871-4f43-b38b-9f09b3b3120b.__CR0,0,300,300_PT0_SX300_V1___.jpg\"><img decoding=\"async\" alt=\"El texto dice \u00abMinic\u00e1mara Corporal 2 EN 1\u00bb. Serie de fotograf\u00edas con c\u00e1maras de acci\u00f3n que muestran actividades en bicicleta y al aire libre, que muestran las opciones de montaje de la c\u00e1mara.\" src=\"https:\/\/m.media-amazon.com\/images\/S\/aplus-media-library-service-media\/69d1542d-4871-4f43-b38b-9f09b3b3120b.__CR0,0,300,300_PT0_SX300_V1___.jpg\">  <\/p>\n<p>                                                    MINI C\u00c1MARA DE ACCI\u00d3N 2 EN 1                                       <\/p>\n<p> Esta c\u00e1mara de acci\u00f3n HD 1080p permite tomar fotos y grabar v\u00eddeos, solo tienes que cambiar el modo de funcionamiento con un bot\u00f3n. Nota: la mini c\u00e1mara de acci\u00f3n no es una c\u00e1mara de acci\u00f3n profesional sin funci\u00f3n antivibraci\u00f3n. <\/p>\n<p class=\"apm-text-center\">\n                                                      <img decoding=\"async\" alt=\"aplus content image\" src=\"https:\/\/images-na.ssl-images-amazon.com\/images\/G\/01\/x-locale\/common\/grey-pixel.gif\" class=\"a-spacing-mini a-lazy-loaded\" data-src=\"https:\/\/m.media-amazon.com\/images\/S\/aplus-media-library-service-media\/c8940536-e558-4863-b69c-134e25d32952.__CR0,0,300,300_PT0_SX300_V1___.jpg\"><img decoding=\"async\" alt=\"aplus content image\" src=\"https:\/\/m.media-amazon.com\/images\/S\/aplus-media-library-service-media\/c8940536-e558-4863-b69c-134e25d32952.__CR0,0,300,300_PT0_SX300_V1___.jpg\">  <\/p>\n<p>                                                    \u00bfC\u00f3mo ver el archivo de v\u00eddeo grabado?                                       <\/p>\n<p> 1. Vea los archivos de v\u00eddeo en la pantalla de la c\u00e1mara. <\/p>\n<p> 2. Vea los archivos de v\u00eddeo en el ordenador mediante un cable USB. <\/p>\n<p> 3. Vea los archivos de v\u00eddeo en el ordenador mediante un lector de tarjetas USB. <\/p>\n<p class=\"apm-text-center\">\n                                                      <img decoding=\"async\" alt=\"El texto dice \u00abColgante magn\u00e9tico\u00bb. Varias im\u00e1genes muestran a personas haciendo ejercicio con un equipo de suspensi\u00f3n magn\u00e9tica en un gimnasio.\" src=\"https:\/\/images-na.ssl-images-amazon.com\/images\/G\/01\/x-locale\/common\/grey-pixel.gif\" class=\"a-spacing-mini a-lazy-loaded\" data-src=\"https:\/\/m.media-amazon.com\/images\/S\/aplus-media-library-service-media\/7b5c8b32-484a-4f86-b996-12e434f12d26.__CR0,0,300,300_PT0_SX300_V1___.jpg\"><img decoding=\"async\" alt=\"El texto dice \u00abColgante magn\u00e9tico\u00bb. Varias im\u00e1genes muestran a personas haciendo ejercicio con un equipo de suspensi\u00f3n magn\u00e9tica en un gimnasio.\" src=\"https:\/\/m.media-amazon.com\/images\/S\/aplus-media-library-service-media\/7b5c8b32-484a-4f86-b996-12e434f12d26.__CR0,0,300,300_PT0_SX300_V1___.jpg\">  <\/p>\n<p>                                                    C\u00e1mara de acci\u00f3n magn\u00e9tica mejorada                                       <\/p>\n<p> La c\u00e1mara de acci\u00f3n mejorada cuenta con potentes imanes y viene con un cord\u00f3n magn\u00e9tico, lo que permite su uso sin manos. <\/p>\n<p class=\"apm-text-center\">\n                                                      <img decoding=\"async\" alt=\"aplus content image\" src=\"https:\/\/images-na.ssl-images-amazon.com\/images\/G\/01\/x-locale\/common\/grey-pixel.gif\" class=\"a-spacing-mini a-lazy-loaded\" data-src=\"https:\/\/m.media-amazon.com\/images\/S\/aplus-media-library-service-media\/3004cd0a-7946-4c34-8d31-5d49a2c28e01.__CR0,0,300,300_PT0_SX300_V1___.jpg\"><img decoding=\"async\" alt=\"aplus content image\" src=\"https:\/\/m.media-amazon.com\/images\/S\/aplus-media-library-service-media\/3004cd0a-7946-4c34-8d31-5d49a2c28e01.__CR0,0,300,300_PT0_SX300_V1___.jpg\">  <\/p>\n<p>                                                    Grabaci\u00f3n mientras se carga                                       <\/p>\n<p> La c\u00e1mara de acci\u00f3n para motocicleta tiene una bater\u00eda recargable incorporada, con un tiempo de grabaci\u00f3n de aproximadamente 2 horas. Tambi\u00e9n permite grabar mientras se carga. <\/p>\n<p>                                                                             <img decoding=\"async\" alt=\"El texto dice \u00abACCESORIOS PARA INSTALACIONES M\u00daLTIPLES\u00bb. El dise\u00f1o del cat\u00e1logo de productos muestra varias filas de peque\u00f1os conectores y accesorios electr\u00f3nicos negros con flechas azules que indican las conexiones.\" src=\"https:\/\/images-na.ssl-images-amazon.com\/images\/G\/01\/x-locale\/common\/grey-pixel.gif\" class=\"a-spacing-base a-lazy-loaded\" data-src=\"https:\/\/m.media-amazon.com\/images\/S\/aplus-media-library-service-media\/587ada51-d01c-48d3-9877-44bb66830bb6.__CR0,0,970,600_PT0_SX970_V1___.jpg\"><img decoding=\"async\" alt=\"El texto dice \u00abACCESORIOS PARA INSTALACIONES M\u00daLTIPLES\u00bb. El dise\u00f1o del cat\u00e1logo de productos muestra varias filas de peque\u00f1os conectores y accesorios electr\u00f3nicos negros con flechas azules que indican las conexiones.\" src=\"https:\/\/m.media-amazon.com\/images\/S\/aplus-media-library-service-media\/587ada51-d01c-48d3-9877-44bb66830bb6.__CR0,0,970,600_PT0_SX970_V1___.jpg\">                                                                     <\/p>\n<p class=\"a-spacing-base\"> LXMIMI c\u00e1maras deportivas magn\u00e9ticas son ideales para todo tipo de actividades al aire libre, ya que te permiten tener las manos libres para capturar momentos memorables durante tus viajes. Algunos ejemplos son: ciclismo, pesca, senderismo, monta\u00f1ismo y mucho m\u00e1s. <\/p>\n<p>                                                                             <img decoding=\"async\" alt=\"aplus content image\" src=\"https:\/\/images-na.ssl-images-amazon.com\/images\/G\/01\/x-locale\/common\/grey-pixel.gif\" class=\"a-spacing-base a-lazy-loaded\" data-src=\"https:\/\/m.media-amazon.com\/images\/S\/aplus-media-library-service-media\/cbf5b2cd-affb-4720-ab74-fcbdeea5136d.__CR0,0,970,600_PT0_SX970_V1___.jpg\"><img decoding=\"async\" alt=\"aplus content image\" src=\"https:\/\/m.media-amazon.com\/images\/S\/aplus-media-library-service-media\/cbf5b2cd-affb-4720-ab74-fcbdeea5136d.__CR0,0,970,600_PT0_SX970_V1___.jpg\">                                                                    <\/p>\n<p> Batteries                                            \u200f                                            :                                            \u200e                                            1 A batteries required. (included)   <br \/> Product Dimensions                                            \u200f                                            :                                            \u200e                                            6 x 2 x 2.8 cm; 27.5 g   <br \/> Date First Available                                            \u200f                                            :                                            \u200e                                            14 Oct. 2025   <br \/> Manufacturer                                            \u200f                                            :                                            \u200e                                            LXMIMI   <br \/> ASIN                                            \u200f                                            :                                            \u200e                                            B0FW4Y19C5   <br \/> Item model number                                            \u200f                                            :                                            \u200e                                            M10-2   <br \/> Country of origin                                            \u200f                                            :                                            \u200e                                            China   <br \/> Guaranteed software updates until                                            \u200f                                            :                                            \u200e                                            unknown   <br \/>       Best Sellers Rank:  2,412 in Electronics (See Top 100 in Electronics)    25 in Action Cameras      <br \/>  Customer reviews:                                                                                            4.4               4.4 out of 5 stars                                  (38)                                              var dpAcrHasRegisteredArcLinkClickAction;                    P.when(&#8216;A&#8217;, &#8216;ready&#8217;).execute(function(A) {                        if (dpAcrHasRegisteredArcLinkClickAction !== true) {                            dpAcrHasRegisteredArcLinkClickAction = true;                            A.declarative(                                &#8216;acrLink-click-metrics&#8217;, &#8216;click&#8217;,                                { \u00aballowLinkDefault\u00bb: true },                                function (event) {                                    if (window.ue) {                                        ue.count(\u00abacrLinkClickCount\u00bb, (ue.count(\u00abacrLinkClickCount\u00bb) || 0) + 1);                                    }                                }                            );                        }                    });                                             P.when(&#8216;A&#8217;, &#8216;cf&#8217;).execute(function(A) {                A.declarative(&#8216;acrStarsLink-click-metrics&#8217;, &#8216;click&#8217;, { \u00aballowLinkDefault\u00bb : true },  function(event){                    if(window.ue) {                        ue.count(\u00abacrStarsLinkWithPopoverClickCount\u00bb, (ue.count(\u00abacrStarsLinkWithPopoverClickCount\u00bb) || 0) + 1);                    }                });            });                          <\/p>\n<p>Compact and ultra-portable design. This mini sports camera is lightweight and fits in a pocket (6&#215;2.9x2cm, 27.5g), so it can be carried anywhere effortlessly. Capture life&#8217;s best moments with stunning 1080p resolution thanks to its 120\u00b0 wide-angle lens and enjoy flexible storage options (supports microSD cards up to 256GB, sold separately)<br \/>HD display for real-time viewing. Equipped with a 0.85&#8243; HD screen, this helmet camera allows you to instantly preview footage at 1080p while recording and play back smoothly afterwards. Perfect for quick checks, but please note: not suitable for professional recordings and lacks stabilization functions<br \/>Instant playback without external devices. Enhanced for convenience, the LXMIMI motorcycle camera lets you view videos\/photos directly on your screen, without the need for a computer or card reader. Streamline your workflow and relive moments instantly after recording<br \/>Magnetic Mount &#038; Versatile Accessories. With a powerful magnetic base and a 360\u00b0 rotating spring clamp, this portable camera effortlessly adheres to metal surfaces or clips to collars, pockets or belts.Seven additional mounting accessories ensure secure attachment to bicycles, motorcycles, helmets, etc.<br \/>Automatic Night Vision with Extended Recording. Powered by six invisible infrared lights, this camera automatically activates night vision in low light conditions. Its 350mAh rechargeable battery supports up to 120 minutes of continuous recording, while the included mounts make it ideal for bike\/motorcycle recording<\/p>\n\n","protected":false},"excerpt":{"rendered":"<p> Product Description LXMIMI MINI C\u00c1MARA DE ACCI\u00d3N HD 1080P CON PANTALLA MAGN\u00c9TICA Y M\u00daLTIPLES SOPORTES<\/p>","protected":false},"featured_media":28840,"comment_status":"open","ping_status":"closed","template":"","meta":[],"product_brand":[],"product_cat":[96],"product_tag":[2360,1858,1963,8433,307,2667,681,1859,1861,1854,1855,5552,584,215,1856,8432,2560,1863,1860,842,3969,1085,1862,2230,1857,686],"class_list":{"0":"post-28839","1":"product","2":"type-product","3":"status-publish","4":"has-post-thumbnail","6":"product_cat-photo-video","7":"product_tag-action","8":"product_tag-action-cameras","9":"product_tag-automatic","10":"product_tag-bike","11":"product_tag-black","12":"product_tag-body","13":"product_tag-camera","14":"product_tag-camera-accessories","15":"product_tag-camera-lenses","16":"product_tag-digital-cameras","17":"product_tag-dslr-cameras","18":"product_tag-helmet","19":"product_tag-inch","20":"product_tag-mini","21":"product_tag-mirrorless-cameras","22":"product_tag-motorcycle","23":"product_tag-night","24":"product_tag-photo-equipment","25":"product_tag-professional-camera","26":"product_tag-screen","27":"product_tag-sports","28":"product_tag-supports","29":"product_tag-tripods","30":"product_tag-video","31":"product_tag-video-cameras","32":"product_tag-vision","34":"first","35":"instock","36":"shipping-taxable","37":"product-type-external"},"_links":{"self":[{"href":"https:\/\/comprasyconsejos.store\/en\/wp-json\/wp\/v2\/product\/28839","targetHints":{"allow":["GET"]}}],"collection":[{"href":"https:\/\/comprasyconsejos.store\/en\/wp-json\/wp\/v2\/product"}],"about":[{"href":"https:\/\/comprasyconsejos.store\/en\/wp-json\/wp\/v2\/types\/product"}],"replies":[{"embeddable":true,"href":"https:\/\/comprasyconsejos.store\/en\/wp-json\/wp\/v2\/comments?post=28839"}],"version-history":[{"count":0,"href":"https:\/\/comprasyconsejos.store\/en\/wp-json\/wp\/v2\/product\/28839\/revisions"}],"wp:featuredmedia":[{"embeddable":true,"href":"https:\/\/comprasyconsejos.store\/en\/wp-json\/wp\/v2\/media\/28840"}],"wp:attachment":[{"href":"https:\/\/comprasyconsejos.store\/en\/wp-json\/wp\/v2\/media?parent=28839"}],"wp:term":[{"taxonomy":"product_brand","embeddable":true,"href":"https:\/\/comprasyconsejos.store\/en\/wp-json\/wp\/v2\/product_brand?post=28839"},{"taxonomy":"product_cat","embeddable":true,"href":"https:\/\/comprasyconsejos.store\/en\/wp-json\/wp\/v2\/product_cat?post=28839"},{"taxonomy":"product_tag","embeddable":true,"href":"https:\/\/comprasyconsejos.store\/en\/wp-json\/wp\/v2\/product_tag?post=28839"}],"curies":[{"name":"wp","href":"https:\/\/api.w.org\/{rel}","templated":true}]}}