{"id":28867,"date":"2026-02-21T11:07:33","date_gmt":"2026-02-21T11:07:33","guid":{"rendered":"https:\/\/comprasyconsejos.store\/product\/hiditec-bz750-atx-750w-power-supply-80-plus-bronze-japanese-capacitors-105c-dc-dc-smd-technology-140mm-fdb-pwm-fan-7-years-safety\/"},"modified":"2026-02-21T11:07:37","modified_gmt":"2026-02-21T11:07:37","slug":"hiditec-bz750-atx-750w-power-supply-80-plus-bronze-japanese-capacitors-105c-dc-dc-smd-technology-140mm-fdb-pwm-fan-7-years-safety","status":"publish","type":"product","link":"https:\/\/comprasyconsejos.store\/en\/product\/hiditec-bz750-atx-750w-power-supply-80-plus-bronze-japanese-capacitors-105c-dc-dc-smd-technology-140mm-fdb-pwm-fan-7-years-safety\/","title":{"rendered":"Hiditec BZ750 \u2013 ATX 750W Power Supply | 80 Plus Bronze | Japanese Capacitors 105\u00b0C | DC-DC | SMD Technology | 140mm FDB PWM Fan | 7 Years Safety"},"content":{"rendered":"<p>Price: <span style=\"color:#b12704\">\u20ac55.90<\/span><br \/><i><small>(as of Feb 21, 2026 11:07:33 UTC &#8211; <span class=\"wp_automatic_amazon_disclaimer\" title=\"Product prices and availability are accurate as of the date\/time indicated and are subject to change. Any price and availability information displayed on [relevant Amazon Site(s), as applicable] at the time of purchase will apply to the purchase of this product.\">Details<\/span>)<\/small><\/i><\/p>\n<p><a href=\"https:\/\/amazon.es\/dp\/B08G8WTVV1?tag=man008-21\"><img decoding=\"async\" src=\"https:\/\/valvepress.s3.amazonaws.com\/imgs\/buy_now.png\"><\/a><br \/>\n<\/p>\n<p>                                             Product Description   <\/p>\n<p>                                                                             <img decoding=\"async\" alt=\"El texto dice \u00abHIDITEC\u00bb. Varias vistas de la fuente de alimentaci\u00f3n de un ordenador de color negro que muestra el ventilador, el conector de alimentaci\u00f3n y una placa de certificaci\u00f3n de eficiencia de m\u00e1s de 80 a\u00f1os.\" src=\"https:\/\/images-na.ssl-images-amazon.com\/images\/G\/01\/x-locale\/common\/grey-pixel.gif\" class=\"a-spacing-base a-lazy-loaded\" data-src=\"https:\/\/m.media-amazon.com\/images\/S\/aplus-media-library-service-media\/a710b39d-2ba1-4172-b3ae-6eac37a667b5.__CR0,0,970,600_PT0_SX970_V1___.jpg\"><img decoding=\"async\" alt=\"El texto dice \u00abHIDITEC\u00bb. Varias vistas de la fuente de alimentaci\u00f3n de un ordenador de color negro que muestra el ventilador, el conector de alimentaci\u00f3n y una placa de certificaci\u00f3n de eficiencia de m\u00e1s de 80 a\u00f1os.\" src=\"https:\/\/m.media-amazon.com\/images\/S\/aplus-media-library-service-media\/a710b39d-2ba1-4172-b3ae-6eac37a667b5.__CR0,0,970,600_PT0_SX970_V1___.jpg\">                                         <\/p>\n<h3 class=\"a-spacing-mini\"> Fuente de Alimentaci\u00f3n BZ Series 80Plus Bronze Certified con condensadores electrol\u00edticos japoneses de 105\u00ba C <\/h3>\n<p class=\"a-spacing-base\"> La serie BZ incorpora condensadores electrol\u00edticos japoneses de 105\u00baC altamente duraderos y consistentemente confiables. Los condensadores japoneses minimizan la ondulaci\u00f3n del voltaje, mejorando la durabilidad y la estabilidad para prolongar la vida \u00fatil. <\/p>\n<p class=\"a-spacing-base\"> Las fuentes de alimentaci\u00f3n BZ cuentan con certificado 80PLUS BRONZE , el cual garantiza una eficiencia superior al 85% as\u00ed como un menor consumo y mayor durabilidad de todos los componentes. <\/p>\n<p class=\"a-spacing-base\"> Las emisiones de calor se ver\u00e1n reducidas con un funcionamiento m\u00e1s eficiente, permitiendo trabajar al ventilador a menor velocidad y en consecuencia, el ruido producido por la fuente ser\u00e1 pr\u00e1cticamente imperceptible. <\/p>\n<p class=\"a-spacing-base\"> Incorpora protecciones completas: OCP , OVP , SCP , OPP , UVP , OTP. <\/p>\n<p>                                                  <img decoding=\"async\" alt=\"aplus content image\" src=\"https:\/\/images-na.ssl-images-amazon.com\/images\/G\/01\/x-locale\/common\/grey-pixel.gif\" class=\"a-lazy-loaded\" data-src=\"https:\/\/m.media-amazon.com\/images\/S\/aplus-media-library-service-media\/3321680c-51b2-49e2-995c-985aab743a1f.__CR0,0,970,300_PT0_SX970_V1___.jpg\"><img decoding=\"async\" alt=\"aplus content image\" src=\"https:\/\/m.media-amazon.com\/images\/S\/aplus-media-library-service-media\/3321680c-51b2-49e2-995c-985aab743a1f.__CR0,0,970,300_PT0_SX970_V1___.jpg\">  <\/p>\n<h3> Tecnolog\u00eda electr\u00f3nica de fabricaci\u00f3n SMT con conversor DC\/DC <\/h3>\n<p> La tecnolog\u00eda de montaje electr\u00f3nico SMT de alta precisi\u00f3n con el uso de componentes de alto rendimiento ofrece una fiabilidad extrema de la fuente de alimentaci\u00f3n en condiciones de m\u00e1xima exigencia. La tecnolog\u00eda SMT mejora la durabilidad de la fuente de alimentaci\u00f3n. <\/p>\n<p class=\"apm-text-center\">\n                                                      <img decoding=\"async\" alt=\"Fuente de alimentaci\u00f3n para computadora negra con un gran ventilador de refrigeraci\u00f3n visible, que muestra caracter\u00edsticas de dise\u00f1o industrial y ventilaci\u00f3n.\" src=\"https:\/\/images-na.ssl-images-amazon.com\/images\/G\/01\/x-locale\/common\/grey-pixel.gif\" class=\"a-spacing-mini a-lazy-loaded\" data-src=\"https:\/\/m.media-amazon.com\/images\/S\/aplus-media-library-service-media\/1f800b51-0738-4bad-909d-a1a9ab7ddf16.__CR0,0,800,800_PT0_SX300_V1___.jpg\"><img decoding=\"async\" alt=\"Fuente de alimentaci\u00f3n para computadora negra con un gran ventilador de refrigeraci\u00f3n visible, que muestra caracter\u00edsticas de dise\u00f1o industrial y ventilaci\u00f3n.\" src=\"https:\/\/m.media-amazon.com\/images\/S\/aplus-media-library-service-media\/1f800b51-0738-4bad-909d-a1a9ab7ddf16.__CR0,0,800,800_PT0_SX300_V1___.jpg\">  <\/p>\n<p>                                                    80Plus Bronze Certified con condensadores electrol\u00edticos japoneses de 105\u00ba C                                       <\/p>\n<p> La serie BZ incorpora condensadores electrol\u00edticos japoneses de 105\u00baC altamente duraderos y consistentemente confiables. Los condensadores japoneses minimizan la ondulaci\u00f3n del voltaje, mejorando la durabilidad y la estabilidad para prolongar la vida \u00fatil. <\/p>\n<p> Las fuentes de alimentaci\u00f3n BZ cuentan con certificado 80PLUS BRONZE , el cual garantiza una eficiencia superior al 85% as\u00ed como un menor consumo y mayor durabilidad de todos los componentes. <\/p>\n<p> Las emisiones de calor se ver\u00e1n reducidas con un funcionamiento m\u00e1s eficiente, permitiendo trabajar al ventilador a menor velocidad y en consecuencia, el ruido producido por la fuente ser\u00e1 pr\u00e1cticamente imperceptible. <\/p>\n<p> Incorpora protecciones completas: OCP , OVP , SCP , OPP , UVP , OTP. <\/p>\n<p class=\"apm-text-center\">\n                                                      <img decoding=\"async\" alt=\"El texto dice \u00abHola\u00bb en la pantalla electr\u00f3nica negra con un dise\u00f1o de patr\u00f3n circular conc\u00e9ntrico, que muestra m\u00faltiples variaciones de los gr\u00e1ficos de la interfaz.\" src=\"https:\/\/images-na.ssl-images-amazon.com\/images\/G\/01\/x-locale\/common\/grey-pixel.gif\" class=\"a-spacing-mini a-lazy-loaded\" data-src=\"https:\/\/m.media-amazon.com\/images\/S\/aplus-media-library-service-media\/970a3321-dd44-4e06-b152-d53a54674208.__CR0,0,800,800_PT0_SX300_V1___.jpg\"><img decoding=\"async\" alt=\"El texto dice \u00abHola\u00bb en la pantalla electr\u00f3nica negra con un dise\u00f1o de patr\u00f3n circular conc\u00e9ntrico, que muestra m\u00faltiples variaciones de los gr\u00e1ficos de la interfaz.\" src=\"https:\/\/m.media-amazon.com\/images\/S\/aplus-media-library-service-media\/970a3321-dd44-4e06-b152-d53a54674208.__CR0,0,800,800_PT0_SX300_V1___.jpg\">  <\/p>\n<p>                                                    Ventilador de 140mm con rodamientos fluido din\u00e1micos FDB ultra silencioso termo regulado                                       <\/p>\n<p> El ventilador ultra silencioso de 140mm termo regulado con rodamientos fluido din\u00e1micos FDB reduce dr\u00e1sticamente el ruido en su funcionamiento y prolonga de manera significativa su durabilidad. <\/p>\n<p> Va adaptando su funcionamiento a las diferentes necesidades del equipo, solo funcionar\u00e1 a m\u00e1xima potencia en caso de ser requerido. <\/p>\n<p> El ventilador de 140mm aporta mayor caudal de aire funcionando a menos revoluciones, por lo que adem\u00e1s de hacer pr\u00e1cticamente imperceptible el ruido del ventilador vamos a conseguir mayor eficiencia y durabilidad de todos los componentes. <\/p>\n<p class=\"apm-text-center\">\n                                                      <img decoding=\"async\" alt=\"M\u00faltiples \u00e1ngulos de una fuente de alimentaci\u00f3n de computadora negra, que muestran la rejilla de ventilaci\u00f3n, los puertos de conexi\u00f3n de alimentaci\u00f3n y los detalles de la superficie texturizada.\" src=\"https:\/\/images-na.ssl-images-amazon.com\/images\/G\/01\/x-locale\/common\/grey-pixel.gif\" class=\"a-spacing-mini a-lazy-loaded\" data-src=\"https:\/\/m.media-amazon.com\/images\/S\/aplus-media-library-service-media\/e31a6947-3857-4c18-9e78-ed69124980fa.__CR0,0,800,800_PT0_SX300_V1___.jpg\"><img decoding=\"async\" alt=\"M\u00faltiples \u00e1ngulos de una fuente de alimentaci\u00f3n de computadora negra, que muestran la rejilla de ventilaci\u00f3n, los puertos de conexi\u00f3n de alimentaci\u00f3n y los detalles de la superficie texturizada.\" src=\"https:\/\/m.media-amazon.com\/images\/S\/aplus-media-library-service-media\/e31a6947-3857-4c18-9e78-ed69124980fa.__CR0,0,800,800_PT0_SX300_V1___.jpg\">  <\/p>\n<p>                                                    Dise\u00f1o Gaming                                       <\/p>\n<p> Con un nuevo dise\u00f1o exterior y totalmente lacadas en negro, presentan un acabado m\u00e1s robusto. Sus cables planos con una longitud de hasta 700mm, permitir\u00e1n hacer una instalaci\u00f3n ordenada en cualquier chasis y ofrecer una excelente seguridad y durabilidad gracias a la malla que los recubre. <\/p>\n<p>                                                  <img decoding=\"async\" alt=\"Serie de insignias o emblemas met\u00e1licos circulares en plata y negro, que muestran n\u00fameros en secuencia. Cada uno tiene un dise\u00f1o uniforme con un centro negro y un borde plateado.\" src=\"https:\/\/images-na.ssl-images-amazon.com\/images\/G\/01\/x-locale\/common\/grey-pixel.gif\" class=\"a-lazy-loaded\" data-src=\"https:\/\/m.media-amazon.com\/images\/S\/aplus-media-library-service-media\/64887570-3f70-4595-a6a1-61cc27a435de.__CR0,0,700,700_PT0_SX300_V1___.jpg\"><img decoding=\"async\" alt=\"Serie de insignias o emblemas met\u00e1licos circulares en plata y negro, que muestran n\u00fameros en secuencia. Cada uno tiene un dise\u00f1o uniforme con un centro negro y un borde plateado.\" src=\"https:\/\/m.media-amazon.com\/images\/S\/aplus-media-library-service-media\/64887570-3f70-4595-a6a1-61cc27a435de.__CR0,0,700,700_PT0_SX300_V1___.jpg\">  <\/p>\n<h3 class=\"a-spacing-mini\"> 7 A\u00f1os de Seguridad <\/h3>\n<p> La serie BZ avalada con 7 a\u00f1os de Seguridad cuenta con un circuito integral de seguridad: OCP , OVP , SCP , OPP , UVP , OTP. <\/p>\n<p> Todos estos sistemas de seguridad protegen tus componentes de cualquier sobrecarga, cortocircuito o fluctuaci\u00f3n el\u00e9ctrica, adem\u00e1s cuenta con el respaldo del equipo de soporte t\u00e9cnico de HIDITEC. <\/p>\n<h3 class=\"a-size-extra-large a-spacing-base a-text-center\"> Especificaciones de la fuente de alimentaci\u00f3n <\/h3>\n<p>                                                        Dimensiones:                                    150 x 86 x 160 mm                                        Voltaje:                                    230Vac                                        Factor forma:                                    ATX                                        Certificado 80Plus:                                    Bronze                                        CircuitShield:                                    OCP, OVP, SCP, OPP, UVP, OTP                                        Tipo de cables:                                    Planos                                        Dimensiones del ventilador:                                    140 x 140 x 25 mm                                        Certificados:                                    CE , FCC , RoHs                                        Full modular:                                    No                  <\/p>\n<h3 class=\"a-size-extra-large a-spacing-base a-text-center\"> Configuraci\u00f3n de los cables <\/h3>\n<p>                                                        1 x                                    20+4 Pin (600mm)                                        1 x                                    SATA + SATA + SATA + SATA (500+130+130+130mm)                                        1 x                                    SATA + IDE + IDE + FDD (500+130+130+130mm)                                        2 x                                    4+4 Pin EPS +12V (700 mm)                                        2 x [BZ550, BZ650, BZ750]                                    6+2 Pin PCIe + 6+2 Pin PCIe (600mm+150mm)                                        3 x [BZ850]                                    6+2 Pin PCIe + 6+2 Pin PCIe (600mm+150mm)                  <\/p>\n<p> Batteries                                            \u200f                                            :                                            \u200e                                            1 AAAA batteries required.   <br \/> Is discontinued by manufacturer                                            \u200f                                            :                                            \u200e                                            No   <br \/> Language                                            \u200f                                            :                                            \u200e                                            Italian   <br \/> Product Dimensions                                            \u200f                                            :                                            \u200e                                            15.24 x 17.78 x 12.7 cm; 2 kg   <br \/> Manufacturer                                            \u200f                                            :                                            \u200e                                            Hiditec   <br \/> ASIN                                            \u200f                                            :                                            \u200e                                            B08G8WTVV1   <br \/> Item model number                                            \u200f                                            :                                            \u200e                                            BZ750   <br \/> Country\/Region of Origin                                            \u200f                                            :                                            \u200e                                            Spain   <br \/> Guaranteed software updates until                                            \u200f                                            :                                            \u200e                                            unknown   <br \/>  Customer reviews:                                                                                            5.0               5.0 out of 5 stars                                  (3)                                              var dpAcrHasRegisteredArcLinkClickAction;                    P.when(&#8216;A&#8217;, &#8216;ready&#8217;).execute(function(A) {                        if (dpAcrHasRegisteredArcLinkClickAction !== true) {                            dpAcrHasRegisteredArcLinkClickAction = true;                            A.declarative(                                &#8216;acrLink-click-metrics&#8217;, &#8216;click&#8217;,                                { \u00aballowLinkDefault\u00bb: true },                                function (event) {                                    if (window.ue) {                                        ue.count(\u00abacrLinkClickCount\u00bb, (ue.count(\u00abacrLinkClickCount\u00bb) || 0) + 1);                                    }                                }                            );                        }                    });                                             P.when(&#8216;A&#8217;, &#8216;cf&#8217;).execute(function(A) {                A.declarative(&#8216;acrStarsLink-click-metrics&#8217;, &#8216;click&#8217;, { \u00aballowLinkDefault\u00bb : true },  function(event){                    if(window.ue) {                        ue.count(\u00abacrStarsLinkWithPopoverClickCount\u00bb, (ue.count(\u00abacrStarsLinkWithPopoverClickCount\u00bb) || 0) + 1);                    }                });            });                          <\/p>\n<p>STABLE AND EFFICIENT POWER FOR HIGH PERFORMANCE EQUIPMENT \u2013 The Hiditec BZ750 power supply delivers real 750W power with DC-DC converter, providing stable, safe and consistent power delivery even in demanding gaming and professional setups. Its 80 Plus Bronze certification and the use of top-quality components ensure a reliable and long-lasting electrical supply.<br \/>80 PLUS BRONZE CERTIFICATION AND JAPANESE 105\u2103 CAPACITORS &#8211; Incorporates highly durable and reliable 105\u00b0C Japanese electrolytic capacitors, which minimize voltage ripple and improve electrical stability. This technology enables efficiency over 85%, reducing energy consumption, heat generation and increasing the lifespan of all system components.<br \/>HIGH-ACCURACY SMD TECHNOLOGY AND ADVANCED DC-DC CONVERSION &#8211; Manufactured using high precision SMD electronic assembly technology with high-performance components, the BZ750 offers extreme reliability even under peak load conditions. The DC-DC conversion system ensures precise and efficient voltage regulation, protecting PC components from spikes, voltage drops and electrical fluctuations.<br \/>140MM FDB PWM ULTRA QUIET THERMO REGULATED FAN &#8211; Equipped with a 140mm fan with Fluid Dynamic Bearing (FDB) bearings and PWM control, automatically adjusts its speed according to the internal temperature of the equipment. This system dramatically reduces noise, improves airflow and prolongs fountain durability even in prolonged intensive use sessions.<br \/>ADVANCED CONNECTIVITY, FLAT CABLES AND TOTAL SECURITY \u2013 Features dual EPS12V and four PCIe 6+2 connectors for high-performance graphics cards. Its extra-long flat cables facilitate a clean and tidy installation, optimizing space and airflow. In addition, it integrates complete electrical protections (OCP, OVP, SCP, OPP, UVP and OTP) and is backed by 7 years of safety.<\/p>\n\n","protected":false},"excerpt":{"rendered":"<p> Product Description Fuente de Alimentaci\u00f3n BZ Series 80Plus Bronze Certified con condensadores electrol\u00edticos japoneses de<\/p>","protected":false},"featured_media":28868,"comment_status":"open","ping_status":"closed","template":"","meta":[],"product_brand":[],"product_cat":[79],"product_tag":[1653,2461,1488,1730,1490,1495,1458,1499,1536,8437,1511,1500,6078,910,5043,1494,7584,4191,1492,1498,143,1485,824,2023,2631,6079,1505,385,2277],"class_list":{"0":"post-28867","1":"product","2":"type-product","3":"status-publish","4":"has-post-thumbnail","6":"product_cat-pc-power-supply-unit","7":"product_tag-105c","8":"product_tag-140mm","9":"product_tag-650w-psu","10":"product_tag-750w","11":"product_tag-750w-psu","12":"product_tag-80-plus-gold-psu","13":"product_tag-atx","14":"product_tag-best-psu","15":"product_tag-bronze","16":"product_tag-bz750","17":"product_tag-capacitors","18":"product_tag-computer-power-unit","19":"product_tag-dcdc","20":"product_tag-fan","21":"product_tag-fdb","22":"product_tag-gaming-power-supply","23":"product_tag-hiditec","24":"product_tag-japanese","25":"product_tag-modular-psu","26":"product_tag-pc-power-supply-price","27":"product_tag-power","28":"product_tag-power-supply","29":"product_tag-psu","30":"product_tag-pwm","31":"product_tag-safety","32":"product_tag-smd","33":"product_tag-supply","34":"product_tag-technology","35":"product_tag-years","37":"first","38":"instock","39":"shipping-taxable","40":"product-type-external"},"_links":{"self":[{"href":"https:\/\/comprasyconsejos.store\/en\/wp-json\/wp\/v2\/product\/28867","targetHints":{"allow":["GET"]}}],"collection":[{"href":"https:\/\/comprasyconsejos.store\/en\/wp-json\/wp\/v2\/product"}],"about":[{"href":"https:\/\/comprasyconsejos.store\/en\/wp-json\/wp\/v2\/types\/product"}],"replies":[{"embeddable":true,"href":"https:\/\/comprasyconsejos.store\/en\/wp-json\/wp\/v2\/comments?post=28867"}],"version-history":[{"count":0,"href":"https:\/\/comprasyconsejos.store\/en\/wp-json\/wp\/v2\/product\/28867\/revisions"}],"wp:featuredmedia":[{"embeddable":true,"href":"https:\/\/comprasyconsejos.store\/en\/wp-json\/wp\/v2\/media\/28868"}],"wp:attachment":[{"href":"https:\/\/comprasyconsejos.store\/en\/wp-json\/wp\/v2\/media?parent=28867"}],"wp:term":[{"taxonomy":"product_brand","embeddable":true,"href":"https:\/\/comprasyconsejos.store\/en\/wp-json\/wp\/v2\/product_brand?post=28867"},{"taxonomy":"product_cat","embeddable":true,"href":"https:\/\/comprasyconsejos.store\/en\/wp-json\/wp\/v2\/product_cat?post=28867"},{"taxonomy":"product_tag","embeddable":true,"href":"https:\/\/comprasyconsejos.store\/en\/wp-json\/wp\/v2\/product_tag?post=28867"}],"curies":[{"name":"wp","href":"https:\/\/api.w.org\/{rel}","templated":true}]}}