{"id":28873,"date":"2026-02-21T11:09:32","date_gmt":"2026-02-21T11:09:32","guid":{"rendered":"https:\/\/comprasyconsejos.store\/product\/timetec-8gb-kit-2x4gb-ddr3-1333mhz-pc3-10600-non-ecc-unbuffered-1-35v-1-5v-cl9-2rx8-dual-rank-240-pin-udimm-memory-ram-module-for-upgrade-for-pc-desktop-computer\/"},"modified":"2026-02-21T11:09:36","modified_gmt":"2026-02-21T11:09:36","slug":"timetec-8gb-kit-2x4gb-ddr3-1333mhz-pc3-10600-non-ecc-unbuffered-1-35v-1-5v-cl9-2rx8-dual-rank-240-pin-udimm-memory-ram-module-for-upgrade-for-pc-desktop-computer","status":"publish","type":"product","link":"https:\/\/comprasyconsejos.store\/en\/product\/timetec-8gb-kit-2x4gb-ddr3-1333mhz-pc3-10600-non-ecc-unbuffered-1-35v-1-5v-cl9-2rx8-dual-rank-240-pin-udimm-memory-ram-module-for-upgrade-for-pc-desktop-computer\/","title":{"rendered":"Timetec 8GB Kit (2x4GB) DDR3 1333MHz PC3-10600 Non-ECC Unbuffered 1.35V \/ 1.5V CL9 2Rx8 Dual Rank 240 Pin UDIMM Memory RAM Module for Upgrade for PC Desktop Computer"},"content":{"rendered":"<p>Price: <span style=\"color:#b12704\">\u20ac31.99<\/span><br \/><i><small>(as of Feb 21, 2026 11:09:32 UTC &#8211; <span class=\"wp_automatic_amazon_disclaimer\" title=\"Product prices and availability are accurate as of the date\/time indicated and are subject to change. Any price and availability information displayed on [relevant Amazon Site(s), as applicable] at the time of purchase will apply to the purchase of this product.\">Details<\/span>)<\/small><\/i><\/p>\n<p><a href=\"https:\/\/amazon.es\/dp\/B06XKGGPQN?tag=man008-21\"><img decoding=\"async\" src=\"https:\/\/valvepress.s3.amazonaws.com\/imgs\/buy_now.png\"><\/a><br \/>\n<\/p>\n<p>                                             Product Description   <\/p>\n<p>The video showcases the product in use.The video guides you through product setup.The video compares multiple products.The video shows the product being unpacked. UDIMM Merchant video<\/p>\n<h3 class=\"aplus-h1 aplus-module-1-heading a-text-bold\"> Calidad asegurada, velocidad r\u00e1pida, alto rendimiento <\/h3>\n<p class=\"aplus-p2 aplus-module-1-description\"> Todos los m\u00f3dulos de Timetec est\u00e1n construidos a partir de circuitos integrados de chips premium estrictamente seleccionados para un potencial de alto rendimiento que permita una excelente estabilidad y est\u00e1n respaldados por el programa de reemplazo avanzado de Timetec. Todos los m\u00f3dulos de memoria est\u00e1n dise\u00f1ados para funcionar incluso en los entornos m\u00e1s extremos y trabajan rigurosamente para garantizar que cada m\u00f3dulo cumpla con nuestro estricto rendimiento. <\/p>\n<p>                                           <img decoding=\"async\" alt=\"1\" src=\"https:\/\/images-na.ssl-images-amazon.com\/images\/G\/01\/x-locale\/common\/grey-pixel.gif\" class=\"a-lazy-loaded\" data-src=\"https:\/\/m.media-amazon.com\/images\/S\/aplus-media-library-service-media\/ac1edc50-689e-410e-9486-04b112b4739e.__CR0,500,4000,3000_PT0_SX800_V1___.jpg\"><img decoding=\"async\" alt=\"1\" src=\"https:\/\/m.media-amazon.com\/images\/S\/aplus-media-library-service-media\/ac1edc50-689e-410e-9486-04b112b4739e.__CR0,500,4000,3000_PT0_SX800_V1___.jpg\">          <\/p>\n<h3 class=\"a-size-extra-large a-spacing-base a-text-center\"> Especificaciones <\/h3>\n<p>                                                        Module Type                                    DDR3 Non-ECC Unbuffered UDIMM                                        Frequency                                    1333 \/ 1600MHz                                        CAS Latency                                    1333MHz &#8211; CL 9 \/ 1600MHz &#8211; CL11                                        Capacity                                    4GB \/ 8GB                                         Voltage                                    1.35V \/ 1.5V                                        Pins                                    240 Pin                                        Demensions                                    30(H) x 133.4(L)mm                  <\/p>\n<p>                                                                                                       <img decoding=\"async\" alt=\"1\" src=\"https:\/\/images-na.ssl-images-amazon.com\/images\/G\/01\/x-locale\/common\/grey-pixel.gif\" class=\"a-lazy-loaded\" data-src=\"https:\/\/m.media-amazon.com\/images\/S\/aplus-media-library-service-media\/5d415f4f-08d4-4333-ba89-e5f1be377a06.__CR0,0,1464,600_PT0_SX1464_V1___.jpg\"><img decoding=\"async\" alt=\"1\" src=\"https:\/\/m.media-amazon.com\/images\/S\/aplus-media-library-service-media\/5d415f4f-08d4-4333-ba89-e5f1be377a06.__CR0,0,1464,600_PT0_SX1464_V1___.jpg\">                                                                                    Aumentar la multitarea                                        <\/p>\n<p class=\"aplus-p2 aplus-module-2-description\"> La memoria Timetec est\u00e1 dise\u00f1ada para maximizar la efectividad y eficiencia de su sistema de escritorio y aumentar las capacidades multitarea de su escritorio. <\/p>\n<p>                                                                                                       <img decoding=\"async\" alt=\"1\" src=\"https:\/\/images-na.ssl-images-amazon.com\/images\/G\/01\/x-locale\/common\/grey-pixel.gif\" class=\"a-lazy-loaded\" data-src=\"https:\/\/m.media-amazon.com\/images\/S\/aplus-media-library-service-media\/867b2841-29e3-4858-a360-64670a3509fb.__CR0,0,1464,600_PT0_SX1464_V1___.jpg\"><img decoding=\"async\" alt=\"1\" src=\"https:\/\/m.media-amazon.com\/images\/S\/aplus-media-library-service-media\/867b2841-29e3-4858-a360-64670a3509fb.__CR0,0,1464,600_PT0_SX1464_V1___.jpg\">                                                                                    Amplia compatibilidad                                        <\/p>\n<p class=\"aplus-p2 aplus-module-2-description\"> Todos los m\u00f3dulos de Timtec trabajan exhaustivamente a nivel de componente en cuanto a resistencias de voltaje y temperatura, integridad de la se\u00f1al y compatibilidad de software para garantizar una alta estabilidad. <\/p>\n<p>                                                                                                       <img decoding=\"async\" alt=\"1\" src=\"https:\/\/images-na.ssl-images-amazon.com\/images\/G\/01\/x-locale\/common\/grey-pixel.gif\" class=\"a-lazy-loaded\" data-src=\"https:\/\/m.media-amazon.com\/images\/S\/aplus-media-library-service-brand-media\/18739b4758261ab89bca517f1905d716.w5120.h1706.__CR479,0,4163,1706_PT0_SX1464_V1___.jpg\"><img decoding=\"async\" alt=\"1\" src=\"https:\/\/m.media-amazon.com\/images\/S\/aplus-media-library-service-brand-media\/18739b4758261ab89bca517f1905d716.w5120.h1706.__CR479,0,4163,1706_PT0_SX1464_V1___.jpg\">                                                                                    Componentes de alta calidad y pruebas estrictas                                        <\/p>\n<p class=\"aplus-p2 aplus-module-2-description\"> Timetec ha seleccionado una matriz IC de alta calidad que se ha sometido a pruebas exhaustivas de compatibilidad y confiabilidad para garantizar una memoria que brinde estabilidad y compatibilidad. <\/p>\n<h3 class=\"a-text-center aplus-heading aplus-h1 a-text-bold\"> Memoria de escritorio serie TIMETEC PREMIUM <\/h3>\n<p class=\"aplus-p3 a-text-bold\"> Memory Type <\/p>\n<p class=\"aplus-p3\"> DDR3 240 Pin Non-ECC Unbuffered DIMM <\/p>\n<p class=\"aplus-p3 a-text-bold\"> Memory Type <\/p>\n<p class=\"aplus-p3\"> DDR4 288 Pin Non-ECC Unbuffered DIMM <\/p>\n<p class=\"aplus-p3 a-text-bold\"> Memory Type <\/p>\n<p class=\"aplus-p3\"> DDR5 288 Pin Non-ECC Unbuffered DIMM <\/p>\n<p class=\"aplus-p3 a-text-bold\"> Frequency <\/p>\n<p class=\"aplus-p3\"> 1333MHz \/ 1600MHz <\/p>\n<p class=\"aplus-p3 a-text-bold\"> Frequency <\/p>\n<p class=\"aplus-p3\"> From 2400MHz to 3200MHz <\/p>\n<p class=\"aplus-p3 a-text-bold\"> Frequency <\/p>\n<p class=\"aplus-p3\"> 4800MHz <\/p>\n<p class=\"aplus-p3 a-text-bold\"> Latency <\/p>\n<p class=\"aplus-p3\"> 1333MHz &#8211; CL9 \/ 1600MHz &#8211; CL11 <\/p>\n<p class=\"aplus-p3 a-text-bold\"> Latency <\/p>\n<p class=\"aplus-p3\"> 2400MHz-CL16 \/ 2666MHz-CL19 \/ 3200MHz-CL22 \/ 3600MHz &#8211; CL18 <\/p>\n<p class=\"aplus-p3 a-text-bold\"> Latency <\/p>\n<p class=\"aplus-p3\"> CL40 <\/p>\n<p class=\"aplus-p3 a-text-bold\"> Capacity <\/p>\n<p class=\"aplus-p3\"> 4GB \/ 8GB (including Single &amp; Dual Rank) <\/p>\n<p class=\"aplus-p3 a-text-bold\"> Capacity <\/p>\n<p class=\"aplus-p3\"> From 8GB to 32GB (including Single &amp; Dual Rank) <\/p>\n<p class=\"aplus-p3 a-text-bold\"> Capacity <\/p>\n<p class=\"aplus-p3\"> From 16GB \/ 32GB (including Single &amp; Dual Rank) <\/p>\n<p class=\"aplus-p3 a-text-bold\"> Voltage <\/p>\n<p class=\"aplus-p3\"> 1.35V \/ 1.5V <\/p>\n<p class=\"aplus-p3 a-text-bold\"> Voltage <\/p>\n<p class=\"aplus-p3\"> 1.2V <\/p>\n<p class=\"aplus-p3 a-text-bold\"> Voltage <\/p>\n<p class=\"aplus-p3\"> 1.2V <\/p>\n<p> Is discontinued by manufacturer                                            \u200f                                            :                                            \u200e                                            No   <br \/> Product Dimensions                                            \u200f                                            :                                            \u200e                                            13.46 x 0.51 x 3.05 cm; 50 g   <br \/> Manufacturer                                            \u200f                                            :                                            \u200e                                            Timetec   <br \/> ASIN                                            \u200f                                            :                                            \u200e                                            B06XKGGPQN   <br \/> Item model number                                            \u200f                                            :                                            \u200e                                            75TT13NU2R8-4G   <br \/> Country of origin                                            \u200f                                            :                                            \u200e                                            Taiwan   <br \/> Department                                            \u200f                                            :                                            \u200e                                            Timetec   <br \/> Guaranteed software updates until                                            \u200f                                            :                                            \u200e                                            unknown   <br \/>  Customer reviews:                                                                                            4.5               4.5 out of 5 stars                                  (875)                                              var dpAcrHasRegisteredArcLinkClickAction;                    P.when(&#8216;A&#8217;, &#8216;ready&#8217;).execute(function(A) {                        if (dpAcrHasRegisteredArcLinkClickAction !== true) {                            dpAcrHasRegisteredArcLinkClickAction = true;                            A.declarative(                                &#8216;acrLink-click-metrics&#8217;, &#8216;click&#8217;,                                { \u00aballowLinkDefault\u00bb: true },                                function (event) {                                    if (window.ue) {                                        ue.count(\u00abacrLinkClickCount\u00bb, (ue.count(\u00abacrLinkClickCount\u00bb) || 0) + 1);                                    }                                }                            );                        }                    });                                             P.when(&#8216;A&#8217;, &#8216;cf&#8217;).execute(function(A) {                A.declarative(&#8216;acrStarsLink-click-metrics&#8217;, &#8216;click&#8217;, { \u00aballowLinkDefault\u00bb : true },  function(event){                    if(window.ue) {                        ue.count(\u00abacrStarsLinkWithPopoverClickCount\u00bb, (ue.count(\u00abacrStarsLinkWithPopoverClickCount\u00bb) || 0) + 1);                    }                });            });                          <\/p>\n<p>DDR3 \/ DDR3L 1333MHz PC3-10600 240-Pin Unbuffered ECC 1.5V \/ 1.35V CL9 Dual Range 2Rx8 Based on 256&#215;8<br \/>Module size: 8GB KIT (2x4GB modules) Package: 2 x 4GB; JEDEC standard 1.35V, this is a dual voltage part and can work at 1.35V or 1.5V<br \/>PCB color may be different (black or green) due to different production batches; All Timetec products are high quality and rigorously tested to meet strict standards.<br \/>For DDR3 desktops, compatible with Intel and AMD CPUs, not for laptops<br \/>Lifetime Warranty Guaranteed from the date of purchase and free US based technical support.<\/p>\n\n","protected":false},"excerpt":{"rendered":"<p> Product Description The video showcases the product in use.The video guides you through product setup.The<\/p>","protected":false},"featured_media":28874,"comment_status":"open","ping_status":"closed","template":"","meta":[],"product_brand":[],"product_cat":[77],"product_tag":[1497,1257,3661,1480,2791,8438,1481,622,3663,539,1245,1478,1479,787,1484,298,1482,1539,1483,511,2387,2382,3662,1548,587,1487,2385,1486,1724,2386,1549,1552],"class_list":{"0":"post-28873","1":"product","2":"type-product","3":"status-publish","4":"has-post-thumbnail","6":"product_cat-memory-ram","7":"product_tag-1-35v","8":"product_tag-1-5v","9":"product_tag-1333mhz","10":"product_tag-16gb-ram","11":"product_tag-2rx8","12":"product_tag-2x4gb","13":"product_tag-32gb-ram","14":"product_tag-8gb","15":"product_tag-cl9","16":"product_tag-computer","17":"product_tag-ddr3","18":"product_tag-ddr4-ram","19":"product_tag-ddr5-ram","20":"product_tag-desktop","21":"product_tag-desktop-ram","22":"product_tag-dual","23":"product_tag-gaming-ram","24":"product_tag-kit","25":"product_tag-laptop-ram","26":"product_tag-memory","27":"product_tag-module","28":"product_tag-nonecc","29":"product_tag-pc310600","30":"product_tag-pin","31":"product_tag-ram","32":"product_tag-ram-price","33":"product_tag-rank","34":"product_tag-rgb-ram","35":"product_tag-timetec","36":"product_tag-udimm","37":"product_tag-unbuffered","38":"product_tag-upgrade","40":"first","41":"instock","42":"shipping-taxable","43":"product-type-external"},"_links":{"self":[{"href":"https:\/\/comprasyconsejos.store\/en\/wp-json\/wp\/v2\/product\/28873","targetHints":{"allow":["GET"]}}],"collection":[{"href":"https:\/\/comprasyconsejos.store\/en\/wp-json\/wp\/v2\/product"}],"about":[{"href":"https:\/\/comprasyconsejos.store\/en\/wp-json\/wp\/v2\/types\/product"}],"replies":[{"embeddable":true,"href":"https:\/\/comprasyconsejos.store\/en\/wp-json\/wp\/v2\/comments?post=28873"}],"version-history":[{"count":0,"href":"https:\/\/comprasyconsejos.store\/en\/wp-json\/wp\/v2\/product\/28873\/revisions"}],"wp:featuredmedia":[{"embeddable":true,"href":"https:\/\/comprasyconsejos.store\/en\/wp-json\/wp\/v2\/media\/28874"}],"wp:attachment":[{"href":"https:\/\/comprasyconsejos.store\/en\/wp-json\/wp\/v2\/media?parent=28873"}],"wp:term":[{"taxonomy":"product_brand","embeddable":true,"href":"https:\/\/comprasyconsejos.store\/en\/wp-json\/wp\/v2\/product_brand?post=28873"},{"taxonomy":"product_cat","embeddable":true,"href":"https:\/\/comprasyconsejos.store\/en\/wp-json\/wp\/v2\/product_cat?post=28873"},{"taxonomy":"product_tag","embeddable":true,"href":"https:\/\/comprasyconsejos.store\/en\/wp-json\/wp\/v2\/product_tag?post=28873"}],"curies":[{"name":"wp","href":"https:\/\/api.w.org\/{rel}","templated":true}]}}